	{"id":27409,"date":"2026-03-27T08:54:12","date_gmt":"2026-03-27T08:54:12","guid":{"rendered":"https:\/\/pavidecor.si\/?post_type=product&#038;p=27409"},"modified":"2026-04-22T10:10:56","modified_gmt":"2026-04-22T10:10:56","slug":"deco-barca-a-vela-in-legno-pd-35x255x2cm","status":"publish","type":"product","link":"https:\/\/pavidecor.si\/it\/prodotto\/deco-barca-a-vela-in-legno-pd-35x255x2cm\/","title":{"rendered":"Deco barca a vela in legno PD 35&#215;25,5x2cm"},"content":{"rendered":"<p><span class=\"prvimanjsinaslovopis\">Deco barca a vela in legno riciclato &#8211; Decorazione murale unica<\/span><\/p>\n<p>&nbsp;<\/p>\n<h2><span class=\"odebeljenopis\"><strong><br \/>\nScoprite la magia del mare con la nostra deco barca a vela in legno, che dona freschezza ed eleganza a qualsiasi stanza. Realizzata in legno galleggiante e legno riciclato, questa decorazione murale unica non solo incanta con il suo aspetto, ma racconta anche una storia d&#8217;amore per la natura e l&#8217;artigianato.<\/strong><\/span><\/h2>\n<p>&nbsp;<\/p>\n<div class=\"row\">\n<div class=\"col-sm-6 \" style=\"margin-top: 30px;\"><center><img decoding=\"async\" class=\"lazyload img-responsive\" style=\"margin: 0px auto; max-width: 100%;\" src=\"data:image\/svg+xml,%3Csvg%20xmlns%3D%27http%3A%2F%2Fwww.w3.org%2F2000%2Fsvg%27%20width%3D%272446%27%20height%3D%272446%27%20viewBox%3D%270%200%202446%202446%27%3E%3Crect%20width%3D%272446%27%20height%3D%272446%27%20fill-opacity%3D%220%22%2F%3E%3C%2Fsvg%3E\" data-orig-src=\"https:\/\/pavidecor.si\/wp-content\/uploads\/2026\/03\/1IMG_8744.jpg\" \/><\/center><\/div>\n<div class=\"col-sm-6\" style=\"margin-top: 40px;\">\n<h3>Unico fatto a mano<\/h3>\n<p>La deco barca a vela in legno \u00e8 il risultato della passione e della dedizione che mettiamo in ogni prodotto. Nel negozio PAVI DECOR ci concentriamo sulla produzione artigianale e sull&#8217;uso di materiali naturali, che garantiscono l&#8217;unicit\u00e0 di ogni pezzo. La barca \u00e8 realizzata in legno riciclato, il che significa che non \u00e8 solo esteticamente accattivante, ma anche ecologica. I nostri artigiani utilizzano tecniche tradizionali di giunzione delle parti in legno, che <strong>conferiscono al prodotto un aspetto autentico<\/strong>. Questo \u00e8 molto apprezzato dagli amanti dei pezzi unici.<\/p>\n<p>&nbsp;<\/p>\n<p>Ogni deco barca a vela in legno \u00e8 accuratamente rettificata per ottenere una sensazione di morbidezza e piacevolezza al tatto. Sul retro della fusoliera \u00e8 <strong>illuminata la scritta &#8220;unico&#8221;<\/strong>, che ne sottolinea ulteriormente l&#8217;unicit\u00e0. Scegliendo la nostra barca a vela, ottieni bellissimi mobili e un pezzo che porta con s\u00e9 storia e tradizione.<\/p>\n<p>&nbsp;<\/p>\n<\/div>\n<\/div>\n<div class=\"row\">\n<div class=\"col-sm-6 col-sm-push-6\" style=\"margin-top: 30px;\"><center><a href=\"https:\/\/pavidecor.si\/wp-content\/uploads\/2024\/10\/1IMG_8784a-600x600.jpg\"><img decoding=\"async\" class=\"lazyload img-responsive\" style=\"margin: 0px auto; max-width: 100%;\" src=\"data:image\/svg+xml,%3Csvg%20xmlns%3D%27http%3A%2F%2Fwww.w3.org%2F2000%2Fsvg%27%20width%3D%272560%27%20height%3D%272560%27%20viewBox%3D%270%200%202560%202560%27%3E%3Crect%20width%3D%272560%27%20height%3D%272560%27%20fill-opacity%3D%220%22%2F%3E%3C%2Fsvg%3E\" data-orig-src=\"https:\/\/pavidecor.si\/wp-content\/uploads\/2026\/03\/4IMG_8742-scaled.jpg\" \/><\/a><\/center><\/div>\n<div class=\"col-sm-6 col-sm-pull-6\" style=\"margin-top: 40px;\">\n<h3>Arredamento nautico per ogni casa<\/h3>\n<p>Deco barca a vela in legno \u00e8 la scelta ideale per chi vuole portare lo spirito del mare nella casa. La sua forma stretta e la combinazione di colori, che include una tela di cotone, trasmettono una <strong>sensazione di freschezza e leggerezza<\/strong>. Questo prodotto \u00e8 l&#8217;accessorio perfetto per soggiorni, camerette di bambini o anche uffici, dove pu\u00f2 ricordarti momenti di relax in riva al mare.<\/p>\n<p>&nbsp;<\/p>\n<p>Con la nostra barca a vela decorativa in legno, potrete creare un&#8217;atmosfera piacevole che vi ricorder\u00e0 le giornate di sole, il vento tra i capelli e una vacanza spensierata. Su tua richiesta, offriamo anche la <strong>possibilit\u00e0 di stampare il tuo nome o registrazione<\/strong>, il che ti consente di personalizzare e aggiungere un tocco speciale al tuo arredamento. Ogni barca a vela \u00e8 unica, il che significa che avrai qualcosa di veramente speciale nella tua casa.<\/p>\n<p>&nbsp;<\/p>\n<\/div>\n<\/div>\n<div class=\"row\">\n<div class=\"col-sm-6\" style=\"margin-top: 30px;\"><center><img decoding=\"async\" class=\"lazyload img-responsive\" style=\"margin: 0px auto; max-width: 100%;\" src=\"data:image\/svg+xml,%3Csvg%20xmlns%3D%27http%3A%2F%2Fwww.w3.org%2F2000%2Fsvg%27%20width%3D%272560%27%20height%3D%272560%27%20viewBox%3D%270%200%202560%202560%27%3E%3Crect%20width%3D%272560%27%20height%3D%272560%27%20fill-opacity%3D%220%22%2F%3E%3C%2Fsvg%3E\" data-orig-src=\"https:\/\/pavidecor.si\/wp-content\/uploads\/2026\/03\/5IMG_8743-scaled.jpg\" \/><\/center><\/div>\n<div class=\"col-sm-6\" style=\"margin-top: 40px;\">\n<p>&nbsp;<\/p>\n<h3>Una scelta ecologica e sostenibile<\/h3>\n<p>Noi di PAVI DECOR crediamo nel design sostenibile e nell&#8217;uso di materiali naturali. La nostra barca a vela in legno \u00e8 realizzata in <strong>legno riciclato e legno galleggiante<\/strong>. Questo significa che quando scegli il nostro prodotto contribuisci alla protezione dell&#8217;ambiente. Sostenendo l&#8217;artigianato locale, contribuisci a preservare la tradizione dell&#8217;artigianato fatto a mano e a promuovere un&#8217;economia sostenibile.<\/p>\n<p>&nbsp;<\/p>\n<p>La nostra deco barca a vela non \u00e8 solo una decorazione, ma anche un simbolo di amore per la natura. Al lavoro mostriamo rispetto per i materiali che utilizziamo. Acquistando la nostra barca a vela, non solo <strong>arricchisci la tua casa<\/strong>, ma sostieni anche artisti e artigiani locali. Tutti i nostri creatori sono appassionati di creare prodotti unici. Unisciti a noi e scopri la bellezza che la natura porta a casa tua.<\/p>\n<p>&nbsp;<\/p>\n<\/div>\n<\/div>\n<blockquote><p>Una deco barca a vela in legno \u00e8 una decorazione murale realizzata con legno galleggiante e legno riciclato. Le vele sono realizzate in tessuto di cotone a rete verniciato. Ha anche un gagliardetto e una corda installati sulla parte superiore dell&#8217;albero. Lo scafo e l&#8217;albero sono leggermente levigati per un aspetto pi\u00f9 liscio. Lo scafo della barca a vela presenta anche la scritta &#8220;unique&#8221; sul retro. Una barca a vela decorativa stretta \u00e8 un bellissimo decoro nautico che evoca sempre ricordi del mare, del sole, del vento e delle vacanze. Su vostra richiesta, \u00e8 possibile stampare il vostro nome, la registrazione, ecc. Ognuna delle nostre barche a vela \u00e8 fatta a mano e dipinta, insomma unica. Puoi anche vedere alcune barche a vela come parte del nostro <a href=\"https:\/\/pavidecor.si\/it\/projects\/bar-sulla-spiaggia\/\"><strong><span style=\"color: #3366ff;\">bar sulla spiaggia<\/span><\/strong><\/a>.<\/p><\/blockquote>\n<p>&nbsp;<\/p>\n","protected":false},"excerpt":{"rendered":"<p><strong><span style=\"color: #c4963c;\">\u2192 Fatto a mano<\/span><\/strong><strong><span style=\"color: #c4963c;\"><br \/>\n<\/span><span style=\"color: #c4963c;\">\u2192 Unico<\/span><\/strong><\/p>\n","protected":false},"featured_media":27414,"comment_status":"open","ping_status":"closed","template":"","meta":[],"product_brand":[],"product_cat":[336],"product_tag":[213],"class_list":{"0":"post-27409","1":"product","2":"type-product","3":"status-publish","4":"has-post-thumbnail","6":"product_cat-barche","7":"product_tag-nuovo","9":"first","10":"instock","11":"sold-individually","12":"taxable","13":"shipping-taxable","14":"purchasable","15":"product-type-simple"},"yoast_head":"<!-- This site is optimized with the Yoast SEO plugin v27.2 - https:\/\/yoast.com\/product\/yoast-seo-wordpress\/ -->\n<title>Deco barca a vela in legno PAVI DECOR - Decorazione unica<\/title>\n<meta name=\"description\" content=\"La deco barca a vela in legno \u00e8 un bellissimo decoro nautico realizzato in legno galleggiante. Ha vele di cotone e una bandiera sull&#039;albero.\" \/>\n<meta name=\"robots\" content=\"index, follow, max-snippet:-1, max-image-preview:large, max-video-preview:-1\" \/>\n<link rel=\"canonical\" href=\"https:\/\/pavidecor.si\/it\/prodotto\/deco-barca-a-vela-in-legno-pd-35x255x2cm\/\" \/>\n<meta property=\"og:locale\" content=\"it_IT\" \/>\n<meta property=\"og:type\" content=\"article\" \/>\n<meta property=\"og:title\" content=\"Deco barca a vela in legno PAVI DECOR - Decorazione unica\" \/>\n<meta property=\"og:description\" content=\"La deco barca a vela in legno \u00e8 un bellissimo decoro nautico realizzato in legno galleggiante. Ha vele di cotone e una bandiera sull&#039;albero.\" \/>\n<meta property=\"og:url\" content=\"https:\/\/pavidecor.si\/it\/prodotto\/deco-barca-a-vela-in-legno-pd-35x255x2cm\/\" \/>\n<meta property=\"og:site_name\" content=\"Pavi Decor\" \/>\n<meta property=\"article:modified_time\" content=\"2026-04-22T10:10:56+00:00\" \/>\n<meta property=\"og:image\" content=\"https:\/\/pavidecor.si\/wp-content\/uploads\/2026\/03\/1IMG_8744.jpg\" \/>\n\t<meta property=\"og:image:width\" content=\"2446\" \/>\n\t<meta property=\"og:image:height\" content=\"2446\" \/>\n\t<meta property=\"og:image:type\" content=\"image\/jpeg\" \/>\n<meta name=\"twitter:card\" content=\"summary_large_image\" \/>\n<meta name=\"twitter:label1\" content=\"Tempo di lettura stimato\" \/>\n\t<meta name=\"twitter:data1\" content=\"4 minuti\" \/>\n<script type=\"application\/ld+json\" class=\"yoast-schema-graph\">{\"@context\":\"https:\/\/schema.org\",\"@graph\":[{\"@type\":\"WebPage\",\"@id\":\"https:\/\/pavidecor.si\/it\/prodotto\/deco-barca-a-vela-in-legno-pd-35x255x2cm\/\",\"url\":\"https:\/\/pavidecor.si\/it\/prodotto\/deco-barca-a-vela-in-legno-pd-35x255x2cm\/\",\"name\":\"Deco barca a vela in legno PAVI DECOR - Decorazione unica\",\"isPartOf\":{\"@id\":\"https:\/\/pavidecor.si\/it\/#website\"},\"primaryImageOfPage\":{\"@id\":\"https:\/\/pavidecor.si\/it\/prodotto\/deco-barca-a-vela-in-legno-pd-35x255x2cm\/#primaryimage\"},\"image\":{\"@id\":\"https:\/\/pavidecor.si\/it\/prodotto\/deco-barca-a-vela-in-legno-pd-35x255x2cm\/#primaryimage\"},\"thumbnailUrl\":\"https:\/\/pavidecor.si\/wp-content\/uploads\/2026\/03\/1IMG_8744.jpg\",\"datePublished\":\"2026-03-27T08:54:12+00:00\",\"dateModified\":\"2026-04-22T10:10:56+00:00\",\"description\":\"La deco barca a vela in legno \u00e8 un bellissimo decoro nautico realizzato in legno galleggiante. Ha vele di cotone e una bandiera sull'albero.\",\"breadcrumb\":{\"@id\":\"https:\/\/pavidecor.si\/it\/prodotto\/deco-barca-a-vela-in-legno-pd-35x255x2cm\/#breadcrumb\"},\"inLanguage\":\"it-IT\",\"potentialAction\":[{\"@type\":\"ReadAction\",\"target\":[\"https:\/\/pavidecor.si\/it\/prodotto\/deco-barca-a-vela-in-legno-pd-35x255x2cm\/\"]}]},{\"@type\":\"ImageObject\",\"inLanguage\":\"it-IT\",\"@id\":\"https:\/\/pavidecor.si\/it\/prodotto\/deco-barca-a-vela-in-legno-pd-35x255x2cm\/#primaryimage\",\"url\":\"https:\/\/pavidecor.si\/wp-content\/uploads\/2026\/03\/1IMG_8744.jpg\",\"contentUrl\":\"https:\/\/pavidecor.si\/wp-content\/uploads\/2026\/03\/1IMG_8744.jpg\",\"width\":2446,\"height\":2446,\"caption\":\"PAVI DECOR\"},{\"@type\":\"BreadcrumbList\",\"@id\":\"https:\/\/pavidecor.si\/it\/prodotto\/deco-barca-a-vela-in-legno-pd-35x255x2cm\/#breadcrumb\",\"itemListElement\":[{\"@type\":\"ListItem\",\"position\":1,\"name\":\"Domov\",\"item\":\"https:\/\/pavidecor.si\/it\/\"},{\"@type\":\"ListItem\",\"position\":2,\"name\":\"Negozio online\",\"item\":\"https:\/\/pavidecor.si\/it\/negozio-online\/\"},{\"@type\":\"ListItem\",\"position\":3,\"name\":\"Deco barca a vela in legno PD 35&#215;25,5x2cm\"}]},{\"@type\":\"WebSite\",\"@id\":\"https:\/\/pavidecor.si\/it\/#website\",\"url\":\"https:\/\/pavidecor.si\/it\/\",\"name\":\"Pavi Decor\",\"description\":\"Leseni unikati ustvarjeni iz ljubezni do lesa in narave.\",\"potentialAction\":[{\"@type\":\"SearchAction\",\"target\":{\"@type\":\"EntryPoint\",\"urlTemplate\":\"https:\/\/pavidecor.si\/it\/?s={search_term_string}\"},\"query-input\":{\"@type\":\"PropertyValueSpecification\",\"valueRequired\":true,\"valueName\":\"search_term_string\"}}],\"inLanguage\":\"it-IT\"}]}<\/script>\n<!-- \/ Yoast SEO plugin. -->","yoast_head_json":{"title":"Deco barca a vela in legno PAVI DECOR - Decorazione unica","description":"La deco barca a vela in legno \u00e8 un bellissimo decoro nautico realizzato in legno galleggiante. Ha vele di cotone e una bandiera sull'albero.","robots":{"index":"index","follow":"follow","max-snippet":"max-snippet:-1","max-image-preview":"max-image-preview:large","max-video-preview":"max-video-preview:-1"},"canonical":"https:\/\/pavidecor.si\/it\/prodotto\/deco-barca-a-vela-in-legno-pd-35x255x2cm\/","og_locale":"it_IT","og_type":"article","og_title":"Deco barca a vela in legno PAVI DECOR - Decorazione unica","og_description":"La deco barca a vela in legno \u00e8 un bellissimo decoro nautico realizzato in legno galleggiante. Ha vele di cotone e una bandiera sull'albero.","og_url":"https:\/\/pavidecor.si\/it\/prodotto\/deco-barca-a-vela-in-legno-pd-35x255x2cm\/","og_site_name":"Pavi Decor","article_modified_time":"2026-04-22T10:10:56+00:00","og_image":[{"width":2446,"height":2446,"url":"https:\/\/pavidecor.si\/wp-content\/uploads\/2026\/03\/1IMG_8744.jpg","type":"image\/jpeg"}],"twitter_card":"summary_large_image","twitter_misc":{"Tempo di lettura stimato":"4 minuti"},"schema":{"@context":"https:\/\/schema.org","@graph":[{"@type":"WebPage","@id":"https:\/\/pavidecor.si\/it\/prodotto\/deco-barca-a-vela-in-legno-pd-35x255x2cm\/","url":"https:\/\/pavidecor.si\/it\/prodotto\/deco-barca-a-vela-in-legno-pd-35x255x2cm\/","name":"Deco barca a vela in legno PAVI DECOR - Decorazione unica","isPartOf":{"@id":"https:\/\/pavidecor.si\/it\/#website"},"primaryImageOfPage":{"@id":"https:\/\/pavidecor.si\/it\/prodotto\/deco-barca-a-vela-in-legno-pd-35x255x2cm\/#primaryimage"},"image":{"@id":"https:\/\/pavidecor.si\/it\/prodotto\/deco-barca-a-vela-in-legno-pd-35x255x2cm\/#primaryimage"},"thumbnailUrl":"https:\/\/pavidecor.si\/wp-content\/uploads\/2026\/03\/1IMG_8744.jpg","datePublished":"2026-03-27T08:54:12+00:00","dateModified":"2026-04-22T10:10:56+00:00","description":"La deco barca a vela in legno \u00e8 un bellissimo decoro nautico realizzato in legno galleggiante. Ha vele di cotone e una bandiera sull'albero.","breadcrumb":{"@id":"https:\/\/pavidecor.si\/it\/prodotto\/deco-barca-a-vela-in-legno-pd-35x255x2cm\/#breadcrumb"},"inLanguage":"it-IT","potentialAction":[{"@type":"ReadAction","target":["https:\/\/pavidecor.si\/it\/prodotto\/deco-barca-a-vela-in-legno-pd-35x255x2cm\/"]}]},{"@type":"ImageObject","inLanguage":"it-IT","@id":"https:\/\/pavidecor.si\/it\/prodotto\/deco-barca-a-vela-in-legno-pd-35x255x2cm\/#primaryimage","url":"https:\/\/pavidecor.si\/wp-content\/uploads\/2026\/03\/1IMG_8744.jpg","contentUrl":"https:\/\/pavidecor.si\/wp-content\/uploads\/2026\/03\/1IMG_8744.jpg","width":2446,"height":2446,"caption":"PAVI DECOR"},{"@type":"BreadcrumbList","@id":"https:\/\/pavidecor.si\/it\/prodotto\/deco-barca-a-vela-in-legno-pd-35x255x2cm\/#breadcrumb","itemListElement":[{"@type":"ListItem","position":1,"name":"Domov","item":"https:\/\/pavidecor.si\/it\/"},{"@type":"ListItem","position":2,"name":"Negozio online","item":"https:\/\/pavidecor.si\/it\/negozio-online\/"},{"@type":"ListItem","position":3,"name":"Deco barca a vela in legno PD 35&#215;25,5x2cm"}]},{"@type":"WebSite","@id":"https:\/\/pavidecor.si\/it\/#website","url":"https:\/\/pavidecor.si\/it\/","name":"Pavi Decor","description":"Leseni unikati ustvarjeni iz ljubezni do lesa in narave.","potentialAction":[{"@type":"SearchAction","target":{"@type":"EntryPoint","urlTemplate":"https:\/\/pavidecor.si\/it\/?s={search_term_string}"},"query-input":{"@type":"PropertyValueSpecification","valueRequired":true,"valueName":"search_term_string"}}],"inLanguage":"it-IT"}]}},"_links":{"self":[{"href":"https:\/\/pavidecor.si\/it\/wp-json\/wp\/v2\/product\/27409","targetHints":{"allow":["GET"]}}],"collection":[{"href":"https:\/\/pavidecor.si\/it\/wp-json\/wp\/v2\/product"}],"about":[{"href":"https:\/\/pavidecor.si\/it\/wp-json\/wp\/v2\/types\/product"}],"replies":[{"embeddable":true,"href":"https:\/\/pavidecor.si\/it\/wp-json\/wp\/v2\/comments?post=27409"}],"wp:featuredmedia":[{"embeddable":true,"href":"https:\/\/pavidecor.si\/it\/wp-json\/wp\/v2\/media\/27414"}],"wp:attachment":[{"href":"https:\/\/pavidecor.si\/it\/wp-json\/wp\/v2\/media?parent=27409"}],"wp:term":[{"taxonomy":"product_brand","embeddable":true,"href":"https:\/\/pavidecor.si\/it\/wp-json\/wp\/v2\/product_brand?post=27409"},{"taxonomy":"product_cat","embeddable":true,"href":"https:\/\/pavidecor.si\/it\/wp-json\/wp\/v2\/product_cat?post=27409"},{"taxonomy":"product_tag","embeddable":true,"href":"https:\/\/pavidecor.si\/it\/wp-json\/wp\/v2\/product_tag?post=27409"}],"curies":[{"name":"wp","href":"https:\/\/api.w.org\/{rel}","templated":true}]}}