	{"id":27334,"date":"2026-03-11T08:30:12","date_gmt":"2026-03-11T08:30:12","guid":{"rendered":"https:\/\/pavidecor.si\/?post_type=product&#038;p=27334"},"modified":"2026-04-23T11:22:48","modified_gmt":"2026-04-23T11:22:48","slug":"casetta-per-uccelli-unica-a-strisce-verdi-e-gialle","status":"publish","type":"product","link":"https:\/\/pavidecor.si\/it\/prodotto\/casetta-per-uccelli-unica-a-strisce-verdi-e-gialle\/","title":{"rendered":"Casetta per uccelli unica a strisce verdi e gialle"},"content":{"rendered":"<p><span class=\"prvimanjsinaslovopis\"><br \/>\nCasetta per uccelli unica &#8211; Paradiso per gli uccelli nel tuo giardino<\/span><\/p>\n<p>&nbsp;<\/p>\n<h2><span class=\"odebeljenopis\"><strong><br \/>\nScoprite la nostra straordinaria c<span class=\"prvimanjsinaslovopis\">asetta per uccelli<\/span>, un accessorio indispensabile per ogni giardino. Questa casetta unica non solo offre un rifugio sicuro per gli uccelli canori, ma arricchisce anche il vostro spazio esterno con il suo design unico e artigianale. Realizzata con amore per il legno e la natura, \u00e8 un vero e proprio gioiello del giardinaggio.<\/strong><\/span><\/h2>\n<p>&nbsp;<\/p>\n<div class=\"row\">\n<div class=\"col-sm-6 \" style=\"margin-top: 30px;\"><center><img decoding=\"async\" class=\"lazyload img-responsive\" style=\"margin: 0px auto; max-width: 100%;\" src=\"data:image\/svg+xml,%3Csvg%20xmlns%3D%27http%3A%2F%2Fwww.w3.org%2F2000%2Fsvg%27%20width%3D%272070%27%20height%3D%272070%27%20viewBox%3D%270%200%202070%202070%27%3E%3Crect%20width%3D%272070%27%20height%3D%272070%27%20fill-opacity%3D%220%22%2F%3E%3C%2Fsvg%3E\" data-orig-src=\"https:\/\/pavidecor.si\/wp-content\/uploads\/2026\/03\/1IMG_7593.jpg\" \/><\/center><\/div>\n<div class=\"col-sm-6\" style=\"margin-top: 40px;\">\n<p>&nbsp;<\/p>\n<h3>Design Unico e Artigianale<\/h3>\n<p>La c<span class=\"prvimanjsinaslovopis\">asetta per uccelli unica<\/span> \u00e8 un prodotto esclusivo di PAVI DECOR. Nostra azienda di Ljubljana si distingue per la sua passione per il legno e la natura. Ogni pezzo \u00e8 realizzato a mano, utilizzando tecniche tradizionali di assemblaggio che risalgono ai vecchi maestri. Questo approccio artigianale conferisce alla casetta un <strong>aspetto autentico e unico<\/strong>, rendendola un&#8217;aggiunta preziosa al vostro giardino.<\/p>\n<p>&nbsp;<\/p>\n<p>La casetta \u00e8 stata progettata per offrire un ambiente sicuro e confortevole agli uccelli canterini, ospiti graditi del giardino. La vernice acrilica rende ogni casetta unica nel suo genere. Colori e dettagli possono variare, rendendo ogni pezzo <strong>un&#8217;opera d&#8217;arte a s\u00e9 stante<\/strong>.<\/p>\n<p>&nbsp;<\/p>\n<\/div>\n<\/div>\n<div class=\"row\">\n<div class=\"col-sm-12\">\n<p>&nbsp;<\/p>\n<h3>Benefici per il Vostro Giardino<\/h3>\n<p>Oltre alla sua bellezza estetica, la c<span class=\"prvimanjsinaslovopis\">asetta per uccelli unica<\/span> offre numerosi vantaggi per il vostro giardino. Gli uccelli canterini che si rifugiano in questa casetta aiutano a tenere sotto controllo la popolazione di parassiti. Questo mantiene il tuo giardino sano e rigoglioso. In inverno potete mettere il cibo per gli uccelli nella nostra <a href=\"\/it\/prodotto\/mangiatoia-per-uccelli\/\"><strong><span style=\"color: #3366ff;\">mangiatoia<\/span><\/strong><\/a>.<\/p>\n<p>&nbsp;<\/p>\n<p>Si consiglia di posizionare la casetta su un albero o sotto una grondaia. A tal fine, \u00e8 gi\u00e0 dotata di un gancio fissato nella parte superiore per facilitarne l&#8217;installazione. Questo non solo <strong>garantisce la sicurezza degli uccelli<\/strong>, ma permette anche di godere della loro presenza e del loro canto melodioso durante la stagione calda.<\/p>\n<p>&nbsp;<\/p>\n<\/div>\n<\/div>\n<div class=\"row\">\n<div class=\"col-sm-12\">\n<p>&nbsp;<\/p>\n<h3>Dettagli del Prodotto<\/h3>\n<p>La c<span class=\"prvimanjsinaslovopis\">asetta per uccelli unica<\/span> \u00e8 realizzata con materiali di alta qualit\u00e0 e con una cura meticolosa per i dettagli. Ogni casetta \u00e8 un esempio di maestria artigianale, progettata per <strong>resistere alle intemperie e durare nel tempo<\/strong>.<\/p>\n<p>&nbsp;<\/p>\n<p>Le dimensioni della casetta sono ideali per accogliere diverse specie di uccelli canori, rendendola una scelta versatile per ogni giardino. Con la sua <strong>combinazione di funzionalit\u00e0 e design<\/strong>, questa casetta \u00e8 un must-have per chi ama la natura e desidera attrarre la fauna selvatica nel proprio spazio esterno.<\/p>\n<p>&nbsp;<\/p>\n<\/div>\n<\/div>\n<p>&nbsp;<\/p>\n","protected":false},"excerpt":{"rendered":"<p><strong><span style=\"color: #c4963c;\">\u2192 Fatta a mano<\/span><\/strong><strong><span style=\"color: #c4963c;\"><br \/>\n<\/span><span style=\"color: #c4963c;\">\u2192 Unica<\/span><\/strong><\/p>\n","protected":false},"featured_media":27309,"comment_status":"open","ping_status":"closed","template":"","meta":[],"product_brand":[],"product_cat":[308],"product_tag":[213],"class_list":{"0":"post-27334","1":"product","2":"type-product","3":"status-publish","4":"has-post-thumbnail","6":"product_cat-casette-per-uccelli","7":"product_tag-nuovo","9":"first","10":"instock","11":"taxable","12":"shipping-taxable","13":"purchasable","14":"product-type-simple"},"yoast_head":"<!-- This site is optimized with the Yoast SEO plugin v27.2 - https:\/\/yoast.com\/product\/yoast-seo-wordpress\/ -->\n<title>Casetta per uccelli unica - Paradiso per gli uccelli nel tuo giardino<\/title>\n<meta name=\"description\" content=\"Casetta per uccelli unica \u00e8 un&#039;attrezzatura obbligatoria di qualsiasi giardino, perch\u00e9 consente la nidificazione sicura degli uccelli canori. Dipinto unico.\" \/>\n<meta name=\"robots\" content=\"index, follow, max-snippet:-1, max-image-preview:large, max-video-preview:-1\" \/>\n<link rel=\"canonical\" href=\"https:\/\/pavidecor.si\/it\/prodotto\/casetta-per-uccelli-unica-a-strisce-verdi-e-gialle\/\" \/>\n<meta property=\"og:locale\" content=\"it_IT\" \/>\n<meta property=\"og:type\" content=\"article\" \/>\n<meta property=\"og:title\" content=\"Casetta per uccelli unica - Paradiso per gli uccelli nel tuo giardino\" \/>\n<meta property=\"og:description\" content=\"Casetta per uccelli unica \u00e8 un&#039;attrezzatura obbligatoria di qualsiasi giardino, perch\u00e9 consente la nidificazione sicura degli uccelli canori. Dipinto unico.\" \/>\n<meta property=\"og:url\" content=\"https:\/\/pavidecor.si\/it\/prodotto\/casetta-per-uccelli-unica-a-strisce-verdi-e-gialle\/\" \/>\n<meta property=\"og:site_name\" content=\"Pavi Decor\" \/>\n<meta property=\"article:modified_time\" content=\"2026-04-23T11:22:48+00:00\" \/>\n<meta property=\"og:image\" content=\"https:\/\/pavidecor.si\/wp-content\/uploads\/2026\/03\/1IMG_7593.jpg\" \/>\n\t<meta property=\"og:image:width\" content=\"2070\" \/>\n\t<meta property=\"og:image:height\" content=\"2070\" \/>\n\t<meta property=\"og:image:type\" content=\"image\/jpeg\" \/>\n<meta name=\"twitter:card\" content=\"summary_large_image\" \/>\n<meta name=\"twitter:label1\" content=\"Tempo di lettura stimato\" \/>\n\t<meta name=\"twitter:data1\" content=\"3 minuti\" \/>\n<script type=\"application\/ld+json\" class=\"yoast-schema-graph\">{\"@context\":\"https:\/\/schema.org\",\"@graph\":[{\"@type\":\"WebPage\",\"@id\":\"https:\/\/pavidecor.si\/it\/prodotto\/casetta-per-uccelli-unica-a-strisce-verdi-e-gialle\/\",\"url\":\"https:\/\/pavidecor.si\/it\/prodotto\/casetta-per-uccelli-unica-a-strisce-verdi-e-gialle\/\",\"name\":\"Casetta per uccelli unica - Paradiso per gli uccelli nel tuo giardino\",\"isPartOf\":{\"@id\":\"https:\/\/pavidecor.si\/it\/#website\"},\"primaryImageOfPage\":{\"@id\":\"https:\/\/pavidecor.si\/it\/prodotto\/casetta-per-uccelli-unica-a-strisce-verdi-e-gialle\/#primaryimage\"},\"image\":{\"@id\":\"https:\/\/pavidecor.si\/it\/prodotto\/casetta-per-uccelli-unica-a-strisce-verdi-e-gialle\/#primaryimage\"},\"thumbnailUrl\":\"https:\/\/pavidecor.si\/wp-content\/uploads\/2026\/03\/1IMG_7593.jpg\",\"datePublished\":\"2026-03-11T08:30:12+00:00\",\"dateModified\":\"2026-04-23T11:22:48+00:00\",\"description\":\"Casetta per uccelli unica \u00e8 un'attrezzatura obbligatoria di qualsiasi giardino, perch\u00e9 consente la nidificazione sicura degli uccelli canori. Dipinto unico.\",\"breadcrumb\":{\"@id\":\"https:\/\/pavidecor.si\/it\/prodotto\/casetta-per-uccelli-unica-a-strisce-verdi-e-gialle\/#breadcrumb\"},\"inLanguage\":\"it-IT\",\"potentialAction\":[{\"@type\":\"ReadAction\",\"target\":[\"https:\/\/pavidecor.si\/it\/prodotto\/casetta-per-uccelli-unica-a-strisce-verdi-e-gialle\/\"]}]},{\"@type\":\"ImageObject\",\"inLanguage\":\"it-IT\",\"@id\":\"https:\/\/pavidecor.si\/it\/prodotto\/casetta-per-uccelli-unica-a-strisce-verdi-e-gialle\/#primaryimage\",\"url\":\"https:\/\/pavidecor.si\/wp-content\/uploads\/2026\/03\/1IMG_7593.jpg\",\"contentUrl\":\"https:\/\/pavidecor.si\/wp-content\/uploads\/2026\/03\/1IMG_7593.jpg\",\"width\":2070,\"height\":2070,\"caption\":\"PAVI DECOR\"},{\"@type\":\"BreadcrumbList\",\"@id\":\"https:\/\/pavidecor.si\/it\/prodotto\/casetta-per-uccelli-unica-a-strisce-verdi-e-gialle\/#breadcrumb\",\"itemListElement\":[{\"@type\":\"ListItem\",\"position\":1,\"name\":\"Domov\",\"item\":\"https:\/\/pavidecor.si\/it\/\"},{\"@type\":\"ListItem\",\"position\":2,\"name\":\"Negozio online\",\"item\":\"https:\/\/pavidecor.si\/it\/negozio-online\/\"},{\"@type\":\"ListItem\",\"position\":3,\"name\":\"Casetta per uccelli unica a strisce verdi e gialle\"}]},{\"@type\":\"WebSite\",\"@id\":\"https:\/\/pavidecor.si\/it\/#website\",\"url\":\"https:\/\/pavidecor.si\/it\/\",\"name\":\"Pavi Decor\",\"description\":\"Leseni unikati ustvarjeni iz ljubezni do lesa in narave.\",\"potentialAction\":[{\"@type\":\"SearchAction\",\"target\":{\"@type\":\"EntryPoint\",\"urlTemplate\":\"https:\/\/pavidecor.si\/it\/?s={search_term_string}\"},\"query-input\":{\"@type\":\"PropertyValueSpecification\",\"valueRequired\":true,\"valueName\":\"search_term_string\"}}],\"inLanguage\":\"it-IT\"}]}<\/script>\n<!-- \/ Yoast SEO plugin. -->","yoast_head_json":{"title":"Casetta per uccelli unica - Paradiso per gli uccelli nel tuo giardino","description":"Casetta per uccelli unica \u00e8 un'attrezzatura obbligatoria di qualsiasi giardino, perch\u00e9 consente la nidificazione sicura degli uccelli canori. Dipinto unico.","robots":{"index":"index","follow":"follow","max-snippet":"max-snippet:-1","max-image-preview":"max-image-preview:large","max-video-preview":"max-video-preview:-1"},"canonical":"https:\/\/pavidecor.si\/it\/prodotto\/casetta-per-uccelli-unica-a-strisce-verdi-e-gialle\/","og_locale":"it_IT","og_type":"article","og_title":"Casetta per uccelli unica - Paradiso per gli uccelli nel tuo giardino","og_description":"Casetta per uccelli unica \u00e8 un'attrezzatura obbligatoria di qualsiasi giardino, perch\u00e9 consente la nidificazione sicura degli uccelli canori. Dipinto unico.","og_url":"https:\/\/pavidecor.si\/it\/prodotto\/casetta-per-uccelli-unica-a-strisce-verdi-e-gialle\/","og_site_name":"Pavi Decor","article_modified_time":"2026-04-23T11:22:48+00:00","og_image":[{"width":2070,"height":2070,"url":"https:\/\/pavidecor.si\/wp-content\/uploads\/2026\/03\/1IMG_7593.jpg","type":"image\/jpeg"}],"twitter_card":"summary_large_image","twitter_misc":{"Tempo di lettura stimato":"3 minuti"},"schema":{"@context":"https:\/\/schema.org","@graph":[{"@type":"WebPage","@id":"https:\/\/pavidecor.si\/it\/prodotto\/casetta-per-uccelli-unica-a-strisce-verdi-e-gialle\/","url":"https:\/\/pavidecor.si\/it\/prodotto\/casetta-per-uccelli-unica-a-strisce-verdi-e-gialle\/","name":"Casetta per uccelli unica - Paradiso per gli uccelli nel tuo giardino","isPartOf":{"@id":"https:\/\/pavidecor.si\/it\/#website"},"primaryImageOfPage":{"@id":"https:\/\/pavidecor.si\/it\/prodotto\/casetta-per-uccelli-unica-a-strisce-verdi-e-gialle\/#primaryimage"},"image":{"@id":"https:\/\/pavidecor.si\/it\/prodotto\/casetta-per-uccelli-unica-a-strisce-verdi-e-gialle\/#primaryimage"},"thumbnailUrl":"https:\/\/pavidecor.si\/wp-content\/uploads\/2026\/03\/1IMG_7593.jpg","datePublished":"2026-03-11T08:30:12+00:00","dateModified":"2026-04-23T11:22:48+00:00","description":"Casetta per uccelli unica \u00e8 un'attrezzatura obbligatoria di qualsiasi giardino, perch\u00e9 consente la nidificazione sicura degli uccelli canori. Dipinto unico.","breadcrumb":{"@id":"https:\/\/pavidecor.si\/it\/prodotto\/casetta-per-uccelli-unica-a-strisce-verdi-e-gialle\/#breadcrumb"},"inLanguage":"it-IT","potentialAction":[{"@type":"ReadAction","target":["https:\/\/pavidecor.si\/it\/prodotto\/casetta-per-uccelli-unica-a-strisce-verdi-e-gialle\/"]}]},{"@type":"ImageObject","inLanguage":"it-IT","@id":"https:\/\/pavidecor.si\/it\/prodotto\/casetta-per-uccelli-unica-a-strisce-verdi-e-gialle\/#primaryimage","url":"https:\/\/pavidecor.si\/wp-content\/uploads\/2026\/03\/1IMG_7593.jpg","contentUrl":"https:\/\/pavidecor.si\/wp-content\/uploads\/2026\/03\/1IMG_7593.jpg","width":2070,"height":2070,"caption":"PAVI DECOR"},{"@type":"BreadcrumbList","@id":"https:\/\/pavidecor.si\/it\/prodotto\/casetta-per-uccelli-unica-a-strisce-verdi-e-gialle\/#breadcrumb","itemListElement":[{"@type":"ListItem","position":1,"name":"Domov","item":"https:\/\/pavidecor.si\/it\/"},{"@type":"ListItem","position":2,"name":"Negozio online","item":"https:\/\/pavidecor.si\/it\/negozio-online\/"},{"@type":"ListItem","position":3,"name":"Casetta per uccelli unica a strisce verdi e gialle"}]},{"@type":"WebSite","@id":"https:\/\/pavidecor.si\/it\/#website","url":"https:\/\/pavidecor.si\/it\/","name":"Pavi Decor","description":"Leseni unikati ustvarjeni iz ljubezni do lesa in narave.","potentialAction":[{"@type":"SearchAction","target":{"@type":"EntryPoint","urlTemplate":"https:\/\/pavidecor.si\/it\/?s={search_term_string}"},"query-input":{"@type":"PropertyValueSpecification","valueRequired":true,"valueName":"search_term_string"}}],"inLanguage":"it-IT"}]}},"_links":{"self":[{"href":"https:\/\/pavidecor.si\/it\/wp-json\/wp\/v2\/product\/27334","targetHints":{"allow":["GET"]}}],"collection":[{"href":"https:\/\/pavidecor.si\/it\/wp-json\/wp\/v2\/product"}],"about":[{"href":"https:\/\/pavidecor.si\/it\/wp-json\/wp\/v2\/types\/product"}],"replies":[{"embeddable":true,"href":"https:\/\/pavidecor.si\/it\/wp-json\/wp\/v2\/comments?post=27334"}],"wp:featuredmedia":[{"embeddable":true,"href":"https:\/\/pavidecor.si\/it\/wp-json\/wp\/v2\/media\/27309"}],"wp:attachment":[{"href":"https:\/\/pavidecor.si\/it\/wp-json\/wp\/v2\/media?parent=27334"}],"wp:term":[{"taxonomy":"product_brand","embeddable":true,"href":"https:\/\/pavidecor.si\/it\/wp-json\/wp\/v2\/product_brand?post=27334"},{"taxonomy":"product_cat","embeddable":true,"href":"https:\/\/pavidecor.si\/it\/wp-json\/wp\/v2\/product_cat?post=27334"},{"taxonomy":"product_tag","embeddable":true,"href":"https:\/\/pavidecor.si\/it\/wp-json\/wp\/v2\/product_tag?post=27334"}],"curies":[{"name":"wp","href":"https:\/\/api.w.org\/{rel}","templated":true}]}}