	{"id":27261,"date":"2026-02-19T10:48:07","date_gmt":"2026-02-19T10:48:07","guid":{"rendered":"https:\/\/pavidecor.si\/?post_type=product&#038;p=27261"},"modified":"2026-04-21T22:03:43","modified_gmt":"2026-04-21T22:03:43","slug":"portaombrelli-in-legno-esotico-61x22x22cm","status":"publish","type":"product","link":"https:\/\/pavidecor.si\/it\/prodotto\/portaombrelli-in-legno-esotico-61x22x22cm\/","title":{"rendered":"Portaombrelli in legno esotico 61x22x22cm"},"content":{"rendered":"<p><span class=\"prvimanjsinaslovopis\">Portaombrelli in Legno Esotico &#8211; Eleganza Esclusiva nella Tua Casa<\/span><\/p>\n<p>&nbsp;<\/p>\n<h2><span class=\"odebeljenopis\"><strong> Scopri il nostro portaombrelli quadrato in legno esotico, un pezzo unico che unisce funzionalit\u00e0 e design. Realizzato con amore per il legno e la natura, questo elegante supporto non solo tiene in ordine i tuoi ombrelli, ma arricchisce anche l&#8217;atmosfera del tuo ingresso con il suo fascino rustico.<\/strong><\/span><\/h2>\n<p>&nbsp;<\/p>\n<div class=\"row\">\n<div class=\"col-sm-6 \" style=\"margin-top: 30px;\"><center><img decoding=\"async\" class=\"lazyload img-responsive\" style=\"margin: 0px auto; max-width: 100%;\" src=\"data:image\/svg+xml,%3Csvg%20xmlns%3D%27http%3A%2F%2Fwww.w3.org%2F2000%2Fsvg%27%20width%3D%272560%27%20height%3D%272560%27%20viewBox%3D%270%200%202560%202560%27%3E%3Crect%20width%3D%272560%27%20height%3D%272560%27%20fill-opacity%3D%220%22%2F%3E%3C%2Fsvg%3E\" data-orig-src=\"https:\/\/pavidecor.si\/wp-content\/uploads\/2026\/02\/1IMG_9018a-scaled.jpg\" \/><\/center><\/div>\n<div class=\"col-sm-6\" style=\"margin-top: 40px;\">\n<h3>Design Unico e Artigianale<\/h3>\n<p>Il nostro portaombrelli in legno esotico \u00e8 un esempio perfetto di artigianato sloveno, realizzato a mano con tecniche tradizionali che risalgono ai vecchi maestri. Ogni pezzo \u00e8 frutto della nostra passione per il legno e della nostra creativit\u00e0, rendendolo un elemento distintivo per la tua casa. La lavorazione naturale del legno<strong> esalta il suo carattere autentico<\/strong>, mentre i dettagli di giunzione dei pezzi in legno conferiscono un aspetto vintage e affascinante. Questo supporto per ombrelli non \u00e8 solo un accessorio pratico, ma anche un&#8217;opera d&#8217;arte che racconta una storia.<\/p>\n<p>&nbsp;<\/p>\n<p>Questo portaombrelli in legno esotico \u00e8 <strong>realizzato a mano in legno tropicale massello<\/strong>. La sua struttura e il suo colore distintivi gli conferiscono un carattere davvero speciale. Ogni portaombrelli \u00e8 realizzato con materiali di alta qualit\u00e0, garantendo non solo bellezza ma anche durata nel tempo. La sua stabilit\u00e0 \u00e8 assicurata, rendendolo ideale per ogni ambiente, dal soggiorno all&#8217;ingresso. Scegliere il nostro prodotto significa scegliere un pezzo di artigianato che arricchisce la tua casa con eleganza e funzionalit\u00e0.<\/p>\n<p>&nbsp;<\/p>\n<\/div>\n<\/div>\n<div class=\"row\">\n<div class=\"col-sm-6 col-sm-push-6\" style=\"margin-top: 30px;\"><center><img decoding=\"async\" class=\"lazyload img-responsive\" style=\"margin: 0px auto; max-width: 100%;\" src=\"data:image\/svg+xml,%3Csvg%20xmlns%3D%27http%3A%2F%2Fwww.w3.org%2F2000%2Fsvg%27%20width%3D%272249%27%20height%3D%272249%27%20viewBox%3D%270%200%202249%202249%27%3E%3Crect%20width%3D%272249%27%20height%3D%272249%27%20fill-opacity%3D%220%22%2F%3E%3C%2Fsvg%3E\" data-orig-src=\" https:\/\/pavidecor.si\/wp-content\/uploads\/2026\/02\/2IMG_9025.jpg\" \/><\/center><\/div>\n<div class=\"col-sm-6 col-sm-pull-6\" style=\"margin-top: 40px;\">\n<p>&nbsp;<\/p>\n<h3>Funzionalit\u00e0 e Comfort<\/h3>\n<p>Il portaombrelli in legno esotico non \u00e8 solo un&#8217;aggiunta estetica, ma anche uno strumento estremamente pratico per organizzare il spazio. Il portaombrelli soddisfa le esigenze di una casa moderna, poich\u00e9 offre spazio sufficiente per diversi ombrelli, <strong>senza occupare troppo spazio<\/strong>. Le sofisticate maniglie in corda facilitano lo spostamento del portaombrelli, il che significa che puoi spostarlo rapidamente da una stanza all&#8217;altra.<\/p>\n<p>&nbsp;<\/p>\n<p>Nella parte inferiore del portaombrelli \u00e8 presente un contenitore in plastica che trattiene l&#8217;acqua e <strong>impedisce al legno di marcire<\/strong>. Questa soluzione intelligente garantisce che il portaombrelli rimanga sempre pulito e asciutto. Questo \u00e8 particolarmente importante durante i mesi umidi. Offriamo anche portaombrelli di diverse dimensioni, cos\u00ec puoi scegliere quello pi\u00f9 adatto alle tue esigenze e al tuo spazio. Che tu abbia bisogno di un portaombrelli piccolo o grande, da PAVI DECOR abbiamo tutto ci\u00f2 di cui hai bisogno.<\/p>\n<p>&nbsp;<\/p>\n<\/div>\n<\/div>\n<div class=\"row\">\n<div class=\"col-sm-6\" style=\"margin-top: 30px;\"><center><img decoding=\"async\" class=\"lazyload img-responsive\" style=\"margin: 0px auto; max-width: 100%;\" src=\"data:image\/svg+xml,%3Csvg%20xmlns%3D%27http%3A%2F%2Fwww.w3.org%2F2000%2Fsvg%27%20width%3D%272409%27%20height%3D%272409%27%20viewBox%3D%270%200%202409%202409%27%3E%3Crect%20width%3D%272409%27%20height%3D%272409%27%20fill-opacity%3D%220%22%2F%3E%3C%2Fsvg%3E\" data-orig-src=\" https:\/\/pavidecor.si\/wp-content\/uploads\/2026\/02\/4IMG_9017.jpg\" \/><\/center><\/div>\n<div class=\"col-sm-6\" style=\"margin-top: 40px;\">\n<p>&nbsp;<\/p>\n<h3>Estetica e materiali naturali<\/h3>\n<p>Uno dei principali vantaggi del nostro portaombrelli in legno \u00e8 la sua capacit\u00e0 di adattarsi facilmente a diversi stili. I materiali naturali e l&#8217;aspetto anticato del portaombrelli creano un&#8217;atmosfera calda e accogliente, che potrete integrare con altri elementi in legno della vostra casa. Che abbiate un <a href=\"https:\/\/pavidecor.si\/it\/projects\/ambiente-rurale\/\"><strong><span style=\"color: #3366ff;\">appartamento in stile rustico<\/span><\/strong><\/a> o moderno, questo portaombrelli aggiunger\u00e0 un tocco di eleganza e bellezza naturale.<\/p>\n<p>&nbsp;<\/p>\n<p>Noi di PAVI DECOR siamo consapevoli di quanto sia importante che i nostri prodotti non siano solo funzionali, ma anche esteticamente accattivanti. Per questo motivo abbiamo scelto di utilizzare <strong>materiali naturali di altissima qualit\u00e0<\/strong> che garantiscono resistenza e durata. Il nostro portaombrelli in legno esotico massello \u00e8 pi\u00f9 di un semplice prodotto. \u00c8 una parte della vostra storia che sarete felici di condividere con la vostra famiglia e i vostri amici. Scegliete PAVI DECOR e portate la natura in casa vostra.<\/p>\n<p>&nbsp;<\/p>\n<\/div>\n<\/div>\n<p>&nbsp;<\/p>\n","protected":false},"excerpt":{"rendered":"<p><strong><span style=\"color: #c4963c;\">\u2192 Artigianato<\/span><\/strong><br \/>\n<strong><span style=\"color: #c4963c;\">\u2192 Legno esotico massello<\/span><\/strong><br \/>\n<strong><span style=\"color: #c4963c;\">\u2192 Unico<\/span><\/strong><\/p>\n","protected":false},"featured_media":27266,"comment_status":"open","ping_status":"closed","template":"","meta":[],"product_brand":[],"product_cat":[318],"product_tag":[213],"class_list":{"0":"post-27261","1":"product","2":"type-product","3":"status-publish","4":"has-post-thumbnail","6":"product_cat-portaombrelli","7":"product_tag-nuovo","9":"first","10":"instock","11":"taxable","12":"shipping-taxable","13":"purchasable","14":"product-type-simple"},"yoast_head":"<!-- This site is optimized with the Yoast SEO plugin v27.2 - https:\/\/yoast.com\/product\/yoast-seo-wordpress\/ -->\n<title>Portaombrelli in legno esotico - Eleganza esclusiva nella tua casa<\/title>\n<meta name=\"description\" content=\"Il portaombrelli in legno esotico massello \u00e8 molto stabile. Il trattamento del legno naturale gli conferisce un autentico carattere antico e fascino.\" \/>\n<meta name=\"robots\" content=\"index, follow, max-snippet:-1, max-image-preview:large, max-video-preview:-1\" \/>\n<link rel=\"canonical\" href=\"https:\/\/pavidecor.si\/it\/prodotto\/portaombrelli-in-legno-esotico-61x22x22cm\/\" \/>\n<meta property=\"og:locale\" content=\"it_IT\" \/>\n<meta property=\"og:type\" content=\"article\" \/>\n<meta property=\"og:title\" content=\"Portaombrelli in legno esotico - Eleganza esclusiva nella tua casa\" \/>\n<meta property=\"og:description\" content=\"Il portaombrelli in legno esotico massello \u00e8 molto stabile. Il trattamento del legno naturale gli conferisce un autentico carattere antico e fascino.\" \/>\n<meta property=\"og:url\" content=\"https:\/\/pavidecor.si\/it\/prodotto\/portaombrelli-in-legno-esotico-61x22x22cm\/\" \/>\n<meta property=\"og:site_name\" content=\"Pavi Decor\" \/>\n<meta property=\"article:modified_time\" content=\"2026-04-21T22:03:43+00:00\" \/>\n<meta property=\"og:image\" content=\"https:\/\/pavidecor.si\/wp-content\/uploads\/2026\/02\/1IMG_9018a-scaled.jpg\" \/>\n\t<meta property=\"og:image:width\" content=\"2560\" \/>\n\t<meta property=\"og:image:height\" content=\"2560\" \/>\n\t<meta property=\"og:image:type\" content=\"image\/jpeg\" \/>\n<meta name=\"twitter:card\" content=\"summary_large_image\" \/>\n<meta name=\"twitter:label1\" content=\"Tempo di lettura stimato\" \/>\n\t<meta name=\"twitter:data1\" content=\"4 minuti\" \/>\n<script type=\"application\/ld+json\" class=\"yoast-schema-graph\">{\"@context\":\"https:\/\/schema.org\",\"@graph\":[{\"@type\":\"WebPage\",\"@id\":\"https:\/\/pavidecor.si\/it\/prodotto\/portaombrelli-in-legno-esotico-61x22x22cm\/\",\"url\":\"https:\/\/pavidecor.si\/it\/prodotto\/portaombrelli-in-legno-esotico-61x22x22cm\/\",\"name\":\"Portaombrelli in legno esotico - Eleganza esclusiva nella tua casa\",\"isPartOf\":{\"@id\":\"https:\/\/pavidecor.si\/it\/#website\"},\"primaryImageOfPage\":{\"@id\":\"https:\/\/pavidecor.si\/it\/prodotto\/portaombrelli-in-legno-esotico-61x22x22cm\/#primaryimage\"},\"image\":{\"@id\":\"https:\/\/pavidecor.si\/it\/prodotto\/portaombrelli-in-legno-esotico-61x22x22cm\/#primaryimage\"},\"thumbnailUrl\":\"https:\/\/pavidecor.si\/wp-content\/uploads\/2026\/02\/1IMG_9018a-scaled.jpg\",\"datePublished\":\"2026-02-19T10:48:07+00:00\",\"dateModified\":\"2026-04-21T22:03:43+00:00\",\"description\":\"Il portaombrelli in legno esotico massello \u00e8 molto stabile. Il trattamento del legno naturale gli conferisce un autentico carattere antico e fascino.\",\"breadcrumb\":{\"@id\":\"https:\/\/pavidecor.si\/it\/prodotto\/portaombrelli-in-legno-esotico-61x22x22cm\/#breadcrumb\"},\"inLanguage\":\"it-IT\",\"potentialAction\":[{\"@type\":\"ReadAction\",\"target\":[\"https:\/\/pavidecor.si\/it\/prodotto\/portaombrelli-in-legno-esotico-61x22x22cm\/\"]}]},{\"@type\":\"ImageObject\",\"inLanguage\":\"it-IT\",\"@id\":\"https:\/\/pavidecor.si\/it\/prodotto\/portaombrelli-in-legno-esotico-61x22x22cm\/#primaryimage\",\"url\":\"https:\/\/pavidecor.si\/wp-content\/uploads\/2026\/02\/1IMG_9018a-scaled.jpg\",\"contentUrl\":\"https:\/\/pavidecor.si\/wp-content\/uploads\/2026\/02\/1IMG_9018a-scaled.jpg\",\"width\":2560,\"height\":2560,\"caption\":\"PAVI DECOR\"},{\"@type\":\"BreadcrumbList\",\"@id\":\"https:\/\/pavidecor.si\/it\/prodotto\/portaombrelli-in-legno-esotico-61x22x22cm\/#breadcrumb\",\"itemListElement\":[{\"@type\":\"ListItem\",\"position\":1,\"name\":\"Domov\",\"item\":\"https:\/\/pavidecor.si\/it\/\"},{\"@type\":\"ListItem\",\"position\":2,\"name\":\"Negozio online\",\"item\":\"https:\/\/pavidecor.si\/it\/negozio-online\/\"},{\"@type\":\"ListItem\",\"position\":3,\"name\":\"Portaombrelli in legno esotico 61x22x22cm\"}]},{\"@type\":\"WebSite\",\"@id\":\"https:\/\/pavidecor.si\/it\/#website\",\"url\":\"https:\/\/pavidecor.si\/it\/\",\"name\":\"Pavi Decor\",\"description\":\"Leseni unikati ustvarjeni iz ljubezni do lesa in narave.\",\"potentialAction\":[{\"@type\":\"SearchAction\",\"target\":{\"@type\":\"EntryPoint\",\"urlTemplate\":\"https:\/\/pavidecor.si\/it\/?s={search_term_string}\"},\"query-input\":{\"@type\":\"PropertyValueSpecification\",\"valueRequired\":true,\"valueName\":\"search_term_string\"}}],\"inLanguage\":\"it-IT\"}]}<\/script>\n<!-- \/ Yoast SEO plugin. -->","yoast_head_json":{"title":"Portaombrelli in legno esotico - Eleganza esclusiva nella tua casa","description":"Il portaombrelli in legno esotico massello \u00e8 molto stabile. Il trattamento del legno naturale gli conferisce un autentico carattere antico e fascino.","robots":{"index":"index","follow":"follow","max-snippet":"max-snippet:-1","max-image-preview":"max-image-preview:large","max-video-preview":"max-video-preview:-1"},"canonical":"https:\/\/pavidecor.si\/it\/prodotto\/portaombrelli-in-legno-esotico-61x22x22cm\/","og_locale":"it_IT","og_type":"article","og_title":"Portaombrelli in legno esotico - Eleganza esclusiva nella tua casa","og_description":"Il portaombrelli in legno esotico massello \u00e8 molto stabile. Il trattamento del legno naturale gli conferisce un autentico carattere antico e fascino.","og_url":"https:\/\/pavidecor.si\/it\/prodotto\/portaombrelli-in-legno-esotico-61x22x22cm\/","og_site_name":"Pavi Decor","article_modified_time":"2026-04-21T22:03:43+00:00","og_image":[{"width":2560,"height":2560,"url":"https:\/\/pavidecor.si\/wp-content\/uploads\/2026\/02\/1IMG_9018a-scaled.jpg","type":"image\/jpeg"}],"twitter_card":"summary_large_image","twitter_misc":{"Tempo di lettura stimato":"4 minuti"},"schema":{"@context":"https:\/\/schema.org","@graph":[{"@type":"WebPage","@id":"https:\/\/pavidecor.si\/it\/prodotto\/portaombrelli-in-legno-esotico-61x22x22cm\/","url":"https:\/\/pavidecor.si\/it\/prodotto\/portaombrelli-in-legno-esotico-61x22x22cm\/","name":"Portaombrelli in legno esotico - Eleganza esclusiva nella tua casa","isPartOf":{"@id":"https:\/\/pavidecor.si\/it\/#website"},"primaryImageOfPage":{"@id":"https:\/\/pavidecor.si\/it\/prodotto\/portaombrelli-in-legno-esotico-61x22x22cm\/#primaryimage"},"image":{"@id":"https:\/\/pavidecor.si\/it\/prodotto\/portaombrelli-in-legno-esotico-61x22x22cm\/#primaryimage"},"thumbnailUrl":"https:\/\/pavidecor.si\/wp-content\/uploads\/2026\/02\/1IMG_9018a-scaled.jpg","datePublished":"2026-02-19T10:48:07+00:00","dateModified":"2026-04-21T22:03:43+00:00","description":"Il portaombrelli in legno esotico massello \u00e8 molto stabile. Il trattamento del legno naturale gli conferisce un autentico carattere antico e fascino.","breadcrumb":{"@id":"https:\/\/pavidecor.si\/it\/prodotto\/portaombrelli-in-legno-esotico-61x22x22cm\/#breadcrumb"},"inLanguage":"it-IT","potentialAction":[{"@type":"ReadAction","target":["https:\/\/pavidecor.si\/it\/prodotto\/portaombrelli-in-legno-esotico-61x22x22cm\/"]}]},{"@type":"ImageObject","inLanguage":"it-IT","@id":"https:\/\/pavidecor.si\/it\/prodotto\/portaombrelli-in-legno-esotico-61x22x22cm\/#primaryimage","url":"https:\/\/pavidecor.si\/wp-content\/uploads\/2026\/02\/1IMG_9018a-scaled.jpg","contentUrl":"https:\/\/pavidecor.si\/wp-content\/uploads\/2026\/02\/1IMG_9018a-scaled.jpg","width":2560,"height":2560,"caption":"PAVI DECOR"},{"@type":"BreadcrumbList","@id":"https:\/\/pavidecor.si\/it\/prodotto\/portaombrelli-in-legno-esotico-61x22x22cm\/#breadcrumb","itemListElement":[{"@type":"ListItem","position":1,"name":"Domov","item":"https:\/\/pavidecor.si\/it\/"},{"@type":"ListItem","position":2,"name":"Negozio online","item":"https:\/\/pavidecor.si\/it\/negozio-online\/"},{"@type":"ListItem","position":3,"name":"Portaombrelli in legno esotico 61x22x22cm"}]},{"@type":"WebSite","@id":"https:\/\/pavidecor.si\/it\/#website","url":"https:\/\/pavidecor.si\/it\/","name":"Pavi Decor","description":"Leseni unikati ustvarjeni iz ljubezni do lesa in narave.","potentialAction":[{"@type":"SearchAction","target":{"@type":"EntryPoint","urlTemplate":"https:\/\/pavidecor.si\/it\/?s={search_term_string}"},"query-input":{"@type":"PropertyValueSpecification","valueRequired":true,"valueName":"search_term_string"}}],"inLanguage":"it-IT"}]}},"_links":{"self":[{"href":"https:\/\/pavidecor.si\/it\/wp-json\/wp\/v2\/product\/27261","targetHints":{"allow":["GET"]}}],"collection":[{"href":"https:\/\/pavidecor.si\/it\/wp-json\/wp\/v2\/product"}],"about":[{"href":"https:\/\/pavidecor.si\/it\/wp-json\/wp\/v2\/types\/product"}],"replies":[{"embeddable":true,"href":"https:\/\/pavidecor.si\/it\/wp-json\/wp\/v2\/comments?post=27261"}],"wp:featuredmedia":[{"embeddable":true,"href":"https:\/\/pavidecor.si\/it\/wp-json\/wp\/v2\/media\/27266"}],"wp:attachment":[{"href":"https:\/\/pavidecor.si\/it\/wp-json\/wp\/v2\/media?parent=27261"}],"wp:term":[{"taxonomy":"product_brand","embeddable":true,"href":"https:\/\/pavidecor.si\/it\/wp-json\/wp\/v2\/product_brand?post=27261"},{"taxonomy":"product_cat","embeddable":true,"href":"https:\/\/pavidecor.si\/it\/wp-json\/wp\/v2\/product_cat?post=27261"},{"taxonomy":"product_tag","embeddable":true,"href":"https:\/\/pavidecor.si\/it\/wp-json\/wp\/v2\/product_tag?post=27261"}],"curies":[{"name":"wp","href":"https:\/\/api.w.org\/{rel}","templated":true}]}}