	{"id":26060,"date":"2025-09-05T09:39:07","date_gmt":"2025-09-05T09:39:07","guid":{"rendered":"https:\/\/pavidecor.si\/?post_type=product&#038;p=26060"},"modified":"2026-05-12T21:42:38","modified_gmt":"2026-05-12T21:42:38","slug":"tappeto-da-bagno-in-legno-di-pino-rivestito-200x80cm","status":"publish","type":"product","link":"https:\/\/pavidecor.si\/it\/prodotto\/tappeto-da-bagno-in-legno-di-pino-rivestito-200x80cm\/","title":{"rendered":"Tappeto da bagno in legno di pino rivestito 200x80cm"},"content":{"rendered":"<p><span class=\"prvimanjsinaslovopis\">Tappeto da bagno in legno di pino &#8211; Eleganza naturale per ogni spazio &#8211; Dimensioni 200x80x2cm<\/span><\/p>\n<p>&nbsp;<\/p>\n<h2><span class=\"odebeljenopis\"><strong><br \/>\nScopri il nostro tappeto da bagno in legno di pino, un prodotto unico di PAVI DECOR, dove la passione per il legno e la natura si uniscono per creare pezzi straordinari. Realizzato a mano in Slovenia, questo tappeto \u00e8 perfetto per interni come camere da letto, sale da pranzo e terrazze, offrendo un tocco di eleganza e funzionalit\u00e0.<\/strong><\/span><\/h2>\n<p>&nbsp;<\/p>\n<div class=\"row\">\n<div class=\"col-sm-6 \" style=\"margin-top: 30px;\"><center><img decoding=\"async\" class=\"lazyload img-responsive\" style=\"margin: 0px auto; max-width: 100%;\" src=\"data:image\/svg+xml,%3Csvg%20xmlns%3D%27http%3A%2F%2Fwww.w3.org%2F2000%2Fsvg%27%20width%3D%271751%27%20height%3D%271751%27%20viewBox%3D%270%200%201751%201751%27%3E%3Crect%20width%3D%271751%27%20height%3D%271751%27%20fill-opacity%3D%220%22%2F%3E%3C%2Fsvg%3E\" data-orig-src=\"https:\/\/pavidecor.si\/wp-content\/uploads\/2025\/09\/1.jpg\" \/><\/center><\/div>\n<div class=\"col-sm-6\" style=\"margin-top: 40px;\">\n<p>&nbsp;<\/p>\n<h3>Qualit\u00e0 artigianale e autenticit\u00e0<\/h3>\n<p>Noi di PAVI DECOR siamo orgogliosi della qualit\u00e0 artigianale dei nostri prodotti. Il tappeto da bagno in legno \u00e8 meticolosamente realizzato a mano, con doghe di legno unite da uno spago resistente. Questo metodo tradizionale di unione dei pezzi di legno, che ricorda i maestri artigiani di un tempo, conferisce ai nostri tappeti in legno <strong>un aspetto e una sensazione autentici<\/strong>. Il nostro tappeto \u00e8 progettato per adattarsi a una variet\u00e0 di spazi, preservando la bellezza naturale del legno.<\/p>\n<p>&nbsp;<\/p>\n<p>Realizzato in legno di pino, questo tappeto da bagno \u00e8 ecologico e non lascia macchie nere dovute ai tannini. La sua durevolezza e la sua compatibilit\u00e0 ecologica sono vantaggi chiave apprezzati da tutti coloro che sono consapevoli dell&#8217;importanza di un design sostenibile. Anche senza rivestimento protettivo, un tappeto in pino \u00e8 resistente agli agenti esterni. <strong>Il rivestimento protettivo ne aumenta ulteriormente la resistenza<\/strong> e ne prolunga la durata.<\/p>\n<p>&nbsp;<\/p>\n<p>&nbsp;<\/p>\n<\/div>\n<\/div>\n<div class=\"row\">\n<div class=\"col-sm-6 col-sm-push-6\" style=\"margin-top: 30px;\"><center><img decoding=\"async\" class=\"lazyload img-responsive\" style=\"margin: 0px auto; max-width: 100%;\" src=\"data:image\/svg+xml,%3Csvg%20xmlns%3D%27http%3A%2F%2Fwww.w3.org%2F2000%2Fsvg%27%20width%3D%271042%27%20height%3D%271042%27%20viewBox%3D%270%200%201042%201042%27%3E%3Crect%20width%3D%271042%27%20height%3D%271042%27%20fill-opacity%3D%220%22%2F%3E%3C%2Fsvg%3E\" data-orig-src=\"https:\/\/pavidecor.si\/wp-content\/uploads\/2025\/09\/3.jpg\" \/><\/center><\/div>\n<div class=\"col-sm-6 col-sm-pull-6\" style=\"margin-top: 40px;\">\n<p>&nbsp;<\/p>\n<h3>Design versatile per ogni spazio<\/h3>\n<p>Il tappeto da bagno in legno di pino \u00e8 estremamente versatile e pu\u00f2 essere utilizzato in una variet\u00e0 di spazi. \u00c8 ideale per essere posato su superfici dure come piastrelle e cemento, cos\u00ec come su superfici morbide come tappeti e moquette. Le sue funzionalit\u00e0 spaziano dalla protezione dal freddo e dal caldo alla <strong>protezione antiscivolo su superfici lisce<\/strong>. Pu\u00f2 essere utilizzato anche come superficie di appoggio o come tappeto in una veranda, rendendolo indispensabile in ogni casa.<\/p>\n<p>&nbsp;<\/p>\n<p>La facilit\u00e0 di pulizia \u00e8 un altro vantaggio di questo tappeto in legno. \u00c8 facile da spazzare, il che consente una pulizia rapida. Inoltre, <strong>\u00e8 possibile impilare pi\u00f9 pezzi insieme<\/strong> per creare un lungo percorso in legno su spiagge o terrazze, il che aumenta ulteriormente la praticit\u00e0 di questo tappeto. Con il suo colore caratteristico, si adatta perfettamente a diversi stili di arredamento d&#8217;interni o da giardino.<\/p>\n<p>&nbsp;<\/p>\n<\/div>\n<\/div>\n<div class=\"row\">\n<div class=\"col-sm-6\" style=\"margin-top: 30px;\"><center><img decoding=\"async\" class=\"lazyload img-responsive\" style=\"margin: 0px auto; max-width: 100%;\" src=\"data:image\/svg+xml,%3Csvg%20xmlns%3D%27http%3A%2F%2Fwww.w3.org%2F2000%2Fsvg%27%20width%3D%272560%27%20height%3D%272560%27%20viewBox%3D%270%200%202560%202560%27%3E%3Crect%20width%3D%272560%27%20height%3D%272560%27%20fill-opacity%3D%220%22%2F%3E%3C%2Fsvg%3E\" data-orig-src=\" https:\/\/pavidecor.si\/wp-content\/uploads\/2022\/04\/Preproga-Pavi-Decor-bazen-scaled.jpg\" \/><\/center><\/div>\n<div class=\"col-sm-6\" style=\"margin-top: 40px;\">\n<p>&nbsp;<\/p>\n<h3>Una scelta ecologica per la tua casa<\/h3>\n<p>Noi di PAVI DECOR siamo consapevoli dell&#8217;importanza del design sostenibile e dei materiali ecologici. La passerella in legno di pino \u00e8 realizzata con materiali naturali, il che la rende ecosostenibile. La sua ecocompatibilit\u00e0 e la sua lunga durata sono vantaggi chiave apprezzati dai nostri clienti. Passerelle in legno realizzate con i nostri tappeti sono visibili anche sulla <a href=\"https:\/\/pavidecor.si\/it\/projects\/spiaggia-di-rab\/\"><strong><span style=\"color: #3366ff;\">spiagga di Rab<\/span><\/strong><\/a>. Qui dimostrano la loro adattabilit\u00e0 e il loro ampio utilizzo.<\/p>\n<p>&nbsp;<\/p>\n<p>Scegliendo il nostro tappeto in legno, non solo arricchirete la vostra casa, ma sosterrete anche l&#8217;artigianato locale e un&#8217;economia sostenibile. Ogni prodotto che creiamo \u00e8 il risultato della nostra passione per il legno e la natura.\u00a0Ci\u00f2 si riflette <strong>nella qualit\u00e0 e nell&#8217;unicit\u00e0<\/strong> dei nostri prodotti. Unitevi a noi e scoprite la bellezza della natura nella vostra casa.<\/p>\n<\/div>\n<\/div>\n<p>&nbsp;<\/p>\n","protected":false},"excerpt":{"rendered":"<p><strong><span style=\"color: #c4963c;\">\u2192 Per uso interno ed esterno<br \/>\n\u2192 Facile montaggio \/ smontaggio<br \/>\n\u2192 Pi\u00f9 pezzi possono essere uniti per formare un percorso pi\u00f9 lungo<br \/>\n\u2192 Lunga durata<br \/>\n\u2192 Facile da pulire<br \/>\n\u2192 Legno di pino rivestito<br \/>\n\u2192 Possibilit\u00e0 di realizzazioni su misura<\/span><\/strong><\/p>\n","protected":false},"featured_media":26065,"comment_status":"open","ping_status":"closed","template":"","meta":[],"product_brand":[],"product_cat":[359],"product_tag":[213,373],"class_list":{"0":"post-26060","1":"product","2":"type-product","3":"status-publish","4":"has-post-thumbnail","6":"product_cat-tappeti-e-stuoie","7":"product_tag-nuovo","8":"product_tag-spiaggia-di-rab","10":"first","11":"instock","12":"taxable","13":"shipping-taxable","14":"purchasable","15":"product-type-simple"},"yoast_head":"<!-- This site is optimized with the Yoast SEO plugin v27.2 - https:\/\/yoast.com\/product\/yoast-seo-wordpress\/ -->\n<title>Tappeto da bagno in legno di pino rivestito - Qualit\u00e0 PAVI DECOR<\/title>\n<meta name=\"description\" content=\"Il tappeto da bagno in legno di pino \u00e8 adatto per uso interno ed esterno, per proteggere da superfici fredde o scivolose. Facile da pulire e manutenere.\" \/>\n<meta name=\"robots\" content=\"index, follow, max-snippet:-1, max-image-preview:large, max-video-preview:-1\" \/>\n<link rel=\"canonical\" href=\"https:\/\/pavidecor.si\/it\/prodotto\/tappeto-da-bagno-in-legno-di-pino-rivestito-200x80cm\/\" \/>\n<meta property=\"og:locale\" content=\"it_IT\" \/>\n<meta property=\"og:type\" content=\"article\" \/>\n<meta property=\"og:title\" content=\"Tappeto da bagno in legno di pino rivestito - Qualit\u00e0 PAVI DECOR\" \/>\n<meta property=\"og:description\" content=\"Il tappeto da bagno in legno di pino \u00e8 adatto per uso interno ed esterno, per proteggere da superfici fredde o scivolose. Facile da pulire e manutenere.\" \/>\n<meta property=\"og:url\" content=\"https:\/\/pavidecor.si\/it\/prodotto\/tappeto-da-bagno-in-legno-di-pino-rivestito-200x80cm\/\" \/>\n<meta property=\"og:site_name\" content=\"Pavi Decor\" \/>\n<meta property=\"article:modified_time\" content=\"2026-05-12T21:42:38+00:00\" \/>\n<meta property=\"og:image\" content=\"https:\/\/pavidecor.si\/wp-content\/uploads\/2025\/09\/1.jpg\" \/>\n\t<meta property=\"og:image:width\" content=\"1751\" \/>\n\t<meta property=\"og:image:height\" content=\"1751\" \/>\n\t<meta property=\"og:image:type\" content=\"image\/jpeg\" \/>\n<meta name=\"twitter:card\" content=\"summary_large_image\" \/>\n<meta name=\"twitter:label1\" content=\"Tempo di lettura stimato\" \/>\n\t<meta name=\"twitter:data1\" content=\"4 minuti\" \/>\n<script type=\"application\/ld+json\" class=\"yoast-schema-graph\">{\"@context\":\"https:\/\/schema.org\",\"@graph\":[{\"@type\":\"WebPage\",\"@id\":\"https:\/\/pavidecor.si\/it\/prodotto\/tappeto-da-bagno-in-legno-di-pino-rivestito-200x80cm\/\",\"url\":\"https:\/\/pavidecor.si\/it\/prodotto\/tappeto-da-bagno-in-legno-di-pino-rivestito-200x80cm\/\",\"name\":\"Tappeto da bagno in legno di pino rivestito - Qualit\u00e0 PAVI DECOR\",\"isPartOf\":{\"@id\":\"https:\/\/pavidecor.si\/it\/#website\"},\"primaryImageOfPage\":{\"@id\":\"https:\/\/pavidecor.si\/it\/prodotto\/tappeto-da-bagno-in-legno-di-pino-rivestito-200x80cm\/#primaryimage\"},\"image\":{\"@id\":\"https:\/\/pavidecor.si\/it\/prodotto\/tappeto-da-bagno-in-legno-di-pino-rivestito-200x80cm\/#primaryimage\"},\"thumbnailUrl\":\"https:\/\/pavidecor.si\/wp-content\/uploads\/2025\/09\/1.jpg\",\"datePublished\":\"2025-09-05T09:39:07+00:00\",\"dateModified\":\"2026-05-12T21:42:38+00:00\",\"description\":\"Il tappeto da bagno in legno di pino \u00e8 adatto per uso interno ed esterno, per proteggere da superfici fredde o scivolose. Facile da pulire e manutenere.\",\"breadcrumb\":{\"@id\":\"https:\/\/pavidecor.si\/it\/prodotto\/tappeto-da-bagno-in-legno-di-pino-rivestito-200x80cm\/#breadcrumb\"},\"inLanguage\":\"it-IT\",\"potentialAction\":[{\"@type\":\"ReadAction\",\"target\":[\"https:\/\/pavidecor.si\/it\/prodotto\/tappeto-da-bagno-in-legno-di-pino-rivestito-200x80cm\/\"]}]},{\"@type\":\"ImageObject\",\"inLanguage\":\"it-IT\",\"@id\":\"https:\/\/pavidecor.si\/it\/prodotto\/tappeto-da-bagno-in-legno-di-pino-rivestito-200x80cm\/#primaryimage\",\"url\":\"https:\/\/pavidecor.si\/wp-content\/uploads\/2025\/09\/1.jpg\",\"contentUrl\":\"https:\/\/pavidecor.si\/wp-content\/uploads\/2025\/09\/1.jpg\",\"width\":1751,\"height\":1751,\"caption\":\"PAVI DECOR\"},{\"@type\":\"BreadcrumbList\",\"@id\":\"https:\/\/pavidecor.si\/it\/prodotto\/tappeto-da-bagno-in-legno-di-pino-rivestito-200x80cm\/#breadcrumb\",\"itemListElement\":[{\"@type\":\"ListItem\",\"position\":1,\"name\":\"Domov\",\"item\":\"https:\/\/pavidecor.si\/it\/\"},{\"@type\":\"ListItem\",\"position\":2,\"name\":\"Negozio online\",\"item\":\"https:\/\/pavidecor.si\/it\/negozio-online\/\"},{\"@type\":\"ListItem\",\"position\":3,\"name\":\"Tappeto da bagno in legno di pino rivestito 200x80cm\"}]},{\"@type\":\"WebSite\",\"@id\":\"https:\/\/pavidecor.si\/it\/#website\",\"url\":\"https:\/\/pavidecor.si\/it\/\",\"name\":\"Pavi Decor\",\"description\":\"Leseni unikati ustvarjeni iz ljubezni do lesa in narave.\",\"potentialAction\":[{\"@type\":\"SearchAction\",\"target\":{\"@type\":\"EntryPoint\",\"urlTemplate\":\"https:\/\/pavidecor.si\/it\/?s={search_term_string}\"},\"query-input\":{\"@type\":\"PropertyValueSpecification\",\"valueRequired\":true,\"valueName\":\"search_term_string\"}}],\"inLanguage\":\"it-IT\"}]}<\/script>\n<!-- \/ Yoast SEO plugin. -->","yoast_head_json":{"title":"Tappeto da bagno in legno di pino rivestito - Qualit\u00e0 PAVI DECOR","description":"Il tappeto da bagno in legno di pino \u00e8 adatto per uso interno ed esterno, per proteggere da superfici fredde o scivolose. Facile da pulire e manutenere.","robots":{"index":"index","follow":"follow","max-snippet":"max-snippet:-1","max-image-preview":"max-image-preview:large","max-video-preview":"max-video-preview:-1"},"canonical":"https:\/\/pavidecor.si\/it\/prodotto\/tappeto-da-bagno-in-legno-di-pino-rivestito-200x80cm\/","og_locale":"it_IT","og_type":"article","og_title":"Tappeto da bagno in legno di pino rivestito - Qualit\u00e0 PAVI DECOR","og_description":"Il tappeto da bagno in legno di pino \u00e8 adatto per uso interno ed esterno, per proteggere da superfici fredde o scivolose. Facile da pulire e manutenere.","og_url":"https:\/\/pavidecor.si\/it\/prodotto\/tappeto-da-bagno-in-legno-di-pino-rivestito-200x80cm\/","og_site_name":"Pavi Decor","article_modified_time":"2026-05-12T21:42:38+00:00","og_image":[{"width":1751,"height":1751,"url":"https:\/\/pavidecor.si\/wp-content\/uploads\/2025\/09\/1.jpg","type":"image\/jpeg"}],"twitter_card":"summary_large_image","twitter_misc":{"Tempo di lettura stimato":"4 minuti"},"schema":{"@context":"https:\/\/schema.org","@graph":[{"@type":"WebPage","@id":"https:\/\/pavidecor.si\/it\/prodotto\/tappeto-da-bagno-in-legno-di-pino-rivestito-200x80cm\/","url":"https:\/\/pavidecor.si\/it\/prodotto\/tappeto-da-bagno-in-legno-di-pino-rivestito-200x80cm\/","name":"Tappeto da bagno in legno di pino rivestito - Qualit\u00e0 PAVI DECOR","isPartOf":{"@id":"https:\/\/pavidecor.si\/it\/#website"},"primaryImageOfPage":{"@id":"https:\/\/pavidecor.si\/it\/prodotto\/tappeto-da-bagno-in-legno-di-pino-rivestito-200x80cm\/#primaryimage"},"image":{"@id":"https:\/\/pavidecor.si\/it\/prodotto\/tappeto-da-bagno-in-legno-di-pino-rivestito-200x80cm\/#primaryimage"},"thumbnailUrl":"https:\/\/pavidecor.si\/wp-content\/uploads\/2025\/09\/1.jpg","datePublished":"2025-09-05T09:39:07+00:00","dateModified":"2026-05-12T21:42:38+00:00","description":"Il tappeto da bagno in legno di pino \u00e8 adatto per uso interno ed esterno, per proteggere da superfici fredde o scivolose. Facile da pulire e manutenere.","breadcrumb":{"@id":"https:\/\/pavidecor.si\/it\/prodotto\/tappeto-da-bagno-in-legno-di-pino-rivestito-200x80cm\/#breadcrumb"},"inLanguage":"it-IT","potentialAction":[{"@type":"ReadAction","target":["https:\/\/pavidecor.si\/it\/prodotto\/tappeto-da-bagno-in-legno-di-pino-rivestito-200x80cm\/"]}]},{"@type":"ImageObject","inLanguage":"it-IT","@id":"https:\/\/pavidecor.si\/it\/prodotto\/tappeto-da-bagno-in-legno-di-pino-rivestito-200x80cm\/#primaryimage","url":"https:\/\/pavidecor.si\/wp-content\/uploads\/2025\/09\/1.jpg","contentUrl":"https:\/\/pavidecor.si\/wp-content\/uploads\/2025\/09\/1.jpg","width":1751,"height":1751,"caption":"PAVI DECOR"},{"@type":"BreadcrumbList","@id":"https:\/\/pavidecor.si\/it\/prodotto\/tappeto-da-bagno-in-legno-di-pino-rivestito-200x80cm\/#breadcrumb","itemListElement":[{"@type":"ListItem","position":1,"name":"Domov","item":"https:\/\/pavidecor.si\/it\/"},{"@type":"ListItem","position":2,"name":"Negozio online","item":"https:\/\/pavidecor.si\/it\/negozio-online\/"},{"@type":"ListItem","position":3,"name":"Tappeto da bagno in legno di pino rivestito 200x80cm"}]},{"@type":"WebSite","@id":"https:\/\/pavidecor.si\/it\/#website","url":"https:\/\/pavidecor.si\/it\/","name":"Pavi Decor","description":"Leseni unikati ustvarjeni iz ljubezni do lesa in narave.","potentialAction":[{"@type":"SearchAction","target":{"@type":"EntryPoint","urlTemplate":"https:\/\/pavidecor.si\/it\/?s={search_term_string}"},"query-input":{"@type":"PropertyValueSpecification","valueRequired":true,"valueName":"search_term_string"}}],"inLanguage":"it-IT"}]}},"_links":{"self":[{"href":"https:\/\/pavidecor.si\/it\/wp-json\/wp\/v2\/product\/26060","targetHints":{"allow":["GET"]}}],"collection":[{"href":"https:\/\/pavidecor.si\/it\/wp-json\/wp\/v2\/product"}],"about":[{"href":"https:\/\/pavidecor.si\/it\/wp-json\/wp\/v2\/types\/product"}],"replies":[{"embeddable":true,"href":"https:\/\/pavidecor.si\/it\/wp-json\/wp\/v2\/comments?post=26060"}],"wp:featuredmedia":[{"embeddable":true,"href":"https:\/\/pavidecor.si\/it\/wp-json\/wp\/v2\/media\/26065"}],"wp:attachment":[{"href":"https:\/\/pavidecor.si\/it\/wp-json\/wp\/v2\/media?parent=26060"}],"wp:term":[{"taxonomy":"product_brand","embeddable":true,"href":"https:\/\/pavidecor.si\/it\/wp-json\/wp\/v2\/product_brand?post=26060"},{"taxonomy":"product_cat","embeddable":true,"href":"https:\/\/pavidecor.si\/it\/wp-json\/wp\/v2\/product_cat?post=26060"},{"taxonomy":"product_tag","embeddable":true,"href":"https:\/\/pavidecor.si\/it\/wp-json\/wp\/v2\/product_tag?post=26060"}],"curies":[{"name":"wp","href":"https:\/\/api.w.org\/{rel}","templated":true}]}}