	{"id":25664,"date":"2025-07-15T10:10:06","date_gmt":"2025-07-15T10:10:06","guid":{"rendered":"https:\/\/pavidecor.si\/?post_type=product&#038;p=25664"},"modified":"2026-04-24T20:28:13","modified_gmt":"2026-04-24T20:28:13","slug":"barca-decorativa-pd-35x24x2cm","status":"publish","type":"product","link":"https:\/\/pavidecor.si\/it\/prodotto\/barca-decorativa-pd-35x24x2cm\/","title":{"rendered":"Barca decorativa PD 35x24x2cm"},"content":{"rendered":"<p><span class=\"prvimanjsinaslovopis\"> Barca decorativa &#8211; Decorazione murale unica in legno<\/span><\/p>\n<p>&nbsp;<\/p>\n<h2><span class=\"odebeljenopis\"><strong><br \/>\nScoprite la magia del mare con la nostra barca decorativa, che dona freschezza ed eleganza a qualsiasi stanza. Realizzata in legno galleggiante e legno riciclato, questa decorazione murale unica non solo incanta con il suo aspetto, ma racconta anche una storia d&#8217;amore per la natura e l&#8217;artigianato.<\/strong><\/span><\/h2>\n<p>&nbsp;<\/p>\n<div class=\"row\">\n<div class=\"col-sm-6 \" style=\"margin-top: 30px;\"><center><img decoding=\"async\" class=\"lazyload img-responsive\" style=\"margin: 0px auto; max-width: 100%;\" src=\"data:image\/svg+xml,%3Csvg%20xmlns%3D%27http%3A%2F%2Fwww.w3.org%2F2000%2Fsvg%27%20width%3D%272494%27%20height%3D%272494%27%20viewBox%3D%270%200%202494%202494%27%3E%3Crect%20width%3D%272494%27%20height%3D%272494%27%20fill-opacity%3D%220%22%2F%3E%3C%2Fsvg%3E\" data-orig-src=\"https:\/\/pavidecor.si\/wp-content\/uploads\/2025\/07\/1IMG_8754.jpg\" \/><\/center><\/div>\n<div class=\"col-sm-6\" style=\"margin-top: 40px;\">\n<h3>Unico fatto a mano<\/h3>\n<p>La nostra barca decorativa \u00e8 il risultato della passione e della dedizione che mettiamo in ogni prodotto. Nel negozio PAVI DECOR di Lubiana ci concentriamo sulla produzione artigianale e sull&#8217;uso di materiali naturali, che garantiscono l&#8217;unicit\u00e0 di ogni pezzo. La barca a vela \u00e8 realizzata in legno e legno riciclato, il che significa che non \u00e8 solo esteticamente accattivante, ma anche rispettosa dell&#8217;ambiente. Il nostro team di artigiani utilizza <strong>tecniche tradizionali per la lavorazione<\/strong> delle parti in legno, che conferiscono al prodotto un aspetto autentico. Ci\u00f2 \u00e8 molto apprezzato dagli amanti dei pezzi unici.<\/p>\n<p>&nbsp;<\/p>\n<p>Ogni barca a vela \u00e8 accuratamente rettificata per ottenere una sensazione di morbidezza e piacevolezza al tatto. Ha anche una bandiera e una corda installati sulla parte superiore dell&#8217;albero. Sul retro della fusoliera \u00e8 illuminata la scritta &#8220;unico&#8221;, che ne <strong>sottolinea ulteriormente l&#8217;unicit\u00e0<\/strong>. Scegliendo la nostra barca a vela, non solo si ottiene un bellissimo arredamento, ma anche un pezzo che porta con s\u00e9 una storia e una tradizione.<\/p>\n<p>&nbsp;<\/p>\n<\/div>\n<\/div>\n<div class=\"row\">\n<div class=\"col-sm-6 col-sm-push-6\" style=\"margin-top: 30px;\"><center><a href=\"https:\/\/pavidecor.si\/wp-content\/uploads\/2024\/10\/1IMG_8784a-600x600.jpg\"><img decoding=\"async\" class=\"lazyload img-responsive\" style=\"margin: 0px auto; max-width: 100%;\" src=\"data:image\/svg+xml,%3Csvg%20xmlns%3D%27http%3A%2F%2Fwww.w3.org%2F2000%2Fsvg%27%20width%3D%272560%27%20height%3D%272560%27%20viewBox%3D%270%200%202560%202560%27%3E%3Crect%20width%3D%272560%27%20height%3D%272560%27%20fill-opacity%3D%220%22%2F%3E%3C%2Fsvg%3E\" data-orig-src=\"https:\/\/pavidecor.si\/wp-content\/uploads\/2025\/07\/2IMG_8750-scaled.jpg\" \/><\/a><\/center><\/div>\n<div class=\"col-sm-6 col-sm-pull-6\" style=\"margin-top: 40px;\">\n<h3>Arredamento nautico per ogni casa<\/h3>\n<p>Una barca decorativa \u00e8 la scelta ideale per chiunque voglia portare lo spirito del mare nella propria casa. La sua forma stretta e la combinazione di colori trasmettono una sensazione di freschezza e leggerezza. L&#8217;attrezzatura comprende tessuto a rete in cotone per le vele. Questo prodotto \u00e8 un complemento perfetto per soggiorni o uffici, dove pu\u00f2 ricordarvi i momenti di relax al mare. \u00c8 perfetto anche per le camerette dei bambini.<\/p>\n<p>&nbsp;<\/p>\n<p>Con la nostra barca a vela, potrete creare un&#8217;atmosfera piacevole che vi ricorder\u00e0 le giornate di sole, il vento tra i capelli e una vacanza spensierata. Su tua richiesta, offriamo anche la possibilit\u00e0 di ristampare il tuo nome o la registrazione, il che ti consente di personalizzare e <strong>aggiungere un tocco speciale<\/strong> al tuo arredamento. Ogni barca a vela \u00e8 unica, il che significa che avrai qualcosa di veramente speciale nella tua casa.<\/p>\n<p>&nbsp;<\/p>\n<\/div>\n<\/div>\n<div class=\"row\">\n<div class=\"col-sm-6\" style=\"margin-top: 30px;\"><center><img decoding=\"async\" class=\"lazyload img-responsive\" style=\"margin: 0px auto; max-width: 100%;\" src=\"data:image\/svg+xml,%3Csvg%20xmlns%3D%27http%3A%2F%2Fwww.w3.org%2F2000%2Fsvg%27%20width%3D%272101%27%20height%3D%272101%27%20viewBox%3D%270%200%202101%202101%27%3E%3Crect%20width%3D%272101%27%20height%3D%272101%27%20fill-opacity%3D%220%22%2F%3E%3C%2Fsvg%3E\" data-orig-src=\"https:\/\/pavidecor.si\/wp-content\/uploads\/2025\/07\/3IMG_8751.jpg\" \/><\/center><\/div>\n<div class=\"col-sm-6\" style=\"margin-top: 40px;\">\n<p>&nbsp;<\/p>\n<h3>Una scelta ecologica e sostenibile<\/h3>\n<p>Noi di PAVI DECOR crediamo nel design sostenibile e nell&#8217;uso di materiali naturali. La nostra barca decorativa \u00e8 realizzata in legno riciclato e legno galleggiante. Ci\u00f2 significa che scegliendo il nostro prodotto contribuisci a proteggere l&#8217;ambiente. Sostenendo l&#8217;artigianato locale, contribuisci a preservare la tradizione artigianale e a promuovere un&#8217;economia sostenibile.<\/p>\n<p>&nbsp;<\/p>\n<p>La nostra barca non \u00e8 solo un elemento decorativo, ma anche un simbolo di amore per i materiali utilizzati. Acquistando la nostra barca a vela non solo arricchirete la vostra casa, ma sosterrete anche gli artisti e gli artigiani locali. Tutti i nostri dipendenti sono molto appassionati nel creare prodotti unici. Puoi anche vedere alcune barche a vela come parte del nostro <strong><a href=\"https:\/\/pavidecor.si\/it\/projects\/bar-sulla-spiaggia\/\"><span style=\"color: #3366ff;\">bar sulla spiaggia<\/span><\/a><\/strong>. Unisciti a noi e scopri la bellezza che la natura porta a casa tua.<\/p>\n<\/div>\n<\/div>\n<p>&nbsp;<\/p>\n","protected":false},"excerpt":{"rendered":"<p><strong><span style=\"color: #c4963c;\">\u2192 Fatto a mano<\/span><\/strong><strong><span style=\"color: #c4963c;\"><br \/>\n<\/span><span style=\"color: #c4963c;\">\u2192 Unico<\/span><\/strong><\/p>\n","protected":false},"featured_media":25669,"comment_status":"open","ping_status":"closed","template":"","meta":[],"product_brand":[],"product_cat":[336],"product_tag":[213],"class_list":{"0":"post-25664","1":"product","2":"type-product","3":"status-publish","4":"has-post-thumbnail","6":"product_cat-barche","7":"product_tag-nuovo","9":"first","10":"instock","11":"sold-individually","12":"taxable","13":"shipping-taxable","14":"purchasable","15":"product-type-simple"},"yoast_head":"<!-- This site is optimized with the Yoast SEO plugin v27.2 - https:\/\/yoast.com\/product\/yoast-seo-wordpress\/ -->\n<title>Barca decorativa PAVI DECOR - Decorazione murale unica<\/title>\n<meta name=\"description\" content=\"Barca decorativa \u00e8 un bellissimo decoro nautico realizzato con legno riciclato. Ha vele di cotone dipinte, una bandiera e corda sull&#039;albero.\" \/>\n<meta name=\"robots\" content=\"index, follow, max-snippet:-1, max-image-preview:large, max-video-preview:-1\" \/>\n<link rel=\"canonical\" href=\"https:\/\/pavidecor.si\/it\/prodotto\/barca-decorativa-pd-35x24x2cm\/\" \/>\n<meta property=\"og:locale\" content=\"it_IT\" \/>\n<meta property=\"og:type\" content=\"article\" \/>\n<meta property=\"og:title\" content=\"Barca decorativa PAVI DECOR - Decorazione murale unica\" \/>\n<meta property=\"og:description\" content=\"Barca decorativa \u00e8 un bellissimo decoro nautico realizzato con legno riciclato. Ha vele di cotone dipinte, una bandiera e corda sull&#039;albero.\" \/>\n<meta property=\"og:url\" content=\"https:\/\/pavidecor.si\/it\/prodotto\/barca-decorativa-pd-35x24x2cm\/\" \/>\n<meta property=\"og:site_name\" content=\"Pavi Decor\" \/>\n<meta property=\"article:modified_time\" content=\"2026-04-24T20:28:13+00:00\" \/>\n<meta property=\"og:image\" content=\"https:\/\/pavidecor.si\/wp-content\/uploads\/2025\/07\/1IMG_8754.jpg\" \/>\n\t<meta property=\"og:image:width\" content=\"2494\" \/>\n\t<meta property=\"og:image:height\" content=\"2494\" \/>\n\t<meta property=\"og:image:type\" content=\"image\/jpeg\" \/>\n<meta name=\"twitter:card\" content=\"summary_large_image\" \/>\n<meta name=\"twitter:label1\" content=\"Tempo di lettura stimato\" \/>\n\t<meta name=\"twitter:data1\" content=\"4 minuti\" \/>\n<script type=\"application\/ld+json\" class=\"yoast-schema-graph\">{\"@context\":\"https:\/\/schema.org\",\"@graph\":[{\"@type\":\"WebPage\",\"@id\":\"https:\/\/pavidecor.si\/it\/prodotto\/barca-decorativa-pd-35x24x2cm\/\",\"url\":\"https:\/\/pavidecor.si\/it\/prodotto\/barca-decorativa-pd-35x24x2cm\/\",\"name\":\"Barca decorativa PAVI DECOR - Decorazione murale unica\",\"isPartOf\":{\"@id\":\"https:\/\/pavidecor.si\/it\/#website\"},\"primaryImageOfPage\":{\"@id\":\"https:\/\/pavidecor.si\/it\/prodotto\/barca-decorativa-pd-35x24x2cm\/#primaryimage\"},\"image\":{\"@id\":\"https:\/\/pavidecor.si\/it\/prodotto\/barca-decorativa-pd-35x24x2cm\/#primaryimage\"},\"thumbnailUrl\":\"https:\/\/pavidecor.si\/wp-content\/uploads\/2025\/07\/1IMG_8754.jpg\",\"datePublished\":\"2025-07-15T10:10:06+00:00\",\"dateModified\":\"2026-04-24T20:28:13+00:00\",\"description\":\"Barca decorativa \u00e8 un bellissimo decoro nautico realizzato con legno riciclato. Ha vele di cotone dipinte, una bandiera e corda sull'albero.\",\"breadcrumb\":{\"@id\":\"https:\/\/pavidecor.si\/it\/prodotto\/barca-decorativa-pd-35x24x2cm\/#breadcrumb\"},\"inLanguage\":\"it-IT\",\"potentialAction\":[{\"@type\":\"ReadAction\",\"target\":[\"https:\/\/pavidecor.si\/it\/prodotto\/barca-decorativa-pd-35x24x2cm\/\"]}]},{\"@type\":\"ImageObject\",\"inLanguage\":\"it-IT\",\"@id\":\"https:\/\/pavidecor.si\/it\/prodotto\/barca-decorativa-pd-35x24x2cm\/#primaryimage\",\"url\":\"https:\/\/pavidecor.si\/wp-content\/uploads\/2025\/07\/1IMG_8754.jpg\",\"contentUrl\":\"https:\/\/pavidecor.si\/wp-content\/uploads\/2025\/07\/1IMG_8754.jpg\",\"width\":2494,\"height\":2494,\"caption\":\"PAVI DECOR\"},{\"@type\":\"BreadcrumbList\",\"@id\":\"https:\/\/pavidecor.si\/it\/prodotto\/barca-decorativa-pd-35x24x2cm\/#breadcrumb\",\"itemListElement\":[{\"@type\":\"ListItem\",\"position\":1,\"name\":\"Domov\",\"item\":\"https:\/\/pavidecor.si\/it\/\"},{\"@type\":\"ListItem\",\"position\":2,\"name\":\"Negozio online\",\"item\":\"https:\/\/pavidecor.si\/it\/negozio-online\/\"},{\"@type\":\"ListItem\",\"position\":3,\"name\":\"Barca decorativa PD 35x24x2cm\"}]},{\"@type\":\"WebSite\",\"@id\":\"https:\/\/pavidecor.si\/it\/#website\",\"url\":\"https:\/\/pavidecor.si\/it\/\",\"name\":\"Pavi Decor\",\"description\":\"Leseni unikati ustvarjeni iz ljubezni do lesa in narave.\",\"potentialAction\":[{\"@type\":\"SearchAction\",\"target\":{\"@type\":\"EntryPoint\",\"urlTemplate\":\"https:\/\/pavidecor.si\/it\/?s={search_term_string}\"},\"query-input\":{\"@type\":\"PropertyValueSpecification\",\"valueRequired\":true,\"valueName\":\"search_term_string\"}}],\"inLanguage\":\"it-IT\"}]}<\/script>\n<!-- \/ Yoast SEO plugin. -->","yoast_head_json":{"title":"Barca decorativa PAVI DECOR - Decorazione murale unica","description":"Barca decorativa \u00e8 un bellissimo decoro nautico realizzato con legno riciclato. Ha vele di cotone dipinte, una bandiera e corda sull'albero.","robots":{"index":"index","follow":"follow","max-snippet":"max-snippet:-1","max-image-preview":"max-image-preview:large","max-video-preview":"max-video-preview:-1"},"canonical":"https:\/\/pavidecor.si\/it\/prodotto\/barca-decorativa-pd-35x24x2cm\/","og_locale":"it_IT","og_type":"article","og_title":"Barca decorativa PAVI DECOR - Decorazione murale unica","og_description":"Barca decorativa \u00e8 un bellissimo decoro nautico realizzato con legno riciclato. Ha vele di cotone dipinte, una bandiera e corda sull'albero.","og_url":"https:\/\/pavidecor.si\/it\/prodotto\/barca-decorativa-pd-35x24x2cm\/","og_site_name":"Pavi Decor","article_modified_time":"2026-04-24T20:28:13+00:00","og_image":[{"width":2494,"height":2494,"url":"https:\/\/pavidecor.si\/wp-content\/uploads\/2025\/07\/1IMG_8754.jpg","type":"image\/jpeg"}],"twitter_card":"summary_large_image","twitter_misc":{"Tempo di lettura stimato":"4 minuti"},"schema":{"@context":"https:\/\/schema.org","@graph":[{"@type":"WebPage","@id":"https:\/\/pavidecor.si\/it\/prodotto\/barca-decorativa-pd-35x24x2cm\/","url":"https:\/\/pavidecor.si\/it\/prodotto\/barca-decorativa-pd-35x24x2cm\/","name":"Barca decorativa PAVI DECOR - Decorazione murale unica","isPartOf":{"@id":"https:\/\/pavidecor.si\/it\/#website"},"primaryImageOfPage":{"@id":"https:\/\/pavidecor.si\/it\/prodotto\/barca-decorativa-pd-35x24x2cm\/#primaryimage"},"image":{"@id":"https:\/\/pavidecor.si\/it\/prodotto\/barca-decorativa-pd-35x24x2cm\/#primaryimage"},"thumbnailUrl":"https:\/\/pavidecor.si\/wp-content\/uploads\/2025\/07\/1IMG_8754.jpg","datePublished":"2025-07-15T10:10:06+00:00","dateModified":"2026-04-24T20:28:13+00:00","description":"Barca decorativa \u00e8 un bellissimo decoro nautico realizzato con legno riciclato. Ha vele di cotone dipinte, una bandiera e corda sull'albero.","breadcrumb":{"@id":"https:\/\/pavidecor.si\/it\/prodotto\/barca-decorativa-pd-35x24x2cm\/#breadcrumb"},"inLanguage":"it-IT","potentialAction":[{"@type":"ReadAction","target":["https:\/\/pavidecor.si\/it\/prodotto\/barca-decorativa-pd-35x24x2cm\/"]}]},{"@type":"ImageObject","inLanguage":"it-IT","@id":"https:\/\/pavidecor.si\/it\/prodotto\/barca-decorativa-pd-35x24x2cm\/#primaryimage","url":"https:\/\/pavidecor.si\/wp-content\/uploads\/2025\/07\/1IMG_8754.jpg","contentUrl":"https:\/\/pavidecor.si\/wp-content\/uploads\/2025\/07\/1IMG_8754.jpg","width":2494,"height":2494,"caption":"PAVI DECOR"},{"@type":"BreadcrumbList","@id":"https:\/\/pavidecor.si\/it\/prodotto\/barca-decorativa-pd-35x24x2cm\/#breadcrumb","itemListElement":[{"@type":"ListItem","position":1,"name":"Domov","item":"https:\/\/pavidecor.si\/it\/"},{"@type":"ListItem","position":2,"name":"Negozio online","item":"https:\/\/pavidecor.si\/it\/negozio-online\/"},{"@type":"ListItem","position":3,"name":"Barca decorativa PD 35x24x2cm"}]},{"@type":"WebSite","@id":"https:\/\/pavidecor.si\/it\/#website","url":"https:\/\/pavidecor.si\/it\/","name":"Pavi Decor","description":"Leseni unikati ustvarjeni iz ljubezni do lesa in narave.","potentialAction":[{"@type":"SearchAction","target":{"@type":"EntryPoint","urlTemplate":"https:\/\/pavidecor.si\/it\/?s={search_term_string}"},"query-input":{"@type":"PropertyValueSpecification","valueRequired":true,"valueName":"search_term_string"}}],"inLanguage":"it-IT"}]}},"_links":{"self":[{"href":"https:\/\/pavidecor.si\/it\/wp-json\/wp\/v2\/product\/25664","targetHints":{"allow":["GET"]}}],"collection":[{"href":"https:\/\/pavidecor.si\/it\/wp-json\/wp\/v2\/product"}],"about":[{"href":"https:\/\/pavidecor.si\/it\/wp-json\/wp\/v2\/types\/product"}],"replies":[{"embeddable":true,"href":"https:\/\/pavidecor.si\/it\/wp-json\/wp\/v2\/comments?post=25664"}],"wp:featuredmedia":[{"embeddable":true,"href":"https:\/\/pavidecor.si\/it\/wp-json\/wp\/v2\/media\/25669"}],"wp:attachment":[{"href":"https:\/\/pavidecor.si\/it\/wp-json\/wp\/v2\/media?parent=25664"}],"wp:term":[{"taxonomy":"product_brand","embeddable":true,"href":"https:\/\/pavidecor.si\/it\/wp-json\/wp\/v2\/product_brand?post=25664"},{"taxonomy":"product_cat","embeddable":true,"href":"https:\/\/pavidecor.si\/it\/wp-json\/wp\/v2\/product_cat?post=25664"},{"taxonomy":"product_tag","embeddable":true,"href":"https:\/\/pavidecor.si\/it\/wp-json\/wp\/v2\/product_tag?post=25664"}],"curies":[{"name":"wp","href":"https:\/\/api.w.org\/{rel}","templated":true}]}}