	{"id":25346,"date":"2025-06-04T08:12:16","date_gmt":"2025-06-04T08:12:16","guid":{"rendered":"https:\/\/pavidecor.si\/?post_type=product&#038;p=25346"},"modified":"2026-04-23T13:43:00","modified_gmt":"2026-04-23T13:43:00","slug":"letto-da-giardino-con-tetto-cabana-pino-basic-200x180x200cm","status":"publish","type":"product","link":"https:\/\/pavidecor.si\/it\/prodotto\/letto-da-giardino-con-tetto-cabana-pino-basic-200x180x200cm\/","title":{"rendered":"Letto da giardino con tetto, cabana pino basic 200x180x200cm"},"content":{"rendered":"<p>Letto da giardino con tetto &#8211; Montaggio facile e veloce senza attrezzi &#8211; Dimensioni 200x180x200cm<\/p>\n<p>&nbsp;<\/p>\n<h2><span class=\"odebeljenopis\"><strong>Scopri il mobile da esterno perfetto che combina funzionalit\u00e0, comfort ed estetica. Il letto da giardino di PAVI DECOR \u00e8 pensato per chi desidera un relax di qualit\u00e0 in terrazza, in giardino o sulla spiaggia. Realizzato con materiali naturali e con amore per il legno, \u00e8 un complemento indispensabile per qualsiasi ambiente.<br \/>\n<\/strong><\/span><\/h2>\n<p>&nbsp;<\/p>\n<div class=\"row\">\n<div class=\"col-sm-6 \" style=\"margin-top: 30px;\"><center><img decoding=\"async\" class=\"lazyload img-responsive\" style=\"margin: 0px auto; max-width: 100%;\" src=\"data:image\/svg+xml,%3Csvg%20xmlns%3D%27http%3A%2F%2Fwww.w3.org%2F2000%2Fsvg%27%20width%3D%271366%27%20height%3D%271366%27%20viewBox%3D%270%200%201366%201366%27%3E%3Crect%20width%3D%271366%27%20height%3D%271366%27%20fill-opacity%3D%220%22%2F%3E%3C%2Fsvg%3E\" data-orig-src=\"https:\/\/pavidecor.si\/wp-content\/uploads\/2025\/06\/Kabana-basic-1.jpg\" \/><\/center><\/div>\n<div class=\"col-sm-6\" style=\"margin-top: 40px;\">\n<p>&nbsp;<\/p>\n<h3>Una cabana che incanta con materiali naturali<\/h3>\n<p>Il letto da giardino con tetto PAVI DECOR \u00e8 realizzato in legno di pino di alta qualit\u00e0. I materiali naturali garantiscono<strong> durata e resistenza<\/strong> agli agenti esterni, aggiungendo un tocco di naturale eleganza. La lavorazione artigianale e i dettagli dell&#8217;unione delle parti in legno, seguendo le tecniche tradizionali, garantiscono autenticit\u00e0 e bellezza senza tempo.<\/p>\n<p>&nbsp;<\/p>\n<p>Questa cabana dal design elegante \u00e8 dotata di un letto matrimoniale saldamente fissato a una struttura di supporto stabile. \u00c8 inoltre possibile dotare la cabana di un baldacchino scorrevole e di tende di cotone per creare un vero e proprio rifugio privato. Per un look pi\u00f9 esotico, puoi anche decorarlo con la paglia. Si tratta di un pezzo attraente di <a href=\"https:\/\/pavidecor.si\/it\/kategorije\/attrezzatura-spiaggia-giardino\/mobili-da-giardino\/\"><span style=\"color: #3366ff;\"><strong>mobili da giardino<\/strong><\/span><\/a>\u00a0che non solo ha uno scopo funzionale, ma arricchisce anche l&#8217;aspetto estetico del tuo spazio esterno.<\/p>\n<p>&nbsp;<\/p>\n<\/div>\n<\/div>\n<div class=\"row\">\n<div class=\"col-sm-6 col-sm-push-6\" style=\"margin-top: 30px;\"><center><img decoding=\"async\" class=\"lazyload img-responsive\" style=\"margin: 0px auto; max-width: 100%;\" src=\"data:image\/svg+xml,%3Csvg%20xmlns%3D%27http%3A%2F%2Fwww.w3.org%2F2000%2Fsvg%27%20width%3D%271366%27%20height%3D%271366%27%20viewBox%3D%270%200%201366%201366%27%3E%3Crect%20width%3D%271366%27%20height%3D%271366%27%20fill-opacity%3D%220%22%2F%3E%3C%2Fsvg%3E\" data-orig-src=\"https:\/\/pavidecor.si\/wp-content\/uploads\/2025\/06\/Kabana-basic-2.jpg\" \/><\/center><\/div>\n<div class=\"col-sm-6 col-sm-pull-6\" style=\"margin-top: 40px;\">\n<p>&nbsp;<\/p>\n<h3>Facilit\u00e0 di installazione e flessibilit\u00e0<\/h3>\n<p>L&#8217;intera struttura pu\u00f2 essere assemblata in soli 10 minuti da due persone senza l&#8217;ausilio di attrezzi, poich\u00e9 il montaggio \u00e8 semplice e veloce. \u00c8 inoltre possibile fissare tende e baldacchino in pochi minuti, senza dover ricorrere a procedure complicate. Questa <strong>grande flessibilit\u00e0<\/strong> ti permette di smontare e riporre rapidamente la pensilina dopo la stagione o di spostarla durante la stagione. La cabana occupa un piccolo spazio nel ripostiglio (200x90x40cm).<\/p>\n<p>&nbsp;<\/p>\n<p>Il letto da giardino con tetto offre un&#8217;estrema flessibilit\u00e0 con tre livelli di inclinazione dello schienale su ogni singolo materasso. L&#8217;equipaggiamento aggiuntivo comprende cuscini idrorepellenti, un baldacchino, paglia e tende lavabili e facili da pulire. In questo modo potrai <strong>personalizzare completamente<\/strong> la tua cabana in base al tuo stile e alle tue preferenze personali.<\/p>\n<\/div>\n<\/div>\n<div class=\"row\">\n<div class=\"col-sm-6\" style=\"margin-top: 30px;\"><center><img decoding=\"async\" class=\"lazyload img-responsive\" style=\"margin: 0px auto; max-width: 100%;\" src=\"data:image\/svg+xml,%3Csvg%20xmlns%3D%27http%3A%2F%2Fwww.w3.org%2F2000%2Fsvg%27%20width%3D%27763%27%20height%3D%27763%27%20viewBox%3D%270%200%20763%20763%27%3E%3Crect%20width%3D%27763%27%20height%3D%27763%27%20fill-opacity%3D%220%22%2F%3E%3C%2Fsvg%3E\" data-orig-src=\"https:\/\/pavidecor.si\/wp-content\/uploads\/2024\/12\/2-Kabana-natur-11.jpg\" \/><\/center><\/div>\n<div class=\"col-sm-6\" style=\"margin-top: 40px;\">\n<p>&nbsp;<\/p>\n<h3>La tua oasi privata per un relax totale<\/h3>\n<p>Il letto da giardino con tetto di PAVI DECOR combina praticit\u00e0, funzionalit\u00e0 ed estetica. Con dimensioni di 200x180x200cm, \u00e8 abbastanza spazioso per due persone, mentre la sua <strong>struttura stabile<\/strong> garantisce un utilizzo sicuro su tutte le superfici. Se abbinata ad accessori come la tettoia, le tende, la paglia e la tappezzeria spessa, la cabana crea una vera e propria oasi privata.<\/p>\n<p>&nbsp;<\/p>\n<p>La sua eleganza senza tempo e l&#8217;alta qualit\u00e0 artigianale fanno s\u00ec che si <strong>adatti perfettamente<\/strong> a qualsiasi ambiente: bordo piscina, spiaggia, terrazza o giardino. Con ulteriori opzioni di personalizzazione (tipo e colore di legno), trasformerai il tuo spazio esterno in un angolo in cui potrai rilassarti pi\u00f9 volte.<\/p>\n<\/div>\n<\/div>\n<p>&nbsp;<\/p>\n<h4><strong>I principali vantaggi del nostro letto da giardino con tetto sono:<\/strong><\/h4>\n<ul>\n<li>\n<h4><strong>Facile da montare e smontare senza attrezzi,<\/strong><\/h4>\n<\/li>\n<li>\n<h4><strong>Due persone possono installarla in soli 10 minuti,<\/strong><\/h4>\n<\/li>\n<li>\n<h4><strong>Senza dadi e bulloni,<\/strong><\/h4>\n<\/li>\n<li>\n<h4><strong>Tre livelli di inclinazione per ogni singolo schienale,<\/strong><\/h4>\n<\/li>\n<\/ul>\n<ul>\n<li>\n<h4><strong>Dimensioni di un materasso con schienale separato 200x90cm,<\/strong><\/h4>\n<\/li>\n<li>\n<h4><strong>Dimensioni della struttura LxLxH=200x180x200cm, peso circa 150-200kg a seconda del tipo di legno,<\/strong><\/h4>\n<\/li>\n<li>\n<h4><strong>Materiale pino sloveno, colore naturale o opzionale,<\/strong><\/h4>\n<\/li>\n<li>\n<h4><strong>Occupa poco spazio in magazzino &#8211; 200x90x40cm,<\/strong><\/h4>\n<\/li>\n<li>\n<h4><strong>Dotazioni aggiuntive: baldacchino, tende, cuscini, paglia,<\/strong><\/h4>\n<\/li>\n<\/ul>\n<ul>\n<li>\n<h4><strong>Installa le tende in pochi minuti senza bisogno di attrezzi,<\/strong><\/h4>\n<\/li>\n<li>\n<h4><strong>Il soffitto pu\u00f2 essere ombreggiato in pochi secondi con un paralume scorrevole,<\/strong><\/h4>\n<\/li>\n<li>\n<h4><strong>Tessuto idrorepellente,<\/strong><\/h4>\n<\/li>\n<li>\n<h4><strong>Colore e spessore dei cuscini come desiderato,<\/strong><\/h4>\n<\/li>\n<li>\n<h4><strong>Colore delle tende opzionale,<\/strong><\/h4>\n<\/li>\n<li>\n<h4><strong>Lavaggio facile delle tende.<\/strong><\/h4>\n<\/li>\n<\/ul>\n","protected":false},"excerpt":{"rendered":"<p><strong><span style=\"color: #c4963c;\">\u2192 Facile installazione e smontaggio senza attrezzi<\/span><\/strong><br \/>\n<strong><span style=\"color: #c4963c;\">\u2192 Si monta\/smonta in due in 10 minuti<\/span><\/strong><br \/>\n<strong><span style=\"color: #c4963c;\">\u2192 Occupa uno spazio di archiviazione minimo<\/span><\/strong><br \/>\n<strong><span style=\"color: #c4963c;\">\u2192 Ricambi sempre disponibili a magazzino<\/span><\/strong><br \/>\n<strong><span style=\"color: #c4963c;\">\u2192 Facile pulizia e manutenzione<\/span><\/strong><br \/>\n<strong><span style=\"color: #c4963c;\">\u2192 Tre livelli di inclinazione per ogni singolo schienale<\/span><\/strong><br \/>\n<strong><span style=\"color: #c4963c;\">\u2192 Legno di pino sloveno o a scelta<\/span><\/strong><br \/>\n<strong><span style=\"color: #c4963c;\">\u2192 Accessori: baldacchino, tende, cuscini, paglia<\/span><\/strong><\/p>\n","protected":false},"featured_media":25355,"comment_status":"open","ping_status":"closed","template":"","meta":[],"product_brand":[],"product_cat":[259],"product_tag":[213],"class_list":{"0":"post-25346","1":"product","2":"type-product","3":"status-publish","4":"has-post-thumbnail","6":"product_cat-mobili-da-giardino","7":"product_tag-nuovo","9":"first","10":"instock","11":"taxable","12":"shipping-taxable","13":"purchasable","14":"product-type-simple"},"yoast_head":"<!-- This site is optimized with the Yoast SEO plugin v27.2 - https:\/\/yoast.com\/product\/yoast-seo-wordpress\/ -->\n<title>Letto da giardino con tetto - Montaggio rapido senza viti e attrezzi<\/title>\n<meta name=\"description\" content=\"Il letto da giardino con tetto \u00e8 realizzato in legno di pino, ogni schienale ha tre livelli di inclinazione. Accessori: baldacchino, tende, cuscini, paglia.\" \/>\n<meta name=\"robots\" content=\"index, follow, max-snippet:-1, max-image-preview:large, max-video-preview:-1\" \/>\n<link rel=\"canonical\" href=\"https:\/\/pavidecor.si\/it\/prodotto\/letto-da-giardino-con-tetto-cabana-pino-basic-200x180x200cm\/\" \/>\n<meta property=\"og:locale\" content=\"it_IT\" \/>\n<meta property=\"og:type\" content=\"article\" \/>\n<meta property=\"og:title\" content=\"Letto da giardino con tetto - Montaggio rapido senza viti e attrezzi\" \/>\n<meta property=\"og:description\" content=\"Il letto da giardino con tetto \u00e8 realizzato in legno di pino, ogni schienale ha tre livelli di inclinazione. Accessori: baldacchino, tende, cuscini, paglia.\" \/>\n<meta property=\"og:url\" content=\"https:\/\/pavidecor.si\/it\/prodotto\/letto-da-giardino-con-tetto-cabana-pino-basic-200x180x200cm\/\" \/>\n<meta property=\"og:site_name\" content=\"Pavi Decor\" \/>\n<meta property=\"article:modified_time\" content=\"2026-04-23T13:43:00+00:00\" \/>\n<meta property=\"og:image\" content=\"https:\/\/pavidecor.si\/wp-content\/uploads\/2025\/06\/Kabana-basic-1.jpg\" \/>\n\t<meta property=\"og:image:width\" content=\"1366\" \/>\n\t<meta property=\"og:image:height\" content=\"1366\" \/>\n\t<meta property=\"og:image:type\" content=\"image\/jpeg\" \/>\n<meta name=\"twitter:card\" content=\"summary_large_image\" \/>\n<meta name=\"twitter:label1\" content=\"Tempo di lettura stimato\" \/>\n\t<meta name=\"twitter:data1\" content=\"4 minuti\" \/>\n<script type=\"application\/ld+json\" class=\"yoast-schema-graph\">{\"@context\":\"https:\/\/schema.org\",\"@graph\":[{\"@type\":\"WebPage\",\"@id\":\"https:\/\/pavidecor.si\/it\/prodotto\/letto-da-giardino-con-tetto-cabana-pino-basic-200x180x200cm\/\",\"url\":\"https:\/\/pavidecor.si\/it\/prodotto\/letto-da-giardino-con-tetto-cabana-pino-basic-200x180x200cm\/\",\"name\":\"Letto da giardino con tetto - Montaggio rapido senza viti e attrezzi\",\"isPartOf\":{\"@id\":\"https:\/\/pavidecor.si\/it\/#website\"},\"primaryImageOfPage\":{\"@id\":\"https:\/\/pavidecor.si\/it\/prodotto\/letto-da-giardino-con-tetto-cabana-pino-basic-200x180x200cm\/#primaryimage\"},\"image\":{\"@id\":\"https:\/\/pavidecor.si\/it\/prodotto\/letto-da-giardino-con-tetto-cabana-pino-basic-200x180x200cm\/#primaryimage\"},\"thumbnailUrl\":\"https:\/\/pavidecor.si\/wp-content\/uploads\/2025\/06\/Kabana-basic-1.jpg\",\"datePublished\":\"2025-06-04T08:12:16+00:00\",\"dateModified\":\"2026-04-23T13:43:00+00:00\",\"description\":\"Il letto da giardino con tetto \u00e8 realizzato in legno di pino, ogni schienale ha tre livelli di inclinazione. Accessori: baldacchino, tende, cuscini, paglia.\",\"breadcrumb\":{\"@id\":\"https:\/\/pavidecor.si\/it\/prodotto\/letto-da-giardino-con-tetto-cabana-pino-basic-200x180x200cm\/#breadcrumb\"},\"inLanguage\":\"it-IT\",\"potentialAction\":[{\"@type\":\"ReadAction\",\"target\":[\"https:\/\/pavidecor.si\/it\/prodotto\/letto-da-giardino-con-tetto-cabana-pino-basic-200x180x200cm\/\"]}]},{\"@type\":\"ImageObject\",\"inLanguage\":\"it-IT\",\"@id\":\"https:\/\/pavidecor.si\/it\/prodotto\/letto-da-giardino-con-tetto-cabana-pino-basic-200x180x200cm\/#primaryimage\",\"url\":\"https:\/\/pavidecor.si\/wp-content\/uploads\/2025\/06\/Kabana-basic-1.jpg\",\"contentUrl\":\"https:\/\/pavidecor.si\/wp-content\/uploads\/2025\/06\/Kabana-basic-1.jpg\",\"width\":1366,\"height\":1366,\"caption\":\"PAVI DECOR\"},{\"@type\":\"BreadcrumbList\",\"@id\":\"https:\/\/pavidecor.si\/it\/prodotto\/letto-da-giardino-con-tetto-cabana-pino-basic-200x180x200cm\/#breadcrumb\",\"itemListElement\":[{\"@type\":\"ListItem\",\"position\":1,\"name\":\"Domov\",\"item\":\"https:\/\/pavidecor.si\/it\/\"},{\"@type\":\"ListItem\",\"position\":2,\"name\":\"Negozio online\",\"item\":\"https:\/\/pavidecor.si\/it\/negozio-online\/\"},{\"@type\":\"ListItem\",\"position\":3,\"name\":\"Letto da giardino con tetto, cabana pino basic 200x180x200cm\"}]},{\"@type\":\"WebSite\",\"@id\":\"https:\/\/pavidecor.si\/it\/#website\",\"url\":\"https:\/\/pavidecor.si\/it\/\",\"name\":\"Pavi Decor\",\"description\":\"Leseni unikati ustvarjeni iz ljubezni do lesa in narave.\",\"potentialAction\":[{\"@type\":\"SearchAction\",\"target\":{\"@type\":\"EntryPoint\",\"urlTemplate\":\"https:\/\/pavidecor.si\/it\/?s={search_term_string}\"},\"query-input\":{\"@type\":\"PropertyValueSpecification\",\"valueRequired\":true,\"valueName\":\"search_term_string\"}}],\"inLanguage\":\"it-IT\"}]}<\/script>\n<!-- \/ Yoast SEO plugin. -->","yoast_head_json":{"title":"Letto da giardino con tetto - Montaggio rapido senza viti e attrezzi","description":"Il letto da giardino con tetto \u00e8 realizzato in legno di pino, ogni schienale ha tre livelli di inclinazione. Accessori: baldacchino, tende, cuscini, paglia.","robots":{"index":"index","follow":"follow","max-snippet":"max-snippet:-1","max-image-preview":"max-image-preview:large","max-video-preview":"max-video-preview:-1"},"canonical":"https:\/\/pavidecor.si\/it\/prodotto\/letto-da-giardino-con-tetto-cabana-pino-basic-200x180x200cm\/","og_locale":"it_IT","og_type":"article","og_title":"Letto da giardino con tetto - Montaggio rapido senza viti e attrezzi","og_description":"Il letto da giardino con tetto \u00e8 realizzato in legno di pino, ogni schienale ha tre livelli di inclinazione. Accessori: baldacchino, tende, cuscini, paglia.","og_url":"https:\/\/pavidecor.si\/it\/prodotto\/letto-da-giardino-con-tetto-cabana-pino-basic-200x180x200cm\/","og_site_name":"Pavi Decor","article_modified_time":"2026-04-23T13:43:00+00:00","og_image":[{"width":1366,"height":1366,"url":"https:\/\/pavidecor.si\/wp-content\/uploads\/2025\/06\/Kabana-basic-1.jpg","type":"image\/jpeg"}],"twitter_card":"summary_large_image","twitter_misc":{"Tempo di lettura stimato":"4 minuti"},"schema":{"@context":"https:\/\/schema.org","@graph":[{"@type":"WebPage","@id":"https:\/\/pavidecor.si\/it\/prodotto\/letto-da-giardino-con-tetto-cabana-pino-basic-200x180x200cm\/","url":"https:\/\/pavidecor.si\/it\/prodotto\/letto-da-giardino-con-tetto-cabana-pino-basic-200x180x200cm\/","name":"Letto da giardino con tetto - Montaggio rapido senza viti e attrezzi","isPartOf":{"@id":"https:\/\/pavidecor.si\/it\/#website"},"primaryImageOfPage":{"@id":"https:\/\/pavidecor.si\/it\/prodotto\/letto-da-giardino-con-tetto-cabana-pino-basic-200x180x200cm\/#primaryimage"},"image":{"@id":"https:\/\/pavidecor.si\/it\/prodotto\/letto-da-giardino-con-tetto-cabana-pino-basic-200x180x200cm\/#primaryimage"},"thumbnailUrl":"https:\/\/pavidecor.si\/wp-content\/uploads\/2025\/06\/Kabana-basic-1.jpg","datePublished":"2025-06-04T08:12:16+00:00","dateModified":"2026-04-23T13:43:00+00:00","description":"Il letto da giardino con tetto \u00e8 realizzato in legno di pino, ogni schienale ha tre livelli di inclinazione. Accessori: baldacchino, tende, cuscini, paglia.","breadcrumb":{"@id":"https:\/\/pavidecor.si\/it\/prodotto\/letto-da-giardino-con-tetto-cabana-pino-basic-200x180x200cm\/#breadcrumb"},"inLanguage":"it-IT","potentialAction":[{"@type":"ReadAction","target":["https:\/\/pavidecor.si\/it\/prodotto\/letto-da-giardino-con-tetto-cabana-pino-basic-200x180x200cm\/"]}]},{"@type":"ImageObject","inLanguage":"it-IT","@id":"https:\/\/pavidecor.si\/it\/prodotto\/letto-da-giardino-con-tetto-cabana-pino-basic-200x180x200cm\/#primaryimage","url":"https:\/\/pavidecor.si\/wp-content\/uploads\/2025\/06\/Kabana-basic-1.jpg","contentUrl":"https:\/\/pavidecor.si\/wp-content\/uploads\/2025\/06\/Kabana-basic-1.jpg","width":1366,"height":1366,"caption":"PAVI DECOR"},{"@type":"BreadcrumbList","@id":"https:\/\/pavidecor.si\/it\/prodotto\/letto-da-giardino-con-tetto-cabana-pino-basic-200x180x200cm\/#breadcrumb","itemListElement":[{"@type":"ListItem","position":1,"name":"Domov","item":"https:\/\/pavidecor.si\/it\/"},{"@type":"ListItem","position":2,"name":"Negozio online","item":"https:\/\/pavidecor.si\/it\/negozio-online\/"},{"@type":"ListItem","position":3,"name":"Letto da giardino con tetto, cabana pino basic 200x180x200cm"}]},{"@type":"WebSite","@id":"https:\/\/pavidecor.si\/it\/#website","url":"https:\/\/pavidecor.si\/it\/","name":"Pavi Decor","description":"Leseni unikati ustvarjeni iz ljubezni do lesa in narave.","potentialAction":[{"@type":"SearchAction","target":{"@type":"EntryPoint","urlTemplate":"https:\/\/pavidecor.si\/it\/?s={search_term_string}"},"query-input":{"@type":"PropertyValueSpecification","valueRequired":true,"valueName":"search_term_string"}}],"inLanguage":"it-IT"}]}},"_links":{"self":[{"href":"https:\/\/pavidecor.si\/it\/wp-json\/wp\/v2\/product\/25346","targetHints":{"allow":["GET"]}}],"collection":[{"href":"https:\/\/pavidecor.si\/it\/wp-json\/wp\/v2\/product"}],"about":[{"href":"https:\/\/pavidecor.si\/it\/wp-json\/wp\/v2\/types\/product"}],"replies":[{"embeddable":true,"href":"https:\/\/pavidecor.si\/it\/wp-json\/wp\/v2\/comments?post=25346"}],"wp:featuredmedia":[{"embeddable":true,"href":"https:\/\/pavidecor.si\/it\/wp-json\/wp\/v2\/media\/25355"}],"wp:attachment":[{"href":"https:\/\/pavidecor.si\/it\/wp-json\/wp\/v2\/media?parent=25346"}],"wp:term":[{"taxonomy":"product_brand","embeddable":true,"href":"https:\/\/pavidecor.si\/it\/wp-json\/wp\/v2\/product_brand?post=25346"},{"taxonomy":"product_cat","embeddable":true,"href":"https:\/\/pavidecor.si\/it\/wp-json\/wp\/v2\/product_cat?post=25346"},{"taxonomy":"product_tag","embeddable":true,"href":"https:\/\/pavidecor.si\/it\/wp-json\/wp\/v2\/product_tag?post=25346"}],"curies":[{"name":"wp","href":"https:\/\/api.w.org\/{rel}","templated":true}]}}