	{"id":25106,"date":"2025-05-19T09:36:46","date_gmt":"2025-05-19T09:36:46","guid":{"rendered":"https:\/\/pavidecor.si\/?post_type=product&#038;p=25106"},"modified":"2026-05-03T13:10:03","modified_gmt":"2026-05-03T13:10:03","slug":"passerella-in-legno-di-pino-200x80cm","status":"publish","type":"product","link":"https:\/\/pavidecor.si\/it\/prodotto\/passerella-in-legno-di-pino-200x80cm\/","title":{"rendered":"Passerella in legno di pino 200x80cm"},"content":{"rendered":"<p><span class=\"prvimanjsinaslovopis\">Passerella in legno di pino &#8211; Eleganza naturale per ogni spazio &#8211; Dimensioni 200x80x2cm<\/span><\/p>\n<p>&nbsp;<\/p>\n<h2><span class=\"odebeljenopis\"><strong><br \/>\nScopri la nostra passerella in legno di pino, un prodotto unico di PAVI DECOR, dove la passione per il legno e la natura si uniscono per creare pezzi straordinari. Realizzato a mano in Slovenia, questo tappeto \u00e8 perfetto per interni come camere da letto, sale da pranzo e terrazze, offrendo un tocco di eleganza e funzionalit\u00e0.<\/strong><\/span><\/h2>\n<p>&nbsp;<\/p>\n<div class=\"row\">\n<div class=\"col-sm-6 \" style=\"margin-top: 30px;\"><center><img decoding=\"async\" class=\"lazyload img-responsive\" style=\"margin: 0px auto; max-width: 100%;\" src=\"data:image\/svg+xml,%3Csvg%20xmlns%3D%27http%3A%2F%2Fwww.w3.org%2F2000%2Fsvg%27%20width%3D%271733%27%20height%3D%271733%27%20viewBox%3D%270%200%201733%201733%27%3E%3Crect%20width%3D%271733%27%20height%3D%271733%27%20fill-opacity%3D%220%22%2F%3E%3C%2Fsvg%3E\" data-orig-src=\"https:\/\/pavidecor.si\/wp-content\/uploads\/2025\/05\/1.jpg\" \/><\/center><\/div>\n<div class=\"col-sm-6\" style=\"margin-top: 40px;\">\n<p>&nbsp;<\/p>\n<h3>Qualit\u00e0 artigianale e autenticit\u00e0<\/h3>\n<p>Noi di PAVI DECOR siamo orgogliosi della qualit\u00e0 artigianale dei nostri prodotti. La passerella in legno di pino \u00e8 meticolosamente realizzata a mano, con doghe di legno unite da uno spago resistente. Questo metodo tradizionale di unione dei pezzi di legno, che ricorda i maestri artigiani di un tempo, conferisce ai nostri tappeti in legno un aspetto e una sensazione autentici. Il nostro tappeto \u00e8 progettato per adattarsi a una variet\u00e0 di spazi, preservando la bellezza naturale del legno.<\/p>\n<p>&nbsp;<\/p>\n<p>Realizzato in legno di pino, questo tappeto in legno \u00e8 ecologico e non lascia macchie nere dovute ai tannini. La sua <strong>durevolezza e la sua compatibilit\u00e0 ecologica<\/strong> sono vantaggi chiave apprezzati da tutti coloro che sono consapevoli dell&#8217;importanza di un design sostenibile. Anche senza rivestimento protettivo, un tappeto in pino \u00e8 resistente agli agenti esterni. La superficie del legno ingrigisce leggermente nel tempo, prolungandone ulteriormente la durata.<\/p>\n<p>&nbsp;<\/p>\n<p>&nbsp;<\/p>\n<\/div>\n<\/div>\n<div class=\"row\">\n<div class=\"col-sm-6 col-sm-push-6\" style=\"margin-top: 30px;\"><center><img decoding=\"async\" class=\"lazyload img-responsive\" style=\"margin: 0px auto; max-width: 100%;\" src=\"data:image\/svg+xml,%3Csvg%20xmlns%3D%27http%3A%2F%2Fwww.w3.org%2F2000%2Fsvg%27%20width%3D%271032%27%20height%3D%271032%27%20viewBox%3D%270%200%201032%201032%27%3E%3Crect%20width%3D%271032%27%20height%3D%271032%27%20fill-opacity%3D%220%22%2F%3E%3C%2Fsvg%3E\" data-orig-src=\"https:\/\/pavidecor.si\/wp-content\/uploads\/2025\/05\/3.jpg\" \/><\/center><\/div>\n<div class=\"col-sm-6 col-sm-pull-6\" style=\"margin-top: 40px;\">\n<p>&nbsp;<\/p>\n<h3>Design versatile per ogni spazio<\/h3>\n<p>La passerella in legno di pino non \u00e8 solo un elemento decorativo. Pu\u00f2 essere utilizzato per molteplici scopi in casa. Che la si posizioni in camera da letto, in sala da pranzo o persino su una terrazza, ne valorizza l&#8217;atmosfera offrendo al contempo vantaggi pratici. Questo tappeto \u00e8 adatto a tutti i tipi di superfici dure, comprese piastrelle e cemento, cos\u00ec come a superfici morbide. Pu\u00f2 anche essere utilizzato come comoda base per rilassarsi o come elegante tappeto in corridoi e ingressi.<\/p>\n<p>&nbsp;<\/p>\n<p>Grazie alla sua capacit\u00e0 di proteggere da freddo, calore, umidit\u00e0 e superfici scivolose, questo tappeto in legno \u00e8 un&#8217;aggiunta essenziale a qualsiasi spazio abitativo. Inoltre, \u00e8 possibile impilare pi\u00f9 pezzi insieme per <strong>creare una passerella in legno di qualsiasi lunghezza<\/strong> su spiagge o terrazze, aumentando ulteriormente l&#8217;utilit\u00e0 di questo tappeto. Con il suo colore distintivo, si adatta perfettamente a vari stili di arredamento per interni o da giardino. Facile da pulire, basta spazzare via polvere e detriti, rendendo la manutenzione un gioco da ragazzi.<\/p>\n<p>&nbsp;<\/p>\n<\/div>\n<\/div>\n<div class=\"row\">\n<div class=\"col-sm-6\" style=\"margin-top: 30px;\"><center><img decoding=\"async\" class=\"lazyload img-responsive\" style=\"margin: 0px auto; max-width: 100%;\" src=\"data:image\/svg+xml,%3Csvg%20xmlns%3D%27http%3A%2F%2Fwww.w3.org%2F2000%2Fsvg%27%20width%3D%271797%27%20height%3D%271797%27%20viewBox%3D%270%200%201797%201797%27%3E%3Crect%20width%3D%271797%27%20height%3D%271797%27%20fill-opacity%3D%220%22%2F%3E%3C%2Fsvg%3E\" data-orig-src=\" https:\/\/pavidecor.si\/wp-content\/uploads\/2025\/02\/Preproga-Pavi-Decor-plaza-Rab-1.jpg\" \/><\/center><\/div>\n<div class=\"col-sm-6\" style=\"margin-top: 40px;\">\n<p>&nbsp;<\/p>\n<h3>Una scelta ecologica per la tua casa<\/h3>\n<p>Noi di PAVI DECOR siamo consapevoli dell&#8217;importanza del design sostenibile e dei materiali ecologici. La passerella in legno di pino \u00e8 realizzata con materiali naturali, il che la rende ecosostenibile. La sua ecocompatibilit\u00e0 e la sua lunga durata sono vantaggi chiave apprezzati dai nostri clienti. Passerelle in legno realizzate con i nostri tappeti sono visibili anche sulla <a href=\"https:\/\/pavidecor.si\/it\/projects\/spiaggia-di-rab\/\"><strong><span style=\"color: #3366ff;\">spiagga di Rab<\/span><\/strong><\/a>. Qui dimostrano la loro adattabilit\u00e0 e il loro ampio utilizzo.<\/p>\n<p>&nbsp;<\/p>\n<p>Scegliendo il nostro tappeto in legno, non solo arricchirete la vostra casa, ma sosterrete anche l&#8217;artigianato locale e un&#8217;economia sostenibile. Ogni prodotto che creiamo \u00e8 il risultato della nostra passione per il legno e la natura.\u00a0Ci\u00f2 si riflette nella qualit\u00e0 e nell&#8217;unicit\u00e0 dei nostri prodotti. Unitevi a noi e scoprite la bellezza della natura nella vostra casa.<\/p>\n<\/div>\n<\/div>\n<p>&nbsp;<\/p>\n","protected":false},"excerpt":{"rendered":"<p><strong><span style=\"color: #c4963c;\">\u2192 Per uso interno ed esterno<br \/>\n\u2192 Facile montaggio \/ smontaggio<br \/>\n\u2192 Pi\u00f9 pezzi possono essere uniti per formare un percorso pi\u00f9 lungo<br \/>\n\u2192 Lunga durata<br \/>\n\u2192 Facile da pulire<br \/>\n\u2192 Legno di pino<br \/>\n\u2192 Possibilit\u00e0 di realizzazioni su misura<\/span><\/strong><\/p>\n","protected":false},"featured_media":25111,"comment_status":"open","ping_status":"closed","template":"","meta":[],"product_brand":[],"product_cat":[359],"product_tag":[213,373],"class_list":{"0":"post-25106","1":"product","2":"type-product","3":"status-publish","4":"has-post-thumbnail","6":"product_cat-tappeti-e-stuoie","7":"product_tag-nuovo","8":"product_tag-spiaggia-di-rab","10":"first","11":"instock","12":"taxable","13":"shipping-taxable","14":"purchasable","15":"product-type-simple"},"yoast_head":"<!-- This site is optimized with the Yoast SEO plugin v27.2 - https:\/\/yoast.com\/product\/yoast-seo-wordpress\/ -->\n<title>Passerella in legno di pino - Eleganza naturale per ogni spazio<\/title>\n<meta name=\"description\" content=\"La passerella in legno di pino \u00e8 adatta per uso interno ed esterno, per proteggere da superfici fredde o scivolose. Facile da pulire e manutenere.\" \/>\n<meta name=\"robots\" content=\"index, follow, max-snippet:-1, max-image-preview:large, max-video-preview:-1\" \/>\n<link rel=\"canonical\" href=\"https:\/\/pavidecor.si\/it\/prodotto\/passerella-in-legno-di-pino-200x80cm\/\" \/>\n<meta property=\"og:locale\" content=\"it_IT\" \/>\n<meta property=\"og:type\" content=\"article\" \/>\n<meta property=\"og:title\" content=\"Passerella in legno di pino - Eleganza naturale per ogni spazio\" \/>\n<meta property=\"og:description\" content=\"La passerella in legno di pino \u00e8 adatta per uso interno ed esterno, per proteggere da superfici fredde o scivolose. Facile da pulire e manutenere.\" \/>\n<meta property=\"og:url\" content=\"https:\/\/pavidecor.si\/it\/prodotto\/passerella-in-legno-di-pino-200x80cm\/\" \/>\n<meta property=\"og:site_name\" content=\"Pavi Decor\" \/>\n<meta property=\"article:modified_time\" content=\"2026-05-03T13:10:03+00:00\" \/>\n<meta property=\"og:image\" content=\"https:\/\/pavidecor.si\/wp-content\/uploads\/2025\/05\/1.jpg\" \/>\n\t<meta property=\"og:image:width\" content=\"1733\" \/>\n\t<meta property=\"og:image:height\" content=\"1733\" \/>\n\t<meta property=\"og:image:type\" content=\"image\/jpeg\" \/>\n<meta name=\"twitter:card\" content=\"summary_large_image\" \/>\n<meta name=\"twitter:label1\" content=\"Tempo di lettura stimato\" \/>\n\t<meta name=\"twitter:data1\" content=\"4 minuti\" \/>\n<script type=\"application\/ld+json\" class=\"yoast-schema-graph\">{\"@context\":\"https:\/\/schema.org\",\"@graph\":[{\"@type\":\"WebPage\",\"@id\":\"https:\/\/pavidecor.si\/it\/prodotto\/passerella-in-legno-di-pino-200x80cm\/\",\"url\":\"https:\/\/pavidecor.si\/it\/prodotto\/passerella-in-legno-di-pino-200x80cm\/\",\"name\":\"Passerella in legno di pino - Eleganza naturale per ogni spazio\",\"isPartOf\":{\"@id\":\"https:\/\/pavidecor.si\/it\/#website\"},\"primaryImageOfPage\":{\"@id\":\"https:\/\/pavidecor.si\/it\/prodotto\/passerella-in-legno-di-pino-200x80cm\/#primaryimage\"},\"image\":{\"@id\":\"https:\/\/pavidecor.si\/it\/prodotto\/passerella-in-legno-di-pino-200x80cm\/#primaryimage\"},\"thumbnailUrl\":\"https:\/\/pavidecor.si\/wp-content\/uploads\/2025\/05\/1.jpg\",\"datePublished\":\"2025-05-19T09:36:46+00:00\",\"dateModified\":\"2026-05-03T13:10:03+00:00\",\"description\":\"La passerella in legno di pino \u00e8 adatta per uso interno ed esterno, per proteggere da superfici fredde o scivolose. Facile da pulire e manutenere.\",\"breadcrumb\":{\"@id\":\"https:\/\/pavidecor.si\/it\/prodotto\/passerella-in-legno-di-pino-200x80cm\/#breadcrumb\"},\"inLanguage\":\"it-IT\",\"potentialAction\":[{\"@type\":\"ReadAction\",\"target\":[\"https:\/\/pavidecor.si\/it\/prodotto\/passerella-in-legno-di-pino-200x80cm\/\"]}]},{\"@type\":\"ImageObject\",\"inLanguage\":\"it-IT\",\"@id\":\"https:\/\/pavidecor.si\/it\/prodotto\/passerella-in-legno-di-pino-200x80cm\/#primaryimage\",\"url\":\"https:\/\/pavidecor.si\/wp-content\/uploads\/2025\/05\/1.jpg\",\"contentUrl\":\"https:\/\/pavidecor.si\/wp-content\/uploads\/2025\/05\/1.jpg\",\"width\":1733,\"height\":1733,\"caption\":\"PAVI DECOR\"},{\"@type\":\"BreadcrumbList\",\"@id\":\"https:\/\/pavidecor.si\/it\/prodotto\/passerella-in-legno-di-pino-200x80cm\/#breadcrumb\",\"itemListElement\":[{\"@type\":\"ListItem\",\"position\":1,\"name\":\"Domov\",\"item\":\"https:\/\/pavidecor.si\/it\/\"},{\"@type\":\"ListItem\",\"position\":2,\"name\":\"Negozio online\",\"item\":\"https:\/\/pavidecor.si\/it\/negozio-online\/\"},{\"@type\":\"ListItem\",\"position\":3,\"name\":\"Passerella in legno di pino 200x80cm\"}]},{\"@type\":\"WebSite\",\"@id\":\"https:\/\/pavidecor.si\/it\/#website\",\"url\":\"https:\/\/pavidecor.si\/it\/\",\"name\":\"Pavi Decor\",\"description\":\"Leseni unikati ustvarjeni iz ljubezni do lesa in narave.\",\"potentialAction\":[{\"@type\":\"SearchAction\",\"target\":{\"@type\":\"EntryPoint\",\"urlTemplate\":\"https:\/\/pavidecor.si\/it\/?s={search_term_string}\"},\"query-input\":{\"@type\":\"PropertyValueSpecification\",\"valueRequired\":true,\"valueName\":\"search_term_string\"}}],\"inLanguage\":\"it-IT\"}]}<\/script>\n<!-- \/ Yoast SEO plugin. -->","yoast_head_json":{"title":"Passerella in legno di pino - Eleganza naturale per ogni spazio","description":"La passerella in legno di pino \u00e8 adatta per uso interno ed esterno, per proteggere da superfici fredde o scivolose. Facile da pulire e manutenere.","robots":{"index":"index","follow":"follow","max-snippet":"max-snippet:-1","max-image-preview":"max-image-preview:large","max-video-preview":"max-video-preview:-1"},"canonical":"https:\/\/pavidecor.si\/it\/prodotto\/passerella-in-legno-di-pino-200x80cm\/","og_locale":"it_IT","og_type":"article","og_title":"Passerella in legno di pino - Eleganza naturale per ogni spazio","og_description":"La passerella in legno di pino \u00e8 adatta per uso interno ed esterno, per proteggere da superfici fredde o scivolose. Facile da pulire e manutenere.","og_url":"https:\/\/pavidecor.si\/it\/prodotto\/passerella-in-legno-di-pino-200x80cm\/","og_site_name":"Pavi Decor","article_modified_time":"2026-05-03T13:10:03+00:00","og_image":[{"width":1733,"height":1733,"url":"https:\/\/pavidecor.si\/wp-content\/uploads\/2025\/05\/1.jpg","type":"image\/jpeg"}],"twitter_card":"summary_large_image","twitter_misc":{"Tempo di lettura stimato":"4 minuti"},"schema":{"@context":"https:\/\/schema.org","@graph":[{"@type":"WebPage","@id":"https:\/\/pavidecor.si\/it\/prodotto\/passerella-in-legno-di-pino-200x80cm\/","url":"https:\/\/pavidecor.si\/it\/prodotto\/passerella-in-legno-di-pino-200x80cm\/","name":"Passerella in legno di pino - Eleganza naturale per ogni spazio","isPartOf":{"@id":"https:\/\/pavidecor.si\/it\/#website"},"primaryImageOfPage":{"@id":"https:\/\/pavidecor.si\/it\/prodotto\/passerella-in-legno-di-pino-200x80cm\/#primaryimage"},"image":{"@id":"https:\/\/pavidecor.si\/it\/prodotto\/passerella-in-legno-di-pino-200x80cm\/#primaryimage"},"thumbnailUrl":"https:\/\/pavidecor.si\/wp-content\/uploads\/2025\/05\/1.jpg","datePublished":"2025-05-19T09:36:46+00:00","dateModified":"2026-05-03T13:10:03+00:00","description":"La passerella in legno di pino \u00e8 adatta per uso interno ed esterno, per proteggere da superfici fredde o scivolose. Facile da pulire e manutenere.","breadcrumb":{"@id":"https:\/\/pavidecor.si\/it\/prodotto\/passerella-in-legno-di-pino-200x80cm\/#breadcrumb"},"inLanguage":"it-IT","potentialAction":[{"@type":"ReadAction","target":["https:\/\/pavidecor.si\/it\/prodotto\/passerella-in-legno-di-pino-200x80cm\/"]}]},{"@type":"ImageObject","inLanguage":"it-IT","@id":"https:\/\/pavidecor.si\/it\/prodotto\/passerella-in-legno-di-pino-200x80cm\/#primaryimage","url":"https:\/\/pavidecor.si\/wp-content\/uploads\/2025\/05\/1.jpg","contentUrl":"https:\/\/pavidecor.si\/wp-content\/uploads\/2025\/05\/1.jpg","width":1733,"height":1733,"caption":"PAVI DECOR"},{"@type":"BreadcrumbList","@id":"https:\/\/pavidecor.si\/it\/prodotto\/passerella-in-legno-di-pino-200x80cm\/#breadcrumb","itemListElement":[{"@type":"ListItem","position":1,"name":"Domov","item":"https:\/\/pavidecor.si\/it\/"},{"@type":"ListItem","position":2,"name":"Negozio online","item":"https:\/\/pavidecor.si\/it\/negozio-online\/"},{"@type":"ListItem","position":3,"name":"Passerella in legno di pino 200x80cm"}]},{"@type":"WebSite","@id":"https:\/\/pavidecor.si\/it\/#website","url":"https:\/\/pavidecor.si\/it\/","name":"Pavi Decor","description":"Leseni unikati ustvarjeni iz ljubezni do lesa in narave.","potentialAction":[{"@type":"SearchAction","target":{"@type":"EntryPoint","urlTemplate":"https:\/\/pavidecor.si\/it\/?s={search_term_string}"},"query-input":{"@type":"PropertyValueSpecification","valueRequired":true,"valueName":"search_term_string"}}],"inLanguage":"it-IT"}]}},"_links":{"self":[{"href":"https:\/\/pavidecor.si\/it\/wp-json\/wp\/v2\/product\/25106","targetHints":{"allow":["GET"]}}],"collection":[{"href":"https:\/\/pavidecor.si\/it\/wp-json\/wp\/v2\/product"}],"about":[{"href":"https:\/\/pavidecor.si\/it\/wp-json\/wp\/v2\/types\/product"}],"replies":[{"embeddable":true,"href":"https:\/\/pavidecor.si\/it\/wp-json\/wp\/v2\/comments?post=25106"}],"wp:featuredmedia":[{"embeddable":true,"href":"https:\/\/pavidecor.si\/it\/wp-json\/wp\/v2\/media\/25111"}],"wp:attachment":[{"href":"https:\/\/pavidecor.si\/it\/wp-json\/wp\/v2\/media?parent=25106"}],"wp:term":[{"taxonomy":"product_brand","embeddable":true,"href":"https:\/\/pavidecor.si\/it\/wp-json\/wp\/v2\/product_brand?post=25106"},{"taxonomy":"product_cat","embeddable":true,"href":"https:\/\/pavidecor.si\/it\/wp-json\/wp\/v2\/product_cat?post=25106"},{"taxonomy":"product_tag","embeddable":true,"href":"https:\/\/pavidecor.si\/it\/wp-json\/wp\/v2\/product_tag?post=25106"}],"curies":[{"name":"wp","href":"https:\/\/api.w.org\/{rel}","templated":true}]}}