	{"id":24277,"date":"2025-03-10T09:00:20","date_gmt":"2025-03-10T09:00:20","guid":{"rendered":"https:\/\/pavidecor.si\/?post_type=product&#038;p=24277"},"modified":"2026-04-23T00:01:49","modified_gmt":"2026-04-23T00:01:49","slug":"cabina-spogliatoio-da-spiaggia-110x110x200cm","status":"publish","type":"product","link":"https:\/\/pavidecor.si\/it\/prodotto\/cabina-spogliatoio-da-spiaggia-110x110x200cm\/","title":{"rendered":"Cabina spogliatoio da spiaggia 110x110x200cm"},"content":{"rendered":"<p>Cabina spogliatoio da spiaggia &#8211; Pratico, durevole, estetico &#8211; Dimensioni 110x110x200 cm<\/p>\n<p>&nbsp;<\/p>\n<h2><span class=\"odebeljenopis\"><strong>Scopri il mobile da spiaggia perfetto che combina funzionalit\u00e0 ed estetica. La cabina spogliatoio da spiaggia di PAVI DECOR \u00e8 progettata per adattarsi perfettamente a qualsiasi spiaggia. Realizzato con materiali naturali e con amore per il legno, \u00e8 un accessorio indispensabile per ogni spiaggia.<br \/>\n<\/strong><\/span><\/h2>\n<p>&nbsp;<\/p>\n<div class=\"row\">\n<div class=\"col-sm-6 \" style=\"margin-top: 30px;\"><center><img decoding=\"async\" class=\"lazyload img-responsive\" style=\"margin: 0px auto; max-width: 100%;\" src=\"data:image\/svg+xml,%3Csvg%20xmlns%3D%27http%3A%2F%2Fwww.w3.org%2F2000%2Fsvg%27%20width%3D%271870%27%20height%3D%271870%27%20viewBox%3D%270%200%201870%201870%27%3E%3Crect%20width%3D%271870%27%20height%3D%271870%27%20fill-opacity%3D%220%22%2F%3E%3C%2Fsvg%3E\" data-orig-src=\"https:\/\/pavidecor.si\/wp-content\/uploads\/2025\/03\/Kabina1a.jpg\" \/><\/center><\/div>\n<div class=\"col-sm-6\" style=\"margin-top: 40px;\">\n<p>&nbsp;<\/p>\n<h3>Una cabina che affascina per estetica e praticit\u00e0<\/h3>\n<p>La cabina spogliatoio da spiaggia PAVI DECOR \u00e8 realizzata in legno di pino di alta qualit\u00e0 o, su richiesta, in legno esotico. I materiali naturali garantiscono <strong>durata e resistenza<\/strong> agli influssi esterni, aggiungendo un tocco di naturale eleganza. La lavorazione artigianale e l&#8217;unione dei dettagli delle parti in legno secondo le tecniche tradizionali garantiscono autenticit\u00e0 e bellezza senza tempo.<\/p>\n<p>&nbsp;<\/p>\n<p>La prestigiosa cabina spogliatoio \u00e8 dotata di rinforzi laterali per una stabilit\u00e0 ancora maggiore della struttura portante. \u00c8 aperta nella parte superiore per una migliore ventilazione, mentre la tenda laterale garantisce la privacy necessaria. Il motivo della tenda della cabina \u00e8 scelto con cura e conferisce alla cabina un aspetto retr\u00f2 e moderno allo stesso tempo. Una cabina da spiaggia \u00e8 un attraente <a href=\"https:\/\/pavidecor.si\/it\/kategorije\/attrezzatura-spiaggia-giardino\/mobili-da-giardino\/\"><strong><span style=\"color: #3366ff;\">mobile da giardino<\/span><\/strong><\/a> che non ha solo uno scopo funzionale, ma arricchisce anche l&#8217;aspetto estetico di qualsiasi spiaggia.<\/p>\n<p>&nbsp;<\/p>\n<\/div>\n<\/div>\n<div class=\"row\">\n<div class=\"col-sm-6 col-sm-push-6\" style=\"margin-top: 30px;\"><center><img decoding=\"async\" class=\"lazyload img-responsive\" style=\"margin: 0px auto; max-width: 100%;\" src=\"data:image\/svg+xml,%3Csvg%20xmlns%3D%27http%3A%2F%2Fwww.w3.org%2F2000%2Fsvg%27%20width%3D%271366%27%20height%3D%271366%27%20viewBox%3D%270%200%201366%201366%27%3E%3Crect%20width%3D%271366%27%20height%3D%271366%27%20fill-opacity%3D%220%22%2F%3E%3C%2Fsvg%3E\" data-orig-src=\"https:\/\/pavidecor.si\/wp-content\/uploads\/2025\/03\/Kabina4a.jpg\" \/><\/center><\/div>\n<div class=\"col-sm-6 col-sm-pull-6\" style=\"margin-top: 40px;\">\n<p>&nbsp;<\/p>\n<h3>Facilit\u00e0 di montaggio e flessibilit\u00e0<\/h3>\n<p>L&#8217;intera struttura pu\u00f2 essere montata senza attrezzi da sole due persone in 10 minuti, poich\u00e9 il montaggio \u00e8 semplice e veloce. Puoi anche fissare la tenda senza complicate procedure in pochi minuti. Questa eccezionale flessibilit\u00e0 consente alla cabina di essere <strong>rapidamente smontata e riposta<\/strong> dopo la stagione o spostata facilmente durante la stagione. La cabina smontata occupa poco spazio nel magazzino (200x70x20cm).<\/p>\n<p>&nbsp;<\/p>\n<p>La cabina spogliatoio da spiaggia offre spazio sufficiente per cambiarsi comodamente e, su richiesta, un ulteriore comodo piano di stivaggio. Grazie alle dimensioni di 110&#215;110 cm c&#8217;\u00e8 abbastanza spazio aggiuntivo per posizionare una sedia, un appendiabiti, ecc. La tenda si apre e si chiude facilmente ed \u00e8 di facile manutenzione. Questa elegante cabina pu\u00f2 essere abbinata ai nostri <a href=\"https:\/\/pavidecor.si\/it\/kategorije\/attrezzatura-spiaggia-giardino\/tappeti-e-stuoie\/\"><strong><span style=\"color: #3366ff;\">tappeti in legno<\/span><\/strong><\/a>, per un accesso pi\u00f9 confortevole a piedi nudi.<\/p>\n<\/div>\n<\/div>\n<div class=\"row\">\n<div class=\"col-sm-6\" style=\"margin-top: 30px;\"><center><img decoding=\"async\" class=\"lazyload img-responsive\" style=\"margin: 0px auto; max-width: 100%;\" src=\"data:image\/svg+xml,%3Csvg%20xmlns%3D%27http%3A%2F%2Fwww.w3.org%2F2000%2Fsvg%27%20width%3D%271621%27%20height%3D%271621%27%20viewBox%3D%270%200%201621%201621%27%3E%3Crect%20width%3D%271621%27%20height%3D%271621%27%20fill-opacity%3D%220%22%2F%3E%3C%2Fsvg%3E\" data-orig-src=\"https:\/\/pavidecor.si\/wp-content\/uploads\/2025\/03\/Kabina3a.jpg\" \/><\/center><\/div>\n<div class=\"col-sm-6\" style=\"margin-top: 40px;\">\n<p>&nbsp;<\/p>\n<h3>Eleganza senza tempo e qualit\u00e0 artigianale<\/h3>\n<p>La cabina da spiaggia del negozio PAVI DECOR unisce comfort, funzionalit\u00e0 ed estetica. Con dimensioni di 110x110x200 cm, il fasciatoio \u00e8 abbastanza spazioso, mentre la sua <strong>struttura stabile<\/strong> garantisce un utilizzo sicuro su tutte le superfici. Abbinata ad accessori come tappetini e sedie, questa cabina fasciatoio crea una soluzione comoda e pratica per qualsiasi spiaggia.<\/p>\n<p>&nbsp;<\/p>\n<p>L&#8217;eleganza senza tempo e l&#8217;alta qualit\u00e0 della lavorazione fanno s\u00ec che lo spogliatoio si adatti perfettamente a qualsiasi ambiente: in piscina, in spiaggia, sulla terrazza o in giardino. In abbinamento al resto dei nostri mobili da giardino, trasformerai il tuo spazio esterno in un angolo dove troverai sempre relax.<\/p>\n<\/div>\n<\/div>\n<p>&nbsp;<\/p>\n<h4><strong>I principali vantaggi della nostra cabina spogliatoio sono:<\/strong><\/h4>\n<ul>\n<li>\n<h4><strong>Facile da montare e smontare senza attrezzi,<\/strong><\/h4>\n<\/li>\n<li>\n<h4><strong>Due persone possono installarla in 10 minuti,<\/strong><\/h4>\n<\/li>\n<li>\n<h4><strong>Senza dadi e bulloni,<\/strong><\/h4>\n<\/li>\n<li>\n<h4><strong>Installazione della tenda in pochi minuti senza attrezzi,<\/strong><\/h4>\n<\/li>\n<li>\n<h4><strong>Lavaggio facile della tenda,<\/strong><\/h4>\n<\/li>\n<li>\n<h4><strong>Dimensioni della struttura LxLxA=110x110x200cm, peso circa 50-60kg a seconda del tipo di legno,<\/strong><\/h4>\n<\/li>\n<li>\n<h4><strong>Materiale legno di pino o legno esotico, colore naturale o opzionale,<\/strong><\/h4>\n<\/li>\n<li>\n<h4><strong>Occupa poco spazio in magazzino &#8211; 200x70x20cm.<\/strong><\/h4>\n<\/li>\n<\/ul>\n","protected":false},"excerpt":{"rendered":"<p><strong><span style=\"color: #c4963c;\">\u2192 Facile installazione e smontaggio senza attrezzi<\/span><\/strong><br \/>\n<strong><span style=\"color: #c4963c;\">\u2192 Si monta\/smonta in due in 10 minuti<\/span><\/strong><br \/>\n<strong><span style=\"color: #c4963c;\">\u2192 Occupa uno spazio di archiviazione minimo<\/span><\/strong><br \/>\n<strong><span style=\"color: #c4963c;\">\u2192 Ricambi sempre disponibili a magazzino<\/span><\/strong><br \/>\n<strong><span style=\"color: #c4963c;\">\u2192 Facile pulizia e manutenzione<\/span><\/strong><br \/>\n<strong><span style=\"color: #c4963c;\">\u2192 Legno di pino o legno esotico a scelta<\/span><\/strong><\/p>\n","protected":false},"featured_media":24284,"comment_status":"open","ping_status":"closed","template":"","meta":[],"product_brand":[],"product_cat":[259],"product_tag":[213,445],"class_list":{"0":"post-24277","1":"product","2":"type-product","3":"status-publish","4":"has-post-thumbnail","6":"product_cat-mobili-da-giardino","7":"product_tag-nuovo","8":"product_tag-per-ordine-prezzo","10":"first","11":"instock","12":"taxable","13":"shipping-taxable","14":"purchasable","15":"product-type-simple"},"yoast_head":"<!-- This site is optimized with the Yoast SEO plugin v27.2 - https:\/\/yoast.com\/product\/yoast-seo-wordpress\/ -->\n<title>Cabina spogliatoio da spiaggia - Pratico, durevole, estetico<\/title>\n<meta name=\"description\" content=\"Cabina spogliatoio da spiaggia ha una struttura in legno resistente, la tenda si apre e si chiude facilmente e garantisce privacy. Installazione facile.\" \/>\n<meta name=\"robots\" content=\"index, follow, max-snippet:-1, max-image-preview:large, max-video-preview:-1\" \/>\n<link rel=\"canonical\" href=\"https:\/\/pavidecor.si\/it\/prodotto\/cabina-spogliatoio-da-spiaggia-110x110x200cm\/\" \/>\n<meta property=\"og:locale\" content=\"it_IT\" \/>\n<meta property=\"og:type\" content=\"article\" \/>\n<meta property=\"og:title\" content=\"Cabina spogliatoio da spiaggia - Pratico, durevole, estetico\" \/>\n<meta property=\"og:description\" content=\"Cabina spogliatoio da spiaggia ha una struttura in legno resistente, la tenda si apre e si chiude facilmente e garantisce privacy. Installazione facile.\" \/>\n<meta property=\"og:url\" content=\"https:\/\/pavidecor.si\/it\/prodotto\/cabina-spogliatoio-da-spiaggia-110x110x200cm\/\" \/>\n<meta property=\"og:site_name\" content=\"Pavi Decor\" \/>\n<meta property=\"article:modified_time\" content=\"2026-04-23T00:01:49+00:00\" \/>\n<meta property=\"og:image\" content=\"https:\/\/pavidecor.si\/wp-content\/uploads\/2025\/03\/Kabina1a.jpg\" \/>\n\t<meta property=\"og:image:width\" content=\"1870\" \/>\n\t<meta property=\"og:image:height\" content=\"1870\" \/>\n\t<meta property=\"og:image:type\" content=\"image\/jpeg\" \/>\n<meta name=\"twitter:card\" content=\"summary_large_image\" \/>\n<meta name=\"twitter:label1\" content=\"Tempo di lettura stimato\" \/>\n\t<meta name=\"twitter:data1\" content=\"4 minuti\" \/>\n<script type=\"application\/ld+json\" class=\"yoast-schema-graph\">{\"@context\":\"https:\/\/schema.org\",\"@graph\":[{\"@type\":\"WebPage\",\"@id\":\"https:\/\/pavidecor.si\/it\/prodotto\/cabina-spogliatoio-da-spiaggia-110x110x200cm\/\",\"url\":\"https:\/\/pavidecor.si\/it\/prodotto\/cabina-spogliatoio-da-spiaggia-110x110x200cm\/\",\"name\":\"Cabina spogliatoio da spiaggia - Pratico, durevole, estetico\",\"isPartOf\":{\"@id\":\"https:\/\/pavidecor.si\/it\/#website\"},\"primaryImageOfPage\":{\"@id\":\"https:\/\/pavidecor.si\/it\/prodotto\/cabina-spogliatoio-da-spiaggia-110x110x200cm\/#primaryimage\"},\"image\":{\"@id\":\"https:\/\/pavidecor.si\/it\/prodotto\/cabina-spogliatoio-da-spiaggia-110x110x200cm\/#primaryimage\"},\"thumbnailUrl\":\"https:\/\/pavidecor.si\/wp-content\/uploads\/2025\/03\/Kabina1a.jpg\",\"datePublished\":\"2025-03-10T09:00:20+00:00\",\"dateModified\":\"2026-04-23T00:01:49+00:00\",\"description\":\"Cabina spogliatoio da spiaggia ha una struttura in legno resistente, la tenda si apre e si chiude facilmente e garantisce privacy. Installazione facile.\",\"breadcrumb\":{\"@id\":\"https:\/\/pavidecor.si\/it\/prodotto\/cabina-spogliatoio-da-spiaggia-110x110x200cm\/#breadcrumb\"},\"inLanguage\":\"it-IT\",\"potentialAction\":[{\"@type\":\"ReadAction\",\"target\":[\"https:\/\/pavidecor.si\/it\/prodotto\/cabina-spogliatoio-da-spiaggia-110x110x200cm\/\"]}]},{\"@type\":\"ImageObject\",\"inLanguage\":\"it-IT\",\"@id\":\"https:\/\/pavidecor.si\/it\/prodotto\/cabina-spogliatoio-da-spiaggia-110x110x200cm\/#primaryimage\",\"url\":\"https:\/\/pavidecor.si\/wp-content\/uploads\/2025\/03\/Kabina1a.jpg\",\"contentUrl\":\"https:\/\/pavidecor.si\/wp-content\/uploads\/2025\/03\/Kabina1a.jpg\",\"width\":1870,\"height\":1870,\"caption\":\"PAVI DECOR\"},{\"@type\":\"BreadcrumbList\",\"@id\":\"https:\/\/pavidecor.si\/it\/prodotto\/cabina-spogliatoio-da-spiaggia-110x110x200cm\/#breadcrumb\",\"itemListElement\":[{\"@type\":\"ListItem\",\"position\":1,\"name\":\"Domov\",\"item\":\"https:\/\/pavidecor.si\/it\/\"},{\"@type\":\"ListItem\",\"position\":2,\"name\":\"Negozio online\",\"item\":\"https:\/\/pavidecor.si\/it\/negozio-online\/\"},{\"@type\":\"ListItem\",\"position\":3,\"name\":\"Cabina spogliatoio da spiaggia 110x110x200cm\"}]},{\"@type\":\"WebSite\",\"@id\":\"https:\/\/pavidecor.si\/it\/#website\",\"url\":\"https:\/\/pavidecor.si\/it\/\",\"name\":\"Pavi Decor\",\"description\":\"Leseni unikati ustvarjeni iz ljubezni do lesa in narave.\",\"potentialAction\":[{\"@type\":\"SearchAction\",\"target\":{\"@type\":\"EntryPoint\",\"urlTemplate\":\"https:\/\/pavidecor.si\/it\/?s={search_term_string}\"},\"query-input\":{\"@type\":\"PropertyValueSpecification\",\"valueRequired\":true,\"valueName\":\"search_term_string\"}}],\"inLanguage\":\"it-IT\"}]}<\/script>\n<!-- \/ Yoast SEO plugin. -->","yoast_head_json":{"title":"Cabina spogliatoio da spiaggia - Pratico, durevole, estetico","description":"Cabina spogliatoio da spiaggia ha una struttura in legno resistente, la tenda si apre e si chiude facilmente e garantisce privacy. Installazione facile.","robots":{"index":"index","follow":"follow","max-snippet":"max-snippet:-1","max-image-preview":"max-image-preview:large","max-video-preview":"max-video-preview:-1"},"canonical":"https:\/\/pavidecor.si\/it\/prodotto\/cabina-spogliatoio-da-spiaggia-110x110x200cm\/","og_locale":"it_IT","og_type":"article","og_title":"Cabina spogliatoio da spiaggia - Pratico, durevole, estetico","og_description":"Cabina spogliatoio da spiaggia ha una struttura in legno resistente, la tenda si apre e si chiude facilmente e garantisce privacy. Installazione facile.","og_url":"https:\/\/pavidecor.si\/it\/prodotto\/cabina-spogliatoio-da-spiaggia-110x110x200cm\/","og_site_name":"Pavi Decor","article_modified_time":"2026-04-23T00:01:49+00:00","og_image":[{"width":1870,"height":1870,"url":"https:\/\/pavidecor.si\/wp-content\/uploads\/2025\/03\/Kabina1a.jpg","type":"image\/jpeg"}],"twitter_card":"summary_large_image","twitter_misc":{"Tempo di lettura stimato":"4 minuti"},"schema":{"@context":"https:\/\/schema.org","@graph":[{"@type":"WebPage","@id":"https:\/\/pavidecor.si\/it\/prodotto\/cabina-spogliatoio-da-spiaggia-110x110x200cm\/","url":"https:\/\/pavidecor.si\/it\/prodotto\/cabina-spogliatoio-da-spiaggia-110x110x200cm\/","name":"Cabina spogliatoio da spiaggia - Pratico, durevole, estetico","isPartOf":{"@id":"https:\/\/pavidecor.si\/it\/#website"},"primaryImageOfPage":{"@id":"https:\/\/pavidecor.si\/it\/prodotto\/cabina-spogliatoio-da-spiaggia-110x110x200cm\/#primaryimage"},"image":{"@id":"https:\/\/pavidecor.si\/it\/prodotto\/cabina-spogliatoio-da-spiaggia-110x110x200cm\/#primaryimage"},"thumbnailUrl":"https:\/\/pavidecor.si\/wp-content\/uploads\/2025\/03\/Kabina1a.jpg","datePublished":"2025-03-10T09:00:20+00:00","dateModified":"2026-04-23T00:01:49+00:00","description":"Cabina spogliatoio da spiaggia ha una struttura in legno resistente, la tenda si apre e si chiude facilmente e garantisce privacy. Installazione facile.","breadcrumb":{"@id":"https:\/\/pavidecor.si\/it\/prodotto\/cabina-spogliatoio-da-spiaggia-110x110x200cm\/#breadcrumb"},"inLanguage":"it-IT","potentialAction":[{"@type":"ReadAction","target":["https:\/\/pavidecor.si\/it\/prodotto\/cabina-spogliatoio-da-spiaggia-110x110x200cm\/"]}]},{"@type":"ImageObject","inLanguage":"it-IT","@id":"https:\/\/pavidecor.si\/it\/prodotto\/cabina-spogliatoio-da-spiaggia-110x110x200cm\/#primaryimage","url":"https:\/\/pavidecor.si\/wp-content\/uploads\/2025\/03\/Kabina1a.jpg","contentUrl":"https:\/\/pavidecor.si\/wp-content\/uploads\/2025\/03\/Kabina1a.jpg","width":1870,"height":1870,"caption":"PAVI DECOR"},{"@type":"BreadcrumbList","@id":"https:\/\/pavidecor.si\/it\/prodotto\/cabina-spogliatoio-da-spiaggia-110x110x200cm\/#breadcrumb","itemListElement":[{"@type":"ListItem","position":1,"name":"Domov","item":"https:\/\/pavidecor.si\/it\/"},{"@type":"ListItem","position":2,"name":"Negozio online","item":"https:\/\/pavidecor.si\/it\/negozio-online\/"},{"@type":"ListItem","position":3,"name":"Cabina spogliatoio da spiaggia 110x110x200cm"}]},{"@type":"WebSite","@id":"https:\/\/pavidecor.si\/it\/#website","url":"https:\/\/pavidecor.si\/it\/","name":"Pavi Decor","description":"Leseni unikati ustvarjeni iz ljubezni do lesa in narave.","potentialAction":[{"@type":"SearchAction","target":{"@type":"EntryPoint","urlTemplate":"https:\/\/pavidecor.si\/it\/?s={search_term_string}"},"query-input":{"@type":"PropertyValueSpecification","valueRequired":true,"valueName":"search_term_string"}}],"inLanguage":"it-IT"}]}},"_links":{"self":[{"href":"https:\/\/pavidecor.si\/it\/wp-json\/wp\/v2\/product\/24277","targetHints":{"allow":["GET"]}}],"collection":[{"href":"https:\/\/pavidecor.si\/it\/wp-json\/wp\/v2\/product"}],"about":[{"href":"https:\/\/pavidecor.si\/it\/wp-json\/wp\/v2\/types\/product"}],"replies":[{"embeddable":true,"href":"https:\/\/pavidecor.si\/it\/wp-json\/wp\/v2\/comments?post=24277"}],"wp:featuredmedia":[{"embeddable":true,"href":"https:\/\/pavidecor.si\/it\/wp-json\/wp\/v2\/media\/24284"}],"wp:attachment":[{"href":"https:\/\/pavidecor.si\/it\/wp-json\/wp\/v2\/media?parent=24277"}],"wp:term":[{"taxonomy":"product_brand","embeddable":true,"href":"https:\/\/pavidecor.si\/it\/wp-json\/wp\/v2\/product_brand?post=24277"},{"taxonomy":"product_cat","embeddable":true,"href":"https:\/\/pavidecor.si\/it\/wp-json\/wp\/v2\/product_cat?post=24277"},{"taxonomy":"product_tag","embeddable":true,"href":"https:\/\/pavidecor.si\/it\/wp-json\/wp\/v2\/product_tag?post=24277"}],"curies":[{"name":"wp","href":"https:\/\/api.w.org\/{rel}","templated":true}]}}