	{"id":24255,"date":"2025-03-04T09:59:36","date_gmt":"2025-03-04T09:59:36","guid":{"rendered":"https:\/\/pavidecor.si\/?post_type=product&#038;p=24255"},"modified":"2026-04-22T00:44:01","modified_gmt":"2026-04-22T00:44:01","slug":"barca-a-vela-decorativa-pd-38x345x25cm-kopija-kopija","status":"publish","type":"product","link":"https:\/\/pavidecor.si\/it\/prodotto\/barca-a-vela-decorativa-pd-38x345x25cm-kopija-kopija\/","title":{"rendered":"Barca a vela decorativa PD 38&#215;34,5&#215;2,5cm (Kopija) (Kopija)"},"content":{"rendered":"<p><span class=\"prvimanjsinaslovopis\"> Barca a vela decorativa &#8211; Decorazione murale unica in legno<\/span><\/p>\n<p>&nbsp;<\/p>\n<h2><span class=\"odebeljenopis\"><strong><br \/>\nScoprite la magia del mare con la nostra barca a vela decorativa, che dona freschezza ed eleganza a qualsiasi stanza. Realizzata in legno e legno riciclato, questa decorazione murale unica non solo incanta con il suo aspetto, ma racconta anche una storia d&#8217;amore per la natura e l&#8217;artigianato.<\/strong><\/span><\/h2>\n<p>&nbsp;<\/p>\n<div class=\"row\">\n<div class=\"col-sm-6 \" style=\"margin-top: 30px;\"><center><img decoding=\"async\" class=\"lazyload img-responsive\" style=\"margin: 0px auto; max-width: 100%;\" src=\"data:image\/svg+xml,%3Csvg%20xmlns%3D%27http%3A%2F%2Fwww.w3.org%2F2000%2Fsvg%27%20width%3D%272501%27%20height%3D%272501%27%20viewBox%3D%270%200%202501%202501%27%3E%3Crect%20width%3D%272501%27%20height%3D%272501%27%20fill-opacity%3D%220%22%2F%3E%3C%2Fsvg%3E\" data-orig-src=\"https:\/\/pavidecor.si\/wp-content\/uploads\/2025\/02\/1IMG_8771a.jpg\" \/><\/center><\/div>\n<div class=\"col-sm-6\" style=\"margin-top: 40px;\">\n<h3>Unico fatto a mano<\/h3>\n<p>La nostra barca a vela decorativa \u00e8 il risultato della passione e della dedizione che mettiamo in ogni prodotto. Nel negozio PAVI DECOR ci concentriamo sulla <strong>produzione artigianale<\/strong> e sull&#8217;uso di materiali naturali, che garantiscono l&#8217;unicit\u00e0 di ogni pezzo. La barca \u00e8 realizzata in legno riciclato, il che significa che non \u00e8 solo esteticamente accattivante, ma anche ecologica. I nostri artigiani utilizzano tecniche tradizionali di giunzione delle parti in legno, che conferiscono al prodotto un aspetto autentico. Questo \u00e8 molto apprezzato dagli amanti dei pezzi unici.<\/p>\n<p>Ogni barca a vela \u00e8 accuratamente rettificata per ottenere una sensazione di morbidezza e piacevolezza al tatto. Sul retro della fusoliera \u00e8 illuminata la scritta &#8220;unico&#8221;, che ne sottolinea ulteriormente l&#8217;unicit\u00e0. Scegliendo la nostra barca a vela, ottieni bellissimi mobili e un pezzo che porta con s\u00e9 storia e tradizione.<\/p>\n<p>&nbsp;<\/p>\n<\/div>\n<\/div>\n<div class=\"row\">\n<div class=\"col-sm-6 col-sm-push-6\" style=\"margin-top: 30px;\"><center><a href=\"https:\/\/pavidecor.si\/wp-content\/uploads\/2024\/10\/1IMG_8784a-600x600.jpg\"><img decoding=\"async\" class=\"lazyload img-responsive\" style=\"margin: 0px auto; max-width: 100%;\" src=\"data:image\/svg+xml,%3Csvg%20xmlns%3D%27http%3A%2F%2Fwww.w3.org%2F2000%2Fsvg%27%20width%3D%272560%27%20height%3D%272560%27%20viewBox%3D%270%200%202560%202560%27%3E%3Crect%20width%3D%272560%27%20height%3D%272560%27%20fill-opacity%3D%220%22%2F%3E%3C%2Fsvg%3E\" data-orig-src=\"https:\/\/pavidecor.si\/wp-content\/uploads\/2025\/02\/4IMG_8768-scaled.jpg\" \/><\/a><\/center><\/div>\n<div class=\"col-sm-6 col-sm-pull-6\" style=\"margin-top: 40px;\">\n<h3>Arredamento nautico per ogni casa<\/h3>\n<p>Una barca a vela decorativa \u00e8 la scelta ideale per chi vuole portare lo spirito del mare nella propria casa. La sua forma stretta e la combinazione di colori, che include un tessuto di cotone verniciato per le vele, dona una sensazione di freschezza e leggerezza. Questo prodotto \u00e8 l&#8217;accessorio perfetto per soggiorni, camerette di bambini o anche uffici, dove pu\u00f2 ricordarti momenti di relax in riva al mare.<\/p>\n<p>Con la nostra barca a vela, potrete creare un&#8217;atmosfera piacevole che vi ricorder\u00e0 le giornate di sole, il vento tra i capelli e una vacanza spensierata. Su tua richiesta, offriamo anche la possibilit\u00e0 di ristampare il tuo nome o registrazione, il che ti consente di personalizzare e aggiungere un tocco speciale al tuo arredamento. Ogni barca a vela \u00e8 unica, il che significa che avrai qualcosa di veramente speciale nella tua casa.<\/p>\n<p>&nbsp;<\/p>\n<\/div>\n<\/div>\n<div class=\"row\">\n<div class=\"col-sm-6\" style=\"margin-top: 30px;\"><center><img decoding=\"async\" class=\"lazyload img-responsive\" style=\"margin: 0px auto; max-width: 100%;\" src=\"data:image\/svg+xml,%3Csvg%20xmlns%3D%27http%3A%2F%2Fwww.w3.org%2F2000%2Fsvg%27%20width%3D%272336%27%20height%3D%272336%27%20viewBox%3D%270%200%202336%202336%27%3E%3Crect%20width%3D%272336%27%20height%3D%272336%27%20fill-opacity%3D%220%22%2F%3E%3C%2Fsvg%3E\" data-orig-src=\"https:\/\/pavidecor.si\/wp-content\/uploads\/2025\/02\/7IMG_8772.jpg\" \/><\/center><\/div>\n<div class=\"col-sm-6\" style=\"margin-top: 40px;\">\n<p>&nbsp;<\/p>\n<h3>Una scelta ecologica e sostenibile<\/h3>\n<p>Noi di PAVI DECOR crediamo nel design sostenibile e nell&#8217;uso di materiali naturali. La nostra barca a vela decorativa \u00e8 realizzata in legno riciclato. Questo significa che quando scegli il nostro prodotto contribuisci alla protezione dell&#8217;ambiente. Sostenendo l&#8217;artigianato locale, contribuisci a preservare la tradizione dell&#8217;artigianato fatto a mano e a promuovere un&#8217;economia sostenibile.<\/p>\n<p>La nostra barca a vela non \u00e8 solo una decorazione, ma anche un simbolo di amore per la natura e di rispetto per i materiali che utilizziamo. Acquistando la nostra barca a vela, non solo arricchisci la tua casa, ma sostieni anche artisti e artigiani locali. Tutti i nostri creatori sono appassionati di creare prodotti unici. Unisciti a noi e scopri la bellezza che la natura porta a casa tua.<\/p>\n<p>&nbsp;<\/p>\n<\/div>\n<\/div>\n<blockquote><p>Una barca a vela decorativa \u00e8 una decorazione murale realizzata con legni e legno riciclato. Le vele sono realizzate in tessuto di cotone a rete verniciato. Ha anche un gagliardetto e una corda installati sulla parte superiore dell&#8217;albero. Lo scafo e l&#8217;albero sono leggermente levigati per un aspetto pi\u00f9 liscio. Lo scafo della barca a vela presenta anche la scritta &#8220;unique&#8221; sul retro. Una barca a vela decorativa stretta \u00e8 un bellissimo decoro nautico che evoca sempre ricordi del mare, del sole, del vento e delle vacanze. Su vostra richiesta, \u00e8 possibile stampare il vostro nome, la registrazione, ecc. Ognuna delle nostre barche a vela \u00e8 fatta a mano e dipinta, insomma unica. Puoi anche vedere alcune barche a vela come parte del nostro <a href=\"https:\/\/pavidecor.si\/it\/projects\/bar-sulla-spiaggia\/\"><strong><span style=\"color: #3366ff;\">bar sulla spiaggia<\/span><\/strong><\/a>.<\/p><\/blockquote>\n<p>&nbsp;<\/p>\n","protected":false},"excerpt":{"rendered":"<p><strong><span style=\"color: #c4963c;\">\u2192 Fatto a mano<\/span><\/strong><strong><span style=\"color: #c4963c;\"><br \/>\n<\/span><span style=\"color: #c4963c;\">\u2192 Unico<\/span><\/strong><\/p>\n","protected":false},"featured_media":24249,"comment_status":"open","ping_status":"closed","template":"","meta":[],"product_brand":[],"product_cat":[276],"product_tag":[],"class_list":{"0":"post-24255","1":"product","2":"type-product","3":"status-publish","4":"has-post-thumbnail","6":"product_cat-altri-regali","8":"first","9":"onbackorder","10":"taxable","11":"shipping-taxable","12":"product-type-simple"},"yoast_head":"<!-- This site is optimized with the Yoast SEO plugin v27.2 - https:\/\/yoast.com\/product\/yoast-seo-wordpress\/ -->\n<title>Barca a vela decorativa - Decorazione murale unica in legno<\/title>\n<meta name=\"description\" content=\"La barca a vela decorativa \u00e8 un bellissimo decoro nautico realizzato con legni e legno riciclato. Ha vele di cotone dipinte e una bandiera sull&#039;albero.\" \/>\n<meta name=\"robots\" content=\"index, follow, max-snippet:-1, max-image-preview:large, max-video-preview:-1\" \/>\n<link rel=\"canonical\" href=\"https:\/\/pavidecor.si\/it\/prodotto\/barca-a-vela-decorativa-pd-38x345x25cm-kopija-kopija\/\" \/>\n<meta property=\"og:locale\" content=\"it_IT\" \/>\n<meta property=\"og:type\" content=\"article\" \/>\n<meta property=\"og:title\" content=\"Barca a vela decorativa - Decorazione murale unica in legno\" \/>\n<meta property=\"og:description\" content=\"La barca a vela decorativa \u00e8 un bellissimo decoro nautico realizzato con legni e legno riciclato. Ha vele di cotone dipinte e una bandiera sull&#039;albero.\" \/>\n<meta property=\"og:url\" content=\"https:\/\/pavidecor.si\/it\/prodotto\/barca-a-vela-decorativa-pd-38x345x25cm-kopija-kopija\/\" \/>\n<meta property=\"og:site_name\" content=\"Pavi Decor\" \/>\n<meta property=\"article:modified_time\" content=\"2026-04-22T00:44:01+00:00\" \/>\n<meta property=\"og:image\" content=\"https:\/\/pavidecor.si\/wp-content\/uploads\/2025\/03\/1IMG_8878.jpg\" \/>\n\t<meta property=\"og:image:width\" content=\"2464\" \/>\n\t<meta property=\"og:image:height\" content=\"2464\" \/>\n\t<meta property=\"og:image:type\" content=\"image\/jpeg\" \/>\n<meta name=\"twitter:card\" content=\"summary_large_image\" \/>\n<meta name=\"twitter:label1\" content=\"Tempo di lettura stimato\" \/>\n\t<meta name=\"twitter:data1\" content=\"4 minuti\" \/>\n<script type=\"application\/ld+json\" class=\"yoast-schema-graph\">{\"@context\":\"https:\/\/schema.org\",\"@graph\":[{\"@type\":\"WebPage\",\"@id\":\"https:\/\/pavidecor.si\/it\/prodotto\/barca-a-vela-decorativa-pd-38x345x25cm-kopija-kopija\/\",\"url\":\"https:\/\/pavidecor.si\/it\/prodotto\/barca-a-vela-decorativa-pd-38x345x25cm-kopija-kopija\/\",\"name\":\"Barca a vela decorativa - Decorazione murale unica in legno\",\"isPartOf\":{\"@id\":\"https:\/\/pavidecor.si\/it\/#website\"},\"primaryImageOfPage\":{\"@id\":\"https:\/\/pavidecor.si\/it\/prodotto\/barca-a-vela-decorativa-pd-38x345x25cm-kopija-kopija\/#primaryimage\"},\"image\":{\"@id\":\"https:\/\/pavidecor.si\/it\/prodotto\/barca-a-vela-decorativa-pd-38x345x25cm-kopija-kopija\/#primaryimage\"},\"thumbnailUrl\":\"https:\/\/pavidecor.si\/wp-content\/uploads\/2025\/03\/1IMG_8878.jpg\",\"datePublished\":\"2025-03-04T09:59:36+00:00\",\"dateModified\":\"2026-04-22T00:44:01+00:00\",\"description\":\"La barca a vela decorativa \u00e8 un bellissimo decoro nautico realizzato con legni e legno riciclato. Ha vele di cotone dipinte e una bandiera sull'albero.\",\"breadcrumb\":{\"@id\":\"https:\/\/pavidecor.si\/it\/prodotto\/barca-a-vela-decorativa-pd-38x345x25cm-kopija-kopija\/#breadcrumb\"},\"inLanguage\":\"it-IT\",\"potentialAction\":[{\"@type\":\"ReadAction\",\"target\":[\"https:\/\/pavidecor.si\/it\/prodotto\/barca-a-vela-decorativa-pd-38x345x25cm-kopija-kopija\/\"]}]},{\"@type\":\"ImageObject\",\"inLanguage\":\"it-IT\",\"@id\":\"https:\/\/pavidecor.si\/it\/prodotto\/barca-a-vela-decorativa-pd-38x345x25cm-kopija-kopija\/#primaryimage\",\"url\":\"https:\/\/pavidecor.si\/wp-content\/uploads\/2025\/03\/1IMG_8878.jpg\",\"contentUrl\":\"https:\/\/pavidecor.si\/wp-content\/uploads\/2025\/03\/1IMG_8878.jpg\",\"width\":2464,\"height\":2464,\"caption\":\"PAVI DECOR\"},{\"@type\":\"BreadcrumbList\",\"@id\":\"https:\/\/pavidecor.si\/it\/prodotto\/barca-a-vela-decorativa-pd-38x345x25cm-kopija-kopija\/#breadcrumb\",\"itemListElement\":[{\"@type\":\"ListItem\",\"position\":1,\"name\":\"Domov\",\"item\":\"https:\/\/pavidecor.si\/it\/\"},{\"@type\":\"ListItem\",\"position\":2,\"name\":\"Negozio online\",\"item\":\"https:\/\/pavidecor.si\/it\/negozio-online\/\"},{\"@type\":\"ListItem\",\"position\":3,\"name\":\"Barca a vela decorativa PD 38&#215;34,5&#215;2,5cm (Kopija) (Kopija)\"}]},{\"@type\":\"WebSite\",\"@id\":\"https:\/\/pavidecor.si\/it\/#website\",\"url\":\"https:\/\/pavidecor.si\/it\/\",\"name\":\"Pavi Decor\",\"description\":\"Leseni unikati ustvarjeni iz ljubezni do lesa in narave.\",\"potentialAction\":[{\"@type\":\"SearchAction\",\"target\":{\"@type\":\"EntryPoint\",\"urlTemplate\":\"https:\/\/pavidecor.si\/it\/?s={search_term_string}\"},\"query-input\":{\"@type\":\"PropertyValueSpecification\",\"valueRequired\":true,\"valueName\":\"search_term_string\"}}],\"inLanguage\":\"it-IT\"}]}<\/script>\n<!-- \/ Yoast SEO plugin. -->","yoast_head_json":{"title":"Barca a vela decorativa - Decorazione murale unica in legno","description":"La barca a vela decorativa \u00e8 un bellissimo decoro nautico realizzato con legni e legno riciclato. Ha vele di cotone dipinte e una bandiera sull'albero.","robots":{"index":"index","follow":"follow","max-snippet":"max-snippet:-1","max-image-preview":"max-image-preview:large","max-video-preview":"max-video-preview:-1"},"canonical":"https:\/\/pavidecor.si\/it\/prodotto\/barca-a-vela-decorativa-pd-38x345x25cm-kopija-kopija\/","og_locale":"it_IT","og_type":"article","og_title":"Barca a vela decorativa - Decorazione murale unica in legno","og_description":"La barca a vela decorativa \u00e8 un bellissimo decoro nautico realizzato con legni e legno riciclato. Ha vele di cotone dipinte e una bandiera sull'albero.","og_url":"https:\/\/pavidecor.si\/it\/prodotto\/barca-a-vela-decorativa-pd-38x345x25cm-kopija-kopija\/","og_site_name":"Pavi Decor","article_modified_time":"2026-04-22T00:44:01+00:00","og_image":[{"width":2464,"height":2464,"url":"https:\/\/pavidecor.si\/wp-content\/uploads\/2025\/03\/1IMG_8878.jpg","type":"image\/jpeg"}],"twitter_card":"summary_large_image","twitter_misc":{"Tempo di lettura stimato":"4 minuti"},"schema":{"@context":"https:\/\/schema.org","@graph":[{"@type":"WebPage","@id":"https:\/\/pavidecor.si\/it\/prodotto\/barca-a-vela-decorativa-pd-38x345x25cm-kopija-kopija\/","url":"https:\/\/pavidecor.si\/it\/prodotto\/barca-a-vela-decorativa-pd-38x345x25cm-kopija-kopija\/","name":"Barca a vela decorativa - Decorazione murale unica in legno","isPartOf":{"@id":"https:\/\/pavidecor.si\/it\/#website"},"primaryImageOfPage":{"@id":"https:\/\/pavidecor.si\/it\/prodotto\/barca-a-vela-decorativa-pd-38x345x25cm-kopija-kopija\/#primaryimage"},"image":{"@id":"https:\/\/pavidecor.si\/it\/prodotto\/barca-a-vela-decorativa-pd-38x345x25cm-kopija-kopija\/#primaryimage"},"thumbnailUrl":"https:\/\/pavidecor.si\/wp-content\/uploads\/2025\/03\/1IMG_8878.jpg","datePublished":"2025-03-04T09:59:36+00:00","dateModified":"2026-04-22T00:44:01+00:00","description":"La barca a vela decorativa \u00e8 un bellissimo decoro nautico realizzato con legni e legno riciclato. Ha vele di cotone dipinte e una bandiera sull'albero.","breadcrumb":{"@id":"https:\/\/pavidecor.si\/it\/prodotto\/barca-a-vela-decorativa-pd-38x345x25cm-kopija-kopija\/#breadcrumb"},"inLanguage":"it-IT","potentialAction":[{"@type":"ReadAction","target":["https:\/\/pavidecor.si\/it\/prodotto\/barca-a-vela-decorativa-pd-38x345x25cm-kopija-kopija\/"]}]},{"@type":"ImageObject","inLanguage":"it-IT","@id":"https:\/\/pavidecor.si\/it\/prodotto\/barca-a-vela-decorativa-pd-38x345x25cm-kopija-kopija\/#primaryimage","url":"https:\/\/pavidecor.si\/wp-content\/uploads\/2025\/03\/1IMG_8878.jpg","contentUrl":"https:\/\/pavidecor.si\/wp-content\/uploads\/2025\/03\/1IMG_8878.jpg","width":2464,"height":2464,"caption":"PAVI DECOR"},{"@type":"BreadcrumbList","@id":"https:\/\/pavidecor.si\/it\/prodotto\/barca-a-vela-decorativa-pd-38x345x25cm-kopija-kopija\/#breadcrumb","itemListElement":[{"@type":"ListItem","position":1,"name":"Domov","item":"https:\/\/pavidecor.si\/it\/"},{"@type":"ListItem","position":2,"name":"Negozio online","item":"https:\/\/pavidecor.si\/it\/negozio-online\/"},{"@type":"ListItem","position":3,"name":"Barca a vela decorativa PD 38&#215;34,5&#215;2,5cm (Kopija) (Kopija)"}]},{"@type":"WebSite","@id":"https:\/\/pavidecor.si\/it\/#website","url":"https:\/\/pavidecor.si\/it\/","name":"Pavi Decor","description":"Leseni unikati ustvarjeni iz ljubezni do lesa in narave.","potentialAction":[{"@type":"SearchAction","target":{"@type":"EntryPoint","urlTemplate":"https:\/\/pavidecor.si\/it\/?s={search_term_string}"},"query-input":{"@type":"PropertyValueSpecification","valueRequired":true,"valueName":"search_term_string"}}],"inLanguage":"it-IT"}]}},"_links":{"self":[{"href":"https:\/\/pavidecor.si\/it\/wp-json\/wp\/v2\/product\/24255","targetHints":{"allow":["GET"]}}],"collection":[{"href":"https:\/\/pavidecor.si\/it\/wp-json\/wp\/v2\/product"}],"about":[{"href":"https:\/\/pavidecor.si\/it\/wp-json\/wp\/v2\/types\/product"}],"replies":[{"embeddable":true,"href":"https:\/\/pavidecor.si\/it\/wp-json\/wp\/v2\/comments?post=24255"}],"wp:featuredmedia":[{"embeddable":true,"href":"https:\/\/pavidecor.si\/it\/wp-json\/wp\/v2\/media\/24249"}],"wp:attachment":[{"href":"https:\/\/pavidecor.si\/it\/wp-json\/wp\/v2\/media?parent=24255"}],"wp:term":[{"taxonomy":"product_brand","embeddable":true,"href":"https:\/\/pavidecor.si\/it\/wp-json\/wp\/v2\/product_brand?post=24255"},{"taxonomy":"product_cat","embeddable":true,"href":"https:\/\/pavidecor.si\/it\/wp-json\/wp\/v2\/product_cat?post=24255"},{"taxonomy":"product_tag","embeddable":true,"href":"https:\/\/pavidecor.si\/it\/wp-json\/wp\/v2\/product_tag?post=24255"}],"curies":[{"name":"wp","href":"https:\/\/api.w.org\/{rel}","templated":true}]}}