	{"id":23515,"date":"2025-01-10T10:37:55","date_gmt":"2025-01-10T10:37:55","guid":{"rendered":"https:\/\/pavidecor.si\/?post_type=product&#038;p=23515"},"modified":"2026-04-23T01:01:47","modified_gmt":"2026-04-23T01:01:47","slug":"lettino-prendisole-in-legno-con-cuscini-200x90x40cm","status":"publish","type":"product","link":"https:\/\/pavidecor.si\/it\/prodotto\/lettino-prendisole-in-legno-con-cuscini-200x90x40cm\/","title":{"rendered":"Lettino prendisole in legno con cuscini exotic 200x90x40cm"},"content":{"rendered":"<p>Lettino prendisole in legno con cuscini &#8211; Eleganza e comodit\u00e0 sul tuo terrazzo &#8211; Dimensioni 200x90x40cm<\/p>\n<p>&nbsp;<\/p>\n<h2><span class=\"odebeljenopis\"><strong><br \/>\nScoprite il lettino prendisole in legno, un perfetto connubio di comfort e design per le vostre giornate estive. Realizzato con materiali di alta qualit\u00e0 e una lavorazione artigianale, questo lettino \u00e8 ideale per la spiaggia, il giardino, la terrazza o accanto alla piscina. Con il suo stile elegante e funzionale, il lettino prendisole in legno \u00e8 un must per ogni ambiente estivo.<\/strong><\/span><\/h2>\n<p>&nbsp;<\/p>\n<div class=\"row\">\n<div class=\"col-sm-6 \" style=\"margin-top: 30px;\"><center><img decoding=\"async\" class=\"lazyload img-responsive\" style=\"margin: 0px auto; max-width: 100%;\" src=\"data:image\/svg+xml,%3Csvg%20xmlns%3D%27http%3A%2F%2Fwww.w3.org%2F2000%2Fsvg%27%20width%3D%271742%27%20height%3D%271742%27%20viewBox%3D%270%200%201742%201742%27%3E%3Crect%20width%3D%271742%27%20height%3D%271742%27%20fill-opacity%3D%220%22%2F%3E%3C%2Fsvg%3E\" data-orig-src=\"https:\/\/pavidecor.si\/wp-content\/uploads\/2025\/01\/1-1.jpg\" \/><\/center><\/div>\n<div class=\"col-sm-6\" style=\"margin-top: 40px;\">\n<p>&nbsp;<\/p>\n<h3>Design e materiali di alta qualit\u00e0<\/h3>\n<p>Il lettino prendisole in legno con cuscini \u00e8 caratterizzato da un <b>struttura pieghevole in legno esotico<\/b>, che garantisce robustezza e durata nel tempo. Il letto lungo 200 cm \u00e8 realizzato in tessuto idrorepellente, piacevole al tatto e facile da pulire.\u00a0Questo lo rende perfetto per l&#8217;uso all&#8217;aperto, senza preoccuparsi di pioggia o sole. La lavorazione artigianale dei nostri prodotti, realizzati con amore per il legno e la natura, conferisce a ogni pezzo un aspetto autentico e unico, proprio come i maestri artigiani del passato.<\/p>\n<p>&nbsp;<\/p>\n<p>Inoltre, al lettino vengono aggiunti dei cuscini molto comodi, che permettono di rilassarsi spensieratamente all&#8217;aria aperta. La possibilit\u00e0 di regolare lo schienale in tre posizioni diverse offre un ulteriore livello di comfort, permettendo di adattare il lettino alle proprie esigenze. Che si tratti di leggere un libro o di prendere il sole, il lettino prendisole in legno \u00e8 la scelta ideale.<\/p>\n<p>&nbsp;<\/p>\n<\/div>\n<\/div>\n<div class=\"row\">\n<div class=\"col-sm-6 col-sm-push-6\" style=\"margin-top: 30px;\"><center><img decoding=\"async\" class=\"lazyload img-responsive\" style=\"margin: 0px auto; max-width: 100%;\" src=\"data:image\/svg+xml,%3Csvg%20xmlns%3D%27http%3A%2F%2Fwww.w3.org%2F2000%2Fsvg%27%20width%3D%271762%27%20height%3D%271762%27%20viewBox%3D%270%200%201762%201762%27%3E%3Crect%20width%3D%271762%27%20height%3D%271762%27%20fill-opacity%3D%220%22%2F%3E%3C%2Fsvg%3E\" data-orig-src=\"https:\/\/pavidecor.si\/wp-content\/uploads\/2025\/01\/2.jpg\" \/><\/center><\/div>\n<div class=\"col-sm-6 col-sm-pull-6\" style=\"margin-top: 40px;\">\n<p>&nbsp;<\/p>\n<h3>Versatilit\u00e0 e praticit\u00e0<\/h3>\n<p>Il lettino prendisole in legno con cuscini \u00e8 perfetto per ogni occasione. Che si tratti di una giornata in spiaggia, di un pomeriggio in giardino o di un momento di relax accanto alla piscina, questo lettino si adatta a qualsiasi ambiente. Grazie alla facilit\u00e0 di montaggio e al poco spazio occupato in magazzino, \u00e8 un&#8217;ottima scelta per hotel o appartamenti.<\/p>\n<p>&nbsp;<\/p>\n<p>Grazie alla loro eccezionale qualit\u00e0 e durata, le sedie a sdraio da giardino in legno sono diventate una parte obbligatoria dell&#8217;attrezzatura delle cabane in legno di <a href=\"https:\/\/paviapartments.com\/apartments\/luxury-apartment-private-swimming-pool\/\"><strong><span style=\"color: #3366ff;\">Villa Amalia<\/span><\/strong><\/a> sull&#8217;isola di Krk. Gli utenti ne apprezzano il comfort e la funzionalit\u00e0, il che dimostra che le sedie a sdraio da giardino PAVI DECOR sono la scelta giusta per tutti coloro che vogliono godersi il proprio tempo libero in modo di qualit\u00e0.<\/p>\n<p>&nbsp;<\/p>\n<\/div>\n<\/div>\n<div class=\"row\">\n<div class=\"col-sm-6\" style=\"margin-top: 30px;\"><center><img decoding=\"async\" class=\"lazyload img-responsive\" style=\"margin: 0px auto; max-width: 100%;\" src=\"data:image\/svg+xml,%3Csvg%20xmlns%3D%27http%3A%2F%2Fwww.w3.org%2F2000%2Fsvg%27%20width%3D%271409%27%20height%3D%271409%27%20viewBox%3D%270%200%201409%201409%27%3E%3Crect%20width%3D%271409%27%20height%3D%271409%27%20fill-opacity%3D%220%22%2F%3E%3C%2Fsvg%3E\" data-orig-src=\" https:\/\/pavidecor.si\/wp-content\/uploads\/2025\/01\/3.jpg\" \/><\/center><\/div>\n<div class=\"col-sm-6\" style=\"margin-top: 40px;\">\n<p>&nbsp;<\/p>\n<h3>Dettagli del prodotto<\/h3>\n<p>Il lettino prendisole in legno con cuscini \u00e8 progettato per offrire un&#8217;esperienza di relax senza pari. Le sue dimensioni generose e il design ergonomico lo rendono adatto a tutti. La struttura in legno esotico non solo \u00e8 resistente, ma aggiunge anche un tocco di eleganza al vostro spazio esterno. La superficie in PVC \u00e8 facile da pulire e mantiene il suo aspetto nel tempo, rendendo il lettino ideale per l&#8217;uso quotidiano.<\/p>\n<p>&nbsp;<\/p>\n<p>In sintesi, il lettino prendisole \u00e8 un prodotto unico, frutto della nostra esperienza e creativit\u00e0, realizzato in Slovenia. L&#8217;abbiamo progettato per adattarsi perfettamente alla nostra <a href=\"\/it\/prodotto\/cabana-da-spiaggia-lettino-prendisole-doppio-con-baldacchino-natur\/\"><strong><span style=\"color: #3366ff;\">cabana da spiaggia<\/span><\/strong><\/a> in legno. Goditi i momenti di relax e connessione con la natura offerti da questo meraviglioso prodotto. Vieni a trovarci nel salone PAVI DECOR e scopri come le sdraio da giardino possono arricchire i tuoi spazi.<\/p>\n<\/div>\n<p>&nbsp;<\/p>\n<h4><\/h4>\n<h4><strong>I principali vantaggi del nostro lettino prendisole in legno con cuscini sono:<br \/>\n<\/strong><\/h4>\n<div class=\"row\">\n<ul>\n<li>\n<h4><strong>Facile montaggio e smontaggio senza attrezzi,<\/strong><\/h4>\n<\/li>\n<li>\n<h4><strong>Senza viti e dadi,<\/strong><\/h4>\n<\/li>\n<li>\n<h4><strong>Tre livelli di inclinazione dello schienale,<\/strong><\/h4>\n<\/li>\n<li>\n<h4><strong>Tessuto idrorepellente,<\/strong><\/h4>\n<\/li>\n<li>\n<h4><strong>Colore e spessore dei cuscini come desiderato,<\/strong><\/h4>\n<\/li>\n<li>\n<h4><strong>Dimensioni di un letto insieme allo schienale 200x90x40 cm,<\/strong><\/h4>\n<\/li>\n<li>\n<h4><strong>Peso ca. 20-25 kg a seconda del tipo di legno,<\/strong><\/h4>\n<\/li>\n<li>\n<h4><strong>Materiale legno esotico e pino sloveno, colore naturale o a piacere,<\/strong><\/h4>\n<\/li>\n<li>\n<h4><strong>Occupa poco spazio in magazzino: 200x90x10 cm + cuscini.<\/strong><\/h4>\n<\/li>\n<\/ul>\n<\/div>\n<\/div>\n<p>&nbsp;<\/p>\n","protected":false},"excerpt":{"rendered":"<p><strong><span style=\"color: #c4963c;\">\u2192 Facilit\u00e0 di montaggio e smontaggio senza attrezzi<br \/>\n\u2192 Occupa uno spazio minimo nel magazzino<br \/>\n\u2192 Pezzi di ricambio sempre disponibili<br \/>\n\u2192 Facile pulizia e manutenzione<br \/>\n\u2192 Tre livelli di inclinazione dello schienale<br \/>\n\u2192 Colore e spessore dei cuscini a piacere<br \/>\n\u2192 Legno esotico e pino sloveno o a piacere<\/span><\/strong><\/p>\n","protected":false},"featured_media":23520,"comment_status":"open","ping_status":"closed","template":"","meta":[],"product_brand":[],"product_cat":[259],"product_tag":[213,445],"class_list":{"0":"post-23515","1":"product","2":"type-product","3":"status-publish","4":"has-post-thumbnail","6":"product_cat-mobili-da-giardino","7":"product_tag-nuovo","8":"product_tag-per-ordine-prezzo","10":"first","11":"instock","12":"taxable","13":"shipping-taxable","14":"purchasable","15":"product-type-simple"},"yoast_head":"<!-- This site is optimized with the Yoast SEO plugin v27.2 - https:\/\/yoast.com\/product\/yoast-seo-wordpress\/ -->\n<title>Lettino prendisole in legno con cuscini - Eleganza e comodit\u00e0<\/title>\n<meta name=\"description\" content=\"La sdraio Havana con parasole \u00e8 caratterizzata da un comfort eccezionale e da una lavorazione superiore. Lo schienale \u00e8 regolabile in due posizioni.\" \/>\n<meta name=\"robots\" content=\"index, follow, max-snippet:-1, max-image-preview:large, max-video-preview:-1\" \/>\n<link rel=\"canonical\" href=\"https:\/\/pavidecor.si\/it\/prodotto\/lettino-prendisole-in-legno-con-cuscini-200x90x40cm\/\" \/>\n<meta property=\"og:locale\" content=\"it_IT\" \/>\n<meta property=\"og:type\" content=\"article\" \/>\n<meta property=\"og:title\" content=\"Lettino prendisole in legno con cuscini - Eleganza e comodit\u00e0\" \/>\n<meta property=\"og:description\" content=\"La sdraio Havana con parasole \u00e8 caratterizzata da un comfort eccezionale e da una lavorazione superiore. Lo schienale \u00e8 regolabile in due posizioni.\" \/>\n<meta property=\"og:url\" content=\"https:\/\/pavidecor.si\/it\/prodotto\/lettino-prendisole-in-legno-con-cuscini-200x90x40cm\/\" \/>\n<meta property=\"og:site_name\" content=\"Pavi Decor\" \/>\n<meta property=\"article:modified_time\" content=\"2026-04-23T01:01:47+00:00\" \/>\n<meta property=\"og:image\" content=\"https:\/\/pavidecor.si\/wp-content\/uploads\/2025\/01\/1-1.jpg\" \/>\n\t<meta property=\"og:image:width\" content=\"1742\" \/>\n\t<meta property=\"og:image:height\" content=\"1742\" \/>\n\t<meta property=\"og:image:type\" content=\"image\/jpeg\" \/>\n<meta name=\"twitter:card\" content=\"summary_large_image\" \/>\n<meta name=\"twitter:label1\" content=\"Tempo di lettura stimato\" \/>\n\t<meta name=\"twitter:data1\" content=\"4 minuti\" \/>\n<script type=\"application\/ld+json\" class=\"yoast-schema-graph\">{\"@context\":\"https:\/\/schema.org\",\"@graph\":[{\"@type\":\"WebPage\",\"@id\":\"https:\/\/pavidecor.si\/it\/prodotto\/lettino-prendisole-in-legno-con-cuscini-200x90x40cm\/\",\"url\":\"https:\/\/pavidecor.si\/it\/prodotto\/lettino-prendisole-in-legno-con-cuscini-200x90x40cm\/\",\"name\":\"Lettino prendisole in legno con cuscini - Eleganza e comodit\u00e0\",\"isPartOf\":{\"@id\":\"https:\/\/pavidecor.si\/it\/#website\"},\"primaryImageOfPage\":{\"@id\":\"https:\/\/pavidecor.si\/it\/prodotto\/lettino-prendisole-in-legno-con-cuscini-200x90x40cm\/#primaryimage\"},\"image\":{\"@id\":\"https:\/\/pavidecor.si\/it\/prodotto\/lettino-prendisole-in-legno-con-cuscini-200x90x40cm\/#primaryimage\"},\"thumbnailUrl\":\"https:\/\/pavidecor.si\/wp-content\/uploads\/2025\/01\/1-1.jpg\",\"datePublished\":\"2025-01-10T10:37:55+00:00\",\"dateModified\":\"2026-04-23T01:01:47+00:00\",\"description\":\"La sdraio Havana con parasole \u00e8 caratterizzata da un comfort eccezionale e da una lavorazione superiore. Lo schienale \u00e8 regolabile in due posizioni.\",\"breadcrumb\":{\"@id\":\"https:\/\/pavidecor.si\/it\/prodotto\/lettino-prendisole-in-legno-con-cuscini-200x90x40cm\/#breadcrumb\"},\"inLanguage\":\"it-IT\",\"potentialAction\":[{\"@type\":\"ReadAction\",\"target\":[\"https:\/\/pavidecor.si\/it\/prodotto\/lettino-prendisole-in-legno-con-cuscini-200x90x40cm\/\"]}]},{\"@type\":\"ImageObject\",\"inLanguage\":\"it-IT\",\"@id\":\"https:\/\/pavidecor.si\/it\/prodotto\/lettino-prendisole-in-legno-con-cuscini-200x90x40cm\/#primaryimage\",\"url\":\"https:\/\/pavidecor.si\/wp-content\/uploads\/2025\/01\/1-1.jpg\",\"contentUrl\":\"https:\/\/pavidecor.si\/wp-content\/uploads\/2025\/01\/1-1.jpg\",\"width\":1742,\"height\":1742,\"caption\":\"PAVI DECOR\"},{\"@type\":\"BreadcrumbList\",\"@id\":\"https:\/\/pavidecor.si\/it\/prodotto\/lettino-prendisole-in-legno-con-cuscini-200x90x40cm\/#breadcrumb\",\"itemListElement\":[{\"@type\":\"ListItem\",\"position\":1,\"name\":\"Domov\",\"item\":\"https:\/\/pavidecor.si\/it\/\"},{\"@type\":\"ListItem\",\"position\":2,\"name\":\"Negozio online\",\"item\":\"https:\/\/pavidecor.si\/it\/negozio-online\/\"},{\"@type\":\"ListItem\",\"position\":3,\"name\":\"Lettino prendisole in legno con cuscini exotic 200x90x40cm\"}]},{\"@type\":\"WebSite\",\"@id\":\"https:\/\/pavidecor.si\/it\/#website\",\"url\":\"https:\/\/pavidecor.si\/it\/\",\"name\":\"Pavi Decor\",\"description\":\"Leseni unikati ustvarjeni iz ljubezni do lesa in narave.\",\"potentialAction\":[{\"@type\":\"SearchAction\",\"target\":{\"@type\":\"EntryPoint\",\"urlTemplate\":\"https:\/\/pavidecor.si\/it\/?s={search_term_string}\"},\"query-input\":{\"@type\":\"PropertyValueSpecification\",\"valueRequired\":true,\"valueName\":\"search_term_string\"}}],\"inLanguage\":\"it-IT\"}]}<\/script>\n<!-- \/ Yoast SEO plugin. -->","yoast_head_json":{"title":"Lettino prendisole in legno con cuscini - Eleganza e comodit\u00e0","description":"La sdraio Havana con parasole \u00e8 caratterizzata da un comfort eccezionale e da una lavorazione superiore. Lo schienale \u00e8 regolabile in due posizioni.","robots":{"index":"index","follow":"follow","max-snippet":"max-snippet:-1","max-image-preview":"max-image-preview:large","max-video-preview":"max-video-preview:-1"},"canonical":"https:\/\/pavidecor.si\/it\/prodotto\/lettino-prendisole-in-legno-con-cuscini-200x90x40cm\/","og_locale":"it_IT","og_type":"article","og_title":"Lettino prendisole in legno con cuscini - Eleganza e comodit\u00e0","og_description":"La sdraio Havana con parasole \u00e8 caratterizzata da un comfort eccezionale e da una lavorazione superiore. Lo schienale \u00e8 regolabile in due posizioni.","og_url":"https:\/\/pavidecor.si\/it\/prodotto\/lettino-prendisole-in-legno-con-cuscini-200x90x40cm\/","og_site_name":"Pavi Decor","article_modified_time":"2026-04-23T01:01:47+00:00","og_image":[{"width":1742,"height":1742,"url":"https:\/\/pavidecor.si\/wp-content\/uploads\/2025\/01\/1-1.jpg","type":"image\/jpeg"}],"twitter_card":"summary_large_image","twitter_misc":{"Tempo di lettura stimato":"4 minuti"},"schema":{"@context":"https:\/\/schema.org","@graph":[{"@type":"WebPage","@id":"https:\/\/pavidecor.si\/it\/prodotto\/lettino-prendisole-in-legno-con-cuscini-200x90x40cm\/","url":"https:\/\/pavidecor.si\/it\/prodotto\/lettino-prendisole-in-legno-con-cuscini-200x90x40cm\/","name":"Lettino prendisole in legno con cuscini - Eleganza e comodit\u00e0","isPartOf":{"@id":"https:\/\/pavidecor.si\/it\/#website"},"primaryImageOfPage":{"@id":"https:\/\/pavidecor.si\/it\/prodotto\/lettino-prendisole-in-legno-con-cuscini-200x90x40cm\/#primaryimage"},"image":{"@id":"https:\/\/pavidecor.si\/it\/prodotto\/lettino-prendisole-in-legno-con-cuscini-200x90x40cm\/#primaryimage"},"thumbnailUrl":"https:\/\/pavidecor.si\/wp-content\/uploads\/2025\/01\/1-1.jpg","datePublished":"2025-01-10T10:37:55+00:00","dateModified":"2026-04-23T01:01:47+00:00","description":"La sdraio Havana con parasole \u00e8 caratterizzata da un comfort eccezionale e da una lavorazione superiore. Lo schienale \u00e8 regolabile in due posizioni.","breadcrumb":{"@id":"https:\/\/pavidecor.si\/it\/prodotto\/lettino-prendisole-in-legno-con-cuscini-200x90x40cm\/#breadcrumb"},"inLanguage":"it-IT","potentialAction":[{"@type":"ReadAction","target":["https:\/\/pavidecor.si\/it\/prodotto\/lettino-prendisole-in-legno-con-cuscini-200x90x40cm\/"]}]},{"@type":"ImageObject","inLanguage":"it-IT","@id":"https:\/\/pavidecor.si\/it\/prodotto\/lettino-prendisole-in-legno-con-cuscini-200x90x40cm\/#primaryimage","url":"https:\/\/pavidecor.si\/wp-content\/uploads\/2025\/01\/1-1.jpg","contentUrl":"https:\/\/pavidecor.si\/wp-content\/uploads\/2025\/01\/1-1.jpg","width":1742,"height":1742,"caption":"PAVI DECOR"},{"@type":"BreadcrumbList","@id":"https:\/\/pavidecor.si\/it\/prodotto\/lettino-prendisole-in-legno-con-cuscini-200x90x40cm\/#breadcrumb","itemListElement":[{"@type":"ListItem","position":1,"name":"Domov","item":"https:\/\/pavidecor.si\/it\/"},{"@type":"ListItem","position":2,"name":"Negozio online","item":"https:\/\/pavidecor.si\/it\/negozio-online\/"},{"@type":"ListItem","position":3,"name":"Lettino prendisole in legno con cuscini exotic 200x90x40cm"}]},{"@type":"WebSite","@id":"https:\/\/pavidecor.si\/it\/#website","url":"https:\/\/pavidecor.si\/it\/","name":"Pavi Decor","description":"Leseni unikati ustvarjeni iz ljubezni do lesa in narave.","potentialAction":[{"@type":"SearchAction","target":{"@type":"EntryPoint","urlTemplate":"https:\/\/pavidecor.si\/it\/?s={search_term_string}"},"query-input":{"@type":"PropertyValueSpecification","valueRequired":true,"valueName":"search_term_string"}}],"inLanguage":"it-IT"}]}},"_links":{"self":[{"href":"https:\/\/pavidecor.si\/it\/wp-json\/wp\/v2\/product\/23515","targetHints":{"allow":["GET"]}}],"collection":[{"href":"https:\/\/pavidecor.si\/it\/wp-json\/wp\/v2\/product"}],"about":[{"href":"https:\/\/pavidecor.si\/it\/wp-json\/wp\/v2\/types\/product"}],"replies":[{"embeddable":true,"href":"https:\/\/pavidecor.si\/it\/wp-json\/wp\/v2\/comments?post=23515"}],"wp:featuredmedia":[{"embeddable":true,"href":"https:\/\/pavidecor.si\/it\/wp-json\/wp\/v2\/media\/23520"}],"wp:attachment":[{"href":"https:\/\/pavidecor.si\/it\/wp-json\/wp\/v2\/media?parent=23515"}],"wp:term":[{"taxonomy":"product_brand","embeddable":true,"href":"https:\/\/pavidecor.si\/it\/wp-json\/wp\/v2\/product_brand?post=23515"},{"taxonomy":"product_cat","embeddable":true,"href":"https:\/\/pavidecor.si\/it\/wp-json\/wp\/v2\/product_cat?post=23515"},{"taxonomy":"product_tag","embeddable":true,"href":"https:\/\/pavidecor.si\/it\/wp-json\/wp\/v2\/product_tag?post=23515"}],"curies":[{"name":"wp","href":"https:\/\/api.w.org\/{rel}","templated":true}]}}