	{"id":23265,"date":"2024-12-12T11:54:46","date_gmt":"2024-12-12T11:54:46","guid":{"rendered":"https:\/\/pavidecor.si\/product\/cabana-da-spiaggia-lettino-doppio-con-tettuccio-natur-200x180x200cm\/"},"modified":"2026-04-24T15:10:13","modified_gmt":"2026-04-24T15:10:13","slug":"cabana-da-spiaggia-lettino-prendisole-doppio-con-baldacchino-exotic","status":"publish","type":"product","link":"https:\/\/pavidecor.si\/it\/prodotto\/cabana-da-spiaggia-lettino-prendisole-doppio-con-baldacchino-exotic\/","title":{"rendered":"Cabana da spiaggia, lettino prendisole doppio con baldacchino exotic 200x180x200cm"},"content":{"rendered":"<p>Cabana\u00a0da spiaggia &#8211; La tua oasi privata di comfort ed eleganza &#8211; Dimensioni 200x180x200cm<\/p>\n<p>&nbsp;<\/p>\n<h2><span class=\"odebeljenopis\"><strong>Scopri il mobile da esterno perfetto che combina funzionalit\u00e0, comfort ed estetica. La cabana da spiaggia di PAVI DECOR \u00e8 pensata per chi desidera un relax di qualit\u00e0 in terrazza, in giardino o sulla spiaggia. Realizzato con materiali naturali e con amore per il legno, \u00e8 un complemento indispensabile per qualsiasi ambiente.<br \/>\n<\/strong><\/span><\/h2>\n<p>&nbsp;<\/p>\n<div class=\"row\">\n<div class=\"col-sm-6 \" style=\"margin-top: 30px;\"><center><img decoding=\"async\" class=\"lazyload img-responsive\" style=\"margin: 0px auto; max-width: 100%;\" src=\"data:image\/svg+xml,%3Csvg%20xmlns%3D%27http%3A%2F%2Fwww.w3.org%2F2000%2Fsvg%27%20width%3D%271366%27%20height%3D%271366%27%20viewBox%3D%270%200%201366%201366%27%3E%3Crect%20width%3D%271366%27%20height%3D%271366%27%20fill-opacity%3D%220%22%2F%3E%3C%2Fsvg%3E\" data-orig-src=\"https:\/\/pavidecor.si\/wp-content\/uploads\/2024\/12\/1-Kabana-natur-8.jpg\" \/><\/center><\/div>\n<div class=\"col-sm-6\" style=\"margin-top: 40px;\">\n<p>&nbsp;<\/p>\n<h3>Una cabana che incanta con materiali naturali<\/h3>\n<p>La cabina da spiaggia del nostro negozio PAVI DECOR \u00e8 realizzata in legno esotico di alta qualit\u00e0. I materiali naturali garantiscono<strong> durata e resistenza<\/strong> agli agenti esterni, aggiungendo un tocco di naturale eleganza. La lavorazione artigianale e i dettagli dell&#8217;unione delle parti in legno, seguendo le tecniche tradizionali, garantiscono autenticit\u00e0 e bellezza senza tempo.<\/p>\n<p>&nbsp;<\/p>\n<p>La cabana dal design elegante include un materasso matrimoniale comodamente integrato nella stabile struttura di supporto. Un baldacchino scorrevole sulla parte superiore consente una rapida ombreggiatura, mentre le tende in cotone creano un rifugio privato. La cabina pu\u00f2 essere ulteriormente decorata con la paglia per un look pi\u00f9 esotico. Si tratta di un pezzo attraente di <a href=\"https:\/\/pavidecor.si\/it\/kategorije\/attrezzatura-spiaggia-giardino\/mobili-da-giardino\/\"><span style=\"color: #3366ff;\"><strong>mobili da giardino<\/strong><\/span><\/a>\u00a0che non solo ha uno scopo funzionale, ma arricchisce anche l&#8217;aspetto estetico del tuo spazio esterno.<\/p>\n<p>&nbsp;<\/p>\n<\/div>\n<\/div>\n<div class=\"row\">\n<div class=\"col-sm-6 col-sm-push-6\" style=\"margin-top: 30px;\"><center><img decoding=\"async\" class=\"lazyload img-responsive\" style=\"margin: 0px auto; max-width: 100%;\" src=\"data:image\/svg+xml,%3Csvg%20xmlns%3D%27http%3A%2F%2Fwww.w3.org%2F2000%2Fsvg%27%20width%3D%27763%27%20height%3D%27763%27%20viewBox%3D%270%200%20763%20763%27%3E%3Crect%20width%3D%27763%27%20height%3D%27763%27%20fill-opacity%3D%220%22%2F%3E%3C%2Fsvg%3E\" data-orig-src=\"https:\/\/pavidecor.si\/wp-content\/uploads\/2024\/12\/2-Kabana-natur-11.jpg\" \/><\/center><\/div>\n<div class=\"col-sm-6 col-sm-pull-6\" style=\"margin-top: 40px;\">\n<p>&nbsp;<\/p>\n<h3>Facilit\u00e0 di installazione e flessibilit\u00e0<\/h3>\n<p>L&#8217;intera struttura pu\u00f2 essere assemblata in 10 minuti da due persone senza l&#8217;ausilio di attrezzi, poich\u00e9 il montaggio \u00e8 semplice e veloce. Inoltre, puoi montare le tende in pochi minuti senza dover ricorrere a procedure complicate. Questa <strong>grande flessibilit\u00e0<\/strong> ti permette di smontare e riporre rapidamente la pensilina dopo la stagione o di spostarla durante la stagione. La cabana occupa un piccolo spazio nel ripostiglio (200x90x40cm + cuscini).<\/p>\n<p>&nbsp;<\/p>\n<p>Il letto da esterno offre un&#8217;estrema flessibilit\u00e0 con tre livelli di inclinazione dello schienale su ogni singolo materasso. Scegli tra diversi spessori e colori di cuscini idrorepellenti e tende lavabili di facile manutenzione. In questo modo potrai <strong>personalizzare completamente<\/strong> la cabana da spiaggia in base al tuo stile personale e alle tue preferenze.<\/p>\n<\/div>\n<\/div>\n<div class=\"row\">\n<div class=\"col-sm-6\" style=\"margin-top: 30px;\"><center><img decoding=\"async\" class=\"lazyload img-responsive\" style=\"margin: 0px auto; max-width: 100%;\" src=\"data:image\/svg+xml,%3Csvg%20xmlns%3D%27http%3A%2F%2Fwww.w3.org%2F2000%2Fsvg%27%20width%3D%271366%27%20height%3D%271366%27%20viewBox%3D%270%200%201366%201366%27%3E%3Crect%20width%3D%271366%27%20height%3D%271366%27%20fill-opacity%3D%220%22%2F%3E%3C%2Fsvg%3E\" data-orig-src=\"https:\/\/pavidecor.si\/wp-content\/uploads\/2024\/12\/5-Kabana-natur-18.jpg\" \/><\/center><\/div>\n<div class=\"col-sm-6\" style=\"margin-top: 40px;\">\n<p>&nbsp;<\/p>\n<h3>La tua oasi privata per un relax totale<\/h3>\n<p>La cabana da spiaggia di PAVI DECOR combina comfort, funzionalit\u00e0 ed estetica. Con dimensioni di 200x180x200cm, \u00e8 abbastanza spaziosa per due persone, mentre la sua <strong>struttura stabile<\/strong> garantisce un utilizzo sicuro su tutte le superfici. Se abbinata ad accessori come la tettoia, le tende e la tappezzeria spessa, la cabina crea una vera e propria oasi privata.<\/p>\n<p>&nbsp;<\/p>\n<p>La sua eleganza senza tempo e l&#8217;alta qualit\u00e0 artigianale fanno s\u00ec che si <strong>adatti perfettamente a qualsiasi ambiente<\/strong>: bordo piscina, spiaggia, terrazza o giardino. Con ulteriori opzioni di personalizzazione (colori dei tessuti, tipo di legno), trasformerai il tuo spazio esterno in un angolo in cui potrai rilassarti pi\u00f9 volte.<\/p>\n<\/div>\n<\/div>\n<p>&nbsp;<\/p>\n<h4><strong>I principali vantaggi della nostra cabana da spiaggia sono:<\/strong><\/h4>\n<ul>\n<li>\n<h4><strong>Facile da montare e smontare senza attrezzi,<\/strong><\/h4>\n<\/li>\n<li>\n<h4><strong>Due persone possono installarla in 10 minuti,<\/strong><\/h4>\n<\/li>\n<li>\n<h4><strong>Senza dadi e bulloni,<\/strong><\/h4>\n<\/li>\n<li>\n<h4><strong>Installa le tende in pochi minuti senza bisogno di attrezzi,<\/strong><\/h4>\n<\/li>\n<li>\n<h4><strong>Il soffitto pu\u00f2 essere ombreggiato in pochi secondi con un paralume scorrevole,<\/strong><\/h4>\n<\/li>\n<li>\n<h4><strong>Tre livelli di inclinazione per ogni singolo schienale,<\/strong><\/h4>\n<\/li>\n<li>\n<h4><strong>Tessuto idrorepellente,<\/strong><\/h4>\n<\/li>\n<li>\n<h4><strong>Colore e spessore dei cuscini come desiderato,<\/strong><\/h4>\n<\/li>\n<li>\n<h4><strong>Colore delle tende opzionale,<\/strong><\/h4>\n<\/li>\n<li>\n<h4><strong>Lavaggio facile delle tende,<\/strong><\/h4>\n<\/li>\n<li>\n<h4><strong>Dimensioni di un materasso con schienale separato 200x90cm,<\/strong><\/h4>\n<\/li>\n<li>\n<h4><strong>Dimensioni della struttura LxLxH=200x180x200cm, peso circa 150-200kg a seconda del tipo di legno,<\/strong><\/h4>\n<\/li>\n<li>\n<h4><strong>Materiale legno esotico a vostra scelta, colore naturale o opzionale,<\/strong><\/h4>\n<\/li>\n<li>\n<h4><strong>Occupa poco spazio in magazzino &#8211; 200x90x40cm + cuscini.<\/strong><\/h4>\n<\/li>\n<\/ul>\n","protected":false},"excerpt":{"rendered":"<p><strong><span style=\"color: #c4963c;\">\u2192 Facile installazione e smontaggio senza attrezzi<\/span><\/strong><br \/>\n<strong><span style=\"color: #c4963c;\">\u2192 Si monta\/smonta in due in 10 minuti<\/span><\/strong><br \/>\n<strong><span style=\"color: #c4963c;\">\u2192 Occupa uno spazio di archiviazione minimo<\/span><\/strong><br \/>\n<strong><span style=\"color: #c4963c;\">\u2192 Ricambi sempre disponibili a magazzino<\/span><\/strong><br \/>\n<strong><span style=\"color: #c4963c;\">\u2192 Facile pulizia e manutenzione<\/span><\/strong><br \/>\n<strong><span style=\"color: #c4963c;\">\u2192 Tre livelli di inclinazione per ogni singolo schienale<\/span><\/strong><br \/>\n<strong><span style=\"color: #c4963c;\">\u2192 Il soffitto pu\u00f2 essere ombreggiato in pochi secondi<\/span><\/strong><br \/>\n<strong><span style=\"color: #c4963c;\">\u2192 Colore e spessore dei cuscini come desiderato<\/span><\/strong><br \/>\n<strong><span style=\"color: #c4963c;\">\u2192 Legno esotico a vostra scelta<\/span><\/strong><\/p>\n","protected":false},"featured_media":23183,"comment_status":"open","ping_status":"closed","template":"","meta":[],"product_brand":[],"product_cat":[259],"product_tag":[213,445],"class_list":{"0":"post-23265","1":"product","2":"type-product","3":"status-publish","4":"has-post-thumbnail","6":"product_cat-mobili-da-giardino","7":"product_tag-nuovo","8":"product_tag-per-ordine-prezzo","10":"first","11":"instock","12":"taxable","13":"shipping-taxable","14":"purchasable","15":"product-type-simple"},"yoast_head":"<!-- This site is optimized with the Yoast SEO plugin v27.2 - https:\/\/yoast.com\/product\/yoast-seo-wordpress\/ -->\n<title>Cabana da spiaggia - Lettino prendisole doppio con baldacchino<\/title>\n<meta name=\"description\" content=\"Cabana da spiaggia \u00e8 realizzata in legno resistente, i cuscini sono comodi e impermeabili. Il tetto e le tende garantiscono la privacy. Facile installazione\" \/>\n<meta name=\"robots\" content=\"index, follow, max-snippet:-1, max-image-preview:large, max-video-preview:-1\" \/>\n<link rel=\"canonical\" href=\"https:\/\/pavidecor.si\/it\/prodotto\/cabana-da-spiaggia-lettino-prendisole-doppio-con-baldacchino-exotic\/\" \/>\n<meta property=\"og:locale\" content=\"it_IT\" \/>\n<meta property=\"og:type\" content=\"article\" \/>\n<meta property=\"og:title\" content=\"Cabana da spiaggia - Lettino prendisole doppio con baldacchino\" \/>\n<meta property=\"og:description\" content=\"Cabana da spiaggia \u00e8 realizzata in legno resistente, i cuscini sono comodi e impermeabili. Il tetto e le tende garantiscono la privacy. Facile installazione\" \/>\n<meta property=\"og:url\" content=\"https:\/\/pavidecor.si\/it\/prodotto\/cabana-da-spiaggia-lettino-prendisole-doppio-con-baldacchino-exotic\/\" \/>\n<meta property=\"og:site_name\" content=\"Pavi Decor\" \/>\n<meta property=\"article:modified_time\" content=\"2026-04-24T15:10:13+00:00\" \/>\n<meta property=\"og:image\" content=\"https:\/\/pavidecor.si\/wp-content\/uploads\/2024\/12\/1-Kabana-natur-8.jpg\" \/>\n\t<meta property=\"og:image:width\" content=\"1366\" \/>\n\t<meta property=\"og:image:height\" content=\"1366\" \/>\n\t<meta property=\"og:image:type\" content=\"image\/jpeg\" \/>\n<meta name=\"twitter:card\" content=\"summary_large_image\" \/>\n<meta name=\"twitter:label1\" content=\"Tempo di lettura stimato\" \/>\n\t<meta name=\"twitter:data1\" content=\"4 minuti\" \/>\n<script type=\"application\/ld+json\" class=\"yoast-schema-graph\">{\"@context\":\"https:\/\/schema.org\",\"@graph\":[{\"@type\":\"WebPage\",\"@id\":\"https:\/\/pavidecor.si\/it\/prodotto\/cabana-da-spiaggia-lettino-prendisole-doppio-con-baldacchino-exotic\/\",\"url\":\"https:\/\/pavidecor.si\/it\/prodotto\/cabana-da-spiaggia-lettino-prendisole-doppio-con-baldacchino-exotic\/\",\"name\":\"Cabana da spiaggia - Lettino prendisole doppio con baldacchino\",\"isPartOf\":{\"@id\":\"https:\/\/pavidecor.si\/it\/#website\"},\"primaryImageOfPage\":{\"@id\":\"https:\/\/pavidecor.si\/it\/prodotto\/cabana-da-spiaggia-lettino-prendisole-doppio-con-baldacchino-exotic\/#primaryimage\"},\"image\":{\"@id\":\"https:\/\/pavidecor.si\/it\/prodotto\/cabana-da-spiaggia-lettino-prendisole-doppio-con-baldacchino-exotic\/#primaryimage\"},\"thumbnailUrl\":\"https:\/\/pavidecor.si\/wp-content\/uploads\/2024\/12\/1-Kabana-natur-8.jpg\",\"datePublished\":\"2024-12-12T11:54:46+00:00\",\"dateModified\":\"2026-04-24T15:10:13+00:00\",\"description\":\"Cabana da spiaggia \u00e8 realizzata in legno resistente, i cuscini sono comodi e impermeabili. Il tetto e le tende garantiscono la privacy. Facile installazione\",\"breadcrumb\":{\"@id\":\"https:\/\/pavidecor.si\/it\/prodotto\/cabana-da-spiaggia-lettino-prendisole-doppio-con-baldacchino-exotic\/#breadcrumb\"},\"inLanguage\":\"it-IT\",\"potentialAction\":[{\"@type\":\"ReadAction\",\"target\":[\"https:\/\/pavidecor.si\/it\/prodotto\/cabana-da-spiaggia-lettino-prendisole-doppio-con-baldacchino-exotic\/\"]}]},{\"@type\":\"ImageObject\",\"inLanguage\":\"it-IT\",\"@id\":\"https:\/\/pavidecor.si\/it\/prodotto\/cabana-da-spiaggia-lettino-prendisole-doppio-con-baldacchino-exotic\/#primaryimage\",\"url\":\"https:\/\/pavidecor.si\/wp-content\/uploads\/2024\/12\/1-Kabana-natur-8.jpg\",\"contentUrl\":\"https:\/\/pavidecor.si\/wp-content\/uploads\/2024\/12\/1-Kabana-natur-8.jpg\",\"width\":1366,\"height\":1366,\"caption\":\"PAVI DECOR\"},{\"@type\":\"BreadcrumbList\",\"@id\":\"https:\/\/pavidecor.si\/it\/prodotto\/cabana-da-spiaggia-lettino-prendisole-doppio-con-baldacchino-exotic\/#breadcrumb\",\"itemListElement\":[{\"@type\":\"ListItem\",\"position\":1,\"name\":\"Domov\",\"item\":\"https:\/\/pavidecor.si\/it\/\"},{\"@type\":\"ListItem\",\"position\":2,\"name\":\"Negozio online\",\"item\":\"https:\/\/pavidecor.si\/it\/negozio-online\/\"},{\"@type\":\"ListItem\",\"position\":3,\"name\":\"Cabana da spiaggia, lettino prendisole doppio con baldacchino exotic 200x180x200cm\"}]},{\"@type\":\"WebSite\",\"@id\":\"https:\/\/pavidecor.si\/it\/#website\",\"url\":\"https:\/\/pavidecor.si\/it\/\",\"name\":\"Pavi Decor\",\"description\":\"Leseni unikati ustvarjeni iz ljubezni do lesa in narave.\",\"potentialAction\":[{\"@type\":\"SearchAction\",\"target\":{\"@type\":\"EntryPoint\",\"urlTemplate\":\"https:\/\/pavidecor.si\/it\/?s={search_term_string}\"},\"query-input\":{\"@type\":\"PropertyValueSpecification\",\"valueRequired\":true,\"valueName\":\"search_term_string\"}}],\"inLanguage\":\"it-IT\"}]}<\/script>\n<!-- \/ Yoast SEO plugin. -->","yoast_head_json":{"title":"Cabana da spiaggia - Lettino prendisole doppio con baldacchino","description":"Cabana da spiaggia \u00e8 realizzata in legno resistente, i cuscini sono comodi e impermeabili. Il tetto e le tende garantiscono la privacy. Facile installazione","robots":{"index":"index","follow":"follow","max-snippet":"max-snippet:-1","max-image-preview":"max-image-preview:large","max-video-preview":"max-video-preview:-1"},"canonical":"https:\/\/pavidecor.si\/it\/prodotto\/cabana-da-spiaggia-lettino-prendisole-doppio-con-baldacchino-exotic\/","og_locale":"it_IT","og_type":"article","og_title":"Cabana da spiaggia - Lettino prendisole doppio con baldacchino","og_description":"Cabana da spiaggia \u00e8 realizzata in legno resistente, i cuscini sono comodi e impermeabili. Il tetto e le tende garantiscono la privacy. Facile installazione","og_url":"https:\/\/pavidecor.si\/it\/prodotto\/cabana-da-spiaggia-lettino-prendisole-doppio-con-baldacchino-exotic\/","og_site_name":"Pavi Decor","article_modified_time":"2026-04-24T15:10:13+00:00","og_image":[{"width":1366,"height":1366,"url":"https:\/\/pavidecor.si\/wp-content\/uploads\/2024\/12\/1-Kabana-natur-8.jpg","type":"image\/jpeg"}],"twitter_card":"summary_large_image","twitter_misc":{"Tempo di lettura stimato":"4 minuti"},"schema":{"@context":"https:\/\/schema.org","@graph":[{"@type":"WebPage","@id":"https:\/\/pavidecor.si\/it\/prodotto\/cabana-da-spiaggia-lettino-prendisole-doppio-con-baldacchino-exotic\/","url":"https:\/\/pavidecor.si\/it\/prodotto\/cabana-da-spiaggia-lettino-prendisole-doppio-con-baldacchino-exotic\/","name":"Cabana da spiaggia - Lettino prendisole doppio con baldacchino","isPartOf":{"@id":"https:\/\/pavidecor.si\/it\/#website"},"primaryImageOfPage":{"@id":"https:\/\/pavidecor.si\/it\/prodotto\/cabana-da-spiaggia-lettino-prendisole-doppio-con-baldacchino-exotic\/#primaryimage"},"image":{"@id":"https:\/\/pavidecor.si\/it\/prodotto\/cabana-da-spiaggia-lettino-prendisole-doppio-con-baldacchino-exotic\/#primaryimage"},"thumbnailUrl":"https:\/\/pavidecor.si\/wp-content\/uploads\/2024\/12\/1-Kabana-natur-8.jpg","datePublished":"2024-12-12T11:54:46+00:00","dateModified":"2026-04-24T15:10:13+00:00","description":"Cabana da spiaggia \u00e8 realizzata in legno resistente, i cuscini sono comodi e impermeabili. Il tetto e le tende garantiscono la privacy. Facile installazione","breadcrumb":{"@id":"https:\/\/pavidecor.si\/it\/prodotto\/cabana-da-spiaggia-lettino-prendisole-doppio-con-baldacchino-exotic\/#breadcrumb"},"inLanguage":"it-IT","potentialAction":[{"@type":"ReadAction","target":["https:\/\/pavidecor.si\/it\/prodotto\/cabana-da-spiaggia-lettino-prendisole-doppio-con-baldacchino-exotic\/"]}]},{"@type":"ImageObject","inLanguage":"it-IT","@id":"https:\/\/pavidecor.si\/it\/prodotto\/cabana-da-spiaggia-lettino-prendisole-doppio-con-baldacchino-exotic\/#primaryimage","url":"https:\/\/pavidecor.si\/wp-content\/uploads\/2024\/12\/1-Kabana-natur-8.jpg","contentUrl":"https:\/\/pavidecor.si\/wp-content\/uploads\/2024\/12\/1-Kabana-natur-8.jpg","width":1366,"height":1366,"caption":"PAVI DECOR"},{"@type":"BreadcrumbList","@id":"https:\/\/pavidecor.si\/it\/prodotto\/cabana-da-spiaggia-lettino-prendisole-doppio-con-baldacchino-exotic\/#breadcrumb","itemListElement":[{"@type":"ListItem","position":1,"name":"Domov","item":"https:\/\/pavidecor.si\/it\/"},{"@type":"ListItem","position":2,"name":"Negozio online","item":"https:\/\/pavidecor.si\/it\/negozio-online\/"},{"@type":"ListItem","position":3,"name":"Cabana da spiaggia, lettino prendisole doppio con baldacchino exotic 200x180x200cm"}]},{"@type":"WebSite","@id":"https:\/\/pavidecor.si\/it\/#website","url":"https:\/\/pavidecor.si\/it\/","name":"Pavi Decor","description":"Leseni unikati ustvarjeni iz ljubezni do lesa in narave.","potentialAction":[{"@type":"SearchAction","target":{"@type":"EntryPoint","urlTemplate":"https:\/\/pavidecor.si\/it\/?s={search_term_string}"},"query-input":{"@type":"PropertyValueSpecification","valueRequired":true,"valueName":"search_term_string"}}],"inLanguage":"it-IT"}]}},"_links":{"self":[{"href":"https:\/\/pavidecor.si\/it\/wp-json\/wp\/v2\/product\/23265","targetHints":{"allow":["GET"]}}],"collection":[{"href":"https:\/\/pavidecor.si\/it\/wp-json\/wp\/v2\/product"}],"about":[{"href":"https:\/\/pavidecor.si\/it\/wp-json\/wp\/v2\/types\/product"}],"replies":[{"embeddable":true,"href":"https:\/\/pavidecor.si\/it\/wp-json\/wp\/v2\/comments?post=23265"}],"wp:featuredmedia":[{"embeddable":true,"href":"https:\/\/pavidecor.si\/it\/wp-json\/wp\/v2\/media\/23183"}],"wp:attachment":[{"href":"https:\/\/pavidecor.si\/it\/wp-json\/wp\/v2\/media?parent=23265"}],"wp:term":[{"taxonomy":"product_brand","embeddable":true,"href":"https:\/\/pavidecor.si\/it\/wp-json\/wp\/v2\/product_brand?post=23265"},{"taxonomy":"product_cat","embeddable":true,"href":"https:\/\/pavidecor.si\/it\/wp-json\/wp\/v2\/product_cat?post=23265"},{"taxonomy":"product_tag","embeddable":true,"href":"https:\/\/pavidecor.si\/it\/wp-json\/wp\/v2\/product_tag?post=23265"}],"curies":[{"name":"wp","href":"https:\/\/api.w.org\/{rel}","templated":true}]}}