	{"id":20444,"date":"2023-09-08T10:09:48","date_gmt":"2023-09-08T10:09:48","guid":{"rendered":"https:\/\/pavidecor.si\/product\/morsa-da-marinaio-12x5x4cm-corda-juta\/"},"modified":"2026-04-25T01:03:31","modified_gmt":"2026-04-25T01:03:31","slug":"puleggia-della-nave-12x5x4cm-corda-juta","status":"publish","type":"product","link":"https:\/\/pavidecor.si\/it\/prodotto\/puleggia-della-nave-12x5x4cm-corda-juta\/","title":{"rendered":"Puleggia della nave 12x5x4cm corda juta"},"content":{"rendered":"<p><span class=\"prvimanjsinaslovopis\">Puleggia della nave &#8211; Unico pezzo d&#8217;arredo nautico<\/span><\/p>\n<p>&nbsp;<\/p>\n<h2><span class=\"odebeljenopis\"><strong> Scopri la nostra esclusiva Puleggia della nave, un prodotto in legno che evoca la tradizione marittima dei marinai. Ogni pezzo \u00e8 realizzato a mano con amore e cura, riflettendo la nostra passione per il legno e la natura. Perfetto per chi desidera aggiungere un tocco nautico e nostalgico alla propria casa.<\/strong><\/span><\/h2>\n<p>&nbsp;<\/p>\n<div class=\"row\">\n<div class=\"col-sm-6 \" style=\"margin-top: 30px;\"><center><img decoding=\"async\" class=\"lazyload img-responsive\" style=\"margin: 0px auto; max-width: 100%;\" src=\"data:image\/svg+xml,%3Csvg%20xmlns%3D%27http%3A%2F%2Fwww.w3.org%2F2000%2Fsvg%27%20width%3D%272025%27%20height%3D%272025%27%20viewBox%3D%270%200%202025%202025%27%3E%3Crect%20width%3D%272025%27%20height%3D%272025%27%20fill-opacity%3D%220%22%2F%3E%3C%2Fsvg%3E\" data-orig-src=\"https:\/\/pavidecor.si\/wp-content\/uploads\/2023\/09\/1IMG_8188a-2.jpg\" \/><\/center><\/div>\n<div class=\"col-sm-6\" style=\"margin-top: 40px;\">\n<p>&nbsp;<\/p>\n<h3>Un pezzo di storia marittima<\/h3>\n<p>La Puleggia della nave \u00e8 un oggetto che ricorda i tempi passati, quando i marinai utilizzavano questi strumenti per gestire le vele delle loro imbarcazioni. Oggi, sebbene non siano pi\u00f9 utilizzati nella navigazione, questi schiaccini in legno rappresentano un affascinante elemento decorativo.<\/p>\n<p>Realizzati a mano dalla nostra azienda PAVIDECOR di Lubiana, ogni Puleggia \u00e8 un pezzo unico, frutto della nostra esperienza e creativit\u00e0. La nostra passione per il legno e la natura si riflette in ogni dettaglio, rendendo ogni prodotto non solo un oggetto decorativo, ma anche un simbolo di autenticit\u00e0 e tradizione.<\/p>\n<p>&nbsp;<\/p>\n<\/div>\n<\/div>\n<div class=\"row\">\n<div class=\"col-sm-6 col-sm-push-6\" style=\"margin-top: 30px;\"><center><img decoding=\"async\" class=\"lazyload img-responsive\" style=\"margin: 0px auto; max-width: 100%;\" src=\"data:image\/svg+xml,%3Csvg%20xmlns%3D%27http%3A%2F%2Fwww.w3.org%2F2000%2Fsvg%27%20width%3D%271274%27%20height%3D%271274%27%20viewBox%3D%270%200%201274%201274%27%3E%3Crect%20width%3D%271274%27%20height%3D%271274%27%20fill-opacity%3D%220%22%2F%3E%3C%2Fsvg%3E\" data-orig-src=\" https:\/\/pavidecor.si\/wp-content\/uploads\/2023\/09\/2IMG_8189-2.jpg\" \/><\/center><\/div>\n<div class=\"col-sm-6 col-sm-pull-6\" style=\"margin-top: 40px;\">\n<p>&nbsp;<\/p>\n<h3>Artigianato di alta qualit\u00e0<\/h3>\n<p>La nostra produzione si basa su tecniche tradizionali di lavorazione del legno, utilizzando metodi di assemblaggio che risalgono ai vecchi maestri artigiani. Questo approccio conferisce alle nostre Carrucole\u00a0un aspetto autentico e un fascino senza tempo.<\/p>\n<p>Ogni pezzo \u00e8 finito con olio naturale, che non solo esalta la bellezza del legno, ma lo protegge anche nel tempo. La cura e l&#8217;attenzione ai dettagli sono ci\u00f2 che ci distingue, e ogni Puleggia della nave \u00e8 un esempio della nostra dedizione all&#8217;artigianato di qualit\u00e0.<\/p>\n<p>&nbsp;<\/p>\n<\/div>\n<\/div>\n<div class=\"row\">\n<div class=\"col-sm-6\" style=\"margin-top: 30px;\"><center><img decoding=\"async\" class=\"lazyload img-responsive\" style=\"margin: 0px auto; max-width: 100%;\" src=\"data:image\/svg+xml,%3Csvg%20xmlns%3D%27http%3A%2F%2Fwww.w3.org%2F2000%2Fsvg%27%20width%3D%272207%27%20height%3D%272207%27%20viewBox%3D%270%200%202207%202207%27%3E%3Crect%20width%3D%272207%27%20height%3D%272207%27%20fill-opacity%3D%220%22%2F%3E%3C%2Fsvg%3E\" data-orig-src=\" https:\/\/pavidecor.si\/wp-content\/uploads\/2023\/09\/3IMG_8204-2.jpg\" \/><\/center><\/div>\n<div class=\"col-sm-6\" style=\"margin-top: 40px;\">\n<p>&nbsp;<\/p>\n<h3>Dettagli del prodotto<\/h3>\n<p>La Puleggia della nave \u00e8 un prodotto in legno, realizzato a mano e olio, che simula i paranchi utilizzati dai marinai sulle barche a vela. Oggi non sono pi\u00f9 utilizzate, ma rappresentano un bel decoro nautico e un nostalgico ricordo dei tempi passati. Ogni nostra Puleggia \u00e8 unica e pu\u00f2 essere vista anche nel nostro ambiente marino.<\/p>\n<p>Visita il nostro negozio PAVIDECOR a Lubiana per scoprire di pi\u00f9 sui nostri prodotti unici e sull&#8217;amore che mettiamo nella loro creazione. Siamo orgogliosi di offrire articoli realizzati in Slovenia, che riflettono la nostra passione per il legno e la natura.<\/p>\n<p>Meta Title: Puleggia della nave &#8211; Unico pezzo d&#8217;arredo nautico<\/p>\n<\/div>\n<\/div>\n<p>&nbsp;<\/p>\n","protected":false},"excerpt":{"rendered":"<p><strong><span style=\"color: #c4963c;\">\u2192 fatto a mano<\/span><\/strong><strong><span style=\"color: #c4963c;\"><br \/>\n<\/span><span style=\"color: #c4963c;\">\u2192 unico<\/span><\/strong><\/p>\n","protected":false},"featured_media":20449,"comment_status":"open","ping_status":"closed","template":"","meta":[],"product_brand":[],"product_cat":[387],"product_tag":[],"class_list":{"0":"post-20444","1":"product","2":"type-product","3":"status-publish","4":"has-post-thumbnail","6":"product_cat-carrucole","8":"first","9":"instock","10":"taxable","11":"shipping-taxable","12":"purchasable","13":"product-type-simple"},"yoast_head":"<!-- This site is optimized with the Yoast SEO plugin v27.2 - https:\/\/yoast.com\/product\/yoast-seo-wordpress\/ -->\n<title>Puleggia della nave - Unico pezzo d&#039;arredo nautico<\/title>\n<meta name=\"description\" content=\"Una puleggia della nave \u00e8 un prodotto in legno che imita le pulegge un tempo utilizzate dai marinai sulle barche a vela. Lavorazione artigianale unica.\" \/>\n<meta name=\"robots\" content=\"index, follow, max-snippet:-1, max-image-preview:large, max-video-preview:-1\" \/>\n<link rel=\"canonical\" href=\"https:\/\/pavidecor.si\/it\/prodotto\/puleggia-della-nave-12x5x4cm-corda-juta\/\" \/>\n<meta property=\"og:locale\" content=\"it_IT\" \/>\n<meta property=\"og:type\" content=\"article\" \/>\n<meta property=\"og:title\" content=\"Puleggia della nave - Unico pezzo d&#039;arredo nautico\" \/>\n<meta property=\"og:description\" content=\"Una puleggia della nave \u00e8 un prodotto in legno che imita le pulegge un tempo utilizzate dai marinai sulle barche a vela. Lavorazione artigianale unica.\" \/>\n<meta property=\"og:url\" content=\"https:\/\/pavidecor.si\/it\/prodotto\/puleggia-della-nave-12x5x4cm-corda-juta\/\" \/>\n<meta property=\"og:site_name\" content=\"Pavi Decor\" \/>\n<meta property=\"article:modified_time\" content=\"2026-04-25T01:03:31+00:00\" \/>\n<meta property=\"og:image\" content=\"https:\/\/pavidecor.si\/wp-content\/uploads\/2023\/09\/1IMG_8188a-2.jpg\" \/>\n\t<meta property=\"og:image:width\" content=\"2025\" \/>\n\t<meta property=\"og:image:height\" content=\"2025\" \/>\n\t<meta property=\"og:image:type\" content=\"image\/jpeg\" \/>\n<meta name=\"twitter:card\" content=\"summary_large_image\" \/>\n<meta name=\"twitter:label1\" content=\"Tempo di lettura stimato\" \/>\n\t<meta name=\"twitter:data1\" content=\"3 minuti\" \/>\n<script type=\"application\/ld+json\" class=\"yoast-schema-graph\">{\"@context\":\"https:\/\/schema.org\",\"@graph\":[{\"@type\":\"WebPage\",\"@id\":\"https:\/\/pavidecor.si\/it\/prodotto\/puleggia-della-nave-12x5x4cm-corda-juta\/\",\"url\":\"https:\/\/pavidecor.si\/it\/prodotto\/puleggia-della-nave-12x5x4cm-corda-juta\/\",\"name\":\"Puleggia della nave - Unico pezzo d'arredo nautico\",\"isPartOf\":{\"@id\":\"https:\/\/pavidecor.si\/it\/#website\"},\"primaryImageOfPage\":{\"@id\":\"https:\/\/pavidecor.si\/it\/prodotto\/puleggia-della-nave-12x5x4cm-corda-juta\/#primaryimage\"},\"image\":{\"@id\":\"https:\/\/pavidecor.si\/it\/prodotto\/puleggia-della-nave-12x5x4cm-corda-juta\/#primaryimage\"},\"thumbnailUrl\":\"https:\/\/pavidecor.si\/wp-content\/uploads\/2023\/09\/1IMG_8188a-2.jpg\",\"datePublished\":\"2023-09-08T10:09:48+00:00\",\"dateModified\":\"2026-04-25T01:03:31+00:00\",\"description\":\"Una puleggia della nave \u00e8 un prodotto in legno che imita le pulegge un tempo utilizzate dai marinai sulle barche a vela. Lavorazione artigianale unica.\",\"breadcrumb\":{\"@id\":\"https:\/\/pavidecor.si\/it\/prodotto\/puleggia-della-nave-12x5x4cm-corda-juta\/#breadcrumb\"},\"inLanguage\":\"it-IT\",\"potentialAction\":[{\"@type\":\"ReadAction\",\"target\":[\"https:\/\/pavidecor.si\/it\/prodotto\/puleggia-della-nave-12x5x4cm-corda-juta\/\"]}]},{\"@type\":\"ImageObject\",\"inLanguage\":\"it-IT\",\"@id\":\"https:\/\/pavidecor.si\/it\/prodotto\/puleggia-della-nave-12x5x4cm-corda-juta\/#primaryimage\",\"url\":\"https:\/\/pavidecor.si\/wp-content\/uploads\/2023\/09\/1IMG_8188a-2.jpg\",\"contentUrl\":\"https:\/\/pavidecor.si\/wp-content\/uploads\/2023\/09\/1IMG_8188a-2.jpg\",\"width\":2025,\"height\":2025,\"caption\":\"PAVI DECOR\"},{\"@type\":\"BreadcrumbList\",\"@id\":\"https:\/\/pavidecor.si\/it\/prodotto\/puleggia-della-nave-12x5x4cm-corda-juta\/#breadcrumb\",\"itemListElement\":[{\"@type\":\"ListItem\",\"position\":1,\"name\":\"Domov\",\"item\":\"https:\/\/pavidecor.si\/it\/\"},{\"@type\":\"ListItem\",\"position\":2,\"name\":\"Negozio online\",\"item\":\"https:\/\/pavidecor.si\/it\/negozio-online\/\"},{\"@type\":\"ListItem\",\"position\":3,\"name\":\"Puleggia della nave 12x5x4cm corda juta\"}]},{\"@type\":\"WebSite\",\"@id\":\"https:\/\/pavidecor.si\/it\/#website\",\"url\":\"https:\/\/pavidecor.si\/it\/\",\"name\":\"Pavi Decor\",\"description\":\"Leseni unikati ustvarjeni iz ljubezni do lesa in narave.\",\"potentialAction\":[{\"@type\":\"SearchAction\",\"target\":{\"@type\":\"EntryPoint\",\"urlTemplate\":\"https:\/\/pavidecor.si\/it\/?s={search_term_string}\"},\"query-input\":{\"@type\":\"PropertyValueSpecification\",\"valueRequired\":true,\"valueName\":\"search_term_string\"}}],\"inLanguage\":\"it-IT\"}]}<\/script>\n<!-- \/ Yoast SEO plugin. -->","yoast_head_json":{"title":"Puleggia della nave - Unico pezzo d'arredo nautico","description":"Una puleggia della nave \u00e8 un prodotto in legno che imita le pulegge un tempo utilizzate dai marinai sulle barche a vela. Lavorazione artigianale unica.","robots":{"index":"index","follow":"follow","max-snippet":"max-snippet:-1","max-image-preview":"max-image-preview:large","max-video-preview":"max-video-preview:-1"},"canonical":"https:\/\/pavidecor.si\/it\/prodotto\/puleggia-della-nave-12x5x4cm-corda-juta\/","og_locale":"it_IT","og_type":"article","og_title":"Puleggia della nave - Unico pezzo d'arredo nautico","og_description":"Una puleggia della nave \u00e8 un prodotto in legno che imita le pulegge un tempo utilizzate dai marinai sulle barche a vela. Lavorazione artigianale unica.","og_url":"https:\/\/pavidecor.si\/it\/prodotto\/puleggia-della-nave-12x5x4cm-corda-juta\/","og_site_name":"Pavi Decor","article_modified_time":"2026-04-25T01:03:31+00:00","og_image":[{"width":2025,"height":2025,"url":"https:\/\/pavidecor.si\/wp-content\/uploads\/2023\/09\/1IMG_8188a-2.jpg","type":"image\/jpeg"}],"twitter_card":"summary_large_image","twitter_misc":{"Tempo di lettura stimato":"3 minuti"},"schema":{"@context":"https:\/\/schema.org","@graph":[{"@type":"WebPage","@id":"https:\/\/pavidecor.si\/it\/prodotto\/puleggia-della-nave-12x5x4cm-corda-juta\/","url":"https:\/\/pavidecor.si\/it\/prodotto\/puleggia-della-nave-12x5x4cm-corda-juta\/","name":"Puleggia della nave - Unico pezzo d'arredo nautico","isPartOf":{"@id":"https:\/\/pavidecor.si\/it\/#website"},"primaryImageOfPage":{"@id":"https:\/\/pavidecor.si\/it\/prodotto\/puleggia-della-nave-12x5x4cm-corda-juta\/#primaryimage"},"image":{"@id":"https:\/\/pavidecor.si\/it\/prodotto\/puleggia-della-nave-12x5x4cm-corda-juta\/#primaryimage"},"thumbnailUrl":"https:\/\/pavidecor.si\/wp-content\/uploads\/2023\/09\/1IMG_8188a-2.jpg","datePublished":"2023-09-08T10:09:48+00:00","dateModified":"2026-04-25T01:03:31+00:00","description":"Una puleggia della nave \u00e8 un prodotto in legno che imita le pulegge un tempo utilizzate dai marinai sulle barche a vela. Lavorazione artigianale unica.","breadcrumb":{"@id":"https:\/\/pavidecor.si\/it\/prodotto\/puleggia-della-nave-12x5x4cm-corda-juta\/#breadcrumb"},"inLanguage":"it-IT","potentialAction":[{"@type":"ReadAction","target":["https:\/\/pavidecor.si\/it\/prodotto\/puleggia-della-nave-12x5x4cm-corda-juta\/"]}]},{"@type":"ImageObject","inLanguage":"it-IT","@id":"https:\/\/pavidecor.si\/it\/prodotto\/puleggia-della-nave-12x5x4cm-corda-juta\/#primaryimage","url":"https:\/\/pavidecor.si\/wp-content\/uploads\/2023\/09\/1IMG_8188a-2.jpg","contentUrl":"https:\/\/pavidecor.si\/wp-content\/uploads\/2023\/09\/1IMG_8188a-2.jpg","width":2025,"height":2025,"caption":"PAVI DECOR"},{"@type":"BreadcrumbList","@id":"https:\/\/pavidecor.si\/it\/prodotto\/puleggia-della-nave-12x5x4cm-corda-juta\/#breadcrumb","itemListElement":[{"@type":"ListItem","position":1,"name":"Domov","item":"https:\/\/pavidecor.si\/it\/"},{"@type":"ListItem","position":2,"name":"Negozio online","item":"https:\/\/pavidecor.si\/it\/negozio-online\/"},{"@type":"ListItem","position":3,"name":"Puleggia della nave 12x5x4cm corda juta"}]},{"@type":"WebSite","@id":"https:\/\/pavidecor.si\/it\/#website","url":"https:\/\/pavidecor.si\/it\/","name":"Pavi Decor","description":"Leseni unikati ustvarjeni iz ljubezni do lesa in narave.","potentialAction":[{"@type":"SearchAction","target":{"@type":"EntryPoint","urlTemplate":"https:\/\/pavidecor.si\/it\/?s={search_term_string}"},"query-input":{"@type":"PropertyValueSpecification","valueRequired":true,"valueName":"search_term_string"}}],"inLanguage":"it-IT"}]}},"_links":{"self":[{"href":"https:\/\/pavidecor.si\/it\/wp-json\/wp\/v2\/product\/20444","targetHints":{"allow":["GET"]}}],"collection":[{"href":"https:\/\/pavidecor.si\/it\/wp-json\/wp\/v2\/product"}],"about":[{"href":"https:\/\/pavidecor.si\/it\/wp-json\/wp\/v2\/types\/product"}],"replies":[{"embeddable":true,"href":"https:\/\/pavidecor.si\/it\/wp-json\/wp\/v2\/comments?post=20444"}],"wp:featuredmedia":[{"embeddable":true,"href":"https:\/\/pavidecor.si\/it\/wp-json\/wp\/v2\/media\/20449"}],"wp:attachment":[{"href":"https:\/\/pavidecor.si\/it\/wp-json\/wp\/v2\/media?parent=20444"}],"wp:term":[{"taxonomy":"product_brand","embeddable":true,"href":"https:\/\/pavidecor.si\/it\/wp-json\/wp\/v2\/product_brand?post=20444"},{"taxonomy":"product_cat","embeddable":true,"href":"https:\/\/pavidecor.si\/it\/wp-json\/wp\/v2\/product_cat?post=20444"},{"taxonomy":"product_tag","embeddable":true,"href":"https:\/\/pavidecor.si\/it\/wp-json\/wp\/v2\/product_tag?post=20444"}],"curies":[{"name":"wp","href":"https:\/\/api.w.org\/{rel}","templated":true}]}}