	{"id":20089,"date":"2023-12-04T10:14:10","date_gmt":"2023-12-04T10:14:10","guid":{"rendered":"https:\/\/pavidecor.si\/product\/griglia-camino-universale-34x24x16cm\/"},"modified":"2026-04-22T03:01:34","modified_gmt":"2026-04-22T03:01:34","slug":"supporto-per-legna-griglia-per-camino-universale","status":"publish","type":"product","link":"https:\/\/pavidecor.si\/it\/prodotto\/supporto-per-legna-griglia-per-camino-universale\/","title":{"rendered":"Supporto per legna, griglia per camino universale 35x25x17cm"},"content":{"rendered":"<p><span class=\"prvimanjsinaslovopis\">Supporto per legna da ardere per una migliore combustione &#8211; Dimensioni 35x25x17cm<\/span><\/p>\n<p>&nbsp;<\/p>\n<h2><span class=\"odebeljenopis\"><strong>Scoprite la nostra Griglia per camino universale, un accessorio essenziale per il vostro camino o stufa in terracotta. Progettata per garantire una migliore circolazione dell&#8217;aria e un&#8217;efficienza di combustione ottimale, questa griglia \u00e8 realizzata con passione e maestria artigianale da PAVI DECOR, il nostro negozio di design a Lubiana. Ogni pezzo \u00e8 unico e riflette il nostro amore per il legno e la natura.<\/strong><\/span><\/h2>\n<p>&nbsp;<\/p>\n<div class=\"row\">\n<div class=\"col-sm-6 \" style=\"margin-top: 30px;\"><center><img decoding=\"async\" class=\"lazyload img-responsive\" style=\"margin: 0px auto; max-width: 100%;\" src=\"data:image\/svg+xml,%3Csvg%20xmlns%3D%27http%3A%2F%2Fwww.w3.org%2F2000%2Fsvg%27%20width%3D%271974%27%20height%3D%271974%27%20viewBox%3D%270%200%201974%201974%27%3E%3Crect%20width%3D%271974%27%20height%3D%271974%27%20fill-opacity%3D%220%22%2F%3E%3C%2Fsvg%3E\" data-orig-src=\"https:\/\/pavidecor.si\/wp-content\/uploads\/2023\/12\/1IMG_8331a.jpg\" \/><\/center><\/div>\n<div class=\"col-sm-6\" style=\"margin-top: 40px;\">\n<p>&nbsp;<\/p>\n<h3>Design e funzionalit\u00e0<\/h3>\n<p>Il s<span class=\"prvimanjsinaslovopis\">upporto per legna<\/span> \u00e8 progettato per essere posizionato nel focolare, dove permette di caricare la legna in modo ordinato e sicuro. Grazie alla sua struttura, <b>garantisce una migliore aerazione<\/b> e un&#8217;efficienza di combustione superiore. In questo modo le braci rimangono ben raccolte sotto il supporto. Questo non solo migliora la qualit\u00e0 del fuoco, ma contribuisce anche a un ambiente pi\u00f9 caldo e accogliente nella vostra casa.<\/p>\n<p>&nbsp;<\/p>\n<p>Inoltre, la griglia \u00e8 versatile e pu\u00f2 essere utilizzata non solo per i camini, ma anche per le stufe in terracotta. La sua robustezza e il design elegante la rendono un complemento d&#8217;arredo <a href=\"https:\/\/pavidecor.si\/it\/projects\/ambiente-rurale\/\"><span style=\"color: #3366ff;\"><strong>perfetto per ogni ambiente<\/strong><\/span><\/a>. Con la g<span class=\"prvimanjsinaslovopis\">riglia per camino<\/span>, non solo ottimizzate il vostro spazio, ma aggiungete anche un tocco di stile al soggiorno.<\/p>\n<p>&nbsp;<\/p>\n<p>&nbsp;<\/p>\n<\/div>\n<\/div>\n<div class=\"row\">\n<div class=\"col-sm-6 col-sm-push-6\" style=\"margin-top: 30px;\"><center><img decoding=\"async\" class=\"lazyload img-responsive\" style=\"margin: 0px auto; max-width: 100%;\" src=\"data:image\/svg+xml,%3Csvg%20xmlns%3D%27http%3A%2F%2Fwww.w3.org%2F2000%2Fsvg%27%20width%3D%271768%27%20height%3D%271768%27%20viewBox%3D%270%200%201768%201768%27%3E%3Crect%20width%3D%271768%27%20height%3D%271768%27%20fill-opacity%3D%220%22%2F%3E%3C%2Fsvg%3E\" data-orig-src=\" https:\/\/pavidecor.si\/wp-content\/uploads\/2023\/12\/2IMG_8332a.jpg\" \/><\/center><\/div>\n<div class=\"col-sm-6 col-sm-pull-6\" style=\"margin-top: 40px;\">\n<p>&nbsp;<\/p>\n<h3>Materiali di alta qualit\u00e0<\/h3>\n<p>Realizzata in <b>barre di ferro con sezione di 12x12mm<\/b>, la g<span class=\"prvimanjsinaslovopis\">riglia per camino universale<\/span> \u00e8 progettata per resistere alle alte temperature e all&#8217;usura nel tempo. La scelta dei materiali \u00e8 fondamentale per garantire la sicurezza e la durata del prodotto. Ogni griglia \u00e8 il risultato di un&#8217;attenta lavorazione artigianale, che riflette la tradizione dei maestri artigiani.<\/p>\n<p>&nbsp;<\/p>\n<p>PAVI DECOR si impegna a utilizzare solo materiali di alta qualit\u00e0, provenienti da fonti sostenibili. Questo non solo <strong>assicura un prodotto durevole<\/strong>, ma contribuisce anche alla protezione dell&#8217;ambiente. Scegliendo il nostro s<span class=\"prvimanjsinaslovopis\">upporto per legna<\/span>, fate una scelta consapevole e responsabile, supportando l&#8217;artigianato locale e la sostenibilit\u00e0.<\/p>\n<p>&nbsp;<\/p>\n<p>&nbsp;<\/p>\n<\/div>\n<\/div>\n<div class=\"row\">\n<div class=\"col-sm-6\" style=\"margin-top: 30px;\"><center><img decoding=\"async\" class=\"lazyload img-responsive\" style=\"margin: 0px auto; max-width: 100%;\" src=\"data:image\/svg+xml,%3Csvg%20xmlns%3D%27http%3A%2F%2Fwww.w3.org%2F2000%2Fsvg%27%20width%3D%271572%27%20height%3D%271572%27%20viewBox%3D%270%200%201572%201572%27%3E%3Crect%20width%3D%271572%27%20height%3D%271572%27%20fill-opacity%3D%220%22%2F%3E%3C%2Fsvg%3E\" data-orig-src=\" https:\/\/pavidecor.si\/wp-content\/uploads\/2023\/12\/3IMG_8333a.jpg\" \/><\/center><\/div>\n<div class=\"col-sm-6\" style=\"margin-top: 40px;\">\n<p>&nbsp;<\/p>\n<h3>Specifiche del prodotto<\/h3>\n<p>La g<span class=\"prvimanjsinaslovopis\">riglia per camino universale<\/span> \u00e8 un accessorio versatile e pratico, ideale per camini e stufe in terracotta. Pu\u00f2 essere utilizzata anche come supporto per legna o come <strong>portalegna accanto al focolare<\/strong>. Le sue dimensioni e il design la rendono adatta a vari stili di arredamento, dal rustico al moderno.<\/p>\n<p>&nbsp;<\/p>\n<p>Ogni pezzo \u00e8 realizzato a mano, con dettagli di giunzione che richiamano le tecniche tradizionali dei vecchi maestri. Questo conferisce alla griglia un aspetto autentico e unico, rendendola non solo funzionale, ma anche un <strong>elemento decorativo<\/strong> per la vostra casa. Scegliete il s<span class=\"prvimanjsinaslovopis\">upporto per legna<\/span>\u00a0per unire praticit\u00e0 e bellezza nel vostro spazio.<\/p>\n<\/div>\n<\/div>\n<p>&nbsp;<\/p>\n","protected":false},"excerpt":{"rendered":"<p><strong><span style=\"color: #c4963c;\">Tutte le dimensioni:<\/span><\/strong><strong><span style=\"color: #c4963c;\"><br \/>\n\u2192 <a href=\"\/it\/prodotto\/portalegna-per-camino-mini-griglia-per-legna\/\"><span style=\"color: #3366ff;\">35x19x12cm<\/span><\/a><br \/>\n\u2192 <a href=\"\/it\/prodotto\/supporto-per-legna-griglia-per-camino-universale\/\"><span style=\"color: #3366ff;\">35x25x17cm<\/span><\/a><br \/>\n\u2192 <a href=\"\/it\/prodotto\/griglia-per-camino-portalegna-per-stufa-a-legna\/\"><span style=\"color: #3366ff;\">35x35x12cm<\/span><\/a><br \/>\n\u2192 <a href=\"\/it\/prodotto\/griglia-per-legna-da-ardere-griglia-per-camino\/\"><span style=\"color: #3366ff;\">41x35x12cm<\/span><\/a><br \/>\n\u2192 <a href=\"\/it\/prodotto\/griglia-per-camino-xl-portalegna-per-camino\/\"><span style=\"color: #3366ff;\">44x35x17cm<\/span><\/a><\/span><\/strong><\/p>\n","protected":false},"featured_media":20090,"comment_status":"open","ping_status":"closed","template":"","meta":[],"product_brand":[],"product_cat":[438],"product_tag":[213],"class_list":{"0":"post-20089","1":"product","2":"type-product","3":"status-publish","4":"has-post-thumbnail","6":"product_cat-griglie-per-caminetti","7":"product_tag-nuovo","9":"first","10":"instock","11":"taxable","12":"shipping-taxable","13":"purchasable","14":"product-type-simple"},"yoast_head":"<!-- This site is optimized with the Yoast SEO plugin v27.2 - https:\/\/yoast.com\/product\/yoast-seo-wordpress\/ -->\n<title>Supporto per legna da ardere - Griglia per camino universale<\/title>\n<meta name=\"description\" content=\"Il supporto per legna \u00e8 posizionato nel focolare e caricato con la legna per una combustione migliore. Funziona anche come portalegna accanto al camino.\" \/>\n<meta name=\"robots\" content=\"index, follow, max-snippet:-1, max-image-preview:large, max-video-preview:-1\" \/>\n<link rel=\"canonical\" href=\"https:\/\/pavidecor.si\/it\/prodotto\/supporto-per-legna-griglia-per-camino-universale\/\" \/>\n<meta property=\"og:locale\" content=\"it_IT\" \/>\n<meta property=\"og:type\" content=\"article\" \/>\n<meta property=\"og:title\" content=\"Supporto per legna da ardere - Griglia per camino universale\" \/>\n<meta property=\"og:description\" content=\"Il supporto per legna \u00e8 posizionato nel focolare e caricato con la legna per una combustione migliore. Funziona anche come portalegna accanto al camino.\" \/>\n<meta property=\"og:url\" content=\"https:\/\/pavidecor.si\/it\/prodotto\/supporto-per-legna-griglia-per-camino-universale\/\" \/>\n<meta property=\"og:site_name\" content=\"Pavi Decor\" \/>\n<meta property=\"article:modified_time\" content=\"2026-04-22T03:01:34+00:00\" \/>\n<meta property=\"og:image\" content=\"https:\/\/pavidecor.si\/wp-content\/uploads\/2023\/12\/1IMG_8331a.jpg\" \/>\n\t<meta property=\"og:image:width\" content=\"1974\" \/>\n\t<meta property=\"og:image:height\" content=\"1974\" \/>\n\t<meta property=\"og:image:type\" content=\"image\/jpeg\" \/>\n<meta name=\"twitter:card\" content=\"summary_large_image\" \/>\n<meta name=\"twitter:label1\" content=\"Tempo di lettura stimato\" \/>\n\t<meta name=\"twitter:data1\" content=\"4 minuti\" \/>\n<script type=\"application\/ld+json\" class=\"yoast-schema-graph\">{\"@context\":\"https:\/\/schema.org\",\"@graph\":[{\"@type\":\"WebPage\",\"@id\":\"https:\/\/pavidecor.si\/it\/prodotto\/supporto-per-legna-griglia-per-camino-universale\/\",\"url\":\"https:\/\/pavidecor.si\/it\/prodotto\/supporto-per-legna-griglia-per-camino-universale\/\",\"name\":\"Supporto per legna da ardere - Griglia per camino universale\",\"isPartOf\":{\"@id\":\"https:\/\/pavidecor.si\/it\/#website\"},\"primaryImageOfPage\":{\"@id\":\"https:\/\/pavidecor.si\/it\/prodotto\/supporto-per-legna-griglia-per-camino-universale\/#primaryimage\"},\"image\":{\"@id\":\"https:\/\/pavidecor.si\/it\/prodotto\/supporto-per-legna-griglia-per-camino-universale\/#primaryimage\"},\"thumbnailUrl\":\"https:\/\/pavidecor.si\/wp-content\/uploads\/2023\/12\/1IMG_8331a.jpg\",\"datePublished\":\"2023-12-04T10:14:10+00:00\",\"dateModified\":\"2026-04-22T03:01:34+00:00\",\"description\":\"Il supporto per legna \u00e8 posizionato nel focolare e caricato con la legna per una combustione migliore. Funziona anche come portalegna accanto al camino.\",\"breadcrumb\":{\"@id\":\"https:\/\/pavidecor.si\/it\/prodotto\/supporto-per-legna-griglia-per-camino-universale\/#breadcrumb\"},\"inLanguage\":\"it-IT\",\"potentialAction\":[{\"@type\":\"ReadAction\",\"target\":[\"https:\/\/pavidecor.si\/it\/prodotto\/supporto-per-legna-griglia-per-camino-universale\/\"]}]},{\"@type\":\"ImageObject\",\"inLanguage\":\"it-IT\",\"@id\":\"https:\/\/pavidecor.si\/it\/prodotto\/supporto-per-legna-griglia-per-camino-universale\/#primaryimage\",\"url\":\"https:\/\/pavidecor.si\/wp-content\/uploads\/2023\/12\/1IMG_8331a.jpg\",\"contentUrl\":\"https:\/\/pavidecor.si\/wp-content\/uploads\/2023\/12\/1IMG_8331a.jpg\",\"width\":1974,\"height\":1974,\"caption\":\"PAVI DECOR\"},{\"@type\":\"BreadcrumbList\",\"@id\":\"https:\/\/pavidecor.si\/it\/prodotto\/supporto-per-legna-griglia-per-camino-universale\/#breadcrumb\",\"itemListElement\":[{\"@type\":\"ListItem\",\"position\":1,\"name\":\"Domov\",\"item\":\"https:\/\/pavidecor.si\/it\/\"},{\"@type\":\"ListItem\",\"position\":2,\"name\":\"Negozio online\",\"item\":\"https:\/\/pavidecor.si\/it\/negozio-online\/\"},{\"@type\":\"ListItem\",\"position\":3,\"name\":\"Supporto per legna, griglia per camino universale 35x25x17cm\"}]},{\"@type\":\"WebSite\",\"@id\":\"https:\/\/pavidecor.si\/it\/#website\",\"url\":\"https:\/\/pavidecor.si\/it\/\",\"name\":\"Pavi Decor\",\"description\":\"Leseni unikati ustvarjeni iz ljubezni do lesa in narave.\",\"potentialAction\":[{\"@type\":\"SearchAction\",\"target\":{\"@type\":\"EntryPoint\",\"urlTemplate\":\"https:\/\/pavidecor.si\/it\/?s={search_term_string}\"},\"query-input\":{\"@type\":\"PropertyValueSpecification\",\"valueRequired\":true,\"valueName\":\"search_term_string\"}}],\"inLanguage\":\"it-IT\"}]}<\/script>\n<!-- \/ Yoast SEO plugin. -->","yoast_head_json":{"title":"Supporto per legna da ardere - Griglia per camino universale","description":"Il supporto per legna \u00e8 posizionato nel focolare e caricato con la legna per una combustione migliore. Funziona anche come portalegna accanto al camino.","robots":{"index":"index","follow":"follow","max-snippet":"max-snippet:-1","max-image-preview":"max-image-preview:large","max-video-preview":"max-video-preview:-1"},"canonical":"https:\/\/pavidecor.si\/it\/prodotto\/supporto-per-legna-griglia-per-camino-universale\/","og_locale":"it_IT","og_type":"article","og_title":"Supporto per legna da ardere - Griglia per camino universale","og_description":"Il supporto per legna \u00e8 posizionato nel focolare e caricato con la legna per una combustione migliore. Funziona anche come portalegna accanto al camino.","og_url":"https:\/\/pavidecor.si\/it\/prodotto\/supporto-per-legna-griglia-per-camino-universale\/","og_site_name":"Pavi Decor","article_modified_time":"2026-04-22T03:01:34+00:00","og_image":[{"width":1974,"height":1974,"url":"https:\/\/pavidecor.si\/wp-content\/uploads\/2023\/12\/1IMG_8331a.jpg","type":"image\/jpeg"}],"twitter_card":"summary_large_image","twitter_misc":{"Tempo di lettura stimato":"4 minuti"},"schema":{"@context":"https:\/\/schema.org","@graph":[{"@type":"WebPage","@id":"https:\/\/pavidecor.si\/it\/prodotto\/supporto-per-legna-griglia-per-camino-universale\/","url":"https:\/\/pavidecor.si\/it\/prodotto\/supporto-per-legna-griglia-per-camino-universale\/","name":"Supporto per legna da ardere - Griglia per camino universale","isPartOf":{"@id":"https:\/\/pavidecor.si\/it\/#website"},"primaryImageOfPage":{"@id":"https:\/\/pavidecor.si\/it\/prodotto\/supporto-per-legna-griglia-per-camino-universale\/#primaryimage"},"image":{"@id":"https:\/\/pavidecor.si\/it\/prodotto\/supporto-per-legna-griglia-per-camino-universale\/#primaryimage"},"thumbnailUrl":"https:\/\/pavidecor.si\/wp-content\/uploads\/2023\/12\/1IMG_8331a.jpg","datePublished":"2023-12-04T10:14:10+00:00","dateModified":"2026-04-22T03:01:34+00:00","description":"Il supporto per legna \u00e8 posizionato nel focolare e caricato con la legna per una combustione migliore. Funziona anche come portalegna accanto al camino.","breadcrumb":{"@id":"https:\/\/pavidecor.si\/it\/prodotto\/supporto-per-legna-griglia-per-camino-universale\/#breadcrumb"},"inLanguage":"it-IT","potentialAction":[{"@type":"ReadAction","target":["https:\/\/pavidecor.si\/it\/prodotto\/supporto-per-legna-griglia-per-camino-universale\/"]}]},{"@type":"ImageObject","inLanguage":"it-IT","@id":"https:\/\/pavidecor.si\/it\/prodotto\/supporto-per-legna-griglia-per-camino-universale\/#primaryimage","url":"https:\/\/pavidecor.si\/wp-content\/uploads\/2023\/12\/1IMG_8331a.jpg","contentUrl":"https:\/\/pavidecor.si\/wp-content\/uploads\/2023\/12\/1IMG_8331a.jpg","width":1974,"height":1974,"caption":"PAVI DECOR"},{"@type":"BreadcrumbList","@id":"https:\/\/pavidecor.si\/it\/prodotto\/supporto-per-legna-griglia-per-camino-universale\/#breadcrumb","itemListElement":[{"@type":"ListItem","position":1,"name":"Domov","item":"https:\/\/pavidecor.si\/it\/"},{"@type":"ListItem","position":2,"name":"Negozio online","item":"https:\/\/pavidecor.si\/it\/negozio-online\/"},{"@type":"ListItem","position":3,"name":"Supporto per legna, griglia per camino universale 35x25x17cm"}]},{"@type":"WebSite","@id":"https:\/\/pavidecor.si\/it\/#website","url":"https:\/\/pavidecor.si\/it\/","name":"Pavi Decor","description":"Leseni unikati ustvarjeni iz ljubezni do lesa in narave.","potentialAction":[{"@type":"SearchAction","target":{"@type":"EntryPoint","urlTemplate":"https:\/\/pavidecor.si\/it\/?s={search_term_string}"},"query-input":{"@type":"PropertyValueSpecification","valueRequired":true,"valueName":"search_term_string"}}],"inLanguage":"it-IT"}]}},"_links":{"self":[{"href":"https:\/\/pavidecor.si\/it\/wp-json\/wp\/v2\/product\/20089","targetHints":{"allow":["GET"]}}],"collection":[{"href":"https:\/\/pavidecor.si\/it\/wp-json\/wp\/v2\/product"}],"about":[{"href":"https:\/\/pavidecor.si\/it\/wp-json\/wp\/v2\/types\/product"}],"replies":[{"embeddable":true,"href":"https:\/\/pavidecor.si\/it\/wp-json\/wp\/v2\/comments?post=20089"}],"wp:featuredmedia":[{"embeddable":true,"href":"https:\/\/pavidecor.si\/it\/wp-json\/wp\/v2\/media\/20090"}],"wp:attachment":[{"href":"https:\/\/pavidecor.si\/it\/wp-json\/wp\/v2\/media?parent=20089"}],"wp:term":[{"taxonomy":"product_brand","embeddable":true,"href":"https:\/\/pavidecor.si\/it\/wp-json\/wp\/v2\/product_brand?post=20089"},{"taxonomy":"product_cat","embeddable":true,"href":"https:\/\/pavidecor.si\/it\/wp-json\/wp\/v2\/product_cat?post=20089"},{"taxonomy":"product_tag","embeddable":true,"href":"https:\/\/pavidecor.si\/it\/wp-json\/wp\/v2\/product_tag?post=20089"}],"curies":[{"name":"wp","href":"https:\/\/api.w.org\/{rel}","templated":true}]}}