	{"id":19471,"date":"2024-07-10T09:05:25","date_gmt":"2024-07-10T09:05:25","guid":{"rendered":"https:\/\/pavidecor.si\/product\/tappeto-in-legno-runner-blu-e-bianco-155x80cm\/"},"modified":"2026-04-23T01:01:42","modified_gmt":"2026-04-23T01:01:42","slug":"passatoia-in-listelli-di-legno-blu-e-bianco-155x80cm","status":"publish","type":"product","link":"https:\/\/pavidecor.si\/it\/prodotto\/passatoia-in-listelli-di-legno-blu-e-bianco-155x80cm\/","title":{"rendered":"Passatoia in listelli di legno blu e bianco 155x80cm"},"content":{"rendered":"<p><span class=\"prvimanjsinaslovopis\">Passatoia in listelli di legno blu e bianco &#8211; Eleganza naturale per ogni spazio &#8211; Dimensioni 155x80x2cm<br \/>\n<\/span><\/p>\n<p>&nbsp;<\/p>\n<h2><span class=\"odebeljenopis\"><strong><br \/>\nScopri il nostro tappeto in legno blu e bianco, un prodotto unico di PAVI DECOR, dove la passione per il legno e la natura si uniscono per creare pezzi straordinari. Realizzato a mano in Slovenia, questo tappeto \u00e8 perfetto per interni come camere da letto, sale da pranzo e terrazze coperte, offrendo un tocco di eleganza e funzionalit\u00e0.<\/strong><\/span><\/h2>\n<p>&nbsp;<\/p>\n<div class=\"row\">\n<div class=\"col-sm-6 \" style=\"margin-top: 30px;\"><center><img decoding=\"async\" class=\"lazyload img-responsive\" style=\"margin: 0px auto; max-width: 100%;\" src=\"data:image\/svg+xml,%3Csvg%20xmlns%3D%27http%3A%2F%2Fwww.w3.org%2F2000%2Fsvg%27%20width%3D%272560%27%20height%3D%272560%27%20viewBox%3D%270%200%202560%202560%27%3E%3Crect%20width%3D%272560%27%20height%3D%272560%27%20fill-opacity%3D%220%22%2F%3E%3C%2Fsvg%3E\" data-orig-src=\"https:\/\/pavidecor.si\/wp-content\/uploads\/2024\/07\/1IMG_8823a-scaled.jpg\" \/><\/center><\/div>\n<div class=\"col-sm-6\" style=\"margin-top: 40px;\">\n<p>&nbsp;<\/p>\n<h3>Design Unico e Funzionalit\u00e0<\/h3>\n<p><span class=\"prvimanjsinaslovopis\">La passatoia in listelli di legno blu e bianco<\/span> \u00e8 composta da singole doghe unite da una corda. Ci\u00f2 consente di <strong>arrotolarla facilmente<\/strong> per la conservazione. Questo design innovativo non solo la rende pratico, ma anche esteticamente gradevole.<\/p>\n<p>&nbsp;<\/p>\n<p>Realizzato in legno di conifera, il tappeto <strong>non lascia macchie nere<\/strong> di tannino, garantendo una pulizia semplice e veloce. \u00c8 ideale per l&#8217;uso in spazi interni, come camere da letto e sale da pranzo. Pu\u00f2 anche essere utilizzato in ambienti esterni come verande e balconi. La sua versatilit\u00e0 lo rende un accessorio indispensabile per ogni casa.<\/p>\n<p>&nbsp;<\/p>\n<\/div>\n<\/div>\n<div class=\"row\">\n<div class=\"col-sm-6 col-sm-push-6\" style=\"margin-top: 30px;\"><center><img decoding=\"async\" class=\"lazyload img-responsive\" style=\"margin: 0px auto; max-width: 100%;\" src=\"data:image\/svg+xml,%3Csvg%20xmlns%3D%27http%3A%2F%2Fwww.w3.org%2F2000%2Fsvg%27%20width%3D%272560%27%20height%3D%272560%27%20viewBox%3D%270%200%202560%202560%27%3E%3Crect%20width%3D%272560%27%20height%3D%272560%27%20fill-opacity%3D%220%22%2F%3E%3C%2Fsvg%3E\" data-orig-src=\" https:\/\/pavidecor.si\/wp-content\/uploads\/2024\/07\/2IMG_8826a-scaled.jpg\" \/><\/center><\/div>\n<div class=\"col-sm-6 col-sm-pull-6\" style=\"margin-top: 40px;\">\n<p>&nbsp;<\/p>\n<h3>Protezione e Comfort<\/h3>\n<p>Questo tappeto non \u00e8 solo un elemento decorativo, ma offre anche una <strong>protezione efficace<\/strong> contro il freddo, il calore e l&#8217;umidit\u00e0. \u00c8 perfetto per essere posato su diverse superfici, sia dure come piastrelle e cemento, sia morbide come tappeti e moquette.<\/p>\n<p>&nbsp;<\/p>\n<p>Inoltre, pu\u00f2 essere utilizzato come base per sdraiarsi o come tappeto in corridoi e ingressi, <strong>rendendo ogni spazio pi\u00f9 accogliente<\/strong>. La sua resistenza e la finitura protettiva ne aumentano la durata, rendendolo un investimento intelligente per la tua casa.<\/p>\n<p>&nbsp;<\/p>\n<\/div>\n<\/div>\n<div class=\"row\">\n<div class=\"col-sm-6\" style=\"margin-top: 30px;\"><center><img decoding=\"async\" class=\"lazyload img-responsive\" style=\"margin: 0px auto; max-width: 100%;\" src=\"data:image\/svg+xml,%3Csvg%20xmlns%3D%27http%3A%2F%2Fwww.w3.org%2F2000%2Fsvg%27%20width%3D%271690%27%20height%3D%271690%27%20viewBox%3D%270%200%201690%201690%27%3E%3Crect%20width%3D%271690%27%20height%3D%271690%27%20fill-opacity%3D%220%22%2F%3E%3C%2Fsvg%3E\" data-orig-src=\" https:\/\/pavidecor.si\/wp-content\/uploads\/2024\/07\/3IMG_8825.jpg\" \/><\/center><\/div>\n<div class=\"col-sm-6\" style=\"margin-top: 40px;\">\n<p>&nbsp;<\/p>\n<h3>Dettagli di Produzione e Sostenibilit\u00e0<\/h3>\n<p>Ogni tappeto \u00e8 realizzato a mano, seguendo le tecniche tradizionali dei maestri artigiani, il che conferisce ai nostri prodotti un <strong>aspetto autentico e unico<\/strong>. La nostra azienda, PAVI DECOR di Lubiana, si impegna a utilizzare solo materiali ecologici e sostenibili, riflettendo il nostro amore per la natura.<\/p>\n<p>&nbsp;<\/p>\n<p><span class=\"prvimanjsinaslovopis\">La passatoia in listelli di legno<\/span>\u00a0\u00e8 disponibile anche sulla nostra <a href=\"https:\/\/pavidecor.si\/it\/projects\/spiaggia-di-krk\/\"><strong><span style=\"color: #3366ff;\">spiaggia di Krk<\/span><\/strong><\/a> e nel nostro bar sulla spiaggia.\u00a0 L\u00ec potrete apprezzarne la bellezza e la funzionalit\u00e0 nel suo ambiente naturale. Scegli un prodotto che non solo abbellisce il tuo spazio, ma rispetta anche l&#8217;ambiente.<\/p>\n<\/div>\n<\/div>\n<p>&nbsp;<\/p>\n","protected":false},"excerpt":{"rendered":"<p><strong><span style=\"color: #c4963c;\">\u2192 Artigianato<br \/>\n<\/span><span style=\"color: #c4963c;\">\u2192 Legno di conifere<\/span><\/strong><\/p>\n","protected":false},"featured_media":19472,"comment_status":"open","ping_status":"closed","template":"","meta":[],"product_brand":[],"product_cat":[374,359],"product_tag":[213],"class_list":{"0":"post-19471","1":"product","2":"type-product","3":"status-publish","4":"has-post-thumbnail","6":"product_cat-tappeti","7":"product_cat-tappeti-e-stuoie","8":"product_tag-nuovo","10":"first","11":"instock","12":"taxable","13":"shipping-taxable","14":"purchasable","15":"product-type-simple"},"yoast_head":"<!-- This site is optimized with the Yoast SEO plugin v27.2 - https:\/\/yoast.com\/product\/yoast-seo-wordpress\/ -->\n<title>Passatoia in listelli di legno blu e bianco - Eleganza e funzionalit\u00e0<\/title>\n<meta name=\"description\" content=\"Passatoia in listelli di legno blu e bianco \u00e8 utile all&#039;interno, per proteggersi dal freddo o dal terreno scivoloso. Moquette facile da pulire e mantenere.\" \/>\n<meta name=\"robots\" content=\"index, follow, max-snippet:-1, max-image-preview:large, max-video-preview:-1\" \/>\n<link rel=\"canonical\" href=\"https:\/\/pavidecor.si\/it\/prodotto\/passatoia-in-listelli-di-legno-blu-e-bianco-155x80cm\/\" \/>\n<meta property=\"og:locale\" content=\"it_IT\" \/>\n<meta property=\"og:type\" content=\"article\" \/>\n<meta property=\"og:title\" content=\"Passatoia in listelli di legno blu e bianco - Eleganza e funzionalit\u00e0\" \/>\n<meta property=\"og:description\" content=\"Passatoia in listelli di legno blu e bianco \u00e8 utile all&#039;interno, per proteggersi dal freddo o dal terreno scivoloso. Moquette facile da pulire e mantenere.\" \/>\n<meta property=\"og:url\" content=\"https:\/\/pavidecor.si\/it\/prodotto\/passatoia-in-listelli-di-legno-blu-e-bianco-155x80cm\/\" \/>\n<meta property=\"og:site_name\" content=\"Pavi Decor\" \/>\n<meta property=\"article:modified_time\" content=\"2026-04-23T01:01:42+00:00\" \/>\n<meta property=\"og:image\" content=\"https:\/\/pavidecor.si\/wp-content\/uploads\/2024\/07\/1IMG_8823a-scaled.jpg\" \/>\n\t<meta property=\"og:image:width\" content=\"2560\" \/>\n\t<meta property=\"og:image:height\" content=\"2560\" \/>\n\t<meta property=\"og:image:type\" content=\"image\/jpeg\" \/>\n<meta name=\"twitter:card\" content=\"summary_large_image\" \/>\n<meta name=\"twitter:label1\" content=\"Tempo di lettura stimato\" \/>\n\t<meta name=\"twitter:data1\" content=\"3 minuti\" \/>\n<script type=\"application\/ld+json\" class=\"yoast-schema-graph\">{\"@context\":\"https:\/\/schema.org\",\"@graph\":[{\"@type\":\"WebPage\",\"@id\":\"https:\/\/pavidecor.si\/it\/prodotto\/passatoia-in-listelli-di-legno-blu-e-bianco-155x80cm\/\",\"url\":\"https:\/\/pavidecor.si\/it\/prodotto\/passatoia-in-listelli-di-legno-blu-e-bianco-155x80cm\/\",\"name\":\"Passatoia in listelli di legno blu e bianco - Eleganza e funzionalit\u00e0\",\"isPartOf\":{\"@id\":\"https:\/\/pavidecor.si\/it\/#website\"},\"primaryImageOfPage\":{\"@id\":\"https:\/\/pavidecor.si\/it\/prodotto\/passatoia-in-listelli-di-legno-blu-e-bianco-155x80cm\/#primaryimage\"},\"image\":{\"@id\":\"https:\/\/pavidecor.si\/it\/prodotto\/passatoia-in-listelli-di-legno-blu-e-bianco-155x80cm\/#primaryimage\"},\"thumbnailUrl\":\"https:\/\/pavidecor.si\/wp-content\/uploads\/2024\/07\/1IMG_8823a-scaled.jpg\",\"datePublished\":\"2024-07-10T09:05:25+00:00\",\"dateModified\":\"2026-04-23T01:01:42+00:00\",\"description\":\"Passatoia in listelli di legno blu e bianco \u00e8 utile all'interno, per proteggersi dal freddo o dal terreno scivoloso. Moquette facile da pulire e mantenere.\",\"breadcrumb\":{\"@id\":\"https:\/\/pavidecor.si\/it\/prodotto\/passatoia-in-listelli-di-legno-blu-e-bianco-155x80cm\/#breadcrumb\"},\"inLanguage\":\"it-IT\",\"potentialAction\":[{\"@type\":\"ReadAction\",\"target\":[\"https:\/\/pavidecor.si\/it\/prodotto\/passatoia-in-listelli-di-legno-blu-e-bianco-155x80cm\/\"]}]},{\"@type\":\"ImageObject\",\"inLanguage\":\"it-IT\",\"@id\":\"https:\/\/pavidecor.si\/it\/prodotto\/passatoia-in-listelli-di-legno-blu-e-bianco-155x80cm\/#primaryimage\",\"url\":\"https:\/\/pavidecor.si\/wp-content\/uploads\/2024\/07\/1IMG_8823a-scaled.jpg\",\"contentUrl\":\"https:\/\/pavidecor.si\/wp-content\/uploads\/2024\/07\/1IMG_8823a-scaled.jpg\",\"width\":2560,\"height\":2560,\"caption\":\"PAVI DECOR\"},{\"@type\":\"BreadcrumbList\",\"@id\":\"https:\/\/pavidecor.si\/it\/prodotto\/passatoia-in-listelli-di-legno-blu-e-bianco-155x80cm\/#breadcrumb\",\"itemListElement\":[{\"@type\":\"ListItem\",\"position\":1,\"name\":\"Domov\",\"item\":\"https:\/\/pavidecor.si\/it\/\"},{\"@type\":\"ListItem\",\"position\":2,\"name\":\"Negozio online\",\"item\":\"https:\/\/pavidecor.si\/it\/negozio-online\/\"},{\"@type\":\"ListItem\",\"position\":3,\"name\":\"Passatoia in listelli di legno blu e bianco 155x80cm\"}]},{\"@type\":\"WebSite\",\"@id\":\"https:\/\/pavidecor.si\/it\/#website\",\"url\":\"https:\/\/pavidecor.si\/it\/\",\"name\":\"Pavi Decor\",\"description\":\"Leseni unikati ustvarjeni iz ljubezni do lesa in narave.\",\"potentialAction\":[{\"@type\":\"SearchAction\",\"target\":{\"@type\":\"EntryPoint\",\"urlTemplate\":\"https:\/\/pavidecor.si\/it\/?s={search_term_string}\"},\"query-input\":{\"@type\":\"PropertyValueSpecification\",\"valueRequired\":true,\"valueName\":\"search_term_string\"}}],\"inLanguage\":\"it-IT\"}]}<\/script>\n<!-- \/ Yoast SEO plugin. -->","yoast_head_json":{"title":"Passatoia in listelli di legno blu e bianco - Eleganza e funzionalit\u00e0","description":"Passatoia in listelli di legno blu e bianco \u00e8 utile all'interno, per proteggersi dal freddo o dal terreno scivoloso. Moquette facile da pulire e mantenere.","robots":{"index":"index","follow":"follow","max-snippet":"max-snippet:-1","max-image-preview":"max-image-preview:large","max-video-preview":"max-video-preview:-1"},"canonical":"https:\/\/pavidecor.si\/it\/prodotto\/passatoia-in-listelli-di-legno-blu-e-bianco-155x80cm\/","og_locale":"it_IT","og_type":"article","og_title":"Passatoia in listelli di legno blu e bianco - Eleganza e funzionalit\u00e0","og_description":"Passatoia in listelli di legno blu e bianco \u00e8 utile all'interno, per proteggersi dal freddo o dal terreno scivoloso. Moquette facile da pulire e mantenere.","og_url":"https:\/\/pavidecor.si\/it\/prodotto\/passatoia-in-listelli-di-legno-blu-e-bianco-155x80cm\/","og_site_name":"Pavi Decor","article_modified_time":"2026-04-23T01:01:42+00:00","og_image":[{"width":2560,"height":2560,"url":"https:\/\/pavidecor.si\/wp-content\/uploads\/2024\/07\/1IMG_8823a-scaled.jpg","type":"image\/jpeg"}],"twitter_card":"summary_large_image","twitter_misc":{"Tempo di lettura stimato":"3 minuti"},"schema":{"@context":"https:\/\/schema.org","@graph":[{"@type":"WebPage","@id":"https:\/\/pavidecor.si\/it\/prodotto\/passatoia-in-listelli-di-legno-blu-e-bianco-155x80cm\/","url":"https:\/\/pavidecor.si\/it\/prodotto\/passatoia-in-listelli-di-legno-blu-e-bianco-155x80cm\/","name":"Passatoia in listelli di legno blu e bianco - Eleganza e funzionalit\u00e0","isPartOf":{"@id":"https:\/\/pavidecor.si\/it\/#website"},"primaryImageOfPage":{"@id":"https:\/\/pavidecor.si\/it\/prodotto\/passatoia-in-listelli-di-legno-blu-e-bianco-155x80cm\/#primaryimage"},"image":{"@id":"https:\/\/pavidecor.si\/it\/prodotto\/passatoia-in-listelli-di-legno-blu-e-bianco-155x80cm\/#primaryimage"},"thumbnailUrl":"https:\/\/pavidecor.si\/wp-content\/uploads\/2024\/07\/1IMG_8823a-scaled.jpg","datePublished":"2024-07-10T09:05:25+00:00","dateModified":"2026-04-23T01:01:42+00:00","description":"Passatoia in listelli di legno blu e bianco \u00e8 utile all'interno, per proteggersi dal freddo o dal terreno scivoloso. Moquette facile da pulire e mantenere.","breadcrumb":{"@id":"https:\/\/pavidecor.si\/it\/prodotto\/passatoia-in-listelli-di-legno-blu-e-bianco-155x80cm\/#breadcrumb"},"inLanguage":"it-IT","potentialAction":[{"@type":"ReadAction","target":["https:\/\/pavidecor.si\/it\/prodotto\/passatoia-in-listelli-di-legno-blu-e-bianco-155x80cm\/"]}]},{"@type":"ImageObject","inLanguage":"it-IT","@id":"https:\/\/pavidecor.si\/it\/prodotto\/passatoia-in-listelli-di-legno-blu-e-bianco-155x80cm\/#primaryimage","url":"https:\/\/pavidecor.si\/wp-content\/uploads\/2024\/07\/1IMG_8823a-scaled.jpg","contentUrl":"https:\/\/pavidecor.si\/wp-content\/uploads\/2024\/07\/1IMG_8823a-scaled.jpg","width":2560,"height":2560,"caption":"PAVI DECOR"},{"@type":"BreadcrumbList","@id":"https:\/\/pavidecor.si\/it\/prodotto\/passatoia-in-listelli-di-legno-blu-e-bianco-155x80cm\/#breadcrumb","itemListElement":[{"@type":"ListItem","position":1,"name":"Domov","item":"https:\/\/pavidecor.si\/it\/"},{"@type":"ListItem","position":2,"name":"Negozio online","item":"https:\/\/pavidecor.si\/it\/negozio-online\/"},{"@type":"ListItem","position":3,"name":"Passatoia in listelli di legno blu e bianco 155x80cm"}]},{"@type":"WebSite","@id":"https:\/\/pavidecor.si\/it\/#website","url":"https:\/\/pavidecor.si\/it\/","name":"Pavi Decor","description":"Leseni unikati ustvarjeni iz ljubezni do lesa in narave.","potentialAction":[{"@type":"SearchAction","target":{"@type":"EntryPoint","urlTemplate":"https:\/\/pavidecor.si\/it\/?s={search_term_string}"},"query-input":{"@type":"PropertyValueSpecification","valueRequired":true,"valueName":"search_term_string"}}],"inLanguage":"it-IT"}]}},"_links":{"self":[{"href":"https:\/\/pavidecor.si\/it\/wp-json\/wp\/v2\/product\/19471","targetHints":{"allow":["GET"]}}],"collection":[{"href":"https:\/\/pavidecor.si\/it\/wp-json\/wp\/v2\/product"}],"about":[{"href":"https:\/\/pavidecor.si\/it\/wp-json\/wp\/v2\/types\/product"}],"replies":[{"embeddable":true,"href":"https:\/\/pavidecor.si\/it\/wp-json\/wp\/v2\/comments?post=19471"}],"wp:featuredmedia":[{"embeddable":true,"href":"https:\/\/pavidecor.si\/it\/wp-json\/wp\/v2\/media\/19472"}],"wp:attachment":[{"href":"https:\/\/pavidecor.si\/it\/wp-json\/wp\/v2\/media?parent=19471"}],"wp:term":[{"taxonomy":"product_brand","embeddable":true,"href":"https:\/\/pavidecor.si\/it\/wp-json\/wp\/v2\/product_brand?post=19471"},{"taxonomy":"product_cat","embeddable":true,"href":"https:\/\/pavidecor.si\/it\/wp-json\/wp\/v2\/product_cat?post=19471"},{"taxonomy":"product_tag","embeddable":true,"href":"https:\/\/pavidecor.si\/it\/wp-json\/wp\/v2\/product_tag?post=19471"}],"curies":[{"name":"wp","href":"https:\/\/api.w.org\/{rel}","templated":true}]}}