	{"id":18433,"date":"2022-10-18T07:54:13","date_gmt":"2022-10-18T07:54:13","guid":{"rendered":"https:\/\/pavidecor.si\/product\/candeliere-in-legno-bianco-a-righe-rosse-6x6x7cm\/"},"modified":"2026-04-21T22:02:29","modified_gmt":"2026-04-21T22:02:29","slug":"candeliere-in-legno-bianco-a-righe-rosse-6x6x7cm","status":"publish","type":"product","link":"https:\/\/pavidecor.si\/it\/prodotto\/candeliere-in-legno-bianco-a-righe-rosse-6x6x7cm\/","title":{"rendered":"Candeliere in legno bianco a righe rosse 6x6x7cm"},"content":{"rendered":"<p>Candeliere in legno &#8211;\u00a0 Crea un&#8217;atmosfera magica nella tua casa<\/p>\n<p>&nbsp;<\/p>\n<h2><span class=\"odebeljenopis\"><strong><br \/>\nScopri il nostro portacandele in legno che porter\u00e0 un tocco di rusticit\u00e0 e natura nella tua casa. Realizzato a mano in Slovenia, questo portacandele \u00e8 l&#8217;aggiunta perfetta a qualsiasi spazio, sia in soggiorno che in cucina. Godetevi l&#8217;atmosfera magica creata dalla luce delle candele.<\/strong><\/span><\/h2>\n<p>&nbsp;<\/p>\n<div class=\"row\">\n<div class=\"col-sm-6 \" style=\"margin-top: 30px;\"><center><img decoding=\"async\" class=\"lazyload img-responsive\" style=\"margin: 0px auto; max-width: 100%;\" src=\"data:image\/svg+xml,%3Csvg%20xmlns%3D%27http%3A%2F%2Fwww.w3.org%2F2000%2Fsvg%27%20width%3D%271430%27%20height%3D%271431%27%20viewBox%3D%270%200%201430%201431%27%3E%3Crect%20width%3D%271430%27%20height%3D%271431%27%20fill-opacity%3D%220%22%2F%3E%3C%2Fsvg%3E\" data-orig-src=\"https:\/\/pavidecor.si\/wp-content\/uploads\/2022\/10\/1IMG_7153-3.jpg\" \/><\/center><\/div>\n<div class=\"col-sm-6\" style=\"margin-top: 40px;\">\n<p>&nbsp;<\/p>\n<h3>Produzione unica fatta a mano<\/h3>\n<p>Il nostro negozio PAVI DECOR di Lubiana \u00e8 orgoglioso del suo amore per il legno e la natura, che si riflette in ciascuno dei nostri prodotti. Il candeliere in legno \u00e8 il frutto della nostra conoscenza e creativit\u00e0, il che significa che ogni pezzo \u00e8 unico. Le tecniche di lavorazione del legno artigianali e tradizionali utilizzate dai vecchi maestri garantiscono un <strong>aspetto e una sensazione autentici<\/strong>. Questo candelabro non \u00e8 solo una decorazione, ma anche un&#8217;opera d&#8217;arte che porta una storia e un&#8217;anima nella tua casa.<\/p>\n<p>&nbsp;<\/p>\n<p>Realizzato con materiali naturali e parti in legno accuratamente selezionate, il nostro portacandele non \u00e8 solo bello esteticamente, ma \u00e8 anche sostenibile ed ecologico. Ogni candelabro \u00e8 realizzato a mano, il che significa che i dettagli possono variare leggermente, il che non fa che aumentarne il valore e l&#8217;unicit\u00e0. Godetevi la magia di un prodotto artigianale, frutto di passione e dedizione.<\/p>\n<\/div>\n<\/div>\n<div class=\"row\">\n<div class=\"col-sm-6 col-sm-push-6\" style=\"margin-top: 30px;\"><center><img decoding=\"async\" class=\"lazyload img-responsive\" style=\"margin: 0px auto; max-width: 100%;\" src=\"data:image\/svg+xml,%3Csvg%20xmlns%3D%27http%3A%2F%2Fwww.w3.org%2F2000%2Fsvg%27%20width%3D%271902%27%20height%3D%271903%27%20viewBox%3D%270%200%201902%201903%27%3E%3Crect%20width%3D%271902%27%20height%3D%271903%27%20fill-opacity%3D%220%22%2F%3E%3C%2Fsvg%3E\" data-orig-src=\" https:\/\/pavidecor.si\/wp-content\/uploads\/2022\/10\/2IMG_4065-3.jpg\" \/><\/center><\/div>\n<div class=\"col-sm-6 col-sm-pull-6\" style=\"margin-top: 40px;\">\n<p>&nbsp;<\/p>\n<h3>L&#8217;aggiunta perfetta a qualsiasi spazio<\/h3>\n<p>Il candeliere in legno \u00e8 estremamente versatile e si adatta perfettamente a diversi spazi. Posizionalo sul tavolino da caff\u00e8, sul bancone della cucina o usalo come centrotavola sulla tavola delle feste. Il suo design semplice ma elegante gli consente di adattarsi a qualsiasi stile di arredamento d&#8217;interni. La candela inclusa aggiunge un tocco extra di calore e luce, <strong>creando un&#8217;atmosfera accogliente<\/strong>.<\/p>\n<p>&nbsp;<\/p>\n<p>Questo portacandele \u00e8 particolarmente adatto per le festivit\u00e0, quando si desidera creare un&#8217;atmosfera speciale. Che lo posizioniate da solo o in un bouquet, attirer\u00e0 sicuramente l&#8217;attenzione e aggiunger\u00e0 magia ai vostri momenti di festa. Utilizzatelo anche come decorazione per <a href=\"https:\/\/pavidecor.si\/it\/kategorije\/prodotti-decorativi-per-la-casa\/alberi-di-natale-di-capodanno\/\"><strong><span style=\"color: #3366ff;\">l&#8217;albero di Natale<\/span><\/strong><\/a> e godetevi il suo magico bagliore.<\/p>\n<p>&nbsp;<\/p>\n<\/div>\n<\/div>\n<div class=\"row\">\n<div class=\"col-sm-6\" style=\"margin-top: 30px;\"><center><img decoding=\"async\" class=\"lazyload img-responsive\" style=\"margin: 0px auto; max-width: 100%;\" src=\"data:image\/svg+xml,%3Csvg%20xmlns%3D%27http%3A%2F%2Fwww.w3.org%2F2000%2Fsvg%27%20width%3D%272394%27%20height%3D%272394%27%20viewBox%3D%270%200%202394%202394%27%3E%3Crect%20width%3D%272394%27%20height%3D%272394%27%20fill-opacity%3D%220%22%2F%3E%3C%2Fsvg%3E\" data-orig-src=\" https:\/\/pavidecor.si\/wp-content\/uploads\/2022\/10\/3IMG_7192-2.jpg\" \/><\/center><\/div>\n<div class=\"col-sm-6\" style=\"margin-top: 40px;\">\n<p>&nbsp;<\/p>\n<h3>Specifiche del prodotto<\/h3>\n<p>Il nostro candeliere in legno \u00e8 realizzato in legno di alta qualit\u00e0, che ne garantisce la durevolezza e la stabilit\u00e0. Le sue dimensioni si adattano a vari tipi di lumini, rendendolo facile da usare. La lavorazione artigianale garantisce che ogni candelabro sia unico, il che significa che avrai un <strong>pezzo davvero speciale<\/strong> nella tua casa.<\/p>\n<p>&nbsp;<\/p>\n<p>Tutti i nostri prodotti sono realizzati in Slovenia, il che significa che sosteniamo l&#8217;economia locale e preserviamo la tradizione dei prodotti fatti a mano. Acquistando i nostri candelieri non solo arricchirete la vostra casa, ma contribuirete anche alla salvaguardia delle arti e dei mestieri artigianali. Unitevi a noi per celebrare la natura e l&#8217;amore per il legno con il nostro esclusivo candelabro in legno.<\/p>\n<\/div>\n<\/div>\n<p>&nbsp;<\/p>\n","protected":false},"excerpt":{"rendered":"<p><strong><span style=\"color: #c4963c;\">\u2192 Artigianato<br \/>\n<\/span><span style=\"color: #c4963c;\">\u2192 Unico<\/span><\/strong><\/p>\n","protected":false},"featured_media":18434,"comment_status":"open","ping_status":"closed","template":"","meta":[],"product_brand":[],"product_cat":[344],"product_tag":[213],"class_list":{"0":"post-18433","1":"product","2":"type-product","3":"status-publish","4":"has-post-thumbnail","6":"product_cat-candelieri","7":"product_tag-nuovo","9":"first","10":"instock","11":"taxable","12":"shipping-taxable","13":"purchasable","14":"product-type-simple"},"yoast_head":"<!-- This site is optimized with the Yoast SEO plugin v27.2 - https:\/\/yoast.com\/product\/yoast-seo-wordpress\/ -->\n<title>Candeliere in legno - Crea un&#039;atmosfera magica nella tua casa<\/title>\n<meta name=\"description\" content=\"Un candeliere in legno dal design semplice con un tocco di rusticit\u00e0 porta un senso di natura nella tua casa e quindi evoca una meravigliosa atmosfera.\" \/>\n<meta name=\"robots\" content=\"index, follow, max-snippet:-1, max-image-preview:large, max-video-preview:-1\" \/>\n<link rel=\"canonical\" href=\"https:\/\/pavidecor.si\/it\/prodotto\/candeliere-in-legno-bianco-a-righe-rosse-6x6x7cm\/\" \/>\n<meta property=\"og:locale\" content=\"it_IT\" \/>\n<meta property=\"og:type\" content=\"article\" \/>\n<meta property=\"og:title\" content=\"Candeliere in legno - Crea un&#039;atmosfera magica nella tua casa\" \/>\n<meta property=\"og:description\" content=\"Un candeliere in legno dal design semplice con un tocco di rusticit\u00e0 porta un senso di natura nella tua casa e quindi evoca una meravigliosa atmosfera.\" \/>\n<meta property=\"og:url\" content=\"https:\/\/pavidecor.si\/it\/prodotto\/candeliere-in-legno-bianco-a-righe-rosse-6x6x7cm\/\" \/>\n<meta property=\"og:site_name\" content=\"Pavi Decor\" \/>\n<meta property=\"article:modified_time\" content=\"2026-04-21T22:02:29+00:00\" \/>\n<meta property=\"og:image\" content=\"https:\/\/pavidecor.si\/wp-content\/uploads\/2022\/10\/1IMG_7153-3.jpg\" \/>\n\t<meta property=\"og:image:width\" content=\"1430\" \/>\n\t<meta property=\"og:image:height\" content=\"1431\" \/>\n\t<meta property=\"og:image:type\" content=\"image\/jpeg\" \/>\n<meta name=\"twitter:card\" content=\"summary_large_image\" \/>\n<meta name=\"twitter:label1\" content=\"Tempo di lettura stimato\" \/>\n\t<meta name=\"twitter:data1\" content=\"4 minuti\" \/>\n<script type=\"application\/ld+json\" class=\"yoast-schema-graph\">{\"@context\":\"https:\/\/schema.org\",\"@graph\":[{\"@type\":\"WebPage\",\"@id\":\"https:\/\/pavidecor.si\/it\/prodotto\/candeliere-in-legno-bianco-a-righe-rosse-6x6x7cm\/\",\"url\":\"https:\/\/pavidecor.si\/it\/prodotto\/candeliere-in-legno-bianco-a-righe-rosse-6x6x7cm\/\",\"name\":\"Candeliere in legno - Crea un'atmosfera magica nella tua casa\",\"isPartOf\":{\"@id\":\"https:\/\/pavidecor.si\/it\/#website\"},\"primaryImageOfPage\":{\"@id\":\"https:\/\/pavidecor.si\/it\/prodotto\/candeliere-in-legno-bianco-a-righe-rosse-6x6x7cm\/#primaryimage\"},\"image\":{\"@id\":\"https:\/\/pavidecor.si\/it\/prodotto\/candeliere-in-legno-bianco-a-righe-rosse-6x6x7cm\/#primaryimage\"},\"thumbnailUrl\":\"https:\/\/pavidecor.si\/wp-content\/uploads\/2022\/10\/1IMG_7153-3.jpg\",\"datePublished\":\"2022-10-18T07:54:13+00:00\",\"dateModified\":\"2026-04-21T22:02:29+00:00\",\"description\":\"Un candeliere in legno dal design semplice con un tocco di rusticit\u00e0 porta un senso di natura nella tua casa e quindi evoca una meravigliosa atmosfera.\",\"breadcrumb\":{\"@id\":\"https:\/\/pavidecor.si\/it\/prodotto\/candeliere-in-legno-bianco-a-righe-rosse-6x6x7cm\/#breadcrumb\"},\"inLanguage\":\"it-IT\",\"potentialAction\":[{\"@type\":\"ReadAction\",\"target\":[\"https:\/\/pavidecor.si\/it\/prodotto\/candeliere-in-legno-bianco-a-righe-rosse-6x6x7cm\/\"]}]},{\"@type\":\"ImageObject\",\"inLanguage\":\"it-IT\",\"@id\":\"https:\/\/pavidecor.si\/it\/prodotto\/candeliere-in-legno-bianco-a-righe-rosse-6x6x7cm\/#primaryimage\",\"url\":\"https:\/\/pavidecor.si\/wp-content\/uploads\/2022\/10\/1IMG_7153-3.jpg\",\"contentUrl\":\"https:\/\/pavidecor.si\/wp-content\/uploads\/2022\/10\/1IMG_7153-3.jpg\",\"width\":1430,\"height\":1431,\"caption\":\"PAVI DECOR\"},{\"@type\":\"BreadcrumbList\",\"@id\":\"https:\/\/pavidecor.si\/it\/prodotto\/candeliere-in-legno-bianco-a-righe-rosse-6x6x7cm\/#breadcrumb\",\"itemListElement\":[{\"@type\":\"ListItem\",\"position\":1,\"name\":\"Domov\",\"item\":\"https:\/\/pavidecor.si\/it\/\"},{\"@type\":\"ListItem\",\"position\":2,\"name\":\"Negozio online\",\"item\":\"https:\/\/pavidecor.si\/it\/negozio-online\/\"},{\"@type\":\"ListItem\",\"position\":3,\"name\":\"Candeliere in legno bianco a righe rosse 6x6x7cm\"}]},{\"@type\":\"WebSite\",\"@id\":\"https:\/\/pavidecor.si\/it\/#website\",\"url\":\"https:\/\/pavidecor.si\/it\/\",\"name\":\"Pavi Decor\",\"description\":\"Leseni unikati ustvarjeni iz ljubezni do lesa in narave.\",\"potentialAction\":[{\"@type\":\"SearchAction\",\"target\":{\"@type\":\"EntryPoint\",\"urlTemplate\":\"https:\/\/pavidecor.si\/it\/?s={search_term_string}\"},\"query-input\":{\"@type\":\"PropertyValueSpecification\",\"valueRequired\":true,\"valueName\":\"search_term_string\"}}],\"inLanguage\":\"it-IT\"}]}<\/script>\n<!-- \/ Yoast SEO plugin. -->","yoast_head_json":{"title":"Candeliere in legno - Crea un'atmosfera magica nella tua casa","description":"Un candeliere in legno dal design semplice con un tocco di rusticit\u00e0 porta un senso di natura nella tua casa e quindi evoca una meravigliosa atmosfera.","robots":{"index":"index","follow":"follow","max-snippet":"max-snippet:-1","max-image-preview":"max-image-preview:large","max-video-preview":"max-video-preview:-1"},"canonical":"https:\/\/pavidecor.si\/it\/prodotto\/candeliere-in-legno-bianco-a-righe-rosse-6x6x7cm\/","og_locale":"it_IT","og_type":"article","og_title":"Candeliere in legno - Crea un'atmosfera magica nella tua casa","og_description":"Un candeliere in legno dal design semplice con un tocco di rusticit\u00e0 porta un senso di natura nella tua casa e quindi evoca una meravigliosa atmosfera.","og_url":"https:\/\/pavidecor.si\/it\/prodotto\/candeliere-in-legno-bianco-a-righe-rosse-6x6x7cm\/","og_site_name":"Pavi Decor","article_modified_time":"2026-04-21T22:02:29+00:00","og_image":[{"width":1430,"height":1431,"url":"https:\/\/pavidecor.si\/wp-content\/uploads\/2022\/10\/1IMG_7153-3.jpg","type":"image\/jpeg"}],"twitter_card":"summary_large_image","twitter_misc":{"Tempo di lettura stimato":"4 minuti"},"schema":{"@context":"https:\/\/schema.org","@graph":[{"@type":"WebPage","@id":"https:\/\/pavidecor.si\/it\/prodotto\/candeliere-in-legno-bianco-a-righe-rosse-6x6x7cm\/","url":"https:\/\/pavidecor.si\/it\/prodotto\/candeliere-in-legno-bianco-a-righe-rosse-6x6x7cm\/","name":"Candeliere in legno - Crea un'atmosfera magica nella tua casa","isPartOf":{"@id":"https:\/\/pavidecor.si\/it\/#website"},"primaryImageOfPage":{"@id":"https:\/\/pavidecor.si\/it\/prodotto\/candeliere-in-legno-bianco-a-righe-rosse-6x6x7cm\/#primaryimage"},"image":{"@id":"https:\/\/pavidecor.si\/it\/prodotto\/candeliere-in-legno-bianco-a-righe-rosse-6x6x7cm\/#primaryimage"},"thumbnailUrl":"https:\/\/pavidecor.si\/wp-content\/uploads\/2022\/10\/1IMG_7153-3.jpg","datePublished":"2022-10-18T07:54:13+00:00","dateModified":"2026-04-21T22:02:29+00:00","description":"Un candeliere in legno dal design semplice con un tocco di rusticit\u00e0 porta un senso di natura nella tua casa e quindi evoca una meravigliosa atmosfera.","breadcrumb":{"@id":"https:\/\/pavidecor.si\/it\/prodotto\/candeliere-in-legno-bianco-a-righe-rosse-6x6x7cm\/#breadcrumb"},"inLanguage":"it-IT","potentialAction":[{"@type":"ReadAction","target":["https:\/\/pavidecor.si\/it\/prodotto\/candeliere-in-legno-bianco-a-righe-rosse-6x6x7cm\/"]}]},{"@type":"ImageObject","inLanguage":"it-IT","@id":"https:\/\/pavidecor.si\/it\/prodotto\/candeliere-in-legno-bianco-a-righe-rosse-6x6x7cm\/#primaryimage","url":"https:\/\/pavidecor.si\/wp-content\/uploads\/2022\/10\/1IMG_7153-3.jpg","contentUrl":"https:\/\/pavidecor.si\/wp-content\/uploads\/2022\/10\/1IMG_7153-3.jpg","width":1430,"height":1431,"caption":"PAVI DECOR"},{"@type":"BreadcrumbList","@id":"https:\/\/pavidecor.si\/it\/prodotto\/candeliere-in-legno-bianco-a-righe-rosse-6x6x7cm\/#breadcrumb","itemListElement":[{"@type":"ListItem","position":1,"name":"Domov","item":"https:\/\/pavidecor.si\/it\/"},{"@type":"ListItem","position":2,"name":"Negozio online","item":"https:\/\/pavidecor.si\/it\/negozio-online\/"},{"@type":"ListItem","position":3,"name":"Candeliere in legno bianco a righe rosse 6x6x7cm"}]},{"@type":"WebSite","@id":"https:\/\/pavidecor.si\/it\/#website","url":"https:\/\/pavidecor.si\/it\/","name":"Pavi Decor","description":"Leseni unikati ustvarjeni iz ljubezni do lesa in narave.","potentialAction":[{"@type":"SearchAction","target":{"@type":"EntryPoint","urlTemplate":"https:\/\/pavidecor.si\/it\/?s={search_term_string}"},"query-input":{"@type":"PropertyValueSpecification","valueRequired":true,"valueName":"search_term_string"}}],"inLanguage":"it-IT"}]}},"_links":{"self":[{"href":"https:\/\/pavidecor.si\/it\/wp-json\/wp\/v2\/product\/18433","targetHints":{"allow":["GET"]}}],"collection":[{"href":"https:\/\/pavidecor.si\/it\/wp-json\/wp\/v2\/product"}],"about":[{"href":"https:\/\/pavidecor.si\/it\/wp-json\/wp\/v2\/types\/product"}],"replies":[{"embeddable":true,"href":"https:\/\/pavidecor.si\/it\/wp-json\/wp\/v2\/comments?post=18433"}],"wp:featuredmedia":[{"embeddable":true,"href":"https:\/\/pavidecor.si\/it\/wp-json\/wp\/v2\/media\/18434"}],"wp:attachment":[{"href":"https:\/\/pavidecor.si\/it\/wp-json\/wp\/v2\/media?parent=18433"}],"wp:term":[{"taxonomy":"product_brand","embeddable":true,"href":"https:\/\/pavidecor.si\/it\/wp-json\/wp\/v2\/product_brand?post=18433"},{"taxonomy":"product_cat","embeddable":true,"href":"https:\/\/pavidecor.si\/it\/wp-json\/wp\/v2\/product_cat?post=18433"},{"taxonomy":"product_tag","embeddable":true,"href":"https:\/\/pavidecor.si\/it\/wp-json\/wp\/v2\/product_tag?post=18433"}],"curies":[{"name":"wp","href":"https:\/\/api.w.org\/{rel}","templated":true}]}}