	{"id":18347,"date":"2022-10-20T08:02:44","date_gmt":"2022-10-20T08:02:44","guid":{"rendered":"https:\/\/pavidecor.si\/product\/candeliere-in-legno-bianco-rosso-maculato-6x6x7cm\/"},"modified":"2026-04-22T12:28:24","modified_gmt":"2026-04-22T12:28:24","slug":"candeliere-in-legno-bianco-rosso-maculato-6x6x7cm","status":"publish","type":"product","link":"https:\/\/pavidecor.si\/it\/prodotto\/candeliere-in-legno-bianco-rosso-maculato-6x6x7cm\/","title":{"rendered":"Candeliere in legno bianco rosso maculato 6x6x7cm"},"content":{"rendered":"<p>Candeliere in legno &#8211; Crea un&#8217;atmosfera magica nella tua casa<\/p>\n<p>&nbsp;<\/p>\n<h2><span class=\"odebeljenopis\"><strong><br \/>\nScopri il nostro portacandele in legno che dona un tocco rustico e naturale alla tua casa. Realizzato a mano in Slovenia, questo portacandele \u00e8 l&#8217;accessorio perfetto per qualsiasi ambiente, dal soggiorno alla cucina. Goditi la magica atmosfera creata dalla luce delle candele.<\/strong><\/span><\/h2>\n<p>&nbsp;<\/p>\n<div class=\"row\">\n<div class=\"col-sm-6 \" style=\"margin-top: 30px;\"><center><img decoding=\"async\" class=\"lazyload img-responsive\" style=\"margin: 0px auto; max-width: 100%;\" src=\"data:image\/svg+xml,%3Csvg%20xmlns%3D%27http%3A%2F%2Fwww.w3.org%2F2000%2Fsvg%27%20width%3D%271257%27%20height%3D%271256%27%20viewBox%3D%270%200%201257%201256%27%3E%3Crect%20width%3D%271257%27%20height%3D%271256%27%20fill-opacity%3D%220%22%2F%3E%3C%2Fsvg%3E\" data-orig-src=\"https:\/\/pavidecor.si\/wp-content\/uploads\/2022\/10\/1IMG_7183-2.jpg\" \/><\/center><\/div>\n<div class=\"col-sm-6\" style=\"margin-top: 40px;\">\n<p>&nbsp;<\/p>\n<h3>Unico fatto a mano<\/h3>\n<p>Il nostro negozio PAVI DECOR di Lubiana \u00e8 orgoglioso del suo amore per il legno e la natura, che si riflette in ogni nostro prodotto. Il candeliere in legno \u00e8 il risultato della nostra competenza e creativit\u00e0, il che significa che ogni pezzo \u00e8 unico. Realizzato a mano utilizzando tecniche tradizionali di assemblaggio del legno, tramandate dagli antichi maestri, garantisce un <strong>aspetto e una sensazione autentici<\/strong>. Questo candeliere non \u00e8 solo un oggetto decorativo, ma anche un&#8217;opera d&#8217;arte che dona calore e carattere alla vostra casa.<\/p>\n<p>&nbsp;<\/p>\n<p>Utilizzando materiali naturali e legni accuratamente selezionati, il nostro candeliere non \u00e8 solo bello da vedere, ma anche sostenibile ed ecologico. Ogni candeliere \u00e8 rifinito a mano, il che significa che ogni prodotto \u00e8 unico e possiede un carattere distintivo. Usatelo per creare un&#8217;atmosfera accogliente in occasioni speciali o semplicemente posizionatelo su un tavolino per <strong>arricchire il vostro ambiente quotidiano<\/strong>.<\/p>\n<p>&nbsp;<\/p>\n<\/div>\n<\/div>\n<div class=\"row\">\n<div class=\"col-sm-6 col-sm-push-6\" style=\"margin-top: 30px;\"><center><img decoding=\"async\" class=\"lazyload img-responsive\" style=\"margin: 0px auto; max-width: 100%;\" src=\"data:image\/svg+xml,%3Csvg%20xmlns%3D%27http%3A%2F%2Fwww.w3.org%2F2000%2Fsvg%27%20width%3D%271298%27%20height%3D%271298%27%20viewBox%3D%270%200%201298%201298%27%3E%3Crect%20width%3D%271298%27%20height%3D%271298%27%20fill-opacity%3D%220%22%2F%3E%3C%2Fsvg%3E\" data-orig-src=\" https:\/\/pavidecor.si\/wp-content\/uploads\/2022\/10\/2IMG_7182-2.jpg\" \/><\/center><\/div>\n<div class=\"col-sm-6 col-sm-pull-6\" style=\"margin-top: 40px;\">\n<p>&nbsp;<\/p>\n<h3>Decorazione multiuso<\/h3>\n<p>Il candeliere in legno \u00e8 estremamente versatile e si adatta perfettamente a diversi ambienti. \u00c8 ideale da posizionare sul piano della cucina o sul tavolino del soggiorno. Il suo design semplice ma elegante gli permette di integrarsi in qualsiasi stile di arredamento. La candelina inclusa aggiunge un tocco di calore e luce, <strong>creando un&#8217;atmosfera accogliente<\/strong>.<\/p>\n<p>&nbsp;<\/p>\n<p>Inoltre, il nostro candeliere in legno \u00e8 particolarmente adatto per le festivit\u00e0. Usalo come centrotavola per la tua tavola natalizia o esponilo da solo per attirare l&#8217;attenzione. Puoi persino utilizzarlo come <strong>decorazione per il tuo <a href=\"https:\/\/pavidecor.si\/it\/kategorije\/prodotti-decorativi-per-la-casa\/alberi-di-natale-di-capodanno\/\"><span style=\"color: #3366ff;\">albero di Natale<\/span><\/a><\/strong>, aggiungendo un tocco di magia alle tue feste. Con il nostro portacandele, creerai sicuramente momenti e ricordi indimenticabili.<\/p>\n<p>&nbsp;<\/p>\n<\/div>\n<\/div>\n<div class=\"row\">\n<div class=\"col-sm-6\" style=\"margin-top: 30px;\"><center><img decoding=\"async\" class=\"lazyload img-responsive\" style=\"margin: 0px auto; max-width: 100%;\" src=\"data:image\/svg+xml,%3Csvg%20xmlns%3D%27http%3A%2F%2Fwww.w3.org%2F2000%2Fsvg%27%20width%3D%271778%27%20height%3D%271778%27%20viewBox%3D%270%200%201778%201778%27%3E%3Crect%20width%3D%271778%27%20height%3D%271778%27%20fill-opacity%3D%220%22%2F%3E%3C%2Fsvg%3E\" data-orig-src=\" https:\/\/pavidecor.si\/wp-content\/uploads\/2022\/10\/3IMG_7167-2.jpg\" \/><\/center><\/div>\n<div class=\"col-sm-6\" style=\"margin-top: 40px;\">\n<p>&nbsp;<\/p>\n<h3>Specifiche del prodotto<\/h3>\n<p>Il nostro candeliere in legno \u00e8 realizzato a mano con legno di alta qualit\u00e0, garantendone <strong>durata e resistenza nel tempo<\/strong>. Ogni candeliere \u00e8 unico, pertanto potrebbero verificarsi leggere variazioni di colore e venature. La candelina inclusa permette un utilizzo immediato, cos\u00ec da poter godere subito della sua magica atmosfera.<\/p>\n<p>&nbsp;<\/p>\n<p>Con dimensioni adatte a diversi spazi, il nostro candeliere in legno \u00e8 ideale per qualsiasi casa. Che lo si utilizzi per la decorazione quotidiana o per occasioni speciali, <strong>attirer\u00e0 sicuramente l&#8217;attenzione<\/strong> e aggiunger\u00e0 un tocco di eleganza. Tutti i nostri prodotti sono realizzati con amore e cura, e questo si riflette nella loro qualit\u00e0 e unicit\u00e0.<\/p>\n<\/div>\n<\/div>\n<p>&nbsp;<\/p>\n","protected":false},"excerpt":{"rendered":"<p><strong><span style=\"color: #c4963c;\">\u2192 Artigianato<br \/>\n<\/span><span style=\"color: #c4963c;\">\u2192 Unico<\/span><\/strong><\/p>\n","protected":false},"featured_media":18350,"comment_status":"open","ping_status":"closed","template":"","meta":[],"product_brand":[],"product_cat":[344],"product_tag":[213],"class_list":{"0":"post-18347","1":"product","2":"type-product","3":"status-publish","4":"has-post-thumbnail","6":"product_cat-candelieri","7":"product_tag-nuovo","9":"first","10":"instock","11":"taxable","12":"shipping-taxable","13":"purchasable","14":"product-type-simple"},"yoast_head":"<!-- This site is optimized with the Yoast SEO plugin v27.2 - https:\/\/yoast.com\/product\/yoast-seo-wordpress\/ -->\n<title>Candeliere in legno - Crea un&#039;atmosfera magica nella tua casa<\/title>\n<meta name=\"description\" content=\"Un candeliere in legno dal design semplice con un tocco di rusticit\u00e0 porta un senso di natura nella tua casa e quindi evoca una meravigliosa atmosfera.\" \/>\n<meta name=\"robots\" content=\"index, follow, max-snippet:-1, max-image-preview:large, max-video-preview:-1\" \/>\n<link rel=\"canonical\" href=\"https:\/\/pavidecor.si\/it\/prodotto\/candeliere-in-legno-bianco-rosso-maculato-6x6x7cm\/\" \/>\n<meta property=\"og:locale\" content=\"it_IT\" \/>\n<meta property=\"og:type\" content=\"article\" \/>\n<meta property=\"og:title\" content=\"Candeliere in legno - Crea un&#039;atmosfera magica nella tua casa\" \/>\n<meta property=\"og:description\" content=\"Un candeliere in legno dal design semplice con un tocco di rusticit\u00e0 porta un senso di natura nella tua casa e quindi evoca una meravigliosa atmosfera.\" \/>\n<meta property=\"og:url\" content=\"https:\/\/pavidecor.si\/it\/prodotto\/candeliere-in-legno-bianco-rosso-maculato-6x6x7cm\/\" \/>\n<meta property=\"og:site_name\" content=\"Pavi Decor\" \/>\n<meta property=\"article:modified_time\" content=\"2026-04-22T12:28:24+00:00\" \/>\n<meta property=\"og:image\" content=\"https:\/\/pavidecor.si\/wp-content\/uploads\/2022\/10\/1IMG_7183-2.jpg\" \/>\n\t<meta property=\"og:image:width\" content=\"1257\" \/>\n\t<meta property=\"og:image:height\" content=\"1256\" \/>\n\t<meta property=\"og:image:type\" content=\"image\/jpeg\" \/>\n<meta name=\"twitter:card\" content=\"summary_large_image\" \/>\n<meta name=\"twitter:label1\" content=\"Tempo di lettura stimato\" \/>\n\t<meta name=\"twitter:data1\" content=\"4 minuti\" \/>\n<script type=\"application\/ld+json\" class=\"yoast-schema-graph\">{\"@context\":\"https:\/\/schema.org\",\"@graph\":[{\"@type\":\"WebPage\",\"@id\":\"https:\/\/pavidecor.si\/it\/prodotto\/candeliere-in-legno-bianco-rosso-maculato-6x6x7cm\/\",\"url\":\"https:\/\/pavidecor.si\/it\/prodotto\/candeliere-in-legno-bianco-rosso-maculato-6x6x7cm\/\",\"name\":\"Candeliere in legno - Crea un'atmosfera magica nella tua casa\",\"isPartOf\":{\"@id\":\"https:\/\/pavidecor.si\/it\/#website\"},\"primaryImageOfPage\":{\"@id\":\"https:\/\/pavidecor.si\/it\/prodotto\/candeliere-in-legno-bianco-rosso-maculato-6x6x7cm\/#primaryimage\"},\"image\":{\"@id\":\"https:\/\/pavidecor.si\/it\/prodotto\/candeliere-in-legno-bianco-rosso-maculato-6x6x7cm\/#primaryimage\"},\"thumbnailUrl\":\"https:\/\/pavidecor.si\/wp-content\/uploads\/2022\/10\/1IMG_7183-2.jpg\",\"datePublished\":\"2022-10-20T08:02:44+00:00\",\"dateModified\":\"2026-04-22T12:28:24+00:00\",\"description\":\"Un candeliere in legno dal design semplice con un tocco di rusticit\u00e0 porta un senso di natura nella tua casa e quindi evoca una meravigliosa atmosfera.\",\"breadcrumb\":{\"@id\":\"https:\/\/pavidecor.si\/it\/prodotto\/candeliere-in-legno-bianco-rosso-maculato-6x6x7cm\/#breadcrumb\"},\"inLanguage\":\"it-IT\",\"potentialAction\":[{\"@type\":\"ReadAction\",\"target\":[\"https:\/\/pavidecor.si\/it\/prodotto\/candeliere-in-legno-bianco-rosso-maculato-6x6x7cm\/\"]}]},{\"@type\":\"ImageObject\",\"inLanguage\":\"it-IT\",\"@id\":\"https:\/\/pavidecor.si\/it\/prodotto\/candeliere-in-legno-bianco-rosso-maculato-6x6x7cm\/#primaryimage\",\"url\":\"https:\/\/pavidecor.si\/wp-content\/uploads\/2022\/10\/1IMG_7183-2.jpg\",\"contentUrl\":\"https:\/\/pavidecor.si\/wp-content\/uploads\/2022\/10\/1IMG_7183-2.jpg\",\"width\":1257,\"height\":1256,\"caption\":\"PAVI DECOR\"},{\"@type\":\"BreadcrumbList\",\"@id\":\"https:\/\/pavidecor.si\/it\/prodotto\/candeliere-in-legno-bianco-rosso-maculato-6x6x7cm\/#breadcrumb\",\"itemListElement\":[{\"@type\":\"ListItem\",\"position\":1,\"name\":\"Domov\",\"item\":\"https:\/\/pavidecor.si\/it\/\"},{\"@type\":\"ListItem\",\"position\":2,\"name\":\"Negozio online\",\"item\":\"https:\/\/pavidecor.si\/it\/negozio-online\/\"},{\"@type\":\"ListItem\",\"position\":3,\"name\":\"Candeliere in legno bianco rosso maculato 6x6x7cm\"}]},{\"@type\":\"WebSite\",\"@id\":\"https:\/\/pavidecor.si\/it\/#website\",\"url\":\"https:\/\/pavidecor.si\/it\/\",\"name\":\"Pavi Decor\",\"description\":\"Leseni unikati ustvarjeni iz ljubezni do lesa in narave.\",\"potentialAction\":[{\"@type\":\"SearchAction\",\"target\":{\"@type\":\"EntryPoint\",\"urlTemplate\":\"https:\/\/pavidecor.si\/it\/?s={search_term_string}\"},\"query-input\":{\"@type\":\"PropertyValueSpecification\",\"valueRequired\":true,\"valueName\":\"search_term_string\"}}],\"inLanguage\":\"it-IT\"}]}<\/script>\n<!-- \/ Yoast SEO plugin. -->","yoast_head_json":{"title":"Candeliere in legno - Crea un'atmosfera magica nella tua casa","description":"Un candeliere in legno dal design semplice con un tocco di rusticit\u00e0 porta un senso di natura nella tua casa e quindi evoca una meravigliosa atmosfera.","robots":{"index":"index","follow":"follow","max-snippet":"max-snippet:-1","max-image-preview":"max-image-preview:large","max-video-preview":"max-video-preview:-1"},"canonical":"https:\/\/pavidecor.si\/it\/prodotto\/candeliere-in-legno-bianco-rosso-maculato-6x6x7cm\/","og_locale":"it_IT","og_type":"article","og_title":"Candeliere in legno - Crea un'atmosfera magica nella tua casa","og_description":"Un candeliere in legno dal design semplice con un tocco di rusticit\u00e0 porta un senso di natura nella tua casa e quindi evoca una meravigliosa atmosfera.","og_url":"https:\/\/pavidecor.si\/it\/prodotto\/candeliere-in-legno-bianco-rosso-maculato-6x6x7cm\/","og_site_name":"Pavi Decor","article_modified_time":"2026-04-22T12:28:24+00:00","og_image":[{"width":1257,"height":1256,"url":"https:\/\/pavidecor.si\/wp-content\/uploads\/2022\/10\/1IMG_7183-2.jpg","type":"image\/jpeg"}],"twitter_card":"summary_large_image","twitter_misc":{"Tempo di lettura stimato":"4 minuti"},"schema":{"@context":"https:\/\/schema.org","@graph":[{"@type":"WebPage","@id":"https:\/\/pavidecor.si\/it\/prodotto\/candeliere-in-legno-bianco-rosso-maculato-6x6x7cm\/","url":"https:\/\/pavidecor.si\/it\/prodotto\/candeliere-in-legno-bianco-rosso-maculato-6x6x7cm\/","name":"Candeliere in legno - Crea un'atmosfera magica nella tua casa","isPartOf":{"@id":"https:\/\/pavidecor.si\/it\/#website"},"primaryImageOfPage":{"@id":"https:\/\/pavidecor.si\/it\/prodotto\/candeliere-in-legno-bianco-rosso-maculato-6x6x7cm\/#primaryimage"},"image":{"@id":"https:\/\/pavidecor.si\/it\/prodotto\/candeliere-in-legno-bianco-rosso-maculato-6x6x7cm\/#primaryimage"},"thumbnailUrl":"https:\/\/pavidecor.si\/wp-content\/uploads\/2022\/10\/1IMG_7183-2.jpg","datePublished":"2022-10-20T08:02:44+00:00","dateModified":"2026-04-22T12:28:24+00:00","description":"Un candeliere in legno dal design semplice con un tocco di rusticit\u00e0 porta un senso di natura nella tua casa e quindi evoca una meravigliosa atmosfera.","breadcrumb":{"@id":"https:\/\/pavidecor.si\/it\/prodotto\/candeliere-in-legno-bianco-rosso-maculato-6x6x7cm\/#breadcrumb"},"inLanguage":"it-IT","potentialAction":[{"@type":"ReadAction","target":["https:\/\/pavidecor.si\/it\/prodotto\/candeliere-in-legno-bianco-rosso-maculato-6x6x7cm\/"]}]},{"@type":"ImageObject","inLanguage":"it-IT","@id":"https:\/\/pavidecor.si\/it\/prodotto\/candeliere-in-legno-bianco-rosso-maculato-6x6x7cm\/#primaryimage","url":"https:\/\/pavidecor.si\/wp-content\/uploads\/2022\/10\/1IMG_7183-2.jpg","contentUrl":"https:\/\/pavidecor.si\/wp-content\/uploads\/2022\/10\/1IMG_7183-2.jpg","width":1257,"height":1256,"caption":"PAVI DECOR"},{"@type":"BreadcrumbList","@id":"https:\/\/pavidecor.si\/it\/prodotto\/candeliere-in-legno-bianco-rosso-maculato-6x6x7cm\/#breadcrumb","itemListElement":[{"@type":"ListItem","position":1,"name":"Domov","item":"https:\/\/pavidecor.si\/it\/"},{"@type":"ListItem","position":2,"name":"Negozio online","item":"https:\/\/pavidecor.si\/it\/negozio-online\/"},{"@type":"ListItem","position":3,"name":"Candeliere in legno bianco rosso maculato 6x6x7cm"}]},{"@type":"WebSite","@id":"https:\/\/pavidecor.si\/it\/#website","url":"https:\/\/pavidecor.si\/it\/","name":"Pavi Decor","description":"Leseni unikati ustvarjeni iz ljubezni do lesa in narave.","potentialAction":[{"@type":"SearchAction","target":{"@type":"EntryPoint","urlTemplate":"https:\/\/pavidecor.si\/it\/?s={search_term_string}"},"query-input":{"@type":"PropertyValueSpecification","valueRequired":true,"valueName":"search_term_string"}}],"inLanguage":"it-IT"}]}},"_links":{"self":[{"href":"https:\/\/pavidecor.si\/it\/wp-json\/wp\/v2\/product\/18347","targetHints":{"allow":["GET"]}}],"collection":[{"href":"https:\/\/pavidecor.si\/it\/wp-json\/wp\/v2\/product"}],"about":[{"href":"https:\/\/pavidecor.si\/it\/wp-json\/wp\/v2\/types\/product"}],"replies":[{"embeddable":true,"href":"https:\/\/pavidecor.si\/it\/wp-json\/wp\/v2\/comments?post=18347"}],"wp:featuredmedia":[{"embeddable":true,"href":"https:\/\/pavidecor.si\/it\/wp-json\/wp\/v2\/media\/18350"}],"wp:attachment":[{"href":"https:\/\/pavidecor.si\/it\/wp-json\/wp\/v2\/media?parent=18347"}],"wp:term":[{"taxonomy":"product_brand","embeddable":true,"href":"https:\/\/pavidecor.si\/it\/wp-json\/wp\/v2\/product_brand?post=18347"},{"taxonomy":"product_cat","embeddable":true,"href":"https:\/\/pavidecor.si\/it\/wp-json\/wp\/v2\/product_cat?post=18347"},{"taxonomy":"product_tag","embeddable":true,"href":"https:\/\/pavidecor.si\/it\/wp-json\/wp\/v2\/product_tag?post=18347"}],"curies":[{"name":"wp","href":"https:\/\/api.w.org\/{rel}","templated":true}]}}