	{"id":18226,"date":"2022-10-24T09:46:47","date_gmt":"2022-10-24T09:46:47","guid":{"rendered":"https:\/\/pavidecor.si\/product\/candeliere-in-legno-bianco-6x6x7cm\/"},"modified":"2026-05-12T21:25:48","modified_gmt":"2026-05-12T21:25:48","slug":"candeliere-in-legno-bianco-6x6x7cm","status":"publish","type":"product","link":"https:\/\/pavidecor.si\/it\/prodotto\/candeliere-in-legno-bianco-6x6x7cm\/","title":{"rendered":"Candeliere in legno bianco 6x6x7cm"},"content":{"rendered":"<p>Candeliere in legno &#8211; Crea un&#8217;atmosfera magica nella tua casa<\/p>\n<p>&nbsp;<\/p>\n<h2><span class=\"odebeljenopis\"><strong><br \/>\nScopri il nostro portacandele in legno che dona un tocco di rusticit\u00e0 e natura a qualsiasi spazio della tua casa. Realizzato a mano in Slovenia, questo portacandele \u00e8 l&#8217;aggiunta perfetta al tuo soggiorno o alla tua cucina, creando una meravigliosa atmosfera accogliente. Goditi un design unico ispirato all&#8217;amore per il legno e la natura.<br \/>\n<\/strong><\/span><\/h2>\n<p>&nbsp;<\/p>\n<div class=\"row\">\n<div class=\"col-sm-6 \" style=\"margin-top: 30px;\"><center><img decoding=\"async\" class=\"lazyload img-responsive\" style=\"margin: 0px auto; max-width: 100%;\" src=\"data:image\/svg+xml,%3Csvg%20xmlns%3D%27http%3A%2F%2Fwww.w3.org%2F2000%2Fsvg%27%20width%3D%271944%27%20height%3D%271943%27%20viewBox%3D%270%200%201944%201943%27%3E%3Crect%20width%3D%271944%27%20height%3D%271943%27%20fill-opacity%3D%220%22%2F%3E%3C%2Fsvg%3E\" data-orig-src=\"https:\/\/pavidecor.si\/wp-content\/uploads\/2022\/10\/1IMG_7316-3.jpg\" \/><\/center><\/div>\n<div class=\"col-sm-6\" style=\"margin-top: 40px;\">\n<p>&nbsp;<\/p>\n<h3>Fatto a mano unico<\/h3>\n<p>Il nostro negozio PAVI DECOR di Lubiana \u00e8 orgoglioso dei suoi prodotti in legno fatti a mano, frutto della nostra competenza e creativit\u00e0. Ogni candelabro \u00e8 unico, poich\u00e9 realizzato con amore e cura, il che <strong>ne garantisce l&#8217;autenticit\u00e0<\/strong>. I \u200b\u200bnostri artigiani utilizzano tecniche tradizionali per l&#8217;assemblaggio delle parti in legno, utilizzate gi\u00e0 dai maestri artigiani di un tempo, che conferiscono ai nostri prodotti un carattere e un fascino speciali.<\/p>\n<p>&nbsp;<\/p>\n<p>Con il nostro candeliere in legno, puoi <strong>arricchire facilmente qualsiasi spazio<\/strong>. Posizionalo su un tavolino da caff\u00e8 o sul bancone della cucina e goditi la piacevole atmosfera che crea. \u00c8 ideale anche per le feste, poich\u00e9 puoi posizionarlo sulla tavola delle feste o usarlo come decorazione per l&#8217;albero di Capodanno.<\/p>\n<p>&nbsp;<\/p>\n<\/div>\n<\/div>\n<div class=\"row\">\n<div class=\"col-sm-6 col-sm-push-6\" style=\"margin-top: 30px;\"><center><img decoding=\"async\" class=\"lazyload img-responsive\" style=\"margin: 0px auto; max-width: 100%;\" src=\"data:image\/svg+xml,%3Csvg%20xmlns%3D%27http%3A%2F%2Fwww.w3.org%2F2000%2Fsvg%27%20width%3D%271831%27%20height%3D%271831%27%20viewBox%3D%270%200%201831%201831%27%3E%3Crect%20width%3D%271831%27%20height%3D%271831%27%20fill-opacity%3D%220%22%2F%3E%3C%2Fsvg%3E\" data-orig-src=\" https:\/\/pavidecor.si\/wp-content\/uploads\/2022\/10\/2IMG_7320-2.jpg\" \/><\/center><\/div>\n<div class=\"col-sm-6 col-sm-pull-6\" style=\"margin-top: 40px;\">\n<p>&nbsp;<\/p>\n<h3>Praticit\u00e0 ed estetica<\/h3>\n<p>Un candeliere in legno non \u00e8 solo un&#8217;aggiunta estetica, ma anche un elemento pratico per la tua casa. La candela inclusa lo rende facile da usare e crea immediatamente <strong>un&#8217;atmosfera piacevole<\/strong>. Che lo utilizziate per la decorazione quotidiana o per le occasioni speciali, il nostro candeliere si adatter\u00e0 perfettamente a qualsiasi spazio.<\/p>\n<p>&nbsp;<\/p>\n<p>Grazie alla sua forma semplice ma elegante, il portacandele si adatta perfettamente a diversi stili di arredamento. Che abbiate uno stile rustico, moderno o classico, il nostro portacandele aggiunger\u00e0 un <strong>tocco di calore e intimit\u00e0<\/strong>. Usatelo come elemento indipendente o abbinatelo ad altri elementi decorativi per creare un&#8217;atmosfera unica.<\/p>\n<p>&nbsp;<\/p>\n<\/div>\n<\/div>\n<div class=\"row\">\n<div class=\"col-sm-6\" style=\"margin-top: 30px;\"><center><img decoding=\"async\" class=\"lazyload img-responsive\" style=\"margin: 0px auto; max-width: 100%;\" src=\"data:image\/svg+xml,%3Csvg%20xmlns%3D%27http%3A%2F%2Fwww.w3.org%2F2000%2Fsvg%27%20width%3D%271954%27%20height%3D%271954%27%20viewBox%3D%270%200%201954%201954%27%3E%3Crect%20width%3D%271954%27%20height%3D%271954%27%20fill-opacity%3D%220%22%2F%3E%3C%2Fsvg%3E\" data-orig-src=\" https:\/\/pavidecor.si\/wp-content\/uploads\/2022\/10\/3IMG_4067-3.jpg\" \/><\/center><\/div>\n<div class=\"col-sm-6\" style=\"margin-top: 40px;\">\n<p>&nbsp;<\/p>\n<h3>Specifiche del prodotto<\/h3>\n<p>Il nostro candeliere in legno \u00e8 realizzato in legno di alta qualit\u00e0, che garantisce una <strong>lunga durata e un aspetto naturale<\/strong>. Ogni candeliere \u00e8 rifinito a mano, il che significa che i dettagli e le finiture sono attentamente studiati. Le dimensioni del candeliere si adattano a diversi spazi, consentendone una facile integrazione nel vostro arredamento.<\/p>\n<p>&nbsp;<\/p>\n<p>Con il nostro candeliere in legno, porterete la natura in casa vostra. Godetevi il suo aspetto unico e la sua funzionalit\u00e0. Ricordate che ogni candeliere \u00e8 unico, il che significa che avrete un <strong>pezzo davvero speciale<\/strong> nella vostra casa.<\/p>\n<\/div>\n<\/div>\n<p>&nbsp;<\/p>\n","protected":false},"excerpt":{"rendered":"<p><strong><span style=\"color: #c4963c;\">\u2192 Artigianato<br \/>\n<\/span><span style=\"color: #c4963c;\">\u2192 Unico<\/span><\/strong><\/p>\n","protected":false},"featured_media":18233,"comment_status":"open","ping_status":"closed","template":"","meta":[],"product_brand":[],"product_cat":[344],"product_tag":[213],"class_list":{"0":"post-18226","1":"product","2":"type-product","3":"status-publish","4":"has-post-thumbnail","6":"product_cat-candelieri","7":"product_tag-nuovo","9":"first","10":"instock","11":"taxable","12":"shipping-taxable","13":"purchasable","14":"product-type-simple"},"yoast_head":"<!-- This site is optimized with the Yoast SEO plugin v27.2 - https:\/\/yoast.com\/product\/yoast-seo-wordpress\/ -->\n<title>Candeliere in legno PAVI DECOR - Porta la natura a casa tua<\/title>\n<meta name=\"description\" content=\"Un candeliere in legno dal design semplice con un tocco di rusticit\u00e0 porta un senso di natura nella tua casa e quindi evoca una meravigliosa atmosfera.\" \/>\n<meta name=\"robots\" content=\"index, follow, max-snippet:-1, max-image-preview:large, max-video-preview:-1\" \/>\n<link rel=\"canonical\" href=\"https:\/\/pavidecor.si\/it\/prodotto\/candeliere-in-legno-bianco-6x6x7cm\/\" \/>\n<meta property=\"og:locale\" content=\"it_IT\" \/>\n<meta property=\"og:type\" content=\"article\" \/>\n<meta property=\"og:title\" content=\"Candeliere in legno PAVI DECOR - Porta la natura a casa tua\" \/>\n<meta property=\"og:description\" content=\"Un candeliere in legno dal design semplice con un tocco di rusticit\u00e0 porta un senso di natura nella tua casa e quindi evoca una meravigliosa atmosfera.\" \/>\n<meta property=\"og:url\" content=\"https:\/\/pavidecor.si\/it\/prodotto\/candeliere-in-legno-bianco-6x6x7cm\/\" \/>\n<meta property=\"og:site_name\" content=\"Pavi Decor\" \/>\n<meta property=\"article:modified_time\" content=\"2026-05-12T21:25:48+00:00\" \/>\n<meta property=\"og:image\" content=\"https:\/\/pavidecor.si\/wp-content\/uploads\/2022\/10\/1IMG_7316-3.jpg\" \/>\n\t<meta property=\"og:image:width\" content=\"1944\" \/>\n\t<meta property=\"og:image:height\" content=\"1943\" \/>\n\t<meta property=\"og:image:type\" content=\"image\/jpeg\" \/>\n<meta name=\"twitter:card\" content=\"summary_large_image\" \/>\n<meta name=\"twitter:label1\" content=\"Tempo di lettura stimato\" \/>\n\t<meta name=\"twitter:data1\" content=\"3 minuti\" \/>\n<script type=\"application\/ld+json\" class=\"yoast-schema-graph\">{\"@context\":\"https:\/\/schema.org\",\"@graph\":[{\"@type\":\"WebPage\",\"@id\":\"https:\/\/pavidecor.si\/it\/prodotto\/candeliere-in-legno-bianco-6x6x7cm\/\",\"url\":\"https:\/\/pavidecor.si\/it\/prodotto\/candeliere-in-legno-bianco-6x6x7cm\/\",\"name\":\"Candeliere in legno PAVI DECOR - Porta la natura a casa tua\",\"isPartOf\":{\"@id\":\"https:\/\/pavidecor.si\/it\/#website\"},\"primaryImageOfPage\":{\"@id\":\"https:\/\/pavidecor.si\/it\/prodotto\/candeliere-in-legno-bianco-6x6x7cm\/#primaryimage\"},\"image\":{\"@id\":\"https:\/\/pavidecor.si\/it\/prodotto\/candeliere-in-legno-bianco-6x6x7cm\/#primaryimage\"},\"thumbnailUrl\":\"https:\/\/pavidecor.si\/wp-content\/uploads\/2022\/10\/1IMG_7316-3.jpg\",\"datePublished\":\"2022-10-24T09:46:47+00:00\",\"dateModified\":\"2026-05-12T21:25:48+00:00\",\"description\":\"Un candeliere in legno dal design semplice con un tocco di rusticit\u00e0 porta un senso di natura nella tua casa e quindi evoca una meravigliosa atmosfera.\",\"breadcrumb\":{\"@id\":\"https:\/\/pavidecor.si\/it\/prodotto\/candeliere-in-legno-bianco-6x6x7cm\/#breadcrumb\"},\"inLanguage\":\"it-IT\",\"potentialAction\":[{\"@type\":\"ReadAction\",\"target\":[\"https:\/\/pavidecor.si\/it\/prodotto\/candeliere-in-legno-bianco-6x6x7cm\/\"]}]},{\"@type\":\"ImageObject\",\"inLanguage\":\"it-IT\",\"@id\":\"https:\/\/pavidecor.si\/it\/prodotto\/candeliere-in-legno-bianco-6x6x7cm\/#primaryimage\",\"url\":\"https:\/\/pavidecor.si\/wp-content\/uploads\/2022\/10\/1IMG_7316-3.jpg\",\"contentUrl\":\"https:\/\/pavidecor.si\/wp-content\/uploads\/2022\/10\/1IMG_7316-3.jpg\",\"width\":1944,\"height\":1943,\"caption\":\"PAVI DECOR\"},{\"@type\":\"BreadcrumbList\",\"@id\":\"https:\/\/pavidecor.si\/it\/prodotto\/candeliere-in-legno-bianco-6x6x7cm\/#breadcrumb\",\"itemListElement\":[{\"@type\":\"ListItem\",\"position\":1,\"name\":\"Domov\",\"item\":\"https:\/\/pavidecor.si\/it\/\"},{\"@type\":\"ListItem\",\"position\":2,\"name\":\"Negozio online\",\"item\":\"https:\/\/pavidecor.si\/it\/negozio-online\/\"},{\"@type\":\"ListItem\",\"position\":3,\"name\":\"Candeliere in legno bianco 6x6x7cm\"}]},{\"@type\":\"WebSite\",\"@id\":\"https:\/\/pavidecor.si\/it\/#website\",\"url\":\"https:\/\/pavidecor.si\/it\/\",\"name\":\"Pavi Decor\",\"description\":\"Leseni unikati ustvarjeni iz ljubezni do lesa in narave.\",\"potentialAction\":[{\"@type\":\"SearchAction\",\"target\":{\"@type\":\"EntryPoint\",\"urlTemplate\":\"https:\/\/pavidecor.si\/it\/?s={search_term_string}\"},\"query-input\":{\"@type\":\"PropertyValueSpecification\",\"valueRequired\":true,\"valueName\":\"search_term_string\"}}],\"inLanguage\":\"it-IT\"}]}<\/script>\n<!-- \/ Yoast SEO plugin. -->","yoast_head_json":{"title":"Candeliere in legno PAVI DECOR - Porta la natura a casa tua","description":"Un candeliere in legno dal design semplice con un tocco di rusticit\u00e0 porta un senso di natura nella tua casa e quindi evoca una meravigliosa atmosfera.","robots":{"index":"index","follow":"follow","max-snippet":"max-snippet:-1","max-image-preview":"max-image-preview:large","max-video-preview":"max-video-preview:-1"},"canonical":"https:\/\/pavidecor.si\/it\/prodotto\/candeliere-in-legno-bianco-6x6x7cm\/","og_locale":"it_IT","og_type":"article","og_title":"Candeliere in legno PAVI DECOR - Porta la natura a casa tua","og_description":"Un candeliere in legno dal design semplice con un tocco di rusticit\u00e0 porta un senso di natura nella tua casa e quindi evoca una meravigliosa atmosfera.","og_url":"https:\/\/pavidecor.si\/it\/prodotto\/candeliere-in-legno-bianco-6x6x7cm\/","og_site_name":"Pavi Decor","article_modified_time":"2026-05-12T21:25:48+00:00","og_image":[{"width":1944,"height":1943,"url":"https:\/\/pavidecor.si\/wp-content\/uploads\/2022\/10\/1IMG_7316-3.jpg","type":"image\/jpeg"}],"twitter_card":"summary_large_image","twitter_misc":{"Tempo di lettura stimato":"3 minuti"},"schema":{"@context":"https:\/\/schema.org","@graph":[{"@type":"WebPage","@id":"https:\/\/pavidecor.si\/it\/prodotto\/candeliere-in-legno-bianco-6x6x7cm\/","url":"https:\/\/pavidecor.si\/it\/prodotto\/candeliere-in-legno-bianco-6x6x7cm\/","name":"Candeliere in legno PAVI DECOR - Porta la natura a casa tua","isPartOf":{"@id":"https:\/\/pavidecor.si\/it\/#website"},"primaryImageOfPage":{"@id":"https:\/\/pavidecor.si\/it\/prodotto\/candeliere-in-legno-bianco-6x6x7cm\/#primaryimage"},"image":{"@id":"https:\/\/pavidecor.si\/it\/prodotto\/candeliere-in-legno-bianco-6x6x7cm\/#primaryimage"},"thumbnailUrl":"https:\/\/pavidecor.si\/wp-content\/uploads\/2022\/10\/1IMG_7316-3.jpg","datePublished":"2022-10-24T09:46:47+00:00","dateModified":"2026-05-12T21:25:48+00:00","description":"Un candeliere in legno dal design semplice con un tocco di rusticit\u00e0 porta un senso di natura nella tua casa e quindi evoca una meravigliosa atmosfera.","breadcrumb":{"@id":"https:\/\/pavidecor.si\/it\/prodotto\/candeliere-in-legno-bianco-6x6x7cm\/#breadcrumb"},"inLanguage":"it-IT","potentialAction":[{"@type":"ReadAction","target":["https:\/\/pavidecor.si\/it\/prodotto\/candeliere-in-legno-bianco-6x6x7cm\/"]}]},{"@type":"ImageObject","inLanguage":"it-IT","@id":"https:\/\/pavidecor.si\/it\/prodotto\/candeliere-in-legno-bianco-6x6x7cm\/#primaryimage","url":"https:\/\/pavidecor.si\/wp-content\/uploads\/2022\/10\/1IMG_7316-3.jpg","contentUrl":"https:\/\/pavidecor.si\/wp-content\/uploads\/2022\/10\/1IMG_7316-3.jpg","width":1944,"height":1943,"caption":"PAVI DECOR"},{"@type":"BreadcrumbList","@id":"https:\/\/pavidecor.si\/it\/prodotto\/candeliere-in-legno-bianco-6x6x7cm\/#breadcrumb","itemListElement":[{"@type":"ListItem","position":1,"name":"Domov","item":"https:\/\/pavidecor.si\/it\/"},{"@type":"ListItem","position":2,"name":"Negozio online","item":"https:\/\/pavidecor.si\/it\/negozio-online\/"},{"@type":"ListItem","position":3,"name":"Candeliere in legno bianco 6x6x7cm"}]},{"@type":"WebSite","@id":"https:\/\/pavidecor.si\/it\/#website","url":"https:\/\/pavidecor.si\/it\/","name":"Pavi Decor","description":"Leseni unikati ustvarjeni iz ljubezni do lesa in narave.","potentialAction":[{"@type":"SearchAction","target":{"@type":"EntryPoint","urlTemplate":"https:\/\/pavidecor.si\/it\/?s={search_term_string}"},"query-input":{"@type":"PropertyValueSpecification","valueRequired":true,"valueName":"search_term_string"}}],"inLanguage":"it-IT"}]}},"_links":{"self":[{"href":"https:\/\/pavidecor.si\/it\/wp-json\/wp\/v2\/product\/18226","targetHints":{"allow":["GET"]}}],"collection":[{"href":"https:\/\/pavidecor.si\/it\/wp-json\/wp\/v2\/product"}],"about":[{"href":"https:\/\/pavidecor.si\/it\/wp-json\/wp\/v2\/types\/product"}],"replies":[{"embeddable":true,"href":"https:\/\/pavidecor.si\/it\/wp-json\/wp\/v2\/comments?post=18226"}],"wp:featuredmedia":[{"embeddable":true,"href":"https:\/\/pavidecor.si\/it\/wp-json\/wp\/v2\/media\/18233"}],"wp:attachment":[{"href":"https:\/\/pavidecor.si\/it\/wp-json\/wp\/v2\/media?parent=18226"}],"wp:term":[{"taxonomy":"product_brand","embeddable":true,"href":"https:\/\/pavidecor.si\/it\/wp-json\/wp\/v2\/product_brand?post=18226"},{"taxonomy":"product_cat","embeddable":true,"href":"https:\/\/pavidecor.si\/it\/wp-json\/wp\/v2\/product_cat?post=18226"},{"taxonomy":"product_tag","embeddable":true,"href":"https:\/\/pavidecor.si\/it\/wp-json\/wp\/v2\/product_tag?post=18226"}],"curies":[{"name":"wp","href":"https:\/\/api.w.org\/{rel}","templated":true}]}}