	{"id":18112,"date":"2022-10-27T10:41:10","date_gmt":"2022-10-27T10:41:10","guid":{"rendered":"https:\/\/pavidecor.si\/product\/coloranti-in-una-faretra-pd\/"},"modified":"2026-04-21T21:02:23","modified_gmt":"2026-04-21T21:02:23","slug":"pastelli-in-tubetto-pd","status":"publish","type":"product","link":"https:\/\/pavidecor.si\/it\/prodotto\/pastelli-in-tubetto-pd\/","title":{"rendered":"Pastelli in tubetto PD"},"content":{"rendered":"<p>Pastelli in tubetto &#8211; Crea la tua opera d&#8217;arte ovunque<\/p>\n<p>&nbsp;<\/p>\n<h2><span class=\"odebeljenopis\"><strong><br \/>\nScopri il nostro esclusivo set di pastelli in un pratico astuccio che potrai portare sempre con te. Questo prodotto \u00e8 ideale per artisti di tutte le et\u00e0, poich\u00e9 consente di disegnare e fare schizzi facilmente anche in movimento. Grazie all&#8217;amore per il legno e la natura, PAVI DECOR di Lubiana offre prodotti fatti a mano che uniscono tradizione e modernit\u00e0. <\/strong><\/span><\/h2>\n<div class=\"row\">\n<div class=\"col-sm-6 \" style=\"margin-top: 30px;\"><center><img decoding=\"async\" class=\"lazyload img-responsive\" style=\"margin: 0px auto; max-width: 100%;\" src=\"data:image\/svg+xml,%3Csvg%20xmlns%3D%27http%3A%2F%2Fwww.w3.org%2F2000%2Fsvg%27%20width%3D%271948%27%20height%3D%271949%27%20viewBox%3D%270%200%201948%201949%27%3E%3Crect%20width%3D%271948%27%20height%3D%271949%27%20fill-opacity%3D%220%22%2F%3E%3C%2Fsvg%3E\" data-orig-src=\"https:\/\/pavidecor.si\/wp-content\/uploads\/2022\/10\/1IMG_7367-2.jpg\" \/><\/center><\/div>\n<div class=\"col-sm-6\" style=\"margin-top: 40px;\">\n<p>&nbsp;<\/p>\n<h3>Praticit\u00e0 e comfort<\/h3>\n<p>Il nostro set di pastelli in tubetto \u00e8 stato progettato pensando alla praticit\u00e0. Contiene sei pastelli, sei pastelli a cera e un temperino, il che significa che avrai tutto ci\u00f2 che ti serve per creare a portata di mano. La fondina \u00e8 compatta e leggera, quindi \u00e8 facile da trasportare, sia che tu sia in viaggio, sul campo o in sala d&#8217;attesa.<\/p>\n<p>&nbsp;<\/p>\n<p>Grazie al suo design pratico, questo set \u00e8 ideale per bambini e adulti che desiderano esprimere la propria creativit\u00e0 ovunque e in <strong>qualsiasi momento<\/strong>. I pastelli sono ottimi per disegnare, fare schizzi e creare opere d&#8217;arte, consentendoti di dare libero sfogo alla tua immaginazione.<\/p>\n<p>&nbsp;<\/p>\n<\/div>\n<\/div>\n<div class=\"row\">\n<div class=\"col-sm-6 col-sm-push-6\" style=\"margin-top: 30px;\"><center><img decoding=\"async\" class=\"lazyload img-responsive\" style=\"margin: 0px auto; max-width: 100%;\" src=\"data:image\/svg+xml,%3Csvg%20xmlns%3D%27http%3A%2F%2Fwww.w3.org%2F2000%2Fsvg%27%20width%3D%272000%27%20height%3D%271999%27%20viewBox%3D%270%200%202000%201999%27%3E%3Crect%20width%3D%272000%27%20height%3D%271999%27%20fill-opacity%3D%220%22%2F%3E%3C%2Fsvg%3E\" data-orig-src=\" https:\/\/pavidecor.si\/wp-content\/uploads\/2022\/10\/2IMG_7364-2.jpg\" \/><\/center><\/div>\n<div class=\"col-sm-6 col-sm-pull-6\" style=\"margin-top: 40px;\">\n<p>&nbsp;<\/p>\n<h3>Unico fatto a mano<\/h3>\n<p>Noi di PAVI DECOR crediamo nel potere del fatto a mano. I nostri prodotti sono il frutto della nostra conoscenza e creativit\u00e0, il che significa che ogni pezzo porta con s\u00e9 un po&#8217; della nostra passione per il legno. La lavorazione artigianale garantisce che i nostri prodotti siano unici e autentici.<\/p>\n<p>&nbsp;<\/p>\n<p>Ci\u00f2 che rende speciali i nostri prodotti \u00e8 il fatto che sono realizzati con i dettagli dell&#8217;unione delle parti in legno, proprio come facevano i vecchi maestri. Questa tecnica tradizionale conferisce ai nostri prodotti un <strong>carattere e un aspetto speciali<\/strong> che non troverete da nessun&#8217;altra parte. Ogni prodotto \u00e8 realizzato con cura in Slovenia, garantendo elevata qualit\u00e0 e durata.<\/p>\n<p>&nbsp;<\/p>\n<\/div>\n<\/div>\n<div class=\"row\">\n<div class=\"col-sm-6\" style=\"margin-top: 30px;\"><center><img decoding=\"async\" class=\"lazyload img-responsive\" style=\"margin: 0px auto; max-width: 100%;\" src=\"data:image\/svg+xml,%3Csvg%20xmlns%3D%27http%3A%2F%2Fwww.w3.org%2F2000%2Fsvg%27%20width%3D%271656%27%20height%3D%271655%27%20viewBox%3D%270%200%201656%201655%27%3E%3Crect%20width%3D%271656%27%20height%3D%271655%27%20fill-opacity%3D%220%22%2F%3E%3C%2Fsvg%3E\" data-orig-src=\" https:\/\/pavidecor.si\/wp-content\/uploads\/2022\/10\/3IMG_7353-2.jpg\" \/><\/center><\/div>\n<div class=\"col-sm-6\" style=\"margin-top: 40px;\">\n<p>&nbsp;<\/p>\n<h3>Il regalo perfetto per ogni occasione<\/h3>\n<p>I pastelli in tubetto non sono solo pratici, ma rappresentano anche un&#8217;ottima scelta come regalo. Sulla manica \u00e8 stampato il logo del drago di Lubiana, che aggiunge ulteriore valore e simbolismo. Sono ideali per compleanni, feste o come sorpresa per giovani artisti.<\/p>\n<p>&nbsp;<\/p>\n<p>Con il nostro set di pastelli a cera, stupirai sicuramente chiunque ami creare. Che si tratti di disegnare, fare schizzi o semplicemente divertirsi, questo prodotto offre <strong>infinite possibilit\u00e0<\/strong>. Unisciti a noi al PAVI DECOR e scopri come arricchire i tuoi momenti creativi con i nostri prodotti unici.<\/p>\n<\/div>\n<\/div>\n<p>&nbsp;<\/p>\n","protected":false},"excerpt":{"rendered":"<p><strong><span style=\"color: #c4963c;\">\u2192 Kit leggero e maneggevole<\/span><\/strong><br \/>\n<strong><span style=\"color: #c4963c;\">\u2192 Logo del Drago di Lubiana<\/span><\/strong><\/p>\n","protected":false},"featured_media":18115,"comment_status":"open","ping_status":"closed","template":"","meta":[],"product_brand":[],"product_cat":[303,275],"product_tag":[213],"class_list":{"0":"post-18112","1":"product","2":"type-product","3":"status-publish","4":"has-post-thumbnail","6":"product_cat-forniture-creative","7":"product_cat-souvenir-della-citta-di-lubiana","8":"product_tag-nuovo","10":"first","11":"outofstock","12":"taxable","13":"shipping-taxable","14":"purchasable","15":"product-type-simple"},"yoast_head":"<!-- This site is optimized with the Yoast SEO plugin v27.2 - https:\/\/yoast.com\/product\/yoast-seo-wordpress\/ -->\n<title>Pastelli in tubetto PD - Crea la tua opera d&#039;arte ovunque<\/title>\n<meta name=\"description\" content=\"Puoi sempre portare con te i pastelli in un tubetto, conservati in modo sicuro. Il set comprende sei pastelli, sei pastelli a cera e un temperino.\" \/>\n<meta name=\"robots\" content=\"index, follow, max-snippet:-1, max-image-preview:large, max-video-preview:-1\" \/>\n<link rel=\"canonical\" href=\"https:\/\/pavidecor.si\/it\/prodotto\/pastelli-in-tubetto-pd\/\" \/>\n<meta property=\"og:locale\" content=\"it_IT\" \/>\n<meta property=\"og:type\" content=\"article\" \/>\n<meta property=\"og:title\" content=\"Pastelli in tubetto PD - Crea la tua opera d&#039;arte ovunque\" \/>\n<meta property=\"og:description\" content=\"Puoi sempre portare con te i pastelli in un tubetto, conservati in modo sicuro. Il set comprende sei pastelli, sei pastelli a cera e un temperino.\" \/>\n<meta property=\"og:url\" content=\"https:\/\/pavidecor.si\/it\/prodotto\/pastelli-in-tubetto-pd\/\" \/>\n<meta property=\"og:site_name\" content=\"Pavi Decor\" \/>\n<meta property=\"article:modified_time\" content=\"2026-04-21T21:02:23+00:00\" \/>\n<meta property=\"og:image\" content=\"https:\/\/pavidecor.si\/wp-content\/uploads\/2022\/10\/1IMG_7367-2.jpg\" \/>\n\t<meta property=\"og:image:width\" content=\"1948\" \/>\n\t<meta property=\"og:image:height\" content=\"1949\" \/>\n\t<meta property=\"og:image:type\" content=\"image\/jpeg\" \/>\n<meta name=\"twitter:card\" content=\"summary_large_image\" \/>\n<meta name=\"twitter:label1\" content=\"Tempo di lettura stimato\" \/>\n\t<meta name=\"twitter:data1\" content=\"3 minuti\" \/>\n<script type=\"application\/ld+json\" class=\"yoast-schema-graph\">{\"@context\":\"https:\/\/schema.org\",\"@graph\":[{\"@type\":\"WebPage\",\"@id\":\"https:\/\/pavidecor.si\/it\/prodotto\/pastelli-in-tubetto-pd\/\",\"url\":\"https:\/\/pavidecor.si\/it\/prodotto\/pastelli-in-tubetto-pd\/\",\"name\":\"Pastelli in tubetto PD - Crea la tua opera d'arte ovunque\",\"isPartOf\":{\"@id\":\"https:\/\/pavidecor.si\/it\/#website\"},\"primaryImageOfPage\":{\"@id\":\"https:\/\/pavidecor.si\/it\/prodotto\/pastelli-in-tubetto-pd\/#primaryimage\"},\"image\":{\"@id\":\"https:\/\/pavidecor.si\/it\/prodotto\/pastelli-in-tubetto-pd\/#primaryimage\"},\"thumbnailUrl\":\"https:\/\/pavidecor.si\/wp-content\/uploads\/2022\/10\/1IMG_7367-2.jpg\",\"datePublished\":\"2022-10-27T10:41:10+00:00\",\"dateModified\":\"2026-04-21T21:02:23+00:00\",\"description\":\"Puoi sempre portare con te i pastelli in un tubetto, conservati in modo sicuro. Il set comprende sei pastelli, sei pastelli a cera e un temperino.\",\"breadcrumb\":{\"@id\":\"https:\/\/pavidecor.si\/it\/prodotto\/pastelli-in-tubetto-pd\/#breadcrumb\"},\"inLanguage\":\"it-IT\",\"potentialAction\":[{\"@type\":\"ReadAction\",\"target\":[\"https:\/\/pavidecor.si\/it\/prodotto\/pastelli-in-tubetto-pd\/\"]}]},{\"@type\":\"ImageObject\",\"inLanguage\":\"it-IT\",\"@id\":\"https:\/\/pavidecor.si\/it\/prodotto\/pastelli-in-tubetto-pd\/#primaryimage\",\"url\":\"https:\/\/pavidecor.si\/wp-content\/uploads\/2022\/10\/1IMG_7367-2.jpg\",\"contentUrl\":\"https:\/\/pavidecor.si\/wp-content\/uploads\/2022\/10\/1IMG_7367-2.jpg\",\"width\":1948,\"height\":1949,\"caption\":\"PAVI DECOR\"},{\"@type\":\"BreadcrumbList\",\"@id\":\"https:\/\/pavidecor.si\/it\/prodotto\/pastelli-in-tubetto-pd\/#breadcrumb\",\"itemListElement\":[{\"@type\":\"ListItem\",\"position\":1,\"name\":\"Domov\",\"item\":\"https:\/\/pavidecor.si\/it\/\"},{\"@type\":\"ListItem\",\"position\":2,\"name\":\"Negozio online\",\"item\":\"https:\/\/pavidecor.si\/it\/negozio-online\/\"},{\"@type\":\"ListItem\",\"position\":3,\"name\":\"Pastelli in tubetto PD\"}]},{\"@type\":\"WebSite\",\"@id\":\"https:\/\/pavidecor.si\/it\/#website\",\"url\":\"https:\/\/pavidecor.si\/it\/\",\"name\":\"Pavi Decor\",\"description\":\"Leseni unikati ustvarjeni iz ljubezni do lesa in narave.\",\"potentialAction\":[{\"@type\":\"SearchAction\",\"target\":{\"@type\":\"EntryPoint\",\"urlTemplate\":\"https:\/\/pavidecor.si\/it\/?s={search_term_string}\"},\"query-input\":{\"@type\":\"PropertyValueSpecification\",\"valueRequired\":true,\"valueName\":\"search_term_string\"}}],\"inLanguage\":\"it-IT\"}]}<\/script>\n<!-- \/ Yoast SEO plugin. -->","yoast_head_json":{"title":"Pastelli in tubetto PD - Crea la tua opera d'arte ovunque","description":"Puoi sempre portare con te i pastelli in un tubetto, conservati in modo sicuro. Il set comprende sei pastelli, sei pastelli a cera e un temperino.","robots":{"index":"index","follow":"follow","max-snippet":"max-snippet:-1","max-image-preview":"max-image-preview:large","max-video-preview":"max-video-preview:-1"},"canonical":"https:\/\/pavidecor.si\/it\/prodotto\/pastelli-in-tubetto-pd\/","og_locale":"it_IT","og_type":"article","og_title":"Pastelli in tubetto PD - Crea la tua opera d'arte ovunque","og_description":"Puoi sempre portare con te i pastelli in un tubetto, conservati in modo sicuro. Il set comprende sei pastelli, sei pastelli a cera e un temperino.","og_url":"https:\/\/pavidecor.si\/it\/prodotto\/pastelli-in-tubetto-pd\/","og_site_name":"Pavi Decor","article_modified_time":"2026-04-21T21:02:23+00:00","og_image":[{"width":1948,"height":1949,"url":"https:\/\/pavidecor.si\/wp-content\/uploads\/2022\/10\/1IMG_7367-2.jpg","type":"image\/jpeg"}],"twitter_card":"summary_large_image","twitter_misc":{"Tempo di lettura stimato":"3 minuti"},"schema":{"@context":"https:\/\/schema.org","@graph":[{"@type":"WebPage","@id":"https:\/\/pavidecor.si\/it\/prodotto\/pastelli-in-tubetto-pd\/","url":"https:\/\/pavidecor.si\/it\/prodotto\/pastelli-in-tubetto-pd\/","name":"Pastelli in tubetto PD - Crea la tua opera d'arte ovunque","isPartOf":{"@id":"https:\/\/pavidecor.si\/it\/#website"},"primaryImageOfPage":{"@id":"https:\/\/pavidecor.si\/it\/prodotto\/pastelli-in-tubetto-pd\/#primaryimage"},"image":{"@id":"https:\/\/pavidecor.si\/it\/prodotto\/pastelli-in-tubetto-pd\/#primaryimage"},"thumbnailUrl":"https:\/\/pavidecor.si\/wp-content\/uploads\/2022\/10\/1IMG_7367-2.jpg","datePublished":"2022-10-27T10:41:10+00:00","dateModified":"2026-04-21T21:02:23+00:00","description":"Puoi sempre portare con te i pastelli in un tubetto, conservati in modo sicuro. Il set comprende sei pastelli, sei pastelli a cera e un temperino.","breadcrumb":{"@id":"https:\/\/pavidecor.si\/it\/prodotto\/pastelli-in-tubetto-pd\/#breadcrumb"},"inLanguage":"it-IT","potentialAction":[{"@type":"ReadAction","target":["https:\/\/pavidecor.si\/it\/prodotto\/pastelli-in-tubetto-pd\/"]}]},{"@type":"ImageObject","inLanguage":"it-IT","@id":"https:\/\/pavidecor.si\/it\/prodotto\/pastelli-in-tubetto-pd\/#primaryimage","url":"https:\/\/pavidecor.si\/wp-content\/uploads\/2022\/10\/1IMG_7367-2.jpg","contentUrl":"https:\/\/pavidecor.si\/wp-content\/uploads\/2022\/10\/1IMG_7367-2.jpg","width":1948,"height":1949,"caption":"PAVI DECOR"},{"@type":"BreadcrumbList","@id":"https:\/\/pavidecor.si\/it\/prodotto\/pastelli-in-tubetto-pd\/#breadcrumb","itemListElement":[{"@type":"ListItem","position":1,"name":"Domov","item":"https:\/\/pavidecor.si\/it\/"},{"@type":"ListItem","position":2,"name":"Negozio online","item":"https:\/\/pavidecor.si\/it\/negozio-online\/"},{"@type":"ListItem","position":3,"name":"Pastelli in tubetto PD"}]},{"@type":"WebSite","@id":"https:\/\/pavidecor.si\/it\/#website","url":"https:\/\/pavidecor.si\/it\/","name":"Pavi Decor","description":"Leseni unikati ustvarjeni iz ljubezni do lesa in narave.","potentialAction":[{"@type":"SearchAction","target":{"@type":"EntryPoint","urlTemplate":"https:\/\/pavidecor.si\/it\/?s={search_term_string}"},"query-input":{"@type":"PropertyValueSpecification","valueRequired":true,"valueName":"search_term_string"}}],"inLanguage":"it-IT"}]}},"_links":{"self":[{"href":"https:\/\/pavidecor.si\/it\/wp-json\/wp\/v2\/product\/18112","targetHints":{"allow":["GET"]}}],"collection":[{"href":"https:\/\/pavidecor.si\/it\/wp-json\/wp\/v2\/product"}],"about":[{"href":"https:\/\/pavidecor.si\/it\/wp-json\/wp\/v2\/types\/product"}],"replies":[{"embeddable":true,"href":"https:\/\/pavidecor.si\/it\/wp-json\/wp\/v2\/comments?post=18112"}],"wp:featuredmedia":[{"embeddable":true,"href":"https:\/\/pavidecor.si\/it\/wp-json\/wp\/v2\/media\/18115"}],"wp:attachment":[{"href":"https:\/\/pavidecor.si\/it\/wp-json\/wp\/v2\/media?parent=18112"}],"wp:term":[{"taxonomy":"product_brand","embeddable":true,"href":"https:\/\/pavidecor.si\/it\/wp-json\/wp\/v2\/product_brand?post=18112"},{"taxonomy":"product_cat","embeddable":true,"href":"https:\/\/pavidecor.si\/it\/wp-json\/wp\/v2\/product_cat?post=18112"},{"taxonomy":"product_tag","embeddable":true,"href":"https:\/\/pavidecor.si\/it\/wp-json\/wp\/v2\/product_tag?post=18112"}],"curies":[{"name":"wp","href":"https:\/\/api.w.org\/{rel}","templated":true}]}}