	{"id":17922,"date":"2022-11-10T11:49:46","date_gmt":"2022-11-10T11:49:46","guid":{"rendered":"https:\/\/pavidecor.si\/product\/albero-di-natale-di-capodanno-ana-bianco-rustico-72x32x18cm\/"},"modified":"2026-05-12T23:04:39","modified_gmt":"2026-05-12T23:04:39","slug":"albero-di-natale-di-capodanno-ana-bianco-rustico-72x32x18cm","status":"publish","type":"product","link":"https:\/\/pavidecor.si\/it\/prodotto\/albero-di-natale-di-capodanno-ana-bianco-rustico-72x32x18cm\/","title":{"rendered":"Albero di Natale Ana bianco rustico 72x32x18cm"},"content":{"rendered":"<p><span class=\"prvimanjsinaslovopis\"> Albero di Natale Ana &#8211; Porta un pezzo di natura a casa tua<\/span><\/p>\n<p>&nbsp;<\/p>\n<h2><span class=\"odebeljenopis\"><strong><br \/>\nL&#8217;abete di Capodanno Ana \u00e8 un accessorio unico che porta un&#8217;eleganza semplice e una bellezza naturale in ogni stanza. Realizzato in legno di qualit\u00e0, questo abete unico nel suo genere \u00e8 completamente naturale e di facile manutenzione. \u00c8 ideale per soggiorni domestici, locali commerciali o ambienti pi\u00f9 piccoli, dove creer\u00e0 una piacevole atmosfera festosa con la sua presenza.<\/strong><\/span><\/h2>\n<p>&nbsp;<\/p>\n<div class=\"row\">\n<div class=\"col-sm-6 \" style=\"margin-top: 30px;\"><center><img decoding=\"async\" class=\"lazyload img-responsive\" style=\"margin: 0px auto; max-width: 100%;\" src=\"data:image\/svg+xml,%3Csvg%20xmlns%3D%27http%3A%2F%2Fwww.w3.org%2F2000%2Fsvg%27%20width%3D%272560%27%20height%3D%272560%27%20viewBox%3D%270%200%202560%202560%27%3E%3Crect%20width%3D%272560%27%20height%3D%272560%27%20fill-opacity%3D%220%22%2F%3E%3C%2Fsvg%3E\" data-orig-src=\"https:\/\/pavidecor.si\/wp-content\/uploads\/2022\/03\/Novoletna-jelka-bela-enostavna-No.1283-1-scaled.jpg\" \/><\/center><\/div>\n<div class=\"col-sm-6\" style=\"margin-top: 40px;\">\n<p>&nbsp;<\/p>\n<h3>Unico fatto a mano<\/h3>\n<p>L&#8217;a<span class=\"prvimanjsinaslovopis\">lbero di Natale<\/span> Ana \u00e8 il risultato della passione e dell&#8217;amore per il legno, che coltiviamo nel nostro negozio PAVI DECOR a Lubiana. Tutti i nostri prodotti sono il risultato della nostra conoscenza e creativit\u00e0, il che significa che ogni albero \u00e8 unico. Le tecniche artigianali\u00a0di giunzione delle parti utilizzate dagli antichi maestri garantiscono un <strong>aspetto autentico e una lunga durata<\/strong>. Il nostro albero non solo \u00e8 bello da vedere, ma \u00e8 anche un simbolo di rispetto per la natura.<\/p>\n<p>&nbsp;<\/p>\n<p>Utilizzando materiali naturali e dettagli accuratamente selezionati, l&#8217;a<span class=\"prvimanjsinaslovopis\">lbero di Natale<\/span> Ana \u00e8 progettato per adattarsi a diversi stili di interior design. Il suo design bianco rustico \u00e8 particolarmente adatto ad <strong>ambienti shabby chic<\/strong>. Si abbina facilmente alle decorazioni esistenti. Con questo prodotto, porterai un pezzo di natura nella tua casa che incanter\u00e0 te e i tuoi ospiti.<\/p>\n<p>&nbsp;<\/p>\n<\/div>\n<\/div>\n<div class=\"row\">\n<div class=\"col-sm-6 col-sm-push-6\" style=\"margin-top: 30px;\"><center><img decoding=\"async\" class=\"lazyload img-responsive\" style=\"margin: 0px auto; max-width: 100%;\" src=\"data:image\/svg+xml,%3Csvg%20xmlns%3D%27http%3A%2F%2Fwww.w3.org%2F2000%2Fsvg%27%20width%3D%272396%27%20height%3D%272396%27%20viewBox%3D%270%200%202396%202396%27%3E%3Crect%20width%3D%272396%27%20height%3D%272396%27%20fill-opacity%3D%220%22%2F%3E%3C%2Fsvg%3E\" data-orig-src=\"https:\/\/pavidecor.si\/wp-content\/uploads\/2022\/03\/Novoletna-jelka-bela-enostavna-No.1283-2-2.jpg\" \/><\/center><\/div>\n<div class=\"col-sm-6 col-sm-pull-6\" style=\"margin-top: 40px;\">\n<p>&nbsp;<\/p>\n<h3>Praticit\u00e0 e facilit\u00e0 di manutenzione<\/h3>\n<p>Uno dei principali vantaggi dell&#8217;abete di Capodanno \u00e8 la sua <b>mancanza di pretese per la manutenzione<\/b>. Non contiene aghi che potrebbero cadere o parti flessibili che potrebbero danneggiarsi. Pertanto, \u00e8 la scelta ideale per chi desidera un&#8217;atmosfera spensierata in vacanza. Basta posizionarlo nel tuo spazio e goderti il suo fascino senza alcun lavoro extra.<\/p>\n<p>&nbsp;<\/p>\n<p>Oltre al fatto che l&#8217;abete \u00e8 di facile manutenzione, <strong>occupa anche pochissimo spazio<\/strong>. Ci\u00f2 significa che \u00e8 adatto anche per stanze pi\u00f9 piccole dove normalmente avresti problemi a installare un albero di Natale naturale. Con l&#8217;abete Ana, potrai goderti l&#8217;atmosfera festosa senza doverti preoccupare dello spazio.<\/p>\n<p>&nbsp;<\/p>\n<\/div>\n<\/div>\n<div class=\"row\">\n<div class=\"col-sm-6\" style=\"margin-top: 30px;\"><center><img decoding=\"async\" class=\"lazyload img-responsive\" style=\"margin: 0px auto; max-width: 100%;\" src=\"data:image\/svg+xml,%3Csvg%20xmlns%3D%27http%3A%2F%2Fwww.w3.org%2F2000%2Fsvg%27%20width%3D%272560%27%20height%3D%272560%27%20viewBox%3D%270%200%202560%202560%27%3E%3Crect%20width%3D%272560%27%20height%3D%272560%27%20fill-opacity%3D%220%22%2F%3E%3C%2Fsvg%3E\" data-orig-src=\"https:\/\/pavidecor.si\/wp-content\/uploads\/2022\/03\/Novoletna-jelka-bela-enostavna-No.1283-3-2-scaled.jpg\" \/><\/center><\/div>\n<div class=\"col-sm-6\" style=\"margin-top: 40px;\">\n<p>&nbsp;<\/p>\n<h3>Decorazioni e accessori<\/h3>\n<p>Per un&#8217;atmosfera ancora pi\u00f9 festosa, puoi decorare l&#8217;abete con i nostri <a href=\"https:\/\/pavidecor.si\/it\/kategorije\/prodotti-decorativi-per-la-casa\/candelieri\/\"><span style=\"color: #3366ff;\"><b>candelieri in legno<\/b><\/span><\/a>, che fanno parte del nostro programma. Questi accessori non solo completano l&#8217;aspetto dell&#8217;abete, ma creano anche una luce accogliente e calda che arricchir\u00e0 il tuo spazio.<\/p>\n<p>&nbsp;<\/p>\n<p>Il nostro abete in legno, unico nel suo genere, \u00e8 progettato in modo tale da non dover essere assemblato, il che significa che puoi posizionarlo immediatamente e goderti il suo fascino. Con la <strong>sua semplice eleganza e bellezza naturale<\/strong>, l&#8217;abete Ana sostituir\u00e0 definitivamente l&#8217;albero di Natale naturale, contribuendo al contempo alla conservazione delle nostre foreste. Unisciti a noi a PAVI DECOR e scopri come questo meraviglioso prodotto pu\u00f2 arricchire la tua casa.<\/p>\n<p>&nbsp;<\/p>\n<\/div>\n<\/div>\n<blockquote><p>Con la sua semplice eleganza, l&#8217;abete di Capodanno Ana porta un pezzo di natura in qualsiasi stanza, che si tratti di un soggiorno domestico o di uno spazio commerciale. \u00c8 completamente naturale e facile da mantenere, poich\u00e9 non ha aghi che possono cadere. Inoltre, non ha parti flessibili che possono danneggiarsi. Il nostro abete di legno, unico nel suo genere, sostituir\u00e0 definitivamente l&#8217;albero di Natale naturale e contribuir\u00e0 cos\u00ec a preservare le nostre foreste. L&#8217;abete di Capodanno Anna in profondit\u00e0 occupa pochissimo spazio, quindi \u00e8 adatto anche per stanze piccole. In versione bianco rustico, \u00e8 particolarmente indicato per ambienti shabby chic. Per la decorazione e l&#8217;illuminazione, puoi utilizzare i candelieri in legno del nostro programma. Non \u00e8 richiesto alcun assemblaggio.<\/p><\/blockquote>\n<p>&nbsp;<\/p>\n","protected":false},"excerpt":{"rendered":"<p><strong><span style=\"color: #c4963c;\">\u2192 Fatto a mano<\/span><\/strong><strong><span style=\"color: #c4963c;\"><br \/>\n<\/span><span style=\"color: #c4963c;\">\u2192 Unico<\/span><\/strong><\/p>\n","protected":false},"featured_media":14503,"comment_status":"open","ping_status":"closed","template":"","meta":[],"product_brand":[],"product_cat":[368],"product_tag":[],"class_list":{"0":"post-17922","1":"product","2":"type-product","3":"status-publish","4":"has-post-thumbnail","6":"product_cat-alberi-di-natale-di-capodanno","8":"first","9":"instock","10":"taxable","11":"shipping-taxable","12":"purchasable","13":"product-type-simple"},"yoast_head":"<!-- This site is optimized with the Yoast SEO plugin v27.2 - https:\/\/yoast.com\/product\/yoast-seo-wordpress\/ -->\n<title>Albero di Natale Ana - Porta un pezzo di natura a casa tua<\/title>\n<meta name=\"description\" content=\"Con la sua semplice eleganza, l&#039;albero di Natale Ana porta un pezzo di natura in ogni stanza. \u00c8 completamente naturale e senza pretese da mantenere.\" \/>\n<meta name=\"robots\" content=\"index, follow, max-snippet:-1, max-image-preview:large, max-video-preview:-1\" \/>\n<link rel=\"canonical\" href=\"https:\/\/pavidecor.si\/it\/prodotto\/albero-di-natale-di-capodanno-ana-bianco-rustico-72x32x18cm\/\" \/>\n<meta property=\"og:locale\" content=\"it_IT\" \/>\n<meta property=\"og:type\" content=\"article\" \/>\n<meta property=\"og:title\" content=\"Albero di Natale Ana - Porta un pezzo di natura a casa tua\" \/>\n<meta property=\"og:description\" content=\"Con la sua semplice eleganza, l&#039;albero di Natale Ana porta un pezzo di natura in ogni stanza. \u00c8 completamente naturale e senza pretese da mantenere.\" \/>\n<meta property=\"og:url\" content=\"https:\/\/pavidecor.si\/it\/prodotto\/albero-di-natale-di-capodanno-ana-bianco-rustico-72x32x18cm\/\" \/>\n<meta property=\"og:site_name\" content=\"Pavi Decor\" \/>\n<meta property=\"article:modified_time\" content=\"2026-05-12T23:04:39+00:00\" \/>\n<meta property=\"og:image\" content=\"https:\/\/pavidecor.si\/wp-content\/uploads\/2022\/03\/Novoletna-jelka-bela-enostavna-No.1283-1-scaled.jpg\" \/>\n\t<meta property=\"og:image:width\" content=\"2560\" \/>\n\t<meta property=\"og:image:height\" content=\"2560\" \/>\n\t<meta property=\"og:image:type\" content=\"image\/jpeg\" \/>\n<meta name=\"twitter:card\" content=\"summary_large_image\" \/>\n<meta name=\"twitter:label1\" content=\"Tempo di lettura stimato\" \/>\n\t<meta name=\"twitter:data1\" content=\"4 minuti\" \/>\n<script type=\"application\/ld+json\" class=\"yoast-schema-graph\">{\"@context\":\"https:\/\/schema.org\",\"@graph\":[{\"@type\":\"WebPage\",\"@id\":\"https:\/\/pavidecor.si\/it\/prodotto\/albero-di-natale-di-capodanno-ana-bianco-rustico-72x32x18cm\/\",\"url\":\"https:\/\/pavidecor.si\/it\/prodotto\/albero-di-natale-di-capodanno-ana-bianco-rustico-72x32x18cm\/\",\"name\":\"Albero di Natale Ana - Porta un pezzo di natura a casa tua\",\"isPartOf\":{\"@id\":\"https:\/\/pavidecor.si\/it\/#website\"},\"primaryImageOfPage\":{\"@id\":\"https:\/\/pavidecor.si\/it\/prodotto\/albero-di-natale-di-capodanno-ana-bianco-rustico-72x32x18cm\/#primaryimage\"},\"image\":{\"@id\":\"https:\/\/pavidecor.si\/it\/prodotto\/albero-di-natale-di-capodanno-ana-bianco-rustico-72x32x18cm\/#primaryimage\"},\"thumbnailUrl\":\"https:\/\/pavidecor.si\/wp-content\/uploads\/2022\/03\/Novoletna-jelka-bela-enostavna-No.1283-1-scaled.jpg\",\"datePublished\":\"2022-11-10T11:49:46+00:00\",\"dateModified\":\"2026-05-12T23:04:39+00:00\",\"description\":\"Con la sua semplice eleganza, l'albero di Natale Ana porta un pezzo di natura in ogni stanza. \u00c8 completamente naturale e senza pretese da mantenere.\",\"breadcrumb\":{\"@id\":\"https:\/\/pavidecor.si\/it\/prodotto\/albero-di-natale-di-capodanno-ana-bianco-rustico-72x32x18cm\/#breadcrumb\"},\"inLanguage\":\"it-IT\",\"potentialAction\":[{\"@type\":\"ReadAction\",\"target\":[\"https:\/\/pavidecor.si\/it\/prodotto\/albero-di-natale-di-capodanno-ana-bianco-rustico-72x32x18cm\/\"]}]},{\"@type\":\"ImageObject\",\"inLanguage\":\"it-IT\",\"@id\":\"https:\/\/pavidecor.si\/it\/prodotto\/albero-di-natale-di-capodanno-ana-bianco-rustico-72x32x18cm\/#primaryimage\",\"url\":\"https:\/\/pavidecor.si\/wp-content\/uploads\/2022\/03\/Novoletna-jelka-bela-enostavna-No.1283-1-scaled.jpg\",\"contentUrl\":\"https:\/\/pavidecor.si\/wp-content\/uploads\/2022\/03\/Novoletna-jelka-bela-enostavna-No.1283-1-scaled.jpg\",\"width\":2560,\"height\":2560,\"caption\":\"PAVI DECOR\"},{\"@type\":\"BreadcrumbList\",\"@id\":\"https:\/\/pavidecor.si\/it\/prodotto\/albero-di-natale-di-capodanno-ana-bianco-rustico-72x32x18cm\/#breadcrumb\",\"itemListElement\":[{\"@type\":\"ListItem\",\"position\":1,\"name\":\"Domov\",\"item\":\"https:\/\/pavidecor.si\/it\/\"},{\"@type\":\"ListItem\",\"position\":2,\"name\":\"Negozio online\",\"item\":\"https:\/\/pavidecor.si\/it\/negozio-online\/\"},{\"@type\":\"ListItem\",\"position\":3,\"name\":\"Albero di Natale Ana bianco rustico 72x32x18cm\"}]},{\"@type\":\"WebSite\",\"@id\":\"https:\/\/pavidecor.si\/it\/#website\",\"url\":\"https:\/\/pavidecor.si\/it\/\",\"name\":\"Pavi Decor\",\"description\":\"Leseni unikati ustvarjeni iz ljubezni do lesa in narave.\",\"potentialAction\":[{\"@type\":\"SearchAction\",\"target\":{\"@type\":\"EntryPoint\",\"urlTemplate\":\"https:\/\/pavidecor.si\/it\/?s={search_term_string}\"},\"query-input\":{\"@type\":\"PropertyValueSpecification\",\"valueRequired\":true,\"valueName\":\"search_term_string\"}}],\"inLanguage\":\"it-IT\"}]}<\/script>\n<!-- \/ Yoast SEO plugin. -->","yoast_head_json":{"title":"Albero di Natale Ana - Porta un pezzo di natura a casa tua","description":"Con la sua semplice eleganza, l'albero di Natale Ana porta un pezzo di natura in ogni stanza. \u00c8 completamente naturale e senza pretese da mantenere.","robots":{"index":"index","follow":"follow","max-snippet":"max-snippet:-1","max-image-preview":"max-image-preview:large","max-video-preview":"max-video-preview:-1"},"canonical":"https:\/\/pavidecor.si\/it\/prodotto\/albero-di-natale-di-capodanno-ana-bianco-rustico-72x32x18cm\/","og_locale":"it_IT","og_type":"article","og_title":"Albero di Natale Ana - Porta un pezzo di natura a casa tua","og_description":"Con la sua semplice eleganza, l'albero di Natale Ana porta un pezzo di natura in ogni stanza. \u00c8 completamente naturale e senza pretese da mantenere.","og_url":"https:\/\/pavidecor.si\/it\/prodotto\/albero-di-natale-di-capodanno-ana-bianco-rustico-72x32x18cm\/","og_site_name":"Pavi Decor","article_modified_time":"2026-05-12T23:04:39+00:00","og_image":[{"width":2560,"height":2560,"url":"https:\/\/pavidecor.si\/wp-content\/uploads\/2022\/03\/Novoletna-jelka-bela-enostavna-No.1283-1-scaled.jpg","type":"image\/jpeg"}],"twitter_card":"summary_large_image","twitter_misc":{"Tempo di lettura stimato":"4 minuti"},"schema":{"@context":"https:\/\/schema.org","@graph":[{"@type":"WebPage","@id":"https:\/\/pavidecor.si\/it\/prodotto\/albero-di-natale-di-capodanno-ana-bianco-rustico-72x32x18cm\/","url":"https:\/\/pavidecor.si\/it\/prodotto\/albero-di-natale-di-capodanno-ana-bianco-rustico-72x32x18cm\/","name":"Albero di Natale Ana - Porta un pezzo di natura a casa tua","isPartOf":{"@id":"https:\/\/pavidecor.si\/it\/#website"},"primaryImageOfPage":{"@id":"https:\/\/pavidecor.si\/it\/prodotto\/albero-di-natale-di-capodanno-ana-bianco-rustico-72x32x18cm\/#primaryimage"},"image":{"@id":"https:\/\/pavidecor.si\/it\/prodotto\/albero-di-natale-di-capodanno-ana-bianco-rustico-72x32x18cm\/#primaryimage"},"thumbnailUrl":"https:\/\/pavidecor.si\/wp-content\/uploads\/2022\/03\/Novoletna-jelka-bela-enostavna-No.1283-1-scaled.jpg","datePublished":"2022-11-10T11:49:46+00:00","dateModified":"2026-05-12T23:04:39+00:00","description":"Con la sua semplice eleganza, l'albero di Natale Ana porta un pezzo di natura in ogni stanza. \u00c8 completamente naturale e senza pretese da mantenere.","breadcrumb":{"@id":"https:\/\/pavidecor.si\/it\/prodotto\/albero-di-natale-di-capodanno-ana-bianco-rustico-72x32x18cm\/#breadcrumb"},"inLanguage":"it-IT","potentialAction":[{"@type":"ReadAction","target":["https:\/\/pavidecor.si\/it\/prodotto\/albero-di-natale-di-capodanno-ana-bianco-rustico-72x32x18cm\/"]}]},{"@type":"ImageObject","inLanguage":"it-IT","@id":"https:\/\/pavidecor.si\/it\/prodotto\/albero-di-natale-di-capodanno-ana-bianco-rustico-72x32x18cm\/#primaryimage","url":"https:\/\/pavidecor.si\/wp-content\/uploads\/2022\/03\/Novoletna-jelka-bela-enostavna-No.1283-1-scaled.jpg","contentUrl":"https:\/\/pavidecor.si\/wp-content\/uploads\/2022\/03\/Novoletna-jelka-bela-enostavna-No.1283-1-scaled.jpg","width":2560,"height":2560,"caption":"PAVI DECOR"},{"@type":"BreadcrumbList","@id":"https:\/\/pavidecor.si\/it\/prodotto\/albero-di-natale-di-capodanno-ana-bianco-rustico-72x32x18cm\/#breadcrumb","itemListElement":[{"@type":"ListItem","position":1,"name":"Domov","item":"https:\/\/pavidecor.si\/it\/"},{"@type":"ListItem","position":2,"name":"Negozio online","item":"https:\/\/pavidecor.si\/it\/negozio-online\/"},{"@type":"ListItem","position":3,"name":"Albero di Natale Ana bianco rustico 72x32x18cm"}]},{"@type":"WebSite","@id":"https:\/\/pavidecor.si\/it\/#website","url":"https:\/\/pavidecor.si\/it\/","name":"Pavi Decor","description":"Leseni unikati ustvarjeni iz ljubezni do lesa in narave.","potentialAction":[{"@type":"SearchAction","target":{"@type":"EntryPoint","urlTemplate":"https:\/\/pavidecor.si\/it\/?s={search_term_string}"},"query-input":{"@type":"PropertyValueSpecification","valueRequired":true,"valueName":"search_term_string"}}],"inLanguage":"it-IT"}]}},"_links":{"self":[{"href":"https:\/\/pavidecor.si\/it\/wp-json\/wp\/v2\/product\/17922","targetHints":{"allow":["GET"]}}],"collection":[{"href":"https:\/\/pavidecor.si\/it\/wp-json\/wp\/v2\/product"}],"about":[{"href":"https:\/\/pavidecor.si\/it\/wp-json\/wp\/v2\/types\/product"}],"replies":[{"embeddable":true,"href":"https:\/\/pavidecor.si\/it\/wp-json\/wp\/v2\/comments?post=17922"}],"wp:featuredmedia":[{"embeddable":true,"href":"https:\/\/pavidecor.si\/it\/wp-json\/wp\/v2\/media\/14503"}],"wp:attachment":[{"href":"https:\/\/pavidecor.si\/it\/wp-json\/wp\/v2\/media?parent=17922"}],"wp:term":[{"taxonomy":"product_brand","embeddable":true,"href":"https:\/\/pavidecor.si\/it\/wp-json\/wp\/v2\/product_brand?post=17922"},{"taxonomy":"product_cat","embeddable":true,"href":"https:\/\/pavidecor.si\/it\/wp-json\/wp\/v2\/product_cat?post=17922"},{"taxonomy":"product_tag","embeddable":true,"href":"https:\/\/pavidecor.si\/it\/wp-json\/wp\/v2\/product_tag?post=17922"}],"curies":[{"name":"wp","href":"https:\/\/api.w.org\/{rel}","templated":true}]}}