	{"id":17917,"date":"2022-11-11T09:12:45","date_gmt":"2022-11-11T09:12:45","guid":{"rendered":"https:\/\/pavidecor.si\/product\/albero-di-natale-di-capodanno-pia-bianco-rustico-160x86x18cm\/"},"modified":"2026-04-22T04:02:36","modified_gmt":"2026-04-22T04:02:36","slug":"albero-di-natale-di-capodanno-pia-bianco-rustico-160x86x18cm","status":"publish","type":"product","link":"https:\/\/pavidecor.si\/it\/prodotto\/albero-di-natale-di-capodanno-pia-bianco-rustico-160x86x18cm\/","title":{"rendered":"Albero di Natale Pia bianco rustico 160x86x18cm"},"content":{"rendered":"<p><span class=\"prvimanjsinaslovopis\"><br \/>\nAlbero di Natale Pia &#8211; L&#8217;eleganza della natura a casa tua<\/span><\/p>\n<p>&nbsp;<\/p>\n<h2><span class=\"odebeljenopis\"><strong><br \/>\nScopri la magia delle festivit\u00e0 natalizie con il nostro unico albero di Capodanno Pia. Questo elegante abete in legno combina elementi naturali con un design moderno, rendendolo la scelta perfetta per qualsiasi casa. Fatto a mano in Slovenia, Pia \u00e8 resistente e di facile manutenzione, il che significa che puoi goderti il suo fascino senza preoccupazioni.<\/strong><\/span><\/h2>\n<p>&nbsp;<\/p>\n<div class=\"row\">\n<div class=\"col-sm-6 \" style=\"margin-top: 30px;\"><center><img decoding=\"async\" class=\"lazyload img-responsive\" style=\"margin: 0px auto; max-width: 100%;\" src=\"data:image\/svg+xml,%3Csvg%20xmlns%3D%27http%3A%2F%2Fwww.w3.org%2F2000%2Fsvg%27%20width%3D%272560%27%20height%3D%272560%27%20viewBox%3D%270%200%202560%202560%27%3E%3Crect%20width%3D%272560%27%20height%3D%272560%27%20fill-opacity%3D%220%22%2F%3E%3C%2Fsvg%3E\" data-orig-src=\"https:\/\/pavidecor.si\/wp-content\/uploads\/2022\/03\/Novoletna-jelka-Pia-bela-stiri-policke-No.1280-1-scaled.jpg\" \/><\/center><\/div>\n<div class=\"col-sm-6\" style=\"margin-top: 40px;\">\n<p>&nbsp;<\/p>\n<h3>Unico fatto a mano<\/h3>\n<p>L&#8217;albero di Natale Pia \u00e8 il risultato della passione e dell&#8217;amore per il legno e la natura, che coltiviamo nel nostro negozio PAVI DECOR a Lubiana. Ogni abete \u00e8 <b>realizzato artigianalmente<\/b> utilizzando le tradizionali tecniche di giunzione utilizzate dagli antichi maestri. Questo approccio garantisce che ogni pezzo sia unico e autentico, aggiungendo valore all&#8217;arredamento delle tue vacanze. Utilizzando materiali naturali e dettagli accuratamente selezionati, Pia \u00e8 pi\u00f9 di una semplice decorazione. \u00c8 una vera e propria opera d&#8217;arte che porta calore e bellezza naturale nella tua casa.<\/p>\n<p>&nbsp;<\/p>\n<p>Oltre al suo valore estetico, l&#8217;albero di Natale Pia \u00e8 anche <b>una scelta biologica<\/b>. Scegliendo un abete di legno, contribuisci alla conservazione delle nostre foreste, poich\u00e9 non hai bisogno di un albero naturale per essere abbattuto. Pia \u00e8 durevole e ti accompagner\u00e0 per molti anni a venire, il che significa che potrai godere del suo fascino anche ogni anno senza gravare sull&#8217;ambiente.<\/p>\n<p>&nbsp;<\/p>\n<\/div>\n<\/div>\n<div class=\"row\">\n<div class=\"col-sm-6 col-sm-push-6\" style=\"margin-top: 30px;\"><center><img decoding=\"async\" class=\"lazyload img-responsive\" style=\"margin: 0px auto; max-width: 100%;\" src=\"data:image\/svg+xml,%3Csvg%20xmlns%3D%27http%3A%2F%2Fwww.w3.org%2F2000%2Fsvg%27%20width%3D%272560%27%20height%3D%272560%27%20viewBox%3D%270%200%202560%202560%27%3E%3Crect%20width%3D%272560%27%20height%3D%272560%27%20fill-opacity%3D%220%22%2F%3E%3C%2Fsvg%3E\" data-orig-src=\"https:\/\/pavidecor.si\/wp-content\/uploads\/2022\/03\/Novoletna-jelka-Pia-bela-stiri-policke-No.1280-2-2-scaled.jpg\" \/><\/center><\/div>\n<div class=\"col-sm-6 col-sm-pull-6\" style=\"margin-top: 40px;\">\n<p>&nbsp;<\/p>\n<h3>Praticit\u00e0 e facilit\u00e0 di manutenzione<\/h3>\n<p>Uno dei principali vantaggi dell&#8217;albero di Natale Pia \u00e8 la sua <b>mancanza di pretese per la manutenzione<\/b>. Senza aghi che cadono e senza parti flessibili che potrebbero danneggiarsi, questo abete \u00e8 la scelta perfetta per chi cerca un&#8217;atmosfera di vacanza spensierata. Basta posizionarlo e decorarlo a proprio piacimento. Hai quattro ripiani a cui aggiungere le tue decorazioni preferite, consentendo la personalizzazione e la personalizzazione.<\/p>\n<p>&nbsp;<\/p>\n<p>Oltre ad occupare pochissimo spazio, l&#8217;albero di Natale Pia \u00e8 anche un&#8217;ottima scelta per gli spazi pi\u00f9 piccoli. Il suo design rustico bianco si adatta perfettamente agli ambienti shabby chic. Ci\u00f2 significa che le tue decorazioni natalizie saranno sempre alla moda. Usalo come fulcro della tua decorazione natalizia e completalo con i nostri candelabri in legno del programma PAVI DECOR, che aggiungeranno ancora pi\u00f9 calore e luce.<\/p>\n<p>&nbsp;<\/p>\n<\/div>\n<\/div>\n<div class=\"row\">\n<div class=\"col-sm-6\" style=\"margin-top: 30px;\"><center><img decoding=\"async\" class=\"lazyload img-responsive\" style=\"margin: 0px auto; max-width: 100%;\" src=\"data:image\/svg+xml,%3Csvg%20xmlns%3D%27http%3A%2F%2Fwww.w3.org%2F2000%2Fsvg%27%20width%3D%272560%27%20height%3D%272560%27%20viewBox%3D%270%200%202560%202560%27%3E%3Crect%20width%3D%272560%27%20height%3D%272560%27%20fill-opacity%3D%220%22%2F%3E%3C%2Fsvg%3E\" data-orig-src=\"https:\/\/pavidecor.si\/wp-content\/uploads\/2022\/03\/Novoletna-jelka-Pia-bela-stiri-policke-No.1280-3-2-scaled.jpg\" \/><\/center><\/div>\n<div class=\"col-sm-6\" style=\"margin-top: 40px;\">\n<p>&nbsp;<\/p>\n<h3>La scelta perfetta per i momenti di festa<\/h3>\n<p>L&#8217;albero di Capodanno non \u00e8 solo una decorazione, ma anche un simbolo dello spirito festivo e dei momenti familiari. Con la sua semplice eleganza e la sua bellezza naturale, diventer\u00e0 il fulcro delle tue feste. Sia che lo si collochi in soggiorno, in sala da pranzo o anche nel corridoio d&#8217;ingresso, Pia attirer\u00e0 l&#8217;attenzione e creer\u00e0 <strong>un&#8217;atmosfera accogliente<\/strong>.<\/p>\n<p>&nbsp;<\/p>\n<p>Visitate il nostro negozio PAVI DECOR a Lubiana e ammirate l&#8217;albero di Capodanno Pia nella nostra atmosfera di Capodanno. Siamo sicuri che rimarrete incantati dalla sua unicit\u00e0 e qualit\u00e0. Ricordate che ogni albero di Natale \u00e8 il risultato della nostra conoscenza e creativit\u00e0. Ci\u00f2 significa che con il tuo acquisto sosterrai gli artigiani locali e la produzione sostenibile.<\/p>\n<p>&nbsp;<\/p>\n<\/div>\n<\/div>\n<blockquote><p>L&#8217;albero di Natale Pia unisce la natura all&#8217;eleganza e, se lo si desidera, \u00e8 possibile aggiungere decorazioni ai suoi quattro ripiani. \u00c8 completamente naturale e di facile manutenzione, in quanto non ha aghi che potrebbero cadere, n\u00e9 parti flessibili che potrebbero danneggiarsi. Il nostro albero di legno, unico nel suo genere, sostituir\u00e0 definitivamente l&#8217;albero di Natale naturale e contribuir\u00e0 cos\u00ec a preservare le nostre foreste. L&#8217;abete di Capodanno Pia in profondit\u00e0 occupa pochissimo spazio, quindi \u00e8 adatto anche a stanze piccole. In versione bianco rustico, \u00e8 particolarmente indicato per ambienti shabby chic. Per la decorazione e l&#8217;illuminazione, puoi utilizzare i candelabri in legno del nostro programma. Non \u00e8 richiesto alcun assemblaggio. Puoi anche vedere l&#8217;albero di Capodanno Pia nel nostro <a href=\"https:\/\/pavidecor.si\/it\/projects\/atmosfera-di-capodanno\/\"><strong><span style=\"color: #3366ff;\">ambiente di Capodanno<\/span><\/strong><\/a>.<\/p><\/blockquote>\n<p>&nbsp;<\/p>\n","protected":false},"excerpt":{"rendered":"<p><strong><span style=\"color: #c4963c;\">\u2192 Fatto a mano<\/span><\/strong><strong><span style=\"color: #c4963c;\"><br \/>\n<\/span><span style=\"color: #c4963c;\">\u2192 Unico<\/span><\/strong><\/p>\n","protected":false},"featured_media":14510,"comment_status":"open","ping_status":"closed","template":"","meta":[],"product_brand":[],"product_cat":[368],"product_tag":[240,250],"class_list":{"0":"post-17917","1":"product","2":"type-product","3":"status-publish","4":"has-post-thumbnail","6":"product_cat-alberi-di-natale-di-capodanno","7":"product_tag-atmosfera-di-capodanno","8":"product_tag-azione","10":"first","11":"instock","12":"sale","13":"taxable","14":"shipping-taxable","15":"purchasable","16":"product-type-simple"},"yoast_head":"<!-- This site is optimized with the Yoast SEO plugin v27.2 - https:\/\/yoast.com\/product\/yoast-seo-wordpress\/ -->\n<title>Albero di Natale Pia - L&#039;eleganza della natura a casa tua<\/title>\n<meta name=\"description\" content=\"L&#039;albero di Natale Pia unisce la natura all&#039;eleganza. \u00c8 completamente naturale e di facile manutenzione, in quanto non ha aghi che cadrebbero. Unico.\" \/>\n<meta name=\"robots\" content=\"index, follow, max-snippet:-1, max-image-preview:large, max-video-preview:-1\" \/>\n<link rel=\"canonical\" href=\"https:\/\/pavidecor.si\/it\/prodotto\/albero-di-natale-di-capodanno-pia-bianco-rustico-160x86x18cm\/\" \/>\n<meta property=\"og:locale\" content=\"it_IT\" \/>\n<meta property=\"og:type\" content=\"article\" \/>\n<meta property=\"og:title\" content=\"Albero di Natale Pia - L&#039;eleganza della natura a casa tua\" \/>\n<meta property=\"og:description\" content=\"L&#039;albero di Natale Pia unisce la natura all&#039;eleganza. \u00c8 completamente naturale e di facile manutenzione, in quanto non ha aghi che cadrebbero. Unico.\" \/>\n<meta property=\"og:url\" content=\"https:\/\/pavidecor.si\/it\/prodotto\/albero-di-natale-di-capodanno-pia-bianco-rustico-160x86x18cm\/\" \/>\n<meta property=\"og:site_name\" content=\"Pavi Decor\" \/>\n<meta property=\"article:modified_time\" content=\"2026-04-22T04:02:36+00:00\" \/>\n<meta property=\"og:image\" content=\"https:\/\/pavidecor.si\/wp-content\/uploads\/2022\/03\/Novoletna-jelka-Pia-bela-stiri-policke-No.1280-1-scaled.jpg\" \/>\n\t<meta property=\"og:image:width\" content=\"2560\" \/>\n\t<meta property=\"og:image:height\" content=\"2560\" \/>\n\t<meta property=\"og:image:type\" content=\"image\/jpeg\" \/>\n<meta name=\"twitter:card\" content=\"summary_large_image\" \/>\n<meta name=\"twitter:label1\" content=\"Tempo di lettura stimato\" \/>\n\t<meta name=\"twitter:data1\" content=\"4 minuti\" \/>\n<script type=\"application\/ld+json\" class=\"yoast-schema-graph\">{\"@context\":\"https:\/\/schema.org\",\"@graph\":[{\"@type\":\"WebPage\",\"@id\":\"https:\/\/pavidecor.si\/it\/prodotto\/albero-di-natale-di-capodanno-pia-bianco-rustico-160x86x18cm\/\",\"url\":\"https:\/\/pavidecor.si\/it\/prodotto\/albero-di-natale-di-capodanno-pia-bianco-rustico-160x86x18cm\/\",\"name\":\"Albero di Natale Pia - L'eleganza della natura a casa tua\",\"isPartOf\":{\"@id\":\"https:\/\/pavidecor.si\/it\/#website\"},\"primaryImageOfPage\":{\"@id\":\"https:\/\/pavidecor.si\/it\/prodotto\/albero-di-natale-di-capodanno-pia-bianco-rustico-160x86x18cm\/#primaryimage\"},\"image\":{\"@id\":\"https:\/\/pavidecor.si\/it\/prodotto\/albero-di-natale-di-capodanno-pia-bianco-rustico-160x86x18cm\/#primaryimage\"},\"thumbnailUrl\":\"https:\/\/pavidecor.si\/wp-content\/uploads\/2022\/03\/Novoletna-jelka-Pia-bela-stiri-policke-No.1280-1-scaled.jpg\",\"datePublished\":\"2022-11-11T09:12:45+00:00\",\"dateModified\":\"2026-04-22T04:02:36+00:00\",\"description\":\"L'albero di Natale Pia unisce la natura all'eleganza. \u00c8 completamente naturale e di facile manutenzione, in quanto non ha aghi che cadrebbero. Unico.\",\"breadcrumb\":{\"@id\":\"https:\/\/pavidecor.si\/it\/prodotto\/albero-di-natale-di-capodanno-pia-bianco-rustico-160x86x18cm\/#breadcrumb\"},\"inLanguage\":\"it-IT\",\"potentialAction\":[{\"@type\":\"ReadAction\",\"target\":[\"https:\/\/pavidecor.si\/it\/prodotto\/albero-di-natale-di-capodanno-pia-bianco-rustico-160x86x18cm\/\"]}]},{\"@type\":\"ImageObject\",\"inLanguage\":\"it-IT\",\"@id\":\"https:\/\/pavidecor.si\/it\/prodotto\/albero-di-natale-di-capodanno-pia-bianco-rustico-160x86x18cm\/#primaryimage\",\"url\":\"https:\/\/pavidecor.si\/wp-content\/uploads\/2022\/03\/Novoletna-jelka-Pia-bela-stiri-policke-No.1280-1-scaled.jpg\",\"contentUrl\":\"https:\/\/pavidecor.si\/wp-content\/uploads\/2022\/03\/Novoletna-jelka-Pia-bela-stiri-policke-No.1280-1-scaled.jpg\",\"width\":2560,\"height\":2560,\"caption\":\"PAVI DECOR\"},{\"@type\":\"BreadcrumbList\",\"@id\":\"https:\/\/pavidecor.si\/it\/prodotto\/albero-di-natale-di-capodanno-pia-bianco-rustico-160x86x18cm\/#breadcrumb\",\"itemListElement\":[{\"@type\":\"ListItem\",\"position\":1,\"name\":\"Domov\",\"item\":\"https:\/\/pavidecor.si\/it\/\"},{\"@type\":\"ListItem\",\"position\":2,\"name\":\"Negozio online\",\"item\":\"https:\/\/pavidecor.si\/it\/negozio-online\/\"},{\"@type\":\"ListItem\",\"position\":3,\"name\":\"Albero di Natale Pia bianco rustico 160x86x18cm\"}]},{\"@type\":\"WebSite\",\"@id\":\"https:\/\/pavidecor.si\/it\/#website\",\"url\":\"https:\/\/pavidecor.si\/it\/\",\"name\":\"Pavi Decor\",\"description\":\"Leseni unikati ustvarjeni iz ljubezni do lesa in narave.\",\"potentialAction\":[{\"@type\":\"SearchAction\",\"target\":{\"@type\":\"EntryPoint\",\"urlTemplate\":\"https:\/\/pavidecor.si\/it\/?s={search_term_string}\"},\"query-input\":{\"@type\":\"PropertyValueSpecification\",\"valueRequired\":true,\"valueName\":\"search_term_string\"}}],\"inLanguage\":\"it-IT\"}]}<\/script>\n<!-- \/ Yoast SEO plugin. -->","yoast_head_json":{"title":"Albero di Natale Pia - L'eleganza della natura a casa tua","description":"L'albero di Natale Pia unisce la natura all'eleganza. \u00c8 completamente naturale e di facile manutenzione, in quanto non ha aghi che cadrebbero. Unico.","robots":{"index":"index","follow":"follow","max-snippet":"max-snippet:-1","max-image-preview":"max-image-preview:large","max-video-preview":"max-video-preview:-1"},"canonical":"https:\/\/pavidecor.si\/it\/prodotto\/albero-di-natale-di-capodanno-pia-bianco-rustico-160x86x18cm\/","og_locale":"it_IT","og_type":"article","og_title":"Albero di Natale Pia - L'eleganza della natura a casa tua","og_description":"L'albero di Natale Pia unisce la natura all'eleganza. \u00c8 completamente naturale e di facile manutenzione, in quanto non ha aghi che cadrebbero. Unico.","og_url":"https:\/\/pavidecor.si\/it\/prodotto\/albero-di-natale-di-capodanno-pia-bianco-rustico-160x86x18cm\/","og_site_name":"Pavi Decor","article_modified_time":"2026-04-22T04:02:36+00:00","og_image":[{"width":2560,"height":2560,"url":"https:\/\/pavidecor.si\/wp-content\/uploads\/2022\/03\/Novoletna-jelka-Pia-bela-stiri-policke-No.1280-1-scaled.jpg","type":"image\/jpeg"}],"twitter_card":"summary_large_image","twitter_misc":{"Tempo di lettura stimato":"4 minuti"},"schema":{"@context":"https:\/\/schema.org","@graph":[{"@type":"WebPage","@id":"https:\/\/pavidecor.si\/it\/prodotto\/albero-di-natale-di-capodanno-pia-bianco-rustico-160x86x18cm\/","url":"https:\/\/pavidecor.si\/it\/prodotto\/albero-di-natale-di-capodanno-pia-bianco-rustico-160x86x18cm\/","name":"Albero di Natale Pia - L'eleganza della natura a casa tua","isPartOf":{"@id":"https:\/\/pavidecor.si\/it\/#website"},"primaryImageOfPage":{"@id":"https:\/\/pavidecor.si\/it\/prodotto\/albero-di-natale-di-capodanno-pia-bianco-rustico-160x86x18cm\/#primaryimage"},"image":{"@id":"https:\/\/pavidecor.si\/it\/prodotto\/albero-di-natale-di-capodanno-pia-bianco-rustico-160x86x18cm\/#primaryimage"},"thumbnailUrl":"https:\/\/pavidecor.si\/wp-content\/uploads\/2022\/03\/Novoletna-jelka-Pia-bela-stiri-policke-No.1280-1-scaled.jpg","datePublished":"2022-11-11T09:12:45+00:00","dateModified":"2026-04-22T04:02:36+00:00","description":"L'albero di Natale Pia unisce la natura all'eleganza. \u00c8 completamente naturale e di facile manutenzione, in quanto non ha aghi che cadrebbero. Unico.","breadcrumb":{"@id":"https:\/\/pavidecor.si\/it\/prodotto\/albero-di-natale-di-capodanno-pia-bianco-rustico-160x86x18cm\/#breadcrumb"},"inLanguage":"it-IT","potentialAction":[{"@type":"ReadAction","target":["https:\/\/pavidecor.si\/it\/prodotto\/albero-di-natale-di-capodanno-pia-bianco-rustico-160x86x18cm\/"]}]},{"@type":"ImageObject","inLanguage":"it-IT","@id":"https:\/\/pavidecor.si\/it\/prodotto\/albero-di-natale-di-capodanno-pia-bianco-rustico-160x86x18cm\/#primaryimage","url":"https:\/\/pavidecor.si\/wp-content\/uploads\/2022\/03\/Novoletna-jelka-Pia-bela-stiri-policke-No.1280-1-scaled.jpg","contentUrl":"https:\/\/pavidecor.si\/wp-content\/uploads\/2022\/03\/Novoletna-jelka-Pia-bela-stiri-policke-No.1280-1-scaled.jpg","width":2560,"height":2560,"caption":"PAVI DECOR"},{"@type":"BreadcrumbList","@id":"https:\/\/pavidecor.si\/it\/prodotto\/albero-di-natale-di-capodanno-pia-bianco-rustico-160x86x18cm\/#breadcrumb","itemListElement":[{"@type":"ListItem","position":1,"name":"Domov","item":"https:\/\/pavidecor.si\/it\/"},{"@type":"ListItem","position":2,"name":"Negozio online","item":"https:\/\/pavidecor.si\/it\/negozio-online\/"},{"@type":"ListItem","position":3,"name":"Albero di Natale Pia bianco rustico 160x86x18cm"}]},{"@type":"WebSite","@id":"https:\/\/pavidecor.si\/it\/#website","url":"https:\/\/pavidecor.si\/it\/","name":"Pavi Decor","description":"Leseni unikati ustvarjeni iz ljubezni do lesa in narave.","potentialAction":[{"@type":"SearchAction","target":{"@type":"EntryPoint","urlTemplate":"https:\/\/pavidecor.si\/it\/?s={search_term_string}"},"query-input":{"@type":"PropertyValueSpecification","valueRequired":true,"valueName":"search_term_string"}}],"inLanguage":"it-IT"}]}},"_links":{"self":[{"href":"https:\/\/pavidecor.si\/it\/wp-json\/wp\/v2\/product\/17917","targetHints":{"allow":["GET"]}}],"collection":[{"href":"https:\/\/pavidecor.si\/it\/wp-json\/wp\/v2\/product"}],"about":[{"href":"https:\/\/pavidecor.si\/it\/wp-json\/wp\/v2\/types\/product"}],"replies":[{"embeddable":true,"href":"https:\/\/pavidecor.si\/it\/wp-json\/wp\/v2\/comments?post=17917"}],"wp:featuredmedia":[{"embeddable":true,"href":"https:\/\/pavidecor.si\/it\/wp-json\/wp\/v2\/media\/14510"}],"wp:attachment":[{"href":"https:\/\/pavidecor.si\/it\/wp-json\/wp\/v2\/media?parent=17917"}],"wp:term":[{"taxonomy":"product_brand","embeddable":true,"href":"https:\/\/pavidecor.si\/it\/wp-json\/wp\/v2\/product_brand?post=17917"},{"taxonomy":"product_cat","embeddable":true,"href":"https:\/\/pavidecor.si\/it\/wp-json\/wp\/v2\/product_cat?post=17917"},{"taxonomy":"product_tag","embeddable":true,"href":"https:\/\/pavidecor.si\/it\/wp-json\/wp\/v2\/product_tag?post=17917"}],"curies":[{"name":"wp","href":"https:\/\/api.w.org\/{rel}","templated":true}]}}