	{"id":17876,"date":"2022-11-11T10:56:45","date_gmt":"2022-11-11T10:56:45","guid":{"rendered":"https:\/\/pavidecor.si\/product\/albero-di-natale-di-capodanno-ana-bianco-rustico-90x34x18cm\/"},"modified":"2026-04-26T07:10:53","modified_gmt":"2026-04-26T07:10:53","slug":"albero-di-capodanno-ana-bianco-rustico-90x34x18cm","status":"publish","type":"product","link":"https:\/\/pavidecor.si\/it\/prodotto\/albero-di-capodanno-ana-bianco-rustico-90x34x18cm\/","title":{"rendered":"Albero di Capodanno Ana bianco rustico 90x34x18cm"},"content":{"rendered":"<p><span class=\"prvimanjsinaslovopis\"> Albero di Capodanno Ana &#8211; Porta un pezzo di natura a casa tua<\/span><\/p>\n<p>&nbsp;<\/p>\n<h2><span class=\"odebeljenopis\"><strong><br \/>\nL&#8217;abete di Capodanno Ana \u00e8 un accessorio unico che porta un&#8217;eleganza semplice e una bellezza naturale in ogni stanza. Realizzato in legno di qualit\u00e0, questo abete unico nel suo genere \u00e8 la scelta perfetta per chi vuole preservare la natura e godersi allo stesso tempo l&#8217;atmosfera festosa. Il suo aspetto artigianale e autentico incanter\u00e0 tutti.<\/strong><\/span><\/h2>\n<p>&nbsp;<\/p>\n<div class=\"row\">\n<div class=\"col-sm-6 \" style=\"margin-top: 30px;\"><center><img decoding=\"async\" class=\"lazyload img-responsive\" style=\"margin: 0px auto; max-width: 100%;\" src=\"data:image\/svg+xml,%3Csvg%20xmlns%3D%27http%3A%2F%2Fwww.w3.org%2F2000%2Fsvg%27%20width%3D%272560%27%20height%3D%272560%27%20viewBox%3D%270%200%202560%202560%27%3E%3Crect%20width%3D%272560%27%20height%3D%272560%27%20fill-opacity%3D%220%22%2F%3E%3C%2Fsvg%3E\" data-orig-src=\"https:\/\/pavidecor.si\/wp-content\/uploads\/2022\/03\/Novoletna-jelka-Ana-No.1284-1-scaled.jpg\" \/><\/center><\/div>\n<div class=\"col-sm-6\" style=\"margin-top: 40px;\">\n<p>&nbsp;<\/p>\n<h3>Unico fatto a mano<\/h3>\n<p>L&#8217;albero di Capodanno Ana \u00e8 il risultato della passione e dell&#8217;amore per il legno, che coltiviamo nel nostro negozio PAVI DECOR a Lubiana. <b>Ogni pezzo \u00e8 realizzato a mano<\/b> con precisione e cura, garantendo che ogni prodotto sia unico. Il nostro team di esperti utilizza le tecniche tradizionali di giunzione delle parti in legno utilizzate dagli antichi maestri. Questo approccio non solo fornisce resistenza e durata, ma conferisce anche all&#8217;albero un aspetto autentico che non puoi trovare nei prodotti prodotti in serie.<\/p>\n<p>&nbsp;<\/p>\n<p>Con l&#8217;utilizzo di materiali naturali e il rispetto dell&#8217;ambiente, l&#8217;abete di Capodanno Ana \u00e8 un&#8217;ottima scelta per chi vuole contribuire alla conservazione delle nostre foreste. Il suo design gli consente di adattarsi facilmente a qualsiasi stanza, indipendentemente dal fatto che si tratti di un soggiorno domestico o di uno spazio aziendale. Con la <strong>sua semplice eleganza<\/strong>, diventer\u00e0 il fulcro dell&#8217;arredamento delle tue vacanze.<\/p>\n<p>&nbsp;<\/p>\n<\/div>\n<\/div>\n<div class=\"row\">\n<div class=\"col-sm-6 col-sm-push-6\" style=\"margin-top: 30px;\"><center><img decoding=\"async\" class=\"lazyload img-responsive\" style=\"margin: 0px auto; max-width: 100%;\" src=\"data:image\/svg+xml,%3Csvg%20xmlns%3D%27http%3A%2F%2Fwww.w3.org%2F2000%2Fsvg%27%20width%3D%272196%27%20height%3D%272196%27%20viewBox%3D%270%200%202196%202196%27%3E%3Crect%20width%3D%272196%27%20height%3D%272196%27%20fill-opacity%3D%220%22%2F%3E%3C%2Fsvg%3E\" data-orig-src=\"https:\/\/pavidecor.si\/wp-content\/uploads\/2022\/03\/Novoletna-jelka-Ana-No.1284-2-2.jpg\" \/><\/center><\/div>\n<div class=\"col-sm-6 col-sm-pull-6\" style=\"margin-top: 40px;\">\n<p>&nbsp;<\/p>\n<h3>Praticit\u00e0 e facilit\u00e0 di manutenzione<\/h3>\n<p>Uno dei principali vantaggi dell&#8217;abete di Capodanno Ana \u00e8 la sua <b>mancanza di pretese per la manutenzione<\/b>. Poich\u00e9 non contiene aghi che cadrebbero e non ha parti flessibili che potrebbero danneggiarsi, \u00e8 la scelta ideale per chiunque desideri una celebrazione spensierata. Basta posizionarlo e decorarla secondo i tuoi gusti, senza preoccuparti di dover pulire gli aghi dopo ogni vacanza.<\/p>\n<p>&nbsp;<\/p>\n<p>Inoltre, l&#8217;abete \u00e8 progettata per <strong>occupare pochissimo spazio<\/strong>, il che la rende particolarmente adatto agli spazi pi\u00f9 piccoli. Nella versione bianca rustica, si adatta perfettamente ad ambienti shabby chic, il che significa che con esso \u00e8 possibile creare un&#8217;atmosfera accogliente e calda. Per ulteriori decorazioni e illuminazioni, \u00e8 possibile utilizzare i <a href=\"https:\/\/pavidecor.si\/it\/kategorije\/prodotti-decorativi-per-la-casa\/candelieri\/\"><strong><span style=\"color: #3366ff;\">candelieri in legno<\/span><\/strong><\/a> del nostro programma, che si abbinano perfettamente all&#8217;estetica dell&#8217;abete.<\/p>\n<p>&nbsp;<\/p>\n<\/div>\n<\/div>\n<div class=\"row\">\n<div class=\"col-sm-6\" style=\"margin-top: 30px;\"><center><img decoding=\"async\" class=\"lazyload img-responsive\" style=\"margin: 0px auto; max-width: 100%;\" src=\"data:image\/svg+xml,%3Csvg%20xmlns%3D%27http%3A%2F%2Fwww.w3.org%2F2000%2Fsvg%27%20width%3D%272560%27%20height%3D%272560%27%20viewBox%3D%270%200%202560%202560%27%3E%3Crect%20width%3D%272560%27%20height%3D%272560%27%20fill-opacity%3D%220%22%2F%3E%3C%2Fsvg%3E\" data-orig-src=\"https:\/\/pavidecor.si\/wp-content\/uploads\/2022\/03\/Novoletna-jelka-Ana-No.1284-3-2-scaled.jpg\" \/><\/center><\/div>\n<div class=\"col-sm-6\" style=\"margin-top: 40px;\">\n<p>&nbsp;<\/p>\n<h3>Una soluzione permanente per i momenti di festa<\/h3>\n<p>L&#8217;albero di Capodanno Ana non \u00e8 solo una decorazione per le feste, ma <b>una soluzione permanente<\/b> per tutti coloro che vogliono preservare la bellezza naturale della propria casa. Con il suo design unico e la lavorazione di alta qualit\u00e0, entrer\u00e0 a far parte delle tue tradizioni natalizie. Indipendentemente dal fatto che lo si collochi in soggiorno, in ufficio o in un altro spazio, attirer\u00e0 sempre l&#8217;attenzione e creer\u00e0 un&#8217;atmosfera festosa.<\/p>\n<p>&nbsp;<\/p>\n<p>Visitate il nostro negozio PAVI DECOR e ammirate l&#8217;alberi di Capodanno nel nostro <a href=\"https:\/\/pavidecor.si\/it\/projects\/atmosfera-di-capodanno\/\"><strong><span style=\"color: #3366ff;\">ambiente di Capodanno<\/span><\/strong><\/a>. Siamo sicuri che rimarrete incantati dalla sua semplice eleganza e dalla sua bellezza naturale. Unisciti a noi nella conservazione della natura e goditi le festivit\u00e0 natalizie con il nostro abete di legno unico.<\/p>\n<p>&nbsp;<\/p>\n<\/div>\n<\/div>\n<blockquote><p>Con la sua semplice eleganza, l&#8217;albero di Capodanno Ana porta un pezzo di natura in qualsiasi stanza, che si tratti di un soggiorno domestico o di uno spazio commerciale. \u00c8 completamente naturale e di facile manutenzione, in quanto non ha aghi che potrebbero cadere, n\u00e9 parti flessibili che potrebbero danneggiarsi. Il nostro abete di legno, unico nel suo genere, sostituir\u00e0 definitivamente l&#8217;albero di Natale naturale e contribuir\u00e0 cos\u00ec a preservare le nostre foreste. L&#8217;abete di Capodanno Anna in profondit\u00e0 occupa pochissimo spazio, quindi \u00e8 adatto anche per stanze piccole. In versione bianco rustico, \u00e8 particolarmente indicato per ambienti shabby chic. Per la decorazione e l&#8217;illuminazione, puoi utilizzare i candelabri in legno del nostro programma. Non \u00e8 richiesto alcun assemblaggio. Puoi anche vedere l&#8217;albero di Capodanno Ana nel nostro ambiente di Capodanno.<\/p><\/blockquote>\n<p>&nbsp;<\/p>\n","protected":false},"excerpt":{"rendered":"<p><strong><span style=\"color: #c4963c;\">\u2192 Fatto a mano<\/span><\/strong><strong><span style=\"color: #c4963c;\"><br \/>\n<\/span><span style=\"color: #c4963c;\">\u2192 Unico<\/span><\/strong><br \/>\n<strong><span style=\"color: #c4963c;\">\u2192 Senza aghi<\/span><\/strong><\/p>\n","protected":false},"featured_media":14515,"comment_status":"open","ping_status":"closed","template":"","meta":[],"product_brand":[],"product_cat":[368],"product_tag":[240,213],"class_list":{"0":"post-17876","1":"product","2":"type-product","3":"status-publish","4":"has-post-thumbnail","6":"product_cat-alberi-di-natale-di-capodanno","7":"product_tag-atmosfera-di-capodanno","8":"product_tag-nuovo","10":"first","11":"instock","12":"taxable","13":"shipping-taxable","14":"purchasable","15":"product-type-simple"},"yoast_head":"<!-- This site is optimized with the Yoast SEO plugin v27.2 - https:\/\/yoast.com\/product\/yoast-seo-wordpress\/ -->\n<title>Albero di Capodanno Ana - Porta un pezzo di natura a casa tua<\/title>\n<meta name=\"description\" content=\"Con la sua semplice eleganza, l&#039;albero di Capodanno Ana porta un pezzo di natura in ogni stanza. \u00c8 completamente naturale e senza pretese da mantenere.\" \/>\n<meta name=\"robots\" content=\"index, follow, max-snippet:-1, max-image-preview:large, max-video-preview:-1\" \/>\n<link rel=\"canonical\" href=\"https:\/\/pavidecor.si\/it\/prodotto\/albero-di-capodanno-ana-bianco-rustico-90x34x18cm\/\" \/>\n<meta property=\"og:locale\" content=\"it_IT\" \/>\n<meta property=\"og:type\" content=\"article\" \/>\n<meta property=\"og:title\" content=\"Albero di Capodanno Ana - Porta un pezzo di natura a casa tua\" \/>\n<meta property=\"og:description\" content=\"Con la sua semplice eleganza, l&#039;albero di Capodanno Ana porta un pezzo di natura in ogni stanza. \u00c8 completamente naturale e senza pretese da mantenere.\" \/>\n<meta property=\"og:url\" content=\"https:\/\/pavidecor.si\/it\/prodotto\/albero-di-capodanno-ana-bianco-rustico-90x34x18cm\/\" \/>\n<meta property=\"og:site_name\" content=\"Pavi Decor\" \/>\n<meta property=\"article:modified_time\" content=\"2026-04-26T07:10:53+00:00\" \/>\n<meta property=\"og:image\" content=\"https:\/\/pavidecor.si\/wp-content\/uploads\/2022\/03\/Novoletna-jelka-Ana-No.1284-1-scaled.jpg\" \/>\n\t<meta property=\"og:image:width\" content=\"2560\" \/>\n\t<meta property=\"og:image:height\" content=\"2560\" \/>\n\t<meta property=\"og:image:type\" content=\"image\/jpeg\" \/>\n<meta name=\"twitter:card\" content=\"summary_large_image\" \/>\n<meta name=\"twitter:label1\" content=\"Tempo di lettura stimato\" \/>\n\t<meta name=\"twitter:data1\" content=\"4 minuti\" \/>\n<script type=\"application\/ld+json\" class=\"yoast-schema-graph\">{\"@context\":\"https:\/\/schema.org\",\"@graph\":[{\"@type\":\"WebPage\",\"@id\":\"https:\/\/pavidecor.si\/it\/prodotto\/albero-di-capodanno-ana-bianco-rustico-90x34x18cm\/\",\"url\":\"https:\/\/pavidecor.si\/it\/prodotto\/albero-di-capodanno-ana-bianco-rustico-90x34x18cm\/\",\"name\":\"Albero di Capodanno Ana - Porta un pezzo di natura a casa tua\",\"isPartOf\":{\"@id\":\"https:\/\/pavidecor.si\/it\/#website\"},\"primaryImageOfPage\":{\"@id\":\"https:\/\/pavidecor.si\/it\/prodotto\/albero-di-capodanno-ana-bianco-rustico-90x34x18cm\/#primaryimage\"},\"image\":{\"@id\":\"https:\/\/pavidecor.si\/it\/prodotto\/albero-di-capodanno-ana-bianco-rustico-90x34x18cm\/#primaryimage\"},\"thumbnailUrl\":\"https:\/\/pavidecor.si\/wp-content\/uploads\/2022\/03\/Novoletna-jelka-Ana-No.1284-1-scaled.jpg\",\"datePublished\":\"2022-11-11T10:56:45+00:00\",\"dateModified\":\"2026-04-26T07:10:53+00:00\",\"description\":\"Con la sua semplice eleganza, l'albero di Capodanno Ana porta un pezzo di natura in ogni stanza. \u00c8 completamente naturale e senza pretese da mantenere.\",\"breadcrumb\":{\"@id\":\"https:\/\/pavidecor.si\/it\/prodotto\/albero-di-capodanno-ana-bianco-rustico-90x34x18cm\/#breadcrumb\"},\"inLanguage\":\"it-IT\",\"potentialAction\":[{\"@type\":\"ReadAction\",\"target\":[\"https:\/\/pavidecor.si\/it\/prodotto\/albero-di-capodanno-ana-bianco-rustico-90x34x18cm\/\"]}]},{\"@type\":\"ImageObject\",\"inLanguage\":\"it-IT\",\"@id\":\"https:\/\/pavidecor.si\/it\/prodotto\/albero-di-capodanno-ana-bianco-rustico-90x34x18cm\/#primaryimage\",\"url\":\"https:\/\/pavidecor.si\/wp-content\/uploads\/2022\/03\/Novoletna-jelka-Ana-No.1284-1-scaled.jpg\",\"contentUrl\":\"https:\/\/pavidecor.si\/wp-content\/uploads\/2022\/03\/Novoletna-jelka-Ana-No.1284-1-scaled.jpg\",\"width\":2560,\"height\":2560,\"caption\":\"PAVI DECOR\"},{\"@type\":\"BreadcrumbList\",\"@id\":\"https:\/\/pavidecor.si\/it\/prodotto\/albero-di-capodanno-ana-bianco-rustico-90x34x18cm\/#breadcrumb\",\"itemListElement\":[{\"@type\":\"ListItem\",\"position\":1,\"name\":\"Domov\",\"item\":\"https:\/\/pavidecor.si\/it\/\"},{\"@type\":\"ListItem\",\"position\":2,\"name\":\"Negozio online\",\"item\":\"https:\/\/pavidecor.si\/it\/negozio-online\/\"},{\"@type\":\"ListItem\",\"position\":3,\"name\":\"Albero di Capodanno Ana bianco rustico 90x34x18cm\"}]},{\"@type\":\"WebSite\",\"@id\":\"https:\/\/pavidecor.si\/it\/#website\",\"url\":\"https:\/\/pavidecor.si\/it\/\",\"name\":\"Pavi Decor\",\"description\":\"Leseni unikati ustvarjeni iz ljubezni do lesa in narave.\",\"potentialAction\":[{\"@type\":\"SearchAction\",\"target\":{\"@type\":\"EntryPoint\",\"urlTemplate\":\"https:\/\/pavidecor.si\/it\/?s={search_term_string}\"},\"query-input\":{\"@type\":\"PropertyValueSpecification\",\"valueRequired\":true,\"valueName\":\"search_term_string\"}}],\"inLanguage\":\"it-IT\"}]}<\/script>\n<!-- \/ Yoast SEO plugin. -->","yoast_head_json":{"title":"Albero di Capodanno Ana - Porta un pezzo di natura a casa tua","description":"Con la sua semplice eleganza, l'albero di Capodanno Ana porta un pezzo di natura in ogni stanza. \u00c8 completamente naturale e senza pretese da mantenere.","robots":{"index":"index","follow":"follow","max-snippet":"max-snippet:-1","max-image-preview":"max-image-preview:large","max-video-preview":"max-video-preview:-1"},"canonical":"https:\/\/pavidecor.si\/it\/prodotto\/albero-di-capodanno-ana-bianco-rustico-90x34x18cm\/","og_locale":"it_IT","og_type":"article","og_title":"Albero di Capodanno Ana - Porta un pezzo di natura a casa tua","og_description":"Con la sua semplice eleganza, l'albero di Capodanno Ana porta un pezzo di natura in ogni stanza. \u00c8 completamente naturale e senza pretese da mantenere.","og_url":"https:\/\/pavidecor.si\/it\/prodotto\/albero-di-capodanno-ana-bianco-rustico-90x34x18cm\/","og_site_name":"Pavi Decor","article_modified_time":"2026-04-26T07:10:53+00:00","og_image":[{"width":2560,"height":2560,"url":"https:\/\/pavidecor.si\/wp-content\/uploads\/2022\/03\/Novoletna-jelka-Ana-No.1284-1-scaled.jpg","type":"image\/jpeg"}],"twitter_card":"summary_large_image","twitter_misc":{"Tempo di lettura stimato":"4 minuti"},"schema":{"@context":"https:\/\/schema.org","@graph":[{"@type":"WebPage","@id":"https:\/\/pavidecor.si\/it\/prodotto\/albero-di-capodanno-ana-bianco-rustico-90x34x18cm\/","url":"https:\/\/pavidecor.si\/it\/prodotto\/albero-di-capodanno-ana-bianco-rustico-90x34x18cm\/","name":"Albero di Capodanno Ana - Porta un pezzo di natura a casa tua","isPartOf":{"@id":"https:\/\/pavidecor.si\/it\/#website"},"primaryImageOfPage":{"@id":"https:\/\/pavidecor.si\/it\/prodotto\/albero-di-capodanno-ana-bianco-rustico-90x34x18cm\/#primaryimage"},"image":{"@id":"https:\/\/pavidecor.si\/it\/prodotto\/albero-di-capodanno-ana-bianco-rustico-90x34x18cm\/#primaryimage"},"thumbnailUrl":"https:\/\/pavidecor.si\/wp-content\/uploads\/2022\/03\/Novoletna-jelka-Ana-No.1284-1-scaled.jpg","datePublished":"2022-11-11T10:56:45+00:00","dateModified":"2026-04-26T07:10:53+00:00","description":"Con la sua semplice eleganza, l'albero di Capodanno Ana porta un pezzo di natura in ogni stanza. \u00c8 completamente naturale e senza pretese da mantenere.","breadcrumb":{"@id":"https:\/\/pavidecor.si\/it\/prodotto\/albero-di-capodanno-ana-bianco-rustico-90x34x18cm\/#breadcrumb"},"inLanguage":"it-IT","potentialAction":[{"@type":"ReadAction","target":["https:\/\/pavidecor.si\/it\/prodotto\/albero-di-capodanno-ana-bianco-rustico-90x34x18cm\/"]}]},{"@type":"ImageObject","inLanguage":"it-IT","@id":"https:\/\/pavidecor.si\/it\/prodotto\/albero-di-capodanno-ana-bianco-rustico-90x34x18cm\/#primaryimage","url":"https:\/\/pavidecor.si\/wp-content\/uploads\/2022\/03\/Novoletna-jelka-Ana-No.1284-1-scaled.jpg","contentUrl":"https:\/\/pavidecor.si\/wp-content\/uploads\/2022\/03\/Novoletna-jelka-Ana-No.1284-1-scaled.jpg","width":2560,"height":2560,"caption":"PAVI DECOR"},{"@type":"BreadcrumbList","@id":"https:\/\/pavidecor.si\/it\/prodotto\/albero-di-capodanno-ana-bianco-rustico-90x34x18cm\/#breadcrumb","itemListElement":[{"@type":"ListItem","position":1,"name":"Domov","item":"https:\/\/pavidecor.si\/it\/"},{"@type":"ListItem","position":2,"name":"Negozio online","item":"https:\/\/pavidecor.si\/it\/negozio-online\/"},{"@type":"ListItem","position":3,"name":"Albero di Capodanno Ana bianco rustico 90x34x18cm"}]},{"@type":"WebSite","@id":"https:\/\/pavidecor.si\/it\/#website","url":"https:\/\/pavidecor.si\/it\/","name":"Pavi Decor","description":"Leseni unikati ustvarjeni iz ljubezni do lesa in narave.","potentialAction":[{"@type":"SearchAction","target":{"@type":"EntryPoint","urlTemplate":"https:\/\/pavidecor.si\/it\/?s={search_term_string}"},"query-input":{"@type":"PropertyValueSpecification","valueRequired":true,"valueName":"search_term_string"}}],"inLanguage":"it-IT"}]}},"_links":{"self":[{"href":"https:\/\/pavidecor.si\/it\/wp-json\/wp\/v2\/product\/17876","targetHints":{"allow":["GET"]}}],"collection":[{"href":"https:\/\/pavidecor.si\/it\/wp-json\/wp\/v2\/product"}],"about":[{"href":"https:\/\/pavidecor.si\/it\/wp-json\/wp\/v2\/types\/product"}],"replies":[{"embeddable":true,"href":"https:\/\/pavidecor.si\/it\/wp-json\/wp\/v2\/comments?post=17876"}],"wp:featuredmedia":[{"embeddable":true,"href":"https:\/\/pavidecor.si\/it\/wp-json\/wp\/v2\/media\/14515"}],"wp:attachment":[{"href":"https:\/\/pavidecor.si\/it\/wp-json\/wp\/v2\/media?parent=17876"}],"wp:term":[{"taxonomy":"product_brand","embeddable":true,"href":"https:\/\/pavidecor.si\/it\/wp-json\/wp\/v2\/product_brand?post=17876"},{"taxonomy":"product_cat","embeddable":true,"href":"https:\/\/pavidecor.si\/it\/wp-json\/wp\/v2\/product_cat?post=17876"},{"taxonomy":"product_tag","embeddable":true,"href":"https:\/\/pavidecor.si\/it\/wp-json\/wp\/v2\/product_tag?post=17876"}],"curies":[{"name":"wp","href":"https:\/\/api.w.org\/{rel}","templated":true}]}}