	{"id":17509,"date":"2022-07-26T08:47:26","date_gmt":"2022-07-26T08:47:26","guid":{"rendered":"https:\/\/pavidecor.si\/product\/tavolo-club-roma-o60x63cm\/"},"modified":"2026-05-06T09:15:24","modified_gmt":"2026-05-06T09:15:24","slug":"tavolino-da-caffe-roma-o60x63cm","status":"publish","type":"product","link":"https:\/\/pavidecor.si\/it\/prodotto\/tavolino-da-caffe-roma-o60x63cm\/","title":{"rendered":"Tavolino da caff\u00e8 Roma \u00f860x63cm"},"content":{"rendered":"<p><span class=\"prvimanjsinaslovopis\"><br \/>\nTavolino da caff\u00e8 Roma &#8211; Eleganza e funzionalit\u00e0 in legno massello<\/span><\/p>\n<p>&nbsp;<\/p>\n<h2><span class=\"odebeljenopis\"><strong><br \/>\nScopri la bellezza e l&#8217;unicit\u00e0 del nostro tavolino da caff\u00e8 Roma, realizzata a mano da un unico pezzo di legno. Ogni pezzo \u00e8 un&#8217;opera d&#8217;arte che unisce la tradizione artigianale con un design moderno, perfetta per ogni ambiente della tua casa.<\/strong><\/span><\/h2>\n<p>&nbsp;<\/p>\n<div class=\"row\">\n<div class=\"col-sm-6 \" style=\"margin-top: 30px;\"><center><img decoding=\"async\" class=\"lazyload img-responsive\" style=\"margin: 0px auto; max-width: 100%;\" src=\"data:image\/svg+xml,%3Csvg%20xmlns%3D%27http%3A%2F%2Fwww.w3.org%2F2000%2Fsvg%27%20width%3D%272560%27%20height%3D%272560%27%20viewBox%3D%270%200%202560%202560%27%3E%3Crect%20width%3D%272560%27%20height%3D%272560%27%20fill-opacity%3D%220%22%2F%3E%3C%2Fsvg%3E\" data-orig-src=\"https:\/\/pavidecor.si\/wp-content\/uploads\/2022\/07\/Klubska-mizica-Roma-bela-No.0105-1-scaled.jpg\" \/><\/center><\/div>\n<div class=\"col-sm-6\" style=\"margin-top: 40px;\">\n<p>&nbsp;<\/p>\n<h3>Design Unico e Artigianale<\/h3>\n<p>Il t<span class=\"prvimanjsinaslovopis\">avolino da caff\u00e8 Roma<\/span> \u00e8 un esempio straordinario di come l&#8217;amore per il legno e la natura possa trasformarsi in un prodotto di alta qualit\u00e0. Ogni tavolino \u00e8 realizzato a mano, mantenendo la maggior parte della struttura originale del tronco. Questo processo artigianale non solo preserva la bellezza naturale del legno, ma conferisce anche a ogni pezzo un aspetto autentico e unico. Le venature e le piccole crepe nel legno non sono solo segni di usura, ma aggiungono un fascino decorativo che rende ogni tavolino un vero e proprio pezzo da collezione.<\/p>\n<p>La nostra azienda, PAVI DECOR di Lubiana, si dedica alla creazione di prodotti unici, frutto della nostra esperienza e creativit\u00e0. Ogni tavolino \u00e8 realizzato in Slovenia, utilizzando tecniche tradizionali di assemblaggio che rispecchiano il lavoro dei maestri artigiani del passato. Questo approccio garantisce che ogni pezzo non sia solo un oggetto funzionale, ma anche un&#8217;opera d&#8217;arte che arricchisce l&#8217;ambiente in cui viene collocato.<\/p>\n<p>&nbsp;<\/p>\n<\/div>\n<\/div>\n<div class=\"row\">\n<div class=\"col-sm-6 col-sm-push-6\" style=\"margin-top: 30px;\"><center><img decoding=\"async\" class=\"lazyload img-responsive\" style=\"margin: 0px auto; max-width: 100%;\" src=\"data:image\/svg+xml,%3Csvg%20xmlns%3D%27http%3A%2F%2Fwww.w3.org%2F2000%2Fsvg%27%20width%3D%272560%27%20height%3D%272560%27%20viewBox%3D%270%200%202560%202560%27%3E%3Crect%20width%3D%272560%27%20height%3D%272560%27%20fill-opacity%3D%220%22%2F%3E%3C%2Fsvg%3E\" data-orig-src=\" https:\/\/pavidecor.si\/wp-content\/uploads\/2022\/07\/Klubska-mizica-Roma-bela-No.0105-2-2-scaled.jpg\" \/><\/center><\/div>\n<div class=\"col-sm-6 col-sm-pull-6\" style=\"margin-top: 40px;\">\n<p>&nbsp;<\/p>\n<h3>Versatilit\u00e0 e Funzionalit\u00e0<\/h3>\n<p>Il t<span class=\"prvimanjsinaslovopis\">avolino club Roma<\/span> non \u00e8 solo bello, ma anche estremamente versatile. Grazie alle sue tre gambe in metallo, offre stabilit\u00e0 su qualsiasi superficie, anche su terreni irregolari. Pu\u00f2 essere utilizzato in molti vari contesti. Dal soggiorno alla sala da pranzo, come comodino in camera da letto, o come tavolino in un ufficio. La sua superficie massiccia in un elegante bianco rustico aggiunge un tocco di calore e raffinatezza a qualsiasi spazio.<\/p>\n<p>Inoltre, il t<span class=\"prvimanjsinaslovopis\">avolino da caff\u00e8 Roma<\/span> \u00e8 perfetto per esterni, come terrazze, balconi o giardini. La sua resistenza e il suo design lo rendono un complemento ideale per ogni ambiente, sia interno che esterno. Non dimenticare di dare un&#8217;occhiata al nostro <a href=\"https:\/\/pavidecor.si\/it\/projects\/atmosfera-di-capodanno\/\"><strong><span style=\"color: #3366ff;\">ambiente natalizio<\/span><\/strong><\/a>, dove puoi vedere come questo tavolino si integra perfettamente in diverse decorazioni.<\/p>\n<p>&nbsp;<\/p>\n<\/div>\n<\/div>\n<div class=\"row\">\n<div class=\"col-sm-6\" style=\"margin-top: 30px;\"><center><img decoding=\"async\" class=\"lazyload img-responsive\" style=\"margin: 0px auto; max-width: 100%;\" src=\"data:image\/svg+xml,%3Csvg%20xmlns%3D%27http%3A%2F%2Fwww.w3.org%2F2000%2Fsvg%27%20width%3D%272560%27%20height%3D%272560%27%20viewBox%3D%270%200%202560%202560%27%3E%3Crect%20width%3D%272560%27%20height%3D%272560%27%20fill-opacity%3D%220%22%2F%3E%3C%2Fsvg%3E\" data-orig-src=\" https:\/\/pavidecor.si\/wp-content\/uploads\/2022\/07\/Klubska-mizica-Roma-bela-No.0105-3-2-scaled.jpg\" \/><\/center><\/div>\n<div class=\"col-sm-6\" style=\"margin-top: 40px;\">\n<p>&nbsp;<\/p>\n<h3>Specifiche del Prodotto<\/h3>\n<p>Il t<span class=\"prvimanjsinaslovopis\">avolino da caff\u00e8 Roma<\/span> \u00e8 realizzato in legno massello, con una superficie che mantiene la sua struttura originale. Le dimensioni e il design lo rendono adatta a vari utilizzi, sia come tavolino da caff\u00e8 che come comodino. Le gambe in metallo garantiscono stabilit\u00e0 e durata nel tempo.<\/p>\n<p>Caratteristiche principali:<br \/>\n&#8211; Materiale: Legno massello<br \/>\n&#8211; Colore: Bianco rustico<br \/>\n&#8211; Utilizzo: Tavolino club, comodino, tavolino da giardino<br \/>\n&#8211; Produzione: Realizzato a mano in Slovenia da PAVI DECOR.<\/p>\n<\/div>\n<\/div>\n<p>&nbsp;<\/p>\n","protected":false},"excerpt":{"rendered":"<p><strong><span style=\"color: #c4963c;\">\u2192 Artigianato<br \/>\n<\/span><span style=\"color: #c4963c;\">\u2192 Unico<\/span><\/strong><\/p>\n","protected":false},"featured_media":17511,"comment_status":"open","ping_status":"closed","template":"","meta":[],"product_brand":[],"product_cat":[220],"product_tag":[240,213],"class_list":{"0":"post-17509","1":"product","2":"type-product","3":"status-publish","4":"has-post-thumbnail","6":"product_cat-tavoli-club","7":"product_tag-atmosfera-di-capodanno","8":"product_tag-nuovo","10":"first","11":"instock","12":"sold-individually","13":"taxable","14":"shipping-taxable","15":"purchasable","16":"product-type-simple"},"yoast_head":"<!-- This site is optimized with the Yoast SEO plugin v27.2 - https:\/\/yoast.com\/product\/yoast-seo-wordpress\/ -->\n<title>Tavolino da caff\u00e8 Roma - Eleganza e funzionalit\u00e0 in legno massello<\/title>\n<meta name=\"description\" content=\"Il tavolino da caff\u00e8 \u00e8 ricavato a mano da un pezzo di tronco d&#039;albero e trattato per mantenere la struttura originale del legno, con annate e crepe.\" \/>\n<meta name=\"robots\" content=\"index, follow, max-snippet:-1, max-image-preview:large, max-video-preview:-1\" \/>\n<link rel=\"canonical\" href=\"https:\/\/pavidecor.si\/it\/prodotto\/tavolino-da-caffe-roma-o60x63cm\/\" \/>\n<meta property=\"og:locale\" content=\"it_IT\" \/>\n<meta property=\"og:type\" content=\"article\" \/>\n<meta property=\"og:title\" content=\"Tavolino da caff\u00e8 Roma - Eleganza e funzionalit\u00e0 in legno massello\" \/>\n<meta property=\"og:description\" content=\"Il tavolino da caff\u00e8 \u00e8 ricavato a mano da un pezzo di tronco d&#039;albero e trattato per mantenere la struttura originale del legno, con annate e crepe.\" \/>\n<meta property=\"og:url\" content=\"https:\/\/pavidecor.si\/it\/prodotto\/tavolino-da-caffe-roma-o60x63cm\/\" \/>\n<meta property=\"og:site_name\" content=\"Pavi Decor\" \/>\n<meta property=\"article:modified_time\" content=\"2026-05-06T09:15:24+00:00\" \/>\n<meta property=\"og:image\" content=\"https:\/\/pavidecor.si\/wp-content\/uploads\/2022\/07\/Klubska-mizica-Roma-bela-No.0105-1-scaled.jpg\" \/>\n\t<meta property=\"og:image:width\" content=\"2560\" \/>\n\t<meta property=\"og:image:height\" content=\"2560\" \/>\n\t<meta property=\"og:image:type\" content=\"image\/jpeg\" \/>\n<meta name=\"twitter:card\" content=\"summary_large_image\" \/>\n<meta name=\"twitter:label1\" content=\"Tempo di lettura stimato\" \/>\n\t<meta name=\"twitter:data1\" content=\"4 minuti\" \/>\n<script type=\"application\/ld+json\" class=\"yoast-schema-graph\">{\"@context\":\"https:\/\/schema.org\",\"@graph\":[{\"@type\":\"WebPage\",\"@id\":\"https:\/\/pavidecor.si\/it\/prodotto\/tavolino-da-caffe-roma-o60x63cm\/\",\"url\":\"https:\/\/pavidecor.si\/it\/prodotto\/tavolino-da-caffe-roma-o60x63cm\/\",\"name\":\"Tavolino da caff\u00e8 Roma - Eleganza e funzionalit\u00e0 in legno massello\",\"isPartOf\":{\"@id\":\"https:\/\/pavidecor.si\/it\/#website\"},\"primaryImageOfPage\":{\"@id\":\"https:\/\/pavidecor.si\/it\/prodotto\/tavolino-da-caffe-roma-o60x63cm\/#primaryimage\"},\"image\":{\"@id\":\"https:\/\/pavidecor.si\/it\/prodotto\/tavolino-da-caffe-roma-o60x63cm\/#primaryimage\"},\"thumbnailUrl\":\"https:\/\/pavidecor.si\/wp-content\/uploads\/2022\/07\/Klubska-mizica-Roma-bela-No.0105-1-scaled.jpg\",\"datePublished\":\"2022-07-26T08:47:26+00:00\",\"dateModified\":\"2026-05-06T09:15:24+00:00\",\"description\":\"Il tavolino da caff\u00e8 \u00e8 ricavato a mano da un pezzo di tronco d'albero e trattato per mantenere la struttura originale del legno, con annate e crepe.\",\"breadcrumb\":{\"@id\":\"https:\/\/pavidecor.si\/it\/prodotto\/tavolino-da-caffe-roma-o60x63cm\/#breadcrumb\"},\"inLanguage\":\"it-IT\",\"potentialAction\":[{\"@type\":\"ReadAction\",\"target\":[\"https:\/\/pavidecor.si\/it\/prodotto\/tavolino-da-caffe-roma-o60x63cm\/\"]}]},{\"@type\":\"ImageObject\",\"inLanguage\":\"it-IT\",\"@id\":\"https:\/\/pavidecor.si\/it\/prodotto\/tavolino-da-caffe-roma-o60x63cm\/#primaryimage\",\"url\":\"https:\/\/pavidecor.si\/wp-content\/uploads\/2022\/07\/Klubska-mizica-Roma-bela-No.0105-1-scaled.jpg\",\"contentUrl\":\"https:\/\/pavidecor.si\/wp-content\/uploads\/2022\/07\/Klubska-mizica-Roma-bela-No.0105-1-scaled.jpg\",\"width\":2560,\"height\":2560,\"caption\":\"PAVI DECOR\"},{\"@type\":\"BreadcrumbList\",\"@id\":\"https:\/\/pavidecor.si\/it\/prodotto\/tavolino-da-caffe-roma-o60x63cm\/#breadcrumb\",\"itemListElement\":[{\"@type\":\"ListItem\",\"position\":1,\"name\":\"Domov\",\"item\":\"https:\/\/pavidecor.si\/it\/\"},{\"@type\":\"ListItem\",\"position\":2,\"name\":\"Negozio online\",\"item\":\"https:\/\/pavidecor.si\/it\/negozio-online\/\"},{\"@type\":\"ListItem\",\"position\":3,\"name\":\"Tavolino da caff\u00e8 Roma \u00f860x63cm\"}]},{\"@type\":\"WebSite\",\"@id\":\"https:\/\/pavidecor.si\/it\/#website\",\"url\":\"https:\/\/pavidecor.si\/it\/\",\"name\":\"Pavi Decor\",\"description\":\"Leseni unikati ustvarjeni iz ljubezni do lesa in narave.\",\"potentialAction\":[{\"@type\":\"SearchAction\",\"target\":{\"@type\":\"EntryPoint\",\"urlTemplate\":\"https:\/\/pavidecor.si\/it\/?s={search_term_string}\"},\"query-input\":{\"@type\":\"PropertyValueSpecification\",\"valueRequired\":true,\"valueName\":\"search_term_string\"}}],\"inLanguage\":\"it-IT\"}]}<\/script>\n<!-- \/ Yoast SEO plugin. -->","yoast_head_json":{"title":"Tavolino da caff\u00e8 Roma - Eleganza e funzionalit\u00e0 in legno massello","description":"Il tavolino da caff\u00e8 \u00e8 ricavato a mano da un pezzo di tronco d'albero e trattato per mantenere la struttura originale del legno, con annate e crepe.","robots":{"index":"index","follow":"follow","max-snippet":"max-snippet:-1","max-image-preview":"max-image-preview:large","max-video-preview":"max-video-preview:-1"},"canonical":"https:\/\/pavidecor.si\/it\/prodotto\/tavolino-da-caffe-roma-o60x63cm\/","og_locale":"it_IT","og_type":"article","og_title":"Tavolino da caff\u00e8 Roma - Eleganza e funzionalit\u00e0 in legno massello","og_description":"Il tavolino da caff\u00e8 \u00e8 ricavato a mano da un pezzo di tronco d'albero e trattato per mantenere la struttura originale del legno, con annate e crepe.","og_url":"https:\/\/pavidecor.si\/it\/prodotto\/tavolino-da-caffe-roma-o60x63cm\/","og_site_name":"Pavi Decor","article_modified_time":"2026-05-06T09:15:24+00:00","og_image":[{"width":2560,"height":2560,"url":"https:\/\/pavidecor.si\/wp-content\/uploads\/2022\/07\/Klubska-mizica-Roma-bela-No.0105-1-scaled.jpg","type":"image\/jpeg"}],"twitter_card":"summary_large_image","twitter_misc":{"Tempo di lettura stimato":"4 minuti"},"schema":{"@context":"https:\/\/schema.org","@graph":[{"@type":"WebPage","@id":"https:\/\/pavidecor.si\/it\/prodotto\/tavolino-da-caffe-roma-o60x63cm\/","url":"https:\/\/pavidecor.si\/it\/prodotto\/tavolino-da-caffe-roma-o60x63cm\/","name":"Tavolino da caff\u00e8 Roma - Eleganza e funzionalit\u00e0 in legno massello","isPartOf":{"@id":"https:\/\/pavidecor.si\/it\/#website"},"primaryImageOfPage":{"@id":"https:\/\/pavidecor.si\/it\/prodotto\/tavolino-da-caffe-roma-o60x63cm\/#primaryimage"},"image":{"@id":"https:\/\/pavidecor.si\/it\/prodotto\/tavolino-da-caffe-roma-o60x63cm\/#primaryimage"},"thumbnailUrl":"https:\/\/pavidecor.si\/wp-content\/uploads\/2022\/07\/Klubska-mizica-Roma-bela-No.0105-1-scaled.jpg","datePublished":"2022-07-26T08:47:26+00:00","dateModified":"2026-05-06T09:15:24+00:00","description":"Il tavolino da caff\u00e8 \u00e8 ricavato a mano da un pezzo di tronco d'albero e trattato per mantenere la struttura originale del legno, con annate e crepe.","breadcrumb":{"@id":"https:\/\/pavidecor.si\/it\/prodotto\/tavolino-da-caffe-roma-o60x63cm\/#breadcrumb"},"inLanguage":"it-IT","potentialAction":[{"@type":"ReadAction","target":["https:\/\/pavidecor.si\/it\/prodotto\/tavolino-da-caffe-roma-o60x63cm\/"]}]},{"@type":"ImageObject","inLanguage":"it-IT","@id":"https:\/\/pavidecor.si\/it\/prodotto\/tavolino-da-caffe-roma-o60x63cm\/#primaryimage","url":"https:\/\/pavidecor.si\/wp-content\/uploads\/2022\/07\/Klubska-mizica-Roma-bela-No.0105-1-scaled.jpg","contentUrl":"https:\/\/pavidecor.si\/wp-content\/uploads\/2022\/07\/Klubska-mizica-Roma-bela-No.0105-1-scaled.jpg","width":2560,"height":2560,"caption":"PAVI DECOR"},{"@type":"BreadcrumbList","@id":"https:\/\/pavidecor.si\/it\/prodotto\/tavolino-da-caffe-roma-o60x63cm\/#breadcrumb","itemListElement":[{"@type":"ListItem","position":1,"name":"Domov","item":"https:\/\/pavidecor.si\/it\/"},{"@type":"ListItem","position":2,"name":"Negozio online","item":"https:\/\/pavidecor.si\/it\/negozio-online\/"},{"@type":"ListItem","position":3,"name":"Tavolino da caff\u00e8 Roma \u00f860x63cm"}]},{"@type":"WebSite","@id":"https:\/\/pavidecor.si\/it\/#website","url":"https:\/\/pavidecor.si\/it\/","name":"Pavi Decor","description":"Leseni unikati ustvarjeni iz ljubezni do lesa in narave.","potentialAction":[{"@type":"SearchAction","target":{"@type":"EntryPoint","urlTemplate":"https:\/\/pavidecor.si\/it\/?s={search_term_string}"},"query-input":{"@type":"PropertyValueSpecification","valueRequired":true,"valueName":"search_term_string"}}],"inLanguage":"it-IT"}]}},"_links":{"self":[{"href":"https:\/\/pavidecor.si\/it\/wp-json\/wp\/v2\/product\/17509","targetHints":{"allow":["GET"]}}],"collection":[{"href":"https:\/\/pavidecor.si\/it\/wp-json\/wp\/v2\/product"}],"about":[{"href":"https:\/\/pavidecor.si\/it\/wp-json\/wp\/v2\/types\/product"}],"replies":[{"embeddable":true,"href":"https:\/\/pavidecor.si\/it\/wp-json\/wp\/v2\/comments?post=17509"}],"wp:featuredmedia":[{"embeddable":true,"href":"https:\/\/pavidecor.si\/it\/wp-json\/wp\/v2\/media\/17511"}],"wp:attachment":[{"href":"https:\/\/pavidecor.si\/it\/wp-json\/wp\/v2\/media?parent=17509"}],"wp:term":[{"taxonomy":"product_brand","embeddable":true,"href":"https:\/\/pavidecor.si\/it\/wp-json\/wp\/v2\/product_brand?post=17509"},{"taxonomy":"product_cat","embeddable":true,"href":"https:\/\/pavidecor.si\/it\/wp-json\/wp\/v2\/product_cat?post=17509"},{"taxonomy":"product_tag","embeddable":true,"href":"https:\/\/pavidecor.si\/it\/wp-json\/wp\/v2\/product_tag?post=17509"}],"curies":[{"name":"wp","href":"https:\/\/api.w.org\/{rel}","templated":true}]}}