	{"id":16237,"date":"2022-04-12T10:05:40","date_gmt":"2022-04-12T10:05:40","guid":{"rendered":"https:\/\/pavidecor.si\/product\/tappetino-in-legno-60x40cm\/"},"modified":"2026-04-20T10:18:27","modified_gmt":"2026-04-20T10:18:27","slug":"tappetino-in-legno-60x40cm","status":"publish","type":"product","link":"https:\/\/pavidecor.si\/it\/prodotto\/tappetino-in-legno-60x40cm\/","title":{"rendered":"Tappetino in legno 60x40cm"},"content":{"rendered":"<p><span class=\"prvimanjsinaslovopis\"> Tappetino in Legno per un Accogliente Benvenuto &#8211; La Soluzione Naturale per la Tua Casa<\/span><\/p>\n<p>&nbsp;<\/p>\n<h2><span class=\"odebeljenopis\"><strong> Scopri il nostro Tappetino in legno, un prodotto unico di PAVI DECOR, dove la passione per il legno e la natura si uniscono per creare articoli artigianali di alta qualit\u00e0. Questo tappetino non solo offre una protezione efficace contro sporco e umidit\u00e0, ma aggiunge anche un tocco di eleganza al tuo ingresso, sia che si tratti di una casa o di un&#8217;azienda.<\/strong><\/span><\/h2>\n<p>&nbsp;<\/p>\n<div class=\"row\">\n<div class=\"col-sm-6 \" style=\"margin-top: 30px;\"><center><img decoding=\"async\" class=\"lazyload img-responsive\" style=\"margin: 0px auto; max-width: 100%;\" src=\"data:image\/svg+xml,%3Csvg%20xmlns%3D%27http%3A%2F%2Fwww.w3.org%2F2000%2Fsvg%27%20width%3D%272560%27%20height%3D%272560%27%20viewBox%3D%270%200%202560%202560%27%3E%3Crect%20width%3D%272560%27%20height%3D%272560%27%20fill-opacity%3D%220%22%2F%3E%3C%2Fsvg%3E\" data-orig-src=\"https:\/\/pavidecor.si\/wp-content\/uploads\/2022\/04\/Predpraznik-60x40-2-scaled.jpg\" \/><\/center><\/div>\n<div class=\"col-sm-6\" style=\"margin-top: 40px;\">\n<p>&nbsp;<\/p>\n<h3>Design Unico e Funzionalit\u00e0<\/h3>\n<p>Il nostro tappetino in legno \u00e8 realizzato con listelli di legno massello, un materiale <strong>resistente e durevole<\/strong>, perfetto per affrontare le sfide quotidiane. Grazie alla sua struttura, questo tappeto \u00e8 ideale per l&#8217;uso all&#8217;ingresso, in garage, in veranda o anche come base per vasi di fiori. La sua versatilit\u00e0 lo rende adatto a qualsiasi tipo di superficie, che si tratti di piastrelle, cemento, erba o sabbia. Inoltre, \u00e8 facile da pulire: basta <strong>semplicemente spazzolarlo<\/strong> per rimuovere la polvere e lo sporco accumulato.<\/p>\n<p>&nbsp;<\/p>\n<p>La sua resistenza agli agenti atmosferici lo rende un&#8217;ottima scelta per chi cerca un prodotto che duri nel tempo. I tappi in gomma sul lato inferiore garantiscono una stabilit\u00e0 ottimale. <strong>Impediscono lo scivolamento<\/strong> e garantiscono la sicurezza del tappetino anche in condizioni di bagnato.\u00a0Con il nostro tappetino in legno, non solo proteggi il tuo spazio, ma lo fai con stile e funzionalit\u00e0.<\/p>\n<p>&nbsp;<\/p>\n<\/div>\n<\/div>\n<div class=\"row\">\n<div class=\"col-sm-12\">\n<p>&nbsp;<\/p>\n<h3>Artigianato e Sostenibilit\u00e0<\/h3>\n<p>PAVI DECOR \u00e8 orgogliosa di offrire prodotti realizzati in Slovenia, frutto di abilit\u00e0 artigianale e creativit\u00e0. Ogni tappetino \u00e8 realizzato a mano, seguendo le tecniche tradizionali dei maestri artigiani, il che conferisce a ciascun pezzo un <strong>aspetto autentico e unico<\/strong>. La nostra attenzione ai dettagli si riflette nella qualit\u00e0 dei materiali che utilizziamo. Questo garantisce un prodotto non solo bello, ma anche ecologicamente sostenibile.<\/p>\n<p>&nbsp;<\/p>\n<p>Utilizziamo legno duro, noto per la sua resistenza e per la presenza di tannini, che conferiscono al tappeto una durata eccezionale. Tuttavia, \u00e8 importante notare che, a contatto con l&#8217;umidit\u00e0, il legno pu\u00f2 rilasciare macchie scure. Pertanto, si consiglia di non posizionarlo su superfici delicate. Scegliere un tappetino in legno di PAVI DECOR significa scegliere un prodotto che rispetta l&#8217;ambiente e celebra la <strong>bellezza della natura<\/strong>.<\/p>\n<p>&nbsp;<\/p>\n<\/div>\n<\/div>\n<div class=\"row\">\n<div class=\"col-sm-12\">\n<p>&nbsp;<\/p>\n<h3>Caratteristiche del Prodotto<\/h3>\n<p>Il nostro tappetino in legno \u00e8 progettato per offrire una <strong>protezione efficace contro sporco, umidit\u00e0, calore e freddo<\/strong>. \u00c8 perfetto per l&#8217;uso in vari ambienti, come ingressi, garage, ripostigli, verande o terrazze. Pu\u00f2 essere posizionato su qualsiasi superficie dura (piastrelle, cemento) o anche su erba o sabbia. La sua facilit\u00e0 di pulizia lo rende un&#8217;opzione pratica per chi desidera mantenere il proprio spazio sempre in ordine.<\/p>\n<p>&nbsp;<\/p>\n<p>Realizzato con listelli di legno duro, il tappetino \u00e8 resistente alle intemperie e durevole nel tempo. La sua struttura consente di <strong>arrotolarlo facilmente<\/strong> per una comoda conservazione. I tappi in gomma sulla parte inferiore prevengono lo scivolamento, garantendo sicurezza e stabilit\u00e0. Ricordate che il legno duro pu\u00f2 rilasciare tannini che, se esposti all&#8217;umidit\u00e0, possono causare macchie scure. Pertanto, se ne sconsiglia l&#8217;uso su superfici delicate.<\/p>\n<\/div>\n<\/div>\n<p>&nbsp;<\/p>\n","protected":false},"excerpt":{"rendered":"<p><strong><span style=\"color: #c4963c;\">\u2192 Facile manutenzione<br \/>\n<\/span><span style=\"color: #c4963c;\">\u2192 Legno resistente<\/span><\/strong><\/p>\n","protected":false},"featured_media":16239,"comment_status":"open","ping_status":"closed","template":"","meta":[],"product_brand":[],"product_cat":[359],"product_tag":[],"class_list":{"0":"post-16237","1":"product","2":"type-product","3":"status-publish","4":"has-post-thumbnail","6":"product_cat-tappeti-e-stuoie","8":"first","9":"outofstock","10":"taxable","11":"shipping-taxable","12":"purchasable","13":"product-type-simple"},"yoast_head":"<!-- This site is optimized with the Yoast SEO plugin v27.2 - https:\/\/yoast.com\/product\/yoast-seo-wordpress\/ -->\n<title>Tappetino in Legno per un Accogliente Benvenuto - PAVI DECOR<\/title>\n<meta name=\"description\" content=\"Tappetino in legno per la casa \u00e8 resistente alle intemperie, durevole ed ecologicamente accettabile. \u00c8 molto facile da pulire e riporre.\" \/>\n<meta name=\"robots\" content=\"index, follow, max-snippet:-1, max-image-preview:large, max-video-preview:-1\" \/>\n<link rel=\"canonical\" href=\"https:\/\/pavidecor.si\/it\/prodotto\/tappetino-in-legno-60x40cm\/\" \/>\n<meta property=\"og:locale\" content=\"it_IT\" \/>\n<meta property=\"og:type\" content=\"article\" \/>\n<meta property=\"og:title\" content=\"Tappetino in Legno per un Accogliente Benvenuto - PAVI DECOR\" \/>\n<meta property=\"og:description\" content=\"Tappetino in legno per la casa \u00e8 resistente alle intemperie, durevole ed ecologicamente accettabile. \u00c8 molto facile da pulire e riporre.\" \/>\n<meta property=\"og:url\" content=\"https:\/\/pavidecor.si\/it\/prodotto\/tappetino-in-legno-60x40cm\/\" \/>\n<meta property=\"og:site_name\" content=\"Pavi Decor\" \/>\n<meta property=\"article:modified_time\" content=\"2026-04-20T10:18:27+00:00\" \/>\n<meta property=\"og:image\" content=\"https:\/\/pavidecor.si\/wp-content\/uploads\/2022\/04\/Predpraznik-60x40-2-scaled.jpg\" \/>\n\t<meta property=\"og:image:width\" content=\"2560\" \/>\n\t<meta property=\"og:image:height\" content=\"2560\" \/>\n\t<meta property=\"og:image:type\" content=\"image\/jpeg\" \/>\n<meta name=\"twitter:card\" content=\"summary_large_image\" \/>\n<meta name=\"twitter:label1\" content=\"Tempo di lettura stimato\" \/>\n\t<meta name=\"twitter:data1\" content=\"4 minuti\" \/>\n<script type=\"application\/ld+json\" class=\"yoast-schema-graph\">{\"@context\":\"https:\/\/schema.org\",\"@graph\":[{\"@type\":\"WebPage\",\"@id\":\"https:\/\/pavidecor.si\/it\/prodotto\/tappetino-in-legno-60x40cm\/\",\"url\":\"https:\/\/pavidecor.si\/it\/prodotto\/tappetino-in-legno-60x40cm\/\",\"name\":\"Tappetino in Legno per un Accogliente Benvenuto - PAVI DECOR\",\"isPartOf\":{\"@id\":\"https:\/\/pavidecor.si\/it\/#website\"},\"primaryImageOfPage\":{\"@id\":\"https:\/\/pavidecor.si\/it\/prodotto\/tappetino-in-legno-60x40cm\/#primaryimage\"},\"image\":{\"@id\":\"https:\/\/pavidecor.si\/it\/prodotto\/tappetino-in-legno-60x40cm\/#primaryimage\"},\"thumbnailUrl\":\"https:\/\/pavidecor.si\/wp-content\/uploads\/2022\/04\/Predpraznik-60x40-2-scaled.jpg\",\"datePublished\":\"2022-04-12T10:05:40+00:00\",\"dateModified\":\"2026-04-20T10:18:27+00:00\",\"description\":\"Tappetino in legno per la casa \u00e8 resistente alle intemperie, durevole ed ecologicamente accettabile. \u00c8 molto facile da pulire e riporre.\",\"breadcrumb\":{\"@id\":\"https:\/\/pavidecor.si\/it\/prodotto\/tappetino-in-legno-60x40cm\/#breadcrumb\"},\"inLanguage\":\"it-IT\",\"potentialAction\":[{\"@type\":\"ReadAction\",\"target\":[\"https:\/\/pavidecor.si\/it\/prodotto\/tappetino-in-legno-60x40cm\/\"]}]},{\"@type\":\"ImageObject\",\"inLanguage\":\"it-IT\",\"@id\":\"https:\/\/pavidecor.si\/it\/prodotto\/tappetino-in-legno-60x40cm\/#primaryimage\",\"url\":\"https:\/\/pavidecor.si\/wp-content\/uploads\/2022\/04\/Predpraznik-60x40-2-scaled.jpg\",\"contentUrl\":\"https:\/\/pavidecor.si\/wp-content\/uploads\/2022\/04\/Predpraznik-60x40-2-scaled.jpg\",\"width\":2560,\"height\":2560,\"caption\":\"PAVI DECOR\"},{\"@type\":\"BreadcrumbList\",\"@id\":\"https:\/\/pavidecor.si\/it\/prodotto\/tappetino-in-legno-60x40cm\/#breadcrumb\",\"itemListElement\":[{\"@type\":\"ListItem\",\"position\":1,\"name\":\"Domov\",\"item\":\"https:\/\/pavidecor.si\/it\/\"},{\"@type\":\"ListItem\",\"position\":2,\"name\":\"Negozio online\",\"item\":\"https:\/\/pavidecor.si\/it\/negozio-online\/\"},{\"@type\":\"ListItem\",\"position\":3,\"name\":\"Tappetino in legno 60x40cm\"}]},{\"@type\":\"WebSite\",\"@id\":\"https:\/\/pavidecor.si\/it\/#website\",\"url\":\"https:\/\/pavidecor.si\/it\/\",\"name\":\"Pavi Decor\",\"description\":\"Leseni unikati ustvarjeni iz ljubezni do lesa in narave.\",\"potentialAction\":[{\"@type\":\"SearchAction\",\"target\":{\"@type\":\"EntryPoint\",\"urlTemplate\":\"https:\/\/pavidecor.si\/it\/?s={search_term_string}\"},\"query-input\":{\"@type\":\"PropertyValueSpecification\",\"valueRequired\":true,\"valueName\":\"search_term_string\"}}],\"inLanguage\":\"it-IT\"}]}<\/script>\n<!-- \/ Yoast SEO plugin. -->","yoast_head_json":{"title":"Tappetino in Legno per un Accogliente Benvenuto - PAVI DECOR","description":"Tappetino in legno per la casa \u00e8 resistente alle intemperie, durevole ed ecologicamente accettabile. \u00c8 molto facile da pulire e riporre.","robots":{"index":"index","follow":"follow","max-snippet":"max-snippet:-1","max-image-preview":"max-image-preview:large","max-video-preview":"max-video-preview:-1"},"canonical":"https:\/\/pavidecor.si\/it\/prodotto\/tappetino-in-legno-60x40cm\/","og_locale":"it_IT","og_type":"article","og_title":"Tappetino in Legno per un Accogliente Benvenuto - PAVI DECOR","og_description":"Tappetino in legno per la casa \u00e8 resistente alle intemperie, durevole ed ecologicamente accettabile. \u00c8 molto facile da pulire e riporre.","og_url":"https:\/\/pavidecor.si\/it\/prodotto\/tappetino-in-legno-60x40cm\/","og_site_name":"Pavi Decor","article_modified_time":"2026-04-20T10:18:27+00:00","og_image":[{"width":2560,"height":2560,"url":"https:\/\/pavidecor.si\/wp-content\/uploads\/2022\/04\/Predpraznik-60x40-2-scaled.jpg","type":"image\/jpeg"}],"twitter_card":"summary_large_image","twitter_misc":{"Tempo di lettura stimato":"4 minuti"},"schema":{"@context":"https:\/\/schema.org","@graph":[{"@type":"WebPage","@id":"https:\/\/pavidecor.si\/it\/prodotto\/tappetino-in-legno-60x40cm\/","url":"https:\/\/pavidecor.si\/it\/prodotto\/tappetino-in-legno-60x40cm\/","name":"Tappetino in Legno per un Accogliente Benvenuto - PAVI DECOR","isPartOf":{"@id":"https:\/\/pavidecor.si\/it\/#website"},"primaryImageOfPage":{"@id":"https:\/\/pavidecor.si\/it\/prodotto\/tappetino-in-legno-60x40cm\/#primaryimage"},"image":{"@id":"https:\/\/pavidecor.si\/it\/prodotto\/tappetino-in-legno-60x40cm\/#primaryimage"},"thumbnailUrl":"https:\/\/pavidecor.si\/wp-content\/uploads\/2022\/04\/Predpraznik-60x40-2-scaled.jpg","datePublished":"2022-04-12T10:05:40+00:00","dateModified":"2026-04-20T10:18:27+00:00","description":"Tappetino in legno per la casa \u00e8 resistente alle intemperie, durevole ed ecologicamente accettabile. \u00c8 molto facile da pulire e riporre.","breadcrumb":{"@id":"https:\/\/pavidecor.si\/it\/prodotto\/tappetino-in-legno-60x40cm\/#breadcrumb"},"inLanguage":"it-IT","potentialAction":[{"@type":"ReadAction","target":["https:\/\/pavidecor.si\/it\/prodotto\/tappetino-in-legno-60x40cm\/"]}]},{"@type":"ImageObject","inLanguage":"it-IT","@id":"https:\/\/pavidecor.si\/it\/prodotto\/tappetino-in-legno-60x40cm\/#primaryimage","url":"https:\/\/pavidecor.si\/wp-content\/uploads\/2022\/04\/Predpraznik-60x40-2-scaled.jpg","contentUrl":"https:\/\/pavidecor.si\/wp-content\/uploads\/2022\/04\/Predpraznik-60x40-2-scaled.jpg","width":2560,"height":2560,"caption":"PAVI DECOR"},{"@type":"BreadcrumbList","@id":"https:\/\/pavidecor.si\/it\/prodotto\/tappetino-in-legno-60x40cm\/#breadcrumb","itemListElement":[{"@type":"ListItem","position":1,"name":"Domov","item":"https:\/\/pavidecor.si\/it\/"},{"@type":"ListItem","position":2,"name":"Negozio online","item":"https:\/\/pavidecor.si\/it\/negozio-online\/"},{"@type":"ListItem","position":3,"name":"Tappetino in legno 60x40cm"}]},{"@type":"WebSite","@id":"https:\/\/pavidecor.si\/it\/#website","url":"https:\/\/pavidecor.si\/it\/","name":"Pavi Decor","description":"Leseni unikati ustvarjeni iz ljubezni do lesa in narave.","potentialAction":[{"@type":"SearchAction","target":{"@type":"EntryPoint","urlTemplate":"https:\/\/pavidecor.si\/it\/?s={search_term_string}"},"query-input":{"@type":"PropertyValueSpecification","valueRequired":true,"valueName":"search_term_string"}}],"inLanguage":"it-IT"}]}},"_links":{"self":[{"href":"https:\/\/pavidecor.si\/it\/wp-json\/wp\/v2\/product\/16237","targetHints":{"allow":["GET"]}}],"collection":[{"href":"https:\/\/pavidecor.si\/it\/wp-json\/wp\/v2\/product"}],"about":[{"href":"https:\/\/pavidecor.si\/it\/wp-json\/wp\/v2\/types\/product"}],"replies":[{"embeddable":true,"href":"https:\/\/pavidecor.si\/it\/wp-json\/wp\/v2\/comments?post=16237"}],"wp:featuredmedia":[{"embeddable":true,"href":"https:\/\/pavidecor.si\/it\/wp-json\/wp\/v2\/media\/16239"}],"wp:attachment":[{"href":"https:\/\/pavidecor.si\/it\/wp-json\/wp\/v2\/media?parent=16237"}],"wp:term":[{"taxonomy":"product_brand","embeddable":true,"href":"https:\/\/pavidecor.si\/it\/wp-json\/wp\/v2\/product_brand?post=16237"},{"taxonomy":"product_cat","embeddable":true,"href":"https:\/\/pavidecor.si\/it\/wp-json\/wp\/v2\/product_cat?post=16237"},{"taxonomy":"product_tag","embeddable":true,"href":"https:\/\/pavidecor.si\/it\/wp-json\/wp\/v2\/product_tag?post=16237"}],"curies":[{"name":"wp","href":"https:\/\/api.w.org\/{rel}","templated":true}]}}