	{"id":16033,"date":"2022-04-21T10:27:15","date_gmt":"2022-04-21T10:27:15","guid":{"rendered":"https:\/\/pavidecor.si\/product\/albero-di-natale-di-capodanno-eva-bianco-80x45x18cm\/"},"modified":"2026-04-20T02:00:41","modified_gmt":"2026-04-20T02:00:41","slug":"albero-di-natale-di-capodanno-eva-bianco-80x45x18cm","status":"publish","type":"product","link":"https:\/\/pavidecor.si\/it\/prodotto\/albero-di-natale-di-capodanno-eva-bianco-80x45x18cm\/","title":{"rendered":"Albero di Natale Eva bianco 80x45x18cm"},"content":{"rendered":"<p><span class=\"prvimanjsinaslovopis\"> Albero di Natale Eva &#8211; L&#8217;eleganza della natura nella tua casa<\/span><\/p>\n<p>&nbsp;<\/p>\n<h2><span class=\"odebeljenopis\"><strong><br \/>\nScopri la magia delle feste con il nostro abete di Capodanno, unico nel suo genere, che combina elementi naturali con un design elegante. Questo abete in legno \u00e8 la scelta perfetta per chi vuole preservare la natura e allo stesso tempo aggiungere un tocco di atmosfera festosa alla propria casa. Progettato e prodotto in Slovenia, \u00e8 ideale per qualsiasi spazio.<\/strong><\/span><\/h2>\n<p>&nbsp;<\/p>\n<div class=\"row\">\n<div class=\"col-sm-6 \" style=\"margin-top: 30px;\"><center><img decoding=\"async\" class=\"lazyload img-responsive\" style=\"margin: 0px auto; max-width: 100%;\" src=\"data:image\/svg+xml,%3Csvg%20xmlns%3D%27http%3A%2F%2Fwww.w3.org%2F2000%2Fsvg%27%20width%3D%272560%27%20height%3D%272560%27%20viewBox%3D%270%200%202560%202560%27%3E%3Crect%20width%3D%272560%27%20height%3D%272560%27%20fill-opacity%3D%220%22%2F%3E%3C%2Fsvg%3E\" data-orig-src=\"https:\/\/pavidecor.si\/wp-content\/uploads\/2022\/04\/Novoletna-jelka-Eva-bela-No.1282-1a-scaled.jpg\" \/><\/center><\/div>\n<div class=\"col-sm-6\" style=\"margin-top: 40px;\">\n<p>&nbsp;<\/p>\n<h3>Unico fatto a mano<\/h3>\n<p>L&#8217;albero di Natale Eva \u00e8 il risultato della passione e dell&#8217;amore per il legno e la natura, che coltiviamo nel nostro negozio PAVI DECOR di Lubiana. <b>Ogni pezzo \u00e8 realizzato a mano<\/b> con precisione e attenzione ai dettagli, garantendo che ogni prodotto sia unico. Il nostro team di esperti utilizza tecniche tradizionali di giunzione delle parti in legno utilizzate dagli antichi maestri, il che conferisce al nostro albero un aspetto autentico.<\/p>\n<p>&nbsp;<\/p>\n<p>Grazie a questo trattamento speciale, il nuovo abete Eva non \u00e8 solo una decorazione, ma anche un&#8217;opera d&#8217;arte che porta calore e bellezza naturale nella tua casa. Fatto a mano significa che ogni prodotto viene lavorato con cura, <strong>garantendo una lunga durata<\/strong>. Scegliendo il nostro abete, sostieni gli artigiani locali e preservi la tradizione dell&#8217;artigianato artigianale.<\/p>\n<p>&nbsp;<\/p>\n<p>&nbsp;<\/p>\n<\/div>\n<\/div>\n<div class=\"row\">\n<div class=\"col-sm-6 col-sm-push-6\" style=\"margin-top: 30px;\"><center><img decoding=\"async\" class=\"lazyload img-responsive\" style=\"margin: 0px auto; max-width: 100%;\" src=\"data:image\/svg+xml,%3Csvg%20xmlns%3D%27http%3A%2F%2Fwww.w3.org%2F2000%2Fsvg%27%20width%3D%272560%27%20height%3D%272560%27%20viewBox%3D%270%200%202560%202560%27%3E%3Crect%20width%3D%272560%27%20height%3D%272560%27%20fill-opacity%3D%220%22%2F%3E%3C%2Fsvg%3E\" data-orig-src=\"https:\/\/pavidecor.si\/wp-content\/uploads\/2022\/04\/Novoletna-jelka-Eva-bela-No.1282-2a-scaled.jpg\" \/><\/center><\/div>\n<div class=\"col-sm-6 col-sm-pull-6\" style=\"margin-top: 40px;\">\n<p>&nbsp;<\/p>\n<h3>Una scelta ecologica per la tua casa<\/h3>\n<p>L&#8217;abete di Capodanno Eva \u00e8 completamente naturale e senza pretese da mantenere. <b>Gli aghi non cadono<\/b>, il che significa che non dovrai preoccuparti di pulire dopo le vacanze. Inoltre, non ha parti flessibili che possono danneggiarsi, assicurando che il tuo abete rimanga in ottime condizioni durante i festeggiamenti.<\/p>\n<p>&nbsp;<\/p>\n<p>Scegliendo il nostro abete di legno, contribuisci alla conservazione delle foreste, in quanto sostituir\u00e0 definitivamente l&#8217;albero di Natale naturale. Il suo design gli consente di <strong>occupare pochissimo spazio<\/strong>, il che lo rende ideale per piccoli spazi. Nella versione bianca, si abbina particolarmente bene agli ambienti moderni, il che gli permette di essere facilmente coordinato con la decorazione esistente.<\/p>\n<p>&nbsp;<\/p>\n<p>&nbsp;<\/p>\n<\/div>\n<\/div>\n<div class=\"row\">\n<div class=\"col-sm-6\" style=\"margin-top: 30px;\"><center><img decoding=\"async\" class=\"lazyload img-responsive\" style=\"margin: 0px auto; max-width: 100%;\" src=\"data:image\/svg+xml,%3Csvg%20xmlns%3D%27http%3A%2F%2Fwww.w3.org%2F2000%2Fsvg%27%20width%3D%272121%27%20height%3D%272120%27%20viewBox%3D%270%200%202121%202120%27%3E%3Crect%20width%3D%272121%27%20height%3D%272120%27%20fill-opacity%3D%220%22%2F%3E%3C%2Fsvg%3E\" data-orig-src=\"https:\/\/pavidecor.si\/wp-content\/uploads\/2022\/04\/Novoletna-jelka-Eva-bela-No.1282-3a.jpg\" \/><\/center><\/div>\n<div class=\"col-sm-6\" style=\"margin-top: 40px;\">\n<p>&nbsp;<\/p>\n<h3>Facile da usare e flessibile<\/h3>\n<p>Non \u00e8 necessario assemblare un nuovo abete Eva, il che significa che puoi <strong>montarlo immediatamente<\/strong> e goderti il suo fascino. Ci sono anche due ripiani su cui \u00e8 possibile aggiungere decorazioni se lo si desidera, consentendo di regolare l&#8217;aspetto dell&#8217;abete in base alle proprie preferenze ed esigenze.<\/p>\n<p>&nbsp;<\/p>\n<p>Per un&#8217;ulteriore illuminazione e decorazione, si consiglia di utilizzare i <a href=\"https:\/\/pavidecor.si\/it\/kategorije\/prodotti-decorativi-per-la-casa\/candelieri\/\"><strong><span style=\"color: #3366ff;\">candelieri in legno<\/span><\/strong><\/a> del nostro programma, che si adattano perfettamente al nostro abete. Questo creer\u00e0 una magica atmosfera festosa che delizier\u00e0 te e i tuoi ospiti. Con l&#8217;abete di Capodanno Eva, porterai eleganza e bellezza naturale nella tua casa, che durer\u00e0 per molti anni.<\/p>\n<p>&nbsp;<\/p>\n<p>&nbsp;<\/p>\n<\/div>\n<\/div>\n<blockquote><p>L&#8217;abete di Capodanno Eva combina la natura con l&#8217;eleganza e, se lo si desidera, \u00e8 possibile aggiungere decorazioni su due ripiani. \u00c8 completamente naturale e di facile manutenzione, in quanto non ha aghi che potrebbero cadere, n\u00e9 parti flessibili che potrebbero danneggiarsi. Il nostro abete di legno, unico nel suo genere, sostituir\u00e0 definitivamente l&#8217;albero di Natale naturale e contribuir\u00e0 cos\u00ec a preservare le nostre foreste. L&#8217;abete di Capodanno Eva occupa pochissimo spazio in profondit\u00e0, quindi \u00e8 adatto anche per stanze piccole. In bianco, \u00e8 particolarmente adatto per ambienti moderni. Per la decorazione e l&#8217;illuminazione, puoi utilizzare i candelabri in legno del nostro programma. Non \u00e8 richiesto alcun assemblaggio.<\/p><\/blockquote>\n<p>&nbsp;<\/p>\n","protected":false},"excerpt":{"rendered":"<p><strong><span style=\"color: #c4963c;\">\u2192 Fatto a mano<\/span><\/strong><strong><span style=\"color: #c4963c;\"><br \/>\n<\/span><span style=\"color: #c4963c;\">\u2192 Unico<\/span><\/strong><\/p>\n","protected":false},"featured_media":16035,"comment_status":"open","ping_status":"closed","template":"","meta":[],"product_brand":[],"product_cat":[368],"product_tag":[213],"class_list":{"0":"post-16033","1":"product","2":"type-product","3":"status-publish","4":"has-post-thumbnail","6":"product_cat-alberi-di-natale-di-capodanno","7":"product_tag-nuovo","9":"first","10":"instock","11":"taxable","12":"shipping-taxable","13":"purchasable","14":"product-type-simple"},"yoast_head":"<!-- This site is optimized with the Yoast SEO plugin v27.2 - https:\/\/yoast.com\/product\/yoast-seo-wordpress\/ -->\n<title>Albero di Natale Eva bianco - L&#039;eleganza della natura nella tua casa<\/title>\n<meta name=\"description\" content=\"L&#039;albero di Natale Eva combina la natura con l&#039;eleganza. \u00c8 completamente naturale e di facile manutenzione, in quanto non ha aghi che cadrebbero. Unico.\" \/>\n<meta name=\"robots\" content=\"index, follow, max-snippet:-1, max-image-preview:large, max-video-preview:-1\" \/>\n<link rel=\"canonical\" href=\"https:\/\/pavidecor.si\/it\/prodotto\/albero-di-natale-di-capodanno-eva-bianco-80x45x18cm\/\" \/>\n<meta property=\"og:locale\" content=\"it_IT\" \/>\n<meta property=\"og:type\" content=\"article\" \/>\n<meta property=\"og:title\" content=\"Albero di Natale Eva bianco - L&#039;eleganza della natura nella tua casa\" \/>\n<meta property=\"og:description\" content=\"L&#039;albero di Natale Eva combina la natura con l&#039;eleganza. \u00c8 completamente naturale e di facile manutenzione, in quanto non ha aghi che cadrebbero. Unico.\" \/>\n<meta property=\"og:url\" content=\"https:\/\/pavidecor.si\/it\/prodotto\/albero-di-natale-di-capodanno-eva-bianco-80x45x18cm\/\" \/>\n<meta property=\"og:site_name\" content=\"Pavi Decor\" \/>\n<meta property=\"article:modified_time\" content=\"2026-04-20T02:00:41+00:00\" \/>\n<meta property=\"og:image\" content=\"https:\/\/pavidecor.si\/wp-content\/uploads\/2022\/04\/Novoletna-jelka-Eva-bela-No.1282-1a-scaled.jpg\" \/>\n\t<meta property=\"og:image:width\" content=\"2560\" \/>\n\t<meta property=\"og:image:height\" content=\"2560\" \/>\n\t<meta property=\"og:image:type\" content=\"image\/jpeg\" \/>\n<meta name=\"twitter:card\" content=\"summary_large_image\" \/>\n<meta name=\"twitter:label1\" content=\"Tempo di lettura stimato\" \/>\n\t<meta name=\"twitter:data1\" content=\"4 minuti\" \/>\n<script type=\"application\/ld+json\" class=\"yoast-schema-graph\">{\"@context\":\"https:\/\/schema.org\",\"@graph\":[{\"@type\":\"WebPage\",\"@id\":\"https:\/\/pavidecor.si\/it\/prodotto\/albero-di-natale-di-capodanno-eva-bianco-80x45x18cm\/\",\"url\":\"https:\/\/pavidecor.si\/it\/prodotto\/albero-di-natale-di-capodanno-eva-bianco-80x45x18cm\/\",\"name\":\"Albero di Natale Eva bianco - L'eleganza della natura nella tua casa\",\"isPartOf\":{\"@id\":\"https:\/\/pavidecor.si\/it\/#website\"},\"primaryImageOfPage\":{\"@id\":\"https:\/\/pavidecor.si\/it\/prodotto\/albero-di-natale-di-capodanno-eva-bianco-80x45x18cm\/#primaryimage\"},\"image\":{\"@id\":\"https:\/\/pavidecor.si\/it\/prodotto\/albero-di-natale-di-capodanno-eva-bianco-80x45x18cm\/#primaryimage\"},\"thumbnailUrl\":\"https:\/\/pavidecor.si\/wp-content\/uploads\/2022\/04\/Novoletna-jelka-Eva-bela-No.1282-1a-scaled.jpg\",\"datePublished\":\"2022-04-21T10:27:15+00:00\",\"dateModified\":\"2026-04-20T02:00:41+00:00\",\"description\":\"L'albero di Natale Eva combina la natura con l'eleganza. \u00c8 completamente naturale e di facile manutenzione, in quanto non ha aghi che cadrebbero. Unico.\",\"breadcrumb\":{\"@id\":\"https:\/\/pavidecor.si\/it\/prodotto\/albero-di-natale-di-capodanno-eva-bianco-80x45x18cm\/#breadcrumb\"},\"inLanguage\":\"it-IT\",\"potentialAction\":[{\"@type\":\"ReadAction\",\"target\":[\"https:\/\/pavidecor.si\/it\/prodotto\/albero-di-natale-di-capodanno-eva-bianco-80x45x18cm\/\"]}]},{\"@type\":\"ImageObject\",\"inLanguage\":\"it-IT\",\"@id\":\"https:\/\/pavidecor.si\/it\/prodotto\/albero-di-natale-di-capodanno-eva-bianco-80x45x18cm\/#primaryimage\",\"url\":\"https:\/\/pavidecor.si\/wp-content\/uploads\/2022\/04\/Novoletna-jelka-Eva-bela-No.1282-1a-scaled.jpg\",\"contentUrl\":\"https:\/\/pavidecor.si\/wp-content\/uploads\/2022\/04\/Novoletna-jelka-Eva-bela-No.1282-1a-scaled.jpg\",\"width\":2560,\"height\":2560,\"caption\":\"PAVI DECOR\"},{\"@type\":\"BreadcrumbList\",\"@id\":\"https:\/\/pavidecor.si\/it\/prodotto\/albero-di-natale-di-capodanno-eva-bianco-80x45x18cm\/#breadcrumb\",\"itemListElement\":[{\"@type\":\"ListItem\",\"position\":1,\"name\":\"Domov\",\"item\":\"https:\/\/pavidecor.si\/it\/\"},{\"@type\":\"ListItem\",\"position\":2,\"name\":\"Negozio online\",\"item\":\"https:\/\/pavidecor.si\/it\/negozio-online\/\"},{\"@type\":\"ListItem\",\"position\":3,\"name\":\"Albero di Natale Eva bianco 80x45x18cm\"}]},{\"@type\":\"WebSite\",\"@id\":\"https:\/\/pavidecor.si\/it\/#website\",\"url\":\"https:\/\/pavidecor.si\/it\/\",\"name\":\"Pavi Decor\",\"description\":\"Leseni unikati ustvarjeni iz ljubezni do lesa in narave.\",\"potentialAction\":[{\"@type\":\"SearchAction\",\"target\":{\"@type\":\"EntryPoint\",\"urlTemplate\":\"https:\/\/pavidecor.si\/it\/?s={search_term_string}\"},\"query-input\":{\"@type\":\"PropertyValueSpecification\",\"valueRequired\":true,\"valueName\":\"search_term_string\"}}],\"inLanguage\":\"it-IT\"}]}<\/script>\n<!-- \/ Yoast SEO plugin. -->","yoast_head_json":{"title":"Albero di Natale Eva bianco - L'eleganza della natura nella tua casa","description":"L'albero di Natale Eva combina la natura con l'eleganza. \u00c8 completamente naturale e di facile manutenzione, in quanto non ha aghi che cadrebbero. Unico.","robots":{"index":"index","follow":"follow","max-snippet":"max-snippet:-1","max-image-preview":"max-image-preview:large","max-video-preview":"max-video-preview:-1"},"canonical":"https:\/\/pavidecor.si\/it\/prodotto\/albero-di-natale-di-capodanno-eva-bianco-80x45x18cm\/","og_locale":"it_IT","og_type":"article","og_title":"Albero di Natale Eva bianco - L'eleganza della natura nella tua casa","og_description":"L'albero di Natale Eva combina la natura con l'eleganza. \u00c8 completamente naturale e di facile manutenzione, in quanto non ha aghi che cadrebbero. Unico.","og_url":"https:\/\/pavidecor.si\/it\/prodotto\/albero-di-natale-di-capodanno-eva-bianco-80x45x18cm\/","og_site_name":"Pavi Decor","article_modified_time":"2026-04-20T02:00:41+00:00","og_image":[{"width":2560,"height":2560,"url":"https:\/\/pavidecor.si\/wp-content\/uploads\/2022\/04\/Novoletna-jelka-Eva-bela-No.1282-1a-scaled.jpg","type":"image\/jpeg"}],"twitter_card":"summary_large_image","twitter_misc":{"Tempo di lettura stimato":"4 minuti"},"schema":{"@context":"https:\/\/schema.org","@graph":[{"@type":"WebPage","@id":"https:\/\/pavidecor.si\/it\/prodotto\/albero-di-natale-di-capodanno-eva-bianco-80x45x18cm\/","url":"https:\/\/pavidecor.si\/it\/prodotto\/albero-di-natale-di-capodanno-eva-bianco-80x45x18cm\/","name":"Albero di Natale Eva bianco - L'eleganza della natura nella tua casa","isPartOf":{"@id":"https:\/\/pavidecor.si\/it\/#website"},"primaryImageOfPage":{"@id":"https:\/\/pavidecor.si\/it\/prodotto\/albero-di-natale-di-capodanno-eva-bianco-80x45x18cm\/#primaryimage"},"image":{"@id":"https:\/\/pavidecor.si\/it\/prodotto\/albero-di-natale-di-capodanno-eva-bianco-80x45x18cm\/#primaryimage"},"thumbnailUrl":"https:\/\/pavidecor.si\/wp-content\/uploads\/2022\/04\/Novoletna-jelka-Eva-bela-No.1282-1a-scaled.jpg","datePublished":"2022-04-21T10:27:15+00:00","dateModified":"2026-04-20T02:00:41+00:00","description":"L'albero di Natale Eva combina la natura con l'eleganza. \u00c8 completamente naturale e di facile manutenzione, in quanto non ha aghi che cadrebbero. Unico.","breadcrumb":{"@id":"https:\/\/pavidecor.si\/it\/prodotto\/albero-di-natale-di-capodanno-eva-bianco-80x45x18cm\/#breadcrumb"},"inLanguage":"it-IT","potentialAction":[{"@type":"ReadAction","target":["https:\/\/pavidecor.si\/it\/prodotto\/albero-di-natale-di-capodanno-eva-bianco-80x45x18cm\/"]}]},{"@type":"ImageObject","inLanguage":"it-IT","@id":"https:\/\/pavidecor.si\/it\/prodotto\/albero-di-natale-di-capodanno-eva-bianco-80x45x18cm\/#primaryimage","url":"https:\/\/pavidecor.si\/wp-content\/uploads\/2022\/04\/Novoletna-jelka-Eva-bela-No.1282-1a-scaled.jpg","contentUrl":"https:\/\/pavidecor.si\/wp-content\/uploads\/2022\/04\/Novoletna-jelka-Eva-bela-No.1282-1a-scaled.jpg","width":2560,"height":2560,"caption":"PAVI DECOR"},{"@type":"BreadcrumbList","@id":"https:\/\/pavidecor.si\/it\/prodotto\/albero-di-natale-di-capodanno-eva-bianco-80x45x18cm\/#breadcrumb","itemListElement":[{"@type":"ListItem","position":1,"name":"Domov","item":"https:\/\/pavidecor.si\/it\/"},{"@type":"ListItem","position":2,"name":"Negozio online","item":"https:\/\/pavidecor.si\/it\/negozio-online\/"},{"@type":"ListItem","position":3,"name":"Albero di Natale Eva bianco 80x45x18cm"}]},{"@type":"WebSite","@id":"https:\/\/pavidecor.si\/it\/#website","url":"https:\/\/pavidecor.si\/it\/","name":"Pavi Decor","description":"Leseni unikati ustvarjeni iz ljubezni do lesa in narave.","potentialAction":[{"@type":"SearchAction","target":{"@type":"EntryPoint","urlTemplate":"https:\/\/pavidecor.si\/it\/?s={search_term_string}"},"query-input":{"@type":"PropertyValueSpecification","valueRequired":true,"valueName":"search_term_string"}}],"inLanguage":"it-IT"}]}},"_links":{"self":[{"href":"https:\/\/pavidecor.si\/it\/wp-json\/wp\/v2\/product\/16033","targetHints":{"allow":["GET"]}}],"collection":[{"href":"https:\/\/pavidecor.si\/it\/wp-json\/wp\/v2\/product"}],"about":[{"href":"https:\/\/pavidecor.si\/it\/wp-json\/wp\/v2\/types\/product"}],"replies":[{"embeddable":true,"href":"https:\/\/pavidecor.si\/it\/wp-json\/wp\/v2\/comments?post=16033"}],"wp:featuredmedia":[{"embeddable":true,"href":"https:\/\/pavidecor.si\/it\/wp-json\/wp\/v2\/media\/16035"}],"wp:attachment":[{"href":"https:\/\/pavidecor.si\/it\/wp-json\/wp\/v2\/media?parent=16033"}],"wp:term":[{"taxonomy":"product_brand","embeddable":true,"href":"https:\/\/pavidecor.si\/it\/wp-json\/wp\/v2\/product_brand?post=16033"},{"taxonomy":"product_cat","embeddable":true,"href":"https:\/\/pavidecor.si\/it\/wp-json\/wp\/v2\/product_cat?post=16033"},{"taxonomy":"product_tag","embeddable":true,"href":"https:\/\/pavidecor.si\/it\/wp-json\/wp\/v2\/product_tag?post=16033"}],"curies":[{"name":"wp","href":"https:\/\/api.w.org\/{rel}","templated":true}]}}