	{"id":15941,"date":"2022-05-16T08:34:13","date_gmt":"2022-05-16T08:34:13","guid":{"rendered":"https:\/\/pavidecor.si\/product\/bacheca-da-parete-nera-74x57cm\/"},"modified":"2026-04-22T10:41:20","modified_gmt":"2026-04-22T10:41:20","slug":"bacheca-a-muro-nera-74x57cm","status":"publish","type":"product","link":"https:\/\/pavidecor.si\/it\/prodotto\/bacheca-a-muro-nera-74x57cm\/","title":{"rendered":"Bacheca a muro nera 74x57cm"},"content":{"rendered":"<p>Bacheca a muro per messaggi &#8211;\u00a0 Soluzione utile ed estetica per ogni casa e ufficio<\/p>\n<p>&nbsp;<\/p>\n<h2><span class=\"odebeljenopis\"><strong><br \/>\nScopri la nostra esclusiva bacheca che unisce funzionalit\u00e0 e design estetico. Questo prodotto versatile \u00e8 ideale per l&#8217;uso in cucina, nella cameretta dei bambini o in ufficio. Grazie alla maestria artigianale e all&#8217;amore per il legno, ogni pezzo porta un pezzetto di natura nella tua casa.<\/strong><\/span><\/h2>\n<p>&nbsp;<\/p>\n<div class=\"row\">\n<div class=\"col-sm-6 \" style=\"margin-top: 30px;\"><center><img decoding=\"async\" class=\"lazyload img-responsive\" style=\"margin: 0px auto; max-width: 100%;\" src=\"data:image\/svg+xml,%3Csvg%20xmlns%3D%27http%3A%2F%2Fwww.w3.org%2F2000%2Fsvg%27%20width%3D%272560%27%20height%3D%272560%27%20viewBox%3D%270%200%202560%202560%27%3E%3Crect%20width%3D%272560%27%20height%3D%272560%27%20fill-opacity%3D%220%22%2F%3E%3C%2Fsvg%3E\" data-orig-src=\"https:\/\/pavidecor.si\/wp-content\/uploads\/2022\/05\/Oglasna-tabla-stenska-crna-scaled.jpg\" \/><\/center><\/div>\n<div class=\"col-sm-6\" style=\"margin-top: 40px;\">\n<p>&nbsp;<\/p>\n<h3>Funzionalit\u00e0 e versatilit\u00e0<\/h3>\n<p>La nostra bacheca a muro \u00e8 progettata per diversi scopi, il che la rende estremamente versatile. Puoi usarlo in cucina per registrare attivit\u00e0, programmi o messaggi da inviare ai familiari. Nella cameretta dei bambini diventa un ottimo strumento di apprendimento e creativit\u00e0, dove i pi\u00f9 piccoli possono esprimere la loro creativit\u00e0. In ufficio \u00e8 uno strumento indispensabile per organizzare il lavoro, poich\u00e9 consente di annotare facilmente liste di cose da fare, date importanti e messaggi per clienti o colleghi.<\/p>\n<p>Il design della nostra bacheca \u00e8 flessibile, il che significa che puoi facilmente adattarlo alle tue esigenze. Utilizza gessetti colorati o colori acrilici per scrivere e disegnare: potrai creare superfici con messaggi unici e accattivanti. Che si tratti di compiti, riunioni di lavoro o eventi familiari, la nostra lavagna garantisce che tutte le informazioni importanti siano sempre a portata di mano.<\/p>\n<p>&nbsp;<\/p>\n<\/div>\n<\/div>\n<div class=\"row\">\n<div class=\"col-sm-12\">\n<p>&nbsp;<\/p>\n<h3>Fatto a mano e materiali di qualit\u00e0<\/h3>\n<p>Noi della PAVI DECOR di Lubiana siamo orgogliosi della natura artigianale dei nostri prodotti, il che significa che ogni pezzo porta il segno della nostra passione per il legno e la natura. Il nostro cartellone pubblicitario \u00e8 realizzato in lamiera verniciata di nero, resistente all&#8217;umidit\u00e0 e ad altri agenti atmosferici. Ci\u00f2 garantisce la longevit\u00e0 e la resistenza del prodotto, fattore fondamentale per l&#8217;uso quotidiano.<\/p>\n<p>La particolarit\u00e0 dei nostri prodotti in legno risiede nei dettagli dell&#8217;unione delle parti in legno, utilizzati gi\u00e0 dai vecchi maestri. Questa tecnica tradizionale conferisce ai nostri prodotti un aspetto e una sensazione autentici che non si trovano nei prodotti prodotti in serie. Scegliendo la nostra bacheca non otterrai solo un prodotto funzionale, ma anche un&#8217;opera d&#8217;arte che arricchir\u00e0 il tuo spazio.<\/p>\n<p>&nbsp;<\/p>\n<\/div>\n<\/div>\n<div class=\"row\">\n<div class=\"col-sm-12\">\n<p>&nbsp;<\/p>\n<h3>Specifiche del prodotto<\/h3>\n<p>La nostra bacheca a muro \u00e8 adatta a vari scopi, come:<br \/>\n&#8211; Da utilizzare in cucina per registrare attivit\u00e0 e messaggi<br \/>\n&#8211; Da utilizzare nella cameretta dei bambini per favorire la creativit\u00e0 e l&#8217;apprendimento<br \/>\n&#8211; Uso ufficio per organizzazione del lavoro e comunicazione<br \/>\n&#8211; Adatto per pubblicizzare offerte di vendita al dettaglio o di ristorazione.<\/p>\n<p>La superficie di scrittura \u00e8 realizzata in lamiera verniciata nera, resistente all&#8217;umidit\u00e0 e ad altri agenti atmosferici. La bacheca \u00e8 adatta anche per essere attaccata tramite magneti, il che consente un facile scambio di messaggi e informazioni. Tutto questo \u00e8 il risultato della nostra conoscenza e creativit\u00e0, che si riflette in ogni prodotto che creiamo in Slovenia.<\/p>\n<\/div>\n<\/div>\n<p>&nbsp;<\/p>\n","protected":false},"excerpt":{"rendered":"<p><strong><span style=\"color: #c4963c;\">\u2192 Cornice in legno nero<\/span><\/strong><strong><span style=\"color: #c4963c;\"><br \/>\n<\/span><span style=\"color: #c4963c;\">\u2192 Superficie in lamiera<\/span><\/strong><\/p>\n","protected":false},"featured_media":15942,"comment_status":"open","ping_status":"closed","template":"","meta":[],"product_brand":[],"product_cat":[266,298,297],"product_tag":[250],"class_list":{"0":"post-15941","1":"product","2":"type-product","3":"status-publish","4":"has-post-thumbnail","6":"product_cat-attrezzature-per-negozi-e-taverne","7":"product_cat-lavagne","8":"product_cat-segnaletica-e-pannelli","9":"product_tag-azione","11":"first","12":"instock","13":"sale","14":"taxable","15":"shipping-taxable","16":"purchasable","17":"product-type-simple"},"yoast_head":"<!-- This site is optimized with the Yoast SEO plugin v27.2 - https:\/\/yoast.com\/product\/yoast-seo-wordpress\/ -->\n<title>Bacheca a muro -\u00a0 Soluzione utile ed estetica per ogni casa e ufficio<\/title>\n<meta name=\"description\" content=\"La bacheca a muro \u00e8 utile per vari scopi a casa, in ufficio, al pub o in negozio. La superficie \u00e8 adatta per il fissaggio con magneti.\" \/>\n<meta name=\"robots\" content=\"index, follow, max-snippet:-1, max-image-preview:large, max-video-preview:-1\" \/>\n<link rel=\"canonical\" href=\"https:\/\/pavidecor.si\/it\/prodotto\/bacheca-a-muro-nera-74x57cm\/\" \/>\n<meta property=\"og:locale\" content=\"it_IT\" \/>\n<meta property=\"og:type\" content=\"article\" \/>\n<meta property=\"og:title\" content=\"Bacheca a muro -\u00a0 Soluzione utile ed estetica per ogni casa e ufficio\" \/>\n<meta property=\"og:description\" content=\"La bacheca a muro \u00e8 utile per vari scopi a casa, in ufficio, al pub o in negozio. La superficie \u00e8 adatta per il fissaggio con magneti.\" \/>\n<meta property=\"og:url\" content=\"https:\/\/pavidecor.si\/it\/prodotto\/bacheca-a-muro-nera-74x57cm\/\" \/>\n<meta property=\"og:site_name\" content=\"Pavi Decor\" \/>\n<meta property=\"article:modified_time\" content=\"2026-04-22T10:41:20+00:00\" \/>\n<meta property=\"og:image\" content=\"https:\/\/pavidecor.si\/wp-content\/uploads\/2022\/05\/Oglasna-tabla-stenska-crna-scaled.jpg\" \/>\n\t<meta property=\"og:image:width\" content=\"2560\" \/>\n\t<meta property=\"og:image:height\" content=\"2560\" \/>\n\t<meta property=\"og:image:type\" content=\"image\/jpeg\" \/>\n<meta name=\"twitter:card\" content=\"summary_large_image\" \/>\n<meta name=\"twitter:label1\" content=\"Tempo di lettura stimato\" \/>\n\t<meta name=\"twitter:data1\" content=\"3 minuti\" \/>\n<script type=\"application\/ld+json\" class=\"yoast-schema-graph\">{\"@context\":\"https:\/\/schema.org\",\"@graph\":[{\"@type\":\"WebPage\",\"@id\":\"https:\/\/pavidecor.si\/it\/prodotto\/bacheca-a-muro-nera-74x57cm\/\",\"url\":\"https:\/\/pavidecor.si\/it\/prodotto\/bacheca-a-muro-nera-74x57cm\/\",\"name\":\"Bacheca a muro -\u00a0 Soluzione utile ed estetica per ogni casa e ufficio\",\"isPartOf\":{\"@id\":\"https:\/\/pavidecor.si\/it\/#website\"},\"primaryImageOfPage\":{\"@id\":\"https:\/\/pavidecor.si\/it\/prodotto\/bacheca-a-muro-nera-74x57cm\/#primaryimage\"},\"image\":{\"@id\":\"https:\/\/pavidecor.si\/it\/prodotto\/bacheca-a-muro-nera-74x57cm\/#primaryimage\"},\"thumbnailUrl\":\"https:\/\/pavidecor.si\/wp-content\/uploads\/2022\/05\/Oglasna-tabla-stenska-crna-scaled.jpg\",\"datePublished\":\"2022-05-16T08:34:13+00:00\",\"dateModified\":\"2026-04-22T10:41:20+00:00\",\"description\":\"La bacheca a muro \u00e8 utile per vari scopi a casa, in ufficio, al pub o in negozio. La superficie \u00e8 adatta per il fissaggio con magneti.\",\"breadcrumb\":{\"@id\":\"https:\/\/pavidecor.si\/it\/prodotto\/bacheca-a-muro-nera-74x57cm\/#breadcrumb\"},\"inLanguage\":\"it-IT\",\"potentialAction\":[{\"@type\":\"ReadAction\",\"target\":[\"https:\/\/pavidecor.si\/it\/prodotto\/bacheca-a-muro-nera-74x57cm\/\"]}]},{\"@type\":\"ImageObject\",\"inLanguage\":\"it-IT\",\"@id\":\"https:\/\/pavidecor.si\/it\/prodotto\/bacheca-a-muro-nera-74x57cm\/#primaryimage\",\"url\":\"https:\/\/pavidecor.si\/wp-content\/uploads\/2022\/05\/Oglasna-tabla-stenska-crna-scaled.jpg\",\"contentUrl\":\"https:\/\/pavidecor.si\/wp-content\/uploads\/2022\/05\/Oglasna-tabla-stenska-crna-scaled.jpg\",\"width\":2560,\"height\":2560,\"caption\":\"PAVI DECOR\"},{\"@type\":\"BreadcrumbList\",\"@id\":\"https:\/\/pavidecor.si\/it\/prodotto\/bacheca-a-muro-nera-74x57cm\/#breadcrumb\",\"itemListElement\":[{\"@type\":\"ListItem\",\"position\":1,\"name\":\"Domov\",\"item\":\"https:\/\/pavidecor.si\/it\/\"},{\"@type\":\"ListItem\",\"position\":2,\"name\":\"Negozio online\",\"item\":\"https:\/\/pavidecor.si\/it\/negozio-online\/\"},{\"@type\":\"ListItem\",\"position\":3,\"name\":\"Bacheca a muro nera 74x57cm\"}]},{\"@type\":\"WebSite\",\"@id\":\"https:\/\/pavidecor.si\/it\/#website\",\"url\":\"https:\/\/pavidecor.si\/it\/\",\"name\":\"Pavi Decor\",\"description\":\"Leseni unikati ustvarjeni iz ljubezni do lesa in narave.\",\"potentialAction\":[{\"@type\":\"SearchAction\",\"target\":{\"@type\":\"EntryPoint\",\"urlTemplate\":\"https:\/\/pavidecor.si\/it\/?s={search_term_string}\"},\"query-input\":{\"@type\":\"PropertyValueSpecification\",\"valueRequired\":true,\"valueName\":\"search_term_string\"}}],\"inLanguage\":\"it-IT\"}]}<\/script>\n<!-- \/ Yoast SEO plugin. -->","yoast_head_json":{"title":"Bacheca a muro -\u00a0 Soluzione utile ed estetica per ogni casa e ufficio","description":"La bacheca a muro \u00e8 utile per vari scopi a casa, in ufficio, al pub o in negozio. La superficie \u00e8 adatta per il fissaggio con magneti.","robots":{"index":"index","follow":"follow","max-snippet":"max-snippet:-1","max-image-preview":"max-image-preview:large","max-video-preview":"max-video-preview:-1"},"canonical":"https:\/\/pavidecor.si\/it\/prodotto\/bacheca-a-muro-nera-74x57cm\/","og_locale":"it_IT","og_type":"article","og_title":"Bacheca a muro -\u00a0 Soluzione utile ed estetica per ogni casa e ufficio","og_description":"La bacheca a muro \u00e8 utile per vari scopi a casa, in ufficio, al pub o in negozio. La superficie \u00e8 adatta per il fissaggio con magneti.","og_url":"https:\/\/pavidecor.si\/it\/prodotto\/bacheca-a-muro-nera-74x57cm\/","og_site_name":"Pavi Decor","article_modified_time":"2026-04-22T10:41:20+00:00","og_image":[{"width":2560,"height":2560,"url":"https:\/\/pavidecor.si\/wp-content\/uploads\/2022\/05\/Oglasna-tabla-stenska-crna-scaled.jpg","type":"image\/jpeg"}],"twitter_card":"summary_large_image","twitter_misc":{"Tempo di lettura stimato":"3 minuti"},"schema":{"@context":"https:\/\/schema.org","@graph":[{"@type":"WebPage","@id":"https:\/\/pavidecor.si\/it\/prodotto\/bacheca-a-muro-nera-74x57cm\/","url":"https:\/\/pavidecor.si\/it\/prodotto\/bacheca-a-muro-nera-74x57cm\/","name":"Bacheca a muro -\u00a0 Soluzione utile ed estetica per ogni casa e ufficio","isPartOf":{"@id":"https:\/\/pavidecor.si\/it\/#website"},"primaryImageOfPage":{"@id":"https:\/\/pavidecor.si\/it\/prodotto\/bacheca-a-muro-nera-74x57cm\/#primaryimage"},"image":{"@id":"https:\/\/pavidecor.si\/it\/prodotto\/bacheca-a-muro-nera-74x57cm\/#primaryimage"},"thumbnailUrl":"https:\/\/pavidecor.si\/wp-content\/uploads\/2022\/05\/Oglasna-tabla-stenska-crna-scaled.jpg","datePublished":"2022-05-16T08:34:13+00:00","dateModified":"2026-04-22T10:41:20+00:00","description":"La bacheca a muro \u00e8 utile per vari scopi a casa, in ufficio, al pub o in negozio. La superficie \u00e8 adatta per il fissaggio con magneti.","breadcrumb":{"@id":"https:\/\/pavidecor.si\/it\/prodotto\/bacheca-a-muro-nera-74x57cm\/#breadcrumb"},"inLanguage":"it-IT","potentialAction":[{"@type":"ReadAction","target":["https:\/\/pavidecor.si\/it\/prodotto\/bacheca-a-muro-nera-74x57cm\/"]}]},{"@type":"ImageObject","inLanguage":"it-IT","@id":"https:\/\/pavidecor.si\/it\/prodotto\/bacheca-a-muro-nera-74x57cm\/#primaryimage","url":"https:\/\/pavidecor.si\/wp-content\/uploads\/2022\/05\/Oglasna-tabla-stenska-crna-scaled.jpg","contentUrl":"https:\/\/pavidecor.si\/wp-content\/uploads\/2022\/05\/Oglasna-tabla-stenska-crna-scaled.jpg","width":2560,"height":2560,"caption":"PAVI DECOR"},{"@type":"BreadcrumbList","@id":"https:\/\/pavidecor.si\/it\/prodotto\/bacheca-a-muro-nera-74x57cm\/#breadcrumb","itemListElement":[{"@type":"ListItem","position":1,"name":"Domov","item":"https:\/\/pavidecor.si\/it\/"},{"@type":"ListItem","position":2,"name":"Negozio online","item":"https:\/\/pavidecor.si\/it\/negozio-online\/"},{"@type":"ListItem","position":3,"name":"Bacheca a muro nera 74x57cm"}]},{"@type":"WebSite","@id":"https:\/\/pavidecor.si\/it\/#website","url":"https:\/\/pavidecor.si\/it\/","name":"Pavi Decor","description":"Leseni unikati ustvarjeni iz ljubezni do lesa in narave.","potentialAction":[{"@type":"SearchAction","target":{"@type":"EntryPoint","urlTemplate":"https:\/\/pavidecor.si\/it\/?s={search_term_string}"},"query-input":{"@type":"PropertyValueSpecification","valueRequired":true,"valueName":"search_term_string"}}],"inLanguage":"it-IT"}]}},"_links":{"self":[{"href":"https:\/\/pavidecor.si\/it\/wp-json\/wp\/v2\/product\/15941","targetHints":{"allow":["GET"]}}],"collection":[{"href":"https:\/\/pavidecor.si\/it\/wp-json\/wp\/v2\/product"}],"about":[{"href":"https:\/\/pavidecor.si\/it\/wp-json\/wp\/v2\/types\/product"}],"replies":[{"embeddable":true,"href":"https:\/\/pavidecor.si\/it\/wp-json\/wp\/v2\/comments?post=15941"}],"wp:featuredmedia":[{"embeddable":true,"href":"https:\/\/pavidecor.si\/it\/wp-json\/wp\/v2\/media\/15942"}],"wp:attachment":[{"href":"https:\/\/pavidecor.si\/it\/wp-json\/wp\/v2\/media?parent=15941"}],"wp:term":[{"taxonomy":"product_brand","embeddable":true,"href":"https:\/\/pavidecor.si\/it\/wp-json\/wp\/v2\/product_brand?post=15941"},{"taxonomy":"product_cat","embeddable":true,"href":"https:\/\/pavidecor.si\/it\/wp-json\/wp\/v2\/product_cat?post=15941"},{"taxonomy":"product_tag","embeddable":true,"href":"https:\/\/pavidecor.si\/it\/wp-json\/wp\/v2\/product_tag?post=15941"}],"curies":[{"name":"wp","href":"https:\/\/api.w.org\/{rel}","templated":true}]}}