	{"id":15857,"date":"2022-05-24T09:48:14","date_gmt":"2022-05-24T09:48:14","guid":{"rendered":"https:\/\/pavidecor.si\/product\/bacheca-da-parete-bianca-74x57cm\/"},"modified":"2026-04-22T04:02:38","modified_gmt":"2026-04-22T04:02:38","slug":"bacheca-da-parete-bianca-74x57cm","status":"publish","type":"product","link":"https:\/\/pavidecor.si\/it\/prodotto\/bacheca-da-parete-bianca-74x57cm\/","title":{"rendered":"Bacheca da parete bianca 74x57cm"},"content":{"rendered":"<p>Bacheca da parete con superficie magnetica &#8211; Una soluzione utile ed estetica per casa e ufficio<\/p>\n<p>&nbsp;<\/p>\n<h2><span class=\"odebeljenopis\"><strong><br \/>\nScopri la nostra esclusiva bacheca che unisce funzionalit\u00e0 e design estetico. Realizzata con amore per il legno e la natura, questa lavagna \u00e8 ideale per scrivere, disegnare e organizzare i propri pensieri. Utilizzatelo in cucina, nella cameretta dei bambini o in ufficio e godetevi la sua versatilit\u00e0 e il suo aspetto naturale.<\/strong><\/span><\/h2>\n<p>&nbsp;<\/p>\n<div class=\"row\">\n<div class=\"col-sm-6 \" style=\"margin-top: 30px;\"><center><img decoding=\"async\" class=\"lazyload img-responsive\" style=\"margin: 0px auto; max-width: 100%;\" src=\"data:image\/svg+xml,%3Csvg%20xmlns%3D%27http%3A%2F%2Fwww.w3.org%2F2000%2Fsvg%27%20width%3D%272560%27%20height%3D%272560%27%20viewBox%3D%270%200%202560%202560%27%3E%3Crect%20width%3D%272560%27%20height%3D%272560%27%20fill-opacity%3D%220%22%2F%3E%3C%2Fsvg%3E\" data-orig-src=\"https:\/\/pavidecor.si\/wp-content\/uploads\/2022\/05\/Oglasna-tabla-stenska-bela-scaled.jpg\" \/><\/center><\/div>\n<div class=\"col-sm-6\" style=\"margin-top: 40px;\">\n<p>&nbsp;<\/p>\n<h3>Funzionalit\u00e0 e versatilit\u00e0<\/h3>\n<p>La nostra bacheca da parete \u00e8 progettata per diversi scopi, il che la rende estremamente versatile. Puoi utilizzarlo a casa, in cucina, per annotare impegni familiari, programmi o messaggi. \u00c8 un ottimo modo per stimolare la creativit\u00e0 nella cameretta dei bambini, poich\u00e9 questi possono scrivere e disegnare con gessetti colorati o colori acrilici. In ufficio \u00e8 ideale per annotare liste di cose da fare, date importanti o messaggi per clienti e colleghi.<\/p>\n<p>Inoltre, il pannello \u00e8 adatto anche per pubblicizzare offerte di vendita al dettaglio o di ristorazione. La superficie in lamiera nera \u00e8 resistente all&#8217;umidit\u00e0 e ad altri agenti atmosferici, il che significa che puoi utilizzarlo sia all&#8217;interno che all&#8217;esterno. Grazie all&#8217;aggiunta di magneti \u00e8 possibile attaccare facilmente vari documenti o immagini, il che ne aumenta ulteriormente la funzionalit\u00e0.<\/p>\n<p>&nbsp;<\/p>\n<\/div>\n<\/div>\n<div class=\"row\">\n<div class=\"col-sm-12\">\n<p>&nbsp;<\/p>\n<h3>Fatto a mano e autentico<\/h3>\n<p>Noi della PAVI DECOR di Lubiana siamo orgogliosi della natura artigianale dei nostri prodotti. Ogni bacheca \u00e8 frutto della nostra conoscenza e creativit\u00e0, per garantire che ogni pezzo sia unico. La nostra passione per il legno e la natura si riflette in ogni dettaglio, poich\u00e9 utilizziamo tecniche di unione tradizionali, utilizzate dai vecchi maestri.<\/p>\n<p>Grazie a questo trattamento speciale, i nostri prodotti hanno l&#8217;aspetto di pezzi autentici che donano calore ed estetica naturale a qualsiasi spazio. La nostra bacheca non \u00e8 solo un prodotto funzionale, ma anche un elemento decorativo che arricchir\u00e0 la vostra casa o il vostro ufficio. Scegliendo i nostri prodotti sostieni l&#8217;artigianato locale e la produzione sostenibile.<\/p>\n<p>&nbsp;<\/p>\n<\/div>\n<\/div>\n<div class=\"row\">\n<div class=\"col-sm-12\">\n<p>&nbsp;<\/p>\n<h3>Specifiche del prodotto<\/h3>\n<p>La nostra bacheca da parete \u00e8 realizzata in lamiera verniciata di nero, resistente all&#8217;umidit\u00e0 e alle intemperie. La sua superficie \u00e8 adatta alla scrittura con gessetti colorati o colori acrilici, consentendo un utilizzo facile e creativo. La lavagna \u00e8 progettata per essere facilmente appesa alla parete, rendendo l&#8217;installazione rapida e semplice.<\/p>\n<p>Grazie alle sue dimensioni adatte a diverse esigenze, questo prodotto \u00e8 ideale per qualsiasi spazio. Che ne abbiate bisogno per l&#8217;uso domestico o in un ambiente aziendale, la nostra bacheca offre una soluzione che unisce estetica e funzionalit\u00e0. Realizzato in Slovenia, questo prodotto \u00e8 la scelta giusta per chi apprezza la qualit\u00e0 e l&#8217;unicit\u00e0.<\/p>\n<\/div>\n<\/div>\n<p>&nbsp;<\/p>\n","protected":false},"excerpt":{"rendered":"<p><strong><span style=\"color: #c4963c;\">\u2192 Cornice in legno bianco<\/span><\/strong><strong><span style=\"color: #c4963c;\"><br \/>\n<\/span><span style=\"color: #c4963c;\">\u2192 Superficie in lamiera<\/span><\/strong><\/p>\n","protected":false},"featured_media":15858,"comment_status":"open","ping_status":"closed","template":"","meta":[],"product_brand":[],"product_cat":[266,298,297],"product_tag":[],"class_list":{"0":"post-15857","1":"product","2":"type-product","3":"status-publish","4":"has-post-thumbnail","6":"product_cat-attrezzature-per-negozi-e-taverne","7":"product_cat-lavagne","8":"product_cat-segnaletica-e-pannelli","10":"first","11":"instock","12":"taxable","13":"shipping-taxable","14":"purchasable","15":"product-type-simple"},"yoast_head":"<!-- This site is optimized with the Yoast SEO plugin v27.2 - https:\/\/yoast.com\/product\/yoast-seo-wordpress\/ -->\n<title>Bacheca da parete - Una soluzione utile ed estetica per la tua casa<\/title>\n<meta name=\"description\" content=\"La bacheca da parete \u00e8 utile per vari scopi a casa, in ufficio, al pub o in negozio. La superficie \u00e8 adatta per il fissaggio con magneti.\" \/>\n<meta name=\"robots\" content=\"index, follow, max-snippet:-1, max-image-preview:large, max-video-preview:-1\" \/>\n<link rel=\"canonical\" href=\"https:\/\/pavidecor.si\/it\/prodotto\/bacheca-da-parete-bianca-74x57cm\/\" \/>\n<meta property=\"og:locale\" content=\"it_IT\" \/>\n<meta property=\"og:type\" content=\"article\" \/>\n<meta property=\"og:title\" content=\"Bacheca da parete - Una soluzione utile ed estetica per la tua casa\" \/>\n<meta property=\"og:description\" content=\"La bacheca da parete \u00e8 utile per vari scopi a casa, in ufficio, al pub o in negozio. La superficie \u00e8 adatta per il fissaggio con magneti.\" \/>\n<meta property=\"og:url\" content=\"https:\/\/pavidecor.si\/it\/prodotto\/bacheca-da-parete-bianca-74x57cm\/\" \/>\n<meta property=\"og:site_name\" content=\"Pavi Decor\" \/>\n<meta property=\"article:modified_time\" content=\"2026-04-22T04:02:38+00:00\" \/>\n<meta property=\"og:image\" content=\"https:\/\/pavidecor.si\/wp-content\/uploads\/2022\/05\/Oglasna-tabla-stenska-bela-scaled.jpg\" \/>\n\t<meta property=\"og:image:width\" content=\"2560\" \/>\n\t<meta property=\"og:image:height\" content=\"2560\" \/>\n\t<meta property=\"og:image:type\" content=\"image\/jpeg\" \/>\n<meta name=\"twitter:card\" content=\"summary_large_image\" \/>\n<meta name=\"twitter:label1\" content=\"Tempo di lettura stimato\" \/>\n\t<meta name=\"twitter:data1\" content=\"3 minuti\" \/>\n<script type=\"application\/ld+json\" class=\"yoast-schema-graph\">{\"@context\":\"https:\/\/schema.org\",\"@graph\":[{\"@type\":\"WebPage\",\"@id\":\"https:\/\/pavidecor.si\/it\/prodotto\/bacheca-da-parete-bianca-74x57cm\/\",\"url\":\"https:\/\/pavidecor.si\/it\/prodotto\/bacheca-da-parete-bianca-74x57cm\/\",\"name\":\"Bacheca da parete - Una soluzione utile ed estetica per la tua casa\",\"isPartOf\":{\"@id\":\"https:\/\/pavidecor.si\/it\/#website\"},\"primaryImageOfPage\":{\"@id\":\"https:\/\/pavidecor.si\/it\/prodotto\/bacheca-da-parete-bianca-74x57cm\/#primaryimage\"},\"image\":{\"@id\":\"https:\/\/pavidecor.si\/it\/prodotto\/bacheca-da-parete-bianca-74x57cm\/#primaryimage\"},\"thumbnailUrl\":\"https:\/\/pavidecor.si\/wp-content\/uploads\/2022\/05\/Oglasna-tabla-stenska-bela-scaled.jpg\",\"datePublished\":\"2022-05-24T09:48:14+00:00\",\"dateModified\":\"2026-04-22T04:02:38+00:00\",\"description\":\"La bacheca da parete \u00e8 utile per vari scopi a casa, in ufficio, al pub o in negozio. La superficie \u00e8 adatta per il fissaggio con magneti.\",\"breadcrumb\":{\"@id\":\"https:\/\/pavidecor.si\/it\/prodotto\/bacheca-da-parete-bianca-74x57cm\/#breadcrumb\"},\"inLanguage\":\"it-IT\",\"potentialAction\":[{\"@type\":\"ReadAction\",\"target\":[\"https:\/\/pavidecor.si\/it\/prodotto\/bacheca-da-parete-bianca-74x57cm\/\"]}]},{\"@type\":\"ImageObject\",\"inLanguage\":\"it-IT\",\"@id\":\"https:\/\/pavidecor.si\/it\/prodotto\/bacheca-da-parete-bianca-74x57cm\/#primaryimage\",\"url\":\"https:\/\/pavidecor.si\/wp-content\/uploads\/2022\/05\/Oglasna-tabla-stenska-bela-scaled.jpg\",\"contentUrl\":\"https:\/\/pavidecor.si\/wp-content\/uploads\/2022\/05\/Oglasna-tabla-stenska-bela-scaled.jpg\",\"width\":2560,\"height\":2560,\"caption\":\"PAVI DECOR\"},{\"@type\":\"BreadcrumbList\",\"@id\":\"https:\/\/pavidecor.si\/it\/prodotto\/bacheca-da-parete-bianca-74x57cm\/#breadcrumb\",\"itemListElement\":[{\"@type\":\"ListItem\",\"position\":1,\"name\":\"Domov\",\"item\":\"https:\/\/pavidecor.si\/it\/\"},{\"@type\":\"ListItem\",\"position\":2,\"name\":\"Negozio online\",\"item\":\"https:\/\/pavidecor.si\/it\/negozio-online\/\"},{\"@type\":\"ListItem\",\"position\":3,\"name\":\"Bacheca da parete bianca 74x57cm\"}]},{\"@type\":\"WebSite\",\"@id\":\"https:\/\/pavidecor.si\/it\/#website\",\"url\":\"https:\/\/pavidecor.si\/it\/\",\"name\":\"Pavi Decor\",\"description\":\"Leseni unikati ustvarjeni iz ljubezni do lesa in narave.\",\"potentialAction\":[{\"@type\":\"SearchAction\",\"target\":{\"@type\":\"EntryPoint\",\"urlTemplate\":\"https:\/\/pavidecor.si\/it\/?s={search_term_string}\"},\"query-input\":{\"@type\":\"PropertyValueSpecification\",\"valueRequired\":true,\"valueName\":\"search_term_string\"}}],\"inLanguage\":\"it-IT\"}]}<\/script>\n<!-- \/ Yoast SEO plugin. -->","yoast_head_json":{"title":"Bacheca da parete - Una soluzione utile ed estetica per la tua casa","description":"La bacheca da parete \u00e8 utile per vari scopi a casa, in ufficio, al pub o in negozio. La superficie \u00e8 adatta per il fissaggio con magneti.","robots":{"index":"index","follow":"follow","max-snippet":"max-snippet:-1","max-image-preview":"max-image-preview:large","max-video-preview":"max-video-preview:-1"},"canonical":"https:\/\/pavidecor.si\/it\/prodotto\/bacheca-da-parete-bianca-74x57cm\/","og_locale":"it_IT","og_type":"article","og_title":"Bacheca da parete - Una soluzione utile ed estetica per la tua casa","og_description":"La bacheca da parete \u00e8 utile per vari scopi a casa, in ufficio, al pub o in negozio. La superficie \u00e8 adatta per il fissaggio con magneti.","og_url":"https:\/\/pavidecor.si\/it\/prodotto\/bacheca-da-parete-bianca-74x57cm\/","og_site_name":"Pavi Decor","article_modified_time":"2026-04-22T04:02:38+00:00","og_image":[{"width":2560,"height":2560,"url":"https:\/\/pavidecor.si\/wp-content\/uploads\/2022\/05\/Oglasna-tabla-stenska-bela-scaled.jpg","type":"image\/jpeg"}],"twitter_card":"summary_large_image","twitter_misc":{"Tempo di lettura stimato":"3 minuti"},"schema":{"@context":"https:\/\/schema.org","@graph":[{"@type":"WebPage","@id":"https:\/\/pavidecor.si\/it\/prodotto\/bacheca-da-parete-bianca-74x57cm\/","url":"https:\/\/pavidecor.si\/it\/prodotto\/bacheca-da-parete-bianca-74x57cm\/","name":"Bacheca da parete - Una soluzione utile ed estetica per la tua casa","isPartOf":{"@id":"https:\/\/pavidecor.si\/it\/#website"},"primaryImageOfPage":{"@id":"https:\/\/pavidecor.si\/it\/prodotto\/bacheca-da-parete-bianca-74x57cm\/#primaryimage"},"image":{"@id":"https:\/\/pavidecor.si\/it\/prodotto\/bacheca-da-parete-bianca-74x57cm\/#primaryimage"},"thumbnailUrl":"https:\/\/pavidecor.si\/wp-content\/uploads\/2022\/05\/Oglasna-tabla-stenska-bela-scaled.jpg","datePublished":"2022-05-24T09:48:14+00:00","dateModified":"2026-04-22T04:02:38+00:00","description":"La bacheca da parete \u00e8 utile per vari scopi a casa, in ufficio, al pub o in negozio. La superficie \u00e8 adatta per il fissaggio con magneti.","breadcrumb":{"@id":"https:\/\/pavidecor.si\/it\/prodotto\/bacheca-da-parete-bianca-74x57cm\/#breadcrumb"},"inLanguage":"it-IT","potentialAction":[{"@type":"ReadAction","target":["https:\/\/pavidecor.si\/it\/prodotto\/bacheca-da-parete-bianca-74x57cm\/"]}]},{"@type":"ImageObject","inLanguage":"it-IT","@id":"https:\/\/pavidecor.si\/it\/prodotto\/bacheca-da-parete-bianca-74x57cm\/#primaryimage","url":"https:\/\/pavidecor.si\/wp-content\/uploads\/2022\/05\/Oglasna-tabla-stenska-bela-scaled.jpg","contentUrl":"https:\/\/pavidecor.si\/wp-content\/uploads\/2022\/05\/Oglasna-tabla-stenska-bela-scaled.jpg","width":2560,"height":2560,"caption":"PAVI DECOR"},{"@type":"BreadcrumbList","@id":"https:\/\/pavidecor.si\/it\/prodotto\/bacheca-da-parete-bianca-74x57cm\/#breadcrumb","itemListElement":[{"@type":"ListItem","position":1,"name":"Domov","item":"https:\/\/pavidecor.si\/it\/"},{"@type":"ListItem","position":2,"name":"Negozio online","item":"https:\/\/pavidecor.si\/it\/negozio-online\/"},{"@type":"ListItem","position":3,"name":"Bacheca da parete bianca 74x57cm"}]},{"@type":"WebSite","@id":"https:\/\/pavidecor.si\/it\/#website","url":"https:\/\/pavidecor.si\/it\/","name":"Pavi Decor","description":"Leseni unikati ustvarjeni iz ljubezni do lesa in narave.","potentialAction":[{"@type":"SearchAction","target":{"@type":"EntryPoint","urlTemplate":"https:\/\/pavidecor.si\/it\/?s={search_term_string}"},"query-input":{"@type":"PropertyValueSpecification","valueRequired":true,"valueName":"search_term_string"}}],"inLanguage":"it-IT"}]}},"_links":{"self":[{"href":"https:\/\/pavidecor.si\/it\/wp-json\/wp\/v2\/product\/15857","targetHints":{"allow":["GET"]}}],"collection":[{"href":"https:\/\/pavidecor.si\/it\/wp-json\/wp\/v2\/product"}],"about":[{"href":"https:\/\/pavidecor.si\/it\/wp-json\/wp\/v2\/types\/product"}],"replies":[{"embeddable":true,"href":"https:\/\/pavidecor.si\/it\/wp-json\/wp\/v2\/comments?post=15857"}],"wp:featuredmedia":[{"embeddable":true,"href":"https:\/\/pavidecor.si\/it\/wp-json\/wp\/v2\/media\/15858"}],"wp:attachment":[{"href":"https:\/\/pavidecor.si\/it\/wp-json\/wp\/v2\/media?parent=15857"}],"wp:term":[{"taxonomy":"product_brand","embeddable":true,"href":"https:\/\/pavidecor.si\/it\/wp-json\/wp\/v2\/product_brand?post=15857"},{"taxonomy":"product_cat","embeddable":true,"href":"https:\/\/pavidecor.si\/it\/wp-json\/wp\/v2\/product_cat?post=15857"},{"taxonomy":"product_tag","embeddable":true,"href":"https:\/\/pavidecor.si\/it\/wp-json\/wp\/v2\/product_tag?post=15857"}],"curies":[{"name":"wp","href":"https:\/\/api.w.org\/{rel}","templated":true}]}}