	{"id":14439,"date":"2021-12-25T06:52:10","date_gmt":"2021-12-25T06:52:10","guid":{"rendered":"https:\/\/pavidecor.si\/product\/casetta-per-uccelli-incubatoio\/"},"modified":"2026-04-22T04:22:32","modified_gmt":"2026-04-22T04:22:32","slug":"casetta-per-uccelli-in-legno","status":"publish","type":"product","link":"https:\/\/pavidecor.si\/it\/prodotto\/casetta-per-uccelli-in-legno\/","title":{"rendered":"Casetta per uccelli in legno"},"content":{"rendered":"<p>Casetta per uccelli in legno &#8211; Crea un paradiso per gli uccelli nel tuo giardino<\/p>\n<p>&nbsp;<\/p>\n<h2><span class=\"odebeljenopis\"><strong><br \/>\nScopri la magia della natura con la nostra casetta per uccelli in legno, un must per ogni giardino. Questo esclusivo prodotto in legno non solo offre un luogo sicuro per la nidificazione degli uccelli canterini, ma contribuisce anche all&#8217;equilibrio naturale del tuo ambiente. Noi di PAVI DECOR di Lubiana ci assicuriamo che ogni prodotto rifletta il nostro amore per il legno e la natura.<br \/>\n<\/strong><\/span><\/h2>\n<p>&nbsp;<\/p>\n<div class=\"row\">\n<div class=\"col-sm-6 \" style=\"margin-top: 30px;\"><center><img decoding=\"async\" class=\"lazyload img-responsive\" style=\"margin: 0px auto; max-width: 100%;\" src=\"data:image\/svg+xml,%3Csvg%20xmlns%3D%27http%3A%2F%2Fwww.w3.org%2F2000%2Fsvg%27%20width%3D%272047%27%20height%3D%272046%27%20viewBox%3D%270%200%202047%202046%27%3E%3Crect%20width%3D%272047%27%20height%3D%272046%27%20fill-opacity%3D%220%22%2F%3E%3C%2Fsvg%3E\" data-orig-src=\"https:\/\/pavidecor.si\/wp-content\/uploads\/2021\/12\/IMG_7586-2.jpg\" \/><\/center><\/div>\n<div class=\"col-sm-6\" style=\"margin-top: 40px;\">\n<p>&nbsp;<\/p>\n<h3>Design unico e artigianale<\/h3>\n<p>La nostra casetta per uccelli in legno \u00e8 il risultato di un&#8217;attenta lavorazione artigianale, basata sulle tecniche tradizionali di assemblaggio delle parti in legno, utilizzate dai maestri artigiani. <strong>Ogni pezzo \u00e8 unico e porta con s\u00e9 una storia<\/strong> che la natura racconta. Noi di PAVI DECOR crediamo che il legno sia un materiale vivo, che si evolve e si trasforma. Ecco perch\u00e9 progettiamo ogni prodotto pensando alla durevolezza e all&#8217;estetica. La nostra passione per il legno si riflette in ogni dettaglio. Questo garantisce che la vostra casetta per uccelli sia funzionale ed esteticamente gradevole.<\/p>\n<p>&nbsp;<\/p>\n<p>La casetta per uccelli in legno \u00e8 progettata per offrire condizioni ottimali per la nidificazione degli uccelli canterini. Il gancio consente una facile installazione su un albero o sotto la grondaia, offrendo un <strong>ambiente sicuro per gli uccelli<\/strong>. Quando invitate gli uccelli nel vostro giardino, contribuite alla salvaguardia della natura e godete del loro canto, che arricchir\u00e0 l&#8217;ambiente circostante.<\/p>\n<p>&nbsp;<\/p>\n<\/div>\n<\/div>\n<div class=\"row\">\n<div class=\"col-sm-12\">\n<p>&nbsp;<\/p>\n<h3>Vantaggi di una casetta per uccelli<\/h3>\n<p>Uno dei principali vantaggi della nostra casetta per uccelli \u00e8 che attrae gli uccelli canterini. Sono noti per la loro capacit\u00e0 di tenere lontani i parassiti. Nella stagione calda, questi uccelli diventeranno i vostri fedeli aiutanti, nutrendosi di insetti, contribuendo alla <strong>salute del giardino<\/strong>. Permettendo agli uccelli di nidificare nella vostra casetta, creerete un ecosistema equilibrato e rispettoso della natura.<\/p>\n<p>&nbsp;<\/p>\n<p>Inoltre, la nostra casetta per uccelli in legno \u00e8 realizzata in legno di alta qualit\u00e0, resistente agli agenti atmosferici. Durata e longevit\u00e0 sono caratteristiche fondamentali che garantiamo attraverso un&#8217;attenta selezione dei materiali e una lavorazione accurata. In questo modo, la vostra casetta per uccelli vi servir\u00e0 per molti anni senza dovervi preoccupare della sua manutenzione. In inverno, potete mettere del cibo per loro nella nostra <a href=\"\/it\/prodotto\/mangiatoia-per-uccelli\/\"><strong><span style=\"color: #3366ff;\">mangiatoia per uccelli<\/span><\/strong><\/a>.<\/p>\n<\/div>\n<\/div>\n<div class=\"row\">\n<div class=\"col-sm-12\">\n<p>&nbsp;<\/p>\n<h3>Perch\u00e9 scegliere PAVI DECOR?<\/h3>\n<p>Noi di PAVI DECOR siamo consapevoli dell&#8217;importanza di preservare la tradizione e rispettare la natura. I nostri prodotti sono il frutto della nostra conoscenza e creativit\u00e0, il che significa che ogni prodotto porta il segno della nostra passione per il legno e la natura. Ogni casetta per uccelli in legno \u00e8 progettata pensando a <strong>funzionalit\u00e0 ed estetica<\/strong>, garantendo che si adatti perfettamente a qualsiasi giardino.<\/p>\n<p>&nbsp;<\/p>\n<p>Acquistando la nostra casetta per uccelli con incubatoio, non solo sosterrete l&#8217;artigianato locale, ma contribuirete anche alla salvaguardia della natura. Vi invitiamo a visitare il nostro negozio a Lubiana e a scoprire un&#8217;ampia selezione di prodotti in legno unici che <strong>arricchiranno la vostra casa<\/strong>. Unitevi a noi nel percorso verso una vita sostenibile e rispettosa della natura.<\/p>\n<p>&nbsp;<\/p>\n<\/div>\n<\/div>\n<blockquote><p>Una casetta per uccelli in legno \u00e8 un elemento indispensabile per ogni giardino, poich\u00e9 permette agli uccelli canori di nidificare in sicurezza. Gli uccelli canori sono ospiti molto graditi in giardino, poich\u00e9 aiutano a tenere sotto controllo i parassiti nei mesi pi\u00f9 caldi. \u00c8 consigliabile appendere la casetta a un albero o sotto una tettoia. A questo scopo, la casetta ha un gancio gi\u00e0 fissato alla parte superiore.<\/p><\/blockquote>\n<p>&nbsp;<\/p>\n","protected":false},"excerpt":{"rendered":"<p><strong><span style=\"color: #c4963c;\">\u2192 Fatto a mano<\/span><\/strong><strong><span style=\"color: #c4963c;\"><br \/>\n<\/span><span style=\"color: #c4963c;\">\u2192 Unico<\/span><\/strong><\/p>\n","protected":false},"featured_media":14440,"comment_status":"open","ping_status":"closed","template":"","meta":[],"product_brand":[],"product_cat":[308],"product_tag":[250],"class_list":{"0":"post-14439","1":"product","2":"type-product","3":"status-publish","4":"has-post-thumbnail","6":"product_cat-casette-per-uccelli","7":"product_tag-azione","9":"first","10":"instock","11":"sale","12":"taxable","13":"shipping-taxable","14":"purchasable","15":"product-type-simple"},"yoast_head":"<!-- This site is optimized with the Yoast SEO plugin v27.2 - https:\/\/yoast.com\/product\/yoast-seo-wordpress\/ -->\n<title>Casetta per uccelli in legno - Un paradiso per gli uccelli nel giardino<\/title>\n<meta name=\"description\" content=\"Casetta per uccelli in legno \u00e8 un&#039;attrezzatura obbligatoria di qualsiasi giardino, perch\u00e9 consente la nidificazione sicura degli uccelli canori. Con gancio.\" \/>\n<meta name=\"robots\" content=\"index, follow, max-snippet:-1, max-image-preview:large, max-video-preview:-1\" \/>\n<link rel=\"canonical\" href=\"https:\/\/pavidecor.si\/it\/prodotto\/casetta-per-uccelli-in-legno\/\" \/>\n<meta property=\"og:locale\" content=\"it_IT\" \/>\n<meta property=\"og:type\" content=\"article\" \/>\n<meta property=\"og:title\" content=\"Casetta per uccelli in legno - Un paradiso per gli uccelli nel giardino\" \/>\n<meta property=\"og:description\" content=\"Casetta per uccelli in legno \u00e8 un&#039;attrezzatura obbligatoria di qualsiasi giardino, perch\u00e9 consente la nidificazione sicura degli uccelli canori. Con gancio.\" \/>\n<meta property=\"og:url\" content=\"https:\/\/pavidecor.si\/it\/prodotto\/casetta-per-uccelli-in-legno\/\" \/>\n<meta property=\"og:site_name\" content=\"Pavi Decor\" \/>\n<meta property=\"article:modified_time\" content=\"2026-04-22T04:22:32+00:00\" \/>\n<meta property=\"og:image\" content=\"https:\/\/pavidecor.si\/wp-content\/uploads\/2021\/12\/IMG_7586-2.jpg\" \/>\n\t<meta property=\"og:image:width\" content=\"2047\" \/>\n\t<meta property=\"og:image:height\" content=\"2046\" \/>\n\t<meta property=\"og:image:type\" content=\"image\/jpeg\" \/>\n<meta name=\"twitter:card\" content=\"summary_large_image\" \/>\n<meta name=\"twitter:label1\" content=\"Tempo di lettura stimato\" \/>\n\t<meta name=\"twitter:data1\" content=\"4 minuti\" \/>\n<script type=\"application\/ld+json\" class=\"yoast-schema-graph\">{\"@context\":\"https:\/\/schema.org\",\"@graph\":[{\"@type\":\"WebPage\",\"@id\":\"https:\/\/pavidecor.si\/it\/prodotto\/casetta-per-uccelli-in-legno\/\",\"url\":\"https:\/\/pavidecor.si\/it\/prodotto\/casetta-per-uccelli-in-legno\/\",\"name\":\"Casetta per uccelli in legno - Un paradiso per gli uccelli nel giardino\",\"isPartOf\":{\"@id\":\"https:\/\/pavidecor.si\/it\/#website\"},\"primaryImageOfPage\":{\"@id\":\"https:\/\/pavidecor.si\/it\/prodotto\/casetta-per-uccelli-in-legno\/#primaryimage\"},\"image\":{\"@id\":\"https:\/\/pavidecor.si\/it\/prodotto\/casetta-per-uccelli-in-legno\/#primaryimage\"},\"thumbnailUrl\":\"https:\/\/pavidecor.si\/wp-content\/uploads\/2021\/12\/IMG_7586-2.jpg\",\"datePublished\":\"2021-12-25T06:52:10+00:00\",\"dateModified\":\"2026-04-22T04:22:32+00:00\",\"description\":\"Casetta per uccelli in legno \u00e8 un'attrezzatura obbligatoria di qualsiasi giardino, perch\u00e9 consente la nidificazione sicura degli uccelli canori. Con gancio.\",\"breadcrumb\":{\"@id\":\"https:\/\/pavidecor.si\/it\/prodotto\/casetta-per-uccelli-in-legno\/#breadcrumb\"},\"inLanguage\":\"it-IT\",\"potentialAction\":[{\"@type\":\"ReadAction\",\"target\":[\"https:\/\/pavidecor.si\/it\/prodotto\/casetta-per-uccelli-in-legno\/\"]}]},{\"@type\":\"ImageObject\",\"inLanguage\":\"it-IT\",\"@id\":\"https:\/\/pavidecor.si\/it\/prodotto\/casetta-per-uccelli-in-legno\/#primaryimage\",\"url\":\"https:\/\/pavidecor.si\/wp-content\/uploads\/2021\/12\/IMG_7586-2.jpg\",\"contentUrl\":\"https:\/\/pavidecor.si\/wp-content\/uploads\/2021\/12\/IMG_7586-2.jpg\",\"width\":2047,\"height\":2046,\"caption\":\"PAVI DECOR\"},{\"@type\":\"BreadcrumbList\",\"@id\":\"https:\/\/pavidecor.si\/it\/prodotto\/casetta-per-uccelli-in-legno\/#breadcrumb\",\"itemListElement\":[{\"@type\":\"ListItem\",\"position\":1,\"name\":\"Domov\",\"item\":\"https:\/\/pavidecor.si\/it\/\"},{\"@type\":\"ListItem\",\"position\":2,\"name\":\"Negozio online\",\"item\":\"https:\/\/pavidecor.si\/it\/negozio-online\/\"},{\"@type\":\"ListItem\",\"position\":3,\"name\":\"Casetta per uccelli in legno\"}]},{\"@type\":\"WebSite\",\"@id\":\"https:\/\/pavidecor.si\/it\/#website\",\"url\":\"https:\/\/pavidecor.si\/it\/\",\"name\":\"Pavi Decor\",\"description\":\"Leseni unikati ustvarjeni iz ljubezni do lesa in narave.\",\"potentialAction\":[{\"@type\":\"SearchAction\",\"target\":{\"@type\":\"EntryPoint\",\"urlTemplate\":\"https:\/\/pavidecor.si\/it\/?s={search_term_string}\"},\"query-input\":{\"@type\":\"PropertyValueSpecification\",\"valueRequired\":true,\"valueName\":\"search_term_string\"}}],\"inLanguage\":\"it-IT\"}]}<\/script>\n<!-- \/ Yoast SEO plugin. -->","yoast_head_json":{"title":"Casetta per uccelli in legno - Un paradiso per gli uccelli nel giardino","description":"Casetta per uccelli in legno \u00e8 un'attrezzatura obbligatoria di qualsiasi giardino, perch\u00e9 consente la nidificazione sicura degli uccelli canori. Con gancio.","robots":{"index":"index","follow":"follow","max-snippet":"max-snippet:-1","max-image-preview":"max-image-preview:large","max-video-preview":"max-video-preview:-1"},"canonical":"https:\/\/pavidecor.si\/it\/prodotto\/casetta-per-uccelli-in-legno\/","og_locale":"it_IT","og_type":"article","og_title":"Casetta per uccelli in legno - Un paradiso per gli uccelli nel giardino","og_description":"Casetta per uccelli in legno \u00e8 un'attrezzatura obbligatoria di qualsiasi giardino, perch\u00e9 consente la nidificazione sicura degli uccelli canori. Con gancio.","og_url":"https:\/\/pavidecor.si\/it\/prodotto\/casetta-per-uccelli-in-legno\/","og_site_name":"Pavi Decor","article_modified_time":"2026-04-22T04:22:32+00:00","og_image":[{"width":2047,"height":2046,"url":"https:\/\/pavidecor.si\/wp-content\/uploads\/2021\/12\/IMG_7586-2.jpg","type":"image\/jpeg"}],"twitter_card":"summary_large_image","twitter_misc":{"Tempo di lettura stimato":"4 minuti"},"schema":{"@context":"https:\/\/schema.org","@graph":[{"@type":"WebPage","@id":"https:\/\/pavidecor.si\/it\/prodotto\/casetta-per-uccelli-in-legno\/","url":"https:\/\/pavidecor.si\/it\/prodotto\/casetta-per-uccelli-in-legno\/","name":"Casetta per uccelli in legno - Un paradiso per gli uccelli nel giardino","isPartOf":{"@id":"https:\/\/pavidecor.si\/it\/#website"},"primaryImageOfPage":{"@id":"https:\/\/pavidecor.si\/it\/prodotto\/casetta-per-uccelli-in-legno\/#primaryimage"},"image":{"@id":"https:\/\/pavidecor.si\/it\/prodotto\/casetta-per-uccelli-in-legno\/#primaryimage"},"thumbnailUrl":"https:\/\/pavidecor.si\/wp-content\/uploads\/2021\/12\/IMG_7586-2.jpg","datePublished":"2021-12-25T06:52:10+00:00","dateModified":"2026-04-22T04:22:32+00:00","description":"Casetta per uccelli in legno \u00e8 un'attrezzatura obbligatoria di qualsiasi giardino, perch\u00e9 consente la nidificazione sicura degli uccelli canori. Con gancio.","breadcrumb":{"@id":"https:\/\/pavidecor.si\/it\/prodotto\/casetta-per-uccelli-in-legno\/#breadcrumb"},"inLanguage":"it-IT","potentialAction":[{"@type":"ReadAction","target":["https:\/\/pavidecor.si\/it\/prodotto\/casetta-per-uccelli-in-legno\/"]}]},{"@type":"ImageObject","inLanguage":"it-IT","@id":"https:\/\/pavidecor.si\/it\/prodotto\/casetta-per-uccelli-in-legno\/#primaryimage","url":"https:\/\/pavidecor.si\/wp-content\/uploads\/2021\/12\/IMG_7586-2.jpg","contentUrl":"https:\/\/pavidecor.si\/wp-content\/uploads\/2021\/12\/IMG_7586-2.jpg","width":2047,"height":2046,"caption":"PAVI DECOR"},{"@type":"BreadcrumbList","@id":"https:\/\/pavidecor.si\/it\/prodotto\/casetta-per-uccelli-in-legno\/#breadcrumb","itemListElement":[{"@type":"ListItem","position":1,"name":"Domov","item":"https:\/\/pavidecor.si\/it\/"},{"@type":"ListItem","position":2,"name":"Negozio online","item":"https:\/\/pavidecor.si\/it\/negozio-online\/"},{"@type":"ListItem","position":3,"name":"Casetta per uccelli in legno"}]},{"@type":"WebSite","@id":"https:\/\/pavidecor.si\/it\/#website","url":"https:\/\/pavidecor.si\/it\/","name":"Pavi Decor","description":"Leseni unikati ustvarjeni iz ljubezni do lesa in narave.","potentialAction":[{"@type":"SearchAction","target":{"@type":"EntryPoint","urlTemplate":"https:\/\/pavidecor.si\/it\/?s={search_term_string}"},"query-input":{"@type":"PropertyValueSpecification","valueRequired":true,"valueName":"search_term_string"}}],"inLanguage":"it-IT"}]}},"_links":{"self":[{"href":"https:\/\/pavidecor.si\/it\/wp-json\/wp\/v2\/product\/14439","targetHints":{"allow":["GET"]}}],"collection":[{"href":"https:\/\/pavidecor.si\/it\/wp-json\/wp\/v2\/product"}],"about":[{"href":"https:\/\/pavidecor.si\/it\/wp-json\/wp\/v2\/types\/product"}],"replies":[{"embeddable":true,"href":"https:\/\/pavidecor.si\/it\/wp-json\/wp\/v2\/comments?post=14439"}],"wp:featuredmedia":[{"embeddable":true,"href":"https:\/\/pavidecor.si\/it\/wp-json\/wp\/v2\/media\/14440"}],"wp:attachment":[{"href":"https:\/\/pavidecor.si\/it\/wp-json\/wp\/v2\/media?parent=14439"}],"wp:term":[{"taxonomy":"product_brand","embeddable":true,"href":"https:\/\/pavidecor.si\/it\/wp-json\/wp\/v2\/product_brand?post=14439"},{"taxonomy":"product_cat","embeddable":true,"href":"https:\/\/pavidecor.si\/it\/wp-json\/wp\/v2\/product_cat?post=14439"},{"taxonomy":"product_tag","embeddable":true,"href":"https:\/\/pavidecor.si\/it\/wp-json\/wp\/v2\/product_tag?post=14439"}],"curies":[{"name":"wp","href":"https:\/\/api.w.org\/{rel}","templated":true}]}}