	{"id":14211,"date":"2022-02-26T10:29:25","date_gmt":"2022-02-26T10:29:25","guid":{"rendered":"https:\/\/pavidecor.si\/product\/cannuccia-per-paralume-marocco-fi190cm\/"},"modified":"2026-04-04T12:04:13","modified_gmt":"2026-04-04T12:04:13","slug":"paglia-per-ombrellone-marocco-fi190cm","status":"publish","type":"product","link":"https:\/\/pavidecor.si\/it\/prodotto\/paglia-per-ombrellone-marocco-fi190cm\/","title":{"rendered":"Paglia per ombrellone Marocco naturale fi190cm"},"content":{"rendered":"<p><span class=\"prvimanjsinaslovopis\">Paglia per ombrellone Marocco &#8211; Eleganza tradizionale per il tuo ombrellone<\/span><\/p>\n<p>&nbsp;<\/p>\n<h2><span class=\"odebeljenopis\"><strong><br \/>\nScopri la magia della paglia naturale per ombrellone Morocco, che unisce tradizione artigianale e materiali naturali. Il nostro negozio PAVI DECOR di Lubiana offre prodotti unici che sono il risultato dell&#8217;amore per il legno e la natura. L&#8217;ombrellone Morocco \u00e8 la scelta ideale per qualsiasi giardino o spiaggia, poich\u00e9 apporta eleganza e protezione dal sole.<\/strong><\/span><\/h2>\n<p>&nbsp;<\/p>\n<div class=\"row\">\n<div class=\"col-sm-6 \" style=\"margin-top: 30px;\"><center><img decoding=\"async\" class=\"lazyload img-responsive\" style=\"margin: 0px auto; max-width: 100%;\" src=\"data:image\/svg+xml,%3Csvg%20xmlns%3D%27http%3A%2F%2Fwww.w3.org%2F2000%2Fsvg%27%20width%3D%272560%27%20height%3D%272560%27%20viewBox%3D%270%200%202560%202560%27%3E%3Crect%20width%3D%272560%27%20height%3D%272560%27%20fill-opacity%3D%220%22%2F%3E%3C%2Fsvg%3E\" data-orig-src=\"https:\/\/pavidecor.si\/wp-content\/uploads\/2022\/02\/Slama-za-sencnik-gladka-2-scaled.jpg\" \/><\/center><\/div>\n<div class=\"col-sm-6\" style=\"margin-top: 40px;\">\n<p>&nbsp;<\/p>\n<h3>Design tradizionale ed esotico<\/h3>\n<p>La paglia per ombrellone Morocco \u00e8 realizzata con singole fibre di paglia intrecciate in modo speciale, che gli conferiscono un aspetto unico ed esotico. Questo tetto tradizionale non solo protegge dal sole, ma aggiunge anche valore estetico al tuo spazio esterno. L&#8217;utilizzo della paglia per la copertura del tetto <strong>presenta numerosi vantaggi<\/strong>, poich\u00e9 \u00e8 naturale, innocua per l&#8217;uomo e completamente degradabile.<\/p>\n<p>&nbsp;<\/p>\n<p>Grazie alla sua composizione naturale, la paglia naturale \u00e8 una scelta eccellente per progetti rispettosi dell&#8217;ambiente. Il parasole Marocco si adatta perfettamente sia a strutture tradizionali che moderne, risultando versatile e attraente per tutti. La sua durabilit\u00e0 e la capacit\u00e0 di acquisire una <strong>speciale patina grigiastra<\/strong> nel corso degli anni gli permettono di rimanere attraente e funzionale.<\/p>\n<p>&nbsp;<\/p>\n<\/div>\n<\/div>\n<div class=\"row\">\n<div class=\"col-sm-6 col-sm-push-6\" style=\"margin-top: 30px;\"><center><img decoding=\"async\" class=\"lazyload img-responsive\" style=\"margin: 0px auto; max-width: 100%;\" src=\"data:image\/svg+xml,%3Csvg%20xmlns%3D%27http%3A%2F%2Fwww.w3.org%2F2000%2Fsvg%27%20width%3D%271326%27%20height%3D%271326%27%20viewBox%3D%270%200%201326%201326%27%3E%3Crect%20width%3D%271326%27%20height%3D%271326%27%20fill-opacity%3D%220%22%2F%3E%3C%2Fsvg%3E\" data-orig-src=\" https:\/\/pavidecor.si\/wp-content\/uploads\/2022\/02\/IMG_8792b.jpg\" \/><\/center><\/div>\n<div class=\"col-sm-6 col-sm-pull-6\" style=\"margin-top: 40px;\">\n<p>&nbsp;<\/p>\n<h3>Resistenza e adattabilit\u00e0<\/h3>\n<p>Uno dei principali vantaggi dell&#8217;ombrellone Marocco \u00e8 la sua durata. Il tetto in paglia naturale \u00e8 progettato per resistere a diverse condizioni atmosferiche. Questo significa che il tuo ombrellone <strong>manterr\u00e0 la sua funzionalit\u00e0 e il suo aspetto per lungo tempo<\/strong>. La paglia pu\u00f2 essere facilmente piegata o sostituita, consentendo una manutenzione facile e veloce.<\/p>\n<p>&nbsp;<\/p>\n<p>Nel nostro negozio PAVI DECOR abbiamo sempre in stock la paglia liscia che adorna i nostri ombrelloni sulla <a href=\"https:\/\/pavidecor.si\/it\/projects\/spiaggia-a-porec\/\"><strong><span style=\"color: #3366ff;\">spiaggia di Parenzo<\/span><\/strong><\/a> e pi\u00f9 di 700 dei nostri ombrelloni su altre spiagge. La paglia tuftata che veniva utilizzata sui nostri ombrelloni sulla <a href=\"https:\/\/pavidecor.si\/it\/projects\/spiaggia-di-krk\/\"><strong><span style=\"color: #3366ff;\">spiaggia di Krk<\/span><\/strong><\/a>\u00a0non \u00e8 pi\u00f9 disponibile. Grazie alla flessibilit\u00e0 della paglia, l&#8217;ombrellone Morocco pu\u00f2 soddisfare le diverse esigenze e i desideri dei nostri clienti.\u00a0Ci\u00f2 lo rende ancora pi\u00f9 attraente.<\/p>\n<p>&nbsp;<\/p>\n<\/div>\n<\/div>\n<div class=\"row\">\n<div class=\"col-sm-6\" style=\"margin-top: 30px;\"><center><img decoding=\"async\" class=\"lazyload img-responsive\" style=\"margin: 0px auto; max-width: 100%;\" src=\"data:image\/svg+xml,%3Csvg%20xmlns%3D%27http%3A%2F%2Fwww.w3.org%2F2000%2Fsvg%27%20width%3D%272560%27%20height%3D%272560%27%20viewBox%3D%270%200%202560%202560%27%3E%3Crect%20width%3D%272560%27%20height%3D%272560%27%20fill-opacity%3D%220%22%2F%3E%3C%2Fsvg%3E\" data-orig-src=\" https:\/\/pavidecor.si\/wp-content\/uploads\/2022\/02\/20240506_125339a-scaled.jpg\" \/><\/center><\/div>\n<div class=\"col-sm-6\" style=\"margin-top: 40px;\">\n<p>&nbsp;<\/p>\n<h3>Specifiche e vantaggi<\/h3>\n<p>Il parasole Marocco \u00e8 realizzato in paglia naturale, che gli conferisce un aspetto unico e attraente. Il suo tetto tradizionale \u00e8 progettato per riflettere accuratamente gli artigiani del passato che utilizzavano tecniche simili. Tutti i nostri prodotti sono fabbricati in Slovenia, il che <strong>garantisce alta qualit\u00e0 e autenticit\u00e0<\/strong>.<\/p>\n<p>&nbsp;<\/p>\n<p>Grazie alla sua composizione naturale e alla lavorazione artigianale, il parasole Morocco \u00e8 ideale per qualsiasi spazio esterno. Sia che lo posizioniate nel vostro giardino o sulla spiaggia, attirer\u00e0 sicuramente l&#8217;attenzione e <strong>aggiunger\u00e0 un fascino speciale<\/strong>. Scegli un ombrellone Morocco e goditi la natura sostenendo l&#8217;artigianato locale e le pratiche sostenibili.<\/p>\n<\/div>\n<\/div>\n<p>&nbsp;<\/p>\n","protected":false},"excerpt":{"rendered":"<p><strong><span style=\"color: #c4963c;\">\u2192 Molto resistente<\/span><\/strong><strong><span style=\"color: #c4963c;\"><br \/>\n<strong><span style=\"color: #c4963c;\">\u2192 Facile da sostituire<\/span><\/strong><strong><span style=\"color: #c4963c;\"><br \/>\n<\/span><span style=\"color: #c4963c;\">\u2192 Materiale completamente naturale<\/span><\/strong><\/span><\/strong><\/p>\n","protected":false},"featured_media":14215,"comment_status":"open","ping_status":"closed","template":"","meta":[],"product_brand":[],"product_cat":[290,291],"product_tag":[292,273],"class_list":{"0":"post-14211","1":"product","2":"type-product","3":"status-publish","4":"has-post-thumbnail","6":"product_cat-accessori","7":"product_cat-ombrelloni-di-paglia","8":"product_tag-spiaggia-a-porec","9":"product_tag-spiaggia-di-krk","11":"first","12":"instock","13":"taxable","14":"shipping-taxable","15":"purchasable","16":"product-type-simple"},"yoast_head":"<!-- This site is optimized with the Yoast SEO plugin v27.2 - https:\/\/yoast.com\/product\/yoast-seo-wordpress\/ -->\n<title>Paglia per ombrellone Marocco - Eleganza tradizionale ed esotica<\/title>\n<meta name=\"description\" content=\"La paglia per ombrellone Marocco \u00e8 materiale completamente naturale. Conferisce un aspetto tradizionale ed esotico. Resistente e rispettoso dell&#039;ambiente.\" \/>\n<meta name=\"robots\" content=\"index, follow, max-snippet:-1, max-image-preview:large, max-video-preview:-1\" \/>\n<link rel=\"canonical\" href=\"https:\/\/pavidecor.si\/it\/prodotto\/paglia-per-ombrellone-marocco-fi190cm\/\" \/>\n<meta property=\"og:locale\" content=\"it_IT\" \/>\n<meta property=\"og:type\" content=\"article\" \/>\n<meta property=\"og:title\" content=\"Paglia per ombrellone Marocco - Eleganza tradizionale ed esotica\" \/>\n<meta property=\"og:description\" content=\"La paglia per ombrellone Marocco \u00e8 materiale completamente naturale. Conferisce un aspetto tradizionale ed esotico. Resistente e rispettoso dell&#039;ambiente.\" \/>\n<meta property=\"og:url\" content=\"https:\/\/pavidecor.si\/it\/prodotto\/paglia-per-ombrellone-marocco-fi190cm\/\" \/>\n<meta property=\"og:site_name\" content=\"Pavi Decor\" \/>\n<meta property=\"article:modified_time\" content=\"2026-04-04T12:04:13+00:00\" \/>\n<meta property=\"og:image\" content=\"https:\/\/pavidecor.si\/wp-content\/uploads\/2022\/02\/Slama-za-sencnik-gladka-2-scaled.jpg\" \/>\n\t<meta property=\"og:image:width\" content=\"2560\" \/>\n\t<meta property=\"og:image:height\" content=\"2560\" \/>\n\t<meta property=\"og:image:type\" content=\"image\/jpeg\" \/>\n<meta name=\"twitter:card\" content=\"summary_large_image\" \/>\n<meta name=\"twitter:label1\" content=\"Tempo di lettura stimato\" \/>\n\t<meta name=\"twitter:data1\" content=\"4 minuti\" \/>\n<script type=\"application\/ld+json\" class=\"yoast-schema-graph\">{\"@context\":\"https:\/\/schema.org\",\"@graph\":[{\"@type\":\"WebPage\",\"@id\":\"https:\/\/pavidecor.si\/it\/prodotto\/paglia-per-ombrellone-marocco-fi190cm\/\",\"url\":\"https:\/\/pavidecor.si\/it\/prodotto\/paglia-per-ombrellone-marocco-fi190cm\/\",\"name\":\"Paglia per ombrellone Marocco - Eleganza tradizionale ed esotica\",\"isPartOf\":{\"@id\":\"https:\/\/pavidecor.si\/it\/#website\"},\"primaryImageOfPage\":{\"@id\":\"https:\/\/pavidecor.si\/it\/prodotto\/paglia-per-ombrellone-marocco-fi190cm\/#primaryimage\"},\"image\":{\"@id\":\"https:\/\/pavidecor.si\/it\/prodotto\/paglia-per-ombrellone-marocco-fi190cm\/#primaryimage\"},\"thumbnailUrl\":\"https:\/\/pavidecor.si\/wp-content\/uploads\/2022\/02\/Slama-za-sencnik-gladka-2-scaled.jpg\",\"datePublished\":\"2022-02-26T10:29:25+00:00\",\"dateModified\":\"2026-04-04T12:04:13+00:00\",\"description\":\"La paglia per ombrellone Marocco \u00e8 materiale completamente naturale. Conferisce un aspetto tradizionale ed esotico. Resistente e rispettoso dell'ambiente.\",\"breadcrumb\":{\"@id\":\"https:\/\/pavidecor.si\/it\/prodotto\/paglia-per-ombrellone-marocco-fi190cm\/#breadcrumb\"},\"inLanguage\":\"it-IT\",\"potentialAction\":[{\"@type\":\"ReadAction\",\"target\":[\"https:\/\/pavidecor.si\/it\/prodotto\/paglia-per-ombrellone-marocco-fi190cm\/\"]}]},{\"@type\":\"ImageObject\",\"inLanguage\":\"it-IT\",\"@id\":\"https:\/\/pavidecor.si\/it\/prodotto\/paglia-per-ombrellone-marocco-fi190cm\/#primaryimage\",\"url\":\"https:\/\/pavidecor.si\/wp-content\/uploads\/2022\/02\/Slama-za-sencnik-gladka-2-scaled.jpg\",\"contentUrl\":\"https:\/\/pavidecor.si\/wp-content\/uploads\/2022\/02\/Slama-za-sencnik-gladka-2-scaled.jpg\",\"width\":2560,\"height\":2560,\"caption\":\"PAVI DECOR\"},{\"@type\":\"BreadcrumbList\",\"@id\":\"https:\/\/pavidecor.si\/it\/prodotto\/paglia-per-ombrellone-marocco-fi190cm\/#breadcrumb\",\"itemListElement\":[{\"@type\":\"ListItem\",\"position\":1,\"name\":\"Domov\",\"item\":\"https:\/\/pavidecor.si\/it\/\"},{\"@type\":\"ListItem\",\"position\":2,\"name\":\"Negozio online\",\"item\":\"https:\/\/pavidecor.si\/it\/negozio-online\/\"},{\"@type\":\"ListItem\",\"position\":3,\"name\":\"Paglia per ombrellone Marocco naturale fi190cm\"}]},{\"@type\":\"WebSite\",\"@id\":\"https:\/\/pavidecor.si\/it\/#website\",\"url\":\"https:\/\/pavidecor.si\/it\/\",\"name\":\"Pavi Decor\",\"description\":\"Leseni unikati ustvarjeni iz ljubezni do lesa in narave.\",\"potentialAction\":[{\"@type\":\"SearchAction\",\"target\":{\"@type\":\"EntryPoint\",\"urlTemplate\":\"https:\/\/pavidecor.si\/it\/?s={search_term_string}\"},\"query-input\":{\"@type\":\"PropertyValueSpecification\",\"valueRequired\":true,\"valueName\":\"search_term_string\"}}],\"inLanguage\":\"it-IT\"}]}<\/script>\n<!-- \/ Yoast SEO plugin. -->","yoast_head_json":{"title":"Paglia per ombrellone Marocco - Eleganza tradizionale ed esotica","description":"La paglia per ombrellone Marocco \u00e8 materiale completamente naturale. Conferisce un aspetto tradizionale ed esotico. Resistente e rispettoso dell'ambiente.","robots":{"index":"index","follow":"follow","max-snippet":"max-snippet:-1","max-image-preview":"max-image-preview:large","max-video-preview":"max-video-preview:-1"},"canonical":"https:\/\/pavidecor.si\/it\/prodotto\/paglia-per-ombrellone-marocco-fi190cm\/","og_locale":"it_IT","og_type":"article","og_title":"Paglia per ombrellone Marocco - Eleganza tradizionale ed esotica","og_description":"La paglia per ombrellone Marocco \u00e8 materiale completamente naturale. Conferisce un aspetto tradizionale ed esotico. Resistente e rispettoso dell'ambiente.","og_url":"https:\/\/pavidecor.si\/it\/prodotto\/paglia-per-ombrellone-marocco-fi190cm\/","og_site_name":"Pavi Decor","article_modified_time":"2026-04-04T12:04:13+00:00","og_image":[{"width":2560,"height":2560,"url":"https:\/\/pavidecor.si\/wp-content\/uploads\/2022\/02\/Slama-za-sencnik-gladka-2-scaled.jpg","type":"image\/jpeg"}],"twitter_card":"summary_large_image","twitter_misc":{"Tempo di lettura stimato":"4 minuti"},"schema":{"@context":"https:\/\/schema.org","@graph":[{"@type":"WebPage","@id":"https:\/\/pavidecor.si\/it\/prodotto\/paglia-per-ombrellone-marocco-fi190cm\/","url":"https:\/\/pavidecor.si\/it\/prodotto\/paglia-per-ombrellone-marocco-fi190cm\/","name":"Paglia per ombrellone Marocco - Eleganza tradizionale ed esotica","isPartOf":{"@id":"https:\/\/pavidecor.si\/it\/#website"},"primaryImageOfPage":{"@id":"https:\/\/pavidecor.si\/it\/prodotto\/paglia-per-ombrellone-marocco-fi190cm\/#primaryimage"},"image":{"@id":"https:\/\/pavidecor.si\/it\/prodotto\/paglia-per-ombrellone-marocco-fi190cm\/#primaryimage"},"thumbnailUrl":"https:\/\/pavidecor.si\/wp-content\/uploads\/2022\/02\/Slama-za-sencnik-gladka-2-scaled.jpg","datePublished":"2022-02-26T10:29:25+00:00","dateModified":"2026-04-04T12:04:13+00:00","description":"La paglia per ombrellone Marocco \u00e8 materiale completamente naturale. Conferisce un aspetto tradizionale ed esotico. Resistente e rispettoso dell'ambiente.","breadcrumb":{"@id":"https:\/\/pavidecor.si\/it\/prodotto\/paglia-per-ombrellone-marocco-fi190cm\/#breadcrumb"},"inLanguage":"it-IT","potentialAction":[{"@type":"ReadAction","target":["https:\/\/pavidecor.si\/it\/prodotto\/paglia-per-ombrellone-marocco-fi190cm\/"]}]},{"@type":"ImageObject","inLanguage":"it-IT","@id":"https:\/\/pavidecor.si\/it\/prodotto\/paglia-per-ombrellone-marocco-fi190cm\/#primaryimage","url":"https:\/\/pavidecor.si\/wp-content\/uploads\/2022\/02\/Slama-za-sencnik-gladka-2-scaled.jpg","contentUrl":"https:\/\/pavidecor.si\/wp-content\/uploads\/2022\/02\/Slama-za-sencnik-gladka-2-scaled.jpg","width":2560,"height":2560,"caption":"PAVI DECOR"},{"@type":"BreadcrumbList","@id":"https:\/\/pavidecor.si\/it\/prodotto\/paglia-per-ombrellone-marocco-fi190cm\/#breadcrumb","itemListElement":[{"@type":"ListItem","position":1,"name":"Domov","item":"https:\/\/pavidecor.si\/it\/"},{"@type":"ListItem","position":2,"name":"Negozio online","item":"https:\/\/pavidecor.si\/it\/negozio-online\/"},{"@type":"ListItem","position":3,"name":"Paglia per ombrellone Marocco naturale fi190cm"}]},{"@type":"WebSite","@id":"https:\/\/pavidecor.si\/it\/#website","url":"https:\/\/pavidecor.si\/it\/","name":"Pavi Decor","description":"Leseni unikati ustvarjeni iz ljubezni do lesa in narave.","potentialAction":[{"@type":"SearchAction","target":{"@type":"EntryPoint","urlTemplate":"https:\/\/pavidecor.si\/it\/?s={search_term_string}"},"query-input":{"@type":"PropertyValueSpecification","valueRequired":true,"valueName":"search_term_string"}}],"inLanguage":"it-IT"}]}},"_links":{"self":[{"href":"https:\/\/pavidecor.si\/it\/wp-json\/wp\/v2\/product\/14211","targetHints":{"allow":["GET"]}}],"collection":[{"href":"https:\/\/pavidecor.si\/it\/wp-json\/wp\/v2\/product"}],"about":[{"href":"https:\/\/pavidecor.si\/it\/wp-json\/wp\/v2\/types\/product"}],"replies":[{"embeddable":true,"href":"https:\/\/pavidecor.si\/it\/wp-json\/wp\/v2\/comments?post=14211"}],"wp:featuredmedia":[{"embeddable":true,"href":"https:\/\/pavidecor.si\/it\/wp-json\/wp\/v2\/media\/14215"}],"wp:attachment":[{"href":"https:\/\/pavidecor.si\/it\/wp-json\/wp\/v2\/media?parent=14211"}],"wp:term":[{"taxonomy":"product_brand","embeddable":true,"href":"https:\/\/pavidecor.si\/it\/wp-json\/wp\/v2\/product_brand?post=14211"},{"taxonomy":"product_cat","embeddable":true,"href":"https:\/\/pavidecor.si\/it\/wp-json\/wp\/v2\/product_cat?post=14211"},{"taxonomy":"product_tag","embeddable":true,"href":"https:\/\/pavidecor.si\/it\/wp-json\/wp\/v2\/product_tag?post=14211"}],"curies":[{"name":"wp","href":"https:\/\/api.w.org\/{rel}","templated":true}]}}