	{"id":13946,"date":"2022-03-15T11:22:00","date_gmt":"2022-03-15T11:22:00","guid":{"rendered":"https:\/\/pavidecor.si\/product\/scala-decorativa-oliata-a-tre-cunei-140x40x4cm\/"},"modified":"2026-05-13T00:00:53","modified_gmt":"2026-05-13T00:00:53","slug":"scala-decorativa-in-legno-oliata-140x40x4cm","status":"publish","type":"product","link":"https:\/\/pavidecor.si\/it\/prodotto\/scala-decorativa-in-legno-oliata-140x40x4cm\/","title":{"rendered":"Scala decorativa in legno oliata 140x40x4cm"},"content":{"rendered":"<p><span class=\"prvimanjsinaslovopis\">Scala Decorativa in Legno &#8211; Un Tocco di Stile per Ogni Ambiente<\/span><\/p>\n<p>&nbsp;<\/p>\n<h2><span class=\"odebeljenopis\"><strong> Scopri la nostra scala decorativa in legno, un pezzo unico realizzato con amore e maestria artigianale. Ogni scala \u00e8 un omaggio alla bellezza della natura e alla tradizione del lavoro del legno, perfetta per arricchire qualsiasi spazio con un tocco di eleganza e autenticit\u00e0.<\/strong><\/span><\/h2>\n<p>&nbsp;<\/p>\n<div class=\"row\">\n<div class=\"col-sm-6 \" style=\"margin-top: 30px;\"><center><img decoding=\"async\" class=\"lazyload img-responsive\" style=\"margin: 0px auto; max-width: 100%;\" src=\"data:image\/svg+xml,%3Csvg%20xmlns%3D%27http%3A%2F%2Fwww.w3.org%2F2000%2Fsvg%27%20width%3D%272560%27%20height%3D%272558%27%20viewBox%3D%270%200%202560%202558%27%3E%3Crect%20width%3D%272560%27%20height%3D%272558%27%20fill-opacity%3D%220%22%2F%3E%3C%2Fsvg%3E\" data-orig-src=\"https:\/\/pavidecor.si\/wp-content\/uploads\/2022\/03\/Gregor-Bajt_-PAVI-lestev-oljena-tri-klinska-No.0130-2-scaled.jpg\" \/><\/center><\/div>\n<div class=\"col-sm-6\" style=\"margin-top: 40px;\">\n<p>&nbsp;<\/p>\n<h3>Design Unico e Artigianale<\/h3>\n<p>La nostra scala decorativa \u00e8 realizzata a mano utilizzando le tecniche tradizionali utilizzate dai maestri del passato. Ogni dettaglio dei pezzi in legno \u00e8 realizzato con cura, conferendo alla scala un <strong>aspetto autentico e senza tempo<\/strong>. Questo approccio artigianale non solo garantisce un prodotto di alta qualit\u00e0, ma rende anche ogni scala un pezzo unico. \u00c8 anche ricca di storia e carattere.<\/p>\n<p>&nbsp;<\/p>\n<p>PAVI DECOR, con sede a Lubiana, \u00e8 orgogliosa di presentare questa scala, frutto della nostra passione per il legno. I nostri prodotti vengono realizzati in Slovenia utilizzando esclusivamente materiali di alta qualit\u00e0. La scala \u00e8 versatile e pu\u00f2 essere <strong>utilizzata in vari modi<\/strong>. Ci\u00f2 lo rende un elemento decorativo ideale per qualsiasi ambiente, sia interno che esterno.<\/p>\n<p>&nbsp;<\/p>\n<\/div>\n<\/div>\n<div class=\"row\">\n<div class=\"col-sm-6 col-sm-push-6\" style=\"margin-top: 30px;\"><center><img decoding=\"async\" class=\"lazyload img-responsive\" style=\"margin: 0px auto; max-width: 100%;\" src=\"data:image\/svg+xml,%3Csvg%20xmlns%3D%27http%3A%2F%2Fwww.w3.org%2F2000%2Fsvg%27%20width%3D%272560%27%20height%3D%272560%27%20viewBox%3D%270%200%202560%202560%27%3E%3Crect%20width%3D%272560%27%20height%3D%272560%27%20fill-opacity%3D%220%22%2F%3E%3C%2Fsvg%3E\" data-orig-src=\" https:\/\/pavidecor.si\/wp-content\/uploads\/2022\/03\/Gregor-Bajt_-PAVI-lestev-oljena-tri-klinska-No.0130-5-2-scaled.jpg\" \/><\/center><\/div>\n<div class=\"col-sm-6 col-sm-pull-6\" style=\"margin-top: 40px;\">\n<p>&nbsp;<\/p>\n<h3>Versatilit\u00e0 e Funzionalit\u00e0<\/h3>\n<p>Lascala decorativa non \u00e8 solo un elemento estetico, ma anche estremamente funzionale. Pu\u00f2 essere facilmente appoggiata a una parete o appesa in verticale o orizzontale, permettendo di adattarla a qualsiasi spazio. <b>\u00c8 perfetta come appendiabiti per asciugamani o vestiti<\/b>, offrendo una soluzione pratica e stilosa per l&#8217;organizzazione della tua casa.<\/p>\n<p>&nbsp;<\/p>\n<p>Inoltre, la scala pu\u00f2 essere facilmente spostata da una stanza all&#8217;altra. Ci\u00f2 ti consente di trasformare il tuo spazio ogni volta che vuoi. Che si tratti di un soggiorno, di un bagno o di un <a href=\"https:\/\/pavidecor.si\/it\/projects\/ambiente-rurale\/\"><strong><span style=\"color: #3366ff;\">ambiente rurale<\/span><\/strong><\/a>, la nostra scala si integra perfettamente con l&#8217;ambiente circostante. Aggiunge anche un tocco di calore e autenticit\u00e0.<\/p>\n<p>&nbsp;<\/p>\n<\/div>\n<\/div>\n<div class=\"row\">\n<div class=\"col-sm-6\" style=\"margin-top: 30px;\"><center><img decoding=\"async\" class=\"lazyload img-responsive\" style=\"margin: 0px auto; max-width: 100%;\" src=\"data:image\/svg+xml,%3Csvg%20xmlns%3D%27http%3A%2F%2Fwww.w3.org%2F2000%2Fsvg%27%20width%3D%272560%27%20height%3D%272560%27%20viewBox%3D%270%200%202560%202560%27%3E%3Crect%20width%3D%272560%27%20height%3D%272560%27%20fill-opacity%3D%220%22%2F%3E%3C%2Fsvg%3E\" data-orig-src=\" https:\/\/pavidecor.si\/wp-content\/uploads\/2022\/03\/Gregor-Bajt_-PAVI-lestev-oljena-tri-klinska-No.0130-4-2-scaled.jpg\" \/><\/center><\/div>\n<div class=\"col-sm-6\" style=\"margin-top: 40px;\">\n<p>&nbsp;<\/p>\n<h3>Caratteristiche del Prodotto<\/h3>\n<p>La nostra scala decorativa \u00e8 trattata con un <b>rivestimento di olio protettivo<\/b> che ne aumenta la durata e conferisce un aspetto prestigioso. Questo trattamento non solo protegge il legno, ma ne esalta anche la bellezza naturale, rendendo ogni scala un vero e proprio pezzo d&#8217;arte.<\/p>\n<p>&nbsp;<\/p>\n<p>Le dimensioni e il design della scala la rendono un elemento decorativo versatile, perfetto per ogni tipo di arredamento. Puoi utilizzarla per esporre oggetti decorativi, piante o semplicemente come un elemento di design che attira l&#8217;attenzione. La nostra scala decorativa \u00e8 un ottimo esempio di come l&#8217;artigianato tradizionale si sposa con la funzionalit\u00e0 moderna. Ci\u00f2 lo rende <strong>un pezzo indispensabile<\/strong> per ogni amante del design.<\/p>\n<\/div>\n<\/div>\n<p>&nbsp;<\/p>\n","protected":false},"excerpt":{"rendered":"<p><strong><span style=\"color: #c4963c;\">\u2192 Artigianato<br \/>\n<\/span><span style=\"color: #c4963c;\">\u2192 Unico<\/span><\/strong><br \/>\n<strong><span style=\"color: #c4963c;\">\u2192 Protetto da rivestimento ad olio<\/span><\/strong><\/p>\n","protected":false},"featured_media":13949,"comment_status":"open","ping_status":"closed","template":"","meta":[],"product_brand":[],"product_cat":[247],"product_tag":[230,445],"class_list":{"0":"post-13946","1":"product","2":"type-product","3":"status-publish","4":"has-post-thumbnail","6":"product_cat-scale","7":"product_tag-ambiente-rurale","8":"product_tag-per-ordine-prezzo","10":"first","11":"outofstock","12":"sold-individually","13":"taxable","14":"shipping-taxable","15":"purchasable","16":"product-type-simple"},"yoast_head":"<!-- This site is optimized with the Yoast SEO plugin v27.2 - https:\/\/yoast.com\/product\/yoast-seo-wordpress\/ -->\n<title>Scala decorativa in legno PAVI DECOR - Eleganza Artigianale<\/title>\n<meta name=\"description\" content=\"Scala decorativa in legno \u00e8 fatta a mano \u00e8 oliata con un rivestimento protettivo per una maggiore durata e un aspetto pi\u00f9 prestigioso. Ogni pezzo \u00e8 unico.\" \/>\n<meta name=\"robots\" content=\"index, follow, max-snippet:-1, max-image-preview:large, max-video-preview:-1\" \/>\n<link rel=\"canonical\" href=\"https:\/\/pavidecor.si\/it\/prodotto\/scala-decorativa-in-legno-oliata-140x40x4cm\/\" \/>\n<meta property=\"og:locale\" content=\"it_IT\" \/>\n<meta property=\"og:type\" content=\"article\" \/>\n<meta property=\"og:title\" content=\"Scala decorativa in legno PAVI DECOR - Eleganza Artigianale\" \/>\n<meta property=\"og:description\" content=\"Scala decorativa in legno \u00e8 fatta a mano \u00e8 oliata con un rivestimento protettivo per una maggiore durata e un aspetto pi\u00f9 prestigioso. Ogni pezzo \u00e8 unico.\" \/>\n<meta property=\"og:url\" content=\"https:\/\/pavidecor.si\/it\/prodotto\/scala-decorativa-in-legno-oliata-140x40x4cm\/\" \/>\n<meta property=\"og:site_name\" content=\"Pavi Decor\" \/>\n<meta property=\"article:modified_time\" content=\"2026-05-13T00:00:53+00:00\" \/>\n<meta property=\"og:image\" content=\"https:\/\/pavidecor.si\/wp-content\/uploads\/2022\/03\/Gregor-Bajt_-PAVI-lestev-oljena-tri-klinska-No.0130-2-scaled.jpg\" \/>\n\t<meta property=\"og:image:width\" content=\"2560\" \/>\n\t<meta property=\"og:image:height\" content=\"2558\" \/>\n\t<meta property=\"og:image:type\" content=\"image\/jpeg\" \/>\n<meta name=\"twitter:card\" content=\"summary_large_image\" \/>\n<meta name=\"twitter:label1\" content=\"Tempo di lettura stimato\" \/>\n\t<meta name=\"twitter:data1\" content=\"4 minuti\" \/>\n<script type=\"application\/ld+json\" class=\"yoast-schema-graph\">{\"@context\":\"https:\/\/schema.org\",\"@graph\":[{\"@type\":\"WebPage\",\"@id\":\"https:\/\/pavidecor.si\/it\/prodotto\/scala-decorativa-in-legno-oliata-140x40x4cm\/\",\"url\":\"https:\/\/pavidecor.si\/it\/prodotto\/scala-decorativa-in-legno-oliata-140x40x4cm\/\",\"name\":\"Scala decorativa in legno PAVI DECOR - Eleganza Artigianale\",\"isPartOf\":{\"@id\":\"https:\/\/pavidecor.si\/it\/#website\"},\"primaryImageOfPage\":{\"@id\":\"https:\/\/pavidecor.si\/it\/prodotto\/scala-decorativa-in-legno-oliata-140x40x4cm\/#primaryimage\"},\"image\":{\"@id\":\"https:\/\/pavidecor.si\/it\/prodotto\/scala-decorativa-in-legno-oliata-140x40x4cm\/#primaryimage\"},\"thumbnailUrl\":\"https:\/\/pavidecor.si\/wp-content\/uploads\/2022\/03\/Gregor-Bajt_-PAVI-lestev-oljena-tri-klinska-No.0130-2-scaled.jpg\",\"datePublished\":\"2022-03-15T11:22:00+00:00\",\"dateModified\":\"2026-05-13T00:00:53+00:00\",\"description\":\"Scala decorativa in legno \u00e8 fatta a mano \u00e8 oliata con un rivestimento protettivo per una maggiore durata e un aspetto pi\u00f9 prestigioso. Ogni pezzo \u00e8 unico.\",\"breadcrumb\":{\"@id\":\"https:\/\/pavidecor.si\/it\/prodotto\/scala-decorativa-in-legno-oliata-140x40x4cm\/#breadcrumb\"},\"inLanguage\":\"it-IT\",\"potentialAction\":[{\"@type\":\"ReadAction\",\"target\":[\"https:\/\/pavidecor.si\/it\/prodotto\/scala-decorativa-in-legno-oliata-140x40x4cm\/\"]}]},{\"@type\":\"ImageObject\",\"inLanguage\":\"it-IT\",\"@id\":\"https:\/\/pavidecor.si\/it\/prodotto\/scala-decorativa-in-legno-oliata-140x40x4cm\/#primaryimage\",\"url\":\"https:\/\/pavidecor.si\/wp-content\/uploads\/2022\/03\/Gregor-Bajt_-PAVI-lestev-oljena-tri-klinska-No.0130-2-scaled.jpg\",\"contentUrl\":\"https:\/\/pavidecor.si\/wp-content\/uploads\/2022\/03\/Gregor-Bajt_-PAVI-lestev-oljena-tri-klinska-No.0130-2-scaled.jpg\",\"width\":2560,\"height\":2558,\"caption\":\"PAVI DECOR\"},{\"@type\":\"BreadcrumbList\",\"@id\":\"https:\/\/pavidecor.si\/it\/prodotto\/scala-decorativa-in-legno-oliata-140x40x4cm\/#breadcrumb\",\"itemListElement\":[{\"@type\":\"ListItem\",\"position\":1,\"name\":\"Domov\",\"item\":\"https:\/\/pavidecor.si\/it\/\"},{\"@type\":\"ListItem\",\"position\":2,\"name\":\"Negozio online\",\"item\":\"https:\/\/pavidecor.si\/it\/negozio-online\/\"},{\"@type\":\"ListItem\",\"position\":3,\"name\":\"Scala decorativa in legno oliata 140x40x4cm\"}]},{\"@type\":\"WebSite\",\"@id\":\"https:\/\/pavidecor.si\/it\/#website\",\"url\":\"https:\/\/pavidecor.si\/it\/\",\"name\":\"Pavi Decor\",\"description\":\"Leseni unikati ustvarjeni iz ljubezni do lesa in narave.\",\"potentialAction\":[{\"@type\":\"SearchAction\",\"target\":{\"@type\":\"EntryPoint\",\"urlTemplate\":\"https:\/\/pavidecor.si\/it\/?s={search_term_string}\"},\"query-input\":{\"@type\":\"PropertyValueSpecification\",\"valueRequired\":true,\"valueName\":\"search_term_string\"}}],\"inLanguage\":\"it-IT\"}]}<\/script>\n<!-- \/ Yoast SEO plugin. -->","yoast_head_json":{"title":"Scala decorativa in legno PAVI DECOR - Eleganza Artigianale","description":"Scala decorativa in legno \u00e8 fatta a mano \u00e8 oliata con un rivestimento protettivo per una maggiore durata e un aspetto pi\u00f9 prestigioso. Ogni pezzo \u00e8 unico.","robots":{"index":"index","follow":"follow","max-snippet":"max-snippet:-1","max-image-preview":"max-image-preview:large","max-video-preview":"max-video-preview:-1"},"canonical":"https:\/\/pavidecor.si\/it\/prodotto\/scala-decorativa-in-legno-oliata-140x40x4cm\/","og_locale":"it_IT","og_type":"article","og_title":"Scala decorativa in legno PAVI DECOR - Eleganza Artigianale","og_description":"Scala decorativa in legno \u00e8 fatta a mano \u00e8 oliata con un rivestimento protettivo per una maggiore durata e un aspetto pi\u00f9 prestigioso. Ogni pezzo \u00e8 unico.","og_url":"https:\/\/pavidecor.si\/it\/prodotto\/scala-decorativa-in-legno-oliata-140x40x4cm\/","og_site_name":"Pavi Decor","article_modified_time":"2026-05-13T00:00:53+00:00","og_image":[{"width":2560,"height":2558,"url":"https:\/\/pavidecor.si\/wp-content\/uploads\/2022\/03\/Gregor-Bajt_-PAVI-lestev-oljena-tri-klinska-No.0130-2-scaled.jpg","type":"image\/jpeg"}],"twitter_card":"summary_large_image","twitter_misc":{"Tempo di lettura stimato":"4 minuti"},"schema":{"@context":"https:\/\/schema.org","@graph":[{"@type":"WebPage","@id":"https:\/\/pavidecor.si\/it\/prodotto\/scala-decorativa-in-legno-oliata-140x40x4cm\/","url":"https:\/\/pavidecor.si\/it\/prodotto\/scala-decorativa-in-legno-oliata-140x40x4cm\/","name":"Scala decorativa in legno PAVI DECOR - Eleganza Artigianale","isPartOf":{"@id":"https:\/\/pavidecor.si\/it\/#website"},"primaryImageOfPage":{"@id":"https:\/\/pavidecor.si\/it\/prodotto\/scala-decorativa-in-legno-oliata-140x40x4cm\/#primaryimage"},"image":{"@id":"https:\/\/pavidecor.si\/it\/prodotto\/scala-decorativa-in-legno-oliata-140x40x4cm\/#primaryimage"},"thumbnailUrl":"https:\/\/pavidecor.si\/wp-content\/uploads\/2022\/03\/Gregor-Bajt_-PAVI-lestev-oljena-tri-klinska-No.0130-2-scaled.jpg","datePublished":"2022-03-15T11:22:00+00:00","dateModified":"2026-05-13T00:00:53+00:00","description":"Scala decorativa in legno \u00e8 fatta a mano \u00e8 oliata con un rivestimento protettivo per una maggiore durata e un aspetto pi\u00f9 prestigioso. Ogni pezzo \u00e8 unico.","breadcrumb":{"@id":"https:\/\/pavidecor.si\/it\/prodotto\/scala-decorativa-in-legno-oliata-140x40x4cm\/#breadcrumb"},"inLanguage":"it-IT","potentialAction":[{"@type":"ReadAction","target":["https:\/\/pavidecor.si\/it\/prodotto\/scala-decorativa-in-legno-oliata-140x40x4cm\/"]}]},{"@type":"ImageObject","inLanguage":"it-IT","@id":"https:\/\/pavidecor.si\/it\/prodotto\/scala-decorativa-in-legno-oliata-140x40x4cm\/#primaryimage","url":"https:\/\/pavidecor.si\/wp-content\/uploads\/2022\/03\/Gregor-Bajt_-PAVI-lestev-oljena-tri-klinska-No.0130-2-scaled.jpg","contentUrl":"https:\/\/pavidecor.si\/wp-content\/uploads\/2022\/03\/Gregor-Bajt_-PAVI-lestev-oljena-tri-klinska-No.0130-2-scaled.jpg","width":2560,"height":2558,"caption":"PAVI DECOR"},{"@type":"BreadcrumbList","@id":"https:\/\/pavidecor.si\/it\/prodotto\/scala-decorativa-in-legno-oliata-140x40x4cm\/#breadcrumb","itemListElement":[{"@type":"ListItem","position":1,"name":"Domov","item":"https:\/\/pavidecor.si\/it\/"},{"@type":"ListItem","position":2,"name":"Negozio online","item":"https:\/\/pavidecor.si\/it\/negozio-online\/"},{"@type":"ListItem","position":3,"name":"Scala decorativa in legno oliata 140x40x4cm"}]},{"@type":"WebSite","@id":"https:\/\/pavidecor.si\/it\/#website","url":"https:\/\/pavidecor.si\/it\/","name":"Pavi Decor","description":"Leseni unikati ustvarjeni iz ljubezni do lesa in narave.","potentialAction":[{"@type":"SearchAction","target":{"@type":"EntryPoint","urlTemplate":"https:\/\/pavidecor.si\/it\/?s={search_term_string}"},"query-input":{"@type":"PropertyValueSpecification","valueRequired":true,"valueName":"search_term_string"}}],"inLanguage":"it-IT"}]}},"_links":{"self":[{"href":"https:\/\/pavidecor.si\/it\/wp-json\/wp\/v2\/product\/13946","targetHints":{"allow":["GET"]}}],"collection":[{"href":"https:\/\/pavidecor.si\/it\/wp-json\/wp\/v2\/product"}],"about":[{"href":"https:\/\/pavidecor.si\/it\/wp-json\/wp\/v2\/types\/product"}],"replies":[{"embeddable":true,"href":"https:\/\/pavidecor.si\/it\/wp-json\/wp\/v2\/comments?post=13946"}],"wp:featuredmedia":[{"embeddable":true,"href":"https:\/\/pavidecor.si\/it\/wp-json\/wp\/v2\/media\/13949"}],"wp:attachment":[{"href":"https:\/\/pavidecor.si\/it\/wp-json\/wp\/v2\/media?parent=13946"}],"wp:term":[{"taxonomy":"product_brand","embeddable":true,"href":"https:\/\/pavidecor.si\/it\/wp-json\/wp\/v2\/product_brand?post=13946"},{"taxonomy":"product_cat","embeddable":true,"href":"https:\/\/pavidecor.si\/it\/wp-json\/wp\/v2\/product_cat?post=13946"},{"taxonomy":"product_tag","embeddable":true,"href":"https:\/\/pavidecor.si\/it\/wp-json\/wp\/v2\/product_tag?post=13946"}],"curies":[{"name":"wp","href":"https:\/\/api.w.org\/{rel}","templated":true}]}}