	{"id":25347,"date":"2025-06-04T08:12:16","date_gmt":"2025-06-04T08:12:16","guid":{"rendered":"https:\/\/pavidecor.si\/?post_type=product&#038;p=25347"},"modified":"2026-04-23T10:37:58","modified_gmt":"2026-04-23T10:37:58","slug":"krevet-za-plazu-s-krovom-kabana-bor-basic-200x180x200cm","status":"publish","type":"product","link":"https:\/\/pavidecor.si\/hr\/proizvod\/krevet-za-plazu-s-krovom-kabana-bor-basic-200x180x200cm\/","title":{"rendered":"Krevet za pla\u017eu s krovom, kabana bor basic 200x180x200cm"},"content":{"rendered":"<p>Krevet za pla\u017eu s krovom &#8211; Brza i jednostavna monta\u017ea bez alata &#8211; Dimenzije 200x180x200cm<\/p>\n<p>&nbsp;<\/p>\n<h2><span class=\"odebeljenopis\"><strong>Otkrijte savr\u0161en komad vanjskog namje\u0161taja koji kombinira funkcionalnost, udobnost i estetiku. Krevet za pla\u017eu PAVI DECOR namijenjen je svima koji \u017eele kvalitetno opu\u0161tanje na svojoj terasi, vrtu ili uz pla\u017eu. Izra\u0111en od prirodnih materijala i s ljubavlju prema drvu, neizostavan je dodatak svakom ambijentu.<br \/>\n<\/strong><\/span><\/h2>\n<p>&nbsp;<\/p>\n<div class=\"row\">\n<div class=\"col-sm-6 \" style=\"margin-top: 30px;\"><center><img decoding=\"async\" class=\"lazyload img-responsive\" style=\"margin: 0px auto; max-width: 100%;\" src=\"data:image\/svg+xml,%3Csvg%20xmlns%3D%27http%3A%2F%2Fwww.w3.org%2F2000%2Fsvg%27%20width%3D%271366%27%20height%3D%271366%27%20viewBox%3D%270%200%201366%201366%27%3E%3Crect%20width%3D%271366%27%20height%3D%271366%27%20fill-opacity%3D%220%22%2F%3E%3C%2Fsvg%3E\" data-orig-src=\"https:\/\/pavidecor.si\/wp-content\/uploads\/2025\/06\/Kabana-basic-1.jpg\" \/><\/center><\/div>\n<div class=\"col-sm-6\" style=\"margin-top: 40px;\">\n<p>&nbsp;<\/p>\n<h3>Kabana koja o\u010darava prirodnim materijalima<\/h3>\n<p>Krevet za pla\u017eu iz na\u0161e trgovine PAVI DECOR izra\u0111en je od visokokvalitetnog borovog drva. Prirodni materijali pru\u017eaju<strong> trajnost i otpornost<\/strong> na vanjske utjecaje, dodaju\u0107i da\u0161ak prirodne elegancije. Ru\u010dna izrada i detalji spajanja drvenih dijelova, koji slijede tradicionalne tehnike, osiguravaju autenti\u010dnost i bezvremensku ljepotu.<\/p>\n<p>&nbsp;<\/p>\n<p>Elegantno dizajnirana kabana uklju\u010duje dupli krevet koji je \u010dvrsto pri\u010dvr\u0161\u0107en na stabilnu potpornu konstrukciju. Kabanu mo\u017eete dodatno opremiti kliznim baldahinom i pamu\u010dnim zavjesama kako biste stvorili pravo privatno uto\u010di\u0161te. Tako\u0111er ju mo\u017eete ukrasiti slamom za egzoti\u010dniji izgled. Krevet za pla\u017eu s krovom\u00a0je atraktivan komad <strong><a href=\"https:\/\/pavidecor.si\/hr\/kategorije\/oprema-za-plazu-i-vrt\/vrtni-namjestaj\/\"><span style=\"color: #3366ff;\">vrtnog namje\u0161taja<\/span><\/a><\/strong> koji slu\u017ei i funkcionalno i estetski. Gdje god ga postavite obogatit \u0107e izgled va\u0161eg vanjskog prostora.<\/p>\n<p>&nbsp;<\/p>\n<\/div>\n<\/div>\n<div class=\"row\">\n<div class=\"col-sm-6 col-sm-push-6\" style=\"margin-top: 30px;\"><center><img decoding=\"async\" class=\"lazyload img-responsive\" style=\"margin: 0px auto; max-width: 100%;\" src=\"data:image\/svg+xml,%3Csvg%20xmlns%3D%27http%3A%2F%2Fwww.w3.org%2F2000%2Fsvg%27%20width%3D%271366%27%20height%3D%271366%27%20viewBox%3D%270%200%201366%201366%27%3E%3Crect%20width%3D%271366%27%20height%3D%271366%27%20fill-opacity%3D%220%22%2F%3E%3C%2Fsvg%3E\" data-orig-src=\"https:\/\/pavidecor.si\/wp-content\/uploads\/2025\/06\/Kabana-basic-2.jpg\" \/><\/center><\/div>\n<div class=\"col-sm-6 col-sm-pull-6\" style=\"margin-top: 40px;\">\n<p>&nbsp;<\/p>\n<h3>Jednostavna instalacija i fleksibilnost<\/h3>\n<p>Cijelu konstrukciju mogu sastaviti bez alata dvije osobe za samo 10 minuta, jer je monta\u017ea brza i jednostavna. Tako\u0111er mo\u017eete pri\u010dvrstiti zavjese i baldahin bez kompliciranih postupaka za nekoliko minuta. Ova <strong>iznimna fleksibilnost<\/strong> omogu\u0107uje brzo rastavljanje nadstre\u0161nice i skladi\u0161tenje nakon sezone ili premje\u0161tanje tijekom sezone. Rastavljena kabana u skladi\u0161tu zauzima malo prostora (200x90x40cm).<\/p>\n<p>&nbsp;<\/p>\n<p>Vanjski krevet nudi iznimnu fleksibilnost s tri razine nagiba naslona na svakom krevetu posebno. Dodatna oprema uklju\u010duje vodoodbojne jastuke, baldahin, slamu i perive zavjese koje se lako odr\u017eavaju. Na ovaj na\u010din <strong>mo\u017eete potpuno prilagoditi<\/strong> svoju drvenu kabanu svom osobnom stilu i preferencijama.<\/p>\n<\/div>\n<\/div>\n<div class=\"row\">\n<div class=\"col-sm-6\" style=\"margin-top: 30px;\"><center><img decoding=\"async\" class=\"lazyload img-responsive\" style=\"margin: 0px auto; max-width: 100%;\" src=\"data:image\/svg+xml,%3Csvg%20xmlns%3D%27http%3A%2F%2Fwww.w3.org%2F2000%2Fsvg%27%20width%3D%27763%27%20height%3D%27763%27%20viewBox%3D%270%200%20763%20763%27%3E%3Crect%20width%3D%27763%27%20height%3D%27763%27%20fill-opacity%3D%220%22%2F%3E%3C%2Fsvg%3E\" data-orig-src=\"https:\/\/pavidecor.si\/wp-content\/uploads\/2024\/12\/2-Kabana-natur-11.jpg\" \/><\/center><\/div>\n<div class=\"col-sm-6\" style=\"margin-top: 40px;\">\n<p>&nbsp;<\/p>\n<h3>Va\u0161a privatna oaza za potpuno opu\u0161tanje<\/h3>\n<p>Krevet za pla\u017eu s krovom PAVI DECOR kombinira prakti\u010dnost, funkcionalnost i estetiku. S dimenzijama 200x180x200cm, dovoljno je prostran za dvije osobe, ali u isto vrijeme njegova <strong>stabilna konstrukcija<\/strong> osigurava sigurnu upotrebu na bilo kojoj povr\u0161ini. U kombinaciji s dodacima kao \u0161to su baldahin, zavjese, slama i udobni jastuci, kabana stvara pravu privatnu oazu.<\/p>\n<p>&nbsp;<\/p>\n<p>Njezina bezvremenska elegancija i visoka kvaliteta izrade osiguravaju da se <strong>lijepo uklopi u svako okru\u017eenje<\/strong> \u2013 uz bazen, na pla\u017eu, terasu ili vrt. S dodatnim mogu\u0107nostima prilago\u0111avanja (vrsta i boja drva), svoj vanjski prostor pretvorit \u0107ete u kutak u kojem se uvijek iznova mo\u017eete opustiti.<\/p>\n<\/div>\n<\/div>\n<p>&nbsp;<\/p>\n<h4><strong>Glavne prednosti na\u0161eg kreveta za pla\u017eu s krovom su:<\/strong><\/h4>\n<ul>\n<li>\n<h4><strong>Jednostavna monta\u017ea i demonta\u017ea bez alata,<\/strong><\/h4>\n<\/li>\n<li>\n<h4><strong>Dvije osobe mogu ga postaviti za samo 10 minuta,<\/strong><\/h4>\n<\/li>\n<li>\n<h4><strong>Bez vijaka ili matica,<\/strong><\/h4>\n<\/li>\n<li>\n<h4><strong>Tri razine nagiba za svaki naslon zasebno,<\/strong><\/h4>\n<\/li>\n<li>\n<h4><strong>Dimenzije jednog kreveta zajedno s odvojenim naslonom 200x90cm,<\/strong><\/h4>\n<\/li>\n<li>\n<h4><strong>Dimenzije objekta Dx\u0160xV=200x180x200cm, te\u017eina cca 150kg,<\/strong><\/h4>\n<\/li>\n<li>\n<h4><strong>Materijal slovenski bor, boja prirodna ili po \u017eelji,<\/strong><\/h4>\n<\/li>\n<li>\n<h4><strong>U skladi\u0161tu zauzima malo prostora &#8211; 200x90x40cm,<\/strong><\/h4>\n<\/li>\n<li>\n<h4><strong>Dodatna oprema: baldahin, zavjese, jastuci, slama,<\/strong><\/h4>\n<\/li>\n<li>\n<h4><strong>Postavljanje zavjesa za nekoliko minuta bez alata,<\/strong><\/h4>\n<\/li>\n<li>\n<h4><strong>Strop se mo\u017ee zasjeniti u nekoliko sekundi kliznom sjenilom,<\/strong><\/h4>\n<\/li>\n<li>\n<h4><strong>Vodoodbojna roba,<\/strong><\/h4>\n<\/li>\n<li>\n<h4><strong>Boja i debljina jastuka po \u017eelji,<\/strong><\/h4>\n<\/li>\n<li>\n<h4><strong>Boja zavjesa po \u017eelji,<\/strong><\/h4>\n<\/li>\n<li>\n<h4><strong>Zavjese koje se lako peru.<\/strong><\/h4>\n<\/li>\n<\/ul>\n","protected":false},"excerpt":{"rendered":"<p><strong><span style=\"color: #c4963c;\">\u2192 Jednostavna monta\u017ea i demonta\u017ea bez alata<\/span><\/strong><br \/>\n<strong><span style=\"color: #c4963c;\">\u2192 Sastavljaju\/rastavljaju dvije osobe za 10 minuta<\/span><\/strong><br \/>\n<strong><span style=\"color: #c4963c;\">\u2192 Zauzima minimalno prostora u skladi\u0161tu<\/span><\/strong><br \/>\n<strong><span style=\"color: #c4963c;\">\u2192 Rezervni dijelovi uvijek na zalihi<\/span><\/strong><br \/>\n<strong><span style=\"color: #c4963c;\">\u2192 Lako se \u010disti i odr\u017eava<\/span><\/strong><br \/>\n<strong><span style=\"color: #c4963c;\">\u2192 Tri razine nagiba za svaki naslon posebno<\/span><\/strong><br \/>\n<strong><span style=\"color: #c4963c;\">\u2192 Drvo slovenski bor ili po izboru<\/span><\/strong><br \/>\n<strong><span style=\"color: #c4963c;\">\u2192 Dodaci: baldahin, zavjese, jastuci, slama<\/span><\/strong><\/p>\n","protected":false},"featured_media":25352,"comment_status":"open","ping_status":"closed","template":"","meta":[],"product_brand":[],"product_cat":[261],"product_tag":[218],"class_list":{"0":"post-25347","1":"product","2":"type-product","3":"status-publish","4":"has-post-thumbnail","6":"product_cat-vrtni-namjestaj","7":"product_tag-nov","9":"first","10":"instock","11":"taxable","12":"shipping-taxable","13":"purchasable","14":"product-type-simple"},"yoast_head":"<!-- This site is optimized with the Yoast SEO plugin v27.2 - https:\/\/yoast.com\/product\/yoast-seo-wordpress\/ -->\n<title>Krevet za pla\u017eu s krovom - Brza i jednostavna monta\u017ea bez alata<\/title>\n<meta name=\"description\" content=\"Krevet za pla\u017eu s krovom izra\u0111en je od borovog drva, svaki naslon ima tri razine nagiba. Dodatna oprema: baldahin, zavjese, jastuci, slama...\" \/>\n<meta name=\"robots\" content=\"index, follow, max-snippet:-1, max-image-preview:large, max-video-preview:-1\" \/>\n<link rel=\"canonical\" href=\"https:\/\/pavidecor.si\/hr\/proizvod\/krevet-za-plazu-s-krovom-kabana-bor-basic-200x180x200cm\/\" \/>\n<meta property=\"og:locale\" content=\"hr_HR\" \/>\n<meta property=\"og:type\" content=\"article\" \/>\n<meta property=\"og:title\" content=\"Krevet za pla\u017eu s krovom - Brza i jednostavna monta\u017ea bez alata\" \/>\n<meta property=\"og:description\" content=\"Krevet za pla\u017eu s krovom izra\u0111en je od borovog drva, svaki naslon ima tri razine nagiba. Dodatna oprema: baldahin, zavjese, jastuci, slama...\" \/>\n<meta property=\"og:url\" content=\"https:\/\/pavidecor.si\/hr\/proizvod\/krevet-za-plazu-s-krovom-kabana-bor-basic-200x180x200cm\/\" \/>\n<meta property=\"og:site_name\" content=\"Pavi Decor\" \/>\n<meta property=\"article:modified_time\" content=\"2026-04-23T10:37:58+00:00\" \/>\n<meta property=\"og:image\" content=\"https:\/\/pavidecor.si\/wp-content\/uploads\/2025\/06\/Kabana-basic-1.jpg\" \/>\n\t<meta property=\"og:image:width\" content=\"1366\" \/>\n\t<meta property=\"og:image:height\" content=\"1366\" \/>\n\t<meta property=\"og:image:type\" content=\"image\/jpeg\" \/>\n<meta name=\"twitter:card\" content=\"summary_large_image\" \/>\n<meta name=\"twitter:label1\" content=\"Procijenjeno vrijeme \u010ditanja\" \/>\n\t<meta name=\"twitter:data1\" content=\"4 minute\" \/>\n<script type=\"application\/ld+json\" class=\"yoast-schema-graph\">{\"@context\":\"https:\/\/schema.org\",\"@graph\":[{\"@type\":\"WebPage\",\"@id\":\"https:\/\/pavidecor.si\/hr\/proizvod\/krevet-za-plazu-s-krovom-kabana-bor-basic-200x180x200cm\/\",\"url\":\"https:\/\/pavidecor.si\/hr\/proizvod\/krevet-za-plazu-s-krovom-kabana-bor-basic-200x180x200cm\/\",\"name\":\"Krevet za pla\u017eu s krovom - Brza i jednostavna monta\u017ea bez alata\",\"isPartOf\":{\"@id\":\"https:\/\/pavidecor.si\/hr\/#website\"},\"primaryImageOfPage\":{\"@id\":\"https:\/\/pavidecor.si\/hr\/proizvod\/krevet-za-plazu-s-krovom-kabana-bor-basic-200x180x200cm\/#primaryimage\"},\"image\":{\"@id\":\"https:\/\/pavidecor.si\/hr\/proizvod\/krevet-za-plazu-s-krovom-kabana-bor-basic-200x180x200cm\/#primaryimage\"},\"thumbnailUrl\":\"https:\/\/pavidecor.si\/wp-content\/uploads\/2025\/06\/Kabana-basic-1.jpg\",\"datePublished\":\"2025-06-04T08:12:16+00:00\",\"dateModified\":\"2026-04-23T10:37:58+00:00\",\"description\":\"Krevet za pla\u017eu s krovom izra\u0111en je od borovog drva, svaki naslon ima tri razine nagiba. Dodatna oprema: baldahin, zavjese, jastuci, slama...\",\"breadcrumb\":{\"@id\":\"https:\/\/pavidecor.si\/hr\/proizvod\/krevet-za-plazu-s-krovom-kabana-bor-basic-200x180x200cm\/#breadcrumb\"},\"inLanguage\":\"hr\",\"potentialAction\":[{\"@type\":\"ReadAction\",\"target\":[\"https:\/\/pavidecor.si\/hr\/proizvod\/krevet-za-plazu-s-krovom-kabana-bor-basic-200x180x200cm\/\"]}]},{\"@type\":\"ImageObject\",\"inLanguage\":\"hr\",\"@id\":\"https:\/\/pavidecor.si\/hr\/proizvod\/krevet-za-plazu-s-krovom-kabana-bor-basic-200x180x200cm\/#primaryimage\",\"url\":\"https:\/\/pavidecor.si\/wp-content\/uploads\/2025\/06\/Kabana-basic-1.jpg\",\"contentUrl\":\"https:\/\/pavidecor.si\/wp-content\/uploads\/2025\/06\/Kabana-basic-1.jpg\",\"width\":1366,\"height\":1366,\"caption\":\"PAVI DECOR\"},{\"@type\":\"BreadcrumbList\",\"@id\":\"https:\/\/pavidecor.si\/hr\/proizvod\/krevet-za-plazu-s-krovom-kabana-bor-basic-200x180x200cm\/#breadcrumb\",\"itemListElement\":[{\"@type\":\"ListItem\",\"position\":1,\"name\":\"Domov\",\"item\":\"https:\/\/pavidecor.si\/hr\/\"},{\"@type\":\"ListItem\",\"position\":2,\"name\":\"Internetska trgovina\",\"item\":\"https:\/\/pavidecor.si\/hr\/internetska-trgovina\/\"},{\"@type\":\"ListItem\",\"position\":3,\"name\":\"Krevet za pla\u017eu s krovom, kabana bor basic 200x180x200cm\"}]},{\"@type\":\"WebSite\",\"@id\":\"https:\/\/pavidecor.si\/hr\/#website\",\"url\":\"https:\/\/pavidecor.si\/hr\/\",\"name\":\"Pavi Decor\",\"description\":\"Leseni unikati ustvarjeni iz ljubezni do lesa in narave.\",\"potentialAction\":[{\"@type\":\"SearchAction\",\"target\":{\"@type\":\"EntryPoint\",\"urlTemplate\":\"https:\/\/pavidecor.si\/hr\/?s={search_term_string}\"},\"query-input\":{\"@type\":\"PropertyValueSpecification\",\"valueRequired\":true,\"valueName\":\"search_term_string\"}}],\"inLanguage\":\"hr\"}]}<\/script>\n<!-- \/ Yoast SEO plugin. -->","yoast_head_json":{"title":"Krevet za pla\u017eu s krovom - Brza i jednostavna monta\u017ea bez alata","description":"Krevet za pla\u017eu s krovom izra\u0111en je od borovog drva, svaki naslon ima tri razine nagiba. Dodatna oprema: baldahin, zavjese, jastuci, slama...","robots":{"index":"index","follow":"follow","max-snippet":"max-snippet:-1","max-image-preview":"max-image-preview:large","max-video-preview":"max-video-preview:-1"},"canonical":"https:\/\/pavidecor.si\/hr\/proizvod\/krevet-za-plazu-s-krovom-kabana-bor-basic-200x180x200cm\/","og_locale":"hr_HR","og_type":"article","og_title":"Krevet za pla\u017eu s krovom - Brza i jednostavna monta\u017ea bez alata","og_description":"Krevet za pla\u017eu s krovom izra\u0111en je od borovog drva, svaki naslon ima tri razine nagiba. Dodatna oprema: baldahin, zavjese, jastuci, slama...","og_url":"https:\/\/pavidecor.si\/hr\/proizvod\/krevet-za-plazu-s-krovom-kabana-bor-basic-200x180x200cm\/","og_site_name":"Pavi Decor","article_modified_time":"2026-04-23T10:37:58+00:00","og_image":[{"width":1366,"height":1366,"url":"https:\/\/pavidecor.si\/wp-content\/uploads\/2025\/06\/Kabana-basic-1.jpg","type":"image\/jpeg"}],"twitter_card":"summary_large_image","twitter_misc":{"Procijenjeno vrijeme \u010ditanja":"4 minute"},"schema":{"@context":"https:\/\/schema.org","@graph":[{"@type":"WebPage","@id":"https:\/\/pavidecor.si\/hr\/proizvod\/krevet-za-plazu-s-krovom-kabana-bor-basic-200x180x200cm\/","url":"https:\/\/pavidecor.si\/hr\/proizvod\/krevet-za-plazu-s-krovom-kabana-bor-basic-200x180x200cm\/","name":"Krevet za pla\u017eu s krovom - Brza i jednostavna monta\u017ea bez alata","isPartOf":{"@id":"https:\/\/pavidecor.si\/hr\/#website"},"primaryImageOfPage":{"@id":"https:\/\/pavidecor.si\/hr\/proizvod\/krevet-za-plazu-s-krovom-kabana-bor-basic-200x180x200cm\/#primaryimage"},"image":{"@id":"https:\/\/pavidecor.si\/hr\/proizvod\/krevet-za-plazu-s-krovom-kabana-bor-basic-200x180x200cm\/#primaryimage"},"thumbnailUrl":"https:\/\/pavidecor.si\/wp-content\/uploads\/2025\/06\/Kabana-basic-1.jpg","datePublished":"2025-06-04T08:12:16+00:00","dateModified":"2026-04-23T10:37:58+00:00","description":"Krevet za pla\u017eu s krovom izra\u0111en je od borovog drva, svaki naslon ima tri razine nagiba. Dodatna oprema: baldahin, zavjese, jastuci, slama...","breadcrumb":{"@id":"https:\/\/pavidecor.si\/hr\/proizvod\/krevet-za-plazu-s-krovom-kabana-bor-basic-200x180x200cm\/#breadcrumb"},"inLanguage":"hr","potentialAction":[{"@type":"ReadAction","target":["https:\/\/pavidecor.si\/hr\/proizvod\/krevet-za-plazu-s-krovom-kabana-bor-basic-200x180x200cm\/"]}]},{"@type":"ImageObject","inLanguage":"hr","@id":"https:\/\/pavidecor.si\/hr\/proizvod\/krevet-za-plazu-s-krovom-kabana-bor-basic-200x180x200cm\/#primaryimage","url":"https:\/\/pavidecor.si\/wp-content\/uploads\/2025\/06\/Kabana-basic-1.jpg","contentUrl":"https:\/\/pavidecor.si\/wp-content\/uploads\/2025\/06\/Kabana-basic-1.jpg","width":1366,"height":1366,"caption":"PAVI DECOR"},{"@type":"BreadcrumbList","@id":"https:\/\/pavidecor.si\/hr\/proizvod\/krevet-za-plazu-s-krovom-kabana-bor-basic-200x180x200cm\/#breadcrumb","itemListElement":[{"@type":"ListItem","position":1,"name":"Domov","item":"https:\/\/pavidecor.si\/hr\/"},{"@type":"ListItem","position":2,"name":"Internetska trgovina","item":"https:\/\/pavidecor.si\/hr\/internetska-trgovina\/"},{"@type":"ListItem","position":3,"name":"Krevet za pla\u017eu s krovom, kabana bor basic 200x180x200cm"}]},{"@type":"WebSite","@id":"https:\/\/pavidecor.si\/hr\/#website","url":"https:\/\/pavidecor.si\/hr\/","name":"Pavi Decor","description":"Leseni unikati ustvarjeni iz ljubezni do lesa in narave.","potentialAction":[{"@type":"SearchAction","target":{"@type":"EntryPoint","urlTemplate":"https:\/\/pavidecor.si\/hr\/?s={search_term_string}"},"query-input":{"@type":"PropertyValueSpecification","valueRequired":true,"valueName":"search_term_string"}}],"inLanguage":"hr"}]}},"_links":{"self":[{"href":"https:\/\/pavidecor.si\/hr\/wp-json\/wp\/v2\/product\/25347","targetHints":{"allow":["GET"]}}],"collection":[{"href":"https:\/\/pavidecor.si\/hr\/wp-json\/wp\/v2\/product"}],"about":[{"href":"https:\/\/pavidecor.si\/hr\/wp-json\/wp\/v2\/types\/product"}],"replies":[{"embeddable":true,"href":"https:\/\/pavidecor.si\/hr\/wp-json\/wp\/v2\/comments?post=25347"}],"wp:featuredmedia":[{"embeddable":true,"href":"https:\/\/pavidecor.si\/hr\/wp-json\/wp\/v2\/media\/25352"}],"wp:attachment":[{"href":"https:\/\/pavidecor.si\/hr\/wp-json\/wp\/v2\/media?parent=25347"}],"wp:term":[{"taxonomy":"product_brand","embeddable":true,"href":"https:\/\/pavidecor.si\/hr\/wp-json\/wp\/v2\/product_brand?post=25347"},{"taxonomy":"product_cat","embeddable":true,"href":"https:\/\/pavidecor.si\/hr\/wp-json\/wp\/v2\/product_cat?post=25347"},{"taxonomy":"product_tag","embeddable":true,"href":"https:\/\/pavidecor.si\/hr\/wp-json\/wp\/v2\/product_tag?post=25347"}],"curies":[{"name":"wp","href":"https:\/\/api.w.org\/{rel}","templated":true}]}}