	{"id":24840,"date":"2025-04-28T08:39:49","date_gmt":"2025-04-28T08:39:49","guid":{"rendered":"https:\/\/pavidecor.si\/?post_type=product&#038;p=24840"},"modified":"2026-04-04T12:06:01","modified_gmt":"2026-04-04T12:06:01","slug":"drvena-barska-stolica-cuba-style-34x31x80cm","status":"publish","type":"product","link":"https:\/\/pavidecor.si\/hr\/proizvod\/drvena-barska-stolica-cuba-style-34x31x80cm\/","title":{"rendered":"Drvena barska stolica Cuba Style 34x31x80cm"},"content":{"rendered":"<p>Drvena barska stolica Cuba Style &#8211; Toplina i doma\u0107nost za dom ili bar<span class=\"prvimanjsinaslovopis\"> &#8211; Dimenzije 34x31x80cm<\/span><\/p>\n<p>&nbsp;<\/p>\n<p>&nbsp;<\/p>\n<h2><span class=\"odebeljenopis\"><strong> U\u017eivajte u jedinstvenom iskustvu s na\u0161om ru\u010dno ra\u0111enom masivnom barskom stolicom od egzoti\u010dnog drva. Ova klasi\u010dna drvena stolica ne samo da \u0107e obogatiti va\u0161 prostor, ve\u0107 \u0107e i donijeti toplinu i udobnost u va\u0161u blagovaonicu, kuhinju, dnevni boravak ili na terasu.<\/strong><\/span><\/h2>\n<p>&nbsp;<\/p>\n<div class=\"row\">\n<div class=\"col-sm-6 \" style=\"margin-top: 30px;\"><center><img decoding=\"async\" class=\"lazyload img-responsive\" style=\"margin: 0px auto; max-width: 100%;\" src=\"data:image\/svg+xml,%3Csvg%20xmlns%3D%27http%3A%2F%2Fwww.w3.org%2F2000%2Fsvg%27%20width%3D%271696%27%20height%3D%271696%27%20viewBox%3D%270%200%201696%201696%27%3E%3Crect%20width%3D%271696%27%20height%3D%271696%27%20fill-opacity%3D%220%22%2F%3E%3C%2Fsvg%3E\" data-orig-src=\"https:\/\/pavidecor.si\/wp-content\/uploads\/2025\/04\/1.jpg\" \/><\/center><\/div>\n<div class=\"col-sm-6\" style=\"margin-top: 40px;\">\n<p>&nbsp;<\/p>\n<h3>Jedinstvena ru\u010dna izrada<\/h3>\n<p>Drvena barska stolica Cuba Style iz PAVI DECOR-a u Ljubljani predstavlja pravi primjer ljubavi prema drvetu i prirodi. Svaki komad je rezultat na\u0161eg vlastitog znanja i kreativnosti, a posebnost na\u0161ih proizvoda le\u017ei u ru\u010dnoj izradi. Ova barska stolica je izra\u0111ena s pa\u017enjom na detalje, koriste\u0107i <strong>tradicionalne metode spajanja<\/strong> drvenih dijelova, \u0161to joj daje autenti\u010dan izgled.<\/p>\n<p>U PAVI DECOR-u vjerujemo da svaki komad namje\u0161taja treba pri\u010dati svoju pri\u010du. Na\u0161a masivna barska stolica nije samo funkcionalan komad namje\u0161taja, ve\u0107 i umjetni\u010dko djelo koje \u0107e obogatiti svaki prostor. S elegantnim linijama i prirodnim zavr\u0161nim obradama, savr\u0161eno se uklapa u rustikalne i shabby chic ambijente, ali i u moderna stanovanja. Drvena barska stolica Cuba Style stoga je odli\u010dan izbor za svaki dom, bar ili vrt.<\/p>\n<p>&nbsp;<\/p>\n<\/div>\n<\/div>\n<div class=\"row\">\n<div class=\"col-sm-6 col-sm-push-6\" style=\"margin-top: 30px;\"><center><img decoding=\"async\" class=\"lazyload img-responsive\" style=\"margin: 0px auto; max-width: 100%;\" src=\"data:image\/svg+xml,%3Csvg%20xmlns%3D%27http%3A%2F%2Fwww.w3.org%2F2000%2Fsvg%27%20width%3D%271042%27%20height%3D%271042%27%20viewBox%3D%270%200%201042%201042%27%3E%3Crect%20width%3D%271042%27%20height%3D%271042%27%20fill-opacity%3D%220%22%2F%3E%3C%2Fsvg%3E\" data-orig-src=\"https:\/\/pavidecor.si\/wp-content\/uploads\/2025\/04\/6.jpg\" \/><\/center><\/div>\n<div class=\"col-sm-6 col-sm-pull-6\" style=\"margin-top: 40px;\">\n<p>&nbsp;<\/p>\n<h3>Funkcionalnost i estetika<\/h3>\n<p>Ova klasi\u010dna drvena barska stolica nije samo lijep ukras, ve\u0107 i izuzetno funkcionalna. Idealna je za kori\u0161tenje u blagovaonici, kuhinji ili dnevnom boravku, a mo\u017ee se postaviti i na pokrivenu terasu ili u zimski vrt. <b>Egzoti\u010dno drvo<\/b> od kojeg je izra\u0111ena pru\u017ea izvanrednu udobnost i trajnost, \u010dine\u0107i je savr\u0161enim izborom za svakodnevnu upotrebu. Masivne barske stolice Cuba Style kori\u0161tene su i u prezentaciji na\u0161e <a href=\"https:\/\/pavidecor.si\/hr\/proizvod\/baldahin-za-masazu-na-plazi-wellness-spa-kabana-sa-zavjesama\/\"><strong><span style=\"color: #3366ff;\">kabane za masa\u017eu<\/span><\/strong><\/a>.<\/p>\n<p>S vidljivom strukturom drva, ova masivna barska stolica donosi toplinu i doma\u0107insku atmosferu u svaki prostor. Njezina svestranost omogu\u0107ava vam da ju kombinirate s razli\u010ditim stilovima namje\u0161taja, \u010dime \u0107ete dodatno obogatiti svoj interijer ili eksterijer. U\u017eivajte u obrocima s obitelji i prijateljima, znaju\u0107i da ste odabrali kvalitetan i estetski privla\u010dan komad namje\u0161taja.<\/p>\n<p>&nbsp;<\/p>\n<\/div>\n<\/div>\n<div class=\"row\">\n<div class=\"col-sm-6\" style=\"margin-top: 30px;\"><center><img decoding=\"async\" class=\"lazyload img-responsive\" style=\"margin: 0px auto; max-width: 100%;\" src=\"data:image\/svg+xml,%3Csvg%20xmlns%3D%27http%3A%2F%2Fwww.w3.org%2F2000%2Fsvg%27%20width%3D%271143%27%20height%3D%271143%27%20viewBox%3D%270%200%201143%201143%27%3E%3Crect%20width%3D%271143%27%20height%3D%271143%27%20fill-opacity%3D%220%22%2F%3E%3C%2Fsvg%3E\" data-orig-src=\" https:\/\/pavidecor.si\/wp-content\/uploads\/2025\/04\/5.jpg\" \/><\/center><\/div>\n<div class=\"col-sm-6\" style=\"margin-top: 40px;\">\n<p>&nbsp;<\/p>\n<h3>Specifikacije proizvoda<\/h3>\n<p>Na\u0161a ru\u010dno ra\u0111ena masivna barska stolica Cuba Style izra\u0111ena je od egzoti\u010dnog drva, \u0161to joj daje jedinstvenu strukturu i izgled. Klasi\u010dan model savr\u0161eno se uklapa u razli\u010dite prostore, od modernih do rustikalnih. Drvena barska stolica bez naslona je pogodna za kori\u0161tenje u blagovaonici, kuhinji ili dnevnom boravku, a mo\u017ee se koristiti i na terasi ili u vrtu.<\/p>\n<p>S obzirom na to da je svaki komad ru\u010dno izra\u0111en, mo\u017eete o\u010dekivati <b>autenti\u010dnost i jedinstvenost<\/b> svakog proizvoda. Na\u0161a ljubav prema drvetu i prirodi o\u010dituje se u svakom detalju, a tradicionalne metode izrade osiguravaju da svaki komad bude ne samo lijep, ve\u0107 i dugotrajan. Do\u0111ite i pogledajte na\u0161u ponudu <a href=\"https:\/\/pavidecor.si\/hr\/kategorije\/oprema-za-plazu-i-vrt\/vrtni-namjestaj\/\"><strong><span style=\"color: #3366ff;\">vrtnog namje\u0161taja<\/span><\/strong><\/a>, gdje mo\u017eete prona\u0107i ne\u0161to za sva\u010diji ukus. Sigurni smo da \u0107ete biti o\u010darani ljepotom i funkcionalno\u0161\u0107u na\u0161ih proizvoda. Pridru\u017eite nam se na putu stvaranja toplih i ugodnih prostora u kojima \u0107ete se osje\u0107ati kao kod ku\u0107e.<\/p>\n<\/div>\n<\/div>\n<p>&nbsp;<\/p>\n","protected":false},"excerpt":{"rendered":"<p><strong><span style=\"color: #c4963c;\">\u2192 Rukotvorine<br \/>\n<\/span><span style=\"color: #c4963c;\">\u2192 Egzoti\u010dno drvo<\/span><\/strong><br \/>\n<strong><span style=\"color: #c4963c;\">\u2192 Jedinstvena<\/span><\/strong><\/p>\n","protected":false},"featured_media":24843,"comment_status":"open","ping_status":"closed","template":"","meta":[],"product_brand":[],"product_cat":[301,261],"product_tag":[218],"class_list":{"0":"post-24840","1":"product","2":"type-product","3":"status-publish","4":"has-post-thumbnail","6":"product_cat-ostala-oprema-hr","7":"product_cat-vrtni-namjestaj","8":"product_tag-nov","10":"first","11":"instock","12":"sold-individually","13":"taxable","14":"shipping-taxable","15":"purchasable","16":"product-type-simple"},"yoast_head":"<!-- This site is optimized with the Yoast SEO plugin v27.2 - https:\/\/yoast.com\/product\/yoast-seo-wordpress\/ -->\n<title>Drvena barska stolica Cuba Style - Masivna stolica bez naslona<\/title>\n<meta name=\"description\" content=\"Drvena barska stolica Cuba Style ru\u010dno je izra\u0111ena od egzoti\u010dnog drva. Lijepom vidljivom strukturom drveta zra\u010di toplinom i doma\u0107om atmosferom.\" \/>\n<meta name=\"robots\" content=\"index, follow, max-snippet:-1, max-image-preview:large, max-video-preview:-1\" \/>\n<link rel=\"canonical\" href=\"https:\/\/pavidecor.si\/hr\/proizvod\/drvena-barska-stolica-cuba-style-34x31x80cm\/\" \/>\n<meta property=\"og:locale\" content=\"hr_HR\" \/>\n<meta property=\"og:type\" content=\"article\" \/>\n<meta property=\"og:title\" content=\"Drvena barska stolica Cuba Style - Masivna stolica bez naslona\" \/>\n<meta property=\"og:description\" content=\"Drvena barska stolica Cuba Style ru\u010dno je izra\u0111ena od egzoti\u010dnog drva. Lijepom vidljivom strukturom drveta zra\u010di toplinom i doma\u0107om atmosferom.\" \/>\n<meta property=\"og:url\" content=\"https:\/\/pavidecor.si\/hr\/proizvod\/drvena-barska-stolica-cuba-style-34x31x80cm\/\" \/>\n<meta property=\"og:site_name\" content=\"Pavi Decor\" \/>\n<meta property=\"article:modified_time\" content=\"2026-04-04T12:06:01+00:00\" \/>\n<meta property=\"og:image\" content=\"https:\/\/pavidecor.si\/wp-content\/uploads\/2025\/04\/1.jpg\" \/>\n\t<meta property=\"og:image:width\" content=\"1696\" \/>\n\t<meta property=\"og:image:height\" content=\"1696\" \/>\n\t<meta property=\"og:image:type\" content=\"image\/jpeg\" \/>\n<meta name=\"twitter:card\" content=\"summary_large_image\" \/>\n<meta name=\"twitter:label1\" content=\"Procijenjeno vrijeme \u010ditanja\" \/>\n\t<meta name=\"twitter:data1\" content=\"4 minute\" \/>\n<script type=\"application\/ld+json\" class=\"yoast-schema-graph\">{\"@context\":\"https:\/\/schema.org\",\"@graph\":[{\"@type\":\"WebPage\",\"@id\":\"https:\/\/pavidecor.si\/hr\/proizvod\/drvena-barska-stolica-cuba-style-34x31x80cm\/\",\"url\":\"https:\/\/pavidecor.si\/hr\/proizvod\/drvena-barska-stolica-cuba-style-34x31x80cm\/\",\"name\":\"Drvena barska stolica Cuba Style - Masivna stolica bez naslona\",\"isPartOf\":{\"@id\":\"https:\/\/pavidecor.si\/hr\/#website\"},\"primaryImageOfPage\":{\"@id\":\"https:\/\/pavidecor.si\/hr\/proizvod\/drvena-barska-stolica-cuba-style-34x31x80cm\/#primaryimage\"},\"image\":{\"@id\":\"https:\/\/pavidecor.si\/hr\/proizvod\/drvena-barska-stolica-cuba-style-34x31x80cm\/#primaryimage\"},\"thumbnailUrl\":\"https:\/\/pavidecor.si\/wp-content\/uploads\/2025\/04\/1.jpg\",\"datePublished\":\"2025-04-28T08:39:49+00:00\",\"dateModified\":\"2026-04-04T12:06:01+00:00\",\"description\":\"Drvena barska stolica Cuba Style ru\u010dno je izra\u0111ena od egzoti\u010dnog drva. Lijepom vidljivom strukturom drveta zra\u010di toplinom i doma\u0107om atmosferom.\",\"breadcrumb\":{\"@id\":\"https:\/\/pavidecor.si\/hr\/proizvod\/drvena-barska-stolica-cuba-style-34x31x80cm\/#breadcrumb\"},\"inLanguage\":\"hr\",\"potentialAction\":[{\"@type\":\"ReadAction\",\"target\":[\"https:\/\/pavidecor.si\/hr\/proizvod\/drvena-barska-stolica-cuba-style-34x31x80cm\/\"]}]},{\"@type\":\"ImageObject\",\"inLanguage\":\"hr\",\"@id\":\"https:\/\/pavidecor.si\/hr\/proizvod\/drvena-barska-stolica-cuba-style-34x31x80cm\/#primaryimage\",\"url\":\"https:\/\/pavidecor.si\/wp-content\/uploads\/2025\/04\/1.jpg\",\"contentUrl\":\"https:\/\/pavidecor.si\/wp-content\/uploads\/2025\/04\/1.jpg\",\"width\":1696,\"height\":1696,\"caption\":\"PAVI DECOR\"},{\"@type\":\"BreadcrumbList\",\"@id\":\"https:\/\/pavidecor.si\/hr\/proizvod\/drvena-barska-stolica-cuba-style-34x31x80cm\/#breadcrumb\",\"itemListElement\":[{\"@type\":\"ListItem\",\"position\":1,\"name\":\"Domov\",\"item\":\"https:\/\/pavidecor.si\/hr\/\"},{\"@type\":\"ListItem\",\"position\":2,\"name\":\"Internetska trgovina\",\"item\":\"https:\/\/pavidecor.si\/hr\/internetska-trgovina\/\"},{\"@type\":\"ListItem\",\"position\":3,\"name\":\"Drvena barska stolica Cuba Style 34x31x80cm\"}]},{\"@type\":\"WebSite\",\"@id\":\"https:\/\/pavidecor.si\/hr\/#website\",\"url\":\"https:\/\/pavidecor.si\/hr\/\",\"name\":\"Pavi Decor\",\"description\":\"Leseni unikati ustvarjeni iz ljubezni do lesa in narave.\",\"potentialAction\":[{\"@type\":\"SearchAction\",\"target\":{\"@type\":\"EntryPoint\",\"urlTemplate\":\"https:\/\/pavidecor.si\/hr\/?s={search_term_string}\"},\"query-input\":{\"@type\":\"PropertyValueSpecification\",\"valueRequired\":true,\"valueName\":\"search_term_string\"}}],\"inLanguage\":\"hr\"}]}<\/script>\n<!-- \/ Yoast SEO plugin. -->","yoast_head_json":{"title":"Drvena barska stolica Cuba Style - Masivna stolica bez naslona","description":"Drvena barska stolica Cuba Style ru\u010dno je izra\u0111ena od egzoti\u010dnog drva. Lijepom vidljivom strukturom drveta zra\u010di toplinom i doma\u0107om atmosferom.","robots":{"index":"index","follow":"follow","max-snippet":"max-snippet:-1","max-image-preview":"max-image-preview:large","max-video-preview":"max-video-preview:-1"},"canonical":"https:\/\/pavidecor.si\/hr\/proizvod\/drvena-barska-stolica-cuba-style-34x31x80cm\/","og_locale":"hr_HR","og_type":"article","og_title":"Drvena barska stolica Cuba Style - Masivna stolica bez naslona","og_description":"Drvena barska stolica Cuba Style ru\u010dno je izra\u0111ena od egzoti\u010dnog drva. Lijepom vidljivom strukturom drveta zra\u010di toplinom i doma\u0107om atmosferom.","og_url":"https:\/\/pavidecor.si\/hr\/proizvod\/drvena-barska-stolica-cuba-style-34x31x80cm\/","og_site_name":"Pavi Decor","article_modified_time":"2026-04-04T12:06:01+00:00","og_image":[{"width":1696,"height":1696,"url":"https:\/\/pavidecor.si\/wp-content\/uploads\/2025\/04\/1.jpg","type":"image\/jpeg"}],"twitter_card":"summary_large_image","twitter_misc":{"Procijenjeno vrijeme \u010ditanja":"4 minute"},"schema":{"@context":"https:\/\/schema.org","@graph":[{"@type":"WebPage","@id":"https:\/\/pavidecor.si\/hr\/proizvod\/drvena-barska-stolica-cuba-style-34x31x80cm\/","url":"https:\/\/pavidecor.si\/hr\/proizvod\/drvena-barska-stolica-cuba-style-34x31x80cm\/","name":"Drvena barska stolica Cuba Style - Masivna stolica bez naslona","isPartOf":{"@id":"https:\/\/pavidecor.si\/hr\/#website"},"primaryImageOfPage":{"@id":"https:\/\/pavidecor.si\/hr\/proizvod\/drvena-barska-stolica-cuba-style-34x31x80cm\/#primaryimage"},"image":{"@id":"https:\/\/pavidecor.si\/hr\/proizvod\/drvena-barska-stolica-cuba-style-34x31x80cm\/#primaryimage"},"thumbnailUrl":"https:\/\/pavidecor.si\/wp-content\/uploads\/2025\/04\/1.jpg","datePublished":"2025-04-28T08:39:49+00:00","dateModified":"2026-04-04T12:06:01+00:00","description":"Drvena barska stolica Cuba Style ru\u010dno je izra\u0111ena od egzoti\u010dnog drva. Lijepom vidljivom strukturom drveta zra\u010di toplinom i doma\u0107om atmosferom.","breadcrumb":{"@id":"https:\/\/pavidecor.si\/hr\/proizvod\/drvena-barska-stolica-cuba-style-34x31x80cm\/#breadcrumb"},"inLanguage":"hr","potentialAction":[{"@type":"ReadAction","target":["https:\/\/pavidecor.si\/hr\/proizvod\/drvena-barska-stolica-cuba-style-34x31x80cm\/"]}]},{"@type":"ImageObject","inLanguage":"hr","@id":"https:\/\/pavidecor.si\/hr\/proizvod\/drvena-barska-stolica-cuba-style-34x31x80cm\/#primaryimage","url":"https:\/\/pavidecor.si\/wp-content\/uploads\/2025\/04\/1.jpg","contentUrl":"https:\/\/pavidecor.si\/wp-content\/uploads\/2025\/04\/1.jpg","width":1696,"height":1696,"caption":"PAVI DECOR"},{"@type":"BreadcrumbList","@id":"https:\/\/pavidecor.si\/hr\/proizvod\/drvena-barska-stolica-cuba-style-34x31x80cm\/#breadcrumb","itemListElement":[{"@type":"ListItem","position":1,"name":"Domov","item":"https:\/\/pavidecor.si\/hr\/"},{"@type":"ListItem","position":2,"name":"Internetska trgovina","item":"https:\/\/pavidecor.si\/hr\/internetska-trgovina\/"},{"@type":"ListItem","position":3,"name":"Drvena barska stolica Cuba Style 34x31x80cm"}]},{"@type":"WebSite","@id":"https:\/\/pavidecor.si\/hr\/#website","url":"https:\/\/pavidecor.si\/hr\/","name":"Pavi Decor","description":"Leseni unikati ustvarjeni iz ljubezni do lesa in narave.","potentialAction":[{"@type":"SearchAction","target":{"@type":"EntryPoint","urlTemplate":"https:\/\/pavidecor.si\/hr\/?s={search_term_string}"},"query-input":{"@type":"PropertyValueSpecification","valueRequired":true,"valueName":"search_term_string"}}],"inLanguage":"hr"}]}},"_links":{"self":[{"href":"https:\/\/pavidecor.si\/hr\/wp-json\/wp\/v2\/product\/24840","targetHints":{"allow":["GET"]}}],"collection":[{"href":"https:\/\/pavidecor.si\/hr\/wp-json\/wp\/v2\/product"}],"about":[{"href":"https:\/\/pavidecor.si\/hr\/wp-json\/wp\/v2\/types\/product"}],"replies":[{"embeddable":true,"href":"https:\/\/pavidecor.si\/hr\/wp-json\/wp\/v2\/comments?post=24840"}],"wp:featuredmedia":[{"embeddable":true,"href":"https:\/\/pavidecor.si\/hr\/wp-json\/wp\/v2\/media\/24843"}],"wp:attachment":[{"href":"https:\/\/pavidecor.si\/hr\/wp-json\/wp\/v2\/media?parent=24840"}],"wp:term":[{"taxonomy":"product_brand","embeddable":true,"href":"https:\/\/pavidecor.si\/hr\/wp-json\/wp\/v2\/product_brand?post=24840"},{"taxonomy":"product_cat","embeddable":true,"href":"https:\/\/pavidecor.si\/hr\/wp-json\/wp\/v2\/product_cat?post=24840"},{"taxonomy":"product_tag","embeddable":true,"href":"https:\/\/pavidecor.si\/hr\/wp-json\/wp\/v2\/product_tag?post=24840"}],"curies":[{"name":"wp","href":"https:\/\/api.w.org\/{rel}","templated":true}]}}