	{"id":24455,"date":"2025-03-21T11:43:22","date_gmt":"2025-03-21T11:43:22","guid":{"rendered":"https:\/\/pavidecor.si\/?post_type=product&#038;p=24455"},"modified":"2026-04-23T03:01:47","modified_gmt":"2026-04-23T03:01:47","slug":"vanjski-krevet-s-baldahinom-dupli-krevet-za-plazu-bor-200x180x200cm","status":"publish","type":"product","link":"https:\/\/pavidecor.si\/hr\/proizvod\/vanjski-krevet-s-baldahinom-dupli-krevet-za-plazu-bor-200x180x200cm\/","title":{"rendered":"Vanjski krevet s baldahinom, dupli krevet za pla\u017eu bor 200x180x200cm"},"content":{"rendered":"<p>Vanjski krevet s baldahinom \u2013 Va\u0161a privatna oaza udobnosti i elegancije &#8211; Dimenzije 200x180x200cm<\/p>\n<p>&nbsp;<\/p>\n<h2><span class=\"odebeljenopis\"><strong>Otkrijte savr\u0161en komad vanjskog namje\u0161taja koji kombinira funkcionalnost, udobnost i estetiku. Krevet za pla\u017eu PAVI DECOR namijenjen je svima koji \u017eele kvalitetno opu\u0161tanje na svojoj terasi, vrtu ili uz pla\u017eu. Izra\u0111en od prirodnih materijala i s ljubavlju prema drvu, neizostavan je dodatak svakom ambijentu.<br \/>\n<\/strong><\/span><\/h2>\n<p>&nbsp;<\/p>\n<div class=\"row\">\n<div class=\"col-sm-6 \" style=\"margin-top: 30px;\"><center><img decoding=\"async\" class=\"lazyload img-responsive\" style=\"margin: 0px auto; max-width: 100%;\" src=\"data:image\/svg+xml,%3Csvg%20xmlns%3D%27http%3A%2F%2Fwww.w3.org%2F2000%2Fsvg%27%20width%3D%271366%27%20height%3D%271366%27%20viewBox%3D%270%200%201366%201366%27%3E%3Crect%20width%3D%271366%27%20height%3D%271366%27%20fill-opacity%3D%220%22%2F%3E%3C%2Fsvg%3E\" data-orig-src=\"https:\/\/pavidecor.si\/wp-content\/uploads\/2025\/03\/Kabana-bela-4.jpg\" \/><\/center><\/div>\n<div class=\"col-sm-6\" style=\"margin-top: 40px;\">\n<p>&nbsp;<\/p>\n<h3>Kabana koja o\u010darava prirodnim materijalima<\/h3>\n<p>Krevet za pla\u017eu iz na\u0161e trgovine PAVI DECOR izra\u0111en je od visokokvalitetnog slovenskog bora ili, po \u017eelji, egzoti\u010dnog drva. <strong>Prirodni materijali pru\u017eaju trajnost i otpornost<\/strong> na vanjske utjecaje, dodaju\u0107i da\u0161ak prirodne elegancije. Ru\u010dna izrada i detalji spajanja drvenih dijelova, koji slijede tradicionalne tehnike, osiguravaju autenti\u010dnost i bezvremensku ljepotu.<\/p>\n<p>&nbsp;<\/p>\n<p>Elegantno dizajnirana kabana uklju\u010duje dupli vanjski krevet koji je udobno pri\u010dvr\u0161\u0107en na stabilnu potpornu konstrukciju. Na vrhu se nalazi klizna nadstre\u0161nica koja omogu\u0107uje brzo zasjenjivanje, dok pamu\u010dne zavjese stvaraju privatno skloni\u0161te. Kabana se mo\u017ee dodatno ukrasiti slamom za egzoti\u010dniji izgled. Vanjski krevet s baldahinom je atraktivan komad <strong><a href=\"https:\/\/pavidecor.si\/hr\/kategorije\/oprema-za-plazu-i-vrt\/vrtni-namjestaj\/\"><span style=\"color: #3366ff;\">vrtnog namje\u0161taja<\/span><\/a><\/strong> koji slu\u017ei i funkcionalno i estetski. Gdje god ga postavite obogatit \u0107e izgled va\u0161eg vanjskog prostora.<\/p>\n<p>&nbsp;<\/p>\n<\/div>\n<\/div>\n<div class=\"row\">\n<div class=\"col-sm-6 col-sm-push-6\" style=\"margin-top: 30px;\"><center><img decoding=\"async\" class=\"lazyload img-responsive\" style=\"margin: 0px auto; max-width: 100%;\" src=\"data:image\/svg+xml,%3Csvg%20xmlns%3D%27http%3A%2F%2Fwww.w3.org%2F2000%2Fsvg%27%20width%3D%27767%27%20height%3D%27767%27%20viewBox%3D%270%200%20767%20767%27%3E%3Crect%20width%3D%27767%27%20height%3D%27767%27%20fill-opacity%3D%220%22%2F%3E%3C%2Fsvg%3E\" data-orig-src=\"https:\/\/pavidecor.si\/wp-content\/uploads\/2025\/03\/Kabana-bela-12.jpg\" \/><\/center><\/div>\n<div class=\"col-sm-6 col-sm-pull-6\" style=\"margin-top: 40px;\">\n<p>&nbsp;<\/p>\n<h3>Jednostavna instalacija i fleksibilnost<\/h3>\n<p>Cijelu konstrukciju mogu sastaviti bez alata samo dvije osobe za 10 minuta, jer je monta\u017ea brza i jednostavna. Tako\u0111er, zavjese se mogu staviti bez kompliciranih postupaka u nekoliko minuta. Ova <strong>iznimna fleksibilnost<\/strong> omogu\u0107uje brzo rastavljanje nadstre\u0161nice i skladi\u0161tenje nakon sezone ili premje\u0161tanje tijekom sezone. Rastavljena kabana u skladi\u0161tu zauzima malo prostora (200x90x40cm + jastuci).<\/p>\n<p>&nbsp;<\/p>\n<p>Vanjski krevet nudi iznimnu fleksibilnost s tri razine nagiba naslona na svakom krevetu posebno. Mo\u017eete birati izme\u0111u razli\u010ditih debljina i boja vodoodbojnih jastuka i perivih zavjesa, koji se lako odr\u017eavaju. Tako mo\u017eete <strong>u potpunosti prilagoditi drvenu kabanu<\/strong> svom osobnom stilu i preferencijama.<\/p>\n<\/div>\n<\/div>\n<div class=\"row\">\n<div class=\"col-sm-6\" style=\"margin-top: 30px;\"><center><img decoding=\"async\" class=\"lazyload img-responsive\" style=\"margin: 0px auto; max-width: 100%;\" src=\"data:image\/svg+xml,%3Csvg%20xmlns%3D%27http%3A%2F%2Fwww.w3.org%2F2000%2Fsvg%27%20width%3D%271366%27%20height%3D%271366%27%20viewBox%3D%270%200%201366%201366%27%3E%3Crect%20width%3D%271366%27%20height%3D%271366%27%20fill-opacity%3D%220%22%2F%3E%3C%2Fsvg%3E\" data-orig-src=\"https:\/\/pavidecor.si\/wp-content\/uploads\/2025\/03\/Kabana-bela-7.jpg\" \/><\/center><\/div>\n<div class=\"col-sm-6\" style=\"margin-top: 40px;\">\n<p>&nbsp;<\/p>\n<h3>Va\u0161a privatna oaza za potpuno opu\u0161tanje<\/h3>\n<p>Vanjski krevet s baldahinom PAVI DECOR kombinira udobnost, funkcionalnost i estetiku. S dimenzijama 200x180x200cm, dovoljno je prostran za dvije osobe, ali u isto vrijeme njegova <strong>stabilna konstrukcija<\/strong> osigurava sigurnu upotrebu na bilo kojoj povr\u0161ini. U kombinaciji s dodacima kao \u0161to su nadstre\u0161nica, zavjese i debele presvlake, kabana stvara pravu privatnu oazu.<\/p>\n<p>&nbsp;<\/p>\n<p>Njezina bezvremenska elegancija i visoka kvaliteta izrade osiguravaju da se <strong>lijepo uklopi u svako okru\u017eenje<\/strong> \u2013 uz bazen, na pla\u017eu, terasu ili vrt. S dodatnim mogu\u0107nostima prilago\u0111avanja (boje tekstila, vrsta drva), svoj vanjski prostor pretvorit \u0107ete u kutak u kojem se uvijek iznova mo\u017eete opustiti.<\/p>\n<\/div>\n<\/div>\n<p>&nbsp;<\/p>\n<h4><strong>Glavne prednosti na\u0161e kabane za pla\u017eu su:<\/strong><\/h4>\n<ul>\n<li>\n<h4><strong>Jednostavna monta\u017ea i demonta\u017ea bez alata,<\/strong><\/h4>\n<\/li>\n<li>\n<h4><strong>Dvije osobe mogu ju postaviti za samo 10 minuta,<\/strong><\/h4>\n<\/li>\n<li>\n<h4><strong>Bez vijaka ili matica,<\/strong><\/h4>\n<\/li>\n<li>\n<h4><strong>Postavljanje zavjesa za nekoliko minuta bez alata,<\/strong><\/h4>\n<\/li>\n<li>\n<h4><strong>Strop se mo\u017ee zasjeniti u nekoliko sekundi kliznom sjenilom,<\/strong><\/h4>\n<\/li>\n<li>\n<h4><strong>Tri razine nagiba za svaki naslon zasebno,<\/strong><\/h4>\n<\/li>\n<li>\n<h4><strong>Vodoodbojna roba,<\/strong><\/h4>\n<\/li>\n<li>\n<h4><strong>Boja i debljina jastuka po \u017eelji,<\/strong><\/h4>\n<\/li>\n<li>\n<h4><strong>Boja zavjesa po \u017eelji,<\/strong><\/h4>\n<\/li>\n<li>\n<h4><strong>Zavjese koje se lako peru,<\/strong><\/h4>\n<\/li>\n<li>\n<h4><strong>Dimenzije jednog kreveta zajedno s odvojenim naslonom 200x90cm,<\/strong><\/h4>\n<\/li>\n<li>\n<h4><strong>Dimenzije objekta Dx\u0160xV=200x180x200cm, te\u017eina cca 150-200kg ovisno o vrsti drva,<\/strong><\/h4>\n<\/li>\n<li>\n<h4><strong>Materijal slovenski bor ili egzoti\u010dno drvo, boja prirodna ili po \u017eelji,<\/strong><\/h4>\n<\/li>\n<li>\n<h4><strong>U skladi\u0161tu zauzima malo prostora &#8211; 200x90x40cm + jastuci.<\/strong><\/h4>\n<\/li>\n<\/ul>\n","protected":false},"excerpt":{"rendered":"<p><strong><span style=\"color: #c4963c;\">\u2192 Jednostavna monta\u017ea i demonta\u017ea bez alata<\/span><\/strong><br \/>\n<strong><span style=\"color: #c4963c;\">\u2192 Sastavljaju\/rastavljaju dvije osobe za 10 minuta<\/span><\/strong><br \/>\n<strong><span style=\"color: #c4963c;\">\u2192 Zauzima minimalno prostora u skladi\u0161tu<\/span><\/strong><br \/>\n<strong><span style=\"color: #c4963c;\">\u2192 Rezervni dijelovi uvijek na zalihi<\/span><\/strong><br \/>\n<strong><span style=\"color: #c4963c;\">\u2192 Lako se \u010disti i odr\u017eava<\/span><\/strong><br \/>\n<strong><span style=\"color: #c4963c;\">\u2192 Tri razine nagiba za svaki naslon posebno<\/span><\/strong><br \/>\n<strong><span style=\"color: #c4963c;\">\u2192 Strop se mo\u017ee zasjeniti u nekoliko sekundi<\/span><\/strong><br \/>\n<strong><span style=\"color: #c4963c;\">\u2192 Boja i debljina jastuka po \u017eelji<\/span><\/strong><br \/>\n<strong><span style=\"color: #c4963c;\">\u2192 Drvo slovenski bor ili egzotika po izboru<\/span><\/strong><\/p>\n","protected":false},"featured_media":24468,"comment_status":"open","ping_status":"closed","template":"","meta":[],"product_brand":[],"product_cat":[261],"product_tag":[218],"class_list":{"0":"post-24455","1":"product","2":"type-product","3":"status-publish","4":"has-post-thumbnail","6":"product_cat-vrtni-namjestaj","7":"product_tag-nov","9":"first","10":"instock","11":"taxable","12":"shipping-taxable","13":"purchasable","14":"product-type-simple"},"yoast_head":"<!-- This site is optimized with the Yoast SEO plugin v27.2 - https:\/\/yoast.com\/product\/yoast-seo-wordpress\/ -->\n<title>Vanjski krevet s baldahinom - Dupli krevet za pla\u017eu PAVI DECOR<\/title>\n<meta name=\"description\" content=\"Vanjski krevet izra\u0111en je od izdr\u017eljivog drva, jastuci su udobni i vodootporni. Krov i zavjese pru\u017eaju privatnost. Jednostavna instalacija i odr\u017eavanje.\" \/>\n<meta name=\"robots\" content=\"index, follow, max-snippet:-1, max-image-preview:large, max-video-preview:-1\" \/>\n<link rel=\"canonical\" href=\"https:\/\/pavidecor.si\/hr\/proizvod\/vanjski-krevet-s-baldahinom-dupli-krevet-za-plazu-bor-200x180x200cm\/\" \/>\n<meta property=\"og:locale\" content=\"hr_HR\" \/>\n<meta property=\"og:type\" content=\"article\" \/>\n<meta property=\"og:title\" content=\"Vanjski krevet s baldahinom - Dupli krevet za pla\u017eu PAVI DECOR\" \/>\n<meta property=\"og:description\" content=\"Vanjski krevet izra\u0111en je od izdr\u017eljivog drva, jastuci su udobni i vodootporni. Krov i zavjese pru\u017eaju privatnost. Jednostavna instalacija i odr\u017eavanje.\" \/>\n<meta property=\"og:url\" content=\"https:\/\/pavidecor.si\/hr\/proizvod\/vanjski-krevet-s-baldahinom-dupli-krevet-za-plazu-bor-200x180x200cm\/\" \/>\n<meta property=\"og:site_name\" content=\"Pavi Decor\" \/>\n<meta property=\"article:modified_time\" content=\"2026-04-23T03:01:47+00:00\" \/>\n<meta property=\"og:image\" content=\"https:\/\/pavidecor.si\/wp-content\/uploads\/2025\/03\/Kabana-bela-4.jpg\" \/>\n\t<meta property=\"og:image:width\" content=\"1366\" \/>\n\t<meta property=\"og:image:height\" content=\"1366\" \/>\n\t<meta property=\"og:image:type\" content=\"image\/jpeg\" \/>\n<meta name=\"twitter:card\" content=\"summary_large_image\" \/>\n<meta name=\"twitter:label1\" content=\"Procijenjeno vrijeme \u010ditanja\" \/>\n\t<meta name=\"twitter:data1\" content=\"4 minute\" \/>\n<script type=\"application\/ld+json\" class=\"yoast-schema-graph\">{\"@context\":\"https:\/\/schema.org\",\"@graph\":[{\"@type\":\"WebPage\",\"@id\":\"https:\/\/pavidecor.si\/hr\/proizvod\/vanjski-krevet-s-baldahinom-dupli-krevet-za-plazu-bor-200x180x200cm\/\",\"url\":\"https:\/\/pavidecor.si\/hr\/proizvod\/vanjski-krevet-s-baldahinom-dupli-krevet-za-plazu-bor-200x180x200cm\/\",\"name\":\"Vanjski krevet s baldahinom - Dupli krevet za pla\u017eu PAVI DECOR\",\"isPartOf\":{\"@id\":\"https:\/\/pavidecor.si\/hr\/#website\"},\"primaryImageOfPage\":{\"@id\":\"https:\/\/pavidecor.si\/hr\/proizvod\/vanjski-krevet-s-baldahinom-dupli-krevet-za-plazu-bor-200x180x200cm\/#primaryimage\"},\"image\":{\"@id\":\"https:\/\/pavidecor.si\/hr\/proizvod\/vanjski-krevet-s-baldahinom-dupli-krevet-za-plazu-bor-200x180x200cm\/#primaryimage\"},\"thumbnailUrl\":\"https:\/\/pavidecor.si\/wp-content\/uploads\/2025\/03\/Kabana-bela-4.jpg\",\"datePublished\":\"2025-03-21T11:43:22+00:00\",\"dateModified\":\"2026-04-23T03:01:47+00:00\",\"description\":\"Vanjski krevet izra\u0111en je od izdr\u017eljivog drva, jastuci su udobni i vodootporni. Krov i zavjese pru\u017eaju privatnost. Jednostavna instalacija i odr\u017eavanje.\",\"breadcrumb\":{\"@id\":\"https:\/\/pavidecor.si\/hr\/proizvod\/vanjski-krevet-s-baldahinom-dupli-krevet-za-plazu-bor-200x180x200cm\/#breadcrumb\"},\"inLanguage\":\"hr\",\"potentialAction\":[{\"@type\":\"ReadAction\",\"target\":[\"https:\/\/pavidecor.si\/hr\/proizvod\/vanjski-krevet-s-baldahinom-dupli-krevet-za-plazu-bor-200x180x200cm\/\"]}]},{\"@type\":\"ImageObject\",\"inLanguage\":\"hr\",\"@id\":\"https:\/\/pavidecor.si\/hr\/proizvod\/vanjski-krevet-s-baldahinom-dupli-krevet-za-plazu-bor-200x180x200cm\/#primaryimage\",\"url\":\"https:\/\/pavidecor.si\/wp-content\/uploads\/2025\/03\/Kabana-bela-4.jpg\",\"contentUrl\":\"https:\/\/pavidecor.si\/wp-content\/uploads\/2025\/03\/Kabana-bela-4.jpg\",\"width\":1366,\"height\":1366,\"caption\":\"PAVI DECOR\"},{\"@type\":\"BreadcrumbList\",\"@id\":\"https:\/\/pavidecor.si\/hr\/proizvod\/vanjski-krevet-s-baldahinom-dupli-krevet-za-plazu-bor-200x180x200cm\/#breadcrumb\",\"itemListElement\":[{\"@type\":\"ListItem\",\"position\":1,\"name\":\"Domov\",\"item\":\"https:\/\/pavidecor.si\/hr\/\"},{\"@type\":\"ListItem\",\"position\":2,\"name\":\"Internetska trgovina\",\"item\":\"https:\/\/pavidecor.si\/hr\/internetska-trgovina\/\"},{\"@type\":\"ListItem\",\"position\":3,\"name\":\"Vanjski krevet s baldahinom, dupli krevet za pla\u017eu bor 200x180x200cm\"}]},{\"@type\":\"WebSite\",\"@id\":\"https:\/\/pavidecor.si\/hr\/#website\",\"url\":\"https:\/\/pavidecor.si\/hr\/\",\"name\":\"Pavi Decor\",\"description\":\"Leseni unikati ustvarjeni iz ljubezni do lesa in narave.\",\"potentialAction\":[{\"@type\":\"SearchAction\",\"target\":{\"@type\":\"EntryPoint\",\"urlTemplate\":\"https:\/\/pavidecor.si\/hr\/?s={search_term_string}\"},\"query-input\":{\"@type\":\"PropertyValueSpecification\",\"valueRequired\":true,\"valueName\":\"search_term_string\"}}],\"inLanguage\":\"hr\"}]}<\/script>\n<!-- \/ Yoast SEO plugin. -->","yoast_head_json":{"title":"Vanjski krevet s baldahinom - Dupli krevet za pla\u017eu PAVI DECOR","description":"Vanjski krevet izra\u0111en je od izdr\u017eljivog drva, jastuci su udobni i vodootporni. Krov i zavjese pru\u017eaju privatnost. Jednostavna instalacija i odr\u017eavanje.","robots":{"index":"index","follow":"follow","max-snippet":"max-snippet:-1","max-image-preview":"max-image-preview:large","max-video-preview":"max-video-preview:-1"},"canonical":"https:\/\/pavidecor.si\/hr\/proizvod\/vanjski-krevet-s-baldahinom-dupli-krevet-za-plazu-bor-200x180x200cm\/","og_locale":"hr_HR","og_type":"article","og_title":"Vanjski krevet s baldahinom - Dupli krevet za pla\u017eu PAVI DECOR","og_description":"Vanjski krevet izra\u0111en je od izdr\u017eljivog drva, jastuci su udobni i vodootporni. Krov i zavjese pru\u017eaju privatnost. Jednostavna instalacija i odr\u017eavanje.","og_url":"https:\/\/pavidecor.si\/hr\/proizvod\/vanjski-krevet-s-baldahinom-dupli-krevet-za-plazu-bor-200x180x200cm\/","og_site_name":"Pavi Decor","article_modified_time":"2026-04-23T03:01:47+00:00","og_image":[{"width":1366,"height":1366,"url":"https:\/\/pavidecor.si\/wp-content\/uploads\/2025\/03\/Kabana-bela-4.jpg","type":"image\/jpeg"}],"twitter_card":"summary_large_image","twitter_misc":{"Procijenjeno vrijeme \u010ditanja":"4 minute"},"schema":{"@context":"https:\/\/schema.org","@graph":[{"@type":"WebPage","@id":"https:\/\/pavidecor.si\/hr\/proizvod\/vanjski-krevet-s-baldahinom-dupli-krevet-za-plazu-bor-200x180x200cm\/","url":"https:\/\/pavidecor.si\/hr\/proizvod\/vanjski-krevet-s-baldahinom-dupli-krevet-za-plazu-bor-200x180x200cm\/","name":"Vanjski krevet s baldahinom - Dupli krevet za pla\u017eu PAVI DECOR","isPartOf":{"@id":"https:\/\/pavidecor.si\/hr\/#website"},"primaryImageOfPage":{"@id":"https:\/\/pavidecor.si\/hr\/proizvod\/vanjski-krevet-s-baldahinom-dupli-krevet-za-plazu-bor-200x180x200cm\/#primaryimage"},"image":{"@id":"https:\/\/pavidecor.si\/hr\/proizvod\/vanjski-krevet-s-baldahinom-dupli-krevet-za-plazu-bor-200x180x200cm\/#primaryimage"},"thumbnailUrl":"https:\/\/pavidecor.si\/wp-content\/uploads\/2025\/03\/Kabana-bela-4.jpg","datePublished":"2025-03-21T11:43:22+00:00","dateModified":"2026-04-23T03:01:47+00:00","description":"Vanjski krevet izra\u0111en je od izdr\u017eljivog drva, jastuci su udobni i vodootporni. Krov i zavjese pru\u017eaju privatnost. Jednostavna instalacija i odr\u017eavanje.","breadcrumb":{"@id":"https:\/\/pavidecor.si\/hr\/proizvod\/vanjski-krevet-s-baldahinom-dupli-krevet-za-plazu-bor-200x180x200cm\/#breadcrumb"},"inLanguage":"hr","potentialAction":[{"@type":"ReadAction","target":["https:\/\/pavidecor.si\/hr\/proizvod\/vanjski-krevet-s-baldahinom-dupli-krevet-za-plazu-bor-200x180x200cm\/"]}]},{"@type":"ImageObject","inLanguage":"hr","@id":"https:\/\/pavidecor.si\/hr\/proizvod\/vanjski-krevet-s-baldahinom-dupli-krevet-za-plazu-bor-200x180x200cm\/#primaryimage","url":"https:\/\/pavidecor.si\/wp-content\/uploads\/2025\/03\/Kabana-bela-4.jpg","contentUrl":"https:\/\/pavidecor.si\/wp-content\/uploads\/2025\/03\/Kabana-bela-4.jpg","width":1366,"height":1366,"caption":"PAVI DECOR"},{"@type":"BreadcrumbList","@id":"https:\/\/pavidecor.si\/hr\/proizvod\/vanjski-krevet-s-baldahinom-dupli-krevet-za-plazu-bor-200x180x200cm\/#breadcrumb","itemListElement":[{"@type":"ListItem","position":1,"name":"Domov","item":"https:\/\/pavidecor.si\/hr\/"},{"@type":"ListItem","position":2,"name":"Internetska trgovina","item":"https:\/\/pavidecor.si\/hr\/internetska-trgovina\/"},{"@type":"ListItem","position":3,"name":"Vanjski krevet s baldahinom, dupli krevet za pla\u017eu bor 200x180x200cm"}]},{"@type":"WebSite","@id":"https:\/\/pavidecor.si\/hr\/#website","url":"https:\/\/pavidecor.si\/hr\/","name":"Pavi Decor","description":"Leseni unikati ustvarjeni iz ljubezni do lesa in narave.","potentialAction":[{"@type":"SearchAction","target":{"@type":"EntryPoint","urlTemplate":"https:\/\/pavidecor.si\/hr\/?s={search_term_string}"},"query-input":{"@type":"PropertyValueSpecification","valueRequired":true,"valueName":"search_term_string"}}],"inLanguage":"hr"}]}},"_links":{"self":[{"href":"https:\/\/pavidecor.si\/hr\/wp-json\/wp\/v2\/product\/24455","targetHints":{"allow":["GET"]}}],"collection":[{"href":"https:\/\/pavidecor.si\/hr\/wp-json\/wp\/v2\/product"}],"about":[{"href":"https:\/\/pavidecor.si\/hr\/wp-json\/wp\/v2\/types\/product"}],"replies":[{"embeddable":true,"href":"https:\/\/pavidecor.si\/hr\/wp-json\/wp\/v2\/comments?post=24455"}],"wp:featuredmedia":[{"embeddable":true,"href":"https:\/\/pavidecor.si\/hr\/wp-json\/wp\/v2\/media\/24468"}],"wp:attachment":[{"href":"https:\/\/pavidecor.si\/hr\/wp-json\/wp\/v2\/media?parent=24455"}],"wp:term":[{"taxonomy":"product_brand","embeddable":true,"href":"https:\/\/pavidecor.si\/hr\/wp-json\/wp\/v2\/product_brand?post=24455"},{"taxonomy":"product_cat","embeddable":true,"href":"https:\/\/pavidecor.si\/hr\/wp-json\/wp\/v2\/product_cat?post=24455"},{"taxonomy":"product_tag","embeddable":true,"href":"https:\/\/pavidecor.si\/hr\/wp-json\/wp\/v2\/product_tag?post=24455"}],"curies":[{"name":"wp","href":"https:\/\/api.w.org\/{rel}","templated":true}]}}