	{"id":24254,"date":"2025-03-04T09:59:36","date_gmt":"2025-03-04T09:59:36","guid":{"rendered":"https:\/\/pavidecor.si\/?post_type=product&#038;p=24254"},"modified":"2026-04-20T20:09:56","modified_gmt":"2026-04-20T20:09:56","slug":"ukrasna-jedrilica-pd-38x345x25cm-kopija-kopija","status":"publish","type":"product","link":"https:\/\/pavidecor.si\/hr\/proizvod\/ukrasna-jedrilica-pd-38x345x25cm-kopija-kopija\/","title":{"rendered":"Ukrasna jedrilica PD 38&#215;34,5&#215;2,5cm (Kopija) (Kopija)"},"content":{"rendered":"<p><span class=\"prvimanjsinaslovopis\"> Ukrasna jedrilica &#8211; Jedinstvena drvena zidna dekoracija<\/span><\/p>\n<p>&nbsp;<\/p>\n<h2><span class=\"odebeljenopis\"><strong><br \/>\nOtkrijte \u010dari mora s na\u0161om ukrasnom jedrilicom koja unosi svje\u017einu i eleganciju u svaku prostoriju. Izra\u0111en od naplavljenog drveta i recikliranog drva, ovaj jedinstveni zidni ukras ne samo da o\u010darava svojim izgledom, ve\u0107 i pri\u010da pri\u010du o ljubavi prema prirodi i rukotvorinama.<\/strong><\/span><\/h2>\n<p>&nbsp;<\/p>\n<div class=\"row\">\n<div class=\"col-sm-6 \" style=\"margin-top: 30px;\"><center><img decoding=\"async\" class=\"lazyload img-responsive\" style=\"margin: 0px auto; max-width: 100%;\" src=\"data:image\/svg+xml,%3Csvg%20xmlns%3D%27http%3A%2F%2Fwww.w3.org%2F2000%2Fsvg%27%20width%3D%272501%27%20height%3D%272501%27%20viewBox%3D%270%200%202501%202501%27%3E%3Crect%20width%3D%272501%27%20height%3D%272501%27%20fill-opacity%3D%220%22%2F%3E%3C%2Fsvg%3E\" data-orig-src=\"https:\/\/pavidecor.si\/wp-content\/uploads\/2025\/02\/1IMG_8771a.jpg\" \/><\/center><\/div>\n<div class=\"col-sm-6\" style=\"margin-top: 40px;\">\n<h3>Jedinstvena ru\u010dna izrada<\/h3>\n<p>Na\u0161a ukrasna jedrilica rezultat je strasti i predanosti koju ula\u017eemo u svaki proizvod. U trgovini PAVI DECOR iz Ljubljane fokusiramo se na <strong>ru\u010dnu izradu<\/strong> i kori\u0161tenje prirodnih materijala, \u0161to osigurava da je svaki komad jedinstven. Jedrilica je izra\u0111ena od naplavljenog drveta i recikliranog drva, \u0161to zna\u010di da nije samo estetski privla\u010dna, ve\u0107 i ekolo\u0161ki prihvatljiva. Na\u0161 tim obrtnika koristi tradicionalne tehnike spajanja drvenih dijelova, \u0161to proizvodu daje autenti\u010dan izgled koji cijene ljubitelji unikatnih komada.<\/p>\n<p>Svaka jedrilica pa\u017eljivo je bru\u0161ena kako bi se postigao glatki i ugodan osje\u0107aj na dodir. Na stra\u017enjoj strani trupa osvijetljen je natpis &#8220;unique&#8221;, \u0161to dodatno nagla\u0161ava njegovu jedinstvenost. Odabirom na\u0161e jedrilice ne samo da dobivate prekrasan dekor, ve\u0107 i komad koji nosi pri\u010du i tradiciju.<\/p>\n<p>&nbsp;<\/p>\n<\/div>\n<\/div>\n<div class=\"row\">\n<div class=\"col-sm-6 col-sm-push-6\" style=\"margin-top: 30px;\"><center><a href=\"https:\/\/pavidecor.si\/wp-content\/uploads\/2024\/10\/1IMG_8784a-600x600.jpg\"><img decoding=\"async\" class=\"lazyload img-responsive\" style=\"margin: 0px auto; max-width: 100%;\" src=\"data:image\/svg+xml,%3Csvg%20xmlns%3D%27http%3A%2F%2Fwww.w3.org%2F2000%2Fsvg%27%20width%3D%272560%27%20height%3D%272560%27%20viewBox%3D%270%200%202560%202560%27%3E%3Crect%20width%3D%272560%27%20height%3D%272560%27%20fill-opacity%3D%220%22%2F%3E%3C%2Fsvg%3E\" data-orig-src=\"https:\/\/pavidecor.si\/wp-content\/uploads\/2025\/02\/4IMG_8768-scaled.jpg\" \/><\/a><\/center><\/div>\n<div class=\"col-sm-6 col-sm-pull-6\" style=\"margin-top: 40px;\">\n<h3>Nauti\u010dki dekor za svaki dom<\/h3>\n<p>Ukrasna jedrilica idealan je izbor za sve koji \u017eele unijeti duh mora u svoj dom. Njegov uski oblik i kombinacija boja, koja uklju\u010duje obojenu pamu\u010dnu tkaninu za jedra, donosi osje\u0107aj svje\u017eine i lako\u0107e. Ovaj proizvod savr\u0161en je dodatak za dnevne sobe, dje\u010dje sobe ili \u010dak urede, gdje vas mo\u017ee podsjetiti na opu\u0161taju\u0107e trenutke uz more.<\/p>\n<p>S na\u0161om jedrilicom mo\u017eete stvoriti ugodnu atmosferu koja \u0107e vas podsjetiti na sun\u010dane dane, vjetar u kosi i bezbri\u017ean odmor. Na va\u0161 zahtjev nudimo i mogu\u0107nost ponovnog tiskanja va\u0161eg imena ili registracije, \u0161to vam omogu\u0107uje personalizaciju i dodavanje posebnog dodira va\u0161em dekoru. Svaka jedrilica je jedinstvena, \u0161to zna\u010di da \u0107ete u svom domu imati ne\u0161to zaista posebno.<\/p>\n<p>&nbsp;<\/p>\n<\/div>\n<\/div>\n<div class=\"row\">\n<div class=\"col-sm-6\" style=\"margin-top: 30px;\"><center><img decoding=\"async\" class=\"lazyload img-responsive\" style=\"margin: 0px auto; max-width: 100%;\" src=\"data:image\/svg+xml,%3Csvg%20xmlns%3D%27http%3A%2F%2Fwww.w3.org%2F2000%2Fsvg%27%20width%3D%272336%27%20height%3D%272336%27%20viewBox%3D%270%200%202336%202336%27%3E%3Crect%20width%3D%272336%27%20height%3D%272336%27%20fill-opacity%3D%220%22%2F%3E%3C%2Fsvg%3E\" data-orig-src=\"https:\/\/pavidecor.si\/wp-content\/uploads\/2025\/02\/7IMG_8772.jpg\" \/><\/center><\/div>\n<div class=\"col-sm-6\" style=\"margin-top: 40px;\">\n<p>&nbsp;<\/p>\n<h3>Ekolo\u0161ki i odr\u017eiv izbor<\/h3>\n<p>U PAVI DECOR-u vjerujemo u odr\u017eivi dizajn i kori\u0161tenje prirodnih materijala. Na\u0161a ukrasna jedrilica izra\u0111ena je od recikliranog drva, \u0161to zna\u010di da odabirom na\u0161eg proizvoda doprinosite za\u0161titi okoli\u0161a. Podr\u017eavanjem lokalnih obrta poma\u017eete u o\u010duvanju tradicije ru\u010dne izrade i promicanju odr\u017eivog gospodarstva.<\/p>\n<p>Na\u0161a jedrilica nije samo ukras, ve\u0107 i simbol ljubavi prema prirodi i po\u0161tovanja prema materijalima koje koristimo. Kupnjom na\u0161e jedrilice ne samo da oboga\u0107ujete svoj dom, ve\u0107 i podr\u017eavate lokalne umjetnike i obrtnike koji su strastveni u stvaranju jedinstvenih proizvoda. Pridru\u017eite nam se i otkrijte ljepotu koju priroda unosi u va\u0161 dom.<\/p>\n<p>&nbsp;<\/p>\n<\/div>\n<\/div>\n<blockquote><p>Ukrasna jedrilica je zidni ukras izra\u0111en od naplavljenog drveta i recikliranog drva. Jedra su izra\u0111ena od obojene mre\u017easte pamu\u010dne tkanine. Tako\u0111er ima zastavicu i uzicu postavljenu na vrhu jarbola. Trup i jarbol lagano su bru\u0161eni za glatkiji izgled. Trup jedrilice tako\u0111er ima natpis &#8220;unique&#8221; na stra\u017enjoj strani. Uska dekorativna jedrilica prekrasan je nauti\u010dki dekor koji uvijek budi uspomene na more, sunce, vjetar i praznike. Na va\u0161 zahtjev mogu\u0107e je ispisati va\u0161e ime, registraciju itd. Svaka na\u0161a jedrilica je ru\u010dno izra\u0111ena i oslikana, ukratko, unikatna. Tako\u0111er mo\u017eete vidjeti neke jedrilice u sklopu na\u0161eg <a href=\"https:\/\/pavidecor.si\/hr\/projects\/bar-na-plazi\/\"><strong><span style=\"color: #3366ff;\">beach bara<\/span><\/strong><\/a>.<\/p><\/blockquote>\n<p>&nbsp;<\/p>\n","protected":false},"excerpt":{"rendered":"<p><strong><span style=\"color: #c4963c;\">\u2192 Ru\u010dno izra\u0111ena<\/span><\/strong><strong><span style=\"color: #c4963c;\"><br \/>\n<\/span><span style=\"color: #c4963c;\">\u2192 Jedinstvena<\/span><\/strong><\/p>\n","protected":false},"featured_media":24246,"comment_status":"open","ping_status":"closed","template":"","meta":[],"product_brand":[],"product_cat":[278],"product_tag":[],"class_list":{"0":"post-24254","1":"product","2":"type-product","3":"status-publish","4":"has-post-thumbnail","6":"product_cat-ostali-pokloni","8":"first","9":"onbackorder","10":"taxable","11":"shipping-taxable","12":"product-type-simple"},"yoast_head":"<!-- This site is optimized with the Yoast SEO plugin v27.2 - https:\/\/yoast.com\/product\/yoast-seo-wordpress\/ -->\n<title>Ukrasna jedrilica PAVI DECOR - Jedinstvena zidna dekoracija<\/title>\n<meta name=\"description\" content=\"Ukrasna jedrilica prekrasan je nauti\u010dki dekor izra\u0111en od naplavljenog drveta i recikliranog drva. Ima obojena pamu\u010dna jedra, konop i zastavu na jarbolu.\" \/>\n<meta name=\"robots\" content=\"index, follow, max-snippet:-1, max-image-preview:large, max-video-preview:-1\" \/>\n<link rel=\"canonical\" href=\"https:\/\/pavidecor.si\/hr\/proizvod\/ukrasna-jedrilica-pd-38x345x25cm-kopija-kopija\/\" \/>\n<meta property=\"og:locale\" content=\"hr_HR\" \/>\n<meta property=\"og:type\" content=\"article\" \/>\n<meta property=\"og:title\" content=\"Ukrasna jedrilica PAVI DECOR - Jedinstvena zidna dekoracija\" \/>\n<meta property=\"og:description\" content=\"Ukrasna jedrilica prekrasan je nauti\u010dki dekor izra\u0111en od naplavljenog drveta i recikliranog drva. Ima obojena pamu\u010dna jedra, konop i zastavu na jarbolu.\" \/>\n<meta property=\"og:url\" content=\"https:\/\/pavidecor.si\/hr\/proizvod\/ukrasna-jedrilica-pd-38x345x25cm-kopija-kopija\/\" \/>\n<meta property=\"og:site_name\" content=\"Pavi Decor\" \/>\n<meta property=\"article:modified_time\" content=\"2026-04-20T20:09:56+00:00\" \/>\n<meta property=\"og:image\" content=\"https:\/\/pavidecor.si\/wp-content\/uploads\/2025\/03\/1IMG_8878.jpg\" \/>\n\t<meta property=\"og:image:width\" content=\"2464\" \/>\n\t<meta property=\"og:image:height\" content=\"2464\" \/>\n\t<meta property=\"og:image:type\" content=\"image\/jpeg\" \/>\n<meta name=\"twitter:card\" content=\"summary_large_image\" \/>\n<meta name=\"twitter:label1\" content=\"Procijenjeno vrijeme \u010ditanja\" \/>\n\t<meta name=\"twitter:data1\" content=\"3 minute\" \/>\n<script type=\"application\/ld+json\" class=\"yoast-schema-graph\">{\"@context\":\"https:\/\/schema.org\",\"@graph\":[{\"@type\":\"WebPage\",\"@id\":\"https:\/\/pavidecor.si\/hr\/proizvod\/ukrasna-jedrilica-pd-38x345x25cm-kopija-kopija\/\",\"url\":\"https:\/\/pavidecor.si\/hr\/proizvod\/ukrasna-jedrilica-pd-38x345x25cm-kopija-kopija\/\",\"name\":\"Ukrasna jedrilica PAVI DECOR - Jedinstvena zidna dekoracija\",\"isPartOf\":{\"@id\":\"https:\/\/pavidecor.si\/hr\/#website\"},\"primaryImageOfPage\":{\"@id\":\"https:\/\/pavidecor.si\/hr\/proizvod\/ukrasna-jedrilica-pd-38x345x25cm-kopija-kopija\/#primaryimage\"},\"image\":{\"@id\":\"https:\/\/pavidecor.si\/hr\/proizvod\/ukrasna-jedrilica-pd-38x345x25cm-kopija-kopija\/#primaryimage\"},\"thumbnailUrl\":\"https:\/\/pavidecor.si\/wp-content\/uploads\/2025\/03\/1IMG_8878.jpg\",\"datePublished\":\"2025-03-04T09:59:36+00:00\",\"dateModified\":\"2026-04-20T20:09:56+00:00\",\"description\":\"Ukrasna jedrilica prekrasan je nauti\u010dki dekor izra\u0111en od naplavljenog drveta i recikliranog drva. Ima obojena pamu\u010dna jedra, konop i zastavu na jarbolu.\",\"breadcrumb\":{\"@id\":\"https:\/\/pavidecor.si\/hr\/proizvod\/ukrasna-jedrilica-pd-38x345x25cm-kopija-kopija\/#breadcrumb\"},\"inLanguage\":\"hr\",\"potentialAction\":[{\"@type\":\"ReadAction\",\"target\":[\"https:\/\/pavidecor.si\/hr\/proizvod\/ukrasna-jedrilica-pd-38x345x25cm-kopija-kopija\/\"]}]},{\"@type\":\"ImageObject\",\"inLanguage\":\"hr\",\"@id\":\"https:\/\/pavidecor.si\/hr\/proizvod\/ukrasna-jedrilica-pd-38x345x25cm-kopija-kopija\/#primaryimage\",\"url\":\"https:\/\/pavidecor.si\/wp-content\/uploads\/2025\/03\/1IMG_8878.jpg\",\"contentUrl\":\"https:\/\/pavidecor.si\/wp-content\/uploads\/2025\/03\/1IMG_8878.jpg\",\"width\":2464,\"height\":2464,\"caption\":\"PAVI DECOR\"},{\"@type\":\"BreadcrumbList\",\"@id\":\"https:\/\/pavidecor.si\/hr\/proizvod\/ukrasna-jedrilica-pd-38x345x25cm-kopija-kopija\/#breadcrumb\",\"itemListElement\":[{\"@type\":\"ListItem\",\"position\":1,\"name\":\"Domov\",\"item\":\"https:\/\/pavidecor.si\/hr\/\"},{\"@type\":\"ListItem\",\"position\":2,\"name\":\"Internetska trgovina\",\"item\":\"https:\/\/pavidecor.si\/hr\/internetska-trgovina\/\"},{\"@type\":\"ListItem\",\"position\":3,\"name\":\"Ukrasna jedrilica PD 38&#215;34,5&#215;2,5cm (Kopija) (Kopija)\"}]},{\"@type\":\"WebSite\",\"@id\":\"https:\/\/pavidecor.si\/hr\/#website\",\"url\":\"https:\/\/pavidecor.si\/hr\/\",\"name\":\"Pavi Decor\",\"description\":\"Leseni unikati ustvarjeni iz ljubezni do lesa in narave.\",\"potentialAction\":[{\"@type\":\"SearchAction\",\"target\":{\"@type\":\"EntryPoint\",\"urlTemplate\":\"https:\/\/pavidecor.si\/hr\/?s={search_term_string}\"},\"query-input\":{\"@type\":\"PropertyValueSpecification\",\"valueRequired\":true,\"valueName\":\"search_term_string\"}}],\"inLanguage\":\"hr\"}]}<\/script>\n<!-- \/ Yoast SEO plugin. -->","yoast_head_json":{"title":"Ukrasna jedrilica PAVI DECOR - Jedinstvena zidna dekoracija","description":"Ukrasna jedrilica prekrasan je nauti\u010dki dekor izra\u0111en od naplavljenog drveta i recikliranog drva. Ima obojena pamu\u010dna jedra, konop i zastavu na jarbolu.","robots":{"index":"index","follow":"follow","max-snippet":"max-snippet:-1","max-image-preview":"max-image-preview:large","max-video-preview":"max-video-preview:-1"},"canonical":"https:\/\/pavidecor.si\/hr\/proizvod\/ukrasna-jedrilica-pd-38x345x25cm-kopija-kopija\/","og_locale":"hr_HR","og_type":"article","og_title":"Ukrasna jedrilica PAVI DECOR - Jedinstvena zidna dekoracija","og_description":"Ukrasna jedrilica prekrasan je nauti\u010dki dekor izra\u0111en od naplavljenog drveta i recikliranog drva. Ima obojena pamu\u010dna jedra, konop i zastavu na jarbolu.","og_url":"https:\/\/pavidecor.si\/hr\/proizvod\/ukrasna-jedrilica-pd-38x345x25cm-kopija-kopija\/","og_site_name":"Pavi Decor","article_modified_time":"2026-04-20T20:09:56+00:00","og_image":[{"width":2464,"height":2464,"url":"https:\/\/pavidecor.si\/wp-content\/uploads\/2025\/03\/1IMG_8878.jpg","type":"image\/jpeg"}],"twitter_card":"summary_large_image","twitter_misc":{"Procijenjeno vrijeme \u010ditanja":"3 minute"},"schema":{"@context":"https:\/\/schema.org","@graph":[{"@type":"WebPage","@id":"https:\/\/pavidecor.si\/hr\/proizvod\/ukrasna-jedrilica-pd-38x345x25cm-kopija-kopija\/","url":"https:\/\/pavidecor.si\/hr\/proizvod\/ukrasna-jedrilica-pd-38x345x25cm-kopija-kopija\/","name":"Ukrasna jedrilica PAVI DECOR - Jedinstvena zidna dekoracija","isPartOf":{"@id":"https:\/\/pavidecor.si\/hr\/#website"},"primaryImageOfPage":{"@id":"https:\/\/pavidecor.si\/hr\/proizvod\/ukrasna-jedrilica-pd-38x345x25cm-kopija-kopija\/#primaryimage"},"image":{"@id":"https:\/\/pavidecor.si\/hr\/proizvod\/ukrasna-jedrilica-pd-38x345x25cm-kopija-kopija\/#primaryimage"},"thumbnailUrl":"https:\/\/pavidecor.si\/wp-content\/uploads\/2025\/03\/1IMG_8878.jpg","datePublished":"2025-03-04T09:59:36+00:00","dateModified":"2026-04-20T20:09:56+00:00","description":"Ukrasna jedrilica prekrasan je nauti\u010dki dekor izra\u0111en od naplavljenog drveta i recikliranog drva. Ima obojena pamu\u010dna jedra, konop i zastavu na jarbolu.","breadcrumb":{"@id":"https:\/\/pavidecor.si\/hr\/proizvod\/ukrasna-jedrilica-pd-38x345x25cm-kopija-kopija\/#breadcrumb"},"inLanguage":"hr","potentialAction":[{"@type":"ReadAction","target":["https:\/\/pavidecor.si\/hr\/proizvod\/ukrasna-jedrilica-pd-38x345x25cm-kopija-kopija\/"]}]},{"@type":"ImageObject","inLanguage":"hr","@id":"https:\/\/pavidecor.si\/hr\/proizvod\/ukrasna-jedrilica-pd-38x345x25cm-kopija-kopija\/#primaryimage","url":"https:\/\/pavidecor.si\/wp-content\/uploads\/2025\/03\/1IMG_8878.jpg","contentUrl":"https:\/\/pavidecor.si\/wp-content\/uploads\/2025\/03\/1IMG_8878.jpg","width":2464,"height":2464,"caption":"PAVI DECOR"},{"@type":"BreadcrumbList","@id":"https:\/\/pavidecor.si\/hr\/proizvod\/ukrasna-jedrilica-pd-38x345x25cm-kopija-kopija\/#breadcrumb","itemListElement":[{"@type":"ListItem","position":1,"name":"Domov","item":"https:\/\/pavidecor.si\/hr\/"},{"@type":"ListItem","position":2,"name":"Internetska trgovina","item":"https:\/\/pavidecor.si\/hr\/internetska-trgovina\/"},{"@type":"ListItem","position":3,"name":"Ukrasna jedrilica PD 38&#215;34,5&#215;2,5cm (Kopija) (Kopija)"}]},{"@type":"WebSite","@id":"https:\/\/pavidecor.si\/hr\/#website","url":"https:\/\/pavidecor.si\/hr\/","name":"Pavi Decor","description":"Leseni unikati ustvarjeni iz ljubezni do lesa in narave.","potentialAction":[{"@type":"SearchAction","target":{"@type":"EntryPoint","urlTemplate":"https:\/\/pavidecor.si\/hr\/?s={search_term_string}"},"query-input":{"@type":"PropertyValueSpecification","valueRequired":true,"valueName":"search_term_string"}}],"inLanguage":"hr"}]}},"_links":{"self":[{"href":"https:\/\/pavidecor.si\/hr\/wp-json\/wp\/v2\/product\/24254","targetHints":{"allow":["GET"]}}],"collection":[{"href":"https:\/\/pavidecor.si\/hr\/wp-json\/wp\/v2\/product"}],"about":[{"href":"https:\/\/pavidecor.si\/hr\/wp-json\/wp\/v2\/types\/product"}],"replies":[{"embeddable":true,"href":"https:\/\/pavidecor.si\/hr\/wp-json\/wp\/v2\/comments?post=24254"}],"wp:featuredmedia":[{"embeddable":true,"href":"https:\/\/pavidecor.si\/hr\/wp-json\/wp\/v2\/media\/24246"}],"wp:attachment":[{"href":"https:\/\/pavidecor.si\/hr\/wp-json\/wp\/v2\/media?parent=24254"}],"wp:term":[{"taxonomy":"product_brand","embeddable":true,"href":"https:\/\/pavidecor.si\/hr\/wp-json\/wp\/v2\/product_brand?post=24254"},{"taxonomy":"product_cat","embeddable":true,"href":"https:\/\/pavidecor.si\/hr\/wp-json\/wp\/v2\/product_cat?post=24254"},{"taxonomy":"product_tag","embeddable":true,"href":"https:\/\/pavidecor.si\/hr\/wp-json\/wp\/v2\/product_tag?post=24254"}],"curies":[{"name":"wp","href":"https:\/\/api.w.org\/{rel}","templated":true}]}}