	{"id":23589,"date":"2025-01-16T10:16:36","date_gmt":"2025-01-16T10:16:36","guid":{"rendered":"https:\/\/pavidecor.si\/?post_type=product&#038;p=23589"},"modified":"2026-04-24T19:09:56","modified_gmt":"2026-04-24T19:09:56","slug":"baldahin-za-masazu-na-plazi-wellness-spa-kabana-sa-zavjesama","status":"publish","type":"product","link":"https:\/\/pavidecor.si\/hr\/proizvod\/baldahin-za-masazu-na-plazi-wellness-spa-kabana-sa-zavjesama\/","title":{"rendered":"Baldahin za masa\u017eu na pla\u017ei, wellness spa kabana sa zavjesama 300x200x200cm"},"content":{"rendered":"<p>Baldahin za masa\u017eu na pla\u017ei &#8211; Presti\u017ena wellness spa kabana sa zavjesama &#8211; Dimenzije 300x200x200cm<\/p>\n<p>&nbsp;<\/p>\n<h2><span class=\"odebeljenopis\"><strong>Otkrijte savr\u0161en komad vanjskog namje\u0161taja koji kombinira funkcionalnost, udobnost i estetiku. Baldahin za masa\u017eu PAVI DECOR namijenjen je svima koji nude kvalitetno opu\u0161tanje ili masa\u017eu na pla\u017ei ili na terasi. Izra\u0111en od prirodnih materijala i s ljubavlju prema drvu, neizostavan je dodatak svakom hotelu.<br \/>\n<\/strong><\/span><\/h2>\n<p>&nbsp;<\/p>\n<div class=\"row\">\n<div class=\"col-sm-6 \" style=\"margin-top: 30px;\"><center><img decoding=\"async\" class=\"lazyload img-responsive\" style=\"margin: 0px auto; max-width: 100%;\" src=\"data:image\/svg+xml,%3Csvg%20xmlns%3D%27http%3A%2F%2Fwww.w3.org%2F2000%2Fsvg%27%20width%3D%271288%27%20height%3D%271288%27%20viewBox%3D%270%200%201288%201288%27%3E%3Crect%20width%3D%271288%27%20height%3D%271288%27%20fill-opacity%3D%220%22%2F%3E%3C%2Fsvg%3E\" data-orig-src=\"https:\/\/pavidecor.si\/wp-content\/uploads\/2025\/01\/Kabana-masaza-1.jpg\" \/><\/center><\/div>\n<div class=\"col-sm-6\" style=\"margin-top: 40px;\">\n<p>&nbsp;<\/p>\n<h3>Kabana koja o\u010darava prirodnim materijalima<\/h3>\n<p>Okvir za baldahin za masa\u017eu PAVI DECOR izra\u0111en je od visokokvalitetnog borovog drva ili, po \u017eelji, egzoti\u010dnog drva. Prirodni<strong> materijali pru\u017eaju trajnost i otpornost<\/strong> na vanjske utjecaje, dodaju\u0107i da\u0161ak prirodne elegancije. Ru\u010dna izrada i detalji spajanja drvenih dijelova, koji slijede tradicionalne tehnike, osiguravaju autenti\u010dnost i bezvremensku ljepotu.<\/p>\n<p>&nbsp;<\/p>\n<p>Presti\u017ena wellness kabana ima bo\u010dna oja\u010danja za jo\u0161 ve\u0107u stabilnost nosive konstrukcije. Na vrhu se nalazi pamu\u010dna zavjesa koja osigurava prozra\u010dnost i zasjenjenje, dok bo\u010dne pamu\u010dne zavjese pru\u017eaju potrebnu privatnost. Kabana se mo\u017ee <strong>dodatno ukrasiti slamom<\/strong> za egzoti\u010dniji izgled. Kabina za masa\u017eu je atraktivan komad <strong><a href=\"https:\/\/pavidecor.si\/hr\/kategorije\/oprema-za-plazu-i-vrt\/vrtni-namjestaj\/\"><span style=\"color: #3366ff;\">vrtnog namje\u0161taja<\/span><\/a><\/strong> koji ne samo da slu\u017ei funkcionalno, ve\u0107 i oboga\u0107uje estetski izgled va\u0161e pla\u017ee.<\/p>\n<p>&nbsp;<\/p>\n<\/div>\n<\/div>\n<div class=\"row\">\n<div class=\"col-sm-6 col-sm-push-6\" style=\"margin-top: 30px;\"><center><img decoding=\"async\" class=\"lazyload img-responsive\" style=\"margin: 0px auto; max-width: 100%;\" src=\"data:image\/svg+xml,%3Csvg%20xmlns%3D%27http%3A%2F%2Fwww.w3.org%2F2000%2Fsvg%27%20width%3D%271366%27%20height%3D%271366%27%20viewBox%3D%270%200%201366%201366%27%3E%3Crect%20width%3D%271366%27%20height%3D%271366%27%20fill-opacity%3D%220%22%2F%3E%3C%2Fsvg%3E\" data-orig-src=\"https:\/\/pavidecor.si\/wp-content\/uploads\/2025\/01\/Kabana-masaza-6.jpg\" \/><\/center><\/div>\n<div class=\"col-sm-6 col-sm-pull-6\" style=\"margin-top: 40px;\">\n<p>&nbsp;<\/p>\n<h3>Jednostavna instalacija i fleksibilnost<\/h3>\n<p>Cijelu konstrukciju mogu sastaviti bez alata samo dvije osobe za 10 minuta, jer je monta\u017ea brza i jednostavna. Tako\u0111er, zavjese se mogu staviti bez kompliciranih postupaka u nekoliko minuta. Ova <strong>iznimna fleksibilnost<\/strong> omogu\u0107uje brzo rastavljanje nadstre\u0161nice i skladi\u0161tenje nakon sezone ili premje\u0161tanje tijekom sezone. Rastavljena kabana u skladi\u0161tu zauzima malo prostora (300x90x20cm).<\/p>\n<p>&nbsp;<\/p>\n<p>Nadstre\u0161nica za masa\u017eu nudi dovoljno prostora za postavljanje velikog stola za masa\u017eu, koji je prikazan na slikama samo u svrhu demonstracije. Zbog svoje du\u017eine od 300 cm ima dovoljno dodatnog prostora za postavljanje stola, stolice, ogledala itd. Mo\u017eete birati izme\u0111u razli\u010ditih boja perivih zavjesa koje se lako odr\u017eavaju. Na taj na\u010din <strong>mo\u017eete u potpunosti prilagoditi<\/strong> elegantnu kabanu za masa\u017eu svom osobnom stilu i preferencijama.<\/p>\n<\/div>\n<\/div>\n<div class=\"row\">\n<div class=\"col-sm-6\" style=\"margin-top: 30px;\"><center><img decoding=\"async\" class=\"lazyload img-responsive\" style=\"margin: 0px auto; max-width: 100%;\" src=\"data:image\/svg+xml,%3Csvg%20xmlns%3D%27http%3A%2F%2Fwww.w3.org%2F2000%2Fsvg%27%20width%3D%271710%27%20height%3D%271710%27%20viewBox%3D%270%200%201710%201710%27%3E%3Crect%20width%3D%271710%27%20height%3D%271710%27%20fill-opacity%3D%220%22%2F%3E%3C%2Fsvg%3E\" data-orig-src=\"https:\/\/pavidecor.si\/wp-content\/uploads\/2025\/01\/Kabana-masaza-7.jpg\" \/><\/center><\/div>\n<div class=\"col-sm-6\" style=\"margin-top: 40px;\">\n<p>&nbsp;<\/p>\n<h3>Privatna oaza za potpuno opu\u0161tanje<\/h3>\n<p>Baldahin za masa\u017eu iz salona PAVI DECOR kombinira udobnost, funkcionalnost i estetiku. S dimenzijama 300x200x200cm, spa kabana dovoljno je prostrana, ali u isto vrijeme njezina <strong>stabilna konstrukcija<\/strong> osigurava sigurnu upotrebu na bilo kojoj povr\u0161ini. U kombinaciji s dodacima kao \u0161to su tepisi, stoli\u0107i i ogledala, kabana stvara pravu privatnu oazu.<\/p>\n<p>&nbsp;<\/p>\n<p>Njezina bezvremenska elegancija i visoka kvaliteta izrade osiguravaju da <strong>se lijepo uklopi u svako okru\u017eenje<\/strong> \u2013 uz bazen, na pla\u017eu, terasu ili vrt. Uz dodatne mogu\u0107nosti prilagodbe (boje tekstila, vrsta drva), svoj vanjski prostor pretvorit \u0107ete u kutak u kojem \u0107ete uvijek iznova prona\u0107i opu\u0161tanje.<\/p>\n<\/div>\n<\/div>\n<p>&nbsp;<\/p>\n<h4><strong>Glavne prednosti na\u0161e kabane za masa\u017eu su:<\/strong><\/h4>\n<ul>\n<li>\n<h4><strong>Jednostavna monta\u017ea i demonta\u017ea bez alata,<\/strong><\/h4>\n<\/li>\n<li>\n<h4><strong>Dvije osobe mo\u017ee ju postaviti za 10 minuta,<\/strong><\/h4>\n<\/li>\n<li>\n<h4><strong>Bez vijaka ili matica,<\/strong><\/h4>\n<\/li>\n<li>\n<h4><strong>Postavljanje zavjesa za nekoliko minuta bez alata,<\/strong><\/h4>\n<\/li>\n<li>\n<h4><strong>Strop je podignut radi odgovaraju\u0107e ventilacije,<\/strong><\/h4>\n<\/li>\n<li>\n<h4><strong>Boja zavjesa po \u017eelji,<\/strong><\/h4>\n<\/li>\n<li>\n<h4><strong>Zavjese koje se lako peru,<\/strong><\/h4>\n<\/li>\n<li>\n<h4><strong>Dimenzije objekta Dx\u0160xV=300x200x200cm, te\u017eina cca 100-150kg ovisno o vrsti drva,<\/strong><\/h4>\n<\/li>\n<li>\n<h4><strong>Materijal borovo ili egzoti\u010dno drvo, prirodna boja ili opcionalno,<\/strong><\/h4>\n<\/li>\n<li>\n<h4><strong>U skladi\u0161tu zauzima malo prostora &#8211; 300x90x20cm.<\/strong><\/h4>\n<\/li>\n<\/ul>\n","protected":false},"excerpt":{"rendered":"<p><strong><span style=\"color: #c4963c;\">\u2192 Jednostavna monta\u017ea i demonta\u017ea bez alata<\/span><\/strong><br \/>\n<strong><span style=\"color: #c4963c;\">\u2192 Sastavljaju\/rastavljaju dvije osobe za 10 minuta<\/span><\/strong><br \/>\n<strong><span style=\"color: #c4963c;\">\u2192 Zauzima minimalno prostora u skladi\u0161tu<\/span><\/strong><br \/>\n<strong><span style=\"color: #c4963c;\">\u2192 Rezervni dijelovi uvijek na zalihi<\/span><\/strong><br \/>\n<strong><span style=\"color: #c4963c;\">\u2192 Lako se \u010disti i odr\u017eava<\/span><\/strong><br \/>\n<strong><span style=\"color: #c4963c;\">\u2192 Podignut strop radi dobre ventilacije<\/span><\/strong><br \/>\n<strong><span style=\"color: #c4963c;\">\u2192 Boja zavjesa po \u017eelji<\/span><\/strong><br \/>\n<strong><span style=\"color: #c4963c;\">\u2192 Borovo drvo ili egzotika po izboru<\/span><\/strong><\/p>\n","protected":false},"featured_media":23592,"comment_status":"open","ping_status":"closed","template":"","meta":[],"product_brand":[],"product_cat":[261],"product_tag":[218,442],"class_list":{"0":"post-23589","1":"product","2":"type-product","3":"status-publish","4":"has-post-thumbnail","6":"product_cat-vrtni-namjestaj","7":"product_tag-nov","8":"product_tag-po-narudzbi-cijena","10":"first","11":"instock","12":"taxable","13":"shipping-taxable","14":"purchasable","15":"product-type-simple"},"yoast_head":"<!-- This site is optimized with the Yoast SEO plugin v27.2 - https:\/\/yoast.com\/product\/yoast-seo-wordpress\/ -->\n<title>Baldahin za masa\u017eu na pla\u017ei - Wellness spa kabana sa zavjesama<\/title>\n<meta name=\"description\" content=\"Baldahin za masa\u017eu ima konstrukciju od izdr\u017eljivog drva, krov omogu\u0107uje prozra\u010divanje i zasjenjivanje. Jednostavna monta\u017ea i odr\u017eavanje, zavjese po \u017eelji.\" \/>\n<meta name=\"robots\" content=\"index, follow, max-snippet:-1, max-image-preview:large, max-video-preview:-1\" \/>\n<link rel=\"canonical\" href=\"https:\/\/pavidecor.si\/hr\/proizvod\/baldahin-za-masazu-na-plazi-wellness-spa-kabana-sa-zavjesama\/\" \/>\n<meta property=\"og:locale\" content=\"hr_HR\" \/>\n<meta property=\"og:type\" content=\"article\" \/>\n<meta property=\"og:title\" content=\"Baldahin za masa\u017eu na pla\u017ei - Wellness spa kabana sa zavjesama\" \/>\n<meta property=\"og:description\" content=\"Baldahin za masa\u017eu ima konstrukciju od izdr\u017eljivog drva, krov omogu\u0107uje prozra\u010divanje i zasjenjivanje. Jednostavna monta\u017ea i odr\u017eavanje, zavjese po \u017eelji.\" \/>\n<meta property=\"og:url\" content=\"https:\/\/pavidecor.si\/hr\/proizvod\/baldahin-za-masazu-na-plazi-wellness-spa-kabana-sa-zavjesama\/\" \/>\n<meta property=\"og:site_name\" content=\"Pavi Decor\" \/>\n<meta property=\"article:modified_time\" content=\"2026-04-24T19:09:56+00:00\" \/>\n<meta property=\"og:image\" content=\"https:\/\/pavidecor.si\/wp-content\/uploads\/2025\/01\/Kabana-masaza-1.jpg\" \/>\n\t<meta property=\"og:image:width\" content=\"1288\" \/>\n\t<meta property=\"og:image:height\" content=\"1288\" \/>\n\t<meta property=\"og:image:type\" content=\"image\/jpeg\" \/>\n<meta name=\"twitter:card\" content=\"summary_large_image\" \/>\n<meta name=\"twitter:label1\" content=\"Procijenjeno vrijeme \u010ditanja\" \/>\n\t<meta name=\"twitter:data1\" content=\"4 minute\" \/>\n<script type=\"application\/ld+json\" class=\"yoast-schema-graph\">{\"@context\":\"https:\/\/schema.org\",\"@graph\":[{\"@type\":\"WebPage\",\"@id\":\"https:\/\/pavidecor.si\/hr\/proizvod\/baldahin-za-masazu-na-plazi-wellness-spa-kabana-sa-zavjesama\/\",\"url\":\"https:\/\/pavidecor.si\/hr\/proizvod\/baldahin-za-masazu-na-plazi-wellness-spa-kabana-sa-zavjesama\/\",\"name\":\"Baldahin za masa\u017eu na pla\u017ei - Wellness spa kabana sa zavjesama\",\"isPartOf\":{\"@id\":\"https:\/\/pavidecor.si\/hr\/#website\"},\"primaryImageOfPage\":{\"@id\":\"https:\/\/pavidecor.si\/hr\/proizvod\/baldahin-za-masazu-na-plazi-wellness-spa-kabana-sa-zavjesama\/#primaryimage\"},\"image\":{\"@id\":\"https:\/\/pavidecor.si\/hr\/proizvod\/baldahin-za-masazu-na-plazi-wellness-spa-kabana-sa-zavjesama\/#primaryimage\"},\"thumbnailUrl\":\"https:\/\/pavidecor.si\/wp-content\/uploads\/2025\/01\/Kabana-masaza-1.jpg\",\"datePublished\":\"2025-01-16T10:16:36+00:00\",\"dateModified\":\"2026-04-24T19:09:56+00:00\",\"description\":\"Baldahin za masa\u017eu ima konstrukciju od izdr\u017eljivog drva, krov omogu\u0107uje prozra\u010divanje i zasjenjivanje. Jednostavna monta\u017ea i odr\u017eavanje, zavjese po \u017eelji.\",\"breadcrumb\":{\"@id\":\"https:\/\/pavidecor.si\/hr\/proizvod\/baldahin-za-masazu-na-plazi-wellness-spa-kabana-sa-zavjesama\/#breadcrumb\"},\"inLanguage\":\"hr\",\"potentialAction\":[{\"@type\":\"ReadAction\",\"target\":[\"https:\/\/pavidecor.si\/hr\/proizvod\/baldahin-za-masazu-na-plazi-wellness-spa-kabana-sa-zavjesama\/\"]}]},{\"@type\":\"ImageObject\",\"inLanguage\":\"hr\",\"@id\":\"https:\/\/pavidecor.si\/hr\/proizvod\/baldahin-za-masazu-na-plazi-wellness-spa-kabana-sa-zavjesama\/#primaryimage\",\"url\":\"https:\/\/pavidecor.si\/wp-content\/uploads\/2025\/01\/Kabana-masaza-1.jpg\",\"contentUrl\":\"https:\/\/pavidecor.si\/wp-content\/uploads\/2025\/01\/Kabana-masaza-1.jpg\",\"width\":1288,\"height\":1288,\"caption\":\"PAVI DECOR\"},{\"@type\":\"BreadcrumbList\",\"@id\":\"https:\/\/pavidecor.si\/hr\/proizvod\/baldahin-za-masazu-na-plazi-wellness-spa-kabana-sa-zavjesama\/#breadcrumb\",\"itemListElement\":[{\"@type\":\"ListItem\",\"position\":1,\"name\":\"Domov\",\"item\":\"https:\/\/pavidecor.si\/hr\/\"},{\"@type\":\"ListItem\",\"position\":2,\"name\":\"Internetska trgovina\",\"item\":\"https:\/\/pavidecor.si\/hr\/internetska-trgovina\/\"},{\"@type\":\"ListItem\",\"position\":3,\"name\":\"Baldahin za masa\u017eu na pla\u017ei, wellness spa kabana sa zavjesama 300x200x200cm\"}]},{\"@type\":\"WebSite\",\"@id\":\"https:\/\/pavidecor.si\/hr\/#website\",\"url\":\"https:\/\/pavidecor.si\/hr\/\",\"name\":\"Pavi Decor\",\"description\":\"Leseni unikati ustvarjeni iz ljubezni do lesa in narave.\",\"potentialAction\":[{\"@type\":\"SearchAction\",\"target\":{\"@type\":\"EntryPoint\",\"urlTemplate\":\"https:\/\/pavidecor.si\/hr\/?s={search_term_string}\"},\"query-input\":{\"@type\":\"PropertyValueSpecification\",\"valueRequired\":true,\"valueName\":\"search_term_string\"}}],\"inLanguage\":\"hr\"}]}<\/script>\n<!-- \/ Yoast SEO plugin. -->","yoast_head_json":{"title":"Baldahin za masa\u017eu na pla\u017ei - Wellness spa kabana sa zavjesama","description":"Baldahin za masa\u017eu ima konstrukciju od izdr\u017eljivog drva, krov omogu\u0107uje prozra\u010divanje i zasjenjivanje. Jednostavna monta\u017ea i odr\u017eavanje, zavjese po \u017eelji.","robots":{"index":"index","follow":"follow","max-snippet":"max-snippet:-1","max-image-preview":"max-image-preview:large","max-video-preview":"max-video-preview:-1"},"canonical":"https:\/\/pavidecor.si\/hr\/proizvod\/baldahin-za-masazu-na-plazi-wellness-spa-kabana-sa-zavjesama\/","og_locale":"hr_HR","og_type":"article","og_title":"Baldahin za masa\u017eu na pla\u017ei - Wellness spa kabana sa zavjesama","og_description":"Baldahin za masa\u017eu ima konstrukciju od izdr\u017eljivog drva, krov omogu\u0107uje prozra\u010divanje i zasjenjivanje. Jednostavna monta\u017ea i odr\u017eavanje, zavjese po \u017eelji.","og_url":"https:\/\/pavidecor.si\/hr\/proizvod\/baldahin-za-masazu-na-plazi-wellness-spa-kabana-sa-zavjesama\/","og_site_name":"Pavi Decor","article_modified_time":"2026-04-24T19:09:56+00:00","og_image":[{"width":1288,"height":1288,"url":"https:\/\/pavidecor.si\/wp-content\/uploads\/2025\/01\/Kabana-masaza-1.jpg","type":"image\/jpeg"}],"twitter_card":"summary_large_image","twitter_misc":{"Procijenjeno vrijeme \u010ditanja":"4 minute"},"schema":{"@context":"https:\/\/schema.org","@graph":[{"@type":"WebPage","@id":"https:\/\/pavidecor.si\/hr\/proizvod\/baldahin-za-masazu-na-plazi-wellness-spa-kabana-sa-zavjesama\/","url":"https:\/\/pavidecor.si\/hr\/proizvod\/baldahin-za-masazu-na-plazi-wellness-spa-kabana-sa-zavjesama\/","name":"Baldahin za masa\u017eu na pla\u017ei - Wellness spa kabana sa zavjesama","isPartOf":{"@id":"https:\/\/pavidecor.si\/hr\/#website"},"primaryImageOfPage":{"@id":"https:\/\/pavidecor.si\/hr\/proizvod\/baldahin-za-masazu-na-plazi-wellness-spa-kabana-sa-zavjesama\/#primaryimage"},"image":{"@id":"https:\/\/pavidecor.si\/hr\/proizvod\/baldahin-za-masazu-na-plazi-wellness-spa-kabana-sa-zavjesama\/#primaryimage"},"thumbnailUrl":"https:\/\/pavidecor.si\/wp-content\/uploads\/2025\/01\/Kabana-masaza-1.jpg","datePublished":"2025-01-16T10:16:36+00:00","dateModified":"2026-04-24T19:09:56+00:00","description":"Baldahin za masa\u017eu ima konstrukciju od izdr\u017eljivog drva, krov omogu\u0107uje prozra\u010divanje i zasjenjivanje. Jednostavna monta\u017ea i odr\u017eavanje, zavjese po \u017eelji.","breadcrumb":{"@id":"https:\/\/pavidecor.si\/hr\/proizvod\/baldahin-za-masazu-na-plazi-wellness-spa-kabana-sa-zavjesama\/#breadcrumb"},"inLanguage":"hr","potentialAction":[{"@type":"ReadAction","target":["https:\/\/pavidecor.si\/hr\/proizvod\/baldahin-za-masazu-na-plazi-wellness-spa-kabana-sa-zavjesama\/"]}]},{"@type":"ImageObject","inLanguage":"hr","@id":"https:\/\/pavidecor.si\/hr\/proizvod\/baldahin-za-masazu-na-plazi-wellness-spa-kabana-sa-zavjesama\/#primaryimage","url":"https:\/\/pavidecor.si\/wp-content\/uploads\/2025\/01\/Kabana-masaza-1.jpg","contentUrl":"https:\/\/pavidecor.si\/wp-content\/uploads\/2025\/01\/Kabana-masaza-1.jpg","width":1288,"height":1288,"caption":"PAVI DECOR"},{"@type":"BreadcrumbList","@id":"https:\/\/pavidecor.si\/hr\/proizvod\/baldahin-za-masazu-na-plazi-wellness-spa-kabana-sa-zavjesama\/#breadcrumb","itemListElement":[{"@type":"ListItem","position":1,"name":"Domov","item":"https:\/\/pavidecor.si\/hr\/"},{"@type":"ListItem","position":2,"name":"Internetska trgovina","item":"https:\/\/pavidecor.si\/hr\/internetska-trgovina\/"},{"@type":"ListItem","position":3,"name":"Baldahin za masa\u017eu na pla\u017ei, wellness spa kabana sa zavjesama 300x200x200cm"}]},{"@type":"WebSite","@id":"https:\/\/pavidecor.si\/hr\/#website","url":"https:\/\/pavidecor.si\/hr\/","name":"Pavi Decor","description":"Leseni unikati ustvarjeni iz ljubezni do lesa in narave.","potentialAction":[{"@type":"SearchAction","target":{"@type":"EntryPoint","urlTemplate":"https:\/\/pavidecor.si\/hr\/?s={search_term_string}"},"query-input":{"@type":"PropertyValueSpecification","valueRequired":true,"valueName":"search_term_string"}}],"inLanguage":"hr"}]}},"_links":{"self":[{"href":"https:\/\/pavidecor.si\/hr\/wp-json\/wp\/v2\/product\/23589","targetHints":{"allow":["GET"]}}],"collection":[{"href":"https:\/\/pavidecor.si\/hr\/wp-json\/wp\/v2\/product"}],"about":[{"href":"https:\/\/pavidecor.si\/hr\/wp-json\/wp\/v2\/types\/product"}],"replies":[{"embeddable":true,"href":"https:\/\/pavidecor.si\/hr\/wp-json\/wp\/v2\/comments?post=23589"}],"wp:featuredmedia":[{"embeddable":true,"href":"https:\/\/pavidecor.si\/hr\/wp-json\/wp\/v2\/media\/23592"}],"wp:attachment":[{"href":"https:\/\/pavidecor.si\/hr\/wp-json\/wp\/v2\/media?parent=23589"}],"wp:term":[{"taxonomy":"product_brand","embeddable":true,"href":"https:\/\/pavidecor.si\/hr\/wp-json\/wp\/v2\/product_brand?post=23589"},{"taxonomy":"product_cat","embeddable":true,"href":"https:\/\/pavidecor.si\/hr\/wp-json\/wp\/v2\/product_cat?post=23589"},{"taxonomy":"product_tag","embeddable":true,"href":"https:\/\/pavidecor.si\/hr\/wp-json\/wp\/v2\/product_tag?post=23589"}],"curies":[{"name":"wp","href":"https:\/\/api.w.org\/{rel}","templated":true}]}}