	{"id":23514,"date":"2025-01-10T10:37:55","date_gmt":"2025-01-10T10:37:55","guid":{"rendered":"https:\/\/pavidecor.si\/?post_type=product&#038;p=23514"},"modified":"2026-04-23T02:01:49","modified_gmt":"2026-04-23T02:01:49","slug":"drvena-vrtna-lezaljka-s-jastucima-200x90x40cm","status":"publish","type":"product","link":"https:\/\/pavidecor.si\/hr\/proizvod\/drvena-vrtna-lezaljka-s-jastucima-200x90x40cm\/","title":{"rendered":"Drvena vrtna le\u017ealjka s jastucima exotic 200x90x40cm"},"content":{"rendered":"<p>Drvena vrtna le\u017ealjka s jastucima &#8211; Elegancija i udobnost na va\u0161oj terasi &#8211; Dimenzije 200x90x40cm<\/p>\n<p>&nbsp;<\/p>\n<h2><span class=\"odebeljenopis\"><strong>Drvena vrtna le\u017ealjka predstavlja savr\u0161eni spoj udobnosti i funkcionalnosti, idealno za opu\u0161tanje na pla\u017ei, terasi ili uz bazen. Ovaj unikatni proizvod iz PAVI DECOR-a, izra\u0111en s ljubavlju prema drvetu i prirodi, donosi vam vrhunski dizajn i kvalitetu koja \u0107e zadovoljiti i najzahtjevnije korisnike.<\/strong><\/span><\/h2>\n<p>&nbsp;<\/p>\n<div class=\"row\">\n<div class=\"col-sm-6 \" style=\"margin-top: 30px;\"><center><img decoding=\"async\" class=\"lazyload img-responsive\" style=\"margin: 0px auto; max-width: 100%;\" src=\"data:image\/svg+xml,%3Csvg%20xmlns%3D%27http%3A%2F%2Fwww.w3.org%2F2000%2Fsvg%27%20width%3D%271742%27%20height%3D%271742%27%20viewBox%3D%270%200%201742%201742%27%3E%3Crect%20width%3D%271742%27%20height%3D%271742%27%20fill-opacity%3D%220%22%2F%3E%3C%2Fsvg%3E\" data-orig-src=\"https:\/\/pavidecor.si\/wp-content\/uploads\/2025\/01\/1-1.jpg\" \/><\/center><\/div>\n<div class=\"col-sm-6\" style=\"margin-top: 40px;\">\n<p>&nbsp;<\/p>\n<h3>Izvrsna udobnost i prilagodljivost<\/h3>\n<p>Drvena vrtna le\u017ealjka nudi <b>iznimnu udobnost<\/b> zahvaljuju\u0107i svom prilagodljivom naslonu koji se mo\u017ee postaviti u tri razli\u010dita polo\u017eaja. Bez obzira na to \u017eelite li se opustiti uz knjigu ili u\u017eivati u sun\u010danju, ova le\u017ealjka \u0107e zadovoljiti sve va\u0161e potrebe. Njezin dizajn omogu\u0107ava <strong>jednostavno skladi\u0161tenje<\/strong> i transport, \u0161to ju \u010dini savr\u0161enim izborom za hotele ili apartmane.<\/p>\n<p>&nbsp;<\/p>\n<p>Osim \u0161to je prakti\u010dna, drvena vrtna le\u017ealjka tako\u0111er dolazi s <b>udobnim jastucima od vodootporne tkanine<\/b>. Stoga se lako \u010diste i odr\u017eavaju. Ova funkcionalnost \u010dini drvenu le\u017ealjku idealnom za kori\u0161tenje na pla\u017ei, gdje sun\u010deve zrake mogu biti vrlo intenzivne. U\u017eivajte u dugim ljetnim danima bez brige, jer je le\u017ealjka dizajnirana s va\u0161im udobnostima na umu.<\/p>\n<p>&nbsp;<\/p>\n<\/div>\n<\/div>\n<div class=\"row\">\n<div class=\"col-sm-6 col-sm-push-6\" style=\"margin-top: 30px;\"><center><img decoding=\"async\" class=\"lazyload img-responsive\" style=\"margin: 0px auto; max-width: 100%;\" src=\"data:image\/svg+xml,%3Csvg%20xmlns%3D%27http%3A%2F%2Fwww.w3.org%2F2000%2Fsvg%27%20width%3D%271762%27%20height%3D%271762%27%20viewBox%3D%270%200%201762%201762%27%3E%3Crect%20width%3D%271762%27%20height%3D%271762%27%20fill-opacity%3D%220%22%2F%3E%3C%2Fsvg%3E\" data-orig-src=\"https:\/\/pavidecor.si\/wp-content\/uploads\/2025\/01\/2.jpg\" \/><\/center><\/div>\n<div class=\"col-sm-6 col-sm-pull-6\" style=\"margin-top: 40px;\">\n<p>&nbsp;<\/p>\n<h3>Kvaliteta i ru\u010dna izrada<\/h3>\n<p>U PAVI DECOR-u, svaka drvena vrtna le\u017ealjka izra\u0111ena je s posebnom pa\u017enjom i ljubavlju prema drvetu. Na\u0161a strast prema prirodi i drvenim materijalima ogleda se u svakom detalju ovog proizvoda. <b>Ru\u010dna izrada<\/b> osigurava da svaki komad bude jedinstven, s pa\u017enjom na detalje koja podsje\u0107a na tehnike starih majstora.<\/p>\n<p>&nbsp;<\/p>\n<p>Vrtna le\u017ealjka je izra\u0111ena od <b>egzoti\u010dnog drva<\/b>, poznatog po svojoj izdr\u017eljivosti i otpornosti na vremenske uvjete. Le\u017ei\u0161te sa jastucima od PVC tkanine, duga\u010dko 200 cm, pru\u017ea dodatnu udobnost i lako se odr\u017eava. Zbog svoje iznimne kvalitete i trajnosti, drvene vrtne le\u017ealjke postale su obavezni dio opreme drvenih kabana u <a href=\"https:\/\/paviapartments.com\/apartments\/luxury-apartment-private-swimming-pool\/\"><strong><span style=\"color: #3366ff;\">Vili Amalia<\/span><\/strong><\/a> na otoku Krku.<\/p>\n<p>&nbsp;<\/p>\n<\/div>\n<\/div>\n<div class=\"row\">\n<div class=\"col-sm-6\" style=\"margin-top: 30px;\"><center><img decoding=\"async\" class=\"lazyload img-responsive\" style=\"margin: 0px auto; max-width: 100%;\" src=\"data:image\/svg+xml,%3Csvg%20xmlns%3D%27http%3A%2F%2Fwww.w3.org%2F2000%2Fsvg%27%20width%3D%271409%27%20height%3D%271409%27%20viewBox%3D%270%200%201409%201409%27%3E%3Crect%20width%3D%271409%27%20height%3D%271409%27%20fill-opacity%3D%220%22%2F%3E%3C%2Fsvg%3E\" data-orig-src=\" https:\/\/pavidecor.si\/wp-content\/uploads\/2025\/01\/3.jpg\" \/><\/center><\/div>\n<div class=\"col-sm-6\" style=\"margin-top: 40px;\">\n<h3>Vrhunski materijali i izdr\u017eljivost<\/h3>\n<p>Drvena vrtna le\u017ealjka s jastucima nije samo estetski atraktivna, ve\u0107 je i iznimno funkcionalna. Krevet je izra\u0111en je od vodoodbojne tkanine koja je ugodna na dodir i lako se \u010disti. To zna\u010di da se mo\u017eete bezbri\u017eno prepustiti sun\u010devim zrakama jer je le\u017ealjka dizajnirana da izdr\u017ei sve vremenske uvjete.<\/p>\n<p>&nbsp;<\/p>\n<p>Drvena le\u017ealjka nije samo dio vrtnog namje\u0161taja, ve\u0107 i dio prirode koji \u0107e uljep\u0161ati va\u0161u terasu, pla\u017eu ili bazen. Dizajnirali smo ju tako da savr\u0161eno pristaje u na\u0161u drvenu <a href=\"https:\/\/pavidecor.si\/hr\/proizvod\/kabana-za-plazu-dupla-lezaljka-s-nadstresnicom-exotic\/\"><strong><span style=\"color: #3366ff;\">kabanu za pla\u017eu<\/span><\/strong><\/a>. U\u017eivajte u trenucima opu\u0161tanja i povezanosti s prirodom koje vam nudi ovaj prekrasan proizvod. Posjetite nas u salonu PAVI DECOR i otkrijte kako mogu vrtne le\u017ealjke obogatiti va\u0161 prostor.<\/p>\n<\/div>\n<\/div>\n<p>&nbsp;<\/p>\n<div class=\"row\">\n<div class=\"col-sm-6\" style=\"margin-top: 40px;\">\n<h4><strong>Glavne prednosti na\u0161e drvene vrtne le\u017ealjke su:<\/strong><\/h4>\n<div class=\"row\">\n<ul>\n<li>\n<h4><strong>Jednostavna monta\u017ea i demonta\u017ea bez alata,<\/strong><\/h4>\n<\/li>\n<li>\n<h4><strong>Bez vijaka i matica,<\/strong><\/h4>\n<\/li>\n<li>\n<h4><strong>Tri stupnja nagiba naslona,<\/strong><\/h4>\n<\/li>\n<li>\n<h4><strong>Vodoodbojna tkanina,<\/strong><\/h4>\n<\/li>\n<li>\n<h4><strong>Boja i debljina jastuka po \u017eelji,<\/strong><\/h4>\n<\/li>\n<li>\n<h4><strong>Dimenzije jednog kreveta zajedno sa naslonom 200x90x40cm,<\/strong><\/h4>\n<\/li>\n<li>\n<h4><strong>Te\u017eina cca 20-25 kg ovisno o vrsti drva,<\/strong><\/h4>\n<\/li>\n<li>\n<h4><strong>Materijal egzoti\u010dno drvo i slovenski bor, boja prirodna ili po \u017eelji,<\/strong><\/h4>\n<\/li>\n<li>\n<h4><strong>Zauzima malo mjesta u skladi\u0161tu &#8211; 200x90x10cm + jastuci.<\/strong><\/h4>\n<\/li>\n<\/ul>\n<\/div>\n<\/div>\n<\/div>\n","protected":false},"excerpt":{"rendered":"<p><strong><span style=\"color: #c4963c;\">\u2192 Jednostavna monta\u017ea i demonta\u017ea bez alata<br \/>\n\u2192 Zauzima minimalan prostor u skladi\u0161tu<br \/>\n\u2192 Rezervni dijelovi uvijek na zalihi<br \/>\n\u2192 Jednostavno \u010di\u0161\u0107enje i odr\u017eavanje<br \/>\n\u2192 Tri stupnja nagiba naslona<br \/>\n\u2192 Boja i debljina jastuka po \u017eelji<br \/>\n\u2192 Egzoti\u010dno drvo i slovenski bor ili po izboru<\/span><\/strong><\/p>\n","protected":false},"featured_media":23517,"comment_status":"open","ping_status":"closed","template":"","meta":[],"product_brand":[],"product_cat":[261],"product_tag":[218,442],"class_list":{"0":"post-23514","1":"product","2":"type-product","3":"status-publish","4":"has-post-thumbnail","6":"product_cat-vrtni-namjestaj","7":"product_tag-nov","8":"product_tag-po-narudzbi-cijena","10":"first","11":"instock","12":"taxable","13":"shipping-taxable","14":"purchasable","15":"product-type-simple"},"yoast_head":"<!-- This site is optimized with the Yoast SEO plugin v27.2 - https:\/\/yoast.com\/product\/yoast-seo-wordpress\/ -->\n<title>Drvena vrtna le\u017ealjka s jastucima - Elegancija i udobnost za terasu<\/title>\n<meta name=\"description\" content=\"Drvena vrtna le\u017ealjka s jastucima izuzetno je udobna i vrhunske je kvalitete. Naslon je podesiv u tri polo\u017eaja, jednostavna za postavljanje i odr\u017eavanje.\" \/>\n<meta name=\"robots\" content=\"index, follow, max-snippet:-1, max-image-preview:large, max-video-preview:-1\" \/>\n<link rel=\"canonical\" href=\"https:\/\/pavidecor.si\/hr\/proizvod\/drvena-vrtna-lezaljka-s-jastucima-200x90x40cm\/\" \/>\n<meta property=\"og:locale\" content=\"hr_HR\" \/>\n<meta property=\"og:type\" content=\"article\" \/>\n<meta property=\"og:title\" content=\"Drvena vrtna le\u017ealjka s jastucima - Elegancija i udobnost za terasu\" \/>\n<meta property=\"og:description\" content=\"Drvena vrtna le\u017ealjka s jastucima izuzetno je udobna i vrhunske je kvalitete. Naslon je podesiv u tri polo\u017eaja, jednostavna za postavljanje i odr\u017eavanje.\" \/>\n<meta property=\"og:url\" content=\"https:\/\/pavidecor.si\/hr\/proizvod\/drvena-vrtna-lezaljka-s-jastucima-200x90x40cm\/\" \/>\n<meta property=\"og:site_name\" content=\"Pavi Decor\" \/>\n<meta property=\"article:modified_time\" content=\"2026-04-23T02:01:49+00:00\" \/>\n<meta property=\"og:image\" content=\"https:\/\/pavidecor.si\/wp-content\/uploads\/2025\/01\/1-1.jpg\" \/>\n\t<meta property=\"og:image:width\" content=\"1742\" \/>\n\t<meta property=\"og:image:height\" content=\"1742\" \/>\n\t<meta property=\"og:image:type\" content=\"image\/jpeg\" \/>\n<meta name=\"twitter:card\" content=\"summary_large_image\" \/>\n<meta name=\"twitter:label1\" content=\"Procijenjeno vrijeme \u010ditanja\" \/>\n\t<meta name=\"twitter:data1\" content=\"4 minute\" \/>\n<script type=\"application\/ld+json\" class=\"yoast-schema-graph\">{\"@context\":\"https:\/\/schema.org\",\"@graph\":[{\"@type\":\"WebPage\",\"@id\":\"https:\/\/pavidecor.si\/hr\/proizvod\/drvena-vrtna-lezaljka-s-jastucima-200x90x40cm\/\",\"url\":\"https:\/\/pavidecor.si\/hr\/proizvod\/drvena-vrtna-lezaljka-s-jastucima-200x90x40cm\/\",\"name\":\"Drvena vrtna le\u017ealjka s jastucima - Elegancija i udobnost za terasu\",\"isPartOf\":{\"@id\":\"https:\/\/pavidecor.si\/hr\/#website\"},\"primaryImageOfPage\":{\"@id\":\"https:\/\/pavidecor.si\/hr\/proizvod\/drvena-vrtna-lezaljka-s-jastucima-200x90x40cm\/#primaryimage\"},\"image\":{\"@id\":\"https:\/\/pavidecor.si\/hr\/proizvod\/drvena-vrtna-lezaljka-s-jastucima-200x90x40cm\/#primaryimage\"},\"thumbnailUrl\":\"https:\/\/pavidecor.si\/wp-content\/uploads\/2025\/01\/1-1.jpg\",\"datePublished\":\"2025-01-10T10:37:55+00:00\",\"dateModified\":\"2026-04-23T02:01:49+00:00\",\"description\":\"Drvena vrtna le\u017ealjka s jastucima izuzetno je udobna i vrhunske je kvalitete. Naslon je podesiv u tri polo\u017eaja, jednostavna za postavljanje i odr\u017eavanje.\",\"breadcrumb\":{\"@id\":\"https:\/\/pavidecor.si\/hr\/proizvod\/drvena-vrtna-lezaljka-s-jastucima-200x90x40cm\/#breadcrumb\"},\"inLanguage\":\"hr\",\"potentialAction\":[{\"@type\":\"ReadAction\",\"target\":[\"https:\/\/pavidecor.si\/hr\/proizvod\/drvena-vrtna-lezaljka-s-jastucima-200x90x40cm\/\"]}]},{\"@type\":\"ImageObject\",\"inLanguage\":\"hr\",\"@id\":\"https:\/\/pavidecor.si\/hr\/proizvod\/drvena-vrtna-lezaljka-s-jastucima-200x90x40cm\/#primaryimage\",\"url\":\"https:\/\/pavidecor.si\/wp-content\/uploads\/2025\/01\/1-1.jpg\",\"contentUrl\":\"https:\/\/pavidecor.si\/wp-content\/uploads\/2025\/01\/1-1.jpg\",\"width\":1742,\"height\":1742,\"caption\":\"PAVI DECOR\"},{\"@type\":\"BreadcrumbList\",\"@id\":\"https:\/\/pavidecor.si\/hr\/proizvod\/drvena-vrtna-lezaljka-s-jastucima-200x90x40cm\/#breadcrumb\",\"itemListElement\":[{\"@type\":\"ListItem\",\"position\":1,\"name\":\"Domov\",\"item\":\"https:\/\/pavidecor.si\/hr\/\"},{\"@type\":\"ListItem\",\"position\":2,\"name\":\"Internetska trgovina\",\"item\":\"https:\/\/pavidecor.si\/hr\/internetska-trgovina\/\"},{\"@type\":\"ListItem\",\"position\":3,\"name\":\"Drvena vrtna le\u017ealjka s jastucima exotic 200x90x40cm\"}]},{\"@type\":\"WebSite\",\"@id\":\"https:\/\/pavidecor.si\/hr\/#website\",\"url\":\"https:\/\/pavidecor.si\/hr\/\",\"name\":\"Pavi Decor\",\"description\":\"Leseni unikati ustvarjeni iz ljubezni do lesa in narave.\",\"potentialAction\":[{\"@type\":\"SearchAction\",\"target\":{\"@type\":\"EntryPoint\",\"urlTemplate\":\"https:\/\/pavidecor.si\/hr\/?s={search_term_string}\"},\"query-input\":{\"@type\":\"PropertyValueSpecification\",\"valueRequired\":true,\"valueName\":\"search_term_string\"}}],\"inLanguage\":\"hr\"}]}<\/script>\n<!-- \/ Yoast SEO plugin. -->","yoast_head_json":{"title":"Drvena vrtna le\u017ealjka s jastucima - Elegancija i udobnost za terasu","description":"Drvena vrtna le\u017ealjka s jastucima izuzetno je udobna i vrhunske je kvalitete. Naslon je podesiv u tri polo\u017eaja, jednostavna za postavljanje i odr\u017eavanje.","robots":{"index":"index","follow":"follow","max-snippet":"max-snippet:-1","max-image-preview":"max-image-preview:large","max-video-preview":"max-video-preview:-1"},"canonical":"https:\/\/pavidecor.si\/hr\/proizvod\/drvena-vrtna-lezaljka-s-jastucima-200x90x40cm\/","og_locale":"hr_HR","og_type":"article","og_title":"Drvena vrtna le\u017ealjka s jastucima - Elegancija i udobnost za terasu","og_description":"Drvena vrtna le\u017ealjka s jastucima izuzetno je udobna i vrhunske je kvalitete. Naslon je podesiv u tri polo\u017eaja, jednostavna za postavljanje i odr\u017eavanje.","og_url":"https:\/\/pavidecor.si\/hr\/proizvod\/drvena-vrtna-lezaljka-s-jastucima-200x90x40cm\/","og_site_name":"Pavi Decor","article_modified_time":"2026-04-23T02:01:49+00:00","og_image":[{"width":1742,"height":1742,"url":"https:\/\/pavidecor.si\/wp-content\/uploads\/2025\/01\/1-1.jpg","type":"image\/jpeg"}],"twitter_card":"summary_large_image","twitter_misc":{"Procijenjeno vrijeme \u010ditanja":"4 minute"},"schema":{"@context":"https:\/\/schema.org","@graph":[{"@type":"WebPage","@id":"https:\/\/pavidecor.si\/hr\/proizvod\/drvena-vrtna-lezaljka-s-jastucima-200x90x40cm\/","url":"https:\/\/pavidecor.si\/hr\/proizvod\/drvena-vrtna-lezaljka-s-jastucima-200x90x40cm\/","name":"Drvena vrtna le\u017ealjka s jastucima - Elegancija i udobnost za terasu","isPartOf":{"@id":"https:\/\/pavidecor.si\/hr\/#website"},"primaryImageOfPage":{"@id":"https:\/\/pavidecor.si\/hr\/proizvod\/drvena-vrtna-lezaljka-s-jastucima-200x90x40cm\/#primaryimage"},"image":{"@id":"https:\/\/pavidecor.si\/hr\/proizvod\/drvena-vrtna-lezaljka-s-jastucima-200x90x40cm\/#primaryimage"},"thumbnailUrl":"https:\/\/pavidecor.si\/wp-content\/uploads\/2025\/01\/1-1.jpg","datePublished":"2025-01-10T10:37:55+00:00","dateModified":"2026-04-23T02:01:49+00:00","description":"Drvena vrtna le\u017ealjka s jastucima izuzetno je udobna i vrhunske je kvalitete. Naslon je podesiv u tri polo\u017eaja, jednostavna za postavljanje i odr\u017eavanje.","breadcrumb":{"@id":"https:\/\/pavidecor.si\/hr\/proizvod\/drvena-vrtna-lezaljka-s-jastucima-200x90x40cm\/#breadcrumb"},"inLanguage":"hr","potentialAction":[{"@type":"ReadAction","target":["https:\/\/pavidecor.si\/hr\/proizvod\/drvena-vrtna-lezaljka-s-jastucima-200x90x40cm\/"]}]},{"@type":"ImageObject","inLanguage":"hr","@id":"https:\/\/pavidecor.si\/hr\/proizvod\/drvena-vrtna-lezaljka-s-jastucima-200x90x40cm\/#primaryimage","url":"https:\/\/pavidecor.si\/wp-content\/uploads\/2025\/01\/1-1.jpg","contentUrl":"https:\/\/pavidecor.si\/wp-content\/uploads\/2025\/01\/1-1.jpg","width":1742,"height":1742,"caption":"PAVI DECOR"},{"@type":"BreadcrumbList","@id":"https:\/\/pavidecor.si\/hr\/proizvod\/drvena-vrtna-lezaljka-s-jastucima-200x90x40cm\/#breadcrumb","itemListElement":[{"@type":"ListItem","position":1,"name":"Domov","item":"https:\/\/pavidecor.si\/hr\/"},{"@type":"ListItem","position":2,"name":"Internetska trgovina","item":"https:\/\/pavidecor.si\/hr\/internetska-trgovina\/"},{"@type":"ListItem","position":3,"name":"Drvena vrtna le\u017ealjka s jastucima exotic 200x90x40cm"}]},{"@type":"WebSite","@id":"https:\/\/pavidecor.si\/hr\/#website","url":"https:\/\/pavidecor.si\/hr\/","name":"Pavi Decor","description":"Leseni unikati ustvarjeni iz ljubezni do lesa in narave.","potentialAction":[{"@type":"SearchAction","target":{"@type":"EntryPoint","urlTemplate":"https:\/\/pavidecor.si\/hr\/?s={search_term_string}"},"query-input":{"@type":"PropertyValueSpecification","valueRequired":true,"valueName":"search_term_string"}}],"inLanguage":"hr"}]}},"_links":{"self":[{"href":"https:\/\/pavidecor.si\/hr\/wp-json\/wp\/v2\/product\/23514","targetHints":{"allow":["GET"]}}],"collection":[{"href":"https:\/\/pavidecor.si\/hr\/wp-json\/wp\/v2\/product"}],"about":[{"href":"https:\/\/pavidecor.si\/hr\/wp-json\/wp\/v2\/types\/product"}],"replies":[{"embeddable":true,"href":"https:\/\/pavidecor.si\/hr\/wp-json\/wp\/v2\/comments?post=23514"}],"wp:featuredmedia":[{"embeddable":true,"href":"https:\/\/pavidecor.si\/hr\/wp-json\/wp\/v2\/media\/23517"}],"wp:attachment":[{"href":"https:\/\/pavidecor.si\/hr\/wp-json\/wp\/v2\/media?parent=23514"}],"wp:term":[{"taxonomy":"product_brand","embeddable":true,"href":"https:\/\/pavidecor.si\/hr\/wp-json\/wp\/v2\/product_brand?post=23514"},{"taxonomy":"product_cat","embeddable":true,"href":"https:\/\/pavidecor.si\/hr\/wp-json\/wp\/v2\/product_cat?post=23514"},{"taxonomy":"product_tag","embeddable":true,"href":"https:\/\/pavidecor.si\/hr\/wp-json\/wp\/v2\/product_tag?post=23514"}],"curies":[{"name":"wp","href":"https:\/\/api.w.org\/{rel}","templated":true}]}}