	{"id":23269,"date":"2024-12-12T11:54:46","date_gmt":"2024-12-12T11:54:46","guid":{"rendered":"https:\/\/pavidecor.si\/product\/kabina-za-plazu-dvokrevetna-lezaljka-s-nadstresnicom-natur-200x180x200cm\/"},"modified":"2026-04-24T18:12:03","modified_gmt":"2026-04-24T18:12:03","slug":"kabana-za-plazu-dupla-lezaljka-s-nadstresnicom-exotic","status":"publish","type":"product","link":"https:\/\/pavidecor.si\/hr\/proizvod\/kabana-za-plazu-dupla-lezaljka-s-nadstresnicom-exotic\/","title":{"rendered":"Kabana za pla\u017eu, dupla le\u017ealjka s nadstre\u0161nicom exotic 200x180x200cm"},"content":{"rendered":"<p>Kabana za pla\u017eu \u2013 Va\u0161a privatna oaza udobnosti i elegancije &#8211; Dimenzije 200x180x200cm<\/p>\n<p>&nbsp;<\/p>\n<h2><span class=\"odebeljenopis\"><strong>Otkrijte savr\u0161en komad vanjskog namje\u0161taja koji kombinira funkcionalnost, udobnost i estetiku. Kabana za pla\u017eu iz PAVI DECOR-a namijenjena je svima koji \u017eele kvalitetno opu\u0161tanje na svojoj terasi, vrtu ili uz pla\u017eu. Izra\u0111ena od prirodnih materijala i s ljubavlju prema drvu, neizostavan je dodatak svakom ambijentu.<br \/>\n<\/strong><\/span><\/h2>\n<p>&nbsp;<\/p>\n<div class=\"row\">\n<div class=\"col-sm-6 \" style=\"margin-top: 30px;\"><center><img decoding=\"async\" class=\"lazyload img-responsive\" style=\"margin: 0px auto; max-width: 100%;\" src=\"data:image\/svg+xml,%3Csvg%20xmlns%3D%27http%3A%2F%2Fwww.w3.org%2F2000%2Fsvg%27%20width%3D%271366%27%20height%3D%271366%27%20viewBox%3D%270%200%201366%201366%27%3E%3Crect%20width%3D%271366%27%20height%3D%271366%27%20fill-opacity%3D%220%22%2F%3E%3C%2Fsvg%3E\" data-orig-src=\"https:\/\/pavidecor.si\/wp-content\/uploads\/2024\/12\/1-Kabana-natur-8.jpg\" \/><\/center><\/div>\n<div class=\"col-sm-6\" style=\"margin-top: 40px;\">\n<p>&nbsp;<\/p>\n<h3>Kabana koja o\u010darava prirodnim materijalima<\/h3>\n<p>Kabana za pla\u017eu iz na\u0161e trgovine PAVI DECOR izra\u0111ena je od visokokvalitetnog egzoti\u010dnog drva. <strong>Prirodni materijali pru\u017eaju trajnost i otpornost<\/strong> na vanjske utjecaje, dodaju\u0107i da\u0161ak prirodne elegancije. Ru\u010dna izrada i detalji spajanja drvenih dijelova, koji slijede tradicionalne tehnike, osiguravaju autenti\u010dnost i bezvremensku ljepotu.<\/p>\n<p>&nbsp;<\/p>\n<p>Elegantno dizajnirana kabina uklju\u010duje dupli vanjski krevet koji je udobno pri\u010dvr\u0161\u0107en na stabilnu potpornu konstrukciju. Na vrhu se nalazi klizna nadstre\u0161nica koja omogu\u0107uje brzo zasjenjivanje, dok pamu\u010dne zavjese stvaraju privatno skloni\u0161te. Kabana se mo\u017ee dodatno ukrasiti slamom za egzoti\u010dniji izgled. Ovo je atraktivan komad <strong><a href=\"https:\/\/pavidecor.si\/hr\/kategorije\/oprema-za-plazu-i-vrt\/vrtni-namjestaj\/\"><span style=\"color: #3366ff;\">vrtnog namje\u0161taja<\/span><\/a><\/strong> koji ne samo da slu\u017ei funkcionalno, ve\u0107 i oboga\u0107uje estetski izgled va\u0161eg vanjskog prostora.<\/p>\n<p>&nbsp;<\/p>\n<\/div>\n<\/div>\n<div class=\"row\">\n<div class=\"col-sm-6 col-sm-push-6\" style=\"margin-top: 30px;\"><center><img decoding=\"async\" class=\"lazyload img-responsive\" style=\"margin: 0px auto; max-width: 100%;\" src=\"data:image\/svg+xml,%3Csvg%20xmlns%3D%27http%3A%2F%2Fwww.w3.org%2F2000%2Fsvg%27%20width%3D%27763%27%20height%3D%27763%27%20viewBox%3D%270%200%20763%20763%27%3E%3Crect%20width%3D%27763%27%20height%3D%27763%27%20fill-opacity%3D%220%22%2F%3E%3C%2Fsvg%3E\" data-orig-src=\"https:\/\/pavidecor.si\/wp-content\/uploads\/2024\/12\/2-Kabana-natur-11.jpg\" \/><\/center><\/div>\n<div class=\"col-sm-6 col-sm-pull-6\" style=\"margin-top: 40px;\">\n<p>&nbsp;<\/p>\n<h3>Jednostavna instalacija i fleksibilnost<\/h3>\n<p>Cijelu konstrukciju mogu sastaviti bez alata samo dvije osobe za 10 minuta, jer je monta\u017ea brza i jednostavna. Tako\u0111er, zavjese se mogu staviti bez kompliciranih postupaka u nekoliko minuta. Ova <strong>iznimna fleksibilnost<\/strong> omogu\u0107uje brzo rastavljanje nadstre\u0161nice i skladi\u0161tenje nakon sezone ili premje\u0161tanje tijekom sezone. Rastavljena kabana u skladi\u0161tu zauzima malo prostora (200x90x40cm + jastuci).<\/p>\n<p>&nbsp;<\/p>\n<p>Vanjski krevet nudi iznimnu fleksibilnost s tri razine nagiba naslona na svakom krevetu posebno. Mo\u017eete birati izme\u0111u razli\u010ditih debljina i boja vodoodbojnih jastuka i perivih zavjesa, koji se lako odr\u017eavaju. <strong>Tako mo\u017eete u potpunosti prilagoditi kabanu<\/strong> svom osobnom stilu i preferencijama.<\/p>\n<\/div>\n<\/div>\n<div class=\"row\">\n<div class=\"col-sm-6\" style=\"margin-top: 30px;\"><center><img decoding=\"async\" class=\"lazyload img-responsive\" style=\"margin: 0px auto; max-width: 100%;\" src=\"data:image\/svg+xml,%3Csvg%20xmlns%3D%27http%3A%2F%2Fwww.w3.org%2F2000%2Fsvg%27%20width%3D%271366%27%20height%3D%271366%27%20viewBox%3D%270%200%201366%201366%27%3E%3Crect%20width%3D%271366%27%20height%3D%271366%27%20fill-opacity%3D%220%22%2F%3E%3C%2Fsvg%3E\" data-orig-src=\"https:\/\/pavidecor.si\/wp-content\/uploads\/2024\/12\/5-Kabana-natur-18.jpg\" \/><\/center><\/div>\n<div class=\"col-sm-6\" style=\"margin-top: 40px;\">\n<p>&nbsp;<\/p>\n<h3>Va\u0161a privatna oaza za potpuno opu\u0161tanje<\/h3>\n<p>Kabana za pla\u017eu iz PAVI DECOR-a kombinira udobnost, funkcionalnost i estetiku. S dimenzijama 200x180x200cm, dovoljno je prostrana za dvije osobe, ali u isto vrijeme njezina <strong>stabilna konstrukcija<\/strong> osigurava sigurnu upotrebu na bilo kojoj povr\u0161ini. U kombinaciji s dodacima kao \u0161to su nadstre\u0161nica, zavjese i debele presvlake, kabana stvara pravu privatnu oazu.<\/p>\n<p>&nbsp;<\/p>\n<p>Njezina bezvremenska elegancija i visoka kvaliteta izrade osiguravaju da se <strong>lijepo uklopi u svako okru\u017eenje<\/strong> \u2013 uz bazen, na pla\u017eu, terasu ili vrt. Uz dodatne mogu\u0107nosti prilagodbe (boje tekstila, vrsta drva), svoj vanjski prostor pretvorit \u0107ete u kutak u kojem \u0107ete uvijek iznova prona\u0107i opu\u0161tanje.<\/p>\n<\/div>\n<\/div>\n<p>&nbsp;<\/p>\n<h4><strong>Glavne prednosti na\u0161e kabane za pla\u017eu su:<\/strong><\/h4>\n<ul>\n<li>\n<h4><strong>Jednostavna monta\u017ea i demonta\u017ea bez alata,<\/strong><\/h4>\n<\/li>\n<li>\n<h4><strong>Dvije osobe mogu ju postaviti za samo 10 minuta,<\/strong><\/h4>\n<\/li>\n<li>\n<h4><strong>Bez vijaka ili matica,<\/strong><\/h4>\n<\/li>\n<li>\n<h4><strong>Postavljanje zavjesa za nekoliko minuta bez alata,<\/strong><\/h4>\n<\/li>\n<li>\n<h4><strong>Strop se mo\u017ee zasjeniti u nekoliko sekundi kliznom sjenilom,<\/strong><\/h4>\n<\/li>\n<li>\n<h4><strong>Tri razine nagiba za svaki naslon zasebno,<\/strong><\/h4>\n<\/li>\n<li>\n<h4><strong>Vodoodbojna roba,<\/strong><\/h4>\n<\/li>\n<li>\n<h4><strong>Boja i debljina jastuka po \u017eelji,<\/strong><\/h4>\n<\/li>\n<li>\n<h4><strong>Boja zavjesa po \u017eelji,<\/strong><\/h4>\n<\/li>\n<li>\n<h4><strong>Zavjese koje se lako peru,<\/strong><\/h4>\n<\/li>\n<li>\n<h4><strong>Dimenzije jednog kreveta zajedno s odvojenim naslonom 200x90cm,<\/strong><\/h4>\n<\/li>\n<li>\n<h4><strong>Dimenzije objekta Dx\u0160xV=200x180x200cm, te\u017eina cca 150-200kg ovisno o vrsti drva,<\/strong><\/h4>\n<\/li>\n<li>\n<h4><strong>Materijal egzoti\u010dno drvo po izboru, boja prirodna ili po \u017eelji,<\/strong><\/h4>\n<\/li>\n<li>\n<h4><strong>U skladi\u0161tu zauzima malo prostora &#8211; 200x90x40cm + jastuci.<\/strong><\/h4>\n<\/li>\n<\/ul>\n","protected":false},"excerpt":{"rendered":"<p><strong><span style=\"color: #c4963c;\">\u2192 Jednostavna monta\u017ea i demonta\u017ea bez alata<\/span><\/strong><br \/>\n<strong><span style=\"color: #c4963c;\">\u2192 Sastavljaju\/rastavljaju dvije osobe za 10 minuta<\/span><\/strong><br \/>\n<strong><span style=\"color: #c4963c;\">\u2192 Zauzima minimalno prostora u skladi\u0161tu<\/span><\/strong><br \/>\n<strong><span style=\"color: #c4963c;\">\u2192 Rezervni dijelovi uvijek na zalihi<\/span><\/strong><br \/>\n<strong><span style=\"color: #c4963c;\">\u2192 Lako se \u010disti i odr\u017eava<\/span><\/strong><br \/>\n<strong><span style=\"color: #c4963c;\">\u2192 Tri razine nagiba za svaki naslon posebno<\/span><\/strong><br \/>\n<strong><span style=\"color: #c4963c;\">\u2192 Strop se mo\u017ee zasjeniti u nekoliko sekundi<\/span><\/strong><br \/>\n<strong><span style=\"color: #c4963c;\">\u2192 Boja i debljina jastuka po \u017eelji<\/span><\/strong><br \/>\n<strong><span style=\"color: #c4963c;\">\u2192 Egzoti\u010dno drvo po izboru<\/span><\/strong><\/p>\n","protected":false},"featured_media":23180,"comment_status":"open","ping_status":"closed","template":"","meta":[],"product_brand":[],"product_cat":[261],"product_tag":[218,442],"class_list":{"0":"post-23269","1":"product","2":"type-product","3":"status-publish","4":"has-post-thumbnail","6":"product_cat-vrtni-namjestaj","7":"product_tag-nov","8":"product_tag-po-narudzbi-cijena","10":"first","11":"instock","12":"taxable","13":"shipping-taxable","14":"purchasable","15":"product-type-simple"},"yoast_head":"<!-- This site is optimized with the Yoast SEO plugin v27.2 - https:\/\/yoast.com\/product\/yoast-seo-wordpress\/ -->\n<title>Kabana za pla\u017eu - Dupli vanjski krevet sa zavjesama i baldahinom<\/title>\n<meta name=\"description\" content=\"Kabana za pla\u017eu izra\u0111ena je od izdr\u017eljivog drva, jastuci su udobni i vodootporni. Krov i zavjese pru\u017eaju privatnost. Jednostavna instalacija i odr\u017eavanje.\" \/>\n<meta name=\"robots\" content=\"index, follow, max-snippet:-1, max-image-preview:large, max-video-preview:-1\" \/>\n<link rel=\"canonical\" href=\"https:\/\/pavidecor.si\/hr\/proizvod\/kabana-za-plazu-dupla-lezaljka-s-nadstresnicom-exotic\/\" \/>\n<meta property=\"og:locale\" content=\"hr_HR\" \/>\n<meta property=\"og:type\" content=\"article\" \/>\n<meta property=\"og:title\" content=\"Kabana za pla\u017eu - Dupli vanjski krevet sa zavjesama i baldahinom\" \/>\n<meta property=\"og:description\" content=\"Kabana za pla\u017eu izra\u0111ena je od izdr\u017eljivog drva, jastuci su udobni i vodootporni. Krov i zavjese pru\u017eaju privatnost. Jednostavna instalacija i odr\u017eavanje.\" \/>\n<meta property=\"og:url\" content=\"https:\/\/pavidecor.si\/hr\/proizvod\/kabana-za-plazu-dupla-lezaljka-s-nadstresnicom-exotic\/\" \/>\n<meta property=\"og:site_name\" content=\"Pavi Decor\" \/>\n<meta property=\"article:modified_time\" content=\"2026-04-24T18:12:03+00:00\" \/>\n<meta property=\"og:image\" content=\"https:\/\/pavidecor.si\/wp-content\/uploads\/2024\/12\/1-Kabana-natur-8.jpg\" \/>\n\t<meta property=\"og:image:width\" content=\"1366\" \/>\n\t<meta property=\"og:image:height\" content=\"1366\" \/>\n\t<meta property=\"og:image:type\" content=\"image\/jpeg\" \/>\n<meta name=\"twitter:card\" content=\"summary_large_image\" \/>\n<meta name=\"twitter:label1\" content=\"Procijenjeno vrijeme \u010ditanja\" \/>\n\t<meta name=\"twitter:data1\" content=\"4 minute\" \/>\n<script type=\"application\/ld+json\" class=\"yoast-schema-graph\">{\"@context\":\"https:\/\/schema.org\",\"@graph\":[{\"@type\":\"WebPage\",\"@id\":\"https:\/\/pavidecor.si\/hr\/proizvod\/kabana-za-plazu-dupla-lezaljka-s-nadstresnicom-exotic\/\",\"url\":\"https:\/\/pavidecor.si\/hr\/proizvod\/kabana-za-plazu-dupla-lezaljka-s-nadstresnicom-exotic\/\",\"name\":\"Kabana za pla\u017eu - Dupli vanjski krevet sa zavjesama i baldahinom\",\"isPartOf\":{\"@id\":\"https:\/\/pavidecor.si\/hr\/#website\"},\"primaryImageOfPage\":{\"@id\":\"https:\/\/pavidecor.si\/hr\/proizvod\/kabana-za-plazu-dupla-lezaljka-s-nadstresnicom-exotic\/#primaryimage\"},\"image\":{\"@id\":\"https:\/\/pavidecor.si\/hr\/proizvod\/kabana-za-plazu-dupla-lezaljka-s-nadstresnicom-exotic\/#primaryimage\"},\"thumbnailUrl\":\"https:\/\/pavidecor.si\/wp-content\/uploads\/2024\/12\/1-Kabana-natur-8.jpg\",\"datePublished\":\"2024-12-12T11:54:46+00:00\",\"dateModified\":\"2026-04-24T18:12:03+00:00\",\"description\":\"Kabana za pla\u017eu izra\u0111ena je od izdr\u017eljivog drva, jastuci su udobni i vodootporni. Krov i zavjese pru\u017eaju privatnost. Jednostavna instalacija i odr\u017eavanje.\",\"breadcrumb\":{\"@id\":\"https:\/\/pavidecor.si\/hr\/proizvod\/kabana-za-plazu-dupla-lezaljka-s-nadstresnicom-exotic\/#breadcrumb\"},\"inLanguage\":\"hr\",\"potentialAction\":[{\"@type\":\"ReadAction\",\"target\":[\"https:\/\/pavidecor.si\/hr\/proizvod\/kabana-za-plazu-dupla-lezaljka-s-nadstresnicom-exotic\/\"]}]},{\"@type\":\"ImageObject\",\"inLanguage\":\"hr\",\"@id\":\"https:\/\/pavidecor.si\/hr\/proizvod\/kabana-za-plazu-dupla-lezaljka-s-nadstresnicom-exotic\/#primaryimage\",\"url\":\"https:\/\/pavidecor.si\/wp-content\/uploads\/2024\/12\/1-Kabana-natur-8.jpg\",\"contentUrl\":\"https:\/\/pavidecor.si\/wp-content\/uploads\/2024\/12\/1-Kabana-natur-8.jpg\",\"width\":1366,\"height\":1366,\"caption\":\"PAVI DECOR\"},{\"@type\":\"BreadcrumbList\",\"@id\":\"https:\/\/pavidecor.si\/hr\/proizvod\/kabana-za-plazu-dupla-lezaljka-s-nadstresnicom-exotic\/#breadcrumb\",\"itemListElement\":[{\"@type\":\"ListItem\",\"position\":1,\"name\":\"Domov\",\"item\":\"https:\/\/pavidecor.si\/hr\/\"},{\"@type\":\"ListItem\",\"position\":2,\"name\":\"Internetska trgovina\",\"item\":\"https:\/\/pavidecor.si\/hr\/internetska-trgovina\/\"},{\"@type\":\"ListItem\",\"position\":3,\"name\":\"Kabana za pla\u017eu, dupla le\u017ealjka s nadstre\u0161nicom exotic 200x180x200cm\"}]},{\"@type\":\"WebSite\",\"@id\":\"https:\/\/pavidecor.si\/hr\/#website\",\"url\":\"https:\/\/pavidecor.si\/hr\/\",\"name\":\"Pavi Decor\",\"description\":\"Leseni unikati ustvarjeni iz ljubezni do lesa in narave.\",\"potentialAction\":[{\"@type\":\"SearchAction\",\"target\":{\"@type\":\"EntryPoint\",\"urlTemplate\":\"https:\/\/pavidecor.si\/hr\/?s={search_term_string}\"},\"query-input\":{\"@type\":\"PropertyValueSpecification\",\"valueRequired\":true,\"valueName\":\"search_term_string\"}}],\"inLanguage\":\"hr\"}]}<\/script>\n<!-- \/ Yoast SEO plugin. -->","yoast_head_json":{"title":"Kabana za pla\u017eu - Dupli vanjski krevet sa zavjesama i baldahinom","description":"Kabana za pla\u017eu izra\u0111ena je od izdr\u017eljivog drva, jastuci su udobni i vodootporni. Krov i zavjese pru\u017eaju privatnost. Jednostavna instalacija i odr\u017eavanje.","robots":{"index":"index","follow":"follow","max-snippet":"max-snippet:-1","max-image-preview":"max-image-preview:large","max-video-preview":"max-video-preview:-1"},"canonical":"https:\/\/pavidecor.si\/hr\/proizvod\/kabana-za-plazu-dupla-lezaljka-s-nadstresnicom-exotic\/","og_locale":"hr_HR","og_type":"article","og_title":"Kabana za pla\u017eu - Dupli vanjski krevet sa zavjesama i baldahinom","og_description":"Kabana za pla\u017eu izra\u0111ena je od izdr\u017eljivog drva, jastuci su udobni i vodootporni. Krov i zavjese pru\u017eaju privatnost. Jednostavna instalacija i odr\u017eavanje.","og_url":"https:\/\/pavidecor.si\/hr\/proizvod\/kabana-za-plazu-dupla-lezaljka-s-nadstresnicom-exotic\/","og_site_name":"Pavi Decor","article_modified_time":"2026-04-24T18:12:03+00:00","og_image":[{"width":1366,"height":1366,"url":"https:\/\/pavidecor.si\/wp-content\/uploads\/2024\/12\/1-Kabana-natur-8.jpg","type":"image\/jpeg"}],"twitter_card":"summary_large_image","twitter_misc":{"Procijenjeno vrijeme \u010ditanja":"4 minute"},"schema":{"@context":"https:\/\/schema.org","@graph":[{"@type":"WebPage","@id":"https:\/\/pavidecor.si\/hr\/proizvod\/kabana-za-plazu-dupla-lezaljka-s-nadstresnicom-exotic\/","url":"https:\/\/pavidecor.si\/hr\/proizvod\/kabana-za-plazu-dupla-lezaljka-s-nadstresnicom-exotic\/","name":"Kabana za pla\u017eu - Dupli vanjski krevet sa zavjesama i baldahinom","isPartOf":{"@id":"https:\/\/pavidecor.si\/hr\/#website"},"primaryImageOfPage":{"@id":"https:\/\/pavidecor.si\/hr\/proizvod\/kabana-za-plazu-dupla-lezaljka-s-nadstresnicom-exotic\/#primaryimage"},"image":{"@id":"https:\/\/pavidecor.si\/hr\/proizvod\/kabana-za-plazu-dupla-lezaljka-s-nadstresnicom-exotic\/#primaryimage"},"thumbnailUrl":"https:\/\/pavidecor.si\/wp-content\/uploads\/2024\/12\/1-Kabana-natur-8.jpg","datePublished":"2024-12-12T11:54:46+00:00","dateModified":"2026-04-24T18:12:03+00:00","description":"Kabana za pla\u017eu izra\u0111ena je od izdr\u017eljivog drva, jastuci su udobni i vodootporni. Krov i zavjese pru\u017eaju privatnost. Jednostavna instalacija i odr\u017eavanje.","breadcrumb":{"@id":"https:\/\/pavidecor.si\/hr\/proizvod\/kabana-za-plazu-dupla-lezaljka-s-nadstresnicom-exotic\/#breadcrumb"},"inLanguage":"hr","potentialAction":[{"@type":"ReadAction","target":["https:\/\/pavidecor.si\/hr\/proizvod\/kabana-za-plazu-dupla-lezaljka-s-nadstresnicom-exotic\/"]}]},{"@type":"ImageObject","inLanguage":"hr","@id":"https:\/\/pavidecor.si\/hr\/proizvod\/kabana-za-plazu-dupla-lezaljka-s-nadstresnicom-exotic\/#primaryimage","url":"https:\/\/pavidecor.si\/wp-content\/uploads\/2024\/12\/1-Kabana-natur-8.jpg","contentUrl":"https:\/\/pavidecor.si\/wp-content\/uploads\/2024\/12\/1-Kabana-natur-8.jpg","width":1366,"height":1366,"caption":"PAVI DECOR"},{"@type":"BreadcrumbList","@id":"https:\/\/pavidecor.si\/hr\/proizvod\/kabana-za-plazu-dupla-lezaljka-s-nadstresnicom-exotic\/#breadcrumb","itemListElement":[{"@type":"ListItem","position":1,"name":"Domov","item":"https:\/\/pavidecor.si\/hr\/"},{"@type":"ListItem","position":2,"name":"Internetska trgovina","item":"https:\/\/pavidecor.si\/hr\/internetska-trgovina\/"},{"@type":"ListItem","position":3,"name":"Kabana za pla\u017eu, dupla le\u017ealjka s nadstre\u0161nicom exotic 200x180x200cm"}]},{"@type":"WebSite","@id":"https:\/\/pavidecor.si\/hr\/#website","url":"https:\/\/pavidecor.si\/hr\/","name":"Pavi Decor","description":"Leseni unikati ustvarjeni iz ljubezni do lesa in narave.","potentialAction":[{"@type":"SearchAction","target":{"@type":"EntryPoint","urlTemplate":"https:\/\/pavidecor.si\/hr\/?s={search_term_string}"},"query-input":{"@type":"PropertyValueSpecification","valueRequired":true,"valueName":"search_term_string"}}],"inLanguage":"hr"}]}},"_links":{"self":[{"href":"https:\/\/pavidecor.si\/hr\/wp-json\/wp\/v2\/product\/23269","targetHints":{"allow":["GET"]}}],"collection":[{"href":"https:\/\/pavidecor.si\/hr\/wp-json\/wp\/v2\/product"}],"about":[{"href":"https:\/\/pavidecor.si\/hr\/wp-json\/wp\/v2\/types\/product"}],"replies":[{"embeddable":true,"href":"https:\/\/pavidecor.si\/hr\/wp-json\/wp\/v2\/comments?post=23269"}],"wp:featuredmedia":[{"embeddable":true,"href":"https:\/\/pavidecor.si\/hr\/wp-json\/wp\/v2\/media\/23180"}],"wp:attachment":[{"href":"https:\/\/pavidecor.si\/hr\/wp-json\/wp\/v2\/media?parent=23269"}],"wp:term":[{"taxonomy":"product_brand","embeddable":true,"href":"https:\/\/pavidecor.si\/hr\/wp-json\/wp\/v2\/product_brand?post=23269"},{"taxonomy":"product_cat","embeddable":true,"href":"https:\/\/pavidecor.si\/hr\/wp-json\/wp\/v2\/product_cat?post=23269"},{"taxonomy":"product_tag","embeddable":true,"href":"https:\/\/pavidecor.si\/hr\/wp-json\/wp\/v2\/product_tag?post=23269"}],"curies":[{"name":"wp","href":"https:\/\/api.w.org\/{rel}","templated":true}]}}