	{"id":23235,"date":"2024-12-19T08:08:40","date_gmt":"2024-12-19T08:08:40","guid":{"rendered":"https:\/\/pavidecor.si\/?post_type=product&#038;p=23235"},"modified":"2026-04-22T03:01:44","modified_gmt":"2026-04-22T03:01:44","slug":"masivni-stol-cuba-style","status":"publish","type":"product","link":"https:\/\/pavidecor.si\/hr\/proizvod\/masivni-stol-cuba-style\/","title":{"rendered":"Masivni stol Cuba Style 70x66x62cm"},"content":{"rendered":"<p>Masivni stol Cuba Style &#8211; Toplina i doma\u0107nost za svaku prostoriju<span class=\"prvimanjsinaslovopis\"> &#8211;\u00a0Dimenzije 70x66x62cm<\/span><\/p>\n<p>&nbsp;<\/p>\n<p>&nbsp;<\/p>\n<h2><span class=\"odebeljenopis\"><strong> U\u017eivajte u jedinstvenom iskustvu s na\u0161im ru\u010dno ra\u0111enim masivnim stolom od egzoti\u010dnog drva. Ovaj klasi\u010dan masivni stol ne samo da \u0107e obogatiti va\u0161 prostor, ve\u0107 \u0107e i donijeti toplinu i udobnost u va\u0161u blagovaonicu, kuhinju, dnevni boravak ili na terasu.<\/strong><\/span><\/h2>\n<p>&nbsp;<\/p>\n<div class=\"row\">\n<div class=\"col-sm-6 \" style=\"margin-top: 30px;\"><center><img decoding=\"async\" class=\"lazyload img-responsive\" style=\"margin: 0px auto; max-width: 100%;\" src=\"data:image\/svg+xml,%3Csvg%20xmlns%3D%27http%3A%2F%2Fwww.w3.org%2F2000%2Fsvg%27%20width%3D%271366%27%20height%3D%271366%27%20viewBox%3D%270%200%201366%201366%27%3E%3Crect%20width%3D%271366%27%20height%3D%271366%27%20fill-opacity%3D%220%22%2F%3E%3C%2Fsvg%3E\" data-orig-src=\"https:\/\/pavidecor.si\/wp-content\/uploads\/2024\/12\/1-Miza-Cuba-Style.jpg\" \/><\/center><\/div>\n<div class=\"col-sm-6\" style=\"margin-top: 40px;\">\n<p>&nbsp;<\/p>\n<h3>Jedinstvena ru\u010dna izrada<\/h3>\n<p>Masivni stol Cuba Style iz PAVI DECOR-a u Ljubljani predstavlja pravi primjer <b>ljubavi prema drvetu i prirodi<\/b>. Svaki komad je rezultat na\u0161eg vlastitog znanja i kreativnosti, a posebnost na\u0161ih proizvoda le\u017ei u ru\u010dnoj izradi. Ovaj stol je izra\u0111en s pa\u017enjom na detalje, koriste\u0107i tradicionalne metode spajanja drvenih dijelova, \u0161to mu daje autenti\u010dan izgled.<\/p>\n<p>&nbsp;<\/p>\n<p>U PAVI DECOR-u vjerujemo da svaki komad namje\u0161taja treba pri\u010dati svoju pri\u010du. Na\u0161 masivni stol nije samo funkcionalan komad namje\u0161taja, ve\u0107 i umjetni\u010dko djelo koje \u0107e obogatiti svaki prostor. S njegovim <strong>elegantnim linijama i prirodnim zavr\u0161nim obradama<\/strong>, savr\u0161eno se uklapa u rustikalne i shabby chic ambijente, ali i u moderna stanovanja.<\/p>\n<p>&nbsp;<\/p>\n<\/div>\n<\/div>\n<div class=\"row\">\n<div class=\"col-sm-6 col-sm-push-6\" style=\"margin-top: 30px;\"><center><img decoding=\"async\" class=\"lazyload img-responsive\" style=\"margin: 0px auto; max-width: 100%;\" src=\"data:image\/svg+xml,%3Csvg%20xmlns%3D%27http%3A%2F%2Fwww.w3.org%2F2000%2Fsvg%27%20width%3D%27968%27%20height%3D%27968%27%20viewBox%3D%270%200%20968%20968%27%3E%3Crect%20width%3D%27968%27%20height%3D%27968%27%20fill-opacity%3D%220%22%2F%3E%3C%2Fsvg%3E\" data-orig-src=\"https:\/\/pavidecor.si\/wp-content\/uploads\/2024\/12\/2-Miza-Cuba-Style.jpg\" \/><\/center><\/div>\n<div class=\"col-sm-6 col-sm-pull-6\" style=\"margin-top: 40px;\">\n<p>&nbsp;<\/p>\n<h3>Funkcionalnost i estetika<\/h3>\n<p>Ovaj klasi\u010dan stol nije samo lijep ukras, ve\u0107 i izuzetno funkcionalan. Idealan je za kori\u0161tenje u blagovaonici, kuhinji ili dnevnom boravku, a mo\u017ee se postaviti i na pokrivenu terasu ili u zimski vrt. <b>Egzoti\u010dno drvo<\/b> od kojeg je izra\u0111en pru\u017ea izvanrednu udobnost i trajnost, \u010dine\u0107i ga savr\u0161enim izborom za svakodnevnu upotrebu.<\/p>\n<p>&nbsp;<\/p>\n<p>S vidljivom strukturom drva, ovaj stol donosi toplinu i doma\u0107insku atmosferu u svaki prostor. Njegova svestranost omogu\u0107ava vam da ga kombinirate s razli\u010ditim stilovima namje\u0161taja, \u010dime \u0107ete <strong>dodatno obogatiti svoj interijer ili eksterijer<\/strong>. U\u017eivajte u obrocima s obitelji i prijateljima, znaju\u0107i da ste odabrali kvalitetan i estetski privla\u010dan komad namje\u0161taja.<\/p>\n<p>&nbsp;<\/p>\n<\/div>\n<\/div>\n<div class=\"row\">\n<div class=\"col-sm-6\" style=\"margin-top: 30px;\"><center><img decoding=\"async\" class=\"lazyload img-responsive\" style=\"margin: 0px auto; max-width: 100%;\" src=\"data:image\/svg+xml,%3Csvg%20xmlns%3D%27http%3A%2F%2Fwww.w3.org%2F2000%2Fsvg%27%20width%3D%27789%27%20height%3D%27789%27%20viewBox%3D%270%200%20789%20789%27%3E%3Crect%20width%3D%27789%27%20height%3D%27789%27%20fill-opacity%3D%220%22%2F%3E%3C%2Fsvg%3E\" data-orig-src=\" https:\/\/pavidecor.si\/wp-content\/uploads\/2024\/12\/3-Miza-Cuba-Style.jpg\" \/><\/center><\/div>\n<div class=\"col-sm-6\" style=\"margin-top: 40px;\">\n<p>&nbsp;<\/p>\n<h3>Specifikacije proizvoda<\/h3>\n<p>Na\u0161 ru\u010dno ra\u0111en blagovaonski stol izra\u0111en je od egzoti\u010dnog drva, \u0161to mu daje <strong>jedinstvenu strukturu i izgled<\/strong>. Klasi\u010dan model savr\u0161eno se uklapa u razli\u010dite prostore, od modernih do rustikalnih. Masivni stol je pogodan za kori\u0161tenje u blagovaonici, kuhinji ili dnevnom boravku, a mo\u017ee se koristiti i na pokrivenim terasama ili u zimskim vrtovima.<\/p>\n<p>&nbsp;<\/p>\n<p>S obzirom na to da je svaki komad ru\u010dno izra\u0111en, mo\u017eete o\u010dekivati <b>autenti\u010dnost i jedinstvenost<\/b> svakog proizvoda. Na\u0161a ljubav prema drvetu i prirodi o\u010dituje se u svakom detalju, a tradicionalne metode izrade osiguravaju da svaki komad bude ne samo lijep, ve\u0107 i dugotrajan. Posjetite nas i pogledajte na\u0161u <a href=\"https:\/\/pavidecor.si\/hr\/projects\/blagovaonica-maja\/\"><strong><span style=\"color: #3366ff;\">blagovaonicu Maja<\/span><\/strong><\/a> u kojoj mo\u017eete vidjeti blagovaonski stol na djelu. Sigurni smo da \u0107ete biti o\u010darani njegovom ljepotom i funkcionalno\u0161\u0107u. Pridru\u017eite nam se na putu stvaranja toplih i ugodnih prostora u kojima \u0107ete se osje\u0107ati kao kod ku\u0107e.<\/p>\n<\/div>\n<\/div>\n<p>&nbsp;<\/p>\n","protected":false},"excerpt":{"rendered":"<p><strong><span style=\"color: #c4963c;\">\u2192 Rukotvorine<br \/>\n<\/span><span style=\"color: #c4963c;\">\u2192 Egzoti\u010dno drvo<\/span><\/strong><br \/>\n<strong><span style=\"color: #c4963c;\">\u2192 Jedinstven<\/span><\/strong><\/p>\n","protected":false},"featured_media":23238,"comment_status":"open","ping_status":"closed","template":"","meta":[],"product_brand":[],"product_cat":[252,261],"product_tag":[218,442],"class_list":{"0":"post-23235","1":"product","2":"type-product","3":"status-publish","4":"has-post-thumbnail","6":"product_cat-stolovi","7":"product_cat-vrtni-namjestaj","8":"product_tag-nov","9":"product_tag-po-narudzbi-cijena","11":"first","12":"instock","13":"sold-individually","14":"taxable","15":"shipping-taxable","16":"purchasable","17":"product-type-simple"},"yoast_head":"<!-- This site is optimized with the Yoast SEO plugin v27.2 - https:\/\/yoast.com\/product\/yoast-seo-wordpress\/ -->\n<title>Masivni stol Cuba Style - Toplina i doma\u0107nost za svaku prostoriju<\/title>\n<meta name=\"description\" content=\"Masivni stol Cuba Style ru\u010dno je izra\u0111en od egzoti\u010dnog drva. Lijepom vidljivom strukturom drveta zra\u010di toplinom i doma\u0107om ugo\u0111ajem. Jedinstven proizvod.\" \/>\n<meta name=\"robots\" content=\"index, follow, max-snippet:-1, max-image-preview:large, max-video-preview:-1\" \/>\n<link rel=\"canonical\" href=\"https:\/\/pavidecor.si\/hr\/proizvod\/masivni-stol-cuba-style\/\" \/>\n<meta property=\"og:locale\" content=\"hr_HR\" \/>\n<meta property=\"og:type\" content=\"article\" \/>\n<meta property=\"og:title\" content=\"Masivni stol Cuba Style - Toplina i doma\u0107nost za svaku prostoriju\" \/>\n<meta property=\"og:description\" content=\"Masivni stol Cuba Style ru\u010dno je izra\u0111en od egzoti\u010dnog drva. Lijepom vidljivom strukturom drveta zra\u010di toplinom i doma\u0107om ugo\u0111ajem. Jedinstven proizvod.\" \/>\n<meta property=\"og:url\" content=\"https:\/\/pavidecor.si\/hr\/proizvod\/masivni-stol-cuba-style\/\" \/>\n<meta property=\"og:site_name\" content=\"Pavi Decor\" \/>\n<meta property=\"article:modified_time\" content=\"2026-04-22T03:01:44+00:00\" \/>\n<meta property=\"og:image\" content=\"https:\/\/pavidecor.si\/wp-content\/uploads\/2024\/12\/1-Miza-Cuba-Style.jpg\" \/>\n\t<meta property=\"og:image:width\" content=\"1366\" \/>\n\t<meta property=\"og:image:height\" content=\"1366\" \/>\n\t<meta property=\"og:image:type\" content=\"image\/jpeg\" \/>\n<meta name=\"twitter:card\" content=\"summary_large_image\" \/>\n<meta name=\"twitter:label1\" content=\"Procijenjeno vrijeme \u010ditanja\" \/>\n\t<meta name=\"twitter:data1\" content=\"4 minute\" \/>\n<script type=\"application\/ld+json\" class=\"yoast-schema-graph\">{\"@context\":\"https:\/\/schema.org\",\"@graph\":[{\"@type\":\"WebPage\",\"@id\":\"https:\/\/pavidecor.si\/hr\/proizvod\/masivni-stol-cuba-style\/\",\"url\":\"https:\/\/pavidecor.si\/hr\/proizvod\/masivni-stol-cuba-style\/\",\"name\":\"Masivni stol Cuba Style - Toplina i doma\u0107nost za svaku prostoriju\",\"isPartOf\":{\"@id\":\"https:\/\/pavidecor.si\/hr\/#website\"},\"primaryImageOfPage\":{\"@id\":\"https:\/\/pavidecor.si\/hr\/proizvod\/masivni-stol-cuba-style\/#primaryimage\"},\"image\":{\"@id\":\"https:\/\/pavidecor.si\/hr\/proizvod\/masivni-stol-cuba-style\/#primaryimage\"},\"thumbnailUrl\":\"https:\/\/pavidecor.si\/wp-content\/uploads\/2024\/12\/1-Miza-Cuba-Style.jpg\",\"datePublished\":\"2024-12-19T08:08:40+00:00\",\"dateModified\":\"2026-04-22T03:01:44+00:00\",\"description\":\"Masivni stol Cuba Style ru\u010dno je izra\u0111en od egzoti\u010dnog drva. Lijepom vidljivom strukturom drveta zra\u010di toplinom i doma\u0107om ugo\u0111ajem. Jedinstven proizvod.\",\"breadcrumb\":{\"@id\":\"https:\/\/pavidecor.si\/hr\/proizvod\/masivni-stol-cuba-style\/#breadcrumb\"},\"inLanguage\":\"hr\",\"potentialAction\":[{\"@type\":\"ReadAction\",\"target\":[\"https:\/\/pavidecor.si\/hr\/proizvod\/masivni-stol-cuba-style\/\"]}]},{\"@type\":\"ImageObject\",\"inLanguage\":\"hr\",\"@id\":\"https:\/\/pavidecor.si\/hr\/proizvod\/masivni-stol-cuba-style\/#primaryimage\",\"url\":\"https:\/\/pavidecor.si\/wp-content\/uploads\/2024\/12\/1-Miza-Cuba-Style.jpg\",\"contentUrl\":\"https:\/\/pavidecor.si\/wp-content\/uploads\/2024\/12\/1-Miza-Cuba-Style.jpg\",\"width\":1366,\"height\":1366,\"caption\":\"PAVI DECOR\"},{\"@type\":\"BreadcrumbList\",\"@id\":\"https:\/\/pavidecor.si\/hr\/proizvod\/masivni-stol-cuba-style\/#breadcrumb\",\"itemListElement\":[{\"@type\":\"ListItem\",\"position\":1,\"name\":\"Domov\",\"item\":\"https:\/\/pavidecor.si\/hr\/\"},{\"@type\":\"ListItem\",\"position\":2,\"name\":\"Internetska trgovina\",\"item\":\"https:\/\/pavidecor.si\/hr\/internetska-trgovina\/\"},{\"@type\":\"ListItem\",\"position\":3,\"name\":\"Masivni stol Cuba Style 70x66x62cm\"}]},{\"@type\":\"WebSite\",\"@id\":\"https:\/\/pavidecor.si\/hr\/#website\",\"url\":\"https:\/\/pavidecor.si\/hr\/\",\"name\":\"Pavi Decor\",\"description\":\"Leseni unikati ustvarjeni iz ljubezni do lesa in narave.\",\"potentialAction\":[{\"@type\":\"SearchAction\",\"target\":{\"@type\":\"EntryPoint\",\"urlTemplate\":\"https:\/\/pavidecor.si\/hr\/?s={search_term_string}\"},\"query-input\":{\"@type\":\"PropertyValueSpecification\",\"valueRequired\":true,\"valueName\":\"search_term_string\"}}],\"inLanguage\":\"hr\"}]}<\/script>\n<!-- \/ Yoast SEO plugin. -->","yoast_head_json":{"title":"Masivni stol Cuba Style - Toplina i doma\u0107nost za svaku prostoriju","description":"Masivni stol Cuba Style ru\u010dno je izra\u0111en od egzoti\u010dnog drva. Lijepom vidljivom strukturom drveta zra\u010di toplinom i doma\u0107om ugo\u0111ajem. Jedinstven proizvod.","robots":{"index":"index","follow":"follow","max-snippet":"max-snippet:-1","max-image-preview":"max-image-preview:large","max-video-preview":"max-video-preview:-1"},"canonical":"https:\/\/pavidecor.si\/hr\/proizvod\/masivni-stol-cuba-style\/","og_locale":"hr_HR","og_type":"article","og_title":"Masivni stol Cuba Style - Toplina i doma\u0107nost za svaku prostoriju","og_description":"Masivni stol Cuba Style ru\u010dno je izra\u0111en od egzoti\u010dnog drva. Lijepom vidljivom strukturom drveta zra\u010di toplinom i doma\u0107om ugo\u0111ajem. Jedinstven proizvod.","og_url":"https:\/\/pavidecor.si\/hr\/proizvod\/masivni-stol-cuba-style\/","og_site_name":"Pavi Decor","article_modified_time":"2026-04-22T03:01:44+00:00","og_image":[{"width":1366,"height":1366,"url":"https:\/\/pavidecor.si\/wp-content\/uploads\/2024\/12\/1-Miza-Cuba-Style.jpg","type":"image\/jpeg"}],"twitter_card":"summary_large_image","twitter_misc":{"Procijenjeno vrijeme \u010ditanja":"4 minute"},"schema":{"@context":"https:\/\/schema.org","@graph":[{"@type":"WebPage","@id":"https:\/\/pavidecor.si\/hr\/proizvod\/masivni-stol-cuba-style\/","url":"https:\/\/pavidecor.si\/hr\/proizvod\/masivni-stol-cuba-style\/","name":"Masivni stol Cuba Style - Toplina i doma\u0107nost za svaku prostoriju","isPartOf":{"@id":"https:\/\/pavidecor.si\/hr\/#website"},"primaryImageOfPage":{"@id":"https:\/\/pavidecor.si\/hr\/proizvod\/masivni-stol-cuba-style\/#primaryimage"},"image":{"@id":"https:\/\/pavidecor.si\/hr\/proizvod\/masivni-stol-cuba-style\/#primaryimage"},"thumbnailUrl":"https:\/\/pavidecor.si\/wp-content\/uploads\/2024\/12\/1-Miza-Cuba-Style.jpg","datePublished":"2024-12-19T08:08:40+00:00","dateModified":"2026-04-22T03:01:44+00:00","description":"Masivni stol Cuba Style ru\u010dno je izra\u0111en od egzoti\u010dnog drva. Lijepom vidljivom strukturom drveta zra\u010di toplinom i doma\u0107om ugo\u0111ajem. Jedinstven proizvod.","breadcrumb":{"@id":"https:\/\/pavidecor.si\/hr\/proizvod\/masivni-stol-cuba-style\/#breadcrumb"},"inLanguage":"hr","potentialAction":[{"@type":"ReadAction","target":["https:\/\/pavidecor.si\/hr\/proizvod\/masivni-stol-cuba-style\/"]}]},{"@type":"ImageObject","inLanguage":"hr","@id":"https:\/\/pavidecor.si\/hr\/proizvod\/masivni-stol-cuba-style\/#primaryimage","url":"https:\/\/pavidecor.si\/wp-content\/uploads\/2024\/12\/1-Miza-Cuba-Style.jpg","contentUrl":"https:\/\/pavidecor.si\/wp-content\/uploads\/2024\/12\/1-Miza-Cuba-Style.jpg","width":1366,"height":1366,"caption":"PAVI DECOR"},{"@type":"BreadcrumbList","@id":"https:\/\/pavidecor.si\/hr\/proizvod\/masivni-stol-cuba-style\/#breadcrumb","itemListElement":[{"@type":"ListItem","position":1,"name":"Domov","item":"https:\/\/pavidecor.si\/hr\/"},{"@type":"ListItem","position":2,"name":"Internetska trgovina","item":"https:\/\/pavidecor.si\/hr\/internetska-trgovina\/"},{"@type":"ListItem","position":3,"name":"Masivni stol Cuba Style 70x66x62cm"}]},{"@type":"WebSite","@id":"https:\/\/pavidecor.si\/hr\/#website","url":"https:\/\/pavidecor.si\/hr\/","name":"Pavi Decor","description":"Leseni unikati ustvarjeni iz ljubezni do lesa in narave.","potentialAction":[{"@type":"SearchAction","target":{"@type":"EntryPoint","urlTemplate":"https:\/\/pavidecor.si\/hr\/?s={search_term_string}"},"query-input":{"@type":"PropertyValueSpecification","valueRequired":true,"valueName":"search_term_string"}}],"inLanguage":"hr"}]}},"_links":{"self":[{"href":"https:\/\/pavidecor.si\/hr\/wp-json\/wp\/v2\/product\/23235","targetHints":{"allow":["GET"]}}],"collection":[{"href":"https:\/\/pavidecor.si\/hr\/wp-json\/wp\/v2\/product"}],"about":[{"href":"https:\/\/pavidecor.si\/hr\/wp-json\/wp\/v2\/types\/product"}],"replies":[{"embeddable":true,"href":"https:\/\/pavidecor.si\/hr\/wp-json\/wp\/v2\/comments?post=23235"}],"wp:featuredmedia":[{"embeddable":true,"href":"https:\/\/pavidecor.si\/hr\/wp-json\/wp\/v2\/media\/23238"}],"wp:attachment":[{"href":"https:\/\/pavidecor.si\/hr\/wp-json\/wp\/v2\/media?parent=23235"}],"wp:term":[{"taxonomy":"product_brand","embeddable":true,"href":"https:\/\/pavidecor.si\/hr\/wp-json\/wp\/v2\/product_brand?post=23235"},{"taxonomy":"product_cat","embeddable":true,"href":"https:\/\/pavidecor.si\/hr\/wp-json\/wp\/v2\/product_cat?post=23235"},{"taxonomy":"product_tag","embeddable":true,"href":"https:\/\/pavidecor.si\/hr\/wp-json\/wp\/v2\/product_tag?post=23235"}],"curies":[{"name":"wp","href":"https:\/\/api.w.org\/{rel}","templated":true}]}}