	{"id":20891,"date":"2023-01-30T10:26:29","date_gmt":"2023-01-30T10:26:29","guid":{"rendered":"https:\/\/pavidecor.si\/product\/kucica-za-ptice-mrijestiliste-zeleno-ruzicasto-pjegavo\/"},"modified":"2026-04-23T15:13:53","modified_gmt":"2026-04-23T15:13:53","slug":"drvena-valionica-za-ptice-zeleno-ruzicasta-pjegava","status":"publish","type":"product","link":"https:\/\/pavidecor.si\/hr\/proizvod\/drvena-valionica-za-ptice-zeleno-ruzicasta-pjegava\/","title":{"rendered":"Drvena valionica za ptice zeleno ru\u017ei\u010dasta pjegava"},"content":{"rendered":"<p><span class=\"prvimanjsinaslovopis\">Drvena valionica za ptice &#8211; Stvorite raj za ptice u svom vrtu<\/span><\/p>\n<p>&nbsp;<\/p>\n<h2><span class=\"odebeljenopis\"><strong><br \/>\nValionica za ptice je savr\u0161en dodatak za svaki vrt, omogu\u0107uju\u0107i pticama pjevicama sigurno gnezdenje. Ova jedinstvena ku\u0107ica ne samo da privla\u010di ptice, ve\u0107 i doprinosi zdravlju va\u0161eg vrta, jer poma\u017ee u kontroli \u0161teto\u010dina. U PAVI DECOR-u iz Ljubljane, svaki na\u0161 proizvod odra\u017eava ljubav prema drvetu i prirodi.<\/strong><\/span><\/h2>\n<p>&nbsp;<\/p>\n<div class=\"row\">\n<div class=\"col-sm-6 \" style=\"margin-top: 30px;\"><center><img decoding=\"async\" class=\"lazyload img-responsive\" style=\"margin: 0px auto; max-width: 100%;\" src=\"data:image\/svg+xml,%3Csvg%20xmlns%3D%27http%3A%2F%2Fwww.w3.org%2F2000%2Fsvg%27%20width%3D%272057%27%20height%3D%272057%27%20viewBox%3D%270%200%202057%202057%27%3E%3Crect%20width%3D%272057%27%20height%3D%272057%27%20fill-opacity%3D%220%22%2F%3E%3C%2Fsvg%3E\" data-orig-src=\"https:\/\/pavidecor.si\/wp-content\/uploads\/2023\/01\/IMG_7588-2.jpg\" \/><\/center><\/div>\n<div class=\"col-sm-6\" style=\"margin-top: 40px;\">\n<p>&nbsp;<\/p>\n<h3>Unikatna ru\u010dna izrada<\/h3>\n<p>Na\u0161i proizvodi, uklju\u010duju\u0107i ku\u0107icu za ptice, izra\u0111eni su s posebnom pa\u017enjom i ljubavlju. <b>Ru\u010dno izra\u0111eni<\/b><strong> od kvalitetnog drva<\/strong>, svaki komad nosi pe\u010dat na\u0161eg znanja i kreativnosti. Ova ku\u0107ica za ptice je rezultat tradicionalnih tehnika spajanja drvenih dijelova, koje su koristili stari majstori. Ovaj na\u010din izrade ne samo da osigurava \u010dvrsto\u0107u i dugovje\u010dnost, ve\u0107 i daje proizvodu autenti\u010dan izgled koji \u0107e obogatiti svaki vrt.<\/p>\n<p>&nbsp;<\/p>\n<p><span class=\"prvimanjsinaslovopis\">Drvena valionica za ptice<\/span> je ru\u010dno obojena akrilnim bojama, \u0161to je \u010dini <strong>potpuno<\/strong> <b>unikatnom<\/b>. Svaka ku\u0107ica ima svoj jedinstveni dizajn i boje, \u0161to je \u010dini savr\u0161enim dodatkom za va\u0161 vanjski prostor. Osim \u0161to je estetski privla\u010dna, ova ku\u0107ica je i funkcionalna, pru\u017eaju\u0107i pticama sigurno mjesto za gnije\u017e\u0111enje i odgoj mladih.<\/p>\n<p>&nbsp;<\/p>\n<\/div>\n<\/div>\n<div class=\"row\">\n<div class=\"col-sm-12\">\n<p>&nbsp;<\/p>\n<h3>Prednosti ku\u0107ice za ptice<\/h3>\n<p>Jedna od glavnih prednosti ku\u0107ice za ptice je njena sposobnost privla\u010denja ptica pjevica u va\u0161 vrt. Ove ptice su ne samo lijepe, ve\u0107 i korisne, jer poma\u017eu u kontroli \u0161teto\u010dina tijekom toplijih mjeseci. Njihovo prisustvo mo\u017ee zna\u010dajno pobolj\u0161ati zdravlje va\u0161eg vrta, jer se hrane raznim insektima koji mogu na\u0161tetiti biljkama. Zimi mo\u017eete staviti hranu za ptice u <a href=\"https:\/\/pavidecor.si\/hr\/proizvod\/hranilica-za-ptice\/\"><strong><span style=\"color: #3366ff;\">na\u0161u hranilicu<\/span><\/strong><\/a>.<\/p>\n<p>&nbsp;<\/p>\n<p>Osim toga, d<span class=\"prvimanjsinaslovopis\">rvena valionica za ptice<\/span> je dizajnirana za jednostavno postavljanje. Mo\u017ee se obijesiti na drvo ili ispod nadstre\u0161nice, zahvaljuju\u0107i ve\u0107 prilo\u017eenom obije\u0161alu na vrhu. Ova prakti\u010dnost \u010dini je idealnim rje\u0161enjem za sve koji \u017eele stvoriti <strong>sigurno okru\u017eenje za ptice<\/strong>. U\u017eivajte u promatranju ptica koje dolaze u va\u0161 vrt, dok se istovremeno brinete o prirodi.<\/p>\n<p>&nbsp;<\/p>\n<\/div>\n<\/div>\n<div class=\"row\">\n<div class=\"col-sm-12\">\n<p>&nbsp;<\/p>\n<h3>Specifikacije i informacije o proizvodu<\/h3>\n<p><span class=\"prvimanjsinaslovopis\">Drvena valionica za ptice<\/span> je obavezna oprema svakog vrta. Omogu\u0107uje sigurno gnije\u017e\u0111enje ptica, koje su vrlo po\u017eeljni posjetitelji vrta. Ku\u0107icu je najbolje obijesiti na drvo ili pod nadstre\u0161nicu, a za tu svrhu ima ve\u0107 prilo\u017eeno obije\u0161alo na vrhu. Ova ku\u0107ica je <strong>ru\u010dno obojena akrilnim bojama<\/strong>, \u0161to je \u010dini potpuno unikatnom.<\/p>\n<p>&nbsp;<\/p>\n<p>U PAVI DECOR-u iz Ljubljane, svaki na\u0161 proizvod odra\u017eava na\u0161u strast prema drvetu i prirodi. Svi na\u0161i proizvodi su rezultat vlastitog znanja i kreativnosti, a izra\u0111eni su u Sloveniji. Odaberite na\u0161u k<span class=\"prvimanjsinaslovopis\">u\u0107icu za ptice &#8211; valionicu<\/span> i stvorite <strong>savr\u0161eno mjesto za ptice u svom vrtu<\/strong>.<\/p>\n<\/div>\n<\/div>\n<p>&nbsp;<\/p>\n","protected":false},"excerpt":{"rendered":"<p><strong><span style=\"color: #c4963c;\">\u2192 Ru\u010dno izra\u0111ena<\/span><\/strong><strong><span style=\"color: #c4963c;\"><br \/>\n<\/span><span style=\"color: #c4963c;\">\u2192 Jedinstvena<\/span><\/strong><\/p>\n","protected":false},"featured_media":20892,"comment_status":"open","ping_status":"closed","template":"","meta":[],"product_brand":[],"product_cat":[309],"product_tag":[218],"class_list":{"0":"post-20891","1":"product","2":"type-product","3":"status-publish","4":"has-post-thumbnail","6":"product_cat-kucice-za-ptice","7":"product_tag-nov","9":"first","10":"instock","11":"taxable","12":"shipping-taxable","13":"purchasable","14":"product-type-simple"},"yoast_head":"<!-- This site is optimized with the Yoast SEO plugin v27.2 - https:\/\/yoast.com\/product\/yoast-seo-wordpress\/ -->\n<title>Drvena valionica za ptice - Sigurno mjesto za gnije\u017e\u0111enje ptica<\/title>\n<meta name=\"description\" content=\"Drvena valionica za ptice je obavezna oprema svakog vrta, jer omogu\u0107uje sigurno gnije\u017e\u0111enje ptica pjevica. Jedinstveno je obojena i ima vje\u0161alicu.\" \/>\n<meta name=\"robots\" content=\"index, follow, max-snippet:-1, max-image-preview:large, max-video-preview:-1\" \/>\n<link rel=\"canonical\" href=\"https:\/\/pavidecor.si\/hr\/proizvod\/drvena-valionica-za-ptice-zeleno-ruzicasta-pjegava\/\" \/>\n<meta property=\"og:locale\" content=\"hr_HR\" \/>\n<meta property=\"og:type\" content=\"article\" \/>\n<meta property=\"og:title\" content=\"Drvena valionica za ptice - Sigurno mjesto za gnije\u017e\u0111enje ptica\" \/>\n<meta property=\"og:description\" content=\"Drvena valionica za ptice je obavezna oprema svakog vrta, jer omogu\u0107uje sigurno gnije\u017e\u0111enje ptica pjevica. Jedinstveno je obojena i ima vje\u0161alicu.\" \/>\n<meta property=\"og:url\" content=\"https:\/\/pavidecor.si\/hr\/proizvod\/drvena-valionica-za-ptice-zeleno-ruzicasta-pjegava\/\" \/>\n<meta property=\"og:site_name\" content=\"Pavi Decor\" \/>\n<meta property=\"article:modified_time\" content=\"2026-04-23T15:13:53+00:00\" \/>\n<meta property=\"og:image\" content=\"https:\/\/pavidecor.si\/wp-content\/uploads\/2023\/01\/IMG_7588-2.jpg\" \/>\n\t<meta property=\"og:image:width\" content=\"2057\" \/>\n\t<meta property=\"og:image:height\" content=\"2057\" \/>\n\t<meta property=\"og:image:type\" content=\"image\/jpeg\" \/>\n<meta name=\"twitter:card\" content=\"summary_large_image\" \/>\n<meta name=\"twitter:label1\" content=\"Procijenjeno vrijeme \u010ditanja\" \/>\n\t<meta name=\"twitter:data1\" content=\"3 minute\" \/>\n<script type=\"application\/ld+json\" class=\"yoast-schema-graph\">{\"@context\":\"https:\/\/schema.org\",\"@graph\":[{\"@type\":\"WebPage\",\"@id\":\"https:\/\/pavidecor.si\/hr\/proizvod\/drvena-valionica-za-ptice-zeleno-ruzicasta-pjegava\/\",\"url\":\"https:\/\/pavidecor.si\/hr\/proizvod\/drvena-valionica-za-ptice-zeleno-ruzicasta-pjegava\/\",\"name\":\"Drvena valionica za ptice - Sigurno mjesto za gnije\u017e\u0111enje ptica\",\"isPartOf\":{\"@id\":\"https:\/\/pavidecor.si\/hr\/#website\"},\"primaryImageOfPage\":{\"@id\":\"https:\/\/pavidecor.si\/hr\/proizvod\/drvena-valionica-za-ptice-zeleno-ruzicasta-pjegava\/#primaryimage\"},\"image\":{\"@id\":\"https:\/\/pavidecor.si\/hr\/proizvod\/drvena-valionica-za-ptice-zeleno-ruzicasta-pjegava\/#primaryimage\"},\"thumbnailUrl\":\"https:\/\/pavidecor.si\/wp-content\/uploads\/2023\/01\/IMG_7588-2.jpg\",\"datePublished\":\"2023-01-30T10:26:29+00:00\",\"dateModified\":\"2026-04-23T15:13:53+00:00\",\"description\":\"Drvena valionica za ptice je obavezna oprema svakog vrta, jer omogu\u0107uje sigurno gnije\u017e\u0111enje ptica pjevica. Jedinstveno je obojena i ima vje\u0161alicu.\",\"breadcrumb\":{\"@id\":\"https:\/\/pavidecor.si\/hr\/proizvod\/drvena-valionica-za-ptice-zeleno-ruzicasta-pjegava\/#breadcrumb\"},\"inLanguage\":\"hr\",\"potentialAction\":[{\"@type\":\"ReadAction\",\"target\":[\"https:\/\/pavidecor.si\/hr\/proizvod\/drvena-valionica-za-ptice-zeleno-ruzicasta-pjegava\/\"]}]},{\"@type\":\"ImageObject\",\"inLanguage\":\"hr\",\"@id\":\"https:\/\/pavidecor.si\/hr\/proizvod\/drvena-valionica-za-ptice-zeleno-ruzicasta-pjegava\/#primaryimage\",\"url\":\"https:\/\/pavidecor.si\/wp-content\/uploads\/2023\/01\/IMG_7588-2.jpg\",\"contentUrl\":\"https:\/\/pavidecor.si\/wp-content\/uploads\/2023\/01\/IMG_7588-2.jpg\",\"width\":2057,\"height\":2057,\"caption\":\"PAVI DECOR\"},{\"@type\":\"BreadcrumbList\",\"@id\":\"https:\/\/pavidecor.si\/hr\/proizvod\/drvena-valionica-za-ptice-zeleno-ruzicasta-pjegava\/#breadcrumb\",\"itemListElement\":[{\"@type\":\"ListItem\",\"position\":1,\"name\":\"Domov\",\"item\":\"https:\/\/pavidecor.si\/hr\/\"},{\"@type\":\"ListItem\",\"position\":2,\"name\":\"Internetska trgovina\",\"item\":\"https:\/\/pavidecor.si\/hr\/internetska-trgovina\/\"},{\"@type\":\"ListItem\",\"position\":3,\"name\":\"Drvena valionica za ptice zeleno ru\u017ei\u010dasta pjegava\"}]},{\"@type\":\"WebSite\",\"@id\":\"https:\/\/pavidecor.si\/hr\/#website\",\"url\":\"https:\/\/pavidecor.si\/hr\/\",\"name\":\"Pavi Decor\",\"description\":\"Leseni unikati ustvarjeni iz ljubezni do lesa in narave.\",\"potentialAction\":[{\"@type\":\"SearchAction\",\"target\":{\"@type\":\"EntryPoint\",\"urlTemplate\":\"https:\/\/pavidecor.si\/hr\/?s={search_term_string}\"},\"query-input\":{\"@type\":\"PropertyValueSpecification\",\"valueRequired\":true,\"valueName\":\"search_term_string\"}}],\"inLanguage\":\"hr\"}]}<\/script>\n<!-- \/ Yoast SEO plugin. -->","yoast_head_json":{"title":"Drvena valionica za ptice - Sigurno mjesto za gnije\u017e\u0111enje ptica","description":"Drvena valionica za ptice je obavezna oprema svakog vrta, jer omogu\u0107uje sigurno gnije\u017e\u0111enje ptica pjevica. Jedinstveno je obojena i ima vje\u0161alicu.","robots":{"index":"index","follow":"follow","max-snippet":"max-snippet:-1","max-image-preview":"max-image-preview:large","max-video-preview":"max-video-preview:-1"},"canonical":"https:\/\/pavidecor.si\/hr\/proizvod\/drvena-valionica-za-ptice-zeleno-ruzicasta-pjegava\/","og_locale":"hr_HR","og_type":"article","og_title":"Drvena valionica za ptice - Sigurno mjesto za gnije\u017e\u0111enje ptica","og_description":"Drvena valionica za ptice je obavezna oprema svakog vrta, jer omogu\u0107uje sigurno gnije\u017e\u0111enje ptica pjevica. Jedinstveno je obojena i ima vje\u0161alicu.","og_url":"https:\/\/pavidecor.si\/hr\/proizvod\/drvena-valionica-za-ptice-zeleno-ruzicasta-pjegava\/","og_site_name":"Pavi Decor","article_modified_time":"2026-04-23T15:13:53+00:00","og_image":[{"width":2057,"height":2057,"url":"https:\/\/pavidecor.si\/wp-content\/uploads\/2023\/01\/IMG_7588-2.jpg","type":"image\/jpeg"}],"twitter_card":"summary_large_image","twitter_misc":{"Procijenjeno vrijeme \u010ditanja":"3 minute"},"schema":{"@context":"https:\/\/schema.org","@graph":[{"@type":"WebPage","@id":"https:\/\/pavidecor.si\/hr\/proizvod\/drvena-valionica-za-ptice-zeleno-ruzicasta-pjegava\/","url":"https:\/\/pavidecor.si\/hr\/proizvod\/drvena-valionica-za-ptice-zeleno-ruzicasta-pjegava\/","name":"Drvena valionica za ptice - Sigurno mjesto za gnije\u017e\u0111enje ptica","isPartOf":{"@id":"https:\/\/pavidecor.si\/hr\/#website"},"primaryImageOfPage":{"@id":"https:\/\/pavidecor.si\/hr\/proizvod\/drvena-valionica-za-ptice-zeleno-ruzicasta-pjegava\/#primaryimage"},"image":{"@id":"https:\/\/pavidecor.si\/hr\/proizvod\/drvena-valionica-za-ptice-zeleno-ruzicasta-pjegava\/#primaryimage"},"thumbnailUrl":"https:\/\/pavidecor.si\/wp-content\/uploads\/2023\/01\/IMG_7588-2.jpg","datePublished":"2023-01-30T10:26:29+00:00","dateModified":"2026-04-23T15:13:53+00:00","description":"Drvena valionica za ptice je obavezna oprema svakog vrta, jer omogu\u0107uje sigurno gnije\u017e\u0111enje ptica pjevica. Jedinstveno je obojena i ima vje\u0161alicu.","breadcrumb":{"@id":"https:\/\/pavidecor.si\/hr\/proizvod\/drvena-valionica-za-ptice-zeleno-ruzicasta-pjegava\/#breadcrumb"},"inLanguage":"hr","potentialAction":[{"@type":"ReadAction","target":["https:\/\/pavidecor.si\/hr\/proizvod\/drvena-valionica-za-ptice-zeleno-ruzicasta-pjegava\/"]}]},{"@type":"ImageObject","inLanguage":"hr","@id":"https:\/\/pavidecor.si\/hr\/proizvod\/drvena-valionica-za-ptice-zeleno-ruzicasta-pjegava\/#primaryimage","url":"https:\/\/pavidecor.si\/wp-content\/uploads\/2023\/01\/IMG_7588-2.jpg","contentUrl":"https:\/\/pavidecor.si\/wp-content\/uploads\/2023\/01\/IMG_7588-2.jpg","width":2057,"height":2057,"caption":"PAVI DECOR"},{"@type":"BreadcrumbList","@id":"https:\/\/pavidecor.si\/hr\/proizvod\/drvena-valionica-za-ptice-zeleno-ruzicasta-pjegava\/#breadcrumb","itemListElement":[{"@type":"ListItem","position":1,"name":"Domov","item":"https:\/\/pavidecor.si\/hr\/"},{"@type":"ListItem","position":2,"name":"Internetska trgovina","item":"https:\/\/pavidecor.si\/hr\/internetska-trgovina\/"},{"@type":"ListItem","position":3,"name":"Drvena valionica za ptice zeleno ru\u017ei\u010dasta pjegava"}]},{"@type":"WebSite","@id":"https:\/\/pavidecor.si\/hr\/#website","url":"https:\/\/pavidecor.si\/hr\/","name":"Pavi Decor","description":"Leseni unikati ustvarjeni iz ljubezni do lesa in narave.","potentialAction":[{"@type":"SearchAction","target":{"@type":"EntryPoint","urlTemplate":"https:\/\/pavidecor.si\/hr\/?s={search_term_string}"},"query-input":{"@type":"PropertyValueSpecification","valueRequired":true,"valueName":"search_term_string"}}],"inLanguage":"hr"}]}},"_links":{"self":[{"href":"https:\/\/pavidecor.si\/hr\/wp-json\/wp\/v2\/product\/20891","targetHints":{"allow":["GET"]}}],"collection":[{"href":"https:\/\/pavidecor.si\/hr\/wp-json\/wp\/v2\/product"}],"about":[{"href":"https:\/\/pavidecor.si\/hr\/wp-json\/wp\/v2\/types\/product"}],"replies":[{"embeddable":true,"href":"https:\/\/pavidecor.si\/hr\/wp-json\/wp\/v2\/comments?post=20891"}],"wp:featuredmedia":[{"embeddable":true,"href":"https:\/\/pavidecor.si\/hr\/wp-json\/wp\/v2\/media\/20892"}],"wp:attachment":[{"href":"https:\/\/pavidecor.si\/hr\/wp-json\/wp\/v2\/media?parent=20891"}],"wp:term":[{"taxonomy":"product_brand","embeddable":true,"href":"https:\/\/pavidecor.si\/hr\/wp-json\/wp\/v2\/product_brand?post=20891"},{"taxonomy":"product_cat","embeddable":true,"href":"https:\/\/pavidecor.si\/hr\/wp-json\/wp\/v2\/product_cat?post=20891"},{"taxonomy":"product_tag","embeddable":true,"href":"https:\/\/pavidecor.si\/hr\/wp-json\/wp\/v2\/product_tag?post=20891"}],"curies":[{"name":"wp","href":"https:\/\/api.w.org\/{rel}","templated":true}]}}