	{"id":20821,"date":"2023-02-23T11:30:40","date_gmt":"2023-02-23T11:30:40","guid":{"rendered":"https:\/\/pavidecor.si\/product\/stojeca-oglasna-ploca-a2-bijela-rustikalna-140x58x50cm\/"},"modified":"2026-04-24T16:01:38","modified_gmt":"2026-04-24T16:01:38","slug":"stojeca-oglasna-ploca-a2-bijela-rustikalna-140x58x50cm","status":"publish","type":"product","link":"https:\/\/pavidecor.si\/hr\/proizvod\/stojeca-oglasna-ploca-a2-bijela-rustikalna-140x58x50cm\/","title":{"rendered":"Stoje\u0107a oglasna plo\u010da A2 bijela rustikalna 140x58x50cm"},"content":{"rendered":"<p><span class=\"prvimanjsinaslovopis\"> Stoje\u0107a oglasna plo\u010da &#8211; Savr\u0161eni dodatak za va\u0161u ponudu<\/span><\/p>\n<p>&nbsp;<\/p>\n<h2><span class=\"odebeljenopis\"><strong><br \/>\nU svijetu marketinga, privla\u010denje pa\u017enje kupaca klju\u010dno je za uspjeh. Na\u0161a stoje\u0107a oglasna plo\u010da idealna je za ogla\u0161avanje trgovinske ili ugostiteljske ponude. S njenim \u0161armantnim shabby chic stilom, ova plo\u010da ne samo da \u0107e privu\u0107i pa\u017enju, ve\u0107 \u0107e i obogatiti svaki prostor, bilo da se radi o staroj seoskoj gostionici ili modernom gradskom restoranu.<\/strong><\/span><\/h2>\n<p>&nbsp;<\/p>\n<div class=\"row\">\n<div class=\"col-sm-6 \" style=\"margin-top: 30px;\"><center><img decoding=\"async\" class=\"lazyload img-responsive\" style=\"margin: 0px auto; max-width: 100%;\" src=\"data:image\/svg+xml,%3Csvg%20xmlns%3D%27http%3A%2F%2Fwww.w3.org%2F2000%2Fsvg%27%20width%3D%272229%27%20height%3D%272230%27%20viewBox%3D%270%200%202229%202230%27%3E%3Crect%20width%3D%272229%27%20height%3D%272230%27%20fill-opacity%3D%220%22%2F%3E%3C%2Fsvg%3E\" data-orig-src=\"https:\/\/pavidecor.si\/wp-content\/uploads\/2023\/02\/1IMG_7783a.jpg\" \/><\/center><\/div>\n<div class=\"col-sm-6\" style=\"margin-top: 40px;\">\n<p>&nbsp;<\/p>\n<h3>Funkcionalnost i dizajn<\/h3>\n<p>Stoje\u0107a oglasna plo\u010da je izuzetno <b>prakti\u010dna<\/b><strong> i svestrana<\/strong>. Mo\u017eete je koristiti za pisanje ukusnih jelovnika, va\u017enih obavijesti ili datuma, \u010dime \u0107ete obavijestiti svoje goste ili suradnike. Ova plo\u010da je savr\u0161ena za sve vrste trgovina i ugostiteljskih objekata, jer se lako uklapa u razli\u010dite stilove interijera.<\/p>\n<p>&nbsp;<\/p>\n<p>Dizajn u shabby chic stilu daje joj poseban \u0161arm, \u010dine\u0107i je savr\u0161enim dodatkom za kuhinje, hodnike ili \u010dak uredske prostore. Njena povr\u0161ina za pisanje izra\u0111ena je od <b>crno obojene metalne plo\u010de<\/b>, koja je otporna na vlagu i vremenske uvjete, \u0161to je \u010dini idealnom za vanjsku upotrebu.<\/p>\n<p>&nbsp;<\/p>\n<\/div>\n<\/div>\n<div class=\"row\">\n<div class=\"col-sm-6 col-sm-push-6\" style=\"margin-top: 30px;\"><center><img decoding=\"async\" class=\"lazyload img-responsive\" style=\"margin: 0px auto; max-width: 100%;\" src=\"data:image\/svg+xml,%3Csvg%20xmlns%3D%27http%3A%2F%2Fwww.w3.org%2F2000%2Fsvg%27%20width%3D%272238%27%20height%3D%272239%27%20viewBox%3D%270%200%202238%202239%27%3E%3Crect%20width%3D%272238%27%20height%3D%272239%27%20fill-opacity%3D%220%22%2F%3E%3C%2Fsvg%3E\" data-orig-src=\" https:\/\/pavidecor.si\/wp-content\/uploads\/2023\/02\/2IMG_7759a.jpg\" \/><\/center><\/div>\n<div class=\"col-sm-6 col-sm-pull-6\" style=\"margin-top: 40px;\">\n<p>&nbsp;<\/p>\n<h3>Stabilnost i sigurnost<\/h3>\n<p>Jedna od klju\u010dnih karakteristika na\u0161e stoje\u0107e oglasne plo\u010de je njena stabilnost. Tri-to\u010dkovno postolje osigurava da plo\u010da ostane \u010dvrsto na mjestu, \u010dak i na neravnom terenu. Dodatno, postolje je za\u0161ti\u0107eno s verigom, \u0161to omogu\u0107ava da plo\u010da ostane <strong>stabilna \u010dak i u vjetrovitim uvjetima<\/strong>.<\/p>\n<p>&nbsp;<\/p>\n<p>Ova funkcionalnost \u010dini je savr\u0161enim rje\u0161enjem za vanjske prostore, poput terasa ili dvori\u0161ta. Osim toga, stoje\u0107a oglasna plo\u010da mo\u017ee se jednostavno postaviti uz zid ili drvo, \u010dime se dodatno pove\u0107ava njena dekorativna vrijednost. Bez obzira na to gdje je postavite, ona \u0107e zasigurno <strong>privu\u0107i pa\u017enju i stvoriti ugodnu atmosferu<\/strong>.<\/p>\n<p>&nbsp;<\/p>\n<\/div>\n<\/div>\n<div class=\"row\">\n<div class=\"col-sm-6\" style=\"margin-top: 30px;\"><center><img decoding=\"async\" class=\"lazyload img-responsive\" style=\"margin: 0px auto; max-width: 100%;\" src=\"data:image\/svg+xml,%3Csvg%20xmlns%3D%27http%3A%2F%2Fwww.w3.org%2F2000%2Fsvg%27%20width%3D%272041%27%20height%3D%272042%27%20viewBox%3D%270%200%202041%202042%27%3E%3Crect%20width%3D%272041%27%20height%3D%272042%27%20fill-opacity%3D%220%22%2F%3E%3C%2Fsvg%3E\" data-orig-src=\" https:\/\/pavidecor.si\/wp-content\/uploads\/2023\/02\/3IMG_7755a.jpg\" \/><\/center><\/div>\n<div class=\"col-sm-6\" style=\"margin-top: 40px;\">\n<p>&nbsp;<\/p>\n<h3>Specifikacije proizvoda<\/h3>\n<p>Na\u0161a stoje\u0107a oglasna plo\u010da dolazi s povr\u0161inom pogodnom za pisanje i crtanje, gdje mo\u017eete koristiti <b>boje ili krede<\/b>. Ova plo\u010da je savr\u0161ena za sve koji \u017eele na kreativan na\u010din komunicirati sa svojim kupcima.<\/p>\n<p>&nbsp;<\/p>\n<p>Svi na\u0161i proizvodi, uklju\u010duju\u0107i ovu oglasnu plo\u010du, rezultat su ru\u010dne izrade i ljubavi prema drvetu i prirodi, a proizvedeni su u Sloveniji. U trgovini PAVI DECOR iz Ljubljane ponosni smo na na\u0161u <strong>tradiciju i kvalitetu<\/strong>, a svaki komad nosi sa sobom duh starih majstora.<\/p>\n<\/div>\n<\/div>\n<p>&nbsp;<\/p>\n","protected":false},"excerpt":{"rendered":"<p><strong><span style=\"color: #c4963c;\">\u2192 Stabilno postolje u tri to\u010dke <\/span><\/strong><br \/>\n<strong><span style=\"color: #c4963c;\">\u2192 Metalna povr\u0161ina<\/span><span style=\"color: #c4963c;\"><br \/>\n<\/span><\/strong><\/p>\n","protected":false},"featured_media":20832,"comment_status":"open","ping_status":"closed","template":"","meta":[],"product_brand":[],"product_cat":[269,294,293],"product_tag":[218],"class_list":{"0":"post-20821","1":"product","2":"type-product","3":"status-publish","4":"has-post-thumbnail","6":"product_cat-oprema-za-trgovine-i-konobe","7":"product_cat-ploce","8":"product_cat-putokazi-i-ploce","9":"product_tag-nov","11":"first","12":"instock","13":"taxable","14":"shipping-taxable","15":"purchasable","16":"product-type-simple"},"yoast_head":"<!-- This site is optimized with the Yoast SEO plugin v27.2 - https:\/\/yoast.com\/product\/yoast-seo-wordpress\/ -->\n<title>Stoje\u0107a oglasna plo\u010da - Savr\u0161eni dodatak za va\u0161u ponudu<\/title>\n<meta name=\"description\" content=\"Stoje\u010da oglasna plo\u010da za ogla\u0161avanje komercijalne ili ugostiteljske ponude. Stabilno postolje i metalna povr\u0161ina, pogodno za pri\u010dvr\u0161\u0107ivanje magnetima.\" \/>\n<meta name=\"robots\" content=\"index, follow, max-snippet:-1, max-image-preview:large, max-video-preview:-1\" \/>\n<link rel=\"canonical\" href=\"https:\/\/pavidecor.si\/hr\/proizvod\/stojeca-oglasna-ploca-a2-bijela-rustikalna-140x58x50cm\/\" \/>\n<meta property=\"og:locale\" content=\"hr_HR\" \/>\n<meta property=\"og:type\" content=\"article\" \/>\n<meta property=\"og:title\" content=\"Stoje\u0107a oglasna plo\u010da - Savr\u0161eni dodatak za va\u0161u ponudu\" \/>\n<meta property=\"og:description\" content=\"Stoje\u010da oglasna plo\u010da za ogla\u0161avanje komercijalne ili ugostiteljske ponude. Stabilno postolje i metalna povr\u0161ina, pogodno za pri\u010dvr\u0161\u0107ivanje magnetima.\" \/>\n<meta property=\"og:url\" content=\"https:\/\/pavidecor.si\/hr\/proizvod\/stojeca-oglasna-ploca-a2-bijela-rustikalna-140x58x50cm\/\" \/>\n<meta property=\"og:site_name\" content=\"Pavi Decor\" \/>\n<meta property=\"article:modified_time\" content=\"2026-04-24T16:01:38+00:00\" \/>\n<meta property=\"og:image\" content=\"https:\/\/pavidecor.si\/wp-content\/uploads\/2023\/02\/1IMG_7783a.jpg\" \/>\n\t<meta property=\"og:image:width\" content=\"2229\" \/>\n\t<meta property=\"og:image:height\" content=\"2230\" \/>\n\t<meta property=\"og:image:type\" content=\"image\/jpeg\" \/>\n<meta name=\"twitter:card\" content=\"summary_large_image\" \/>\n<meta name=\"twitter:label1\" content=\"Procijenjeno vrijeme \u010ditanja\" \/>\n\t<meta name=\"twitter:data1\" content=\"3 minute\" \/>\n<script type=\"application\/ld+json\" class=\"yoast-schema-graph\">{\"@context\":\"https:\/\/schema.org\",\"@graph\":[{\"@type\":\"WebPage\",\"@id\":\"https:\/\/pavidecor.si\/hr\/proizvod\/stojeca-oglasna-ploca-a2-bijela-rustikalna-140x58x50cm\/\",\"url\":\"https:\/\/pavidecor.si\/hr\/proizvod\/stojeca-oglasna-ploca-a2-bijela-rustikalna-140x58x50cm\/\",\"name\":\"Stoje\u0107a oglasna plo\u010da - Savr\u0161eni dodatak za va\u0161u ponudu\",\"isPartOf\":{\"@id\":\"https:\/\/pavidecor.si\/hr\/#website\"},\"primaryImageOfPage\":{\"@id\":\"https:\/\/pavidecor.si\/hr\/proizvod\/stojeca-oglasna-ploca-a2-bijela-rustikalna-140x58x50cm\/#primaryimage\"},\"image\":{\"@id\":\"https:\/\/pavidecor.si\/hr\/proizvod\/stojeca-oglasna-ploca-a2-bijela-rustikalna-140x58x50cm\/#primaryimage\"},\"thumbnailUrl\":\"https:\/\/pavidecor.si\/wp-content\/uploads\/2023\/02\/1IMG_7783a.jpg\",\"datePublished\":\"2023-02-23T11:30:40+00:00\",\"dateModified\":\"2026-04-24T16:01:38+00:00\",\"description\":\"Stoje\u010da oglasna plo\u010da za ogla\u0161avanje komercijalne ili ugostiteljske ponude. Stabilno postolje i metalna povr\u0161ina, pogodno za pri\u010dvr\u0161\u0107ivanje magnetima.\",\"breadcrumb\":{\"@id\":\"https:\/\/pavidecor.si\/hr\/proizvod\/stojeca-oglasna-ploca-a2-bijela-rustikalna-140x58x50cm\/#breadcrumb\"},\"inLanguage\":\"hr\",\"potentialAction\":[{\"@type\":\"ReadAction\",\"target\":[\"https:\/\/pavidecor.si\/hr\/proizvod\/stojeca-oglasna-ploca-a2-bijela-rustikalna-140x58x50cm\/\"]}]},{\"@type\":\"ImageObject\",\"inLanguage\":\"hr\",\"@id\":\"https:\/\/pavidecor.si\/hr\/proizvod\/stojeca-oglasna-ploca-a2-bijela-rustikalna-140x58x50cm\/#primaryimage\",\"url\":\"https:\/\/pavidecor.si\/wp-content\/uploads\/2023\/02\/1IMG_7783a.jpg\",\"contentUrl\":\"https:\/\/pavidecor.si\/wp-content\/uploads\/2023\/02\/1IMG_7783a.jpg\",\"width\":2229,\"height\":2230,\"caption\":\"PAVI DECOR\"},{\"@type\":\"BreadcrumbList\",\"@id\":\"https:\/\/pavidecor.si\/hr\/proizvod\/stojeca-oglasna-ploca-a2-bijela-rustikalna-140x58x50cm\/#breadcrumb\",\"itemListElement\":[{\"@type\":\"ListItem\",\"position\":1,\"name\":\"Domov\",\"item\":\"https:\/\/pavidecor.si\/hr\/\"},{\"@type\":\"ListItem\",\"position\":2,\"name\":\"Internetska trgovina\",\"item\":\"https:\/\/pavidecor.si\/hr\/internetska-trgovina\/\"},{\"@type\":\"ListItem\",\"position\":3,\"name\":\"Stoje\u0107a oglasna plo\u010da A2 bijela rustikalna 140x58x50cm\"}]},{\"@type\":\"WebSite\",\"@id\":\"https:\/\/pavidecor.si\/hr\/#website\",\"url\":\"https:\/\/pavidecor.si\/hr\/\",\"name\":\"Pavi Decor\",\"description\":\"Leseni unikati ustvarjeni iz ljubezni do lesa in narave.\",\"potentialAction\":[{\"@type\":\"SearchAction\",\"target\":{\"@type\":\"EntryPoint\",\"urlTemplate\":\"https:\/\/pavidecor.si\/hr\/?s={search_term_string}\"},\"query-input\":{\"@type\":\"PropertyValueSpecification\",\"valueRequired\":true,\"valueName\":\"search_term_string\"}}],\"inLanguage\":\"hr\"}]}<\/script>\n<!-- \/ Yoast SEO plugin. -->","yoast_head_json":{"title":"Stoje\u0107a oglasna plo\u010da - Savr\u0161eni dodatak za va\u0161u ponudu","description":"Stoje\u010da oglasna plo\u010da za ogla\u0161avanje komercijalne ili ugostiteljske ponude. Stabilno postolje i metalna povr\u0161ina, pogodno za pri\u010dvr\u0161\u0107ivanje magnetima.","robots":{"index":"index","follow":"follow","max-snippet":"max-snippet:-1","max-image-preview":"max-image-preview:large","max-video-preview":"max-video-preview:-1"},"canonical":"https:\/\/pavidecor.si\/hr\/proizvod\/stojeca-oglasna-ploca-a2-bijela-rustikalna-140x58x50cm\/","og_locale":"hr_HR","og_type":"article","og_title":"Stoje\u0107a oglasna plo\u010da - Savr\u0161eni dodatak za va\u0161u ponudu","og_description":"Stoje\u010da oglasna plo\u010da za ogla\u0161avanje komercijalne ili ugostiteljske ponude. Stabilno postolje i metalna povr\u0161ina, pogodno za pri\u010dvr\u0161\u0107ivanje magnetima.","og_url":"https:\/\/pavidecor.si\/hr\/proizvod\/stojeca-oglasna-ploca-a2-bijela-rustikalna-140x58x50cm\/","og_site_name":"Pavi Decor","article_modified_time":"2026-04-24T16:01:38+00:00","og_image":[{"width":2229,"height":2230,"url":"https:\/\/pavidecor.si\/wp-content\/uploads\/2023\/02\/1IMG_7783a.jpg","type":"image\/jpeg"}],"twitter_card":"summary_large_image","twitter_misc":{"Procijenjeno vrijeme \u010ditanja":"3 minute"},"schema":{"@context":"https:\/\/schema.org","@graph":[{"@type":"WebPage","@id":"https:\/\/pavidecor.si\/hr\/proizvod\/stojeca-oglasna-ploca-a2-bijela-rustikalna-140x58x50cm\/","url":"https:\/\/pavidecor.si\/hr\/proizvod\/stojeca-oglasna-ploca-a2-bijela-rustikalna-140x58x50cm\/","name":"Stoje\u0107a oglasna plo\u010da - Savr\u0161eni dodatak za va\u0161u ponudu","isPartOf":{"@id":"https:\/\/pavidecor.si\/hr\/#website"},"primaryImageOfPage":{"@id":"https:\/\/pavidecor.si\/hr\/proizvod\/stojeca-oglasna-ploca-a2-bijela-rustikalna-140x58x50cm\/#primaryimage"},"image":{"@id":"https:\/\/pavidecor.si\/hr\/proizvod\/stojeca-oglasna-ploca-a2-bijela-rustikalna-140x58x50cm\/#primaryimage"},"thumbnailUrl":"https:\/\/pavidecor.si\/wp-content\/uploads\/2023\/02\/1IMG_7783a.jpg","datePublished":"2023-02-23T11:30:40+00:00","dateModified":"2026-04-24T16:01:38+00:00","description":"Stoje\u010da oglasna plo\u010da za ogla\u0161avanje komercijalne ili ugostiteljske ponude. Stabilno postolje i metalna povr\u0161ina, pogodno za pri\u010dvr\u0161\u0107ivanje magnetima.","breadcrumb":{"@id":"https:\/\/pavidecor.si\/hr\/proizvod\/stojeca-oglasna-ploca-a2-bijela-rustikalna-140x58x50cm\/#breadcrumb"},"inLanguage":"hr","potentialAction":[{"@type":"ReadAction","target":["https:\/\/pavidecor.si\/hr\/proizvod\/stojeca-oglasna-ploca-a2-bijela-rustikalna-140x58x50cm\/"]}]},{"@type":"ImageObject","inLanguage":"hr","@id":"https:\/\/pavidecor.si\/hr\/proizvod\/stojeca-oglasna-ploca-a2-bijela-rustikalna-140x58x50cm\/#primaryimage","url":"https:\/\/pavidecor.si\/wp-content\/uploads\/2023\/02\/1IMG_7783a.jpg","contentUrl":"https:\/\/pavidecor.si\/wp-content\/uploads\/2023\/02\/1IMG_7783a.jpg","width":2229,"height":2230,"caption":"PAVI DECOR"},{"@type":"BreadcrumbList","@id":"https:\/\/pavidecor.si\/hr\/proizvod\/stojeca-oglasna-ploca-a2-bijela-rustikalna-140x58x50cm\/#breadcrumb","itemListElement":[{"@type":"ListItem","position":1,"name":"Domov","item":"https:\/\/pavidecor.si\/hr\/"},{"@type":"ListItem","position":2,"name":"Internetska trgovina","item":"https:\/\/pavidecor.si\/hr\/internetska-trgovina\/"},{"@type":"ListItem","position":3,"name":"Stoje\u0107a oglasna plo\u010da A2 bijela rustikalna 140x58x50cm"}]},{"@type":"WebSite","@id":"https:\/\/pavidecor.si\/hr\/#website","url":"https:\/\/pavidecor.si\/hr\/","name":"Pavi Decor","description":"Leseni unikati ustvarjeni iz ljubezni do lesa in narave.","potentialAction":[{"@type":"SearchAction","target":{"@type":"EntryPoint","urlTemplate":"https:\/\/pavidecor.si\/hr\/?s={search_term_string}"},"query-input":{"@type":"PropertyValueSpecification","valueRequired":true,"valueName":"search_term_string"}}],"inLanguage":"hr"}]}},"_links":{"self":[{"href":"https:\/\/pavidecor.si\/hr\/wp-json\/wp\/v2\/product\/20821","targetHints":{"allow":["GET"]}}],"collection":[{"href":"https:\/\/pavidecor.si\/hr\/wp-json\/wp\/v2\/product"}],"about":[{"href":"https:\/\/pavidecor.si\/hr\/wp-json\/wp\/v2\/types\/product"}],"replies":[{"embeddable":true,"href":"https:\/\/pavidecor.si\/hr\/wp-json\/wp\/v2\/comments?post=20821"}],"wp:featuredmedia":[{"embeddable":true,"href":"https:\/\/pavidecor.si\/hr\/wp-json\/wp\/v2\/media\/20832"}],"wp:attachment":[{"href":"https:\/\/pavidecor.si\/hr\/wp-json\/wp\/v2\/media?parent=20821"}],"wp:term":[{"taxonomy":"product_brand","embeddable":true,"href":"https:\/\/pavidecor.si\/hr\/wp-json\/wp\/v2\/product_brand?post=20821"},{"taxonomy":"product_cat","embeddable":true,"href":"https:\/\/pavidecor.si\/hr\/wp-json\/wp\/v2\/product_cat?post=20821"},{"taxonomy":"product_tag","embeddable":true,"href":"https:\/\/pavidecor.si\/hr\/wp-json\/wp\/v2\/product_tag?post=20821"}],"curies":[{"name":"wp","href":"https:\/\/api.w.org\/{rel}","templated":true}]}}