	{"id":20794,"date":"2023-03-01T11:18:19","date_gmt":"2023-03-01T11:18:19","guid":{"rendered":"https:\/\/pavidecor.si\/product\/kisobran-maroko-standardni-o175x46cm-duljina-stupa-250cm\/"},"modified":"2026-04-06T12:01:39","modified_gmt":"2026-04-06T12:01:39","slug":"suncobran-maroko-standard-o175x46cm-duljina-stupa-250cm","status":"publish","type":"product","link":"https:\/\/pavidecor.si\/hr\/proizvod\/suncobran-maroko-standard-o175x46cm-duljina-stupa-250cm\/","title":{"rendered":"Suncobran Maroko Standard \u00f8175x46cm duljina stupa 250cm"},"content":{"rendered":"<p><span class=\"prvimanjsinaslovopis\"> Suncobran Maroko Standard &#8211; U\u017eivajte u hladu tropika<\/span><\/p>\n<p>&nbsp;<\/p>\n<h2><span class=\"odebeljenopis\"><strong><br \/>\nSuncobran Maroko Standard je savr\u0161eno rje\u0161enje za sve koji \u017eele u\u017eivati u hladu i stilu na svojim terasama, pla\u017eama ili u vrtovima. Ovaj jedinstveni suncobran, s prepoznatljivom slamnatom kupolom, donosi da\u0161ak tropskog raja u svaki prostor. Njegova prakti\u010dnost i estetska privla\u010dnost \u010dine ga idealnim izborom za ugostiteljske objekte, hotele i privatne vrtove.<\/strong><\/span><\/h2>\n<p>&nbsp;<\/p>\n<div class=\"row\">\n<div class=\"col-sm-6 \" style=\"margin-top: 30px;\"><center><img decoding=\"async\" class=\"lazyload img-responsive\" style=\"margin: 0px auto; max-width: 100%;\" src=\"data:image\/svg+xml,%3Csvg%20xmlns%3D%27http%3A%2F%2Fwww.w3.org%2F2000%2Fsvg%27%20width%3D%272560%27%20height%3D%272560%27%20viewBox%3D%270%200%202560%202560%27%3E%3Crect%20width%3D%272560%27%20height%3D%272560%27%20fill-opacity%3D%220%22%2F%3E%3C%2Fsvg%3E\" data-orig-src=\"https:\/\/pavidecor.si\/wp-content\/uploads\/2023\/03\/Sencnik-Maroko-standard-scaled.jpg\" \/><\/center><\/div>\n<div class=\"col-sm-6\" style=\"margin-top: 40px;\">\n<p>&nbsp;<\/p>\n<h3>Jedinstveni Dizajn i Funkcionalnost<\/h3>\n<p>Suncobran Maroko Standard isti\u010de se svojom <b>slamnatom kupolom<\/b> promjera 175 cm, koja ne samo da pru\u017ea za\u0161titu od sunca, ve\u0107 i stvara ugodnu atmosferu. Ovaj suncobran je savr\u0161eno rje\u0161enje za opremanje <b>gostinskih, hotelskih i privatnih prostora<\/b>. Njegova kupola je dizajnirana tako da se uklopi u prirodno okru\u017eenje, a dodatna za\u0161tita od vjetra osigurava stabilnost i dugotrajnost.<\/p>\n<p>Osim toga, suncobran dolazi sa <b>stupom<\/b>\u00a0duljine 250 cm i <b>postoljem<\/b> koji se mo\u017ee prilagoditi razli\u010ditim podlogama &#8211; od tla, preko pijeska do betona. Ova prilagodljivost \u010dini ga idealnim za kori\u0161tenje na pla\u017eama, uz rijeke ili bazene, gdje je potrebna dodatna za\u0161tita od sunca.<\/p>\n<p>&nbsp;<\/p>\n<p>&nbsp;<\/p>\n<\/div>\n<\/div>\n<div class=\"row\">\n<div class=\"col-sm-6 col-sm-push-6\" style=\"margin-top: 30px;\"><center><img decoding=\"async\" class=\"lazyload img-responsive\" style=\"margin: 0px auto; max-width: 100%;\" src=\"data:image\/svg+xml,%3Csvg%20xmlns%3D%27http%3A%2F%2Fwww.w3.org%2F2000%2Fsvg%27%20width%3D%272560%27%20height%3D%272560%27%20viewBox%3D%270%200%202560%202560%27%3E%3Crect%20width%3D%272560%27%20height%3D%272560%27%20fill-opacity%3D%220%22%2F%3E%3C%2Fsvg%3E\" data-orig-src=\" https:\/\/pavidecor.si\/wp-content\/uploads\/2023\/03\/20230406_141319a-scaled.jpg\" \/><\/center><\/div>\n<div class=\"col-sm-6 col-sm-pull-6\" style=\"margin-top: 40px;\">\n<p>&nbsp;<\/p>\n<h3>Prakti\u010dnost i Lako\u0107a Kori\u0161tenja<\/h3>\n<p>Jedna od glavnih prednosti suncobrana Maroko je njegova <b>jednostavna monta\u017ea i demonta\u017ea<\/b>. Kupola se lako uklanja s droga, \u0161to omogu\u0107ava brzo skladi\u0161tenje. Naime, kupole se mogu pohraniti vertikalno, \u010dime se \u0161tedi prostor u skladi\u0161tu. Na jedan metar du\u017eine mo\u017ee se smjestiti \u010dak <b>sedam kupola<\/b>, \u0161to olak\u0161ava transport i skladi\u0161tenje.<\/p>\n<p>Osim toga, suncobran dolazi s <b>drvenim stoli\u0107em<\/b> promjera 40 cm koji se mo\u017ee postaviti na dvije razli\u010dite visine &#8211; 60 cm kao stoli\u0107 uz le\u017ealjku ili 110 cm kao barski stoli\u0107. Tako\u0111er, dostupna je i ve\u0107a verzija stoli\u0107a promjera 60 cm, \u0161to dodatno pove\u0107ava funkcionalnost ovog proizvoda.<\/p>\n<p>&nbsp;<\/p>\n<p>&nbsp;<\/p>\n<\/div>\n<\/div>\n<div class=\"row\">\n<div class=\"col-sm-6\" style=\"margin-top: 30px;\"><center><img decoding=\"async\" class=\"lazyload img-responsive\" style=\"margin: 0px auto; max-width: 100%;\" src=\"data:image\/svg+xml,%3Csvg%20xmlns%3D%27http%3A%2F%2Fwww.w3.org%2F2000%2Fsvg%27%20width%3D%271492%27%20height%3D%271493%27%20viewBox%3D%270%200%201492%201493%27%3E%3Crect%20width%3D%271492%27%20height%3D%271493%27%20fill-opacity%3D%220%22%2F%3E%3C%2Fsvg%3E\" data-orig-src=\" https:\/\/pavidecor.si\/wp-content\/uploads\/2022\/02\/15m-2.jpg\" \/><\/center><\/div>\n<div class=\"col-sm-6\" style=\"margin-top: 40px;\">\n<p>&nbsp;<\/p>\n<h3>Specifikacije i Dodatne Informacije<\/h3>\n<p>Suncobran Maroko Standard je idealan za sve koji \u017eele dodati da\u0161ak elegancije i udobnosti svojim vanjskim prostorima. Njegova slamnata kupola ne samo da pru\u017ea za\u0161titu od sunca, ve\u0107 i stvara ugodnu atmosferu koja podsje\u0107a na tropske pla\u017ee. <b>Podstavci<\/b> su dostupni u tri razli\u010dite verzije, \u0161to omogu\u0107ava jednostavno postavljanje na razli\u010dite podloge.<\/p>\n<p>Svi na\u0161i proizvodi su rezultat <b>ru\u010dne izrade<\/b> i pa\u017enje prema detaljima, a svaki komad je jedinstven. U PAVI DECOR-u iz Ljubljane, gdje se oblikuju i proizvode na\u0161i unikatni proizvodi, ljubav prema drvetu i prirodi je na prvom mjestu. Na\u0161i suncobrani su dostupni i na <a href=\"https:\/\/pavidecor.si\/hr\/projects\/plaza-u-porecu\/\"><strong><span style=\"color: #3366ff;\">pla\u017eama u Pore\u010du<\/span><\/strong><\/a> i na Krku, gdje mo\u017eete u\u017eivati u njihovoj funkcionalnosti i estetskoj privla\u010dnosti.<\/p>\n<\/div>\n<\/div>\n<p>&nbsp;<\/p>\n","protected":false},"excerpt":{"rendered":"<p><strong><span style=\"color: #c4963c;\">\u2192 Jednostavan za sastavljanje i rastavljanje<br \/>\n\u2192 Zauzima minimalan prostor za pohranu<br \/>\n\u2192 Te\u017eina kupole samo 21 kg<br \/>\n\u2192 Rezervni dijelovi uvijek na zalihi<\/span><br \/>\n<\/strong><\/p>\n","protected":false},"featured_media":20797,"comment_status":"open","ping_status":"closed","template":"","meta":[],"product_brand":[],"product_cat":[284],"product_tag":[274,286],"class_list":{"0":"post-20794","1":"product","2":"type-product","3":"status-publish","4":"has-post-thumbnail","6":"product_cat-slamnati-suncobrani","7":"product_tag-plaza-na-krku-hr","8":"product_tag-plaza-u-porecu","10":"first","11":"outofstock","12":"taxable","13":"shipping-taxable","14":"purchasable","15":"product-type-simple"},"yoast_head":"<!-- This site is optimized with the Yoast SEO plugin v27.2 - https:\/\/yoast.com\/product\/yoast-seo-wordpress\/ -->\n<title>Suncobran Maroko Standard Pavi Decor - U\u017eivajte u hladu tropika<\/title>\n<meta name=\"description\" content=\"Suncobran Maroko Standard sa slamnatim krovom dizajniran je za opremanje ugostiteljskih, hotelskih i privatnih vrtova i pla\u017ea uz more, jezero, rijeku, bazen\" \/>\n<meta name=\"robots\" content=\"index, follow, max-snippet:-1, max-image-preview:large, max-video-preview:-1\" \/>\n<link rel=\"canonical\" href=\"https:\/\/pavidecor.si\/hr\/proizvod\/suncobran-maroko-standard-o175x46cm-duljina-stupa-250cm\/\" \/>\n<meta property=\"og:locale\" content=\"hr_HR\" \/>\n<meta property=\"og:type\" content=\"article\" \/>\n<meta property=\"og:title\" content=\"Suncobran Maroko Standard Pavi Decor - U\u017eivajte u hladu tropika\" \/>\n<meta property=\"og:description\" content=\"Suncobran Maroko Standard sa slamnatim krovom dizajniran je za opremanje ugostiteljskih, hotelskih i privatnih vrtova i pla\u017ea uz more, jezero, rijeku, bazen\" \/>\n<meta property=\"og:url\" content=\"https:\/\/pavidecor.si\/hr\/proizvod\/suncobran-maroko-standard-o175x46cm-duljina-stupa-250cm\/\" \/>\n<meta property=\"og:site_name\" content=\"Pavi Decor\" \/>\n<meta property=\"article:modified_time\" content=\"2026-04-06T12:01:39+00:00\" \/>\n<meta property=\"og:image\" content=\"https:\/\/pavidecor.si\/wp-content\/uploads\/2023\/03\/Sencnik-Maroko-standard-scaled.jpg\" \/>\n\t<meta property=\"og:image:width\" content=\"2560\" \/>\n\t<meta property=\"og:image:height\" content=\"2560\" \/>\n\t<meta property=\"og:image:type\" content=\"image\/jpeg\" \/>\n<meta name=\"twitter:card\" content=\"summary_large_image\" \/>\n<meta name=\"twitter:label1\" content=\"Procijenjeno vrijeme \u010ditanja\" \/>\n\t<meta name=\"twitter:data1\" content=\"3 minute\" \/>\n<script type=\"application\/ld+json\" class=\"yoast-schema-graph\">{\"@context\":\"https:\/\/schema.org\",\"@graph\":[{\"@type\":\"WebPage\",\"@id\":\"https:\/\/pavidecor.si\/hr\/proizvod\/suncobran-maroko-standard-o175x46cm-duljina-stupa-250cm\/\",\"url\":\"https:\/\/pavidecor.si\/hr\/proizvod\/suncobran-maroko-standard-o175x46cm-duljina-stupa-250cm\/\",\"name\":\"Suncobran Maroko Standard Pavi Decor - U\u017eivajte u hladu tropika\",\"isPartOf\":{\"@id\":\"https:\/\/pavidecor.si\/hr\/#website\"},\"primaryImageOfPage\":{\"@id\":\"https:\/\/pavidecor.si\/hr\/proizvod\/suncobran-maroko-standard-o175x46cm-duljina-stupa-250cm\/#primaryimage\"},\"image\":{\"@id\":\"https:\/\/pavidecor.si\/hr\/proizvod\/suncobran-maroko-standard-o175x46cm-duljina-stupa-250cm\/#primaryimage\"},\"thumbnailUrl\":\"https:\/\/pavidecor.si\/wp-content\/uploads\/2023\/03\/Sencnik-Maroko-standard-scaled.jpg\",\"datePublished\":\"2023-03-01T11:18:19+00:00\",\"dateModified\":\"2026-04-06T12:01:39+00:00\",\"description\":\"Suncobran Maroko Standard sa slamnatim krovom dizajniran je za opremanje ugostiteljskih, hotelskih i privatnih vrtova i pla\u017ea uz more, jezero, rijeku, bazen\",\"breadcrumb\":{\"@id\":\"https:\/\/pavidecor.si\/hr\/proizvod\/suncobran-maroko-standard-o175x46cm-duljina-stupa-250cm\/#breadcrumb\"},\"inLanguage\":\"hr\",\"potentialAction\":[{\"@type\":\"ReadAction\",\"target\":[\"https:\/\/pavidecor.si\/hr\/proizvod\/suncobran-maroko-standard-o175x46cm-duljina-stupa-250cm\/\"]}]},{\"@type\":\"ImageObject\",\"inLanguage\":\"hr\",\"@id\":\"https:\/\/pavidecor.si\/hr\/proizvod\/suncobran-maroko-standard-o175x46cm-duljina-stupa-250cm\/#primaryimage\",\"url\":\"https:\/\/pavidecor.si\/wp-content\/uploads\/2023\/03\/Sencnik-Maroko-standard-scaled.jpg\",\"contentUrl\":\"https:\/\/pavidecor.si\/wp-content\/uploads\/2023\/03\/Sencnik-Maroko-standard-scaled.jpg\",\"width\":2560,\"height\":2560,\"caption\":\"PAVI DECOR\"},{\"@type\":\"BreadcrumbList\",\"@id\":\"https:\/\/pavidecor.si\/hr\/proizvod\/suncobran-maroko-standard-o175x46cm-duljina-stupa-250cm\/#breadcrumb\",\"itemListElement\":[{\"@type\":\"ListItem\",\"position\":1,\"name\":\"Domov\",\"item\":\"https:\/\/pavidecor.si\/hr\/\"},{\"@type\":\"ListItem\",\"position\":2,\"name\":\"Internetska trgovina\",\"item\":\"https:\/\/pavidecor.si\/hr\/internetska-trgovina\/\"},{\"@type\":\"ListItem\",\"position\":3,\"name\":\"Suncobran Maroko Standard \u00f8175x46cm duljina stupa 250cm\"}]},{\"@type\":\"WebSite\",\"@id\":\"https:\/\/pavidecor.si\/hr\/#website\",\"url\":\"https:\/\/pavidecor.si\/hr\/\",\"name\":\"Pavi Decor\",\"description\":\"Leseni unikati ustvarjeni iz ljubezni do lesa in narave.\",\"potentialAction\":[{\"@type\":\"SearchAction\",\"target\":{\"@type\":\"EntryPoint\",\"urlTemplate\":\"https:\/\/pavidecor.si\/hr\/?s={search_term_string}\"},\"query-input\":{\"@type\":\"PropertyValueSpecification\",\"valueRequired\":true,\"valueName\":\"search_term_string\"}}],\"inLanguage\":\"hr\"}]}<\/script>\n<!-- \/ Yoast SEO plugin. -->","yoast_head_json":{"title":"Suncobran Maroko Standard Pavi Decor - U\u017eivajte u hladu tropika","description":"Suncobran Maroko Standard sa slamnatim krovom dizajniran je za opremanje ugostiteljskih, hotelskih i privatnih vrtova i pla\u017ea uz more, jezero, rijeku, bazen","robots":{"index":"index","follow":"follow","max-snippet":"max-snippet:-1","max-image-preview":"max-image-preview:large","max-video-preview":"max-video-preview:-1"},"canonical":"https:\/\/pavidecor.si\/hr\/proizvod\/suncobran-maroko-standard-o175x46cm-duljina-stupa-250cm\/","og_locale":"hr_HR","og_type":"article","og_title":"Suncobran Maroko Standard Pavi Decor - U\u017eivajte u hladu tropika","og_description":"Suncobran Maroko Standard sa slamnatim krovom dizajniran je za opremanje ugostiteljskih, hotelskih i privatnih vrtova i pla\u017ea uz more, jezero, rijeku, bazen","og_url":"https:\/\/pavidecor.si\/hr\/proizvod\/suncobran-maroko-standard-o175x46cm-duljina-stupa-250cm\/","og_site_name":"Pavi Decor","article_modified_time":"2026-04-06T12:01:39+00:00","og_image":[{"width":2560,"height":2560,"url":"https:\/\/pavidecor.si\/wp-content\/uploads\/2023\/03\/Sencnik-Maroko-standard-scaled.jpg","type":"image\/jpeg"}],"twitter_card":"summary_large_image","twitter_misc":{"Procijenjeno vrijeme \u010ditanja":"3 minute"},"schema":{"@context":"https:\/\/schema.org","@graph":[{"@type":"WebPage","@id":"https:\/\/pavidecor.si\/hr\/proizvod\/suncobran-maroko-standard-o175x46cm-duljina-stupa-250cm\/","url":"https:\/\/pavidecor.si\/hr\/proizvod\/suncobran-maroko-standard-o175x46cm-duljina-stupa-250cm\/","name":"Suncobran Maroko Standard Pavi Decor - U\u017eivajte u hladu tropika","isPartOf":{"@id":"https:\/\/pavidecor.si\/hr\/#website"},"primaryImageOfPage":{"@id":"https:\/\/pavidecor.si\/hr\/proizvod\/suncobran-maroko-standard-o175x46cm-duljina-stupa-250cm\/#primaryimage"},"image":{"@id":"https:\/\/pavidecor.si\/hr\/proizvod\/suncobran-maroko-standard-o175x46cm-duljina-stupa-250cm\/#primaryimage"},"thumbnailUrl":"https:\/\/pavidecor.si\/wp-content\/uploads\/2023\/03\/Sencnik-Maroko-standard-scaled.jpg","datePublished":"2023-03-01T11:18:19+00:00","dateModified":"2026-04-06T12:01:39+00:00","description":"Suncobran Maroko Standard sa slamnatim krovom dizajniran je za opremanje ugostiteljskih, hotelskih i privatnih vrtova i pla\u017ea uz more, jezero, rijeku, bazen","breadcrumb":{"@id":"https:\/\/pavidecor.si\/hr\/proizvod\/suncobran-maroko-standard-o175x46cm-duljina-stupa-250cm\/#breadcrumb"},"inLanguage":"hr","potentialAction":[{"@type":"ReadAction","target":["https:\/\/pavidecor.si\/hr\/proizvod\/suncobran-maroko-standard-o175x46cm-duljina-stupa-250cm\/"]}]},{"@type":"ImageObject","inLanguage":"hr","@id":"https:\/\/pavidecor.si\/hr\/proizvod\/suncobran-maroko-standard-o175x46cm-duljina-stupa-250cm\/#primaryimage","url":"https:\/\/pavidecor.si\/wp-content\/uploads\/2023\/03\/Sencnik-Maroko-standard-scaled.jpg","contentUrl":"https:\/\/pavidecor.si\/wp-content\/uploads\/2023\/03\/Sencnik-Maroko-standard-scaled.jpg","width":2560,"height":2560,"caption":"PAVI DECOR"},{"@type":"BreadcrumbList","@id":"https:\/\/pavidecor.si\/hr\/proizvod\/suncobran-maroko-standard-o175x46cm-duljina-stupa-250cm\/#breadcrumb","itemListElement":[{"@type":"ListItem","position":1,"name":"Domov","item":"https:\/\/pavidecor.si\/hr\/"},{"@type":"ListItem","position":2,"name":"Internetska trgovina","item":"https:\/\/pavidecor.si\/hr\/internetska-trgovina\/"},{"@type":"ListItem","position":3,"name":"Suncobran Maroko Standard \u00f8175x46cm duljina stupa 250cm"}]},{"@type":"WebSite","@id":"https:\/\/pavidecor.si\/hr\/#website","url":"https:\/\/pavidecor.si\/hr\/","name":"Pavi Decor","description":"Leseni unikati ustvarjeni iz ljubezni do lesa in narave.","potentialAction":[{"@type":"SearchAction","target":{"@type":"EntryPoint","urlTemplate":"https:\/\/pavidecor.si\/hr\/?s={search_term_string}"},"query-input":{"@type":"PropertyValueSpecification","valueRequired":true,"valueName":"search_term_string"}}],"inLanguage":"hr"}]}},"_links":{"self":[{"href":"https:\/\/pavidecor.si\/hr\/wp-json\/wp\/v2\/product\/20794","targetHints":{"allow":["GET"]}}],"collection":[{"href":"https:\/\/pavidecor.si\/hr\/wp-json\/wp\/v2\/product"}],"about":[{"href":"https:\/\/pavidecor.si\/hr\/wp-json\/wp\/v2\/types\/product"}],"replies":[{"embeddable":true,"href":"https:\/\/pavidecor.si\/hr\/wp-json\/wp\/v2\/comments?post=20794"}],"wp:featuredmedia":[{"embeddable":true,"href":"https:\/\/pavidecor.si\/hr\/wp-json\/wp\/v2\/media\/20797"}],"wp:attachment":[{"href":"https:\/\/pavidecor.si\/hr\/wp-json\/wp\/v2\/media?parent=20794"}],"wp:term":[{"taxonomy":"product_brand","embeddable":true,"href":"https:\/\/pavidecor.si\/hr\/wp-json\/wp\/v2\/product_brand?post=20794"},{"taxonomy":"product_cat","embeddable":true,"href":"https:\/\/pavidecor.si\/hr\/wp-json\/wp\/v2\/product_cat?post=20794"},{"taxonomy":"product_tag","embeddable":true,"href":"https:\/\/pavidecor.si\/hr\/wp-json\/wp\/v2\/product_tag?post=20794"}],"curies":[{"name":"wp","href":"https:\/\/api.w.org\/{rel}","templated":true}]}}