	{"id":20787,"date":"2023-03-20T09:03:01","date_gmt":"2023-03-20T09:03:01","guid":{"rendered":"https:\/\/pavidecor.si\/product\/kucica-za-ptice-mrijestiliste-zeleno-s-cvijecem\/"},"modified":"2026-04-20T14:42:41","modified_gmt":"2026-04-20T14:42:41","slug":"kucica-za-ptice-zelena-valionica-s-cvijecem","status":"publish","type":"product","link":"https:\/\/pavidecor.si\/hr\/proizvod\/kucica-za-ptice-zelena-valionica-s-cvijecem\/","title":{"rendered":"Ku\u0107ica za ptice zelena valionica s cvije\u0107em"},"content":{"rendered":"<p><span class=\"prvimanjsinaslovopis\">Ku\u0107ica za ptice s cvije\u0107em &#8211; Stvorite raj za ptice u svom vrtu<\/span><\/p>\n<p>&nbsp;<\/p>\n<h2><span class=\"odebeljenopis\"><strong><br \/>\nKu\u0107ica za ptice je savr\u0161ena dodatak za svaki vrt, pru\u017eaju\u0107i sigurno mjesto za gnije\u017e\u0111enje ptica pjevica. Ove predivne ptice ne samo da oboga\u0107uju na\u0161u okolinu svojim pjevanjem, ve\u0107 i poma\u017eu u kontroli \u0161tetnika tijekom toplijih mjeseci. U PAVI DECOR-u iz Ljubljane, svaki na\u0161 proizvod odra\u017eava ljubav prema drvetu i prirodi, a ova ku\u0107ica nije iznimka.<\/strong><\/span><\/h2>\n<p>&nbsp;<\/p>\n<div class=\"row\">\n<div class=\"col-sm-6 \" style=\"margin-top: 30px;\"><center><img decoding=\"async\" class=\"lazyload img-responsive\" style=\"margin: 0px auto; max-width: 100%;\" src=\"data:image\/svg+xml,%3Csvg%20xmlns%3D%27http%3A%2F%2Fwww.w3.org%2F2000%2Fsvg%27%20width%3D%272042%27%20height%3D%272043%27%20viewBox%3D%270%200%202042%202043%27%3E%3Crect%20width%3D%272042%27%20height%3D%272043%27%20fill-opacity%3D%220%22%2F%3E%3C%2Fsvg%3E\" data-orig-src=\"https:\/\/pavidecor.si\/wp-content\/uploads\/2023\/03\/IMG_7590-3.jpg\" \/><\/center><\/div>\n<div class=\"col-sm-6\" style=\"margin-top: 40px;\">\n<p>&nbsp;<\/p>\n<h3>Unikatna ru\u010dna izrada<\/h3>\n<p>Na\u0161i proizvodi, uklju\u010duju\u0107i ku\u0107icu za ptice, izra\u0111eni su s posebnom pa\u017enjom i ljubavlju. Ru\u010dno izra\u0111eni od kvalitetnog drva, svaki komad nosi pe\u010dat na\u0161eg vlastitog znanja i kreativnosti. Ova valionica je rezultat tradicionalnih tehnika spajanja drvenih dijelova, koje su koristili stari majstori. Ovaj na\u010din izrade ne samo da osigurava \u010dvrsto\u0107u i dugovje\u010dnost, ve\u0107 i daje proizvodu <strong>autenti\u010dan izgled<\/strong> koji \u0107e se savr\u0161eno uklopiti u svaki vrt.<\/p>\n<p>&nbsp;<\/p>\n<p>Osim \u0161to je estetski privla\u010dna, k<span class=\"prvimanjsinaslovopis\">u\u0107ica za ptice s cvije\u0107em<\/span> je i funkcionalna. <b>Obavezna oprema<\/b> za svaki vrt, omogu\u0107ava pticama sigurno gnije\u017e\u0111enje i za\u0161titu od predatora. Njena prakti\u010dna konstrukcija omogu\u0107ava jednostavno postavljanje, a s obzirom na to da je opremljena s ve\u0107 pri\u010dvr\u0161\u0107enim vje\u0161alicom, lako ju je obijesiti na drvo ili ispod nadstre\u0161nice.<\/p>\n<p>&nbsp;<\/p>\n<\/div>\n<\/div>\n<div class=\"row\">\n<div class=\"col-sm-12\">\n<p>&nbsp;<\/p>\n<h3>Ekolo\u0161ki prihvatljiva rje\u0161enja<\/h3>\n<p>U PAVI DECOR-u vjerujemo u odr\u017eivost i ekolo\u0161ki prihvatljive proizvode. Na\u0161a k<span class=\"prvimanjsinaslovopis\">u\u0107ica za ptice s cvije\u0107em<\/span> je ru\u010dno obojena akrilnim bojama, \u0161to je \u010dini <strong>potpuno <\/strong><b>jedinstvenom<\/b>. Ove boje su sigurne za okoli\u0161 i ne \u0161tete pticama, \u010dime osiguravamo da na\u0161 proizvod ne samo da izgleda dobro, ve\u0107 i da je siguran za sve korisnike prirode.<\/p>\n<p>&nbsp;<\/p>\n<p>Osim \u0161to privla\u010de ptice, na\u0161e ku\u0107ice tako\u0111er doprinose o\u010duvanju prirode. Pru\u017eaju\u0107i sigurno mjesto za gnije\u017e\u0111enje, poma\u017eemo u o\u010duvanju ptica pjevica koje su klju\u010dne za ekosustav. Njihovo prisustvo u vrtu ne samo da donosi radost, ve\u0107 i poma\u017ee u <b>kontroli \u0161tetnika<\/b>, \u010dime se smanjuje potreba za kemijskim sredstvima.<\/p>\n<p>&nbsp;<\/p>\n<\/div>\n<\/div>\n<div class=\"row\">\n<div class=\"col-sm-12\">\n<p>&nbsp;<\/p>\n<h3>Specifikacije proizvoda<\/h3>\n<p><span class=\"prvimanjsinaslovopis\">Ku\u0107ica za ptice s cvije\u0107em<\/span> je dizajnirana s posebnim naglaskom na funkcionalnost i estetiku. Njena dimenzija i oblik omogu\u0107uju pticama da se osje\u0107aju sigurno i udobno. <b>Ku\u0107ic<\/b><strong>a je idealna za sve vrste ptica pjevica<\/strong>, a njena ru\u010dna izrada osigurava da je svaki komad jedinstven.<\/p>\n<p>&nbsp;<\/p>\n<p>U PAVI DECOR-u, svaki na\u0161 proizvod je rezultat strasti prema drvetu i prirodi. Na\u0161a k<span class=\"prvimanjsinaslovopis\">u\u0107ica s cvije\u0107em<\/span> je savr\u0161en primjer kako se tradicija i moderna estetika mogu spojiti u jedan funkcionalan i lijep proizvod. Naru\u010dite svoju valionicu danas i stvorite savr\u0161eno mjesto za ptice u svom vrtu. Zimi mo\u017eete staviti hranu za ptice u <a href=\"https:\/\/pavidecor.si\/hr\/proizvod\/hranilica-za-ptice\/\"><strong><span style=\"color: #3366ff;\">na\u0161u hranilicu<\/span><\/strong><\/a>.<\/p>\n<\/div>\n<\/div>\n<p>&nbsp;<\/p>\n","protected":false},"excerpt":{"rendered":"<p><strong><span style=\"color: #c4963c;\">\u2192 Ru\u010dno izra\u0111ena<\/span><\/strong><strong><span style=\"color: #c4963c;\"><br \/>\n<\/span><span style=\"color: #c4963c;\">\u2192 Jedinstvena<\/span><\/strong><\/p>\n","protected":false},"featured_media":20789,"comment_status":"open","ping_status":"closed","template":"","meta":[],"product_brand":[],"product_cat":[309],"product_tag":[218],"class_list":{"0":"post-20787","1":"product","2":"type-product","3":"status-publish","4":"has-post-thumbnail","6":"product_cat-kucice-za-ptice","7":"product_tag-nov","9":"first","10":"instock","11":"taxable","12":"shipping-taxable","13":"purchasable","14":"product-type-simple"},"yoast_head":"<!-- This site is optimized with the Yoast SEO plugin v27.2 - https:\/\/yoast.com\/product\/yoast-seo-wordpress\/ -->\n<title>Ku\u0107ica za ptice s cvije\u0107em za ugodno gnije\u017e\u0111enje ptica pjevica<\/title>\n<meta name=\"description\" content=\"Ku\u0107ica za ptice je obavezna oprema svakog vrta, jer omogu\u0107uje sigurno gnije\u017e\u0111enje ptica pjevica. Jedinstveno je obojena i ima vje\u0161alicu pri\u010dvr\u0161\u0107enu na vrhu.\" \/>\n<meta name=\"robots\" content=\"index, follow, max-snippet:-1, max-image-preview:large, max-video-preview:-1\" \/>\n<link rel=\"canonical\" href=\"https:\/\/pavidecor.si\/hr\/proizvod\/kucica-za-ptice-zelena-valionica-s-cvijecem\/\" \/>\n<meta property=\"og:locale\" content=\"hr_HR\" \/>\n<meta property=\"og:type\" content=\"article\" \/>\n<meta property=\"og:title\" content=\"Ku\u0107ica za ptice s cvije\u0107em za ugodno gnije\u017e\u0111enje ptica pjevica\" \/>\n<meta property=\"og:description\" content=\"Ku\u0107ica za ptice je obavezna oprema svakog vrta, jer omogu\u0107uje sigurno gnije\u017e\u0111enje ptica pjevica. Jedinstveno je obojena i ima vje\u0161alicu pri\u010dvr\u0161\u0107enu na vrhu.\" \/>\n<meta property=\"og:url\" content=\"https:\/\/pavidecor.si\/hr\/proizvod\/kucica-za-ptice-zelena-valionica-s-cvijecem\/\" \/>\n<meta property=\"og:site_name\" content=\"Pavi Decor\" \/>\n<meta property=\"article:modified_time\" content=\"2026-04-20T14:42:41+00:00\" \/>\n<meta property=\"og:image\" content=\"https:\/\/pavidecor.si\/wp-content\/uploads\/2023\/03\/IMG_7590-3.jpg\" \/>\n\t<meta property=\"og:image:width\" content=\"2042\" \/>\n\t<meta property=\"og:image:height\" content=\"2043\" \/>\n\t<meta property=\"og:image:type\" content=\"image\/jpeg\" \/>\n<meta name=\"twitter:card\" content=\"summary_large_image\" \/>\n<meta name=\"twitter:label1\" content=\"Procijenjeno vrijeme \u010ditanja\" \/>\n\t<meta name=\"twitter:data1\" content=\"3 minute\" \/>\n<script type=\"application\/ld+json\" class=\"yoast-schema-graph\">{\"@context\":\"https:\/\/schema.org\",\"@graph\":[{\"@type\":\"WebPage\",\"@id\":\"https:\/\/pavidecor.si\/hr\/proizvod\/kucica-za-ptice-zelena-valionica-s-cvijecem\/\",\"url\":\"https:\/\/pavidecor.si\/hr\/proizvod\/kucica-za-ptice-zelena-valionica-s-cvijecem\/\",\"name\":\"Ku\u0107ica za ptice s cvije\u0107em za ugodno gnije\u017e\u0111enje ptica pjevica\",\"isPartOf\":{\"@id\":\"https:\/\/pavidecor.si\/hr\/#website\"},\"primaryImageOfPage\":{\"@id\":\"https:\/\/pavidecor.si\/hr\/proizvod\/kucica-za-ptice-zelena-valionica-s-cvijecem\/#primaryimage\"},\"image\":{\"@id\":\"https:\/\/pavidecor.si\/hr\/proizvod\/kucica-za-ptice-zelena-valionica-s-cvijecem\/#primaryimage\"},\"thumbnailUrl\":\"https:\/\/pavidecor.si\/wp-content\/uploads\/2023\/03\/IMG_7590-3.jpg\",\"datePublished\":\"2023-03-20T09:03:01+00:00\",\"dateModified\":\"2026-04-20T14:42:41+00:00\",\"description\":\"Ku\u0107ica za ptice je obavezna oprema svakog vrta, jer omogu\u0107uje sigurno gnije\u017e\u0111enje ptica pjevica. Jedinstveno je obojena i ima vje\u0161alicu pri\u010dvr\u0161\u0107enu na vrhu.\",\"breadcrumb\":{\"@id\":\"https:\/\/pavidecor.si\/hr\/proizvod\/kucica-za-ptice-zelena-valionica-s-cvijecem\/#breadcrumb\"},\"inLanguage\":\"hr\",\"potentialAction\":[{\"@type\":\"ReadAction\",\"target\":[\"https:\/\/pavidecor.si\/hr\/proizvod\/kucica-za-ptice-zelena-valionica-s-cvijecem\/\"]}]},{\"@type\":\"ImageObject\",\"inLanguage\":\"hr\",\"@id\":\"https:\/\/pavidecor.si\/hr\/proizvod\/kucica-za-ptice-zelena-valionica-s-cvijecem\/#primaryimage\",\"url\":\"https:\/\/pavidecor.si\/wp-content\/uploads\/2023\/03\/IMG_7590-3.jpg\",\"contentUrl\":\"https:\/\/pavidecor.si\/wp-content\/uploads\/2023\/03\/IMG_7590-3.jpg\",\"width\":2042,\"height\":2043,\"caption\":\"PAVI DECOR\"},{\"@type\":\"BreadcrumbList\",\"@id\":\"https:\/\/pavidecor.si\/hr\/proizvod\/kucica-za-ptice-zelena-valionica-s-cvijecem\/#breadcrumb\",\"itemListElement\":[{\"@type\":\"ListItem\",\"position\":1,\"name\":\"Domov\",\"item\":\"https:\/\/pavidecor.si\/hr\/\"},{\"@type\":\"ListItem\",\"position\":2,\"name\":\"Internetska trgovina\",\"item\":\"https:\/\/pavidecor.si\/hr\/internetska-trgovina\/\"},{\"@type\":\"ListItem\",\"position\":3,\"name\":\"Ku\u0107ica za ptice zelena valionica s cvije\u0107em\"}]},{\"@type\":\"WebSite\",\"@id\":\"https:\/\/pavidecor.si\/hr\/#website\",\"url\":\"https:\/\/pavidecor.si\/hr\/\",\"name\":\"Pavi Decor\",\"description\":\"Leseni unikati ustvarjeni iz ljubezni do lesa in narave.\",\"potentialAction\":[{\"@type\":\"SearchAction\",\"target\":{\"@type\":\"EntryPoint\",\"urlTemplate\":\"https:\/\/pavidecor.si\/hr\/?s={search_term_string}\"},\"query-input\":{\"@type\":\"PropertyValueSpecification\",\"valueRequired\":true,\"valueName\":\"search_term_string\"}}],\"inLanguage\":\"hr\"}]}<\/script>\n<!-- \/ Yoast SEO plugin. -->","yoast_head_json":{"title":"Ku\u0107ica za ptice s cvije\u0107em za ugodno gnije\u017e\u0111enje ptica pjevica","description":"Ku\u0107ica za ptice je obavezna oprema svakog vrta, jer omogu\u0107uje sigurno gnije\u017e\u0111enje ptica pjevica. Jedinstveno je obojena i ima vje\u0161alicu pri\u010dvr\u0161\u0107enu na vrhu.","robots":{"index":"index","follow":"follow","max-snippet":"max-snippet:-1","max-image-preview":"max-image-preview:large","max-video-preview":"max-video-preview:-1"},"canonical":"https:\/\/pavidecor.si\/hr\/proizvod\/kucica-za-ptice-zelena-valionica-s-cvijecem\/","og_locale":"hr_HR","og_type":"article","og_title":"Ku\u0107ica za ptice s cvije\u0107em za ugodno gnije\u017e\u0111enje ptica pjevica","og_description":"Ku\u0107ica za ptice je obavezna oprema svakog vrta, jer omogu\u0107uje sigurno gnije\u017e\u0111enje ptica pjevica. Jedinstveno je obojena i ima vje\u0161alicu pri\u010dvr\u0161\u0107enu na vrhu.","og_url":"https:\/\/pavidecor.si\/hr\/proizvod\/kucica-za-ptice-zelena-valionica-s-cvijecem\/","og_site_name":"Pavi Decor","article_modified_time":"2026-04-20T14:42:41+00:00","og_image":[{"width":2042,"height":2043,"url":"https:\/\/pavidecor.si\/wp-content\/uploads\/2023\/03\/IMG_7590-3.jpg","type":"image\/jpeg"}],"twitter_card":"summary_large_image","twitter_misc":{"Procijenjeno vrijeme \u010ditanja":"3 minute"},"schema":{"@context":"https:\/\/schema.org","@graph":[{"@type":"WebPage","@id":"https:\/\/pavidecor.si\/hr\/proizvod\/kucica-za-ptice-zelena-valionica-s-cvijecem\/","url":"https:\/\/pavidecor.si\/hr\/proizvod\/kucica-za-ptice-zelena-valionica-s-cvijecem\/","name":"Ku\u0107ica za ptice s cvije\u0107em za ugodno gnije\u017e\u0111enje ptica pjevica","isPartOf":{"@id":"https:\/\/pavidecor.si\/hr\/#website"},"primaryImageOfPage":{"@id":"https:\/\/pavidecor.si\/hr\/proizvod\/kucica-za-ptice-zelena-valionica-s-cvijecem\/#primaryimage"},"image":{"@id":"https:\/\/pavidecor.si\/hr\/proizvod\/kucica-za-ptice-zelena-valionica-s-cvijecem\/#primaryimage"},"thumbnailUrl":"https:\/\/pavidecor.si\/wp-content\/uploads\/2023\/03\/IMG_7590-3.jpg","datePublished":"2023-03-20T09:03:01+00:00","dateModified":"2026-04-20T14:42:41+00:00","description":"Ku\u0107ica za ptice je obavezna oprema svakog vrta, jer omogu\u0107uje sigurno gnije\u017e\u0111enje ptica pjevica. Jedinstveno je obojena i ima vje\u0161alicu pri\u010dvr\u0161\u0107enu na vrhu.","breadcrumb":{"@id":"https:\/\/pavidecor.si\/hr\/proizvod\/kucica-za-ptice-zelena-valionica-s-cvijecem\/#breadcrumb"},"inLanguage":"hr","potentialAction":[{"@type":"ReadAction","target":["https:\/\/pavidecor.si\/hr\/proizvod\/kucica-za-ptice-zelena-valionica-s-cvijecem\/"]}]},{"@type":"ImageObject","inLanguage":"hr","@id":"https:\/\/pavidecor.si\/hr\/proizvod\/kucica-za-ptice-zelena-valionica-s-cvijecem\/#primaryimage","url":"https:\/\/pavidecor.si\/wp-content\/uploads\/2023\/03\/IMG_7590-3.jpg","contentUrl":"https:\/\/pavidecor.si\/wp-content\/uploads\/2023\/03\/IMG_7590-3.jpg","width":2042,"height":2043,"caption":"PAVI DECOR"},{"@type":"BreadcrumbList","@id":"https:\/\/pavidecor.si\/hr\/proizvod\/kucica-za-ptice-zelena-valionica-s-cvijecem\/#breadcrumb","itemListElement":[{"@type":"ListItem","position":1,"name":"Domov","item":"https:\/\/pavidecor.si\/hr\/"},{"@type":"ListItem","position":2,"name":"Internetska trgovina","item":"https:\/\/pavidecor.si\/hr\/internetska-trgovina\/"},{"@type":"ListItem","position":3,"name":"Ku\u0107ica za ptice zelena valionica s cvije\u0107em"}]},{"@type":"WebSite","@id":"https:\/\/pavidecor.si\/hr\/#website","url":"https:\/\/pavidecor.si\/hr\/","name":"Pavi Decor","description":"Leseni unikati ustvarjeni iz ljubezni do lesa in narave.","potentialAction":[{"@type":"SearchAction","target":{"@type":"EntryPoint","urlTemplate":"https:\/\/pavidecor.si\/hr\/?s={search_term_string}"},"query-input":{"@type":"PropertyValueSpecification","valueRequired":true,"valueName":"search_term_string"}}],"inLanguage":"hr"}]}},"_links":{"self":[{"href":"https:\/\/pavidecor.si\/hr\/wp-json\/wp\/v2\/product\/20787","targetHints":{"allow":["GET"]}}],"collection":[{"href":"https:\/\/pavidecor.si\/hr\/wp-json\/wp\/v2\/product"}],"about":[{"href":"https:\/\/pavidecor.si\/hr\/wp-json\/wp\/v2\/types\/product"}],"replies":[{"embeddable":true,"href":"https:\/\/pavidecor.si\/hr\/wp-json\/wp\/v2\/comments?post=20787"}],"wp:featuredmedia":[{"embeddable":true,"href":"https:\/\/pavidecor.si\/hr\/wp-json\/wp\/v2\/media\/20789"}],"wp:attachment":[{"href":"https:\/\/pavidecor.si\/hr\/wp-json\/wp\/v2\/media?parent=20787"}],"wp:term":[{"taxonomy":"product_brand","embeddable":true,"href":"https:\/\/pavidecor.si\/hr\/wp-json\/wp\/v2\/product_brand?post=20787"},{"taxonomy":"product_cat","embeddable":true,"href":"https:\/\/pavidecor.si\/hr\/wp-json\/wp\/v2\/product_cat?post=20787"},{"taxonomy":"product_tag","embeddable":true,"href":"https:\/\/pavidecor.si\/hr\/wp-json\/wp\/v2\/product_tag?post=20787"}],"curies":[{"name":"wp","href":"https:\/\/api.w.org\/{rel}","templated":true}]}}