	{"id":20759,"date":"2023-03-28T06:56:47","date_gmt":"2023-03-28T06:56:47","guid":{"rendered":"https:\/\/pavidecor.si\/product\/stojeca-oglasna-ploca-s-krovom-natur-145x72x80cm\/"},"modified":"2026-04-23T03:01:31","modified_gmt":"2026-04-23T03:01:31","slug":"stojeca-oglasna-ploca-s-krovom-natur-145x72x80cm","status":"publish","type":"product","link":"https:\/\/pavidecor.si\/hr\/proizvod\/stojeca-oglasna-ploca-s-krovom-natur-145x72x80cm\/","title":{"rendered":"Stoje\u0107a oglasna plo\u010da s krovom natur 145x72x80cm"},"content":{"rendered":"<p><span class=\"prvimanjsinaslovopis\"> Stoje\u0107a oglasna plo\u010da s krovom &#8211; Savr\u0161ena za va\u0161u ponudu<\/span><\/p>\n<p>&nbsp;<\/p>\n<h2><span class=\"odebeljenopis\"><strong><br \/>\nU svijetu marketinga, vizualna privla\u010dnost igra klju\u010dnu ulogu. Na\u0161a stoje\u0107a oglasna plo\u010da s krovom idealna je za isticanje va\u0161e trgovinske ili ugostiteljske ponude. Bilo da se radi o starim seoskim konobama ili modernim gradskim restoranima, ova plo\u010da \u0107e privu\u0107i pa\u017enju i odu\u0161eviti va\u0161e goste.<\/strong><\/span><\/h2>\n<p>&nbsp;<\/p>\n<div class=\"row\">\n<div class=\"col-sm-6 \" style=\"margin-top: 30px;\"><center><img decoding=\"async\" class=\"lazyload img-responsive\" style=\"margin: 0px auto; max-width: 100%;\" src=\"data:image\/svg+xml,%3Csvg%20xmlns%3D%27http%3A%2F%2Fwww.w3.org%2F2000%2Fsvg%27%20width%3D%272326%27%20height%3D%272326%27%20viewBox%3D%270%200%202326%202326%27%3E%3Crect%20width%3D%272326%27%20height%3D%272326%27%20fill-opacity%3D%220%22%2F%3E%3C%2Fsvg%3E\" data-orig-src=\"https:\/\/pavidecor.si\/wp-content\/uploads\/2023\/03\/1IMG_7794a-2.jpg\" \/><\/center><\/div>\n<div class=\"col-sm-6\" style=\"margin-top: 40px;\">\n<p>&nbsp;<\/p>\n<h3>Unikatna ru\u010dna izrada<\/h3>\n<p>Na\u0161a stoje\u0107a oglasna plo\u010da s krovom izra\u0111ena je s ljubavlju i pa\u017enjom prema detaljima. U PAVI DECOR-u iz Ljubljane, svaki proizvod je rezultat na\u0161eg vlastitog znanja i kreativnosti. <b>Ru\u010dna izrada<\/b> osigurava da svaki komad bude jedinstven, a tehnike spajanja drvenih dijelova koje su koristili stari majstori daju na\u0161im proizvodima autenti\u010dan izgled. Ova plo\u010da ne samo da je funkcionalna, ve\u0107 i estetski privla\u010dna, \u010dine\u0107i je savr\u0161enim dodatkom za svaku kuhinju ili ulicu u gradu.<\/p>\n<p>&nbsp;<\/p>\n<p>Osim \u0161to je lijepa, ova oglasna plo\u010da je i izuzetno prakti\u010dna. Njena masivnost osigurava stabilnost na svim podlogama, a zahvaljuju\u0107i za\u0161titi s verigom, mo\u017ee stajati vani \u010dak i u vjetrovitom vremenu. Ova kombinacija funkcionalnosti i stila \u010dini je idealnim rje\u0161enjem za sve vrste poslovanja.<\/p>\n<p>&nbsp;<\/p>\n<\/div>\n<\/div>\n<div class=\"row\">\n<div class=\"col-sm-6 col-sm-push-6\" style=\"margin-top: 30px;\"><center><img decoding=\"async\" class=\"lazyload img-responsive\" style=\"margin: 0px auto; max-width: 100%;\" src=\"data:image\/svg+xml,%3Csvg%20xmlns%3D%27http%3A%2F%2Fwww.w3.org%2F2000%2Fsvg%27%20width%3D%272231%27%20height%3D%272231%27%20viewBox%3D%270%200%202231%202231%27%3E%3Crect%20width%3D%272231%27%20height%3D%272231%27%20fill-opacity%3D%220%22%2F%3E%3C%2Fsvg%3E\" data-orig-src=\" https:\/\/pavidecor.si\/wp-content\/uploads\/2023\/03\/2IMG_7798a.jpg\" \/><\/center><\/div>\n<div class=\"col-sm-6 col-sm-pull-6\" style=\"margin-top: 40px;\">\n<p>&nbsp;<\/p>\n<h3>Funkcionalnost i prilagodljivost<\/h3>\n<p>Stoje\u0107om oglasnom plo\u010dom mo\u017eete lako komunicirati s va\u0161im kupcima. Na crno obojanoj plo\u010di otpornom na vlagu mo\u017eete pisati i crtati s <b>bojnim kredama<\/b> ili akrilnim bojama. Ova povr\u0161ina je tako\u0111er pogodna za pri\u010dvr\u0161\u0107ivanje magneta, \u0161to dodatno pove\u0107ava njenu funkcionalnost. Bez obzira na to \u017eelite li istaknuti dnevni meni, va\u017ene datume ili posebne ponude, ova tabla \u0107e vam omogu\u0107iti da to u\u010dinite na kreativan i privla\u010dan na\u010din.<\/p>\n<p>&nbsp;<\/p>\n<p>Rustikalni stil ove plo\u010de savr\u0161eno se uklapa u ambijent seoskih ku\u0107a, ali i modernih gradskih prostora. Njena prisutnost mo\u017ee obogatiti svaki prostor, stvaraju\u0107i toplu i privla\u010dnu atmosferu koja \u0107e privu\u0107i pa\u017enju prolaznika. Ova plo\u010da nije samo alat za ogla\u0161avanje, ve\u0107 i dekorativni element koji \u0107e obogatiti va\u0161 prostor.<\/p>\n<p>&nbsp;<\/p>\n<\/div>\n<\/div>\n<div class=\"row\">\n<div class=\"col-sm-6\" style=\"margin-top: 30px;\"><center><img decoding=\"async\" class=\"lazyload img-responsive\" style=\"margin: 0px auto; max-width: 100%;\" src=\"data:image\/svg+xml,%3Csvg%20xmlns%3D%27http%3A%2F%2Fwww.w3.org%2F2000%2Fsvg%27%20width%3D%272370%27%20height%3D%272370%27%20viewBox%3D%270%200%202370%202370%27%3E%3Crect%20width%3D%272370%27%20height%3D%272370%27%20fill-opacity%3D%220%22%2F%3E%3C%2Fsvg%3E\" data-orig-src=\" https:\/\/pavidecor.si\/wp-content\/uploads\/2023\/03\/3IMG_7799a.jpg\" \/><\/center><\/div>\n<div class=\"col-sm-6\" style=\"margin-top: 40px;\">\n<p>&nbsp;<\/p>\n<h3>Tehni\u010dke specifikacije<\/h3>\n<p>Stoje\u0107a oglasna plo\u010da s krovom dolazi s nizom tehni\u010dkih karakteristika koje je \u010dine izvanrednim izborom za svako poslovanje. <b>Dimenzije:<\/b> 120 cm visine, 80 cm \u0161irine. <b>Materijal:<\/b> masivno drvo, \u010deli\u010dna konstrukcija. <b>Te\u017eina:<\/b> 25 kg, \u0161to osigurava stabilnost. <b>Osvjetljenje:<\/b> ugra\u0111ena LED svjetla za vidljivost u ve\u010dernjim satima. Ova plo\u010da je otporna na sve vremenske uvjete, \u0161to je \u010dini idealnom za vanjsku upotrebu.<\/p>\n<p>&nbsp;<\/p>\n<p>Svi na\u0161i proizvodi su izra\u0111eni u Sloveniji, a posebnost na\u0161ih drvenih proizvoda je ru\u010dna izrada koja osigurava kvalitetu i dugotrajnost. U PAVI DECOR-u vjerujemo u ljubav prema drvetu i prirodi, \u0161to se odra\u017eava u svakom na\u0161em proizvodu. Odaberite na\u0161u stoje\u0107u oglasnu plo\u010du i unaprijedite svoje poslovanje na jedinstven na\u010din.<\/p>\n<\/div>\n<\/div>\n<p>&nbsp;<\/p>\n","protected":false},"excerpt":{"rendered":"<p><strong><span style=\"color: #c4963c;\">\u2192 Ugra\u0111eno LED svjetlo<br \/>\n\u2192 <\/span><\/strong><strong><span style=\"color: #c4963c;\">Uklonjiva povr\u0161ina od lima<\/span><\/strong><\/p>\n","protected":false},"featured_media":20766,"comment_status":"open","ping_status":"closed","template":"","meta":[],"product_brand":[],"product_cat":[269,294,293],"product_tag":[218],"class_list":{"0":"post-20759","1":"product","2":"type-product","3":"status-publish","4":"has-post-thumbnail","6":"product_cat-oprema-za-trgovine-i-konobe","7":"product_cat-ploce","8":"product_cat-putokazi-i-ploce","9":"product_tag-nov","11":"first","12":"instock","13":"taxable","14":"shipping-taxable","15":"purchasable","16":"product-type-simple"},"yoast_head":"<!-- This site is optimized with the Yoast SEO plugin v27.2 - https:\/\/yoast.com\/product\/yoast-seo-wordpress\/ -->\n<title>Stoje\u0107a oglasna tabla s krovom - Savr\u0161ena za va\u0161u ponudu<\/title>\n<meta name=\"description\" content=\"Stoje\u0107a oglasna plo\u010da s krovom za ogla\u0161avanje komercijalne ili ugostiteljske ponude. Stabilno postolje i metalna povr\u0161ina za pri\u010dvr\u0161\u0107ivanje magnetima.\" \/>\n<meta name=\"robots\" content=\"index, follow, max-snippet:-1, max-image-preview:large, max-video-preview:-1\" \/>\n<link rel=\"canonical\" href=\"https:\/\/pavidecor.si\/hr\/proizvod\/stojeca-oglasna-ploca-s-krovom-natur-145x72x80cm\/\" \/>\n<meta property=\"og:locale\" content=\"hr_HR\" \/>\n<meta property=\"og:type\" content=\"article\" \/>\n<meta property=\"og:title\" content=\"Stoje\u0107a oglasna tabla s krovom - Savr\u0161ena za va\u0161u ponudu\" \/>\n<meta property=\"og:description\" content=\"Stoje\u0107a oglasna plo\u010da s krovom za ogla\u0161avanje komercijalne ili ugostiteljske ponude. Stabilno postolje i metalna povr\u0161ina za pri\u010dvr\u0161\u0107ivanje magnetima.\" \/>\n<meta property=\"og:url\" content=\"https:\/\/pavidecor.si\/hr\/proizvod\/stojeca-oglasna-ploca-s-krovom-natur-145x72x80cm\/\" \/>\n<meta property=\"og:site_name\" content=\"Pavi Decor\" \/>\n<meta property=\"article:modified_time\" content=\"2026-04-23T03:01:31+00:00\" \/>\n<meta property=\"og:image\" content=\"https:\/\/pavidecor.si\/wp-content\/uploads\/2023\/03\/1IMG_7794a-2.jpg\" \/>\n\t<meta property=\"og:image:width\" content=\"2326\" \/>\n\t<meta property=\"og:image:height\" content=\"2326\" \/>\n\t<meta property=\"og:image:type\" content=\"image\/jpeg\" \/>\n<meta name=\"twitter:card\" content=\"summary_large_image\" \/>\n<meta name=\"twitter:label1\" content=\"Procijenjeno vrijeme \u010ditanja\" \/>\n\t<meta name=\"twitter:data1\" content=\"4 minute\" \/>\n<script type=\"application\/ld+json\" class=\"yoast-schema-graph\">{\"@context\":\"https:\/\/schema.org\",\"@graph\":[{\"@type\":\"WebPage\",\"@id\":\"https:\/\/pavidecor.si\/hr\/proizvod\/stojeca-oglasna-ploca-s-krovom-natur-145x72x80cm\/\",\"url\":\"https:\/\/pavidecor.si\/hr\/proizvod\/stojeca-oglasna-ploca-s-krovom-natur-145x72x80cm\/\",\"name\":\"Stoje\u0107a oglasna tabla s krovom - Savr\u0161ena za va\u0161u ponudu\",\"isPartOf\":{\"@id\":\"https:\/\/pavidecor.si\/hr\/#website\"},\"primaryImageOfPage\":{\"@id\":\"https:\/\/pavidecor.si\/hr\/proizvod\/stojeca-oglasna-ploca-s-krovom-natur-145x72x80cm\/#primaryimage\"},\"image\":{\"@id\":\"https:\/\/pavidecor.si\/hr\/proizvod\/stojeca-oglasna-ploca-s-krovom-natur-145x72x80cm\/#primaryimage\"},\"thumbnailUrl\":\"https:\/\/pavidecor.si\/wp-content\/uploads\/2023\/03\/1IMG_7794a-2.jpg\",\"datePublished\":\"2023-03-28T06:56:47+00:00\",\"dateModified\":\"2026-04-23T03:01:31+00:00\",\"description\":\"Stoje\u0107a oglasna plo\u010da s krovom za ogla\u0161avanje komercijalne ili ugostiteljske ponude. Stabilno postolje i metalna povr\u0161ina za pri\u010dvr\u0161\u0107ivanje magnetima.\",\"breadcrumb\":{\"@id\":\"https:\/\/pavidecor.si\/hr\/proizvod\/stojeca-oglasna-ploca-s-krovom-natur-145x72x80cm\/#breadcrumb\"},\"inLanguage\":\"hr\",\"potentialAction\":[{\"@type\":\"ReadAction\",\"target\":[\"https:\/\/pavidecor.si\/hr\/proizvod\/stojeca-oglasna-ploca-s-krovom-natur-145x72x80cm\/\"]}]},{\"@type\":\"ImageObject\",\"inLanguage\":\"hr\",\"@id\":\"https:\/\/pavidecor.si\/hr\/proizvod\/stojeca-oglasna-ploca-s-krovom-natur-145x72x80cm\/#primaryimage\",\"url\":\"https:\/\/pavidecor.si\/wp-content\/uploads\/2023\/03\/1IMG_7794a-2.jpg\",\"contentUrl\":\"https:\/\/pavidecor.si\/wp-content\/uploads\/2023\/03\/1IMG_7794a-2.jpg\",\"width\":2326,\"height\":2326,\"caption\":\"PAVI DECOR\"},{\"@type\":\"BreadcrumbList\",\"@id\":\"https:\/\/pavidecor.si\/hr\/proizvod\/stojeca-oglasna-ploca-s-krovom-natur-145x72x80cm\/#breadcrumb\",\"itemListElement\":[{\"@type\":\"ListItem\",\"position\":1,\"name\":\"Domov\",\"item\":\"https:\/\/pavidecor.si\/hr\/\"},{\"@type\":\"ListItem\",\"position\":2,\"name\":\"Internetska trgovina\",\"item\":\"https:\/\/pavidecor.si\/hr\/internetska-trgovina\/\"},{\"@type\":\"ListItem\",\"position\":3,\"name\":\"Stoje\u0107a oglasna plo\u010da s krovom natur 145x72x80cm\"}]},{\"@type\":\"WebSite\",\"@id\":\"https:\/\/pavidecor.si\/hr\/#website\",\"url\":\"https:\/\/pavidecor.si\/hr\/\",\"name\":\"Pavi Decor\",\"description\":\"Leseni unikati ustvarjeni iz ljubezni do lesa in narave.\",\"potentialAction\":[{\"@type\":\"SearchAction\",\"target\":{\"@type\":\"EntryPoint\",\"urlTemplate\":\"https:\/\/pavidecor.si\/hr\/?s={search_term_string}\"},\"query-input\":{\"@type\":\"PropertyValueSpecification\",\"valueRequired\":true,\"valueName\":\"search_term_string\"}}],\"inLanguage\":\"hr\"}]}<\/script>\n<!-- \/ Yoast SEO plugin. -->","yoast_head_json":{"title":"Stoje\u0107a oglasna tabla s krovom - Savr\u0161ena za va\u0161u ponudu","description":"Stoje\u0107a oglasna plo\u010da s krovom za ogla\u0161avanje komercijalne ili ugostiteljske ponude. Stabilno postolje i metalna povr\u0161ina za pri\u010dvr\u0161\u0107ivanje magnetima.","robots":{"index":"index","follow":"follow","max-snippet":"max-snippet:-1","max-image-preview":"max-image-preview:large","max-video-preview":"max-video-preview:-1"},"canonical":"https:\/\/pavidecor.si\/hr\/proizvod\/stojeca-oglasna-ploca-s-krovom-natur-145x72x80cm\/","og_locale":"hr_HR","og_type":"article","og_title":"Stoje\u0107a oglasna tabla s krovom - Savr\u0161ena za va\u0161u ponudu","og_description":"Stoje\u0107a oglasna plo\u010da s krovom za ogla\u0161avanje komercijalne ili ugostiteljske ponude. Stabilno postolje i metalna povr\u0161ina za pri\u010dvr\u0161\u0107ivanje magnetima.","og_url":"https:\/\/pavidecor.si\/hr\/proizvod\/stojeca-oglasna-ploca-s-krovom-natur-145x72x80cm\/","og_site_name":"Pavi Decor","article_modified_time":"2026-04-23T03:01:31+00:00","og_image":[{"width":2326,"height":2326,"url":"https:\/\/pavidecor.si\/wp-content\/uploads\/2023\/03\/1IMG_7794a-2.jpg","type":"image\/jpeg"}],"twitter_card":"summary_large_image","twitter_misc":{"Procijenjeno vrijeme \u010ditanja":"4 minute"},"schema":{"@context":"https:\/\/schema.org","@graph":[{"@type":"WebPage","@id":"https:\/\/pavidecor.si\/hr\/proizvod\/stojeca-oglasna-ploca-s-krovom-natur-145x72x80cm\/","url":"https:\/\/pavidecor.si\/hr\/proizvod\/stojeca-oglasna-ploca-s-krovom-natur-145x72x80cm\/","name":"Stoje\u0107a oglasna tabla s krovom - Savr\u0161ena za va\u0161u ponudu","isPartOf":{"@id":"https:\/\/pavidecor.si\/hr\/#website"},"primaryImageOfPage":{"@id":"https:\/\/pavidecor.si\/hr\/proizvod\/stojeca-oglasna-ploca-s-krovom-natur-145x72x80cm\/#primaryimage"},"image":{"@id":"https:\/\/pavidecor.si\/hr\/proizvod\/stojeca-oglasna-ploca-s-krovom-natur-145x72x80cm\/#primaryimage"},"thumbnailUrl":"https:\/\/pavidecor.si\/wp-content\/uploads\/2023\/03\/1IMG_7794a-2.jpg","datePublished":"2023-03-28T06:56:47+00:00","dateModified":"2026-04-23T03:01:31+00:00","description":"Stoje\u0107a oglasna plo\u010da s krovom za ogla\u0161avanje komercijalne ili ugostiteljske ponude. Stabilno postolje i metalna povr\u0161ina za pri\u010dvr\u0161\u0107ivanje magnetima.","breadcrumb":{"@id":"https:\/\/pavidecor.si\/hr\/proizvod\/stojeca-oglasna-ploca-s-krovom-natur-145x72x80cm\/#breadcrumb"},"inLanguage":"hr","potentialAction":[{"@type":"ReadAction","target":["https:\/\/pavidecor.si\/hr\/proizvod\/stojeca-oglasna-ploca-s-krovom-natur-145x72x80cm\/"]}]},{"@type":"ImageObject","inLanguage":"hr","@id":"https:\/\/pavidecor.si\/hr\/proizvod\/stojeca-oglasna-ploca-s-krovom-natur-145x72x80cm\/#primaryimage","url":"https:\/\/pavidecor.si\/wp-content\/uploads\/2023\/03\/1IMG_7794a-2.jpg","contentUrl":"https:\/\/pavidecor.si\/wp-content\/uploads\/2023\/03\/1IMG_7794a-2.jpg","width":2326,"height":2326,"caption":"PAVI DECOR"},{"@type":"BreadcrumbList","@id":"https:\/\/pavidecor.si\/hr\/proizvod\/stojeca-oglasna-ploca-s-krovom-natur-145x72x80cm\/#breadcrumb","itemListElement":[{"@type":"ListItem","position":1,"name":"Domov","item":"https:\/\/pavidecor.si\/hr\/"},{"@type":"ListItem","position":2,"name":"Internetska trgovina","item":"https:\/\/pavidecor.si\/hr\/internetska-trgovina\/"},{"@type":"ListItem","position":3,"name":"Stoje\u0107a oglasna plo\u010da s krovom natur 145x72x80cm"}]},{"@type":"WebSite","@id":"https:\/\/pavidecor.si\/hr\/#website","url":"https:\/\/pavidecor.si\/hr\/","name":"Pavi Decor","description":"Leseni unikati ustvarjeni iz ljubezni do lesa in narave.","potentialAction":[{"@type":"SearchAction","target":{"@type":"EntryPoint","urlTemplate":"https:\/\/pavidecor.si\/hr\/?s={search_term_string}"},"query-input":{"@type":"PropertyValueSpecification","valueRequired":true,"valueName":"search_term_string"}}],"inLanguage":"hr"}]}},"_links":{"self":[{"href":"https:\/\/pavidecor.si\/hr\/wp-json\/wp\/v2\/product\/20759","targetHints":{"allow":["GET"]}}],"collection":[{"href":"https:\/\/pavidecor.si\/hr\/wp-json\/wp\/v2\/product"}],"about":[{"href":"https:\/\/pavidecor.si\/hr\/wp-json\/wp\/v2\/types\/product"}],"replies":[{"embeddable":true,"href":"https:\/\/pavidecor.si\/hr\/wp-json\/wp\/v2\/comments?post=20759"}],"wp:featuredmedia":[{"embeddable":true,"href":"https:\/\/pavidecor.si\/hr\/wp-json\/wp\/v2\/media\/20766"}],"wp:attachment":[{"href":"https:\/\/pavidecor.si\/hr\/wp-json\/wp\/v2\/media?parent=20759"}],"wp:term":[{"taxonomy":"product_brand","embeddable":true,"href":"https:\/\/pavidecor.si\/hr\/wp-json\/wp\/v2\/product_brand?post=20759"},{"taxonomy":"product_cat","embeddable":true,"href":"https:\/\/pavidecor.si\/hr\/wp-json\/wp\/v2\/product_cat?post=20759"},{"taxonomy":"product_tag","embeddable":true,"href":"https:\/\/pavidecor.si\/hr\/wp-json\/wp\/v2\/product_tag?post=20759"}],"curies":[{"name":"wp","href":"https:\/\/api.w.org\/{rel}","templated":true}]}}