	{"id":20680,"date":"2023-06-20T07:22:01","date_gmt":"2023-06-20T07:22:01","guid":{"rendered":"https:\/\/pavidecor.si\/product\/kucica-za-ptice-mrijestiliste-plavo-ruzicaste-pruge\/"},"modified":"2026-04-24T22:03:29","modified_gmt":"2026-04-24T22:03:29","slug":"kucica-za-ptice-mrijestiliste-plavo-ruzicaste-pruge","status":"publish","type":"product","link":"https:\/\/pavidecor.si\/hr\/proizvod\/kucica-za-ptice-mrijestiliste-plavo-ruzicaste-pruge\/","title":{"rendered":"Ku\u0107ica za ptice &#8211; mrijestili\u0161te plavo-ru\u017ei\u010daste pruge"},"content":{"rendered":"<p><span class=\"prvimanjsinaslovopis\">Ku\u0107ica za ptice &#8211; valionica<br \/>\n<\/span><\/p>\n<p>&nbsp;<\/p>\n<h2><span class=\"odebeljenopis\"><strong><br \/>\nPti\u010dja hi\u0161ica &#8211; valilnica je savr\u0161ena dodatak za svaki vrt, pru\u017eaju\u0107i sigurno mjesto za gnije\u017e\u0111enje ptica pevk. Ove predivne ptice ne samo da oboga\u0107uju na\u0161u okolinu svojim pjevom, ve\u0107 i poma\u017eu u kontroli \u0161tetnika tijekom toplijih mjeseci. U PAVI DECOR-u iz Ljubljane, s ljubavlju prema drvetu i prirodi, stvaramo unikatne proizvode koji \u0107e obogatiti va\u0161 prostor.<\/strong><\/span><\/h2>\n<p>&nbsp;<\/p>\n<div class=\"row\">\n<div class=\"col-sm-6 \" style=\"margin-top: 30px;\"><center><img decoding=\"async\" class=\"lazyload img-responsive\" style=\"margin: 0px auto; max-width: 100%;\" src=\"data:image\/svg+xml,%3Csvg%20xmlns%3D%27http%3A%2F%2Fwww.w3.org%2F2000%2Fsvg%27%20width%3D%271983%27%20height%3D%271984%27%20viewBox%3D%270%200%201983%201984%27%3E%3Crect%20width%3D%271983%27%20height%3D%271984%27%20fill-opacity%3D%220%22%2F%3E%3C%2Fsvg%3E\" data-orig-src=\"https:\/\/pavidecor.si\/wp-content\/uploads\/2023\/06\/IMG_7592-3.jpg\" \/><\/center><\/div>\n<div class=\"col-sm-6\" style=\"margin-top: 40px;\">\n<p>&nbsp;<\/p>\n<h3>Unikatna ru\u010dna izrada<\/h3>\n<p>Na\u0161i proizvodi, uklju\u010duju\u0107i pti\u010dju hi\u0161icu &#8211; valilnicu, rezultat su <b>ru\u010dne izrade<\/b> i pa\u017enje prema detaljima. Svaka hi\u0161ica je jedinstvena, izra\u0111ena s ljubavlju i stra\u0161\u0107u prema drvetu. Koristimo tradicionalne tehnike spajanja drvenih dijelova, koje su koristili stari majstori, \u010dime osiguravamo da svaki komad izgleda kao autenti\u010dan. Ova posve\u0107enost zanatstvu \u010dini na\u0161e proizvode ne samo funkcionalnima, ve\u0107 i estetski privla\u010dnima.<\/p>\n<p>&nbsp;<\/p>\n<p>Pti\u010dja hi\u0161ica &#8211; valilnica je idealna za sve ljubitelje prirode i ptica. Njena funkcionalnost ne prestaje samo na pru\u017eanju sigurnog mjesta za gnije\u017e\u0111enje; ona tako\u0111er doprinosi o\u010duvanju lokalne faune. Postavljanjem ove hi\u0161ice u va\u0161em vrtu, ne samo da stvarate ugodan ambijent za ptice, ve\u0107 i poti\u010dete njihovu prisutnost, \u0161to mo\u017ee zna\u010dajno obogatiti va\u0161u svakodnevicu.<\/p>\n<p>&nbsp;<\/p>\n<\/div>\n<\/div>\n<div class=\"row\">\n<div class=\"col-sm-12\">\n<p>&nbsp;<\/p>\n<h3>Ekolo\u0161ki prihvatljivi materijali<\/h3>\n<p>U PAVI DECOR-u, brinemo se o okoli\u0161u. Na\u0161a pti\u010dja hi\u0161ica &#8211; valilnica izra\u0111ena je od <b>kvalitetnog drva<\/b>, koje je pa\u017eljivo odabrano kako bi se osigurala dugotrajnost i otpornost na vremenske uvjete. Ru\u010dno oslikana akrilnim bojama, svaka hi\u0161ica je potpuno unikatna, \u0161to zna\u010di da \u0107ete dobiti proizvod koji ne samo da je funkcionalan, ve\u0107 i estetski privla\u010dan.<\/p>\n<p>&nbsp;<\/p>\n<p>Osim \u0161to je lijepa, ova valilnica je i prakti\u010dna. Najbolje ju je objesiti na drvo ili ispod nadstre\u0161nice, a za to je ve\u0107 opremljena s <b>obje\u0161alom<\/b> na vrhu. Ova zna\u010dajka olak\u0161ava postavljanje i osigurava da \u0107e va\u0161a pti\u010dja hi\u0161ica biti sigurna i stabilna, pru\u017eaju\u0107i pticama idealno mjesto za gnije\u017e\u0111enje.<\/p>\n<p>&nbsp;<\/p>\n<\/div>\n<\/div>\n<div class=\"row\">\n<div class=\"col-sm-12\">\n<p>&nbsp;<\/p>\n<h3>Specifikacije proizvoda<\/h3>\n<p>Pti\u010dja hi\u0161ica &#8211; valilnica je obvezna oprema svakog vrta, jer omogu\u0107ava sigurno gnije\u017e\u0111enje ptica pevk. Ptice pevke su vrlo po\u017eeljni posjetitelji vrta, jer u toplijem dijelu godine poma\u017eu u suzbijanju \u0161tetnika. Valilnicu je najbolje objesiti na drvo ili pod nadstre\u0161nicu, stoga ima ve\u0107 pritr\u0111eno <b>obe\u0161alo<\/b> na vrhu. Valilnica je ru\u010dno obojena akrilnim bojama, stoga je potpuno unikatna.<\/p>\n<p>&nbsp;<\/p>\n<p>U PAVI DECOR-u, svaki na\u0161 proizvod je rezultat na\u0161eg vlastitog znanja i kreativnosti, a svi su izra\u0111eni u Sloveniji. Na\u0161a strast prema drvetu i prirodi o\u010dituje se u svakom komadu koji stvaramo, a pti\u010dja hi\u0161ica &#8211; valilnica nije iznimka. U\u017eivajte u pjevanju ptica i ljepoti prirode u svom vrtu s na\u0161im unikatnim proizvodima.<\/p>\n<p>&nbsp;<\/p>\n<\/div>\n<\/div>\n<p>&nbsp;<\/p>\n","protected":false},"excerpt":{"rendered":"<p><strong><span style=\"color: #c4963c;\">\u2192 Ru\u010dni rad<\/span><\/strong><strong><span style=\"color: #c4963c;\"><br \/>\n<\/span><span style=\"color: #c4963c;\">\u2192 Jedinstvena<\/span><\/strong><\/p>\n","protected":false},"featured_media":20681,"comment_status":"open","ping_status":"closed","template":"","meta":[],"product_brand":[],"product_cat":[309,278],"product_tag":[218],"class_list":{"0":"post-20680","1":"product","2":"type-product","3":"status-publish","4":"has-post-thumbnail","6":"product_cat-kucice-za-ptice","7":"product_cat-ostali-pokloni","8":"product_tag-nov","10":"first","11":"outofstock","12":"taxable","13":"shipping-taxable","14":"purchasable","15":"product-type-simple"},"yoast_head":"<!-- This site is optimized with the Yoast SEO plugin v27.2 - https:\/\/yoast.com\/product\/yoast-seo-wordpress\/ -->\n<title>Ku\u0107ica za ptice - valionica za va\u0161 vrt - PAVI DECOR<\/title>\n<meta name=\"description\" content=\"Ku\u0107ica za ptice - valionica je obavezna oprema svakog vrta, jer omogu\u0107uje sigurno gnije\u017e\u0111enje ptica pjevica. Jedinstveno obojena sa vje\u0161alicom na vrhu.\" \/>\n<meta name=\"robots\" content=\"index, follow, max-snippet:-1, max-image-preview:large, max-video-preview:-1\" \/>\n<link rel=\"canonical\" href=\"https:\/\/pavidecor.si\/hr\/proizvod\/kucica-za-ptice-mrijestiliste-plavo-ruzicaste-pruge\/\" \/>\n<meta property=\"og:locale\" content=\"hr_HR\" \/>\n<meta property=\"og:type\" content=\"article\" \/>\n<meta property=\"og:title\" content=\"Ku\u0107ica za ptice - valionica za va\u0161 vrt - PAVI DECOR\" \/>\n<meta property=\"og:description\" content=\"Ku\u0107ica za ptice - valionica je obavezna oprema svakog vrta, jer omogu\u0107uje sigurno gnije\u017e\u0111enje ptica pjevica. Jedinstveno obojena sa vje\u0161alicom na vrhu.\" \/>\n<meta property=\"og:url\" content=\"https:\/\/pavidecor.si\/hr\/proizvod\/kucica-za-ptice-mrijestiliste-plavo-ruzicaste-pruge\/\" \/>\n<meta property=\"og:site_name\" content=\"Pavi Decor\" \/>\n<meta property=\"article:modified_time\" content=\"2026-04-24T22:03:29+00:00\" \/>\n<meta property=\"og:image\" content=\"https:\/\/pavidecor.si\/wp-content\/uploads\/2023\/06\/IMG_7592-3.jpg\" \/>\n\t<meta property=\"og:image:width\" content=\"1983\" \/>\n\t<meta property=\"og:image:height\" content=\"1984\" \/>\n\t<meta property=\"og:image:type\" content=\"image\/jpeg\" \/>\n<meta name=\"twitter:card\" content=\"summary_large_image\" \/>\n<meta name=\"twitter:label1\" content=\"Procijenjeno vrijeme \u010ditanja\" \/>\n\t<meta name=\"twitter:data1\" content=\"3 minute\" \/>\n<script type=\"application\/ld+json\" class=\"yoast-schema-graph\">{\"@context\":\"https:\/\/schema.org\",\"@graph\":[{\"@type\":\"WebPage\",\"@id\":\"https:\/\/pavidecor.si\/hr\/proizvod\/kucica-za-ptice-mrijestiliste-plavo-ruzicaste-pruge\/\",\"url\":\"https:\/\/pavidecor.si\/hr\/proizvod\/kucica-za-ptice-mrijestiliste-plavo-ruzicaste-pruge\/\",\"name\":\"Ku\u0107ica za ptice - valionica za va\u0161 vrt - PAVI DECOR\",\"isPartOf\":{\"@id\":\"https:\/\/pavidecor.si\/hr\/#website\"},\"primaryImageOfPage\":{\"@id\":\"https:\/\/pavidecor.si\/hr\/proizvod\/kucica-za-ptice-mrijestiliste-plavo-ruzicaste-pruge\/#primaryimage\"},\"image\":{\"@id\":\"https:\/\/pavidecor.si\/hr\/proizvod\/kucica-za-ptice-mrijestiliste-plavo-ruzicaste-pruge\/#primaryimage\"},\"thumbnailUrl\":\"https:\/\/pavidecor.si\/wp-content\/uploads\/2023\/06\/IMG_7592-3.jpg\",\"datePublished\":\"2023-06-20T07:22:01+00:00\",\"dateModified\":\"2026-04-24T22:03:29+00:00\",\"description\":\"Ku\u0107ica za ptice - valionica je obavezna oprema svakog vrta, jer omogu\u0107uje sigurno gnije\u017e\u0111enje ptica pjevica. Jedinstveno obojena sa vje\u0161alicom na vrhu.\",\"breadcrumb\":{\"@id\":\"https:\/\/pavidecor.si\/hr\/proizvod\/kucica-za-ptice-mrijestiliste-plavo-ruzicaste-pruge\/#breadcrumb\"},\"inLanguage\":\"hr\",\"potentialAction\":[{\"@type\":\"ReadAction\",\"target\":[\"https:\/\/pavidecor.si\/hr\/proizvod\/kucica-za-ptice-mrijestiliste-plavo-ruzicaste-pruge\/\"]}]},{\"@type\":\"ImageObject\",\"inLanguage\":\"hr\",\"@id\":\"https:\/\/pavidecor.si\/hr\/proizvod\/kucica-za-ptice-mrijestiliste-plavo-ruzicaste-pruge\/#primaryimage\",\"url\":\"https:\/\/pavidecor.si\/wp-content\/uploads\/2023\/06\/IMG_7592-3.jpg\",\"contentUrl\":\"https:\/\/pavidecor.si\/wp-content\/uploads\/2023\/06\/IMG_7592-3.jpg\",\"width\":1983,\"height\":1984,\"caption\":\"PAVI DECOR\"},{\"@type\":\"BreadcrumbList\",\"@id\":\"https:\/\/pavidecor.si\/hr\/proizvod\/kucica-za-ptice-mrijestiliste-plavo-ruzicaste-pruge\/#breadcrumb\",\"itemListElement\":[{\"@type\":\"ListItem\",\"position\":1,\"name\":\"Domov\",\"item\":\"https:\/\/pavidecor.si\/hr\/\"},{\"@type\":\"ListItem\",\"position\":2,\"name\":\"Internetska trgovina\",\"item\":\"https:\/\/pavidecor.si\/hr\/internetska-trgovina\/\"},{\"@type\":\"ListItem\",\"position\":3,\"name\":\"Ku\u0107ica za ptice &#8211; mrijestili\u0161te plavo-ru\u017ei\u010daste pruge\"}]},{\"@type\":\"WebSite\",\"@id\":\"https:\/\/pavidecor.si\/hr\/#website\",\"url\":\"https:\/\/pavidecor.si\/hr\/\",\"name\":\"Pavi Decor\",\"description\":\"Leseni unikati ustvarjeni iz ljubezni do lesa in narave.\",\"potentialAction\":[{\"@type\":\"SearchAction\",\"target\":{\"@type\":\"EntryPoint\",\"urlTemplate\":\"https:\/\/pavidecor.si\/hr\/?s={search_term_string}\"},\"query-input\":{\"@type\":\"PropertyValueSpecification\",\"valueRequired\":true,\"valueName\":\"search_term_string\"}}],\"inLanguage\":\"hr\"}]}<\/script>\n<!-- \/ Yoast SEO plugin. -->","yoast_head_json":{"title":"Ku\u0107ica za ptice - valionica za va\u0161 vrt - PAVI DECOR","description":"Ku\u0107ica za ptice - valionica je obavezna oprema svakog vrta, jer omogu\u0107uje sigurno gnije\u017e\u0111enje ptica pjevica. Jedinstveno obojena sa vje\u0161alicom na vrhu.","robots":{"index":"index","follow":"follow","max-snippet":"max-snippet:-1","max-image-preview":"max-image-preview:large","max-video-preview":"max-video-preview:-1"},"canonical":"https:\/\/pavidecor.si\/hr\/proizvod\/kucica-za-ptice-mrijestiliste-plavo-ruzicaste-pruge\/","og_locale":"hr_HR","og_type":"article","og_title":"Ku\u0107ica za ptice - valionica za va\u0161 vrt - PAVI DECOR","og_description":"Ku\u0107ica za ptice - valionica je obavezna oprema svakog vrta, jer omogu\u0107uje sigurno gnije\u017e\u0111enje ptica pjevica. Jedinstveno obojena sa vje\u0161alicom na vrhu.","og_url":"https:\/\/pavidecor.si\/hr\/proizvod\/kucica-za-ptice-mrijestiliste-plavo-ruzicaste-pruge\/","og_site_name":"Pavi Decor","article_modified_time":"2026-04-24T22:03:29+00:00","og_image":[{"width":1983,"height":1984,"url":"https:\/\/pavidecor.si\/wp-content\/uploads\/2023\/06\/IMG_7592-3.jpg","type":"image\/jpeg"}],"twitter_card":"summary_large_image","twitter_misc":{"Procijenjeno vrijeme \u010ditanja":"3 minute"},"schema":{"@context":"https:\/\/schema.org","@graph":[{"@type":"WebPage","@id":"https:\/\/pavidecor.si\/hr\/proizvod\/kucica-za-ptice-mrijestiliste-plavo-ruzicaste-pruge\/","url":"https:\/\/pavidecor.si\/hr\/proizvod\/kucica-za-ptice-mrijestiliste-plavo-ruzicaste-pruge\/","name":"Ku\u0107ica za ptice - valionica za va\u0161 vrt - PAVI DECOR","isPartOf":{"@id":"https:\/\/pavidecor.si\/hr\/#website"},"primaryImageOfPage":{"@id":"https:\/\/pavidecor.si\/hr\/proizvod\/kucica-za-ptice-mrijestiliste-plavo-ruzicaste-pruge\/#primaryimage"},"image":{"@id":"https:\/\/pavidecor.si\/hr\/proizvod\/kucica-za-ptice-mrijestiliste-plavo-ruzicaste-pruge\/#primaryimage"},"thumbnailUrl":"https:\/\/pavidecor.si\/wp-content\/uploads\/2023\/06\/IMG_7592-3.jpg","datePublished":"2023-06-20T07:22:01+00:00","dateModified":"2026-04-24T22:03:29+00:00","description":"Ku\u0107ica za ptice - valionica je obavezna oprema svakog vrta, jer omogu\u0107uje sigurno gnije\u017e\u0111enje ptica pjevica. Jedinstveno obojena sa vje\u0161alicom na vrhu.","breadcrumb":{"@id":"https:\/\/pavidecor.si\/hr\/proizvod\/kucica-za-ptice-mrijestiliste-plavo-ruzicaste-pruge\/#breadcrumb"},"inLanguage":"hr","potentialAction":[{"@type":"ReadAction","target":["https:\/\/pavidecor.si\/hr\/proizvod\/kucica-za-ptice-mrijestiliste-plavo-ruzicaste-pruge\/"]}]},{"@type":"ImageObject","inLanguage":"hr","@id":"https:\/\/pavidecor.si\/hr\/proizvod\/kucica-za-ptice-mrijestiliste-plavo-ruzicaste-pruge\/#primaryimage","url":"https:\/\/pavidecor.si\/wp-content\/uploads\/2023\/06\/IMG_7592-3.jpg","contentUrl":"https:\/\/pavidecor.si\/wp-content\/uploads\/2023\/06\/IMG_7592-3.jpg","width":1983,"height":1984,"caption":"PAVI DECOR"},{"@type":"BreadcrumbList","@id":"https:\/\/pavidecor.si\/hr\/proizvod\/kucica-za-ptice-mrijestiliste-plavo-ruzicaste-pruge\/#breadcrumb","itemListElement":[{"@type":"ListItem","position":1,"name":"Domov","item":"https:\/\/pavidecor.si\/hr\/"},{"@type":"ListItem","position":2,"name":"Internetska trgovina","item":"https:\/\/pavidecor.si\/hr\/internetska-trgovina\/"},{"@type":"ListItem","position":3,"name":"Ku\u0107ica za ptice &#8211; mrijestili\u0161te plavo-ru\u017ei\u010daste pruge"}]},{"@type":"WebSite","@id":"https:\/\/pavidecor.si\/hr\/#website","url":"https:\/\/pavidecor.si\/hr\/","name":"Pavi Decor","description":"Leseni unikati ustvarjeni iz ljubezni do lesa in narave.","potentialAction":[{"@type":"SearchAction","target":{"@type":"EntryPoint","urlTemplate":"https:\/\/pavidecor.si\/hr\/?s={search_term_string}"},"query-input":{"@type":"PropertyValueSpecification","valueRequired":true,"valueName":"search_term_string"}}],"inLanguage":"hr"}]}},"_links":{"self":[{"href":"https:\/\/pavidecor.si\/hr\/wp-json\/wp\/v2\/product\/20680","targetHints":{"allow":["GET"]}}],"collection":[{"href":"https:\/\/pavidecor.si\/hr\/wp-json\/wp\/v2\/product"}],"about":[{"href":"https:\/\/pavidecor.si\/hr\/wp-json\/wp\/v2\/types\/product"}],"replies":[{"embeddable":true,"href":"https:\/\/pavidecor.si\/hr\/wp-json\/wp\/v2\/comments?post=20680"}],"wp:featuredmedia":[{"embeddable":true,"href":"https:\/\/pavidecor.si\/hr\/wp-json\/wp\/v2\/media\/20681"}],"wp:attachment":[{"href":"https:\/\/pavidecor.si\/hr\/wp-json\/wp\/v2\/media?parent=20680"}],"wp:term":[{"taxonomy":"product_brand","embeddable":true,"href":"https:\/\/pavidecor.si\/hr\/wp-json\/wp\/v2\/product_brand?post=20680"},{"taxonomy":"product_cat","embeddable":true,"href":"https:\/\/pavidecor.si\/hr\/wp-json\/wp\/v2\/product_cat?post=20680"},{"taxonomy":"product_tag","embeddable":true,"href":"https:\/\/pavidecor.si\/hr\/wp-json\/wp\/v2\/product_tag?post=20680"}],"curies":[{"name":"wp","href":"https:\/\/api.w.org\/{rel}","templated":true}]}}