	{"id":20545,"date":"2023-08-23T08:41:04","date_gmt":"2023-08-23T08:41:04","guid":{"rendered":"https:\/\/pavidecor.si\/product\/dekorativni-svjetionik-alabama-45x31x16cm\/"},"modified":"2026-04-20T10:17:41","modified_gmt":"2026-04-20T10:17:41","slug":"ukrasni-svjetionik-alabama-45x31x16cm","status":"publish","type":"product","link":"https:\/\/pavidecor.si\/hr\/proizvod\/ukrasni-svjetionik-alabama-45x31x16cm\/","title":{"rendered":"Ukrasni svjetionik Alabama 45x31x16cm"},"content":{"rendered":"<p><span class=\"prvimanjsinaslovopis\">Ukrasni svjetionik Alabama &#8211; Unikatni komad s morskim duhom<\/span><\/p>\n<p>&nbsp;<\/p>\n<h2><span class=\"odebeljenopis\"><strong> U\u017eivajte u \u010daroliji prirode s na\u0161im ru\u010dno izra\u0111enim ukrasnim svjetionikom iz recikliranog i naplavljenog drva. Ovaj jedinstveni komad ne samo da \u0107e obogatiti va\u0161 prostor, ve\u0107 \u0107e i donijeti da\u0161ak morskog ugo\u0111aja i romantike. Idealno za svaki interijer, posebno za shabby chic stil.<\/strong><\/span><\/h2>\n<p>&nbsp;<\/p>\n<div class=\"row\">\n<div class=\"col-sm-6 \" style=\"margin-top: 30px;\"><center><img decoding=\"async\" class=\"lazyload img-responsive\" style=\"margin: 0px auto; max-width: 100%;\" src=\"data:image\/svg+xml,%3Csvg%20xmlns%3D%27http%3A%2F%2Fwww.w3.org%2F2000%2Fsvg%27%20width%3D%272116%27%20height%3D%272116%27%20viewBox%3D%270%200%202116%202116%27%3E%3Crect%20width%3D%272116%27%20height%3D%272116%27%20fill-opacity%3D%220%22%2F%3E%3C%2Fsvg%3E\" data-orig-src=\"https:\/\/pavidecor.si\/wp-content\/uploads\/2023\/08\/1IMG_8090a-2.jpg\" \/><\/center><\/div>\n<div class=\"col-sm-6\" style=\"margin-top: 40px;\">\n<p>&nbsp;<\/p>\n<h3>Jedinstvena ru\u010dna izrada<\/h3>\n<p>Na\u0161a trgovina PAVI DECOR iz Ljubljane ponosna je na svoje unikatne proizvode, koji su rezultat ljubavi prema drvetu i prirodi. Svaki u<span class=\"prvimanjsinaslovopis\">krasni svjetionik<\/span> izra\u0111en je ru\u010dno, koriste\u0107i tradicionalne tehnike spajanja drvenih dijelova, \u0161to mu daje autenti\u010dan izgled.<\/p>\n<p>Ovaj<span class=\"prvimanjsinaslovopis\">\u00a0svjetionik<\/span> ne samo da je dekorativni element, ve\u0107 i simbol strasti i posve\u0107enosti na\u0161im zanatima. Na\u0161i proizvodi su plod vlastitog znanja i kreativnosti, a svaki komad nosi sa sobom pri\u010du o prirodi i tradiciji. U\u017eivajte u jedinstvenosti koju donosi ru\u010dna izrada i dodajte da\u0161ak elegancije svom prostoru.<\/p>\n<p>&nbsp;<\/p>\n<\/div>\n<\/div>\n<div class=\"row\">\n<div class=\"col-sm-6 col-sm-push-6\" style=\"margin-top: 30px;\"><center><img decoding=\"async\" class=\"lazyload img-responsive\" style=\"margin: 0px auto; max-width: 100%;\" src=\"data:image\/svg+xml,%3Csvg%20xmlns%3D%27http%3A%2F%2Fwww.w3.org%2F2000%2Fsvg%27%20width%3D%271939%27%20height%3D%271938%27%20viewBox%3D%270%200%201939%201938%27%3E%3Crect%20width%3D%271939%27%20height%3D%271938%27%20fill-opacity%3D%220%22%2F%3E%3C%2Fsvg%3E\" data-orig-src=\" https:\/\/pavidecor.si\/wp-content\/uploads\/2023\/08\/2IMG_8091a-2.jpg\" \/><\/center><\/div>\n<div class=\"col-sm-6 col-sm-pull-6\" style=\"margin-top: 40px;\">\n<p>&nbsp;<\/p>\n<h3>Estetska i funkcionalna vrijednost<\/h3>\n<p><span class=\"prvimanjsinaslovopis\">Ukrasni svjetionik<\/span> s izrezbarenim stepenicama, terasom i dva balkona s ogradom predstavlja savr\u0161enu kombinaciju estetike i funkcionalnosti. Na vrhu kupole se nalazi drog sa zastavom, \u0161to dodatno nagla\u0161ava njegov morski karakter.<\/p>\n<p><span class=\"prvimanjsinaslovopis\">Ukrasni svjetionik Alabama<\/span> mo\u017ee stajati samostalno, \u010dine\u0107i ga savr\u0161enim dodatkom za svaki ambijent. Bilo da ga postavite u dnevni boravak, na terasu ili u vrt, donijet \u0107e vam osje\u0107aj opu\u0161tenosti i romantike. Njegova ru\u010dno oslikana povr\u0161ina dodatno doprinosi njegovoj jedinstvenosti, \u010dine\u0107i ga idealnim poklonom za posebne prigode ili kao dekoraciju za vlastiti dom.<\/p>\n<p>&nbsp;<\/p>\n<\/div>\n<\/div>\n<div class=\"row\">\n<div class=\"col-sm-6\" style=\"margin-top: 30px;\"><center><img decoding=\"async\" class=\"lazyload img-responsive\" style=\"margin: 0px auto; max-width: 100%;\" src=\"data:image\/svg+xml,%3Csvg%20xmlns%3D%27http%3A%2F%2Fwww.w3.org%2F2000%2Fsvg%27%20width%3D%271638%27%20height%3D%271637%27%20viewBox%3D%270%200%201638%201637%27%3E%3Crect%20width%3D%271638%27%20height%3D%271637%27%20fill-opacity%3D%220%22%2F%3E%3C%2Fsvg%3E\" data-orig-src=\" https:\/\/pavidecor.si\/wp-content\/uploads\/2023\/08\/4IMG_8093-2.jpg\" \/><\/center><\/div>\n<div class=\"col-sm-6\" style=\"margin-top: 40px;\">\n<p>&nbsp;<\/p>\n<h3>Specifikacije proizvoda<\/h3>\n<p><span class=\"prvimanjsinaslovopis\">Ukrasni svjetionik<\/span> Alabama je ru\u010dno izra\u0111en iz recikliranog i naplavljenog drva. Ima izrezljane stepenice, dodanu terasu i dva balkona s ogradom, a na vrhu kupole nalazi se drog s zastavom. Dekorativni svjetionik je ru\u010dno obojen i mo\u017ee stajati samostalno.<\/p>\n<p>Ovaj prekrasan komad donosi morski duh i uspomene na romanti\u010dne trenutke provedene uz more. Savr\u0161en je kao poklon ili dodatak shabby chic interijeru, pru\u017eaju\u0107i toplinu i karakter svakom prostoru.<\/p>\n<\/div>\n<\/div>\n<p>&nbsp;<\/p>\n","protected":false},"excerpt":{"rendered":"<p><strong><span style=\"color: #c4963c;\">\u2192 Rukotvorine<br \/>\n<\/span><span style=\"color: #c4963c;\">\u2192 Jedinstven<\/span><\/strong><\/p>\n","protected":false},"featured_media":20547,"comment_status":"open","ping_status":"closed","template":"","meta":[],"product_brand":[],"product_cat":[340],"product_tag":[218],"class_list":{"0":"post-20545","1":"product","2":"type-product","3":"status-publish","4":"has-post-thumbnail","6":"product_cat-svjetionici","7":"product_tag-nov","9":"first","10":"instock","11":"sold-individually","12":"taxable","13":"shipping-taxable","14":"purchasable","15":"product-type-simple"},"yoast_head":"<!-- This site is optimized with the Yoast SEO plugin v27.2 - https:\/\/yoast.com\/product\/yoast-seo-wordpress\/ -->\n<title>Ukrasni svjetionik Alabama - Unikatni komad s morskim duhom<\/title>\n<meta name=\"description\" content=\"Drveni ukrasni svjetionik Alabama ru\u010dno je izra\u0111en od recikliranog i naplavljenog drva. Ima terasu i dva balkona s ogradom, te zastavu na vrhu kupole.\" \/>\n<meta name=\"robots\" content=\"index, follow, max-snippet:-1, max-image-preview:large, max-video-preview:-1\" \/>\n<link rel=\"canonical\" href=\"https:\/\/pavidecor.si\/hr\/proizvod\/ukrasni-svjetionik-alabama-45x31x16cm\/\" \/>\n<meta property=\"og:locale\" content=\"hr_HR\" \/>\n<meta property=\"og:type\" content=\"article\" \/>\n<meta property=\"og:title\" content=\"Ukrasni svjetionik Alabama - Unikatni komad s morskim duhom\" \/>\n<meta property=\"og:description\" content=\"Drveni ukrasni svjetionik Alabama ru\u010dno je izra\u0111en od recikliranog i naplavljenog drva. Ima terasu i dva balkona s ogradom, te zastavu na vrhu kupole.\" \/>\n<meta property=\"og:url\" content=\"https:\/\/pavidecor.si\/hr\/proizvod\/ukrasni-svjetionik-alabama-45x31x16cm\/\" \/>\n<meta property=\"og:site_name\" content=\"Pavi Decor\" \/>\n<meta property=\"article:modified_time\" content=\"2026-04-20T10:17:41+00:00\" \/>\n<meta property=\"og:image\" content=\"https:\/\/pavidecor.si\/wp-content\/uploads\/2023\/08\/1IMG_8090a-2.jpg\" \/>\n\t<meta property=\"og:image:width\" content=\"2116\" \/>\n\t<meta property=\"og:image:height\" content=\"2116\" \/>\n\t<meta property=\"og:image:type\" content=\"image\/jpeg\" \/>\n<meta name=\"twitter:card\" content=\"summary_large_image\" \/>\n<meta name=\"twitter:label1\" content=\"Procijenjeno vrijeme \u010ditanja\" \/>\n\t<meta name=\"twitter:data1\" content=\"3 minute\" \/>\n<script type=\"application\/ld+json\" class=\"yoast-schema-graph\">{\"@context\":\"https:\/\/schema.org\",\"@graph\":[{\"@type\":\"WebPage\",\"@id\":\"https:\/\/pavidecor.si\/hr\/proizvod\/ukrasni-svjetionik-alabama-45x31x16cm\/\",\"url\":\"https:\/\/pavidecor.si\/hr\/proizvod\/ukrasni-svjetionik-alabama-45x31x16cm\/\",\"name\":\"Ukrasni svjetionik Alabama - Unikatni komad s morskim duhom\",\"isPartOf\":{\"@id\":\"https:\/\/pavidecor.si\/hr\/#website\"},\"primaryImageOfPage\":{\"@id\":\"https:\/\/pavidecor.si\/hr\/proizvod\/ukrasni-svjetionik-alabama-45x31x16cm\/#primaryimage\"},\"image\":{\"@id\":\"https:\/\/pavidecor.si\/hr\/proizvod\/ukrasni-svjetionik-alabama-45x31x16cm\/#primaryimage\"},\"thumbnailUrl\":\"https:\/\/pavidecor.si\/wp-content\/uploads\/2023\/08\/1IMG_8090a-2.jpg\",\"datePublished\":\"2023-08-23T08:41:04+00:00\",\"dateModified\":\"2026-04-20T10:17:41+00:00\",\"description\":\"Drveni ukrasni svjetionik Alabama ru\u010dno je izra\u0111en od recikliranog i naplavljenog drva. Ima terasu i dva balkona s ogradom, te zastavu na vrhu kupole.\",\"breadcrumb\":{\"@id\":\"https:\/\/pavidecor.si\/hr\/proizvod\/ukrasni-svjetionik-alabama-45x31x16cm\/#breadcrumb\"},\"inLanguage\":\"hr\",\"potentialAction\":[{\"@type\":\"ReadAction\",\"target\":[\"https:\/\/pavidecor.si\/hr\/proizvod\/ukrasni-svjetionik-alabama-45x31x16cm\/\"]}]},{\"@type\":\"ImageObject\",\"inLanguage\":\"hr\",\"@id\":\"https:\/\/pavidecor.si\/hr\/proizvod\/ukrasni-svjetionik-alabama-45x31x16cm\/#primaryimage\",\"url\":\"https:\/\/pavidecor.si\/wp-content\/uploads\/2023\/08\/1IMG_8090a-2.jpg\",\"contentUrl\":\"https:\/\/pavidecor.si\/wp-content\/uploads\/2023\/08\/1IMG_8090a-2.jpg\",\"width\":2116,\"height\":2116,\"caption\":\"PAVI DECOR\"},{\"@type\":\"BreadcrumbList\",\"@id\":\"https:\/\/pavidecor.si\/hr\/proizvod\/ukrasni-svjetionik-alabama-45x31x16cm\/#breadcrumb\",\"itemListElement\":[{\"@type\":\"ListItem\",\"position\":1,\"name\":\"Domov\",\"item\":\"https:\/\/pavidecor.si\/hr\/\"},{\"@type\":\"ListItem\",\"position\":2,\"name\":\"Internetska trgovina\",\"item\":\"https:\/\/pavidecor.si\/hr\/internetska-trgovina\/\"},{\"@type\":\"ListItem\",\"position\":3,\"name\":\"Ukrasni svjetionik Alabama 45x31x16cm\"}]},{\"@type\":\"WebSite\",\"@id\":\"https:\/\/pavidecor.si\/hr\/#website\",\"url\":\"https:\/\/pavidecor.si\/hr\/\",\"name\":\"Pavi Decor\",\"description\":\"Leseni unikati ustvarjeni iz ljubezni do lesa in narave.\",\"potentialAction\":[{\"@type\":\"SearchAction\",\"target\":{\"@type\":\"EntryPoint\",\"urlTemplate\":\"https:\/\/pavidecor.si\/hr\/?s={search_term_string}\"},\"query-input\":{\"@type\":\"PropertyValueSpecification\",\"valueRequired\":true,\"valueName\":\"search_term_string\"}}],\"inLanguage\":\"hr\"}]}<\/script>\n<!-- \/ Yoast SEO plugin. -->","yoast_head_json":{"title":"Ukrasni svjetionik Alabama - Unikatni komad s morskim duhom","description":"Drveni ukrasni svjetionik Alabama ru\u010dno je izra\u0111en od recikliranog i naplavljenog drva. Ima terasu i dva balkona s ogradom, te zastavu na vrhu kupole.","robots":{"index":"index","follow":"follow","max-snippet":"max-snippet:-1","max-image-preview":"max-image-preview:large","max-video-preview":"max-video-preview:-1"},"canonical":"https:\/\/pavidecor.si\/hr\/proizvod\/ukrasni-svjetionik-alabama-45x31x16cm\/","og_locale":"hr_HR","og_type":"article","og_title":"Ukrasni svjetionik Alabama - Unikatni komad s morskim duhom","og_description":"Drveni ukrasni svjetionik Alabama ru\u010dno je izra\u0111en od recikliranog i naplavljenog drva. Ima terasu i dva balkona s ogradom, te zastavu na vrhu kupole.","og_url":"https:\/\/pavidecor.si\/hr\/proizvod\/ukrasni-svjetionik-alabama-45x31x16cm\/","og_site_name":"Pavi Decor","article_modified_time":"2026-04-20T10:17:41+00:00","og_image":[{"width":2116,"height":2116,"url":"https:\/\/pavidecor.si\/wp-content\/uploads\/2023\/08\/1IMG_8090a-2.jpg","type":"image\/jpeg"}],"twitter_card":"summary_large_image","twitter_misc":{"Procijenjeno vrijeme \u010ditanja":"3 minute"},"schema":{"@context":"https:\/\/schema.org","@graph":[{"@type":"WebPage","@id":"https:\/\/pavidecor.si\/hr\/proizvod\/ukrasni-svjetionik-alabama-45x31x16cm\/","url":"https:\/\/pavidecor.si\/hr\/proizvod\/ukrasni-svjetionik-alabama-45x31x16cm\/","name":"Ukrasni svjetionik Alabama - Unikatni komad s morskim duhom","isPartOf":{"@id":"https:\/\/pavidecor.si\/hr\/#website"},"primaryImageOfPage":{"@id":"https:\/\/pavidecor.si\/hr\/proizvod\/ukrasni-svjetionik-alabama-45x31x16cm\/#primaryimage"},"image":{"@id":"https:\/\/pavidecor.si\/hr\/proizvod\/ukrasni-svjetionik-alabama-45x31x16cm\/#primaryimage"},"thumbnailUrl":"https:\/\/pavidecor.si\/wp-content\/uploads\/2023\/08\/1IMG_8090a-2.jpg","datePublished":"2023-08-23T08:41:04+00:00","dateModified":"2026-04-20T10:17:41+00:00","description":"Drveni ukrasni svjetionik Alabama ru\u010dno je izra\u0111en od recikliranog i naplavljenog drva. Ima terasu i dva balkona s ogradom, te zastavu na vrhu kupole.","breadcrumb":{"@id":"https:\/\/pavidecor.si\/hr\/proizvod\/ukrasni-svjetionik-alabama-45x31x16cm\/#breadcrumb"},"inLanguage":"hr","potentialAction":[{"@type":"ReadAction","target":["https:\/\/pavidecor.si\/hr\/proizvod\/ukrasni-svjetionik-alabama-45x31x16cm\/"]}]},{"@type":"ImageObject","inLanguage":"hr","@id":"https:\/\/pavidecor.si\/hr\/proizvod\/ukrasni-svjetionik-alabama-45x31x16cm\/#primaryimage","url":"https:\/\/pavidecor.si\/wp-content\/uploads\/2023\/08\/1IMG_8090a-2.jpg","contentUrl":"https:\/\/pavidecor.si\/wp-content\/uploads\/2023\/08\/1IMG_8090a-2.jpg","width":2116,"height":2116,"caption":"PAVI DECOR"},{"@type":"BreadcrumbList","@id":"https:\/\/pavidecor.si\/hr\/proizvod\/ukrasni-svjetionik-alabama-45x31x16cm\/#breadcrumb","itemListElement":[{"@type":"ListItem","position":1,"name":"Domov","item":"https:\/\/pavidecor.si\/hr\/"},{"@type":"ListItem","position":2,"name":"Internetska trgovina","item":"https:\/\/pavidecor.si\/hr\/internetska-trgovina\/"},{"@type":"ListItem","position":3,"name":"Ukrasni svjetionik Alabama 45x31x16cm"}]},{"@type":"WebSite","@id":"https:\/\/pavidecor.si\/hr\/#website","url":"https:\/\/pavidecor.si\/hr\/","name":"Pavi Decor","description":"Leseni unikati ustvarjeni iz ljubezni do lesa in narave.","potentialAction":[{"@type":"SearchAction","target":{"@type":"EntryPoint","urlTemplate":"https:\/\/pavidecor.si\/hr\/?s={search_term_string}"},"query-input":{"@type":"PropertyValueSpecification","valueRequired":true,"valueName":"search_term_string"}}],"inLanguage":"hr"}]}},"_links":{"self":[{"href":"https:\/\/pavidecor.si\/hr\/wp-json\/wp\/v2\/product\/20545","targetHints":{"allow":["GET"]}}],"collection":[{"href":"https:\/\/pavidecor.si\/hr\/wp-json\/wp\/v2\/product"}],"about":[{"href":"https:\/\/pavidecor.si\/hr\/wp-json\/wp\/v2\/types\/product"}],"replies":[{"embeddable":true,"href":"https:\/\/pavidecor.si\/hr\/wp-json\/wp\/v2\/comments?post=20545"}],"wp:featuredmedia":[{"embeddable":true,"href":"https:\/\/pavidecor.si\/hr\/wp-json\/wp\/v2\/media\/20547"}],"wp:attachment":[{"href":"https:\/\/pavidecor.si\/hr\/wp-json\/wp\/v2\/media?parent=20545"}],"wp:term":[{"taxonomy":"product_brand","embeddable":true,"href":"https:\/\/pavidecor.si\/hr\/wp-json\/wp\/v2\/product_brand?post=20545"},{"taxonomy":"product_cat","embeddable":true,"href":"https:\/\/pavidecor.si\/hr\/wp-json\/wp\/v2\/product_cat?post=20545"},{"taxonomy":"product_tag","embeddable":true,"href":"https:\/\/pavidecor.si\/hr\/wp-json\/wp\/v2\/product_tag?post=20545"}],"curies":[{"name":"wp","href":"https:\/\/api.w.org\/{rel}","templated":true}]}}