	{"id":20501,"date":"2023-09-07T10:15:34","date_gmt":"2023-09-07T10:15:34","guid":{"rendered":"https:\/\/pavidecor.si\/product\/dekorativna-jedrilica-d2-126x99x8cm\/"},"modified":"2026-05-13T09:27:22","modified_gmt":"2026-05-13T09:27:22","slug":"dekorativna-jedrilica-s-dva-jarbola-d2-126x99x8cm","status":"publish","type":"product","link":"https:\/\/pavidecor.si\/hr\/proizvod\/dekorativna-jedrilica-s-dva-jarbola-d2-126x99x8cm\/","title":{"rendered":"Dekorativna jedrilica s dva jarbola D2 126x99x8cm"},"content":{"rendered":"<p><span class=\"prvimanjsinaslovopis\"> Dekorativna jedrilica s dva jarbola &#8211; Unikatni morski dekor za va\u0161 dom<\/span><\/p>\n<p>&nbsp;<\/p>\n<h2><span class=\"odebeljenopis\"><strong><br \/>\nDekorativna jedrilica s dva jarbola iz PAVI DECOR-a je savr\u0161eni dodatak za svakog ljubitelja mora i prirode. Ovaj jedinstveni proizvod, izra\u0111en od naplavljenog i recikliranog drva, donosi duh pro\u0161lih vremena i evocira uspomene na sun\u010dane dane provedene na obali. Svojim autenti\u010dnim izgledom i pa\u017eljivo izra\u0111enim detaljima, ova jedrilica \u0107e obogatiti svaki prostor.<\/strong><\/span><\/h2>\n<p>&nbsp;<\/p>\n<div class=\"row\">\n<div class=\"col-sm-6 \" style=\"margin-top: 30px;\"><center><img decoding=\"async\" class=\"lazyload img-responsive\" style=\"margin: 0px auto; max-width: 100%;\" src=\"data:image\/svg+xml,%3Csvg%20xmlns%3D%27http%3A%2F%2Fwww.w3.org%2F2000%2Fsvg%27%20width%3D%272560%27%20height%3D%272560%27%20viewBox%3D%270%200%202560%202560%27%3E%3Crect%20width%3D%272560%27%20height%3D%272560%27%20fill-opacity%3D%220%22%2F%3E%3C%2Fsvg%3E\" data-orig-src=\"https:\/\/pavidecor.si\/wp-content\/uploads\/2023\/09\/1IMG_8214a-2-scaled.jpg\" \/><\/center><\/div>\n<div class=\"col-sm-6\" style=\"margin-top: 40px;\">\n<p>&nbsp;<\/p>\n<h3>Jedinstvena ru\u010dna izrada<\/h3>\n<p>Na\u0161a dekorativna jedrilica s dva jarbola je rezultat strasti prema drvetu i prirodi, koja je vodilo u oblikovanju i izradi svih na\u0161ih unikatnih proizvoda. Svaka jedrilica je <b>ru\u010dno izra<\/b><strong>\u0111ena s posebnom pa\u017enjom na detalje<\/strong>, koriste\u0107i tradicionalne tehnike spajanja drvenih dijelova, koje su koristili stari majstori. Ovaj na\u010din izrade ne samo da osigurava kvalitetu, ve\u0107 i daje proizvodu autenti\u010dan izgled, \u010dine\u0107i ga pravim remek-djelom.<\/p>\n<p>&nbsp;<\/p>\n<p>Na\u0161a trgovina PAVI DECOR iz Ljubljane ponosna je na svoje proizvode koji su plod vlastitog znanja i kreativnosti. Svaka jedrilica je jedinstvena, a njena izrada uklju\u010duje pa\u017eljivo biranje materijala i boja, \u0161to rezultira proizvodom koji \u0107e se savr\u0161eno uklopiti u svaki interijer.<\/p>\n<p>&nbsp;<\/p>\n<p>&nbsp;<\/p>\n<\/div>\n<\/div>\n<div class=\"row\">\n<div class=\"col-sm-6 col-sm-push-6\" style=\"margin-top: 30px;\"><center><img decoding=\"async\" class=\"lazyload img-responsive\" style=\"margin: 0px auto; max-width: 100%;\" src=\"data:image\/svg+xml,%3Csvg%20xmlns%3D%27http%3A%2F%2Fwww.w3.org%2F2000%2Fsvg%27%20width%3D%272415%27%20height%3D%272415%27%20viewBox%3D%270%200%202415%202415%27%3E%3Crect%20width%3D%272415%27%20height%3D%272415%27%20fill-opacity%3D%220%22%2F%3E%3C%2Fsvg%3E\" data-orig-src=\" https:\/\/pavidecor.si\/wp-content\/uploads\/2023\/09\/2IMG_8217-2.jpg\" \/><\/center><\/div>\n<div class=\"col-sm-6 col-sm-pull-6\" style=\"margin-top: 40px;\">\n<p>&nbsp;<\/p>\n<h3>Inspiracija iz pro\u0161losti<\/h3>\n<p>Dekorativna jedrilica s dva jarbola inspirirana je tradicionalnim plovilima koja su se koristila za prekomorska putovanja u pro\u0161lom stolje\u0107u. Ova jedrilica ne samo da je dekorativni element, ve\u0107 i <strong>simbol avanture i slobode<\/strong>. Njena prisutnost u va\u0161em domu mo\u017ee vas podsjetiti na nezaboravne trenutke provedene na moru, sun\u010dane pla\u017ee i povjetarac koji nosi miris soli.<\/p>\n<p>&nbsp;<\/p>\n<p>Jedra su izra\u0111ena od <b>bojanog pamu\u010dnog platna. <\/b>Na vrhu jarbola i na konopcu nalaze se zastavice koje dodatno nagla\u0161avaju morski duh ovog proizvoda. Ova jedrilica je savr\u0161ena za sve one koji \u017eele unijeti da\u0161ak mora u svoj dom, bilo da se radi o dnevnom boravku, uredu ili vikendici.<\/p>\n<p>&nbsp;<\/p>\n<p>&nbsp;<\/p>\n<\/div>\n<\/div>\n<div class=\"row\">\n<div class=\"col-sm-6\" style=\"margin-top: 30px;\"><center><img decoding=\"async\" class=\"lazyload img-responsive\" style=\"margin: 0px auto; max-width: 100%;\" src=\"data:image\/svg+xml,%3Csvg%20xmlns%3D%27http%3A%2F%2Fwww.w3.org%2F2000%2Fsvg%27%20width%3D%272051%27%20height%3D%272051%27%20viewBox%3D%270%200%202051%202051%27%3E%3Crect%20width%3D%272051%27%20height%3D%272051%27%20fill-opacity%3D%220%22%2F%3E%3C%2Fsvg%3E\" data-orig-src=\" https:\/\/pavidecor.si\/wp-content\/uploads\/2023\/09\/3IMG_8218-2.jpg\" \/><\/center><\/div>\n<div class=\"col-sm-6\" style=\"margin-top: 40px;\">\n<p>&nbsp;<\/p>\n<h3>Personalizacija i unikatnost<\/h3>\n<p>Svaka dekorativna jedrilica s dva jarbola mo\u017ee se personalizirati prema va\u0161im \u017eeljama. Na zahtjev, mogu\u0107e je dodati ispis imena, registracije ili drugih informacija, \u010dime postaje jo\u0161 posebniji i jedinstveniji komad. Ova mogu\u0107nost personalizacije \u010dini jedrilicu savr\u0161enim poklonom za posebne prigode ili kao jedinstveni dodatak va\u0161em domu.<\/p>\n<p>&nbsp;<\/p>\n<p>Na\u0161a jedrilica ne samo da je lijep morski dekor, ve\u0107 i simbol ljubavi prema prirodi i tradiciji. S ponosom mo\u017eemo re\u0107i da su svi na\u0161i proizvodi izra\u0111eni u Sloveniji. Svaki komad nosi sa sobom pri\u010du i strast koju smo ulo\u017eili u njegovu izradu. Tako\u0111er je mo\u017eete vidjeti kao dio na\u0161eg <a href=\"https:\/\/pavidecor.si\/hr\/projects\/morski-ambijent\/\"><strong><span style=\"color: #3366ff;\">morskog ambijenta<\/span><\/strong><\/a>.<\/p>\n<\/div>\n<\/div>\n<p>&nbsp;<\/p>\n","protected":false},"excerpt":{"rendered":"<p><strong><span style=\"color: #c4963c;\">\u2192 Ru\u010dno izra\u0111ena<\/span><\/strong><strong><span style=\"color: #c4963c;\"><br \/>\n<\/span><span style=\"color: #c4963c;\">\u2192 Jedinstvena<\/span><\/strong><\/p>\n","protected":false},"featured_media":20503,"comment_status":"open","ping_status":"closed","template":"","meta":[],"product_brand":[],"product_cat":[337],"product_tag":[255],"class_list":{"0":"post-20501","1":"product","2":"type-product","3":"status-publish","4":"has-post-thumbnail","6":"product_cat-brodovi","7":"product_tag-morski-ambijent","9":"first","10":"instock","11":"sold-individually","12":"taxable","13":"shipping-taxable","14":"purchasable","15":"product-type-simple"},"yoast_head":"<!-- This site is optimized with the Yoast SEO plugin v27.2 - https:\/\/yoast.com\/product\/yoast-seo-wordpress\/ -->\n<title>Dekorativna jedrilica s dva jarbola - Unikatni morski dekor za dom<\/title>\n<meta name=\"description\" content=\"Dekorativna jedrilica s dva jarbola prekrasan je nauti\u010dki dekor izra\u0111en od recikliranog drva. Oslikana pamu\u010dna jedra imaju natpis, a jarbol ima zastave.\" \/>\n<meta name=\"robots\" content=\"index, follow, max-snippet:-1, max-image-preview:large, max-video-preview:-1\" \/>\n<link rel=\"canonical\" href=\"https:\/\/pavidecor.si\/hr\/proizvod\/dekorativna-jedrilica-s-dva-jarbola-d2-126x99x8cm\/\" \/>\n<meta property=\"og:locale\" content=\"hr_HR\" \/>\n<meta property=\"og:type\" content=\"article\" \/>\n<meta property=\"og:title\" content=\"Dekorativna jedrilica s dva jarbola - Unikatni morski dekor za dom\" \/>\n<meta property=\"og:description\" content=\"Dekorativna jedrilica s dva jarbola prekrasan je nauti\u010dki dekor izra\u0111en od recikliranog drva. Oslikana pamu\u010dna jedra imaju natpis, a jarbol ima zastave.\" \/>\n<meta property=\"og:url\" content=\"https:\/\/pavidecor.si\/hr\/proizvod\/dekorativna-jedrilica-s-dva-jarbola-d2-126x99x8cm\/\" \/>\n<meta property=\"og:site_name\" content=\"Pavi Decor\" \/>\n<meta property=\"article:modified_time\" content=\"2026-05-13T09:27:22+00:00\" \/>\n<meta property=\"og:image\" content=\"https:\/\/pavidecor.si\/wp-content\/uploads\/2023\/09\/1IMG_8214a-2-scaled.jpg\" \/>\n\t<meta property=\"og:image:width\" content=\"2560\" \/>\n\t<meta property=\"og:image:height\" content=\"2560\" \/>\n\t<meta property=\"og:image:type\" content=\"image\/jpeg\" \/>\n<meta name=\"twitter:card\" content=\"summary_large_image\" \/>\n<meta name=\"twitter:label1\" content=\"Procijenjeno vrijeme \u010ditanja\" \/>\n\t<meta name=\"twitter:data1\" content=\"3 minute\" \/>\n<script type=\"application\/ld+json\" class=\"yoast-schema-graph\">{\"@context\":\"https:\/\/schema.org\",\"@graph\":[{\"@type\":\"WebPage\",\"@id\":\"https:\/\/pavidecor.si\/hr\/proizvod\/dekorativna-jedrilica-s-dva-jarbola-d2-126x99x8cm\/\",\"url\":\"https:\/\/pavidecor.si\/hr\/proizvod\/dekorativna-jedrilica-s-dva-jarbola-d2-126x99x8cm\/\",\"name\":\"Dekorativna jedrilica s dva jarbola - Unikatni morski dekor za dom\",\"isPartOf\":{\"@id\":\"https:\/\/pavidecor.si\/hr\/#website\"},\"primaryImageOfPage\":{\"@id\":\"https:\/\/pavidecor.si\/hr\/proizvod\/dekorativna-jedrilica-s-dva-jarbola-d2-126x99x8cm\/#primaryimage\"},\"image\":{\"@id\":\"https:\/\/pavidecor.si\/hr\/proizvod\/dekorativna-jedrilica-s-dva-jarbola-d2-126x99x8cm\/#primaryimage\"},\"thumbnailUrl\":\"https:\/\/pavidecor.si\/wp-content\/uploads\/2023\/09\/1IMG_8214a-2-scaled.jpg\",\"datePublished\":\"2023-09-07T10:15:34+00:00\",\"dateModified\":\"2026-05-13T09:27:22+00:00\",\"description\":\"Dekorativna jedrilica s dva jarbola prekrasan je nauti\u010dki dekor izra\u0111en od recikliranog drva. Oslikana pamu\u010dna jedra imaju natpis, a jarbol ima zastave.\",\"breadcrumb\":{\"@id\":\"https:\/\/pavidecor.si\/hr\/proizvod\/dekorativna-jedrilica-s-dva-jarbola-d2-126x99x8cm\/#breadcrumb\"},\"inLanguage\":\"hr\",\"potentialAction\":[{\"@type\":\"ReadAction\",\"target\":[\"https:\/\/pavidecor.si\/hr\/proizvod\/dekorativna-jedrilica-s-dva-jarbola-d2-126x99x8cm\/\"]}]},{\"@type\":\"ImageObject\",\"inLanguage\":\"hr\",\"@id\":\"https:\/\/pavidecor.si\/hr\/proizvod\/dekorativna-jedrilica-s-dva-jarbola-d2-126x99x8cm\/#primaryimage\",\"url\":\"https:\/\/pavidecor.si\/wp-content\/uploads\/2023\/09\/1IMG_8214a-2-scaled.jpg\",\"contentUrl\":\"https:\/\/pavidecor.si\/wp-content\/uploads\/2023\/09\/1IMG_8214a-2-scaled.jpg\",\"width\":2560,\"height\":2560,\"caption\":\"PAVI DECOR\"},{\"@type\":\"BreadcrumbList\",\"@id\":\"https:\/\/pavidecor.si\/hr\/proizvod\/dekorativna-jedrilica-s-dva-jarbola-d2-126x99x8cm\/#breadcrumb\",\"itemListElement\":[{\"@type\":\"ListItem\",\"position\":1,\"name\":\"Domov\",\"item\":\"https:\/\/pavidecor.si\/hr\/\"},{\"@type\":\"ListItem\",\"position\":2,\"name\":\"Internetska trgovina\",\"item\":\"https:\/\/pavidecor.si\/hr\/internetska-trgovina\/\"},{\"@type\":\"ListItem\",\"position\":3,\"name\":\"Dekorativna jedrilica s dva jarbola D2 126x99x8cm\"}]},{\"@type\":\"WebSite\",\"@id\":\"https:\/\/pavidecor.si\/hr\/#website\",\"url\":\"https:\/\/pavidecor.si\/hr\/\",\"name\":\"Pavi Decor\",\"description\":\"Leseni unikati ustvarjeni iz ljubezni do lesa in narave.\",\"potentialAction\":[{\"@type\":\"SearchAction\",\"target\":{\"@type\":\"EntryPoint\",\"urlTemplate\":\"https:\/\/pavidecor.si\/hr\/?s={search_term_string}\"},\"query-input\":{\"@type\":\"PropertyValueSpecification\",\"valueRequired\":true,\"valueName\":\"search_term_string\"}}],\"inLanguage\":\"hr\"}]}<\/script>\n<!-- \/ Yoast SEO plugin. -->","yoast_head_json":{"title":"Dekorativna jedrilica s dva jarbola - Unikatni morski dekor za dom","description":"Dekorativna jedrilica s dva jarbola prekrasan je nauti\u010dki dekor izra\u0111en od recikliranog drva. Oslikana pamu\u010dna jedra imaju natpis, a jarbol ima zastave.","robots":{"index":"index","follow":"follow","max-snippet":"max-snippet:-1","max-image-preview":"max-image-preview:large","max-video-preview":"max-video-preview:-1"},"canonical":"https:\/\/pavidecor.si\/hr\/proizvod\/dekorativna-jedrilica-s-dva-jarbola-d2-126x99x8cm\/","og_locale":"hr_HR","og_type":"article","og_title":"Dekorativna jedrilica s dva jarbola - Unikatni morski dekor za dom","og_description":"Dekorativna jedrilica s dva jarbola prekrasan je nauti\u010dki dekor izra\u0111en od recikliranog drva. Oslikana pamu\u010dna jedra imaju natpis, a jarbol ima zastave.","og_url":"https:\/\/pavidecor.si\/hr\/proizvod\/dekorativna-jedrilica-s-dva-jarbola-d2-126x99x8cm\/","og_site_name":"Pavi Decor","article_modified_time":"2026-05-13T09:27:22+00:00","og_image":[{"width":2560,"height":2560,"url":"https:\/\/pavidecor.si\/wp-content\/uploads\/2023\/09\/1IMG_8214a-2-scaled.jpg","type":"image\/jpeg"}],"twitter_card":"summary_large_image","twitter_misc":{"Procijenjeno vrijeme \u010ditanja":"3 minute"},"schema":{"@context":"https:\/\/schema.org","@graph":[{"@type":"WebPage","@id":"https:\/\/pavidecor.si\/hr\/proizvod\/dekorativna-jedrilica-s-dva-jarbola-d2-126x99x8cm\/","url":"https:\/\/pavidecor.si\/hr\/proizvod\/dekorativna-jedrilica-s-dva-jarbola-d2-126x99x8cm\/","name":"Dekorativna jedrilica s dva jarbola - Unikatni morski dekor za dom","isPartOf":{"@id":"https:\/\/pavidecor.si\/hr\/#website"},"primaryImageOfPage":{"@id":"https:\/\/pavidecor.si\/hr\/proizvod\/dekorativna-jedrilica-s-dva-jarbola-d2-126x99x8cm\/#primaryimage"},"image":{"@id":"https:\/\/pavidecor.si\/hr\/proizvod\/dekorativna-jedrilica-s-dva-jarbola-d2-126x99x8cm\/#primaryimage"},"thumbnailUrl":"https:\/\/pavidecor.si\/wp-content\/uploads\/2023\/09\/1IMG_8214a-2-scaled.jpg","datePublished":"2023-09-07T10:15:34+00:00","dateModified":"2026-05-13T09:27:22+00:00","description":"Dekorativna jedrilica s dva jarbola prekrasan je nauti\u010dki dekor izra\u0111en od recikliranog drva. Oslikana pamu\u010dna jedra imaju natpis, a jarbol ima zastave.","breadcrumb":{"@id":"https:\/\/pavidecor.si\/hr\/proizvod\/dekorativna-jedrilica-s-dva-jarbola-d2-126x99x8cm\/#breadcrumb"},"inLanguage":"hr","potentialAction":[{"@type":"ReadAction","target":["https:\/\/pavidecor.si\/hr\/proizvod\/dekorativna-jedrilica-s-dva-jarbola-d2-126x99x8cm\/"]}]},{"@type":"ImageObject","inLanguage":"hr","@id":"https:\/\/pavidecor.si\/hr\/proizvod\/dekorativna-jedrilica-s-dva-jarbola-d2-126x99x8cm\/#primaryimage","url":"https:\/\/pavidecor.si\/wp-content\/uploads\/2023\/09\/1IMG_8214a-2-scaled.jpg","contentUrl":"https:\/\/pavidecor.si\/wp-content\/uploads\/2023\/09\/1IMG_8214a-2-scaled.jpg","width":2560,"height":2560,"caption":"PAVI DECOR"},{"@type":"BreadcrumbList","@id":"https:\/\/pavidecor.si\/hr\/proizvod\/dekorativna-jedrilica-s-dva-jarbola-d2-126x99x8cm\/#breadcrumb","itemListElement":[{"@type":"ListItem","position":1,"name":"Domov","item":"https:\/\/pavidecor.si\/hr\/"},{"@type":"ListItem","position":2,"name":"Internetska trgovina","item":"https:\/\/pavidecor.si\/hr\/internetska-trgovina\/"},{"@type":"ListItem","position":3,"name":"Dekorativna jedrilica s dva jarbola D2 126x99x8cm"}]},{"@type":"WebSite","@id":"https:\/\/pavidecor.si\/hr\/#website","url":"https:\/\/pavidecor.si\/hr\/","name":"Pavi Decor","description":"Leseni unikati ustvarjeni iz ljubezni do lesa in narave.","potentialAction":[{"@type":"SearchAction","target":{"@type":"EntryPoint","urlTemplate":"https:\/\/pavidecor.si\/hr\/?s={search_term_string}"},"query-input":{"@type":"PropertyValueSpecification","valueRequired":true,"valueName":"search_term_string"}}],"inLanguage":"hr"}]}},"_links":{"self":[{"href":"https:\/\/pavidecor.si\/hr\/wp-json\/wp\/v2\/product\/20501","targetHints":{"allow":["GET"]}}],"collection":[{"href":"https:\/\/pavidecor.si\/hr\/wp-json\/wp\/v2\/product"}],"about":[{"href":"https:\/\/pavidecor.si\/hr\/wp-json\/wp\/v2\/types\/product"}],"replies":[{"embeddable":true,"href":"https:\/\/pavidecor.si\/hr\/wp-json\/wp\/v2\/comments?post=20501"}],"wp:featuredmedia":[{"embeddable":true,"href":"https:\/\/pavidecor.si\/hr\/wp-json\/wp\/v2\/media\/20503"}],"wp:attachment":[{"href":"https:\/\/pavidecor.si\/hr\/wp-json\/wp\/v2\/media?parent=20501"}],"wp:term":[{"taxonomy":"product_brand","embeddable":true,"href":"https:\/\/pavidecor.si\/hr\/wp-json\/wp\/v2\/product_brand?post=20501"},{"taxonomy":"product_cat","embeddable":true,"href":"https:\/\/pavidecor.si\/hr\/wp-json\/wp\/v2\/product_cat?post=20501"},{"taxonomy":"product_tag","embeddable":true,"href":"https:\/\/pavidecor.si\/hr\/wp-json\/wp\/v2\/product_tag?post=20501"}],"curies":[{"name":"wp","href":"https:\/\/api.w.org\/{rel}","templated":true}]}}