	{"id":20459,"date":"2023-09-08T10:09:48","date_gmt":"2023-09-08T10:09:48","guid":{"rendered":"https:\/\/pavidecor.si\/product\/mornarski-skripac-12x5x4cm-juta-od-uzeta\/"},"modified":"2026-04-24T22:03:38","modified_gmt":"2026-04-24T22:03:38","slug":"brodski-koloturnik-12x5x4cm-konop-juta","status":"publish","type":"product","link":"https:\/\/pavidecor.si\/hr\/proizvod\/brodski-koloturnik-12x5x4cm-konop-juta\/","title":{"rendered":"Brodski koloturnik 12x5x4cm konop juta"},"content":{"rendered":"<p><span class=\"prvimanjsinaslovopis\">Brodski koloturnik &#8211; Unikatni drveni dekor s du\u0161om pro\u0161losti<\/span><\/p>\n<p>&nbsp;<\/p>\n<h2><span class=\"odebeljenopis\"><strong>Brodski koloturnik iz PAVIDECOR-a predstavlja savr\u0161eni spoj tradicije i umjetni\u010dkog izraza. Ovaj jedinstveni drveni komad ne samo da \u0107e obogatiti va\u0161 prostor, ve\u0107 \u0107e vas i podsjetiti na zlatno doba pomorstva. Ru\u010dno izra\u0111en s ljubavlju prema drvetu i prirodi, svaki koloturnik je pravi mali umjetni\u010dki rad.<\/strong><\/span><\/h2>\n<p>&nbsp;<\/p>\n<div class=\"row\">\n<div class=\"col-sm-6 \" style=\"margin-top: 30px;\"><center><img decoding=\"async\" class=\"lazyload img-responsive\" style=\"margin: 0px auto; max-width: 100%;\" src=\"data:image\/svg+xml,%3Csvg%20xmlns%3D%27http%3A%2F%2Fwww.w3.org%2F2000%2Fsvg%27%20width%3D%272025%27%20height%3D%272025%27%20viewBox%3D%270%200%202025%202025%27%3E%3Crect%20width%3D%272025%27%20height%3D%272025%27%20fill-opacity%3D%220%22%2F%3E%3C%2Fsvg%3E\" data-orig-src=\"https:\/\/pavidecor.si\/wp-content\/uploads\/2023\/09\/1IMG_8188a-2.jpg\" \/><\/center><\/div>\n<div class=\"col-sm-6\" style=\"margin-top: 40px;\">\n<p>&nbsp;<\/p>\n<h3>Tradicionalna izrada s modernim dodirom<\/h3>\n<p>Brodski koloturnik iz PAVIDECOR-a izra\u0111en je s posebnom pa\u017enjom na detalje. Na\u0161a strast prema drvetu i prirodi o\u010dituje se u svakom komadu koji stvaramo. <b>Ru\u010dno izra\u0111eni<\/b> koloturnici koriste tehnike spajanja koje su koristili stari majstori, \u010dime se posti\u017ee autenti\u010dan izgled i osje\u0107aj. Ova tradicija izrade ne samo da osigurava kvalitetu, ve\u0107 i dodaje vrijednost svakom komadu. U dana\u0161nje vrijeme, kada se masovna proizvodnja \u010desto stavlja ispred kvalitete, na\u0161 brodski koloturnik predstavlja povratak korijenima i po\u0161tovanje prema zanatstvu.<\/p>\n<p>&nbsp;<\/p>\n<p>Osim \u0161to je estetski privla\u010dan, brodski koloturnik tako\u0111er ima funkcionalnu stranu. Mo\u017ee poslu\u017eiti kao dekorativni element u va\u0161em domu ili kao jedinstavan poklon za ljubitelje pomorstva. Njegova svestranost omogu\u0107ava da se uklopi u razli\u010dite stilove interijera, od klasi\u010dnog do modernog. U PAVIDECOR-u vjerujemo da svaki komad drva ima svoju pri\u010du, a na\u0161 koloturnik je savr\u0161ena ilustracija te filozofije.<\/p>\n<p>&nbsp;<\/p>\n<\/div>\n<\/div>\n<div class=\"row\">\n<div class=\"col-sm-6 col-sm-push-6\" style=\"margin-top: 30px;\"><center><img decoding=\"async\" class=\"lazyload img-responsive\" style=\"margin: 0px auto; max-width: 100%;\" src=\"data:image\/svg+xml,%3Csvg%20xmlns%3D%27http%3A%2F%2Fwww.w3.org%2F2000%2Fsvg%27%20width%3D%271274%27%20height%3D%271274%27%20viewBox%3D%270%200%201274%201274%27%3E%3Crect%20width%3D%271274%27%20height%3D%271274%27%20fill-opacity%3D%220%22%2F%3E%3C%2Fsvg%3E\" data-orig-src=\" https:\/\/pavidecor.si\/wp-content\/uploads\/2023\/09\/2IMG_8189-2.jpg\" \/><\/center><\/div>\n<div class=\"col-sm-6 col-sm-pull-6\" style=\"margin-top: 40px;\">\n<p>&nbsp;<\/p>\n<h3>Ekolo\u0161ki prihvatljiv i odr\u017eiv izbor<\/h3>\n<p>U dana\u0161nje vrijeme, kada je o\u010duvanje prirode va\u017enije nego ikad, na\u0161 koloturnik predstavlja <b>ekolo\u0161ki prihvatljiv<\/b> izbor. Svi na\u0161i proizvodi izra\u0111eni su od drva koje dolazi iz odr\u017eivih izvora, \u010dime se smanjuje negativan utjecaj na okoli\u0161. PAVIDECOR se ponosi time \u0161to koristi materijale koji su prijateljski nastrojeni prema prirodi, a istovremeno pru\u017eaju vrhunsku kvalitetu i dugotrajnost.<\/p>\n<p>&nbsp;<\/p>\n<p>Osim \u0161to je estetski privla\u010dan, brodski koloturnik tako\u0111er doprinosi stvaranju topline i ugodnosti u va\u0161em prostoru. Njegova prirodna boja i tekstura donose da\u0161ak prirode u svaki dom. Bilo da ga postavite u dnevni boravak, ured ili na terasu, ovaj drveni komad \u0107e zasigurno privu\u0107i pa\u017enju i izazvati divljenje. U PAVIDECOR-u vjerujemo da svaki na\u0161 proizvod ne samo da oboga\u0107uje prostor, ve\u0107 i donosi radost i inspiraciju.<\/p>\n<p>&nbsp;<\/p>\n<\/div>\n<\/div>\n<div class=\"row\">\n<div class=\"col-sm-6\" style=\"margin-top: 30px;\"><center><img decoding=\"async\" class=\"lazyload img-responsive\" style=\"margin: 0px auto; max-width: 100%;\" src=\"data:image\/svg+xml,%3Csvg%20xmlns%3D%27http%3A%2F%2Fwww.w3.org%2F2000%2Fsvg%27%20width%3D%272207%27%20height%3D%272207%27%20viewBox%3D%270%200%202207%202207%27%3E%3Crect%20width%3D%272207%27%20height%3D%272207%27%20fill-opacity%3D%220%22%2F%3E%3C%2Fsvg%3E\" data-orig-src=\" https:\/\/pavidecor.si\/wp-content\/uploads\/2023\/09\/3IMG_8204-2.jpg\" \/><\/center><\/div>\n<div class=\"col-sm-6\" style=\"margin-top: 40px;\">\n<p>&nbsp;<\/p>\n<h3>Specifikacije i informacije o proizvodu<\/h3>\n<p>Brodski koloturnik je izra\u0111en od visokokvalitetnog drva, pa\u017eljivo odabranog kako bi se osigurala dugotrajnost i otpornost. Svaki komad je <b>ru\u010dno izra\u0111en<\/b> i pa\u017eljivo obra\u0111en, a zavr\u0161na obrada uklju\u010duje prirodno uljenje koje nagla\u0161ava ljepotu drva. Ovaj jedinstveni komad mo\u017ee se koristiti kao dekoracija ili kao funkcionalni element u va\u0161em prostoru.<\/p>\n<p>&nbsp;<\/p>\n<p>U PAVIDECOR-u, svaki brodski koloturnik nosi sa sobom duh pro\u0161losti i ljubav prema pomorstvu. Na\u0161i proizvodi su rezultat vlastitog znanja i kreativnosti, a svi su izra\u0111eni u Sloveniji. Posjetite na\u0161u trgovinu u Ljubljani i otkrijte \u010daroliju drvenih proizvoda koji \u0107e obogatiti va\u0161 dom i donijeti da\u0161ak povijesti u va\u0161 \u017eivot.<\/p>\n<p>Meta Title: Brodski koloturnik &#8211; Unikatni drveni dekor s du\u0161om pro\u0161losti<\/p>\n<\/div>\n<\/div>\n<p>&nbsp;<\/p>\n","protected":false},"excerpt":{"rendered":"<p><strong><span style=\"color: #c4963c;\">\u2192 Ru\u010dno izra\u0111en<\/span><\/strong> <strong><span style=\"color: #c4963c;\"><br \/>\n<\/span><span style=\"color: #c4963c;\">\u2192 Jedinstven<\/span><\/strong><\/p>\n","protected":false},"featured_media":20465,"comment_status":"open","ping_status":"closed","template":"","meta":[],"product_brand":[],"product_cat":[388],"product_tag":[],"class_list":{"0":"post-20459","1":"product","2":"type-product","3":"status-publish","4":"has-post-thumbnail","6":"product_cat-koloturnici","8":"first","9":"instock","10":"taxable","11":"shipping-taxable","12":"purchasable","13":"product-type-simple"},"yoast_head":"<!-- This site is optimized with the Yoast SEO plugin v27.2 - https:\/\/yoast.com\/product\/yoast-seo-wordpress\/ -->\n<title>Brodski koloturnik - Unikatni drveni dekor s du\u0161om pro\u0161losti<\/title>\n<meta name=\"description\" content=\"Brodski koloturnik je proizvod izra\u0111en od drveta koji opona\u0161a koloture koje su neko\u0107 koristili mornari na jedrilicama. Prekrasan nauti\u010dki dekor, ru\u010dni rad.\" \/>\n<meta name=\"robots\" content=\"index, follow, max-snippet:-1, max-image-preview:large, max-video-preview:-1\" \/>\n<link rel=\"canonical\" href=\"https:\/\/pavidecor.si\/hr\/proizvod\/brodski-koloturnik-12x5x4cm-konop-juta\/\" \/>\n<meta property=\"og:locale\" content=\"hr_HR\" \/>\n<meta property=\"og:type\" content=\"article\" \/>\n<meta property=\"og:title\" content=\"Brodski koloturnik - Unikatni drveni dekor s du\u0161om pro\u0161losti\" \/>\n<meta property=\"og:description\" content=\"Brodski koloturnik je proizvod izra\u0111en od drveta koji opona\u0161a koloture koje su neko\u0107 koristili mornari na jedrilicama. Prekrasan nauti\u010dki dekor, ru\u010dni rad.\" \/>\n<meta property=\"og:url\" content=\"https:\/\/pavidecor.si\/hr\/proizvod\/brodski-koloturnik-12x5x4cm-konop-juta\/\" \/>\n<meta property=\"og:site_name\" content=\"Pavi Decor\" \/>\n<meta property=\"article:modified_time\" content=\"2026-04-24T22:03:38+00:00\" \/>\n<meta property=\"og:image\" content=\"https:\/\/pavidecor.si\/wp-content\/uploads\/2023\/09\/1IMG_8188a-2.jpg\" \/>\n\t<meta property=\"og:image:width\" content=\"2025\" \/>\n\t<meta property=\"og:image:height\" content=\"2025\" \/>\n\t<meta property=\"og:image:type\" content=\"image\/jpeg\" \/>\n<meta name=\"twitter:card\" content=\"summary_large_image\" \/>\n<meta name=\"twitter:label1\" content=\"Procijenjeno vrijeme \u010ditanja\" \/>\n\t<meta name=\"twitter:data1\" content=\"4 minute\" \/>\n<script type=\"application\/ld+json\" class=\"yoast-schema-graph\">{\"@context\":\"https:\/\/schema.org\",\"@graph\":[{\"@type\":\"WebPage\",\"@id\":\"https:\/\/pavidecor.si\/hr\/proizvod\/brodski-koloturnik-12x5x4cm-konop-juta\/\",\"url\":\"https:\/\/pavidecor.si\/hr\/proizvod\/brodski-koloturnik-12x5x4cm-konop-juta\/\",\"name\":\"Brodski koloturnik - Unikatni drveni dekor s du\u0161om pro\u0161losti\",\"isPartOf\":{\"@id\":\"https:\/\/pavidecor.si\/hr\/#website\"},\"primaryImageOfPage\":{\"@id\":\"https:\/\/pavidecor.si\/hr\/proizvod\/brodski-koloturnik-12x5x4cm-konop-juta\/#primaryimage\"},\"image\":{\"@id\":\"https:\/\/pavidecor.si\/hr\/proizvod\/brodski-koloturnik-12x5x4cm-konop-juta\/#primaryimage\"},\"thumbnailUrl\":\"https:\/\/pavidecor.si\/wp-content\/uploads\/2023\/09\/1IMG_8188a-2.jpg\",\"datePublished\":\"2023-09-08T10:09:48+00:00\",\"dateModified\":\"2026-04-24T22:03:38+00:00\",\"description\":\"Brodski koloturnik je proizvod izra\u0111en od drveta koji opona\u0161a koloture koje su neko\u0107 koristili mornari na jedrilicama. Prekrasan nauti\u010dki dekor, ru\u010dni rad.\",\"breadcrumb\":{\"@id\":\"https:\/\/pavidecor.si\/hr\/proizvod\/brodski-koloturnik-12x5x4cm-konop-juta\/#breadcrumb\"},\"inLanguage\":\"hr\",\"potentialAction\":[{\"@type\":\"ReadAction\",\"target\":[\"https:\/\/pavidecor.si\/hr\/proizvod\/brodski-koloturnik-12x5x4cm-konop-juta\/\"]}]},{\"@type\":\"ImageObject\",\"inLanguage\":\"hr\",\"@id\":\"https:\/\/pavidecor.si\/hr\/proizvod\/brodski-koloturnik-12x5x4cm-konop-juta\/#primaryimage\",\"url\":\"https:\/\/pavidecor.si\/wp-content\/uploads\/2023\/09\/1IMG_8188a-2.jpg\",\"contentUrl\":\"https:\/\/pavidecor.si\/wp-content\/uploads\/2023\/09\/1IMG_8188a-2.jpg\",\"width\":2025,\"height\":2025,\"caption\":\"PAVI DECOR\"},{\"@type\":\"BreadcrumbList\",\"@id\":\"https:\/\/pavidecor.si\/hr\/proizvod\/brodski-koloturnik-12x5x4cm-konop-juta\/#breadcrumb\",\"itemListElement\":[{\"@type\":\"ListItem\",\"position\":1,\"name\":\"Domov\",\"item\":\"https:\/\/pavidecor.si\/hr\/\"},{\"@type\":\"ListItem\",\"position\":2,\"name\":\"Internetska trgovina\",\"item\":\"https:\/\/pavidecor.si\/hr\/internetska-trgovina\/\"},{\"@type\":\"ListItem\",\"position\":3,\"name\":\"Brodski koloturnik 12x5x4cm konop juta\"}]},{\"@type\":\"WebSite\",\"@id\":\"https:\/\/pavidecor.si\/hr\/#website\",\"url\":\"https:\/\/pavidecor.si\/hr\/\",\"name\":\"Pavi Decor\",\"description\":\"Leseni unikati ustvarjeni iz ljubezni do lesa in narave.\",\"potentialAction\":[{\"@type\":\"SearchAction\",\"target\":{\"@type\":\"EntryPoint\",\"urlTemplate\":\"https:\/\/pavidecor.si\/hr\/?s={search_term_string}\"},\"query-input\":{\"@type\":\"PropertyValueSpecification\",\"valueRequired\":true,\"valueName\":\"search_term_string\"}}],\"inLanguage\":\"hr\"}]}<\/script>\n<!-- \/ Yoast SEO plugin. -->","yoast_head_json":{"title":"Brodski koloturnik - Unikatni drveni dekor s du\u0161om pro\u0161losti","description":"Brodski koloturnik je proizvod izra\u0111en od drveta koji opona\u0161a koloture koje su neko\u0107 koristili mornari na jedrilicama. Prekrasan nauti\u010dki dekor, ru\u010dni rad.","robots":{"index":"index","follow":"follow","max-snippet":"max-snippet:-1","max-image-preview":"max-image-preview:large","max-video-preview":"max-video-preview:-1"},"canonical":"https:\/\/pavidecor.si\/hr\/proizvod\/brodski-koloturnik-12x5x4cm-konop-juta\/","og_locale":"hr_HR","og_type":"article","og_title":"Brodski koloturnik - Unikatni drveni dekor s du\u0161om pro\u0161losti","og_description":"Brodski koloturnik je proizvod izra\u0111en od drveta koji opona\u0161a koloture koje su neko\u0107 koristili mornari na jedrilicama. Prekrasan nauti\u010dki dekor, ru\u010dni rad.","og_url":"https:\/\/pavidecor.si\/hr\/proizvod\/brodski-koloturnik-12x5x4cm-konop-juta\/","og_site_name":"Pavi Decor","article_modified_time":"2026-04-24T22:03:38+00:00","og_image":[{"width":2025,"height":2025,"url":"https:\/\/pavidecor.si\/wp-content\/uploads\/2023\/09\/1IMG_8188a-2.jpg","type":"image\/jpeg"}],"twitter_card":"summary_large_image","twitter_misc":{"Procijenjeno vrijeme \u010ditanja":"4 minute"},"schema":{"@context":"https:\/\/schema.org","@graph":[{"@type":"WebPage","@id":"https:\/\/pavidecor.si\/hr\/proizvod\/brodski-koloturnik-12x5x4cm-konop-juta\/","url":"https:\/\/pavidecor.si\/hr\/proizvod\/brodski-koloturnik-12x5x4cm-konop-juta\/","name":"Brodski koloturnik - Unikatni drveni dekor s du\u0161om pro\u0161losti","isPartOf":{"@id":"https:\/\/pavidecor.si\/hr\/#website"},"primaryImageOfPage":{"@id":"https:\/\/pavidecor.si\/hr\/proizvod\/brodski-koloturnik-12x5x4cm-konop-juta\/#primaryimage"},"image":{"@id":"https:\/\/pavidecor.si\/hr\/proizvod\/brodski-koloturnik-12x5x4cm-konop-juta\/#primaryimage"},"thumbnailUrl":"https:\/\/pavidecor.si\/wp-content\/uploads\/2023\/09\/1IMG_8188a-2.jpg","datePublished":"2023-09-08T10:09:48+00:00","dateModified":"2026-04-24T22:03:38+00:00","description":"Brodski koloturnik je proizvod izra\u0111en od drveta koji opona\u0161a koloture koje su neko\u0107 koristili mornari na jedrilicama. Prekrasan nauti\u010dki dekor, ru\u010dni rad.","breadcrumb":{"@id":"https:\/\/pavidecor.si\/hr\/proizvod\/brodski-koloturnik-12x5x4cm-konop-juta\/#breadcrumb"},"inLanguage":"hr","potentialAction":[{"@type":"ReadAction","target":["https:\/\/pavidecor.si\/hr\/proizvod\/brodski-koloturnik-12x5x4cm-konop-juta\/"]}]},{"@type":"ImageObject","inLanguage":"hr","@id":"https:\/\/pavidecor.si\/hr\/proizvod\/brodski-koloturnik-12x5x4cm-konop-juta\/#primaryimage","url":"https:\/\/pavidecor.si\/wp-content\/uploads\/2023\/09\/1IMG_8188a-2.jpg","contentUrl":"https:\/\/pavidecor.si\/wp-content\/uploads\/2023\/09\/1IMG_8188a-2.jpg","width":2025,"height":2025,"caption":"PAVI DECOR"},{"@type":"BreadcrumbList","@id":"https:\/\/pavidecor.si\/hr\/proizvod\/brodski-koloturnik-12x5x4cm-konop-juta\/#breadcrumb","itemListElement":[{"@type":"ListItem","position":1,"name":"Domov","item":"https:\/\/pavidecor.si\/hr\/"},{"@type":"ListItem","position":2,"name":"Internetska trgovina","item":"https:\/\/pavidecor.si\/hr\/internetska-trgovina\/"},{"@type":"ListItem","position":3,"name":"Brodski koloturnik 12x5x4cm konop juta"}]},{"@type":"WebSite","@id":"https:\/\/pavidecor.si\/hr\/#website","url":"https:\/\/pavidecor.si\/hr\/","name":"Pavi Decor","description":"Leseni unikati ustvarjeni iz ljubezni do lesa in narave.","potentialAction":[{"@type":"SearchAction","target":{"@type":"EntryPoint","urlTemplate":"https:\/\/pavidecor.si\/hr\/?s={search_term_string}"},"query-input":{"@type":"PropertyValueSpecification","valueRequired":true,"valueName":"search_term_string"}}],"inLanguage":"hr"}]}},"_links":{"self":[{"href":"https:\/\/pavidecor.si\/hr\/wp-json\/wp\/v2\/product\/20459","targetHints":{"allow":["GET"]}}],"collection":[{"href":"https:\/\/pavidecor.si\/hr\/wp-json\/wp\/v2\/product"}],"about":[{"href":"https:\/\/pavidecor.si\/hr\/wp-json\/wp\/v2\/types\/product"}],"replies":[{"embeddable":true,"href":"https:\/\/pavidecor.si\/hr\/wp-json\/wp\/v2\/comments?post=20459"}],"wp:featuredmedia":[{"embeddable":true,"href":"https:\/\/pavidecor.si\/hr\/wp-json\/wp\/v2\/media\/20465"}],"wp:attachment":[{"href":"https:\/\/pavidecor.si\/hr\/wp-json\/wp\/v2\/media?parent=20459"}],"wp:term":[{"taxonomy":"product_brand","embeddable":true,"href":"https:\/\/pavidecor.si\/hr\/wp-json\/wp\/v2\/product_brand?post=20459"},{"taxonomy":"product_cat","embeddable":true,"href":"https:\/\/pavidecor.si\/hr\/wp-json\/wp\/v2\/product_cat?post=20459"},{"taxonomy":"product_tag","embeddable":true,"href":"https:\/\/pavidecor.si\/hr\/wp-json\/wp\/v2\/product_tag?post=20459"}],"curies":[{"name":"wp","href":"https:\/\/api.w.org\/{rel}","templated":true}]}}