	{"id":20401,"date":"2023-09-14T10:27:37","date_gmt":"2023-09-14T10:27:37","guid":{"rendered":"https:\/\/pavidecor.si\/product\/tekstilna-kosara-za-kit-za-kruh-o20x12cm\/"},"modified":"2026-04-25T03:03:37","modified_gmt":"2026-04-25T03:03:37","slug":"tekstilna-kosara-za-kruh-kit-o20x12cm","status":"publish","type":"product","link":"https:\/\/pavidecor.si\/hr\/proizvod\/tekstilna-kosara-za-kruh-kit-o20x12cm\/","title":{"rendered":"Tekstilna ko\u0161ara za kruh kit \u00f820x12cm"},"content":{"rendered":"<p><span class=\"prvimanjsinaslovopis\"> Tekstilna ko\u0161ara za kruh &#8211; Prakti\u010dnost i elegancija u jednom<\/span><\/p>\n<p>&nbsp;<\/p>\n<h2><span class=\"odebeljenopis\"><strong> Otkrijte na\u0161u tekstilnu ko\u0161aru za kruh, savr\u0161eno rje\u0161enje za poslu\u017eivanje kruha i peciva. Ova moderna ko\u0161arica ne samo da je funkcionalna, ve\u0107 i estetski privla\u010dna, a izra\u0111ena je od potpuno prirodnih materijala. Idealna je za sve koji cijene kvalitetu i prakti\u010dnost u svom domu ili na putovanjima.<\/strong><\/span><\/h2>\n<p>&nbsp;<\/p>\n<div class=\"row\">\n<div class=\"col-sm-6 \" style=\"margin-top: 30px;\"><center><img decoding=\"async\" class=\"lazyload img-responsive\" style=\"margin: 0px auto; max-width: 100%;\" src=\"data:image\/svg+xml,%3Csvg%20xmlns%3D%27http%3A%2F%2Fwww.w3.org%2F2000%2Fsvg%27%20width%3D%271839%27%20height%3D%271839%27%20viewBox%3D%270%200%201839%201839%27%3E%3Crect%20width%3D%271839%27%20height%3D%271839%27%20fill-opacity%3D%220%22%2F%3E%3C%2Fsvg%3E\" data-orig-src=\"https:\/\/pavidecor.si\/wp-content\/uploads\/2023\/09\/1IMG_7910a-2.jpg\" \/><\/center><\/div>\n<div class=\"col-sm-6\" style=\"margin-top: 40px;\">\n<p>&nbsp;<\/p>\n<h3>Jedinstveni dizajn i funkcionalnost<\/h3>\n<p>Na\u0161a tekstilna ko\u0161ara za kruh isti\u010de se svojim <b>modernim i prakti\u010dnim dizajnom<\/b>. Kada nije u upotrebi, lako se sklapa u ravnu povr\u0161inu, \u0161to omogu\u0107ava jednostavno pohranjivanje. Ova zna\u010dajka \u010dini je idealnom za kori\u0161tenje na barkama, kamp-prikolicama ili u malim kuhinjama gdje je prostor ograni\u010den. Osim \u0161to je funkcionalna, ko\u0161arica dolazi u raznim <b>bojnim motivima<\/b>, \u0161to je \u010dini savr\u0161enim dodatkom za svaki stol. Bez obzira na stil va\u0161eg interijera, sigurno \u0107ete prona\u0107i motiv koji \u0107e se savr\u0161eno uklopiti.<\/p>\n<p>&nbsp;<\/p>\n<p>&nbsp;<\/p>\n<\/div>\n<\/div>\n<div class=\"row\">\n<div class=\"col-sm-6 col-sm-push-6\" style=\"margin-top: 30px;\"><center><img decoding=\"async\" class=\"lazyload img-responsive\" style=\"margin: 0px auto; max-width: 100%;\" src=\"data:image\/svg+xml,%3Csvg%20xmlns%3D%27http%3A%2F%2Fwww.w3.org%2F2000%2Fsvg%27%20width%3D%271893%27%20height%3D%271894%27%20viewBox%3D%270%200%201893%201894%27%3E%3Crect%20width%3D%271893%27%20height%3D%271894%27%20fill-opacity%3D%220%22%2F%3E%3C%2Fsvg%3E\" data-orig-src=\" https:\/\/pavidecor.si\/wp-content\/uploads\/2023\/09\/2IMG_7911-2.jpg\" \/><\/center><\/div>\n<div class=\"col-sm-6 col-sm-pull-6\" style=\"margin-top: 40px;\">\n<p>&nbsp;<\/p>\n<h3>Ekolo\u0161ki prihvatljivi materijali<\/h3>\n<p>U PAVI DECOR-u iz Ljubljane, svi na\u0161i proizvodi, izra\u0111eni su s ljubavlju prema <b>prirodi i drvetu<\/b>. Koristimo isklju\u010divo prirodne materijale, \u0161to osigurava da su na\u0161i proizvodi ne samo estetski privla\u010dni, ve\u0107 i ekolo\u0161ki prihvatljivi. Ru\u010dna izrada i pa\u017enja prema detaljima \u010dine svaki komad jedinstvenim. Na\u0161i majstori koriste tradicionalne tehnike spajanja drvenih dijelova, \u0161to rezultira autenti\u010dnim izgledom koji \u0107e obogatiti svaki dom. Tekstilna ko\u0161ara za kruh nije samo funkcionalan predmet, ve\u0107 i pravi umjetni\u010dki komad koji \u0107e privu\u0107i pa\u017enju va\u0161ih gostiju.<\/p>\n<p>&nbsp;<\/p>\n<p>&nbsp;<\/p>\n<\/div>\n<\/div>\n<div class=\"row\">\n<div class=\"col-sm-6\" style=\"margin-top: 30px;\"><center><img decoding=\"async\" class=\"lazyload img-responsive\" style=\"margin: 0px auto; max-width: 100%;\" src=\"data:image\/svg+xml,%3Csvg%20xmlns%3D%27http%3A%2F%2Fwww.w3.org%2F2000%2Fsvg%27%20width%3D%272560%27%20height%3D%272560%27%20viewBox%3D%270%200%202560%202560%27%3E%3Crect%20width%3D%272560%27%20height%3D%272560%27%20fill-opacity%3D%220%22%2F%3E%3C%2Fsvg%3E\" data-orig-src=\" https:\/\/pavidecor.si\/wp-content\/uploads\/2022\/03\/Tekstilna-kosarica-za-kruh-3-scaled.jpg\" \/><\/center><\/div>\n<div class=\"col-sm-6\" style=\"margin-top: 40px;\">\n<p>&nbsp;<\/p>\n<h3>Prakti\u010dnost i lako odr\u017eavanje<\/h3>\n<p>Jedna od glavnih prednosti na\u0161e tekstilne ko\u0161arice za kruh je njena jednostavnost odr\u017eavanja. Mo\u017ee se prati u perilici posu\u0111a, \u0161to osigurava da \u0107e uvijek izgledati savr\u0161eno. Ova ko\u0161arica je idealna za sve koji \u017eele kombinirati prakti\u010dnost s estetikom. Osim \u0161to je savr\u0161ena za poslu\u017eivanje kruha i peciva, mo\u017ee se koristiti i za druge namjene, poput \u010duvanja vo\u0107a ili grickalica. U na\u0161oj jedinstvenoj <a href=\"https:\/\/pavidecor.si\/hr\/projects\/blagovaonica-maja\/\"><strong><span style=\"color: #3366ff;\">blagovaonici Maji<\/span><\/strong><\/a>, tekstilna ko\u0161ara za kruh postaje sredi\u0161nji dio stola, dodaju\u0107i da\u0161ak elegancije i stila.<\/p>\n<\/div>\n<\/div>\n<p>&nbsp;<\/p>\n","protected":false},"excerpt":{"rendered":"<p><strong><span style=\"color: #c4963c;\">\u2192 Prirodni materijali<br \/>\n<\/span><span style=\"color: #c4963c;\">\u2192 Motiv mora<\/span><\/strong><\/p>\n","protected":false},"featured_media":20407,"comment_status":"open","ping_status":"closed","template":"","meta":[],"product_brand":[],"product_cat":[313,269,304],"product_tag":[218],"class_list":{"0":"post-20401","1":"product","2":"type-product","3":"status-publish","4":"has-post-thumbnail","6":"product_cat-kosare-hr","7":"product_cat-oprema-za-trgovine-i-konobe","8":"product_cat-posude","9":"product_tag-nov","11":"first","12":"instock","13":"taxable","14":"shipping-taxable","15":"purchasable","16":"product-type-simple"},"yoast_head":"<!-- This site is optimized with the Yoast SEO plugin v27.2 - https:\/\/yoast.com\/product\/yoast-seo-wordpress\/ -->\n<title>Tekstilna ko\u0161ara za kruh - Prakti\u010dnost i elegancija u jednom<\/title>\n<meta name=\"description\" content=\"Tekstilna ko\u0161ara za kruh izra\u0111ena je od potpuno prirodnih materijala. Radi lak\u0161eg skladi\u0161tenja, preklopi se ravno i pere u perilici rublja.\" \/>\n<meta name=\"robots\" content=\"index, follow, max-snippet:-1, max-image-preview:large, max-video-preview:-1\" \/>\n<link rel=\"canonical\" href=\"https:\/\/pavidecor.si\/hr\/proizvod\/tekstilna-kosara-za-kruh-kit-o20x12cm\/\" \/>\n<meta property=\"og:locale\" content=\"hr_HR\" \/>\n<meta property=\"og:type\" content=\"article\" \/>\n<meta property=\"og:title\" content=\"Tekstilna ko\u0161ara za kruh - Prakti\u010dnost i elegancija u jednom\" \/>\n<meta property=\"og:description\" content=\"Tekstilna ko\u0161ara za kruh izra\u0111ena je od potpuno prirodnih materijala. Radi lak\u0161eg skladi\u0161tenja, preklopi se ravno i pere u perilici rublja.\" \/>\n<meta property=\"og:url\" content=\"https:\/\/pavidecor.si\/hr\/proizvod\/tekstilna-kosara-za-kruh-kit-o20x12cm\/\" \/>\n<meta property=\"og:site_name\" content=\"Pavi Decor\" \/>\n<meta property=\"article:modified_time\" content=\"2026-04-25T03:03:37+00:00\" \/>\n<meta property=\"og:image\" content=\"https:\/\/pavidecor.si\/wp-content\/uploads\/2023\/09\/1IMG_7910a-2.jpg\" \/>\n\t<meta property=\"og:image:width\" content=\"1839\" \/>\n\t<meta property=\"og:image:height\" content=\"1839\" \/>\n\t<meta property=\"og:image:type\" content=\"image\/jpeg\" \/>\n<meta name=\"twitter:card\" content=\"summary_large_image\" \/>\n<meta name=\"twitter:label1\" content=\"Procijenjeno vrijeme \u010ditanja\" \/>\n\t<meta name=\"twitter:data1\" content=\"3 minute\" \/>\n<script type=\"application\/ld+json\" class=\"yoast-schema-graph\">{\"@context\":\"https:\/\/schema.org\",\"@graph\":[{\"@type\":\"WebPage\",\"@id\":\"https:\/\/pavidecor.si\/hr\/proizvod\/tekstilna-kosara-za-kruh-kit-o20x12cm\/\",\"url\":\"https:\/\/pavidecor.si\/hr\/proizvod\/tekstilna-kosara-za-kruh-kit-o20x12cm\/\",\"name\":\"Tekstilna ko\u0161ara za kruh - Prakti\u010dnost i elegancija u jednom\",\"isPartOf\":{\"@id\":\"https:\/\/pavidecor.si\/hr\/#website\"},\"primaryImageOfPage\":{\"@id\":\"https:\/\/pavidecor.si\/hr\/proizvod\/tekstilna-kosara-za-kruh-kit-o20x12cm\/#primaryimage\"},\"image\":{\"@id\":\"https:\/\/pavidecor.si\/hr\/proizvod\/tekstilna-kosara-za-kruh-kit-o20x12cm\/#primaryimage\"},\"thumbnailUrl\":\"https:\/\/pavidecor.si\/wp-content\/uploads\/2023\/09\/1IMG_7910a-2.jpg\",\"datePublished\":\"2023-09-14T10:27:37+00:00\",\"dateModified\":\"2026-04-25T03:03:37+00:00\",\"description\":\"Tekstilna ko\u0161ara za kruh izra\u0111ena je od potpuno prirodnih materijala. Radi lak\u0161eg skladi\u0161tenja, preklopi se ravno i pere u perilici rublja.\",\"breadcrumb\":{\"@id\":\"https:\/\/pavidecor.si\/hr\/proizvod\/tekstilna-kosara-za-kruh-kit-o20x12cm\/#breadcrumb\"},\"inLanguage\":\"hr\",\"potentialAction\":[{\"@type\":\"ReadAction\",\"target\":[\"https:\/\/pavidecor.si\/hr\/proizvod\/tekstilna-kosara-za-kruh-kit-o20x12cm\/\"]}]},{\"@type\":\"ImageObject\",\"inLanguage\":\"hr\",\"@id\":\"https:\/\/pavidecor.si\/hr\/proizvod\/tekstilna-kosara-za-kruh-kit-o20x12cm\/#primaryimage\",\"url\":\"https:\/\/pavidecor.si\/wp-content\/uploads\/2023\/09\/1IMG_7910a-2.jpg\",\"contentUrl\":\"https:\/\/pavidecor.si\/wp-content\/uploads\/2023\/09\/1IMG_7910a-2.jpg\",\"width\":1839,\"height\":1839,\"caption\":\"PAVI DECOR\"},{\"@type\":\"BreadcrumbList\",\"@id\":\"https:\/\/pavidecor.si\/hr\/proizvod\/tekstilna-kosara-za-kruh-kit-o20x12cm\/#breadcrumb\",\"itemListElement\":[{\"@type\":\"ListItem\",\"position\":1,\"name\":\"Domov\",\"item\":\"https:\/\/pavidecor.si\/hr\/\"},{\"@type\":\"ListItem\",\"position\":2,\"name\":\"Internetska trgovina\",\"item\":\"https:\/\/pavidecor.si\/hr\/internetska-trgovina\/\"},{\"@type\":\"ListItem\",\"position\":3,\"name\":\"Tekstilna ko\u0161ara za kruh kit \u00f820x12cm\"}]},{\"@type\":\"WebSite\",\"@id\":\"https:\/\/pavidecor.si\/hr\/#website\",\"url\":\"https:\/\/pavidecor.si\/hr\/\",\"name\":\"Pavi Decor\",\"description\":\"Leseni unikati ustvarjeni iz ljubezni do lesa in narave.\",\"potentialAction\":[{\"@type\":\"SearchAction\",\"target\":{\"@type\":\"EntryPoint\",\"urlTemplate\":\"https:\/\/pavidecor.si\/hr\/?s={search_term_string}\"},\"query-input\":{\"@type\":\"PropertyValueSpecification\",\"valueRequired\":true,\"valueName\":\"search_term_string\"}}],\"inLanguage\":\"hr\"}]}<\/script>\n<!-- \/ Yoast SEO plugin. -->","yoast_head_json":{"title":"Tekstilna ko\u0161ara za kruh - Prakti\u010dnost i elegancija u jednom","description":"Tekstilna ko\u0161ara za kruh izra\u0111ena je od potpuno prirodnih materijala. Radi lak\u0161eg skladi\u0161tenja, preklopi se ravno i pere u perilici rublja.","robots":{"index":"index","follow":"follow","max-snippet":"max-snippet:-1","max-image-preview":"max-image-preview:large","max-video-preview":"max-video-preview:-1"},"canonical":"https:\/\/pavidecor.si\/hr\/proizvod\/tekstilna-kosara-za-kruh-kit-o20x12cm\/","og_locale":"hr_HR","og_type":"article","og_title":"Tekstilna ko\u0161ara za kruh - Prakti\u010dnost i elegancija u jednom","og_description":"Tekstilna ko\u0161ara za kruh izra\u0111ena je od potpuno prirodnih materijala. Radi lak\u0161eg skladi\u0161tenja, preklopi se ravno i pere u perilici rublja.","og_url":"https:\/\/pavidecor.si\/hr\/proizvod\/tekstilna-kosara-za-kruh-kit-o20x12cm\/","og_site_name":"Pavi Decor","article_modified_time":"2026-04-25T03:03:37+00:00","og_image":[{"width":1839,"height":1839,"url":"https:\/\/pavidecor.si\/wp-content\/uploads\/2023\/09\/1IMG_7910a-2.jpg","type":"image\/jpeg"}],"twitter_card":"summary_large_image","twitter_misc":{"Procijenjeno vrijeme \u010ditanja":"3 minute"},"schema":{"@context":"https:\/\/schema.org","@graph":[{"@type":"WebPage","@id":"https:\/\/pavidecor.si\/hr\/proizvod\/tekstilna-kosara-za-kruh-kit-o20x12cm\/","url":"https:\/\/pavidecor.si\/hr\/proizvod\/tekstilna-kosara-za-kruh-kit-o20x12cm\/","name":"Tekstilna ko\u0161ara za kruh - Prakti\u010dnost i elegancija u jednom","isPartOf":{"@id":"https:\/\/pavidecor.si\/hr\/#website"},"primaryImageOfPage":{"@id":"https:\/\/pavidecor.si\/hr\/proizvod\/tekstilna-kosara-za-kruh-kit-o20x12cm\/#primaryimage"},"image":{"@id":"https:\/\/pavidecor.si\/hr\/proizvod\/tekstilna-kosara-za-kruh-kit-o20x12cm\/#primaryimage"},"thumbnailUrl":"https:\/\/pavidecor.si\/wp-content\/uploads\/2023\/09\/1IMG_7910a-2.jpg","datePublished":"2023-09-14T10:27:37+00:00","dateModified":"2026-04-25T03:03:37+00:00","description":"Tekstilna ko\u0161ara za kruh izra\u0111ena je od potpuno prirodnih materijala. Radi lak\u0161eg skladi\u0161tenja, preklopi se ravno i pere u perilici rublja.","breadcrumb":{"@id":"https:\/\/pavidecor.si\/hr\/proizvod\/tekstilna-kosara-za-kruh-kit-o20x12cm\/#breadcrumb"},"inLanguage":"hr","potentialAction":[{"@type":"ReadAction","target":["https:\/\/pavidecor.si\/hr\/proizvod\/tekstilna-kosara-za-kruh-kit-o20x12cm\/"]}]},{"@type":"ImageObject","inLanguage":"hr","@id":"https:\/\/pavidecor.si\/hr\/proizvod\/tekstilna-kosara-za-kruh-kit-o20x12cm\/#primaryimage","url":"https:\/\/pavidecor.si\/wp-content\/uploads\/2023\/09\/1IMG_7910a-2.jpg","contentUrl":"https:\/\/pavidecor.si\/wp-content\/uploads\/2023\/09\/1IMG_7910a-2.jpg","width":1839,"height":1839,"caption":"PAVI DECOR"},{"@type":"BreadcrumbList","@id":"https:\/\/pavidecor.si\/hr\/proizvod\/tekstilna-kosara-za-kruh-kit-o20x12cm\/#breadcrumb","itemListElement":[{"@type":"ListItem","position":1,"name":"Domov","item":"https:\/\/pavidecor.si\/hr\/"},{"@type":"ListItem","position":2,"name":"Internetska trgovina","item":"https:\/\/pavidecor.si\/hr\/internetska-trgovina\/"},{"@type":"ListItem","position":3,"name":"Tekstilna ko\u0161ara za kruh kit \u00f820x12cm"}]},{"@type":"WebSite","@id":"https:\/\/pavidecor.si\/hr\/#website","url":"https:\/\/pavidecor.si\/hr\/","name":"Pavi Decor","description":"Leseni unikati ustvarjeni iz ljubezni do lesa in narave.","potentialAction":[{"@type":"SearchAction","target":{"@type":"EntryPoint","urlTemplate":"https:\/\/pavidecor.si\/hr\/?s={search_term_string}"},"query-input":{"@type":"PropertyValueSpecification","valueRequired":true,"valueName":"search_term_string"}}],"inLanguage":"hr"}]}},"_links":{"self":[{"href":"https:\/\/pavidecor.si\/hr\/wp-json\/wp\/v2\/product\/20401","targetHints":{"allow":["GET"]}}],"collection":[{"href":"https:\/\/pavidecor.si\/hr\/wp-json\/wp\/v2\/product"}],"about":[{"href":"https:\/\/pavidecor.si\/hr\/wp-json\/wp\/v2\/types\/product"}],"replies":[{"embeddable":true,"href":"https:\/\/pavidecor.si\/hr\/wp-json\/wp\/v2\/comments?post=20401"}],"wp:featuredmedia":[{"embeddable":true,"href":"https:\/\/pavidecor.si\/hr\/wp-json\/wp\/v2\/media\/20407"}],"wp:attachment":[{"href":"https:\/\/pavidecor.si\/hr\/wp-json\/wp\/v2\/media?parent=20401"}],"wp:term":[{"taxonomy":"product_brand","embeddable":true,"href":"https:\/\/pavidecor.si\/hr\/wp-json\/wp\/v2\/product_brand?post=20401"},{"taxonomy":"product_cat","embeddable":true,"href":"https:\/\/pavidecor.si\/hr\/wp-json\/wp\/v2\/product_cat?post=20401"},{"taxonomy":"product_tag","embeddable":true,"href":"https:\/\/pavidecor.si\/hr\/wp-json\/wp\/v2\/product_tag?post=20401"}],"curies":[{"name":"wp","href":"https:\/\/api.w.org\/{rel}","templated":true}]}}