	{"id":20105,"date":"2023-12-01T09:43:16","date_gmt":"2023-12-01T09:43:16","guid":{"rendered":"https:\/\/pavidecor.si\/product\/dekorativna-jedrilica-d3-56x50x4cm\/"},"modified":"2026-05-13T00:01:41","modified_gmt":"2026-05-13T00:01:41","slug":"dekorativna-jedrilica-d3-56x50x4cm","status":"publish","type":"product","link":"https:\/\/pavidecor.si\/hr\/proizvod\/dekorativna-jedrilica-d3-56x50x4cm\/","title":{"rendered":"Dekorativna jedrilica D3 56x50x4cm"},"content":{"rendered":"<p><span class=\"prvimanjsinaslovopis\"> Dekorativna jadrnica dvojambornica &#8211; Unikatni morski dekor za va\u0161 dom<\/p>\n<p><\/span><\/p>\n<h2><span class=\"odebeljenopis\"><strong><br \/>\nDekorativna jadrnica dvojambornica iz PAVIDECOR-a je savr\u0161eni dodatak za svaki prostor koji \u017eeli unijeti da\u0161ak morskog ugo\u0111aja. Ova jedinstvena dekoracija, izra\u0111ena od naplavljenog i recikliranog drva, donosi sje\u0107anja na more, sunce i vjetar. Svaka jadrnica je ru\u010dno ra\u0111ena, \u0161to je \u010dini pravim umjetni\u010dkim djelom.<\/p>\n<p><\/strong><\/span><\/h2>\n<\/p>\n<div class=\"row\">\n<div class=\"col-sm-6 \" style=\"margin-top: 30px;\"><center><img decoding=\"async\" src=\"data:image\/svg+xml,%3Csvg%20xmlns%3D%27http%3A%2F%2Fwww.w3.org%2F2000%2Fsvg%27%20width%3D%272318%27%20height%3D%272318%27%20viewBox%3D%270%200%202318%202318%27%3E%3Crect%20width%3D%272318%27%20height%3D%272318%27%20fill-opacity%3D%220%22%2F%3E%3C%2Fsvg%3E\" data-orig-src=\"https:\/\/pavidecor.si\/wp-content\/uploads\/2023\/12\/1IMG_8276a.jpg\" class=\"lazyload img-responsive\" style=\"margin: 0px auto;max-width:100%;\"  \/><\/center><\/div>\n<div class=\"col-sm-6\" style=\"margin-top:40px;\">\n<p><span style=\"color: #000000;\">  <\/p>\n<h3>Jedinstvena ru\u010dna izrada<\/h3>\n<p>Na\u0161a dekorativna jadrnica dvojambornica izra\u0111ena je s ljubavlju i pa\u017enjom prema detaljima. U PAVIDECOR-u, svaki proizvod je rezultat na\u0161eg vlastitog znanja i kreativnosti, a posebnost na\u0161ih drvenih proizvoda le\u017ei u <b>ru\u010dnoj izradi<\/b>. Ova jadrnica ne samo da je estetski privla\u010dna, ve\u0107 i autenti\u010dna, zahvaljuju\u0107i tradicionalnim tehnikama spajanja drvenih dijelova koje su koristili stari majstori. Ovaj na\u010din izrade osigurava da svaki komad ima svoj jedinstveni karakter i povijest, \u010dine\u0107i ga savr\u0161enim dodatkom za svaki dom.<\/p>\n<p>Na\u0161a jadrnica dolazi s nogicama koje omogu\u0107uju samostalno stajanje, \u0161to je \u010dini idealnom za izlaganje na policama, stolovima ili kao dio morskog ambijenta. Uz to, na va\u0161u \u017eelju, mo\u017eemo dodati i personalizirani otisak imena ili registracije, \u010dime \u0107ete dodatno obogatiti ovaj prekrasan komad. <\/p>\n<p><\/span><\/p>\n<\/div>\n<\/div>\n<div class=\"row\">\n<div class=\"col-sm-6 col-sm-push-6\" style=\"margin-top: 30px;\"><center><img decoding=\"async\" src=\"data:image\/svg+xml,%3Csvg%20xmlns%3D%27http%3A%2F%2Fwww.w3.org%2F2000%2Fsvg%27%20width%3D%271856%27%20height%3D%271856%27%20viewBox%3D%270%200%201856%201856%27%3E%3Crect%20width%3D%271856%27%20height%3D%271856%27%20fill-opacity%3D%220%22%2F%3E%3C%2Fsvg%3E\" data-orig-src=\" https:\/\/pavidecor.si\/wp-content\/uploads\/2023\/12\/2IMG_8277a.jpg\" class=\"lazyload img-responsive\" style=\"margin: 0px auto;max-width:100%;\"  \/><\/center><\/div>\n<div class=\"col-sm-6 col-sm-pull-6\" style=\"margin-top:40px;\">\n<p><span style=\"color: #000000;\">  <\/p>\n<h3>Ekolo\u0161ki prihvatljivi materijali<\/h3>\n<p>U PAVIDECOR-u, briga o prirodi i okoli\u0161u je jedan od na\u0161ih glavnih prioriteta. Na\u0161a dekorativna jadrnica izra\u0111ena je od <b>naplavljenog i recikliranog drva<\/b>, \u0161to zna\u010di da ne samo da doprinosi o\u010duvanju prirodnih resursa, ve\u0107 i donosi jedinstvenu estetiku svakom komadu. Ovaj materijal ne samo da je ekolo\u0161ki prihvatljiv, ve\u0107 i dodaje karakter i pri\u010du svakom proizvodu. <\/p>\n<p>Jadra jadrnice su izra\u0111ena od <b>bojanog pamu\u010dnog platna<\/b>, \u0161to dodatno nagla\u0161ava njezinu ljepotu i daje joj \u017eivahnost. Na vrhu jambora nalaze se zastavice koje dodatno doprinose morskom ugo\u0111aju. Ova jadrnica savr\u0161eno \u0107e se uklopiti u svaki interijer, bilo da se radi o modernom ili klasi\u010dnom stilu.<\/p>\n<p><\/span><\/p>\n<\/div>\n<\/div>\n<div class=\"row\">\n<div class=\"col-sm-6\" style=\"margin-top: 30px;\"><center><img decoding=\"async\" src=\"data:image\/svg+xml,%3Csvg%20xmlns%3D%27http%3A%2F%2Fwww.w3.org%2F2000%2Fsvg%27%20width%3D%272198%27%20height%3D%272198%27%20viewBox%3D%270%200%202198%202198%27%3E%3Crect%20width%3D%272198%27%20height%3D%272198%27%20fill-opacity%3D%220%22%2F%3E%3C%2Fsvg%3E\" data-orig-src=\" https:\/\/pavidecor.si\/wp-content\/uploads\/2023\/12\/3IMG_8279a.jpg\" class=\"lazyload img-responsive\" style=\"margin: 0px auto;max-width:100%;\"  \/><\/center><\/div>\n<div class=\"col-sm-6\" style=\"margin-top:40px;\">\n<p><span style=\"color: #000000;\">  <\/p>\n<h3>Specifikacije proizvoda<\/h3>\n<p>Dekorativna jadrnica dvojambornica je samostoje\u0107i dekorativni proizvod, izra\u0111en od naplavljenog i recikliranog drva. Jadra su napravljena od bojanog pamu\u010dnog platna, a na vrhu jambora su postavljene zastavice. Oblik jadrnice opona\u0161a tradicionalne dvojambornice koje su se koristile za prekomorska putovanja u pro\u0161lom stolje\u0107u. Ovaj prekrasan morski dekor uvijek \u0107e prizvati uspomene na more, sunce, vjetar i odmor. <\/p>\n<p>Svaka na\u0161a jadrnica je ru\u010dno izra\u0111ena i obojena, \u0161to je \u010dini unikatnom. Mo\u017eete je vidjeti i kao dio na\u0161eg morskog ambijenta, a na va\u0161u \u017eelju mo\u017eemo dodati i personalizirani otisak. Ova jadrnica je savr\u0161en poklon za sve ljubitelje mora i prirode.<\/p>\n<p>Meta Title: Dekorativna jadrnica dvojambornica &#8211; Unikatni morski dekor za va\u0161 dom<br \/>\n<\/span><\/p>\n<\/div>\n<\/div>\n<p><\/p>\n","protected":false},"excerpt":{"rendered":"<p><strong><span style=\"color: #c4963c;\">\u2192 Ru\u010dno<\/span><\/strong> <strong>izra\u0111ena<span style=\"color: #c4963c;\"><br \/>\n<\/span><span style=\"color: #c4963c;\">\u2192 jedinstvena<\/span><\/strong><\/p>\n","protected":false},"featured_media":20106,"comment_status":"open","ping_status":"closed","template":"","meta":[],"product_brand":[],"product_cat":[337],"product_tag":[218],"class_list":{"0":"post-20105","1":"product","2":"type-product","3":"status-publish","4":"has-post-thumbnail","6":"product_cat-brodovi","7":"product_tag-nov","9":"first","10":"instock","11":"sold-individually","12":"taxable","13":"shipping-taxable","14":"purchasable","15":"product-type-simple"},"yoast_head":"<!-- This site is optimized with the Yoast SEO plugin v27.2 - https:\/\/yoast.com\/product\/yoast-seo-wordpress\/ -->\n<title>Dekorativna jadrnica dvojambornica - Unikatni morski dekor za va\u0161 dom Meta Keywords: dekorativna jadrnica, dvojambornica, morski dekor, ru\u010dna izrada, reciklirano drvo, PAVIDECOR, unikatni proizvodi, ekolo\u0161ki prihvatljivi materijali, personalizacija, morski ambijent.<\/title>\n<meta name=\"description\" content=\"Dekorativna jedrilica s dva jarbola prekrasan je nauti\u010dki dekor izra\u0111en od naplavljenog drveta i recikliranog drva. Oslikana pamu\u010dna jedra imaju natpis, a jarbol ima zastave.\" \/>\n<meta name=\"robots\" content=\"index, follow, max-snippet:-1, max-image-preview:large, max-video-preview:-1\" \/>\n<link rel=\"canonical\" href=\"https:\/\/pavidecor.si\/hr\/proizvod\/dekorativna-jedrilica-d3-56x50x4cm\/\" \/>\n<meta property=\"og:locale\" content=\"hr_HR\" \/>\n<meta property=\"og:type\" content=\"article\" \/>\n<meta property=\"og:title\" content=\"Dekorativna jadrnica dvojambornica - Unikatni morski dekor za va\u0161 dom Meta Keywords: dekorativna jadrnica, dvojambornica, morski dekor, ru\u010dna izrada, reciklirano drvo, PAVIDECOR, unikatni proizvodi, ekolo\u0161ki prihvatljivi materijali, personalizacija, morski ambijent.\" \/>\n<meta property=\"og:description\" content=\"Dekorativna jedrilica s dva jarbola prekrasan je nauti\u010dki dekor izra\u0111en od naplavljenog drveta i recikliranog drva. Oslikana pamu\u010dna jedra imaju natpis, a jarbol ima zastave.\" \/>\n<meta property=\"og:url\" content=\"https:\/\/pavidecor.si\/hr\/proizvod\/dekorativna-jedrilica-d3-56x50x4cm\/\" \/>\n<meta property=\"og:site_name\" content=\"Pavi Decor\" \/>\n<meta property=\"article:modified_time\" content=\"2026-05-13T00:01:41+00:00\" \/>\n<meta property=\"og:image\" content=\"https:\/\/pavidecor.si\/wp-content\/uploads\/2023\/12\/1IMG_8276a.jpg\" \/>\n\t<meta property=\"og:image:width\" content=\"2318\" \/>\n\t<meta property=\"og:image:height\" content=\"2318\" \/>\n\t<meta property=\"og:image:type\" content=\"image\/jpeg\" \/>\n<meta name=\"twitter:card\" content=\"summary_large_image\" \/>\n<meta name=\"twitter:label1\" content=\"Procijenjeno vrijeme \u010ditanja\" \/>\n\t<meta name=\"twitter:data1\" content=\"2 minute\" \/>\n<script type=\"application\/ld+json\" class=\"yoast-schema-graph\">{\"@context\":\"https:\/\/schema.org\",\"@graph\":[{\"@type\":\"WebPage\",\"@id\":\"https:\/\/pavidecor.si\/hr\/proizvod\/dekorativna-jedrilica-d3-56x50x4cm\/\",\"url\":\"https:\/\/pavidecor.si\/hr\/proizvod\/dekorativna-jedrilica-d3-56x50x4cm\/\",\"name\":\"Dekorativna jadrnica dvojambornica - Unikatni morski dekor za va\u0161 dom Meta Keywords: dekorativna jadrnica, dvojambornica, morski dekor, ru\u010dna izrada, reciklirano drvo, PAVIDECOR, unikatni proizvodi, ekolo\u0161ki prihvatljivi materijali, personalizacija, morski ambijent.\",\"isPartOf\":{\"@id\":\"https:\/\/pavidecor.si\/hr\/#website\"},\"primaryImageOfPage\":{\"@id\":\"https:\/\/pavidecor.si\/hr\/proizvod\/dekorativna-jedrilica-d3-56x50x4cm\/#primaryimage\"},\"image\":{\"@id\":\"https:\/\/pavidecor.si\/hr\/proizvod\/dekorativna-jedrilica-d3-56x50x4cm\/#primaryimage\"},\"thumbnailUrl\":\"https:\/\/pavidecor.si\/wp-content\/uploads\/2023\/12\/1IMG_8276a.jpg\",\"datePublished\":\"2023-12-01T09:43:16+00:00\",\"dateModified\":\"2026-05-13T00:01:41+00:00\",\"description\":\"Dekorativna jedrilica s dva jarbola prekrasan je nauti\u010dki dekor izra\u0111en od naplavljenog drveta i recikliranog drva. Oslikana pamu\u010dna jedra imaju natpis, a jarbol ima zastave.\",\"breadcrumb\":{\"@id\":\"https:\/\/pavidecor.si\/hr\/proizvod\/dekorativna-jedrilica-d3-56x50x4cm\/#breadcrumb\"},\"inLanguage\":\"hr\",\"potentialAction\":[{\"@type\":\"ReadAction\",\"target\":[\"https:\/\/pavidecor.si\/hr\/proizvod\/dekorativna-jedrilica-d3-56x50x4cm\/\"]}]},{\"@type\":\"ImageObject\",\"inLanguage\":\"hr\",\"@id\":\"https:\/\/pavidecor.si\/hr\/proizvod\/dekorativna-jedrilica-d3-56x50x4cm\/#primaryimage\",\"url\":\"https:\/\/pavidecor.si\/wp-content\/uploads\/2023\/12\/1IMG_8276a.jpg\",\"contentUrl\":\"https:\/\/pavidecor.si\/wp-content\/uploads\/2023\/12\/1IMG_8276a.jpg\",\"width\":2318,\"height\":2318,\"caption\":\"PAVI DECOR\"},{\"@type\":\"BreadcrumbList\",\"@id\":\"https:\/\/pavidecor.si\/hr\/proizvod\/dekorativna-jedrilica-d3-56x50x4cm\/#breadcrumb\",\"itemListElement\":[{\"@type\":\"ListItem\",\"position\":1,\"name\":\"Domov\",\"item\":\"https:\/\/pavidecor.si\/hr\/\"},{\"@type\":\"ListItem\",\"position\":2,\"name\":\"Internetska trgovina\",\"item\":\"https:\/\/pavidecor.si\/hr\/internetska-trgovina\/\"},{\"@type\":\"ListItem\",\"position\":3,\"name\":\"Dekorativna jedrilica D3 56x50x4cm\"}]},{\"@type\":\"WebSite\",\"@id\":\"https:\/\/pavidecor.si\/hr\/#website\",\"url\":\"https:\/\/pavidecor.si\/hr\/\",\"name\":\"Pavi Decor\",\"description\":\"Leseni unikati ustvarjeni iz ljubezni do lesa in narave.\",\"potentialAction\":[{\"@type\":\"SearchAction\",\"target\":{\"@type\":\"EntryPoint\",\"urlTemplate\":\"https:\/\/pavidecor.si\/hr\/?s={search_term_string}\"},\"query-input\":{\"@type\":\"PropertyValueSpecification\",\"valueRequired\":true,\"valueName\":\"search_term_string\"}}],\"inLanguage\":\"hr\"}]}<\/script>\n<!-- \/ Yoast SEO plugin. -->","yoast_head_json":{"title":"Dekorativna jadrnica dvojambornica - Unikatni morski dekor za va\u0161 dom Meta Keywords: dekorativna jadrnica, dvojambornica, morski dekor, ru\u010dna izrada, reciklirano drvo, PAVIDECOR, unikatni proizvodi, ekolo\u0161ki prihvatljivi materijali, personalizacija, morski ambijent.","description":"Dekorativna jedrilica s dva jarbola prekrasan je nauti\u010dki dekor izra\u0111en od naplavljenog drveta i recikliranog drva. Oslikana pamu\u010dna jedra imaju natpis, a jarbol ima zastave.","robots":{"index":"index","follow":"follow","max-snippet":"max-snippet:-1","max-image-preview":"max-image-preview:large","max-video-preview":"max-video-preview:-1"},"canonical":"https:\/\/pavidecor.si\/hr\/proizvod\/dekorativna-jedrilica-d3-56x50x4cm\/","og_locale":"hr_HR","og_type":"article","og_title":"Dekorativna jadrnica dvojambornica - Unikatni morski dekor za va\u0161 dom Meta Keywords: dekorativna jadrnica, dvojambornica, morski dekor, ru\u010dna izrada, reciklirano drvo, PAVIDECOR, unikatni proizvodi, ekolo\u0161ki prihvatljivi materijali, personalizacija, morski ambijent.","og_description":"Dekorativna jedrilica s dva jarbola prekrasan je nauti\u010dki dekor izra\u0111en od naplavljenog drveta i recikliranog drva. Oslikana pamu\u010dna jedra imaju natpis, a jarbol ima zastave.","og_url":"https:\/\/pavidecor.si\/hr\/proizvod\/dekorativna-jedrilica-d3-56x50x4cm\/","og_site_name":"Pavi Decor","article_modified_time":"2026-05-13T00:01:41+00:00","og_image":[{"width":2318,"height":2318,"url":"https:\/\/pavidecor.si\/wp-content\/uploads\/2023\/12\/1IMG_8276a.jpg","type":"image\/jpeg"}],"twitter_card":"summary_large_image","twitter_misc":{"Procijenjeno vrijeme \u010ditanja":"2 minute"},"schema":{"@context":"https:\/\/schema.org","@graph":[{"@type":"WebPage","@id":"https:\/\/pavidecor.si\/hr\/proizvod\/dekorativna-jedrilica-d3-56x50x4cm\/","url":"https:\/\/pavidecor.si\/hr\/proizvod\/dekorativna-jedrilica-d3-56x50x4cm\/","name":"Dekorativna jadrnica dvojambornica - Unikatni morski dekor za va\u0161 dom Meta Keywords: dekorativna jadrnica, dvojambornica, morski dekor, ru\u010dna izrada, reciklirano drvo, PAVIDECOR, unikatni proizvodi, ekolo\u0161ki prihvatljivi materijali, personalizacija, morski ambijent.","isPartOf":{"@id":"https:\/\/pavidecor.si\/hr\/#website"},"primaryImageOfPage":{"@id":"https:\/\/pavidecor.si\/hr\/proizvod\/dekorativna-jedrilica-d3-56x50x4cm\/#primaryimage"},"image":{"@id":"https:\/\/pavidecor.si\/hr\/proizvod\/dekorativna-jedrilica-d3-56x50x4cm\/#primaryimage"},"thumbnailUrl":"https:\/\/pavidecor.si\/wp-content\/uploads\/2023\/12\/1IMG_8276a.jpg","datePublished":"2023-12-01T09:43:16+00:00","dateModified":"2026-05-13T00:01:41+00:00","description":"Dekorativna jedrilica s dva jarbola prekrasan je nauti\u010dki dekor izra\u0111en od naplavljenog drveta i recikliranog drva. Oslikana pamu\u010dna jedra imaju natpis, a jarbol ima zastave.","breadcrumb":{"@id":"https:\/\/pavidecor.si\/hr\/proizvod\/dekorativna-jedrilica-d3-56x50x4cm\/#breadcrumb"},"inLanguage":"hr","potentialAction":[{"@type":"ReadAction","target":["https:\/\/pavidecor.si\/hr\/proizvod\/dekorativna-jedrilica-d3-56x50x4cm\/"]}]},{"@type":"ImageObject","inLanguage":"hr","@id":"https:\/\/pavidecor.si\/hr\/proizvod\/dekorativna-jedrilica-d3-56x50x4cm\/#primaryimage","url":"https:\/\/pavidecor.si\/wp-content\/uploads\/2023\/12\/1IMG_8276a.jpg","contentUrl":"https:\/\/pavidecor.si\/wp-content\/uploads\/2023\/12\/1IMG_8276a.jpg","width":2318,"height":2318,"caption":"PAVI DECOR"},{"@type":"BreadcrumbList","@id":"https:\/\/pavidecor.si\/hr\/proizvod\/dekorativna-jedrilica-d3-56x50x4cm\/#breadcrumb","itemListElement":[{"@type":"ListItem","position":1,"name":"Domov","item":"https:\/\/pavidecor.si\/hr\/"},{"@type":"ListItem","position":2,"name":"Internetska trgovina","item":"https:\/\/pavidecor.si\/hr\/internetska-trgovina\/"},{"@type":"ListItem","position":3,"name":"Dekorativna jedrilica D3 56x50x4cm"}]},{"@type":"WebSite","@id":"https:\/\/pavidecor.si\/hr\/#website","url":"https:\/\/pavidecor.si\/hr\/","name":"Pavi Decor","description":"Leseni unikati ustvarjeni iz ljubezni do lesa in narave.","potentialAction":[{"@type":"SearchAction","target":{"@type":"EntryPoint","urlTemplate":"https:\/\/pavidecor.si\/hr\/?s={search_term_string}"},"query-input":{"@type":"PropertyValueSpecification","valueRequired":true,"valueName":"search_term_string"}}],"inLanguage":"hr"}]}},"_links":{"self":[{"href":"https:\/\/pavidecor.si\/hr\/wp-json\/wp\/v2\/product\/20105","targetHints":{"allow":["GET"]}}],"collection":[{"href":"https:\/\/pavidecor.si\/hr\/wp-json\/wp\/v2\/product"}],"about":[{"href":"https:\/\/pavidecor.si\/hr\/wp-json\/wp\/v2\/types\/product"}],"replies":[{"embeddable":true,"href":"https:\/\/pavidecor.si\/hr\/wp-json\/wp\/v2\/comments?post=20105"}],"wp:featuredmedia":[{"embeddable":true,"href":"https:\/\/pavidecor.si\/hr\/wp-json\/wp\/v2\/media\/20106"}],"wp:attachment":[{"href":"https:\/\/pavidecor.si\/hr\/wp-json\/wp\/v2\/media?parent=20105"}],"wp:term":[{"taxonomy":"product_brand","embeddable":true,"href":"https:\/\/pavidecor.si\/hr\/wp-json\/wp\/v2\/product_brand?post=20105"},{"taxonomy":"product_cat","embeddable":true,"href":"https:\/\/pavidecor.si\/hr\/wp-json\/wp\/v2\/product_cat?post=20105"},{"taxonomy":"product_tag","embeddable":true,"href":"https:\/\/pavidecor.si\/hr\/wp-json\/wp\/v2\/product_tag?post=20105"}],"curies":[{"name":"wp","href":"https:\/\/api.w.org\/{rel}","templated":true}]}}