	{"id":20101,"date":"2023-12-04T10:14:10","date_gmt":"2023-12-04T10:14:10","guid":{"rendered":"https:\/\/pavidecor.si\/product\/resetka-za-kamin-univerzalna-34x24x16cm\/"},"modified":"2026-04-25T13:42:14","modified_gmt":"2026-04-25T13:42:14","slug":"resetka-za-kamin-univerzal-metalni-stalak-za-ogrjev","status":"publish","type":"product","link":"https:\/\/pavidecor.si\/hr\/proizvod\/resetka-za-kamin-univerzal-metalni-stalak-za-ogrjev\/","title":{"rendered":"Re\u0161etka za kamin univerzal, stalak za ogrjev 35x25x17cm"},"content":{"rendered":"<p><span class=\"prvimanjsinaslovopis\"> Re\u0161etka za kamin univerzal &#8211; Savr\u0161eno rje\u0161enje za va\u0161e gorenje &#8211; Dimenzije 35x25x17cm<\/span><\/p>\n<p>&nbsp;<\/p>\n<h2><span class=\"odebeljenopis\"><strong> U\u017eivajte u toplini i udobnosti va\u0161eg doma uz na\u0161u univerzalnu re\u0161etku za kamin. Ova inovativna re\u0161etka ne samo da pobolj\u0161ava zra\u010dnost i gorenje drva, ve\u0107 i doprinosi estetskom izgledu va\u0161eg prostora. Izra\u0111ena s ljubavlju i pa\u017enjom, re\u0161etka je savr\u0161ena za svaki kamin ili lon\u010danu pe\u0107.<\/strong><\/span><\/h2>\n<p>&nbsp;<\/p>\n<div class=\"row\">\n<div class=\"col-sm-6 \" style=\"margin-top: 30px;\"><center><img decoding=\"async\" class=\"lazyload img-responsive\" style=\"margin: 0px auto; max-width: 100%;\" src=\"data:image\/svg+xml,%3Csvg%20xmlns%3D%27http%3A%2F%2Fwww.w3.org%2F2000%2Fsvg%27%20width%3D%271974%27%20height%3D%271974%27%20viewBox%3D%270%200%201974%201974%27%3E%3Crect%20width%3D%271974%27%20height%3D%271974%27%20fill-opacity%3D%220%22%2F%3E%3C%2Fsvg%3E\" data-orig-src=\"https:\/\/pavidecor.si\/wp-content\/uploads\/2023\/12\/1IMG_8331a.jpg\" \/><\/center><\/div>\n<div class=\"col-sm-6\" style=\"margin-top: 40px;\">\n<p>&nbsp;<\/p>\n<h3>Prednosti re\u0161etke za kamin<\/h3>\n<p>Re\u0161etka za kamin univerzal nudi brojne prednosti koje \u0107e unaprijediti va\u0161e iskustvo gorenja. <b>Osigurava optimalnu zra\u010dnost<\/b>, \u0161to omogu\u0107ava drvetu da gori ravnomjerno i efikasno. Ova re\u0161etka tako\u0111er poma\u017ee u odr\u017eavanju \u017eeravice na kupu ispod re\u0161etke, \u010dime se produ\u017eava vrijeme gorenja i smanjuje potreba za \u010destim dodavanjem drva. Uz to, re\u0161etka je izuzetno svestrana i mo\u017ee se koristiti ne samo u kaminima, ve\u0107 i u lon\u010danim pe\u0107ima, \u010dime se pove\u0107ava njena funkcionalnost.<\/p>\n<p>&nbsp;<\/p>\n<p>Dodatno, re\u0161etka mo\u017ee poslu\u017eiti kao <b>stalak za drva<\/b> ili kao nosa\u010d za butarice, \u0161to je \u010dini idealnim dodatkom za svaki prostor. Njena \u010dvrsta konstrukcija od \u017eeljeznih palica pre\u010dnika 12 x 12 mm osigurava dugotrajnost i otpornost na visoke temperature, \u0161to je \u010dini savr\u0161enim izborom za sve ljubitelje vatre i prirodnih materijala.<\/p>\n<p>&nbsp;<\/p>\n<\/div>\n<\/div>\n<div class=\"row\">\n<div class=\"col-sm-6 col-sm-push-6\" style=\"margin-top: 30px;\"><center><img decoding=\"async\" class=\"lazyload img-responsive\" style=\"margin: 0px auto; max-width: 100%;\" src=\"data:image\/svg+xml,%3Csvg%20xmlns%3D%27http%3A%2F%2Fwww.w3.org%2F2000%2Fsvg%27%20width%3D%271768%27%20height%3D%271768%27%20viewBox%3D%270%200%201768%201768%27%3E%3Crect%20width%3D%271768%27%20height%3D%271768%27%20fill-opacity%3D%220%22%2F%3E%3C%2Fsvg%3E\" data-orig-src=\" https:\/\/pavidecor.si\/wp-content\/uploads\/2023\/12\/2IMG_8332a.jpg\" \/><\/center><\/div>\n<div class=\"col-sm-6 col-sm-pull-6\" style=\"margin-top: 40px;\">\n<p>&nbsp;<\/p>\n<h3>Ru\u010dno izra\u0111eni proizvodi iz PAVI DECOR-a<\/h3>\n<p>U PAVI DECOR-u iz Ljubljane, svaki na\u0161 proizvod je rezultat <b>ljubavi prema drvetu i prirodi<\/b>. Na\u0161a re\u0161etka za kamin nije iznimka; izra\u0111ena je ru\u010dno s posebnom pa\u017enjom na detalje. Na\u0161i majstori koriste tradicionalne tehnike spajanja dijelova, \u0161to na\u0161im proizvodima daje autenti\u010dan izgled i osje\u0107aj. Ova ru\u010dna izrada ne samo da osigurava kvalitetu, ve\u0107 i \u010dini svaki komad jedinstvenim.<\/p>\n<p>&nbsp;<\/p>\n<p>Na\u0161a strast prema drvetu i prirodi odra\u017eava se u svakom aspektu na\u0161eg poslovanja. Svi na\u0161i proizvodi su plod vlastitog znanja i kreativnosti, a ponosni smo \u0161to mo\u017eemo re\u0107i da su svi na\u0161i proizvodi proizvedeni u Sloveniji. Odabirom na\u0161e re\u0161etke za kamin, ne samo da podr\u017eavate lokalnu proizvodnju, ve\u0107 i doprinosite <strong>o\u010duvanju tradicije ru\u010dne izrade<\/strong>.<\/p>\n<p>&nbsp;<\/p>\n<\/div>\n<\/div>\n<div class=\"row\">\n<div class=\"col-sm-6\" style=\"margin-top: 30px;\"><center><img decoding=\"async\" class=\"lazyload img-responsive\" style=\"margin: 0px auto; max-width: 100%;\" src=\"data:image\/svg+xml,%3Csvg%20xmlns%3D%27http%3A%2F%2Fwww.w3.org%2F2000%2Fsvg%27%20width%3D%271572%27%20height%3D%271572%27%20viewBox%3D%270%200%201572%201572%27%3E%3Crect%20width%3D%271572%27%20height%3D%271572%27%20fill-opacity%3D%220%22%2F%3E%3C%2Fsvg%3E\" data-orig-src=\" https:\/\/pavidecor.si\/wp-content\/uploads\/2023\/12\/3IMG_8333a.jpg\" \/><\/center><\/div>\n<div class=\"col-sm-6\" style=\"margin-top: 40px;\">\n<p>&nbsp;<\/p>\n<h3>Tehni\u010dke specifikacije<\/h3>\n<p>Re\u0161etka za kamin univerzal ima dimenzije koje su prilago\u0111ene za razli\u010dite tipove kamina i pe\u0107i. Izra\u0111ena je od <b>\u017eeljeznih palica<\/b><strong> s presjekom 12 x 12<\/strong> mm, \u0161to osigurava njenu \u010dvrsto\u0107u i dugotrajnost. Ova re\u0161etka je idealna za sve koji \u017eele pobolj\u0161ati efikasnost gorenja i u\u017eivati u toplini koju pru\u017ea kamin ili pe\u0107.<\/p>\n<p>&nbsp;<\/p>\n<p>Osim \u0161to je funkcionalna, re\u0161etka za kamin tako\u0111er <a href=\"https:\/\/pavidecor.si\/hr\/projects\/ruralni-ambijent\/\"><span style=\"color: #3366ff;\"><strong>dodaje estetsku vrijednost va\u0161em prostoru<\/strong><\/span><\/a>. Njena jednostavna, ali elegantna konstrukcija savr\u0161eno se uklapa u svaki interijer, \u010dine\u0107i je ne samo prakti\u010dnim, ve\u0107 i dekorativnim elementom. U\u017eivajte u udobnosti i toplini uz na\u0161u re\u0161etku za kamin, koja je savr\u0161ena za sve ljubitelje prirodnih materijala i ru\u010dne izrade.<\/p>\n<\/div>\n<\/div>\n<p>&nbsp;<\/p>\n","protected":false},"excerpt":{"rendered":"<p><strong><span style=\"color: #c4963c;\">Sve dimenzije:<br \/>\n\u2192 <a href=\"\/hr\/proizvod\/mini-resetka-za-kamin\/\"><span style=\"color: #3366ff;\">35x19x12cm<\/span><\/a><br \/>\n\u2192 <a href=\"\/hr\/proizvod\/resetka-za-kamin-univerzal-metalni-stalak-za-ogrjev\/\"><span style=\"color: #3366ff;\">35x25x17cm<\/span><\/a><br \/>\n\u2192 <a href=\"\/hr\/proizvod\/stalak-za-drva-resetka-za-kamin-35x35x12cm\/\"><span style=\"color: #3366ff;\">35x35x12cm<\/span><\/a><br \/>\n\u2192 <a href=\"\/hr\/proizvod\/nosac-za-drva-za-kamin-i-pec-na-drva-41x35x12cm\/\"><span style=\"color: #3366ff;\">41x35x12cm<\/span><\/a><br \/>\n\u2192 <a href=\"\/hr\/proizvod\/resetka-za-kamin-xl-stalak-za-trupce-pored-kamina\/\"><span style=\"color: #3366ff;\">44x35x17cm<\/span><\/a><\/span><\/strong><\/p>\n","protected":false},"featured_media":20102,"comment_status":"open","ping_status":"closed","template":"","meta":[],"product_brand":[],"product_cat":[435],"product_tag":[218],"class_list":{"0":"post-20101","1":"product","2":"type-product","3":"status-publish","4":"has-post-thumbnail","6":"product_cat-resetke-za-kamine-hr","7":"product_tag-nov","9":"first","10":"instock","11":"taxable","12":"shipping-taxable","13":"purchasable","14":"product-type-simple"},"yoast_head":"<!-- This site is optimized with the Yoast SEO plugin v27.2 - https:\/\/yoast.com\/product\/yoast-seo-wordpress\/ -->\n<title>Re\u0161etka za kamin univerzal - Metalni stalak za ogrjev uz kamin<\/title>\n<meta name=\"description\" content=\"Re\u0161etka za kamin univerzal postavlja se u kamin i na nju se stavlja drva radi boljeg sagorijevanja. Tako\u0111er je koristna kao postolje za drva pored kamina.\" \/>\n<meta name=\"robots\" content=\"index, follow, max-snippet:-1, max-image-preview:large, max-video-preview:-1\" \/>\n<link rel=\"canonical\" href=\"https:\/\/pavidecor.si\/hr\/proizvod\/resetka-za-kamin-univerzal-metalni-stalak-za-ogrjev\/\" \/>\n<meta property=\"og:locale\" content=\"hr_HR\" \/>\n<meta property=\"og:type\" content=\"article\" \/>\n<meta property=\"og:title\" content=\"Re\u0161etka za kamin univerzal - Metalni stalak za ogrjev uz kamin\" \/>\n<meta property=\"og:description\" content=\"Re\u0161etka za kamin univerzal postavlja se u kamin i na nju se stavlja drva radi boljeg sagorijevanja. Tako\u0111er je koristna kao postolje za drva pored kamina.\" \/>\n<meta property=\"og:url\" content=\"https:\/\/pavidecor.si\/hr\/proizvod\/resetka-za-kamin-univerzal-metalni-stalak-za-ogrjev\/\" \/>\n<meta property=\"og:site_name\" content=\"Pavi Decor\" \/>\n<meta property=\"article:modified_time\" content=\"2026-04-25T13:42:14+00:00\" \/>\n<meta property=\"og:image\" content=\"https:\/\/pavidecor.si\/wp-content\/uploads\/2023\/12\/1IMG_8331a.jpg\" \/>\n\t<meta property=\"og:image:width\" content=\"1974\" \/>\n\t<meta property=\"og:image:height\" content=\"1974\" \/>\n\t<meta property=\"og:image:type\" content=\"image\/jpeg\" \/>\n<meta name=\"twitter:card\" content=\"summary_large_image\" \/>\n<meta name=\"twitter:label1\" content=\"Procijenjeno vrijeme \u010ditanja\" \/>\n\t<meta name=\"twitter:data1\" content=\"4 minute\" \/>\n<script type=\"application\/ld+json\" class=\"yoast-schema-graph\">{\"@context\":\"https:\/\/schema.org\",\"@graph\":[{\"@type\":\"WebPage\",\"@id\":\"https:\/\/pavidecor.si\/hr\/proizvod\/resetka-za-kamin-univerzal-metalni-stalak-za-ogrjev\/\",\"url\":\"https:\/\/pavidecor.si\/hr\/proizvod\/resetka-za-kamin-univerzal-metalni-stalak-za-ogrjev\/\",\"name\":\"Re\u0161etka za kamin univerzal - Metalni stalak za ogrjev uz kamin\",\"isPartOf\":{\"@id\":\"https:\/\/pavidecor.si\/hr\/#website\"},\"primaryImageOfPage\":{\"@id\":\"https:\/\/pavidecor.si\/hr\/proizvod\/resetka-za-kamin-univerzal-metalni-stalak-za-ogrjev\/#primaryimage\"},\"image\":{\"@id\":\"https:\/\/pavidecor.si\/hr\/proizvod\/resetka-za-kamin-univerzal-metalni-stalak-za-ogrjev\/#primaryimage\"},\"thumbnailUrl\":\"https:\/\/pavidecor.si\/wp-content\/uploads\/2023\/12\/1IMG_8331a.jpg\",\"datePublished\":\"2023-12-04T10:14:10+00:00\",\"dateModified\":\"2026-04-25T13:42:14+00:00\",\"description\":\"Re\u0161etka za kamin univerzal postavlja se u kamin i na nju se stavlja drva radi boljeg sagorijevanja. Tako\u0111er je koristna kao postolje za drva pored kamina.\",\"breadcrumb\":{\"@id\":\"https:\/\/pavidecor.si\/hr\/proizvod\/resetka-za-kamin-univerzal-metalni-stalak-za-ogrjev\/#breadcrumb\"},\"inLanguage\":\"hr\",\"potentialAction\":[{\"@type\":\"ReadAction\",\"target\":[\"https:\/\/pavidecor.si\/hr\/proizvod\/resetka-za-kamin-univerzal-metalni-stalak-za-ogrjev\/\"]}]},{\"@type\":\"ImageObject\",\"inLanguage\":\"hr\",\"@id\":\"https:\/\/pavidecor.si\/hr\/proizvod\/resetka-za-kamin-univerzal-metalni-stalak-za-ogrjev\/#primaryimage\",\"url\":\"https:\/\/pavidecor.si\/wp-content\/uploads\/2023\/12\/1IMG_8331a.jpg\",\"contentUrl\":\"https:\/\/pavidecor.si\/wp-content\/uploads\/2023\/12\/1IMG_8331a.jpg\",\"width\":1974,\"height\":1974,\"caption\":\"PAVI DECOR\"},{\"@type\":\"BreadcrumbList\",\"@id\":\"https:\/\/pavidecor.si\/hr\/proizvod\/resetka-za-kamin-univerzal-metalni-stalak-za-ogrjev\/#breadcrumb\",\"itemListElement\":[{\"@type\":\"ListItem\",\"position\":1,\"name\":\"Domov\",\"item\":\"https:\/\/pavidecor.si\/hr\/\"},{\"@type\":\"ListItem\",\"position\":2,\"name\":\"Internetska trgovina\",\"item\":\"https:\/\/pavidecor.si\/hr\/internetska-trgovina\/\"},{\"@type\":\"ListItem\",\"position\":3,\"name\":\"Re\u0161etka za kamin univerzal, stalak za ogrjev 35x25x17cm\"}]},{\"@type\":\"WebSite\",\"@id\":\"https:\/\/pavidecor.si\/hr\/#website\",\"url\":\"https:\/\/pavidecor.si\/hr\/\",\"name\":\"Pavi Decor\",\"description\":\"Leseni unikati ustvarjeni iz ljubezni do lesa in narave.\",\"potentialAction\":[{\"@type\":\"SearchAction\",\"target\":{\"@type\":\"EntryPoint\",\"urlTemplate\":\"https:\/\/pavidecor.si\/hr\/?s={search_term_string}\"},\"query-input\":{\"@type\":\"PropertyValueSpecification\",\"valueRequired\":true,\"valueName\":\"search_term_string\"}}],\"inLanguage\":\"hr\"}]}<\/script>\n<!-- \/ Yoast SEO plugin. -->","yoast_head_json":{"title":"Re\u0161etka za kamin univerzal - Metalni stalak za ogrjev uz kamin","description":"Re\u0161etka za kamin univerzal postavlja se u kamin i na nju se stavlja drva radi boljeg sagorijevanja. Tako\u0111er je koristna kao postolje za drva pored kamina.","robots":{"index":"index","follow":"follow","max-snippet":"max-snippet:-1","max-image-preview":"max-image-preview:large","max-video-preview":"max-video-preview:-1"},"canonical":"https:\/\/pavidecor.si\/hr\/proizvod\/resetka-za-kamin-univerzal-metalni-stalak-za-ogrjev\/","og_locale":"hr_HR","og_type":"article","og_title":"Re\u0161etka za kamin univerzal - Metalni stalak za ogrjev uz kamin","og_description":"Re\u0161etka za kamin univerzal postavlja se u kamin i na nju se stavlja drva radi boljeg sagorijevanja. Tako\u0111er je koristna kao postolje za drva pored kamina.","og_url":"https:\/\/pavidecor.si\/hr\/proizvod\/resetka-za-kamin-univerzal-metalni-stalak-za-ogrjev\/","og_site_name":"Pavi Decor","article_modified_time":"2026-04-25T13:42:14+00:00","og_image":[{"width":1974,"height":1974,"url":"https:\/\/pavidecor.si\/wp-content\/uploads\/2023\/12\/1IMG_8331a.jpg","type":"image\/jpeg"}],"twitter_card":"summary_large_image","twitter_misc":{"Procijenjeno vrijeme \u010ditanja":"4 minute"},"schema":{"@context":"https:\/\/schema.org","@graph":[{"@type":"WebPage","@id":"https:\/\/pavidecor.si\/hr\/proizvod\/resetka-za-kamin-univerzal-metalni-stalak-za-ogrjev\/","url":"https:\/\/pavidecor.si\/hr\/proizvod\/resetka-za-kamin-univerzal-metalni-stalak-za-ogrjev\/","name":"Re\u0161etka za kamin univerzal - Metalni stalak za ogrjev uz kamin","isPartOf":{"@id":"https:\/\/pavidecor.si\/hr\/#website"},"primaryImageOfPage":{"@id":"https:\/\/pavidecor.si\/hr\/proizvod\/resetka-za-kamin-univerzal-metalni-stalak-za-ogrjev\/#primaryimage"},"image":{"@id":"https:\/\/pavidecor.si\/hr\/proizvod\/resetka-za-kamin-univerzal-metalni-stalak-za-ogrjev\/#primaryimage"},"thumbnailUrl":"https:\/\/pavidecor.si\/wp-content\/uploads\/2023\/12\/1IMG_8331a.jpg","datePublished":"2023-12-04T10:14:10+00:00","dateModified":"2026-04-25T13:42:14+00:00","description":"Re\u0161etka za kamin univerzal postavlja se u kamin i na nju se stavlja drva radi boljeg sagorijevanja. Tako\u0111er je koristna kao postolje za drva pored kamina.","breadcrumb":{"@id":"https:\/\/pavidecor.si\/hr\/proizvod\/resetka-za-kamin-univerzal-metalni-stalak-za-ogrjev\/#breadcrumb"},"inLanguage":"hr","potentialAction":[{"@type":"ReadAction","target":["https:\/\/pavidecor.si\/hr\/proizvod\/resetka-za-kamin-univerzal-metalni-stalak-za-ogrjev\/"]}]},{"@type":"ImageObject","inLanguage":"hr","@id":"https:\/\/pavidecor.si\/hr\/proizvod\/resetka-za-kamin-univerzal-metalni-stalak-za-ogrjev\/#primaryimage","url":"https:\/\/pavidecor.si\/wp-content\/uploads\/2023\/12\/1IMG_8331a.jpg","contentUrl":"https:\/\/pavidecor.si\/wp-content\/uploads\/2023\/12\/1IMG_8331a.jpg","width":1974,"height":1974,"caption":"PAVI DECOR"},{"@type":"BreadcrumbList","@id":"https:\/\/pavidecor.si\/hr\/proizvod\/resetka-za-kamin-univerzal-metalni-stalak-za-ogrjev\/#breadcrumb","itemListElement":[{"@type":"ListItem","position":1,"name":"Domov","item":"https:\/\/pavidecor.si\/hr\/"},{"@type":"ListItem","position":2,"name":"Internetska trgovina","item":"https:\/\/pavidecor.si\/hr\/internetska-trgovina\/"},{"@type":"ListItem","position":3,"name":"Re\u0161etka za kamin univerzal, stalak za ogrjev 35x25x17cm"}]},{"@type":"WebSite","@id":"https:\/\/pavidecor.si\/hr\/#website","url":"https:\/\/pavidecor.si\/hr\/","name":"Pavi Decor","description":"Leseni unikati ustvarjeni iz ljubezni do lesa in narave.","potentialAction":[{"@type":"SearchAction","target":{"@type":"EntryPoint","urlTemplate":"https:\/\/pavidecor.si\/hr\/?s={search_term_string}"},"query-input":{"@type":"PropertyValueSpecification","valueRequired":true,"valueName":"search_term_string"}}],"inLanguage":"hr"}]}},"_links":{"self":[{"href":"https:\/\/pavidecor.si\/hr\/wp-json\/wp\/v2\/product\/20101","targetHints":{"allow":["GET"]}}],"collection":[{"href":"https:\/\/pavidecor.si\/hr\/wp-json\/wp\/v2\/product"}],"about":[{"href":"https:\/\/pavidecor.si\/hr\/wp-json\/wp\/v2\/types\/product"}],"replies":[{"embeddable":true,"href":"https:\/\/pavidecor.si\/hr\/wp-json\/wp\/v2\/comments?post=20101"}],"wp:featuredmedia":[{"embeddable":true,"href":"https:\/\/pavidecor.si\/hr\/wp-json\/wp\/v2\/media\/20102"}],"wp:attachment":[{"href":"https:\/\/pavidecor.si\/hr\/wp-json\/wp\/v2\/media?parent=20101"}],"wp:term":[{"taxonomy":"product_brand","embeddable":true,"href":"https:\/\/pavidecor.si\/hr\/wp-json\/wp\/v2\/product_brand?post=20101"},{"taxonomy":"product_cat","embeddable":true,"href":"https:\/\/pavidecor.si\/hr\/wp-json\/wp\/v2\/product_cat?post=20101"},{"taxonomy":"product_tag","embeddable":true,"href":"https:\/\/pavidecor.si\/hr\/wp-json\/wp\/v2\/product_tag?post=20101"}],"curies":[{"name":"wp","href":"https:\/\/api.w.org\/{rel}","templated":true}]}}