	{"id":20071,"date":"2023-12-01T10:55:53","date_gmt":"2023-12-01T10:55:53","guid":{"rendered":"https:\/\/pavidecor.si\/product\/dekorativna-jedrilica-pd-48x385x3cm\/"},"modified":"2026-04-23T01:01:38","modified_gmt":"2026-04-23T01:01:38","slug":"dekorativna-jedrilica-pd-48x385x3cm","status":"publish","type":"product","link":"https:\/\/pavidecor.si\/hr\/proizvod\/dekorativna-jedrilica-pd-48x385x3cm\/","title":{"rendered":"Dekorativna jedrilica PD 48&#215;38,5x3cm"},"content":{"rendered":"<p><span class=\"prvimanjsinaslovopis\"> Dekorativna jedrilica &#8211; Drvena zidna dekoracija koja donosi duh mora<\/span><\/p>\n<p>&nbsp;<\/p>\n<h2><span class=\"odebeljenopis\"><strong> U\u017eivajte u \u010daroliji mora s na\u0161om dekorativnom jedrilicom, savr\u0161enim dodatkom za svaki prostor. Ova jedinstvena zidna dekoracija izra\u0111ena je od naplavljenog i recikliranog drva, a svaki komad nosi pri\u010du o prirodi i tradiciji. S ljubavlju izra\u0111ena u Sloveniji, jedrilica \u0107e unijeti toplinu i autenti\u010dnost u va\u0161 dom.<\/strong><\/span><\/h2>\n<p>&nbsp;<\/p>\n<div class=\"row\">\n<div class=\"col-sm-6 \" style=\"margin-top: 30px;\"><center><img decoding=\"async\" class=\"lazyload img-responsive\" style=\"margin: 0px auto; max-width: 100%;\" src=\"data:image\/svg+xml,%3Csvg%20xmlns%3D%27http%3A%2F%2Fwww.w3.org%2F2000%2Fsvg%27%20width%3D%272424%27%20height%3D%272424%27%20viewBox%3D%270%200%202424%202424%27%3E%3Crect%20width%3D%272424%27%20height%3D%272424%27%20fill-opacity%3D%220%22%2F%3E%3C%2Fsvg%3E\" data-orig-src=\"https:\/\/pavidecor.si\/wp-content\/uploads\/2023\/12\/1IMG_8302a.jpg\" \/><\/center><\/div>\n<div class=\"col-sm-6\" style=\"margin-top: 40px;\">\n<p>&nbsp;<\/p>\n<h3>Jedinstvena ru\u010dna izrada<\/h3>\n<p>Na\u0161a dekorativna jedrilica rezultat je strastvene ru\u010dne izrade, koja se temelji na tradicionalnim tehnikama spajanja drvenih dijelova. U PAVI DECOR-u iz Ljubljane, svaki proizvod nastaje s ljubavlju prema drvetu i prirodi.<\/p>\n<p>&nbsp;<\/p>\n<p>Ova jedrilica ne samo da je estetski privla\u010dna, ve\u0107 i funkcionalna. Jedra su izra\u0111ena od obojene pamu\u010dne tkanine, \u0161to dodatno <strong>nagla\u0161ava njezin morski karakter<\/strong>. Na vrhu jarbola nalazi se zastavica koja simbolizira slobodu i avanturu. Ova dekoracija savr\u0161eno \u0107e se uklopiti u svaki interijer, donose\u0107i da\u0161ak mediteranskog stila.<\/p>\n<p>&nbsp;<\/p>\n<\/div>\n<\/div>\n<div class=\"row\">\n<div class=\"col-sm-6 col-sm-push-6\" style=\"margin-top: 30px;\"><center><img decoding=\"async\" class=\"lazyload img-responsive\" style=\"margin: 0px auto; max-width: 100%;\" src=\"data:image\/svg+xml,%3Csvg%20xmlns%3D%27http%3A%2F%2Fwww.w3.org%2F2000%2Fsvg%27%20width%3D%272560%27%20height%3D%272560%27%20viewBox%3D%270%200%202560%202560%27%3E%3Crect%20width%3D%272560%27%20height%3D%272560%27%20fill-opacity%3D%220%22%2F%3E%3C%2Fsvg%3E\" data-orig-src=\" https:\/\/pavidecor.si\/wp-content\/uploads\/2023\/12\/2IMG_8304a-scaled.jpg\" \/><\/center><\/div>\n<div class=\"col-sm-6 col-sm-pull-6\" style=\"margin-top: 40px;\">\n<p>&nbsp;<\/p>\n<h3>Autenti\u010dnost i tradicija<\/h3>\n<p>Svaka jedrilica je unikat, \u0161to zna\u010di da ne postoje dva identi\u010dna komada. Na\u0161a posve\u0107enost detaljima i kvaliteti osigurava da svaki proizvod bude pravi umjetni\u010dki rad. S obzirom na to da su na\u0161i proizvodi izra\u0111eni od recikliranog drva, pridonosimo o\u010duvanju okoli\u0161a i odr\u017eivom razvoju.<\/p>\n<p>&nbsp;<\/p>\n<p>Ova jedrilica ne samo da \u0107e obogatiti va\u0161 prostor, ve\u0107 \u0107e i potaknuti razgovore o va\u017enosti o\u010duvanja prirode. Na va\u0161u \u017eelju, mo\u017eemo <strong>dodati i personalizirane elemente<\/strong> poput imena ili registracije, \u010dime \u0107ete dodatno naglasiti svoju jedinstvenost.<\/p>\n<p>&nbsp;<\/p>\n<\/div>\n<\/div>\n<div class=\"row\">\n<div class=\"col-sm-6\" style=\"margin-top: 30px;\"><center><img decoding=\"async\" class=\"lazyload img-responsive\" style=\"margin: 0px auto; max-width: 100%;\" src=\"data:image\/svg+xml,%3Csvg%20xmlns%3D%27http%3A%2F%2Fwww.w3.org%2F2000%2Fsvg%27%20width%3D%272256%27%20height%3D%272256%27%20viewBox%3D%270%200%202256%202256%27%3E%3Crect%20width%3D%272256%27%20height%3D%272256%27%20fill-opacity%3D%220%22%2F%3E%3C%2Fsvg%3E\" data-orig-src=\" https:\/\/pavidecor.si\/wp-content\/uploads\/2023\/12\/3IMG_8305a.jpg\" \/><\/center><\/div>\n<div class=\"col-sm-6\" style=\"margin-top: 40px;\">\n<p>&nbsp;<\/p>\n<h3>Specifikacije proizvoda<\/h3>\n<p>Dekorativna jedrilica je zidna dekoracija izra\u0111ena od naplavljenog i recikliranog drva. Jedra su izra\u0111ena od obojene pamu\u010dne tkanine, a na vrhu jarbola nalazi se zastavica. Oblik jadrnice opona\u0161a tradicionalne ribarske jedrilice, a njezina uska forma \u010dini je savr\u0161enim morskim dekorom koji uvijek priziva uspomene na more, sunce, vjetar i odmor.<\/p>\n<p>&nbsp;<\/p>\n<p>Svaka jedrilica je ru\u010dno izra\u0111ena i obojena, \u0161to je \u010dini unikatnom. Neke jedrilice mo\u017eete vidjeti i kao dio na\u0161eg <a href=\"https:\/\/pavidecor.si\/hr\/projects\/bar-na-plazi\/\"><span style=\"color: #3366ff;\"><strong>pla\u017enog bara<\/strong><\/span><\/a>. Ova dekoracija donosi toplinu i duh mora u svaki dom, a uz mogu\u0107nost personalizacije, postaje savr\u0161en poklon za sve ljubitelje prirode i mora.<\/p>\n<\/div>\n<\/div>\n<p>&nbsp;<\/p>\n","protected":false},"excerpt":{"rendered":"<p><strong><span style=\"color: #c4963c;\">\u2192 Ru\u010dno izra\u0111ena<\/span><\/strong><strong><span style=\"color: #c4963c;\"><br \/>\n<\/span><span style=\"color: #c4963c;\">\u2192 Jedinstvena<\/span><\/strong><\/p>\n","protected":false},"featured_media":20073,"comment_status":"open","ping_status":"closed","template":"","meta":[],"product_brand":[],"product_cat":[337],"product_tag":[218],"class_list":{"0":"post-20071","1":"product","2":"type-product","3":"status-publish","4":"has-post-thumbnail","6":"product_cat-brodovi","7":"product_tag-nov","9":"first","10":"instock","11":"sold-individually","12":"taxable","13":"shipping-taxable","14":"purchasable","15":"product-type-simple"},"yoast_head":"<!-- This site is optimized with the Yoast SEO plugin v27.2 - https:\/\/yoast.com\/product\/yoast-seo-wordpress\/ -->\n<title>Dekorativna jedrilica - Unikatan zidni ukras koji donosi duh mora<\/title>\n<meta name=\"description\" content=\"Dekorativna jedrilica prekrasan je nauti\u010dki dekor izra\u0111en od naplavljenog drveta i recikliranog drva. Ima obojena pamu\u010dna jedra i zastavicu na jarbolu.\" \/>\n<meta name=\"robots\" content=\"index, follow, max-snippet:-1, max-image-preview:large, max-video-preview:-1\" \/>\n<link rel=\"canonical\" href=\"https:\/\/pavidecor.si\/hr\/proizvod\/dekorativna-jedrilica-pd-48x385x3cm\/\" \/>\n<meta property=\"og:locale\" content=\"hr_HR\" \/>\n<meta property=\"og:type\" content=\"article\" \/>\n<meta property=\"og:title\" content=\"Dekorativna jedrilica - Unikatan zidni ukras koji donosi duh mora\" \/>\n<meta property=\"og:description\" content=\"Dekorativna jedrilica prekrasan je nauti\u010dki dekor izra\u0111en od naplavljenog drveta i recikliranog drva. Ima obojena pamu\u010dna jedra i zastavicu na jarbolu.\" \/>\n<meta property=\"og:url\" content=\"https:\/\/pavidecor.si\/hr\/proizvod\/dekorativna-jedrilica-pd-48x385x3cm\/\" \/>\n<meta property=\"og:site_name\" content=\"Pavi Decor\" \/>\n<meta property=\"article:modified_time\" content=\"2026-04-23T01:01:38+00:00\" \/>\n<meta property=\"og:image\" content=\"https:\/\/pavidecor.si\/wp-content\/uploads\/2023\/12\/1IMG_8302a.jpg\" \/>\n\t<meta property=\"og:image:width\" content=\"2424\" \/>\n\t<meta property=\"og:image:height\" content=\"2424\" \/>\n\t<meta property=\"og:image:type\" content=\"image\/jpeg\" \/>\n<meta name=\"twitter:card\" content=\"summary_large_image\" \/>\n<meta name=\"twitter:label1\" content=\"Procijenjeno vrijeme \u010ditanja\" \/>\n\t<meta name=\"twitter:data1\" content=\"3 minute\" \/>\n<script type=\"application\/ld+json\" class=\"yoast-schema-graph\">{\"@context\":\"https:\/\/schema.org\",\"@graph\":[{\"@type\":\"WebPage\",\"@id\":\"https:\/\/pavidecor.si\/hr\/proizvod\/dekorativna-jedrilica-pd-48x385x3cm\/\",\"url\":\"https:\/\/pavidecor.si\/hr\/proizvod\/dekorativna-jedrilica-pd-48x385x3cm\/\",\"name\":\"Dekorativna jedrilica - Unikatan zidni ukras koji donosi duh mora\",\"isPartOf\":{\"@id\":\"https:\/\/pavidecor.si\/hr\/#website\"},\"primaryImageOfPage\":{\"@id\":\"https:\/\/pavidecor.si\/hr\/proizvod\/dekorativna-jedrilica-pd-48x385x3cm\/#primaryimage\"},\"image\":{\"@id\":\"https:\/\/pavidecor.si\/hr\/proizvod\/dekorativna-jedrilica-pd-48x385x3cm\/#primaryimage\"},\"thumbnailUrl\":\"https:\/\/pavidecor.si\/wp-content\/uploads\/2023\/12\/1IMG_8302a.jpg\",\"datePublished\":\"2023-12-01T10:55:53+00:00\",\"dateModified\":\"2026-04-23T01:01:38+00:00\",\"description\":\"Dekorativna jedrilica prekrasan je nauti\u010dki dekor izra\u0111en od naplavljenog drveta i recikliranog drva. Ima obojena pamu\u010dna jedra i zastavicu na jarbolu.\",\"breadcrumb\":{\"@id\":\"https:\/\/pavidecor.si\/hr\/proizvod\/dekorativna-jedrilica-pd-48x385x3cm\/#breadcrumb\"},\"inLanguage\":\"hr\",\"potentialAction\":[{\"@type\":\"ReadAction\",\"target\":[\"https:\/\/pavidecor.si\/hr\/proizvod\/dekorativna-jedrilica-pd-48x385x3cm\/\"]}]},{\"@type\":\"ImageObject\",\"inLanguage\":\"hr\",\"@id\":\"https:\/\/pavidecor.si\/hr\/proizvod\/dekorativna-jedrilica-pd-48x385x3cm\/#primaryimage\",\"url\":\"https:\/\/pavidecor.si\/wp-content\/uploads\/2023\/12\/1IMG_8302a.jpg\",\"contentUrl\":\"https:\/\/pavidecor.si\/wp-content\/uploads\/2023\/12\/1IMG_8302a.jpg\",\"width\":2424,\"height\":2424,\"caption\":\"PAVI DECOR\"},{\"@type\":\"BreadcrumbList\",\"@id\":\"https:\/\/pavidecor.si\/hr\/proizvod\/dekorativna-jedrilica-pd-48x385x3cm\/#breadcrumb\",\"itemListElement\":[{\"@type\":\"ListItem\",\"position\":1,\"name\":\"Domov\",\"item\":\"https:\/\/pavidecor.si\/hr\/\"},{\"@type\":\"ListItem\",\"position\":2,\"name\":\"Internetska trgovina\",\"item\":\"https:\/\/pavidecor.si\/hr\/internetska-trgovina\/\"},{\"@type\":\"ListItem\",\"position\":3,\"name\":\"Dekorativna jedrilica PD 48&#215;38,5x3cm\"}]},{\"@type\":\"WebSite\",\"@id\":\"https:\/\/pavidecor.si\/hr\/#website\",\"url\":\"https:\/\/pavidecor.si\/hr\/\",\"name\":\"Pavi Decor\",\"description\":\"Leseni unikati ustvarjeni iz ljubezni do lesa in narave.\",\"potentialAction\":[{\"@type\":\"SearchAction\",\"target\":{\"@type\":\"EntryPoint\",\"urlTemplate\":\"https:\/\/pavidecor.si\/hr\/?s={search_term_string}\"},\"query-input\":{\"@type\":\"PropertyValueSpecification\",\"valueRequired\":true,\"valueName\":\"search_term_string\"}}],\"inLanguage\":\"hr\"}]}<\/script>\n<!-- \/ Yoast SEO plugin. -->","yoast_head_json":{"title":"Dekorativna jedrilica - Unikatan zidni ukras koji donosi duh mora","description":"Dekorativna jedrilica prekrasan je nauti\u010dki dekor izra\u0111en od naplavljenog drveta i recikliranog drva. Ima obojena pamu\u010dna jedra i zastavicu na jarbolu.","robots":{"index":"index","follow":"follow","max-snippet":"max-snippet:-1","max-image-preview":"max-image-preview:large","max-video-preview":"max-video-preview:-1"},"canonical":"https:\/\/pavidecor.si\/hr\/proizvod\/dekorativna-jedrilica-pd-48x385x3cm\/","og_locale":"hr_HR","og_type":"article","og_title":"Dekorativna jedrilica - Unikatan zidni ukras koji donosi duh mora","og_description":"Dekorativna jedrilica prekrasan je nauti\u010dki dekor izra\u0111en od naplavljenog drveta i recikliranog drva. Ima obojena pamu\u010dna jedra i zastavicu na jarbolu.","og_url":"https:\/\/pavidecor.si\/hr\/proizvod\/dekorativna-jedrilica-pd-48x385x3cm\/","og_site_name":"Pavi Decor","article_modified_time":"2026-04-23T01:01:38+00:00","og_image":[{"width":2424,"height":2424,"url":"https:\/\/pavidecor.si\/wp-content\/uploads\/2023\/12\/1IMG_8302a.jpg","type":"image\/jpeg"}],"twitter_card":"summary_large_image","twitter_misc":{"Procijenjeno vrijeme \u010ditanja":"3 minute"},"schema":{"@context":"https:\/\/schema.org","@graph":[{"@type":"WebPage","@id":"https:\/\/pavidecor.si\/hr\/proizvod\/dekorativna-jedrilica-pd-48x385x3cm\/","url":"https:\/\/pavidecor.si\/hr\/proizvod\/dekorativna-jedrilica-pd-48x385x3cm\/","name":"Dekorativna jedrilica - Unikatan zidni ukras koji donosi duh mora","isPartOf":{"@id":"https:\/\/pavidecor.si\/hr\/#website"},"primaryImageOfPage":{"@id":"https:\/\/pavidecor.si\/hr\/proizvod\/dekorativna-jedrilica-pd-48x385x3cm\/#primaryimage"},"image":{"@id":"https:\/\/pavidecor.si\/hr\/proizvod\/dekorativna-jedrilica-pd-48x385x3cm\/#primaryimage"},"thumbnailUrl":"https:\/\/pavidecor.si\/wp-content\/uploads\/2023\/12\/1IMG_8302a.jpg","datePublished":"2023-12-01T10:55:53+00:00","dateModified":"2026-04-23T01:01:38+00:00","description":"Dekorativna jedrilica prekrasan je nauti\u010dki dekor izra\u0111en od naplavljenog drveta i recikliranog drva. Ima obojena pamu\u010dna jedra i zastavicu na jarbolu.","breadcrumb":{"@id":"https:\/\/pavidecor.si\/hr\/proizvod\/dekorativna-jedrilica-pd-48x385x3cm\/#breadcrumb"},"inLanguage":"hr","potentialAction":[{"@type":"ReadAction","target":["https:\/\/pavidecor.si\/hr\/proizvod\/dekorativna-jedrilica-pd-48x385x3cm\/"]}]},{"@type":"ImageObject","inLanguage":"hr","@id":"https:\/\/pavidecor.si\/hr\/proizvod\/dekorativna-jedrilica-pd-48x385x3cm\/#primaryimage","url":"https:\/\/pavidecor.si\/wp-content\/uploads\/2023\/12\/1IMG_8302a.jpg","contentUrl":"https:\/\/pavidecor.si\/wp-content\/uploads\/2023\/12\/1IMG_8302a.jpg","width":2424,"height":2424,"caption":"PAVI DECOR"},{"@type":"BreadcrumbList","@id":"https:\/\/pavidecor.si\/hr\/proizvod\/dekorativna-jedrilica-pd-48x385x3cm\/#breadcrumb","itemListElement":[{"@type":"ListItem","position":1,"name":"Domov","item":"https:\/\/pavidecor.si\/hr\/"},{"@type":"ListItem","position":2,"name":"Internetska trgovina","item":"https:\/\/pavidecor.si\/hr\/internetska-trgovina\/"},{"@type":"ListItem","position":3,"name":"Dekorativna jedrilica PD 48&#215;38,5x3cm"}]},{"@type":"WebSite","@id":"https:\/\/pavidecor.si\/hr\/#website","url":"https:\/\/pavidecor.si\/hr\/","name":"Pavi Decor","description":"Leseni unikati ustvarjeni iz ljubezni do lesa in narave.","potentialAction":[{"@type":"SearchAction","target":{"@type":"EntryPoint","urlTemplate":"https:\/\/pavidecor.si\/hr\/?s={search_term_string}"},"query-input":{"@type":"PropertyValueSpecification","valueRequired":true,"valueName":"search_term_string"}}],"inLanguage":"hr"}]}},"_links":{"self":[{"href":"https:\/\/pavidecor.si\/hr\/wp-json\/wp\/v2\/product\/20071","targetHints":{"allow":["GET"]}}],"collection":[{"href":"https:\/\/pavidecor.si\/hr\/wp-json\/wp\/v2\/product"}],"about":[{"href":"https:\/\/pavidecor.si\/hr\/wp-json\/wp\/v2\/types\/product"}],"replies":[{"embeddable":true,"href":"https:\/\/pavidecor.si\/hr\/wp-json\/wp\/v2\/comments?post=20071"}],"wp:featuredmedia":[{"embeddable":true,"href":"https:\/\/pavidecor.si\/hr\/wp-json\/wp\/v2\/media\/20073"}],"wp:attachment":[{"href":"https:\/\/pavidecor.si\/hr\/wp-json\/wp\/v2\/media?parent=20071"}],"wp:term":[{"taxonomy":"product_brand","embeddable":true,"href":"https:\/\/pavidecor.si\/hr\/wp-json\/wp\/v2\/product_brand?post=20071"},{"taxonomy":"product_cat","embeddable":true,"href":"https:\/\/pavidecor.si\/hr\/wp-json\/wp\/v2\/product_cat?post=20071"},{"taxonomy":"product_tag","embeddable":true,"href":"https:\/\/pavidecor.si\/hr\/wp-json\/wp\/v2\/product_tag?post=20071"}],"curies":[{"name":"wp","href":"https:\/\/api.w.org\/{rel}","templated":true}]}}